{"id":6166,"date":"2024-02-14T11:11:57","date_gmt":"2024-02-14T16:11:57","guid":{"rendered":"https:\/\/floridalawyers360.com\/winter-haven\/winter-haven-workers-compensation-lawyer\/"},"modified":"2024-03-20T01:12:03","modified_gmt":"2024-03-20T06:12:03","slug":"abogado-de-indemnizacion-por-accidentes-laborales","status":"publish","type":"page","link":"https:\/\/floridalawyers360.com\/es\/winter-haven\/abogado-de-indemnizacion-por-accidentes-laborales\/","title":{"rendered":"Abogado de indemnizaci\u00f3n por accidentes laborales"},"content":{"rendered":"<p>Un abogado de compensaci\u00f3n de trabajadores de Winter Haven le puede ayudar a trav\u00e9s del sistema legal de compensaci\u00f3n de trabajadores. Este sistema fue creado para proteger a los trabajadores que han sido heridos en el trabajo. Estos beneficios est\u00e1n disponibles para los trabajadores lesionados en toda la Florida, independientemente de la culpa.<\/p>\n<p>Esto significa que un trabajador individual puede obtener beneficios de compensaci\u00f3n de trabajadores, incluso si son los responsables del accidente que dio lugar a lesiones.<\/p>\n<p>Un abogado de lesiones personales Winter Haven podr\u00eda ayudarle si usted ha sufrido una lesi\u00f3n en el trabajo. P\u00f3ngase en contacto con nosotros para una consulta gratuita de un abogado de compensaci\u00f3n de trabajadores que est\u00e1 familiarizado con la junta de compensaci\u00f3n de trabajadores.<\/p>\n\t\t<div data-elementor-type=\"section\" data-elementor-id=\"208\" class=\"elementor elementor-208\" data-elementor-post-type=\"elementor_library\">\n\t\t\t\t\t<section class=\"elementor-section elementor-top-section elementor-element elementor-element-485e576a elementor-section-boxed elementor-section-height-default elementor-section-height-default\" data-id=\"485e576a\" data-element_type=\"section\" data-e-type=\"section\">\n\t\t\t\t\t\t<div class=\"elementor-container elementor-column-gap-default\">\n\t\t\t\t\t<div class=\"elementor-column elementor-col-100 elementor-top-column elementor-element elementor-element-635c38c0\" data-id=\"635c38c0\" data-element_type=\"column\" data-e-type=\"column\">\n\t\t\t<div class=\"elementor-widget-wrap elementor-element-populated\">\n\t\t\t\t\t\t<div class=\"elementor-element elementor-element-3ba95c8a elementor-toc--minimized-on-tablet elementor-widget elementor-widget-table-of-contents\" data-id=\"3ba95c8a\" data-element_type=\"widget\" data-e-type=\"widget\" data-settings=\"{&quot;exclude_headings_by_selector&quot;:&quot;.toc-remove&quot;,&quot;headings_by_tags&quot;:[&quot;h2&quot;,&quot;h3&quot;],&quot;marker_view&quot;:&quot;numbers&quot;,&quot;no_headings_message&quot;:&quot;No se ha encontrado ning\\u00fan encabezado en esta p\\u00e1gina.&quot;,&quot;minimize_box&quot;:&quot;yes&quot;,&quot;minimized_on&quot;:&quot;tablet&quot;,&quot;hierarchical_view&quot;:&quot;yes&quot;,&quot;min_height&quot;:{&quot;unit&quot;:&quot;px&quot;,&quot;size&quot;:&quot;&quot;,&quot;sizes&quot;:[]},&quot;min_height_tablet&quot;:{&quot;unit&quot;:&quot;px&quot;,&quot;size&quot;:&quot;&quot;,&quot;sizes&quot;:[]},&quot;min_height_mobile&quot;:{&quot;unit&quot;:&quot;px&quot;,&quot;size&quot;:&quot;&quot;,&quot;sizes&quot;:[]}}\" data-widget_type=\"table-of-contents.default\">\n\t\t\t\t\t\t\t\t\t<div class=\"elementor-toc__header\">\n\t\t\t\t\t\t<div class=\"elementor-toc__header-title\">\n\t\t\t\tTable of Contents\t\t\t<\/div>\n\t\t\t\t\t\t\t\t\t\t<div class=\"elementor-toc__toggle-button elementor-toc__toggle-button--expand\" role=\"button\" tabindex=\"0\" aria-controls=\"elementor-toc__3ba95c8a\" aria-expanded=\"true\" aria-label=\"Abrir la tabla de contenidos\"><svg aria-hidden=\"true\" class=\"e-font-icon-svg e-fas-chevron-down\" viewBox=\"0 0 448 512\" xmlns=\"http:\/\/www.w3.org\/2000\/svg\"><path d=\"M207.029 381.476L12.686 187.132c-9.373-9.373-9.373-24.569 0-33.941l22.667-22.667c9.357-9.357 24.522-9.375 33.901-.04L224 284.505l154.745-154.021c9.379-9.335 24.544-9.317 33.901.04l22.667 22.667c9.373 9.373 9.373 24.569 0 33.941L240.971 381.476c-9.373 9.372-24.569 9.372-33.942 0z\"><\/path><\/svg><\/div>\n\t\t\t\t<div class=\"elementor-toc__toggle-button elementor-toc__toggle-button--collapse\" role=\"button\" tabindex=\"0\" aria-controls=\"elementor-toc__3ba95c8a\" aria-expanded=\"true\" aria-label=\"Cerrar la tabla de contenidos\"><svg aria-hidden=\"true\" class=\"e-font-icon-svg e-fas-chevron-up\" viewBox=\"0 0 448 512\" xmlns=\"http:\/\/www.w3.org\/2000\/svg\"><path d=\"M240.971 130.524l194.343 194.343c9.373 9.373 9.373 24.569 0 33.941l-22.667 22.667c-9.357 9.357-24.522 9.375-33.901.04L224 227.495 69.255 381.516c-9.379 9.335-24.544 9.317-33.901-.04l-22.667-22.667c-9.373-9.373-9.373-24.569 0-33.941L207.03 130.525c9.372-9.373 24.568-9.373 33.941-.001z\"><\/path><\/svg><\/div>\n\t\t\t\t\t<\/div>\n\t\t\t\t<div id=\"elementor-toc__3ba95c8a\" class=\"elementor-toc__body\">\n\t\t\t<div class=\"elementor-toc__spinner-container\">\n\t\t\t\t<svg class=\"elementor-toc__spinner eicon-animation-spin e-font-icon-svg e-eicon-loading\" aria-hidden=\"true\" viewBox=\"0 0 1000 1000\" xmlns=\"http:\/\/www.w3.org\/2000\/svg\"><path d=\"M500 975V858C696 858 858 696 858 500S696 142 500 142 142 304 142 500H25C25 237 238 25 500 25S975 237 975 500 763 975 500 975Z\"><\/path><\/svg>\t\t\t<\/div>\n\t\t<\/div>\n\t\t\t\t\t\t<\/div>\n\t\t\t\t\t<\/div>\n\t\t<\/div>\n\t\t\t\t\t<\/div>\n\t\t<\/section>\n\t\t\t\t<\/div>\n\t\t\n<h2>\u00bfEst\u00e1 usted cubierto por el seguro de accidentes de trabajo?<\/h2>\n<p>A algunos trabajadores puede preocuparles que la empresa para la que trabajan no tenga cobertura de indemnizaci\u00f3n por accidente laboral. Podr\u00edan ser vulnerables en caso de accidente.<\/p>\n<p>Afortunadamente, con la excepci\u00f3n de algunas exenciones espec\u00edficas, la mayor\u00eda de los empleadores en Florida est\u00e1n cubiertos por el sistema de compensaci\u00f3n de trabajadores.<\/p>\n<p>Los empleadores de otras industrias distintas a la construcci\u00f3n deben tener un seguro de compensaci\u00f3n laboral. Los empleadores que trabajan en el campo de la construcci\u00f3n requieren seguro de los trabajadores de compensaci\u00f3n. Un abogado de compensaci\u00f3n de trabajadores de Winter Haven puede dar m\u00e1s detalles.<\/p>\n<h2><a style=\"font-size: 16px;\" href=\"https:\/\/floridalawyers360.com\/wp-content\/uploads\/2024\/02\/winbter-haven-wc2-copy.webp\"><img fetchpriority=\"high\" decoding=\"async\" class=\"alignnone size-full wp-image-3091\" src=\"https:\/\/floridalawyers360.com\/wp-content\/uploads\/2024\/02\/winbter-haven-wc2-copy.webp\" alt=\"Back injury at work\" width=\"500\" height=\"334\" srcset=\"https:\/\/floridalawyers360.com\/wp-content\/uploads\/2024\/02\/winbter-haven-wc2-copy.webp 500w, https:\/\/floridalawyers360.com\/wp-content\/uploads\/2024\/02\/winbter-haven-wc2-copy-300x200.webp 300w\" sizes=\"(max-width: 500px) 100vw, 500px\" \/><\/a><\/h2>\n<h2>\u00bfQu\u00e9 debe hacer si se lesiona en el trabajo en Winter Haven?<\/h2>\n<p>Hay algunas cosas a considerar si usted ha sido herido por un accidente de trabajo. Antes de llamar a un abogado que representa la compensaci\u00f3n de trabajadores, usted debe notificar a su empleador tan pronto como sea posible.<\/p>\n<p>Se trata de decirle a su supervisor inmediato u otro empleado en una posici\u00f3n de autoridad en la oficina.<\/p>\n<p>La notificaci\u00f3n puede hacerse en persona, por tel\u00e9fono escrito. Si lo notifica a su empresa, debe pedirle que rellene r\u00e1pidamente una notificaci\u00f3n de lesiones para asegurarse de que la reclamaci\u00f3n llega a la compa\u00f1\u00eda de seguros de la empresa.<\/p>\n<p>Busque atenci\u00f3n m\u00e9dica si se ha lesionado. Visite al m\u00e9dico de la empresa si \u00e9sta dispone de uno. Tambi\u00e9n puede acudir a su propio m\u00e9dico si hay uno en su lugar de trabajo.<\/p>\n<p>Es importante buscar atenci\u00f3n m\u00e9dica lo antes posible para que quede constancia de la gravedad de sus lesiones y no sea f\u00e1cil impugnarla m\u00e1s adelante.<\/p>\n<p>Despu\u00e9s de haber informado a su empleador acerca de su lesi\u00f3n y obtenido atenci\u00f3n m\u00e9dica, debe ponerse en contacto con un abogado de lesiones personales familiarizado con la competencia en el lugar de trabajo en Florida para obtener asesoramiento.<\/p>\n<h2>\u00bfQu\u00e9 tan r\u00e1pido debe reportar una lesi\u00f3n de trabajo Winter Haven?<\/h2>\n<p>Cualquier persona que se lesiona en el trabajo debe reportar el accidente tan pronto como sea posible. Pero no debe ser m\u00e1s de 30 d\u00edas desde el accidente. Si usted no puede reportar su accidente dentro de los 30 d\u00edas, su reclamo puede estar en riesgo de ser negado.<\/p>\n<h2>\u00bfQu\u00e9 ocurre si su empresa no notifica el accidente?<\/h2>\n<p>Adem\u00e1s de informar del accidente a su empresa, \u00e9sta tambi\u00e9n tiene sus propias obligaciones. Su empleador debe poder informar r\u00e1pidamente de la lesi\u00f3n a su aseguradora para que la reclamaci\u00f3n se tramite con rapidez y usted pueda empezar a recibir sus prestaciones r\u00e1pidamente.<\/p>\n<p>Tambi\u00e9n es posible ponerse en contacto con su compa\u00f1\u00eda de seguros para informarles del accidente , si ellos no pueden hacerlo.<\/p>\n<p>El seguro de indemnizaci\u00f3n de los trabajadores informaci\u00f3n debe estar disponible dentro de la oficina, que contiene la informaci\u00f3n de contacto de la compa\u00f1\u00eda de seguros.<\/p>\n<p>Para obtener ayuda, llame a Workers Compensation Florida o a la Oficina de Asistencia al Empleado, as\u00ed como a la Oficina del Defensor del Pueblo.<\/p>\n<p><a href=\"https:\/\/floridalawyers360.com\/wp-content\/uploads\/2024\/02\/winter-have-wc1-copy.webp\"><img decoding=\"async\" class=\"alignnone size-full wp-image-3092\" src=\"https:\/\/floridalawyers360.com\/wp-content\/uploads\/2024\/02\/winter-have-wc1-copy.webp\" alt=\"Winter Haven Workers' Compensation\" width=\"500\" height=\"334\" srcset=\"https:\/\/floridalawyers360.com\/wp-content\/uploads\/2024\/02\/winter-have-wc1-copy.webp 500w, https:\/\/floridalawyers360.com\/wp-content\/uploads\/2024\/02\/winter-have-wc1-copy-300x200.webp 300w\" sizes=\"(max-width: 500px) 100vw, 500px\" \/><\/a><\/p>\n<h2>\u00bfEs lo mismo una reclamaci\u00f3n de indemnizaci\u00f3n laboral que una demanda por lesiones personales?<\/h2>\n<p>Puede ser un poco dif\u00edcil para aquellos que nunca han tratado con una reclamaci\u00f3n de compensaci\u00f3n de trabajadores anteriormente. Aunque pueda parecer que el reclamo de compensaci\u00f3n al trabajador es como la demanda contra su empleador, la realidad es muy diferente.<\/p>\n<p>Una reclamaci\u00f3n de indemnizaci\u00f3n de un trabajador no es una demanda contra su empleador. Es una demanda contra la p\u00f3liza que contrat\u00f3 su empresario. Para obtener m\u00e1s informaci\u00f3n acerca de las leyes de compensaci\u00f3n de trabajadores, un abogado de Winter Haven de buena reputaci\u00f3n de compensaci\u00f3n de trabajadores le puede dar una buena comprensi\u00f3n.<\/p>\n<h2>\u00bfPuede presentar una demanda por lesiones personales en lugar de una reclamaci\u00f3n de compensaci\u00f3n de trabajadores en Winter Haven?<\/h2>\n<p>\u00bfHay alg\u00fan recurso legal en contra de su compa\u00f1ero de trabajo o empleador, en lugar de presentar una reclamaci\u00f3n de compensaci\u00f3n de trabajadores? Lamentablemente, no. En la Florida y un n\u00famero de otros estados del sistema de compensaci\u00f3n de los trabajadores es lo que se conoce como un recurso exclusivo.<\/p>\n<p>Esto significa que un empleado no puede presentar una demanda por lesiones personales contra su empleador, incluso si no se ha presentado una demanda de compensaci\u00f3n de trabajadores.<\/p>\n<p>La \u00fanica excepci\u00f3n son las reclamaciones por lesiones en el lugar de trabajo en las que interviene un tercero. Estas reclamaciones pueden presentarse ante los tribunales.<\/p>\n<p>Por ejemplo, si usted cree que un invitado de otra empresa entr\u00f3 en su lugar de trabajo y le caus\u00f3 lesiones, puede presentar una demanda civil contra esa persona, pero no contra la empresa para la que trabaja.<\/p>\n<h2>\u00bfC\u00f3mo se determina la culpa en una reclamaci\u00f3n de indemnizaci\u00f3n por accidente laboral?<\/h2>\n<p>A diferencia de muchos otros asuntos de lesiones personales, por ejemplo, el sistema de compensaci\u00f3n de trabajadores es \u00fanico, ya que se basa en una base sin culpa. Los beneficios de compensaci\u00f3n a los trabajadores pueden ser pagados independientemente de qui\u00e9n fue el responsable de la lesi\u00f3n.<\/p>\n<p>Esto puede ser un beneficio maravilloso para los empleados, eliminando la necesidad de culpar a su empleador o compa\u00f1eros de trabajo , y la aceleraci\u00f3n del proceso por delante como una investigaci\u00f3n sobre la causa exacta del accidente no es necesario. cosas hacia abajo.<\/p>\n<p>Esto tambi\u00e9n es algo positivo, ya que los empleados no tendr\u00e1n que preocuparse por tener que hacer frente a costosas facturas m\u00e9dicas cuando son culpables del accidente.<\/p>\n<p>La ley dice que la responsabilidad de un empleado s\u00f3lo es relevante si las lesiones de un empleado fueron causadas por cualquier forma de intoxicaci\u00f3n en el trabajo o la intenci\u00f3n deliberada de causarse da\u00f1o a s\u00ed mismo. En estos casos puede denegarse la reclamaci\u00f3n de indemnizaci\u00f3n por accidente laboral.<\/p>\n<p>Sin embargo, si se le niega la reclamaci\u00f3n, y la persona que est\u00e1 acusada de cometer fraude, buscar un abogado de compensaci\u00f3n de trabajadores Winter Haven de inmediato.<\/p>\n<p><a href=\"https:\/\/floridalawyers360.com\/wp-content\/uploads\/2024\/02\/winter-haven-wc3-copy.webp\"><img decoding=\"async\" class=\"alignnone size-full wp-image-3090\" src=\"https:\/\/floridalawyers360.com\/wp-content\/uploads\/2024\/02\/winter-haven-wc3-copy.webp\" alt=\"Winter Haven Workers' Compensation Lawyer\" width=\"500\" height=\"334\" srcset=\"https:\/\/floridalawyers360.com\/wp-content\/uploads\/2024\/02\/winter-haven-wc3-copy.webp 500w, https:\/\/floridalawyers360.com\/wp-content\/uploads\/2024\/02\/winter-haven-wc3-copy-300x200.webp 300w\" sizes=\"(max-width: 500px) 100vw, 500px\" \/><\/a><\/p>\n<h2>\u00bfCu\u00e1les son las ventajas de contratar a un abogado de Winter Haven Compensaci\u00f3n a los Trabajadores?<\/h2>\n<p>Los empleadores deben cubrir los gastos m\u00e9dicos resultantes de un accidente de trabajo. Adem\u00e1s, los trabajadores pueden recibir una indemnizaci\u00f3n por el tiempo que faltan al trabajo debido a estas lesiones. Esta indemnizaci\u00f3n se dar\u00e1 a 2\/3 de los ingresos semanales promedio antes de su accidente.<\/p>\n<p>Hay otra buena noticia las prestaciones de compensaci\u00f3n de los trabajadores no tienen que ser imponibles. Eso significa que una mayor parte de lo que reciba se queda en su bolsillo. Todo esto puede ser manejado por un abogado. Los buenos trabajadores comp abogados deben tener una s\u00f3lida comprensi\u00f3n de todos los aspectos de los seguros de indemnizaci\u00f3n.<\/p>\n<h2>\u00bfCu\u00e1ndo comienzan los beneficios para una reclamaci\u00f3n de compensaci\u00f3n de trabajadores de Winter Haven?<\/h2>\n<p>En Florida, los trabajadores se les permite seguir recibiendo beneficios por p\u00e9rdida de salario para cuando est\u00e1n en condiciones de no trabajo o tienen restricciones de trabajo ligero en su lugar, sin opciones de trabajo ligero proporcionado por su empleador. Pueden obtener hasta 104 semanas de beneficios.<\/p>\n<h2>\u00bfQu\u00e9 pasa si usted todav\u00eda est\u00e1 lesionado despu\u00e9s de 104 semanas?<\/h2>\n<p>Aunque es \u00fatil saber que los trabajadores lesionados son propensos a recibir dos a\u00f1os de beneficios, \u00bfqu\u00e9 pasa si usted se lesion\u00f3 gravemente y no se recuper\u00f3 totalmente en 2 a\u00f1os? Podr\u00eda ser posible calificar para beneficios de incapacidad permanente en este escenario.<\/p>\n<p>Las prestaciones son permanentes y totales. est\u00e1n disponibles hasta que la persona tenga 75 a\u00f1os si las lesiones son lo suficientemente graves.<\/p>\n<h2>\u00bfPuede elegir su propio m\u00e9dico?<\/h2>\n<p>Hay algunas excepciones de la regla general, sin embargo, la regla general es que una persona no tiene la opci\u00f3n de elegir su propio m\u00e9dico en un caso de compensaci\u00f3n de trabajadores. La raz\u00f3n es que la mayor\u00eda de los casos se resuelven a trav\u00e9s de la aseguradora.<\/p>\n<p>Sin embargo, la persona lesionada puede solicitar un cambio de m\u00e9dico.<\/p>\n<p>Si el proveedor de seguros no puede elegirle un m\u00e9dico sustituto en un plazo de 5 d\u00edas, tiene derecho a recibir tratamiento de un m\u00e9dico de su elecci\u00f3n. Para obtener m\u00e1s informaci\u00f3n sobre las opciones disponibles, hable con un abogado de compensaci\u00f3n de trabajadores de Winter Haven Florida.<\/p>\n<h2>\u00bfExiste un l\u00edmite de tiempo para presentar una reclamaci\u00f3n de Compensaci\u00f3n de Trabajadores en Winter Haven?<\/h2>\n<p>El plazo para presentar una reclamaci\u00f3n a los beneficios es en realidad de dos a\u00f1os. Esto puede variar dependiendo de su situaci\u00f3n espec\u00edfica.<\/p>\n<p>Adem\u00e1s, incluso si el trabajador tiene dos a\u00f1os para presentar una reclamaci\u00f3n, la realidad es que el retraso en la presentaci\u00f3n de informes del incidente a su empleador, o la b\u00fasqueda de tratamiento m\u00e9dico puede trabajar para impedir o dificultar significativamente su capacidad para hacer una reclamaci\u00f3n de compensaci\u00f3n de trabajadores eficaz para recibir beneficios.<\/p>\n<p>Si desea iniciar el proceso de reclamaci\u00f3n de compensaci\u00f3n de trabajadores en Winter Haven, Florida, tiene que actuar con rapidez. Obtenga m\u00e1s informaci\u00f3n sobre el estatuto de limitaciones en la Florida para las reclamaciones de compensaci\u00f3n de trabajadores.<\/p>\n<p><a href=\"https:\/\/floridalawyers360.com\/wp-content\/uploads\/2024\/02\/winter-haven-wc4-copy.webp\"><img loading=\"lazy\" decoding=\"async\" class=\"alignnone size-full wp-image-3089\" src=\"https:\/\/floridalawyers360.com\/wp-content\/uploads\/2024\/02\/winter-haven-wc4-copy.webp\" alt=\"Meet claim deadlines\" width=\"500\" height=\"334\" srcset=\"https:\/\/floridalawyers360.com\/wp-content\/uploads\/2024\/02\/winter-haven-wc4-copy.webp 500w, https:\/\/floridalawyers360.com\/wp-content\/uploads\/2024\/02\/winter-haven-wc4-copy-300x200.webp 300w\" sizes=\"(max-width: 500px) 100vw, 500px\" \/><\/a><\/p>\n<h2>\u00bfPuede un reclamo de compensaci\u00f3n al trabajador causar que lo despidan?<\/h2>\n<p>Esta es una preocupaci\u00f3n frecuente entre los trabajadores lesionados, a quienes les preocupa que si presentan una demanda de compensaci\u00f3n laboral, puedan ser castigados o despedidos por su empleador.<\/p>\n<p>Es una buena cosa que no hay ninguna raz\u00f3n de preocuparse de perder su trabajo para traer una demanda de la remuneraci\u00f3n de los trabajadores. Si esto es una preocupaci\u00f3n, entonces el abogado de compensaci\u00f3n de trabajadores o el empleador necesita estar informado acerca de c\u00f3mo el seguro de compensaci\u00f3n de trabajadores est\u00e1 destinado a trabajar.<\/p>\n<p>Los empleadores en Florida no pueden despedir a los empleados porque presentaron reclamaciones con un abogado de lesiones personales para reclamar el seguro de compensaci\u00f3n de trabajadores. De hecho, los empleadores estar\u00edan en grave responsabilidad legal si despiden a alguien s\u00f3lo para presentar una reclamaci\u00f3n de compensaci\u00f3n de trabajadores.<\/p>\n<p>El trabajador podr\u00eda demandar a su empleador por despido improcedente, solicitando una indemnizaci\u00f3n por da\u00f1os y perjuicios.<\/p>\n<h2>Consiga la Ayuda de un Abogado de Compensaci\u00f3n Laboral en Winter Haven<\/h2>\n<p>Si usted ha sido lesionado en el trabajo en Winter Haven y usted ha notificado a su empleador y, a continuaci\u00f3n, la b\u00fasqueda de atenci\u00f3n m\u00e9dica, a continuaci\u00f3n, p\u00f3ngase en contacto con un abogado de Winter Haven Compensaci\u00f3n a los Trabajadores en la Florida Abogados 360 para una consulta sin costo. Puede comunicarse con nosotros al <a href=\"tel:+19544487355\"><i class=\"fa fa-phone-alt\"><\/i>954-448-7355<\/a><\/p>\n","protected":false},"excerpt":{"rendered":"<p>Un abogado de compensaci\u00f3n de trabajadores de Winter Haven le puede ayudar a trav\u00e9s del sistema legal de compensaci\u00f3n de trabajadores. Este sistema fue creado para proteger a los trabajadores que han sido heridos en el trabajo. Estos beneficios est\u00e1n disponibles para los trabajadores lesionados en toda la Florida, independientemente de la culpa. Esto significa [&hellip;]<\/p>\n","protected":false},"author":22,"featured_media":0,"parent":6158,"menu_order":0,"comment_status":"closed","ping_status":"closed","template":"","meta":{"_acf_changed":false,"anchor_text":"","footnotes":""},"categories":[],"tags":[],"class_list":["post-6166","page","type-page","status-publish","hentry"],"acf":[],"_links":{"self":[{"href":"https:\/\/floridalawyers360.com\/es\/wp-json\/wp\/v2\/pages\/6166","targetHints":{"allow":["GET"]}}],"collection":[{"href":"https:\/\/floridalawyers360.com\/es\/wp-json\/wp\/v2\/pages"}],"about":[{"href":"https:\/\/floridalawyers360.com\/es\/wp-json\/wp\/v2\/types\/page"}],"author":[{"embeddable":true,"href":"https:\/\/floridalawyers360.com\/es\/wp-json\/wp\/v2\/users\/22"}],"replies":[{"embeddable":true,"href":"https:\/\/floridalawyers360.com\/es\/wp-json\/wp\/v2\/comments?post=6166"}],"version-history":[{"count":2,"href":"https:\/\/floridalawyers360.com\/es\/wp-json\/wp\/v2\/pages\/6166\/revisions"}],"predecessor-version":[{"id":6168,"href":"https:\/\/floridalawyers360.com\/es\/wp-json\/wp\/v2\/pages\/6166\/revisions\/6168"}],"up":[{"embeddable":true,"href":"https:\/\/floridalawyers360.com\/es\/wp-json\/wp\/v2\/pages\/6158"}],"wp:attachment":[{"href":"https:\/\/floridalawyers360.com\/es\/wp-json\/wp\/v2\/media?parent=6166"}],"wp:term":[{"taxonomy":"category","embeddable":true,"href":"https:\/\/floridalawyers360.com\/es\/wp-json\/wp\/v2\/categories?post=6166"},{"taxonomy":"post_tag","embeddable":true,"href":"https:\/\/floridalawyers360.com\/es\/wp-json\/wp\/v2\/tags?post=6166"}],"curies":[{"name":"wp","href":"https:\/\/api.w.org\/{rel}","templated":true}]}}