{"id":6163,"date":"2024-02-14T11:11:28","date_gmt":"2024-02-14T16:11:28","guid":{"rendered":"https:\/\/floridalawyers360.com\/winter-haven\/winter-haven-personal-injury-lawyer\/"},"modified":"2024-03-20T01:12:52","modified_gmt":"2024-03-20T06:12:52","slug":"abogado-de-lesiones-personales","status":"publish","type":"page","link":"https:\/\/floridalawyers360.com\/es\/winter-haven\/abogado-de-lesiones-personales\/","title":{"rendered":"Abogado de lesiones personales"},"content":{"rendered":"<p>Nuestros abogados de lesiones personales de Winter Haven ayudar a las v\u00edctimas perseguir una acci\u00f3n legal para obtener una indemnizaci\u00f3n en caso de lesiones o accidentes que fueron resultado de la negligencia de otro. Pueden presentar estos casos en los tribunales civiles o fuera de los tribunales, de acuerdo con los t\u00e9rminos de un acuerdo.<\/p>\n<p>Los casos de lesiones personales pueden ser tan variados como las posibilidades que tienen las personas de resultar lesionadas. Los casos de lesiones personales pueden incluir reclamaciones por lesiones resultantes de accidentes automovil\u00edsticos negligencia m\u00e9dica responsabilidad de las premisas (resbalones y ca\u00eddas), as\u00ed como la responsabilidad del producto, y lesiones en el lugar de trabajo.<\/p>\n<p>Aqu\u00ed en Florida Lawyers 360, nuestro equipo tiene a\u00f1os de experiencia en el tratamiento de accidentes automovil\u00edsticos, lesiones personales, y los casos de indemnizaci\u00f3n de los trabajadores. Para una consulta gratuita en contacto con nuestro Winter Haven lesiones personales oficina de abogados si usted fue herido por la negligencia de un individuo.<\/p>\n\t\t<div data-elementor-type=\"section\" data-elementor-id=\"208\" class=\"elementor elementor-208\" data-elementor-post-type=\"elementor_library\">\n\t\t\t\t\t<section class=\"elementor-section elementor-top-section elementor-element elementor-element-485e576a elementor-section-boxed elementor-section-height-default elementor-section-height-default\" data-id=\"485e576a\" data-element_type=\"section\" data-e-type=\"section\">\n\t\t\t\t\t\t<div class=\"elementor-container elementor-column-gap-default\">\n\t\t\t\t\t<div class=\"elementor-column elementor-col-100 elementor-top-column elementor-element elementor-element-635c38c0\" data-id=\"635c38c0\" data-element_type=\"column\" data-e-type=\"column\">\n\t\t\t<div class=\"elementor-widget-wrap elementor-element-populated\">\n\t\t\t\t\t\t<div class=\"elementor-element elementor-element-3ba95c8a elementor-toc--minimized-on-tablet elementor-widget elementor-widget-table-of-contents\" data-id=\"3ba95c8a\" data-element_type=\"widget\" data-e-type=\"widget\" data-settings=\"{&quot;exclude_headings_by_selector&quot;:&quot;.toc-remove&quot;,&quot;headings_by_tags&quot;:[&quot;h2&quot;,&quot;h3&quot;],&quot;marker_view&quot;:&quot;numbers&quot;,&quot;no_headings_message&quot;:&quot;No se ha encontrado ning\\u00fan encabezado en esta p\\u00e1gina.&quot;,&quot;minimize_box&quot;:&quot;yes&quot;,&quot;minimized_on&quot;:&quot;tablet&quot;,&quot;hierarchical_view&quot;:&quot;yes&quot;,&quot;min_height&quot;:{&quot;unit&quot;:&quot;px&quot;,&quot;size&quot;:&quot;&quot;,&quot;sizes&quot;:[]},&quot;min_height_tablet&quot;:{&quot;unit&quot;:&quot;px&quot;,&quot;size&quot;:&quot;&quot;,&quot;sizes&quot;:[]},&quot;min_height_mobile&quot;:{&quot;unit&quot;:&quot;px&quot;,&quot;size&quot;:&quot;&quot;,&quot;sizes&quot;:[]}}\" data-widget_type=\"table-of-contents.default\">\n\t\t\t\t\t\t\t\t\t<div class=\"elementor-toc__header\">\n\t\t\t\t\t\t<div class=\"elementor-toc__header-title\">\n\t\t\t\tTable of Contents\t\t\t<\/div>\n\t\t\t\t\t\t\t\t\t\t<div class=\"elementor-toc__toggle-button elementor-toc__toggle-button--expand\" role=\"button\" tabindex=\"0\" aria-controls=\"elementor-toc__3ba95c8a\" aria-expanded=\"true\" aria-label=\"Abrir la tabla de contenidos\"><svg aria-hidden=\"true\" class=\"e-font-icon-svg e-fas-chevron-down\" viewBox=\"0 0 448 512\" xmlns=\"http:\/\/www.w3.org\/2000\/svg\"><path d=\"M207.029 381.476L12.686 187.132c-9.373-9.373-9.373-24.569 0-33.941l22.667-22.667c9.357-9.357 24.522-9.375 33.901-.04L224 284.505l154.745-154.021c9.379-9.335 24.544-9.317 33.901.04l22.667 22.667c9.373 9.373 9.373 24.569 0 33.941L240.971 381.476c-9.373 9.372-24.569 9.372-33.942 0z\"><\/path><\/svg><\/div>\n\t\t\t\t<div class=\"elementor-toc__toggle-button elementor-toc__toggle-button--collapse\" role=\"button\" tabindex=\"0\" aria-controls=\"elementor-toc__3ba95c8a\" aria-expanded=\"true\" aria-label=\"Cerrar la tabla de contenidos\"><svg aria-hidden=\"true\" class=\"e-font-icon-svg e-fas-chevron-up\" viewBox=\"0 0 448 512\" xmlns=\"http:\/\/www.w3.org\/2000\/svg\"><path d=\"M240.971 130.524l194.343 194.343c9.373 9.373 9.373 24.569 0 33.941l-22.667 22.667c-9.357 9.357-24.522 9.375-33.901.04L224 227.495 69.255 381.516c-9.379 9.335-24.544 9.317-33.901-.04l-22.667-22.667c-9.373-9.373-9.373-24.569 0-33.941L207.03 130.525c9.372-9.373 24.568-9.373 33.941-.001z\"><\/path><\/svg><\/div>\n\t\t\t\t\t<\/div>\n\t\t\t\t<div id=\"elementor-toc__3ba95c8a\" class=\"elementor-toc__body\">\n\t\t\t<div class=\"elementor-toc__spinner-container\">\n\t\t\t\t<svg class=\"elementor-toc__spinner eicon-animation-spin e-font-icon-svg e-eicon-loading\" aria-hidden=\"true\" viewBox=\"0 0 1000 1000\" xmlns=\"http:\/\/www.w3.org\/2000\/svg\"><path d=\"M500 975V858C696 858 858 696 858 500S696 142 500 142 142 304 142 500H25C25 237 238 25 500 25S975 237 975 500 763 975 500 975Z\"><\/path><\/svg>\t\t\t<\/div>\n\t\t<\/div>\n\t\t\t\t\t\t<\/div>\n\t\t\t\t\t<\/div>\n\t\t<\/div>\n\t\t\t\t\t<\/div>\n\t\t<\/section>\n\t\t\t\t<\/div>\n\t\t\n<h2>\u00bfQu\u00e9 tan r\u00e1pido debe llamar a un abogado de lesiones personales Winter Haven?<\/h2>\n<p>La respuesta simple es tan r\u00e1pido como sea posible. Es de suma importancia si usted ha sido lesionado en una demanda por lesiones personales en la Florida para tomar medidas tan pronto como sea posible. Hay muchas causas.<\/p>\n<p>Una de ellas es que un abogado de lesiones personales que tenga la experiencia le ayudar\u00e1 a presentar una demanda tan pronto como sea posible.<\/p>\n<p>Puede llevar tiempo reunir historiales m\u00e9dicos, recoger declaraciones de testigos, as\u00ed como llevar a cabo una investigaci\u00f3n sobre las circunstancias del accidente. Cuanto m\u00e1s tiempo le dedique su abogado, mejor. Tambi\u00e9n debe actuar con rapidez porque las pruebas son susceptibles de desaparecer.<\/p>\n<p>Si usted puede conseguir su abogado de lesiones personales Winter Haven para empezar a buscar pruebas, mejores ser\u00e1n las probabilidades de que los testigos o fotos o videos est\u00e1n todav\u00eda presentes y se puede mantener. Es menos probable cuanto m\u00e1s tiempo se posponga.<\/p>\n<p>El estatuto de limitaciones es algo que usted no debe pensar si su no reaccionan con la suficiente prontitud. El abogado de lesiones personales Winter Haven ser\u00e1 consciente de la situaci\u00f3n y los plazos importantes para usted y se asegurar\u00e1 de que los plazos se cumplen con un mont\u00f3n de tiempo que queda.<\/p>\n<p>Es como tener una carga menos sobre sus hombros.<\/p>\n<p><a href=\"https:\/\/floridalawyers360.com\/wp-content\/uploads\/2024\/02\/winbter-haven-pi2-copy.webp\"><img fetchpriority=\"high\" decoding=\"async\" class=\"alignnone size-full wp-image-3085\" src=\"https:\/\/floridalawyers360.com\/wp-content\/uploads\/2024\/02\/winbter-haven-pi2-copy.webp\" alt=\"Winter Haven Personal Injury\" width=\"500\" height=\"334\" srcset=\"https:\/\/floridalawyers360.com\/wp-content\/uploads\/2024\/02\/winbter-haven-pi2-copy.webp 500w, https:\/\/floridalawyers360.com\/wp-content\/uploads\/2024\/02\/winbter-haven-pi2-copy-300x200.webp 300w\" sizes=\"(max-width: 500px) 100vw, 500px\" \/><\/a><\/p>\n<h2>\u00bfC\u00f3mo se determina la responsabilidad en un caso de lesiones personales en Winter Haven?<\/h2>\n<p>Con el fin de encontrar a la persona responsable del accidente responsable y para recuperar los da\u00f1os por sus lesiones, su abogado de lesiones personales Winter Haven tiene que establecer los siguientes cuatro elementos de negligencia:<\/p>\n<ul>\n<li>Obligaci\u00f3n de cuidado: La parte culpable es responsable de garantizar su seguridad. Conducir es un ejemplo de este deber.<\/li>\n<li>Incumplimiento del deber: La parte responsable no estaba cumpliendo con el deber de cuidado.<\/li>\n<li>Causa: Su lesi\u00f3n fue consecuencia de su negligencia.<\/li>\n<li>Da\u00f1os y perjuicios: Sufriste da\u00f1os y perjuicios, incluidas p\u00e9rdidas econ\u00f3micas y sufrimiento.<\/li>\n<\/ul>\n<h2>\u00bfPuedo presentar una demanda por lesiones personales?<\/h2>\n<p>Las lesiones personales pueden ser un poco complicadas. En algunos casos, una de las partes es 100% responsable y la otra tiene toda la culpa. Sin embargo, no siempre es as\u00ed.<\/p>\n<p>En algunos estados, esto puede causar serios problemas a las v\u00edctimas de lesiones personales, con sus reclamaciones de indemnizaci\u00f3n denegadas en los tribunales. En Carolina del Norte, por ejemplo, cuando se determina que incluso el 1% de las faltas del demandante son culpa suya, se desestima toda la demanda.<\/p>\n<p>Afortunadamente, no es as\u00ed como se hacen las cosas en Florida. Eso es porque Florida es uno de los 13 estados que han adoptado un sistema basado en la negligencia comparativa. Esto significa que cualquiera puede presentar una demanda contra una persona aunque sea parcialmente responsable del accidente.<\/p>\n<p>Esto se ilustra bien con un ejemplo de un accidente de coche fue el resultado de la conducci\u00f3n temeraria . Se comprob\u00f3 que la v\u00edctima giraba en la direcci\u00f3n del conductor que no utilizaba el intermitente.<\/p>\n<p>En este caso, el jurado puede decidir que la persona que result\u00f3 herida tiene el 10% de la culpa del accidente, lo que asignar\u00eda al otro conductor el 90% de la responsabilidad.<\/p>\n<p>Si el jurado concluye que el caso tiene un valor de 100.000 d\u00f3lares, el demandante puede ser indemnizado con 90.000 d\u00f3lares. Sin embargo, la cantidad que reciba se reducir\u00e1 del importe de los da\u00f1os concedidos.<\/p>\n<h2>Entendiendo el Concepto de Negligencia Comparativa Pura<\/h2>\n<p>Florida no s\u00f3lo permite a una persona que es parcialmente responsable de causar sus lesiones a buscar da\u00f1os en la corte, pero el estado tambi\u00e9n da un paso m\u00e1s all\u00e1 y permite a una persona demandar incluso cuando son m\u00e1s culpables que el otro participante.<\/p>\n<p>Florida tiene un sistema de negligencia relativa estricta que permite a las personas reclamar da\u00f1os y perjuicios aunque sean responsables al 100%.<\/p>\n<p>Es importante recordar que en estos casos la cantidad que una persona tiene derecho a recuperar se ver\u00e1 reducida por el grado de culpa. Por eso es mejor consultar a un abogado profesional de lesiones personales que conozca la mejor manera de manejar su caso.<\/p>\n<h2><a style=\"font-size: 16px;\" href=\"https:\/\/floridalawyers360.com\/wp-content\/uploads\/2024\/02\/winbter-haven-pi1-copy.webp\"><img decoding=\"async\" class=\"alignnone size-full wp-image-3086\" src=\"https:\/\/floridalawyers360.com\/wp-content\/uploads\/2024\/02\/winbter-haven-pi1-copy.webp\" alt=\"Accident Injury Form\" width=\"500\" height=\"334\" srcset=\"https:\/\/floridalawyers360.com\/wp-content\/uploads\/2024\/02\/winbter-haven-pi1-copy.webp 500w, https:\/\/floridalawyers360.com\/wp-content\/uploads\/2024\/02\/winbter-haven-pi1-copy-300x200.webp 300w\" sizes=\"(max-width: 500px) 100vw, 500px\" \/><\/a><\/h2>\n<h2>\u00bfCu\u00e1nto vale mi caso de lesiones Winter Haven?<\/h2>\n<p>Si bien es una pregunta que muchas personas quieren saber c\u00f3mo responder, la realidad es que no es posible responder sin escuchar los detalles de su situaci\u00f3n. No hay manera de estimar cu\u00e1nto vale un caso de lesi\u00f3n.<\/p>\n<p>Hay muchas variables que determinan cu\u00e1nto usted ser\u00e1 capaz de obtener como resultado, y siempre es mejor hablar con un profesional de Winter Haven abogado de lesiones personales para su caso espec\u00edfico.<\/p>\n<h2>\u00bfQu\u00e9 da\u00f1os y perjuicios puedo reclamar en una demanda por lesiones personales?<\/h2>\n<p>En funci\u00f3n de las caracter\u00edsticas espec\u00edficas de cada caso, es probable que se conceda a las v\u00edctimas uno de los tres tipos diferentes de da\u00f1os y perjuicios.<\/p>\n<h3>Da\u00f1os econ\u00f3micos<\/h3>\n<p>Los da\u00f1os econ\u00f3micos se refieren a cosas que son tangibles y que usted puede sumar y restar, costes claros que no tienen bastante que debatir. Ejemplos de este tipo de da\u00f1os son las facturas del hospital y del m\u00e9dico, los costes de rehabilitaci\u00f3n, los da\u00f1os materiales y las bajas laborales, etc.<\/p>\n<h3>P\u00e9rdidas no econ\u00f3micas<\/h3>\n<p>Las p\u00e9rdidas no econ\u00f3micas, por otra parte, no pueden determinarse financieramente. Incluyen el dolor y el sufrimiento, as\u00ed como la reducci\u00f3n de la capacidad de ganancia.<\/p>\n<p>No es f\u00e1cil determinar su valor y, en consecuencia, es mucho m\u00e1s frecuente que las partes en un pleito por lesiones personales discutan el valor de estos conceptos.<\/p>\n<h3>Da\u00f1os punitivos<\/h3>\n<p>Al contrario que los otros dos tipos de da\u00f1os, no est\u00e1n dise\u00f1ados para compensar a la v\u00edctima. S\u00f3lo se utilizan para penalizar a la parte culpable en casos espec\u00edficos de negligencia grave o por mala conducta intencionada.<\/p>\n<h2>\u00bfEs una buena idea recibir una oferta de acuerdo inicial?<\/h2>\n<p>Muchas reclamaciones no llegan a un tribunal. Winter Haven Lesiones Personales Abogados son expertos en trabajar con las compa\u00f1\u00edas de seguros para negociar acuerdos justos. Esto ayuda a ahorrar tiempo y dinero.<\/p>\n<p>Si bien cada caso es \u00fanico, pero nunca es recomendable aceptar cualquier oferta de liquidaci\u00f3n. Por lo general se hacen sabiendo que la otra parte se defender\u00e1, y son casi siempre al final, lo que est\u00e1 dejando espacio para negociar al alza.<\/p>\n<p>No acepte una oferta hasta que no comprenda plenamente la gravedad de sus lesiones. Esto podr\u00eda acarrearle lesiones graves en caso de que llegue a un acuerdo pero m\u00e1s tarde se d\u00e9 cuenta de que necesita tratamiento m\u00e9dico.<\/p>\n<p>Si el acuerdo ya est\u00e1 pactado, no puede ser revisado para reflejar estos nuevos gastos, tendr\u00e1s que pagar el coste por tu cuenta. Debido a esto, es esencial que usted contrate a un abogado experto en lesiones personales de la Florida revisar su caso, as\u00ed como las ofertas de liquidaci\u00f3n.<\/p>\n<p>Nuestros abogados personales de Winter Haven son experimentados y capacitados para determinar si la oferta es justa. Tambi\u00e9n le ayudar\u00e1 a determinar si es o no aceptar la oferta tiene sentido.<\/p>\n<p><a href=\"https:\/\/floridalawyers360.com\/wp-content\/uploads\/2024\/02\/winter-haven-pi3-copy.webp\"><img decoding=\"async\" class=\"alignnone size-full wp-image-3087\" src=\"https:\/\/floridalawyers360.com\/wp-content\/uploads\/2024\/02\/winter-haven-pi3-copy.webp\" alt=\"Winter Haven Personal Injury Lawyer\" width=\"500\" height=\"334\" srcset=\"https:\/\/floridalawyers360.com\/wp-content\/uploads\/2024\/02\/winter-haven-pi3-copy.webp 500w, https:\/\/floridalawyers360.com\/wp-content\/uploads\/2024\/02\/winter-haven-pi3-copy-300x200.webp 300w\" sizes=\"(max-width: 500px) 100vw, 500px\" \/><\/a><\/p>\n<h2>\u00bfExisten plazos para la presentaci\u00f3n de una demanda por lesiones personales en Winter Haven?<\/h2>\n<p>El tiempo, en relaci\u00f3n con una demanda por lesiones personales en la Florida es vital. Debido a que el estatuto de limitaciones da a los demandantes un l\u00edmite de tiempo para presentar demandas y reclamaciones, esto es esencial. Las v\u00edctimas de lesiones personales en la Florida tienen cuatro a\u00f1os para presentar una demanda contra una persona responsable.<\/p>\n<p>Pero, esto puede variar de acuerdo a los detalles de la situaci\u00f3n, as\u00ed como el tipo de lesi\u00f3n sufrida. En los casos de homicidio culposo, la familia de la v\u00edctima s\u00f3lo tiene dos a\u00f1os para presentar una demanda.<\/p>\n<h2>\u00bfQu\u00e9 ocurre si expira el plazo de prescripci\u00f3n?<\/h2>\n<p>Las leyes de prescripci\u00f3n son serias y existen por razones que aseguran que las personas no puedan presentar demandas durante a\u00f1os o incluso d\u00e9cadas despu\u00e9s del incidente que caus\u00f3 la prescripci\u00f3n.<\/p>\n<p>Si retrasa la presentaci\u00f3n de una demanda hasta despu\u00e9s de que expire el plazo, entonces su demanda ser\u00e1 rechazada por el tribunal, sin importar la fuerza de un argumento que pueda tener. Es bueno saber que la ley no exige que presente su reclamaci\u00f3n dentro del plazo establecido.<\/p>\n<h2>Contacte a Nuestra Firma de Lesiones Personales en Winter Haven<\/h2>\n<p>Si usted ha sido lesionado debido a la conducta descuidada o imprudente de otro, el equipo de Florida Lawyers 360 est\u00e1 aqu\u00ed para ayudar. Estamos comprometidos a proporcionar resultados sobresalientes, atenci\u00f3n personalizada y un compromiso inflexible con la integridad.<\/p>\n<p>Cont\u00e1ctenos a cualquier hora del d\u00eda. Cont\u00e1ctenos al <a href=\"tel:+19544487355\"><i class=\"fa fa-phone-alt\"><\/i>954-448-7355<\/a> para una revisi\u00f3n gratuita de su caso.<\/p>\n","protected":false},"excerpt":{"rendered":"<p>Nuestros abogados de lesiones personales de Winter Haven ayudar a las v\u00edctimas perseguir una acci\u00f3n legal para obtener una indemnizaci\u00f3n en caso de lesiones o accidentes que fueron resultado de la negligencia de otro. Pueden presentar estos casos en los tribunales civiles o fuera de los tribunales, de acuerdo con los t\u00e9rminos de un acuerdo. [&hellip;]<\/p>\n","protected":false},"author":22,"featured_media":0,"parent":6158,"menu_order":0,"comment_status":"closed","ping_status":"closed","template":"","meta":{"_acf_changed":false,"anchor_text":"","footnotes":""},"categories":[],"tags":[],"class_list":["post-6163","page","type-page","status-publish","hentry"],"acf":[],"_links":{"self":[{"href":"https:\/\/floridalawyers360.com\/es\/wp-json\/wp\/v2\/pages\/6163","targetHints":{"allow":["GET"]}}],"collection":[{"href":"https:\/\/floridalawyers360.com\/es\/wp-json\/wp\/v2\/pages"}],"about":[{"href":"https:\/\/floridalawyers360.com\/es\/wp-json\/wp\/v2\/types\/page"}],"author":[{"embeddable":true,"href":"https:\/\/floridalawyers360.com\/es\/wp-json\/wp\/v2\/users\/22"}],"replies":[{"embeddable":true,"href":"https:\/\/floridalawyers360.com\/es\/wp-json\/wp\/v2\/comments?post=6163"}],"version-history":[{"count":2,"href":"https:\/\/floridalawyers360.com\/es\/wp-json\/wp\/v2\/pages\/6163\/revisions"}],"predecessor-version":[{"id":6165,"href":"https:\/\/floridalawyers360.com\/es\/wp-json\/wp\/v2\/pages\/6163\/revisions\/6165"}],"up":[{"embeddable":true,"href":"https:\/\/floridalawyers360.com\/es\/wp-json\/wp\/v2\/pages\/6158"}],"wp:attachment":[{"href":"https:\/\/floridalawyers360.com\/es\/wp-json\/wp\/v2\/media?parent=6163"}],"wp:term":[{"taxonomy":"category","embeddable":true,"href":"https:\/\/floridalawyers360.com\/es\/wp-json\/wp\/v2\/categories?post=6163"},{"taxonomy":"post_tag","embeddable":true,"href":"https:\/\/floridalawyers360.com\/es\/wp-json\/wp\/v2\/tags?post=6163"}],"curies":[{"name":"wp","href":"https:\/\/api.w.org\/{rel}","templated":true}]}}