{"id":6160,"date":"2024-02-14T11:10:43","date_gmt":"2024-02-14T16:10:43","guid":{"rendered":"https:\/\/floridalawyers360.com\/winter-haven\/winter-haven-car-accident-lawyer\/"},"modified":"2024-03-20T01:11:28","modified_gmt":"2024-03-20T06:11:28","slug":"abogado-de-accidentes-de-trafico","status":"publish","type":"page","link":"https:\/\/floridalawyers360.com\/es\/winter-haven\/abogado-de-accidentes-de-trafico\/","title":{"rendered":"Abogado de accidentes de tr\u00e1fico"},"content":{"rendered":"<p>Usted no puede pensar que usted requiere un abogado de <a href=\"\/winter-haven\/\">Winter Haven<\/a> por lesiones personales o un accidente de coche si usted ha tenido que estar involucrado en un accidente de coche en o dentro de Winter Haven Florida. Usted puede pensar que est\u00e1 en condiciones de manejar la situaci\u00f3n por s\u00ed mismo.<\/p>\n<p>A pesar de que es posible manejar el caso por s\u00ed mismo, pero se perder\u00e1 las ventajas de tener un abogado de accidente de coche Winter Haven que lo represente.<\/p>\n<p>En primer lugar, un experimentado abogado de accidente de auto de la Florida conoce las cuerdas. Los abogados son entrenados durante a\u00f1os en la escuela de derecho y seguir que por la experiencia de la vida real, tratando con docenas, o cientos de casos similares.<\/p>\n<p>Ese tipo de experiencia es dif\u00edcil de duplicar para cualquiera que no tenga experiencia y viene con enormes ventajas, la comprensi\u00f3n de los detalles de un proceso complejo que los abogados de lesiones personales manejan.<\/p>\n<p>Un bufete de abogados de lesiones personales de buena reputaci\u00f3n puede ayudarle y un abogado de Winter Haven para los accidentes de coche. Sin embargo, es importante contar con un profesional con experiencia que puede tomar un poco de la carga de sus hombros.<\/p>\n<p>Un abogado con experiencia en accidentes de coche que ha estado all\u00ed y ha estado all\u00ed antes puede ayudarle en su caso sin tener que hacer todo el trabajo de recordar los plazos, la presentaci\u00f3n de documentos, respondiendo a las solicitudes, y tal vez lo m\u00e1s importante tratar con las compa\u00f1\u00edas de seguros y ajustadores.<\/p>\n<p>La contrataci\u00f3n de un <a href=\"https:\/\/floridalawyers360.com\/winter-haven\/personal-injury-lawyer\/\">abogado de lesiones personales Winter Haven<\/a> significa que una parte externa se encarga de organizar los diversos componentes del proceso de reclamaci\u00f3n, lo que le permite recuperarse de sus lesiones y seguir adelante con su vida.<\/p>\n\t\t<div data-elementor-type=\"section\" data-elementor-id=\"208\" class=\"elementor elementor-208\" data-elementor-post-type=\"elementor_library\">\n\t\t\t\t\t<section class=\"elementor-section elementor-top-section elementor-element elementor-element-485e576a elementor-section-boxed elementor-section-height-default elementor-section-height-default\" data-id=\"485e576a\" data-element_type=\"section\" data-e-type=\"section\">\n\t\t\t\t\t\t<div class=\"elementor-container elementor-column-gap-default\">\n\t\t\t\t\t<div class=\"elementor-column elementor-col-100 elementor-top-column elementor-element elementor-element-635c38c0\" data-id=\"635c38c0\" data-element_type=\"column\" data-e-type=\"column\">\n\t\t\t<div class=\"elementor-widget-wrap elementor-element-populated\">\n\t\t\t\t\t\t<div class=\"elementor-element elementor-element-3ba95c8a elementor-toc--minimized-on-tablet elementor-widget elementor-widget-table-of-contents\" data-id=\"3ba95c8a\" data-element_type=\"widget\" data-e-type=\"widget\" data-settings=\"{&quot;exclude_headings_by_selector&quot;:&quot;.toc-remove&quot;,&quot;headings_by_tags&quot;:[&quot;h2&quot;,&quot;h3&quot;],&quot;marker_view&quot;:&quot;numbers&quot;,&quot;no_headings_message&quot;:&quot;No headings were found on this page.&quot;,&quot;minimize_box&quot;:&quot;yes&quot;,&quot;minimized_on&quot;:&quot;tablet&quot;,&quot;hierarchical_view&quot;:&quot;yes&quot;,&quot;min_height&quot;:{&quot;unit&quot;:&quot;px&quot;,&quot;size&quot;:&quot;&quot;,&quot;sizes&quot;:[]},&quot;min_height_tablet&quot;:{&quot;unit&quot;:&quot;px&quot;,&quot;size&quot;:&quot;&quot;,&quot;sizes&quot;:[]},&quot;min_height_mobile&quot;:{&quot;unit&quot;:&quot;px&quot;,&quot;size&quot;:&quot;&quot;,&quot;sizes&quot;:[]}}\" data-widget_type=\"table-of-contents.default\">\n\t\t\t\t\t\t\t\t\t<div class=\"elementor-toc__header\">\n\t\t\t\t\t\t<div class=\"elementor-toc__header-title\">\n\t\t\t\tTable of Contents\t\t\t<\/div>\n\t\t\t\t\t\t\t\t\t\t<div class=\"elementor-toc__toggle-button elementor-toc__toggle-button--expand\" role=\"button\" tabindex=\"0\" aria-controls=\"elementor-toc__3ba95c8a\" aria-expanded=\"true\" aria-label=\"Open table of contents\"><svg aria-hidden=\"true\" class=\"e-font-icon-svg e-fas-chevron-down\" viewBox=\"0 0 448 512\" xmlns=\"http:\/\/www.w3.org\/2000\/svg\"><path d=\"M207.029 381.476L12.686 187.132c-9.373-9.373-9.373-24.569 0-33.941l22.667-22.667c9.357-9.357 24.522-9.375 33.901-.04L224 284.505l154.745-154.021c9.379-9.335 24.544-9.317 33.901.04l22.667 22.667c9.373 9.373 9.373 24.569 0 33.941L240.971 381.476c-9.373 9.372-24.569 9.372-33.942 0z\"><\/path><\/svg><\/div>\n\t\t\t\t<div class=\"elementor-toc__toggle-button elementor-toc__toggle-button--collapse\" role=\"button\" tabindex=\"0\" aria-controls=\"elementor-toc__3ba95c8a\" aria-expanded=\"true\" aria-label=\"Close table of contents\"><svg aria-hidden=\"true\" class=\"e-font-icon-svg e-fas-chevron-up\" viewBox=\"0 0 448 512\" xmlns=\"http:\/\/www.w3.org\/2000\/svg\"><path d=\"M240.971 130.524l194.343 194.343c9.373 9.373 9.373 24.569 0 33.941l-22.667 22.667c-9.357 9.357-24.522 9.375-33.901.04L224 227.495 69.255 381.516c-9.379 9.335-24.544 9.317-33.901-.04l-22.667-22.667c-9.373-9.373-9.373-24.569 0-33.941L207.03 130.525c9.372-9.373 24.568-9.373 33.941-.001z\"><\/path><\/svg><\/div>\n\t\t\t\t\t<\/div>\n\t\t\t\t<div id=\"elementor-toc__3ba95c8a\" class=\"elementor-toc__body\">\n\t\t\t<div class=\"elementor-toc__spinner-container\">\n\t\t\t\t<svg class=\"elementor-toc__spinner eicon-animation-spin e-font-icon-svg e-eicon-loading\" aria-hidden=\"true\" viewBox=\"0 0 1000 1000\" xmlns=\"http:\/\/www.w3.org\/2000\/svg\"><path d=\"M500 975V858C696 858 858 696 858 500S696 142 500 142 142 304 142 500H25C25 237 238 25 500 25S975 237 975 500 763 975 500 975Z\"><\/path><\/svg>\t\t\t<\/div>\n\t\t<\/div>\n\t\t\t\t\t\t<\/div>\n\t\t\t\t\t<\/div>\n\t\t<\/div>\n\t\t\t\t\t<\/div>\n\t\t<\/section>\n\t\t\t\t<\/div>\n\t\t\n<h2>\u00bfQu\u00e9 puede hacer tras un accidente de tr\u00e1fico?<\/h2>\n<p>Los bufetes de abogados de lesiones personales manejar los accidentes de auto todos los d\u00edas. Usted puede apostar que los accidentes en Winter Haven, <a href=\"https:\/\/www.mywinterhaven.com\/\" target=\"_blank\" rel=\"noopener\">Florida<\/a> ocurren todos los d\u00edas.<\/p>\n<p>Si usted ha sido v\u00edctima de un accidente de coche Winter Haven, Florida, incluso antes de ponerse en contacto con un abogado de accidentes de coche lo primero que hay que decidir es si usted necesita atenci\u00f3n m\u00e9dica.<\/p>\n<p>Usted debe obtener inmediatamente ayuda m\u00e9dica si el accidente fue grave. Esto es crucial por muchas razones. En primer lugar, aumenta sus posibilidades de recibir tratamiento con prontitud y minimizar cualquier da\u00f1o.<\/p>\n<p>En segundo lugar, deja constancia inmediata de sus lesiones, creando un rastro documental que puede ser \u00fatil m\u00e1s adelante. Tambi\u00e9n evita que la aseguradora de la otra parte afirme que sus lesiones no fueron causadas por el accidente.<\/p>\n<p>Aunque el accidente de coche no haya sido lo bastante grave como para justificar una visita al m\u00e9dico, hay medidas que puedes tomar para prepararte para una posible reclamaci\u00f3n futura por accidente de coche. En primer lugar, debes intercambiar informaci\u00f3n de contacto y del seguro con el otro conductor.<\/p>\n<p>Es esencial intercambiar informaci\u00f3n de contacto y del seguro con el otro conductor. Esto permitir\u00e1 a su compa\u00f1\u00eda de seguros presentar un parte de lesiones.<\/p>\n<p>Esto puede ayudarles a usted y a su abogado a determinar a qui\u00e9n contactar. Tambi\u00e9n es fundamental recoger los datos de contacto de cualquier persona que haya presenciado el accidente. Estas personas podr\u00edan ser importantes m\u00e1s adelante, cuando haya disputas sobre lo ocurrido.<\/p>\n<p>Si puedes, haz fotos de las lesiones sufridas por ambos coches y del lugar del accidente en su conjunto. Por \u00faltimo, anota todos los detalles que se te ocurran lo antes posible despu\u00e9s del accidente.<\/p>\n<p>Detalles como si el otro conductor iba distra\u00eddo, con el m\u00f3vil o a gran velocidad, o incluso las condiciones meteorol\u00f3gicas, pueden ser cruciales. Pero pueden olvidarse f\u00e1cilmente con las prisas del accidente.<\/p>\n<p>Anotar toda la informaci\u00f3n que puedas poco despu\u00e9s de un accidente puede ser muy \u00fatil m\u00e1s adelante.<\/p>\n<p><a href=\"https:\/\/floridalawyers360.com\/wp-content\/uploads\/2024\/02\/winter-haven-car-acc2.jpeg\"><img fetchpriority=\"high\" decoding=\"async\" class=\"alignnone size-full wp-image-3083\" src=\"https:\/\/floridalawyers360.com\/wp-content\/uploads\/2024\/02\/winter-haven-car-acc2.jpeg\" alt=\"taking photos after a car accident\" width=\"500\" height=\"334\" srcset=\"https:\/\/floridalawyers360.com\/wp-content\/uploads\/2024\/02\/winter-haven-car-acc2.jpeg 500w, https:\/\/floridalawyers360.com\/wp-content\/uploads\/2024\/02\/winter-haven-car-acc2-300x200.jpeg 300w\" sizes=\"(max-width: 500px) 100vw, 500px\" \/><\/a><\/p>\n<h2>\u00bfC\u00f3mo pueden las fotos de la escena del accidente ayudar en un caso de accidente de coche Winter Haven?<\/h2>\n<p>Realmente es cierto cuando la gente dice que las im\u00e1genes pueden valer m\u00e1s que mil palabras, tal vez incluso dos mil. Si hay una disputa sobre el accidente o la otra parte afirma que el accidente no fue tan grave como usted afirma, las fotos pueden ser una opci\u00f3n poderosa para resolver la disputa.<\/p>\n<p>Mostrar pruebas fotogr\u00e1ficas de un veh\u00edculo aplastado dice a jurados y jueces todo lo que necesitan saber sobre la gravedad del accidente. Las fotograf\u00edas pueden ser extremadamente \u00fatiles para probar la gravedad de las lesiones, haciendo que la gente sepa inmediatamente y sin largos detalles hasta qu\u00e9 punto una persona result\u00f3 herida.<\/p>\n<p>Si puedes, intenta hacer fotos del incidente para entreg\u00e1rselas m\u00e1s tarde a tu abogado. Da un paseo alrededor de tu coche con tu c\u00e1mara o smartphone y haz fotos mientras caminas.<\/p>\n<p>Hacer algunas fotos del otro coche o coches implicados en el accidente podr\u00eda ser \u00fatil y tambi\u00e9n fotos m\u00e1s generales de la zona del accidente.<\/p>\n<p>Sin embargo, ten en cuenta que la seguridad es mucho m\u00e1s importante que preservar el accidente. Si es peligroso hacerlo, no deber\u00edas sacar tu veh\u00edculo ni hacer fotos. Esto podr\u00eda empeorar a\u00fan m\u00e1s un mal accidente.<\/p>\n<h2>\u00bfC\u00f3mo un abogado de lesiones personales de Winter Haven demostrar la culpa en un accidente de auto Winter Haven<\/h2>\n<p>Es crucial saber que si est\u00e1 involucrado en un accidente de Winter Haven, Florida maneja los casos de accidentes de coche de una manera diferente a la mayor\u00eda de los estados. Florida es uno de los 12 estados con leyes de seguro de auto sin culpa.<\/p>\n<p>Estas leyes se aplicaron en la d\u00e9cada de 1970 con el fin de hacer m\u00e1s f\u00e1cil y m\u00e1s r\u00e1pido para recuperar los da\u00f1os despu\u00e9s de un accidente de coche.<\/p>\n<p>La ley de Florida estipula que todos los conductores de Florida compren una cobertura de lesiones personales (tambi\u00e9n conocida como \u00abPIP\u00bb). Esto cubrir\u00e1 los gastos m\u00e9dicos, p\u00e9rdida de salarios, gastos m\u00e9dicos y otros costes asociados, independientemente de qui\u00e9n tenga la culpa del siniestro.<\/p>\n<p>Las compa\u00f1\u00edas de seguros deben hacerse cargo de sus gastos independientemente de qui\u00e9n sea el culpable.<\/p>\n<h2>\u00bfC\u00f3mo se valoran las reclamaciones de accidentes de coche?<\/h2>\n<p>Esta es una pregunta que cada abogado de Winter Haven que representan a las v\u00edctimas de accidentes de coche es probable que se le pida. Muchas personas que han resultado heridas en accidentes de coche quiere saber lo que el valor de su caso podr\u00eda ser.<\/p>\n<p>El problema es que es dif\u00edcil responder de manera general, ya que cada caso se basa en las circunstancias particulares del caso.<\/p>\n<p>Hay ciertas categor\u00edas de da\u00f1os que deciden el valor final de un caso de accidente de coche y, la comprensi\u00f3n de los detalles de estas categor\u00edas permitir\u00e1 a un abogado para proporcionar una estimaci\u00f3n m\u00e1s precisa de lo que su caso puede valer.<\/p>\n<p>Esto incluye las facturas m\u00e9dicas anteriores, los gastos m\u00e9dicos futuros, el tiempo de baja laboral o salarial, la p\u00e9rdida de la capacidad de ganancia futura y el dolor y el sufrimiento.<\/p>\n<p>A la hora de determinar el valor de cualquier indemnizaci\u00f3n a la que pueda tener derecho, hay ciertos elementos que deben tenerse en cuenta. Tendr\u00e1n en cuenta sus lesiones, as\u00ed como las circunstancias del accidente (\u00bffue el resultado de una imprudencia temeraria, negligencia grave o imprudencia temeraria?<\/p>\n<p>Tu nivel de responsabilidad, as\u00ed como tu historial laboral y la capacidad que tienes para ganarte la vida, as\u00ed como tu estilo de vida y tus expectativas vitales. Estos son s\u00f3lo algunos de los factores que entran en la determinaci\u00f3n de la cantidad de compensaci\u00f3n que debe pagar en un caso de accidente de coche de la Florida.<\/p>\n<p>Esta es la raz\u00f3n por la que un abogado de accidente de coche de Winter Haven fiable puede ser una fuente inestimable de asesoramiento.<\/p>\n<p><a href=\"https:\/\/floridalawyers360.com\/wp-content\/uploads\/2024\/02\/winter-haven-car-acc1.jpeg\"><img decoding=\"async\" class=\"alignnone size-full wp-image-3081\" src=\"https:\/\/floridalawyers360.com\/wp-content\/uploads\/2024\/02\/winter-haven-car-acc1.jpeg\" alt=\"Winter Haven Car Accident\" width=\"500\" height=\"334\" srcset=\"https:\/\/floridalawyers360.com\/wp-content\/uploads\/2024\/02\/winter-haven-car-acc1.jpeg 500w, https:\/\/floridalawyers360.com\/wp-content\/uploads\/2024\/02\/winter-haven-car-acc1-300x200.jpeg 300w\" sizes=\"(max-width: 500px) 100vw, 500px\" \/><\/a><\/p>\n<h2>\u00bfCu\u00e1nto tiempo se tarda en resolver un caso de accidente de tr\u00e1fico en Winter Have?<\/h2>\n<p>Si usted no conoce sus circunstancias particulares, esta es otra cuesti\u00f3n imposible. Incluso con la informaci\u00f3n m\u00e1s espec\u00edfica, el abogado de accidente de coche Winter Haven podr\u00eda no ser capaz de determinar con precisi\u00f3n cu\u00e1nto tiempo se tarda en resolver.<\/p>\n<p>Porque cada caso es \u00fanico y se basar\u00e1 en sus acciones, los ajustadores de seguros y la parte contraria.<\/p>\n<p>Hay una mir\u00edada de factores no identificados que podr\u00edan retrasar su reclamo o acelerarlo. Las reclamaciones por accidentes de coche suelen resolverse en un par de meses. Sin embargo, podr\u00edan tardar varios a\u00f1os cuando el caso va a juicio.<\/p>\n<h2>\u00bfPuede un caso de accidente de coche ir a juicio?<\/h2>\n<p>Mucha gente cree que todos los casos relacionados con accidentes de coche acabar\u00e1n ante un juez o un jurado. Este es un hecho que muchas personas se preocupan y quieren evitar.<\/p>\n<p>La buena noticia es que la verdad de los casos de accidentes de coche en Winter Haven es que la gran mayor\u00eda de ellos se concluyen antes del juicio. Muchas demandas se resuelven a trav\u00e9s de negociaciones, lo que podr\u00eda ayudar a ambas partes ahorrar tiempo y dinero en efectivo.<\/p>\n<p>Al final, s\u00f3lo una peque\u00f1a parte de las reclamaciones tienen que ser discutido ante un juez. Sin embargo, es imposible determinar qu\u00e9 reclamaciones se presentar\u00e1n ante un juez.<\/p>\n<p>Esta es la raz\u00f3n por la que es esencial para encontrar un abogado de Winter Haven para los accidentes de coche que usted se sienta c\u00f3modo con independencia de si su caso termina en un acuerdo negociado, o si se lleva ante el juez.<\/p>\n<p><a href=\"https:\/\/floridalawyers360.com\/wp-content\/uploads\/2024\/02\/winter-haven-car-acc3.jpeg\"><img decoding=\"async\" class=\"alignnone size-full wp-image-3082\" src=\"https:\/\/floridalawyers360.com\/wp-content\/uploads\/2024\/02\/winter-haven-car-acc3.jpeg\" alt=\"Car Accident Lawyer\" width=\"500\" height=\"334\" srcset=\"https:\/\/floridalawyers360.com\/wp-content\/uploads\/2024\/02\/winter-haven-car-acc3.jpeg 500w, https:\/\/floridalawyers360.com\/wp-content\/uploads\/2024\/02\/winter-haven-car-acc3-300x200.jpeg 300w\" sizes=\"(max-width: 500px) 100vw, 500px\" \/><\/a><\/p>\n<h2>\u00bfCu\u00e1l es la fecha l\u00edmite para hacer una reclamaci\u00f3n de accidente de coche Winter Haven<\/h2>\n<p>Desafortunadamente, las v\u00edctimas de accidentes de coche no se les da la recuperaci\u00f3n ilimitada y el tiempo de curaci\u00f3n antes de decidir c\u00f3mo proceder con su reclamo. Las v\u00edctimas de accidentes de coche est\u00e1n bajo una ley en el estado que limita el tiempo que deben presentar reclamaciones por da\u00f1os y perjuicios.<\/p>\n<p>Esto se conoce como el estatuto de limitaciones, y est\u00e1 dise\u00f1ado para limitar la cantidad de tiempo que un individuo tiene que ser capaz de esperar antes de presentar una demanda despu\u00e9s de ser herido.<\/p>\n<p>No existe un plazo de prescripci\u00f3n universal. Var\u00eda en funci\u00f3n del lugar de residencia y del tipo de lesi\u00f3n de que se trate. En Florida los casos de lesiones personales contra el responsable del accidente deben presentarse en un plazo de cuatro a\u00f1os a partir de la fecha de la lesi\u00f3n.<\/p>\n<p>Las personas tienen cuatro a\u00f1os despu\u00e9s de la fecha de la lesi\u00f3n para presentar reclamaciones sin seguro \/ con seguro insuficiente en contra de su propia compa\u00f1\u00eda de seguros. P\u00f3ngase en contacto con un abogado de Winter Haven accidentes de coche para aprender m\u00e1s.<\/p>\n<h2>\u00a1P\u00f3ngase en contacto con un abogado de accidente de coche Winter Haven ahora!<\/h2>\n<p>Para obtener ayuda si usted ha sido lesionado en un accidente de coche, <a href=\"\/contact\/\">p\u00f3ngase en contacto con<\/a> un abogado con experiencia Winter Haven accidente de coche. \u00a1Llame Florida Abogados 360 en [tel\u00e9fono] para iniciar su caso!<\/p>\n","protected":false},"excerpt":{"rendered":"<p>Usted no puede pensar que usted requiere un abogado de Winter Haven por lesiones personales o un accidente de coche si usted ha tenido que estar involucrado en un accidente de coche en o dentro de Winter Haven Florida. Usted puede pensar que est\u00e1 en condiciones de manejar la situaci\u00f3n por s\u00ed mismo. A pesar [&hellip;]<\/p>\n","protected":false},"author":22,"featured_media":0,"parent":6158,"menu_order":0,"comment_status":"closed","ping_status":"closed","template":"","meta":{"_acf_changed":false,"anchor_text":"","footnotes":""},"categories":[],"tags":[],"class_list":["post-6160","page","type-page","status-publish","hentry"],"acf":[],"_links":{"self":[{"href":"https:\/\/floridalawyers360.com\/es\/wp-json\/wp\/v2\/pages\/6160","targetHints":{"allow":["GET"]}}],"collection":[{"href":"https:\/\/floridalawyers360.com\/es\/wp-json\/wp\/v2\/pages"}],"about":[{"href":"https:\/\/floridalawyers360.com\/es\/wp-json\/wp\/v2\/types\/page"}],"author":[{"embeddable":true,"href":"https:\/\/floridalawyers360.com\/es\/wp-json\/wp\/v2\/users\/22"}],"replies":[{"embeddable":true,"href":"https:\/\/floridalawyers360.com\/es\/wp-json\/wp\/v2\/comments?post=6160"}],"version-history":[{"count":2,"href":"https:\/\/floridalawyers360.com\/es\/wp-json\/wp\/v2\/pages\/6160\/revisions"}],"predecessor-version":[{"id":6162,"href":"https:\/\/floridalawyers360.com\/es\/wp-json\/wp\/v2\/pages\/6160\/revisions\/6162"}],"up":[{"embeddable":true,"href":"https:\/\/floridalawyers360.com\/es\/wp-json\/wp\/v2\/pages\/6158"}],"wp:attachment":[{"href":"https:\/\/floridalawyers360.com\/es\/wp-json\/wp\/v2\/media?parent=6160"}],"wp:term":[{"taxonomy":"category","embeddable":true,"href":"https:\/\/floridalawyers360.com\/es\/wp-json\/wp\/v2\/categories?post=6160"},{"taxonomy":"post_tag","embeddable":true,"href":"https:\/\/floridalawyers360.com\/es\/wp-json\/wp\/v2\/tags?post=6160"}],"curies":[{"name":"wp","href":"https:\/\/api.w.org\/{rel}","templated":true}]}}