{"id":6158,"date":"2024-02-08T11:40:40","date_gmt":"2024-02-08T16:40:40","guid":{"rendered":"https:\/\/floridalawyers360.com\/winter-haven\/"},"modified":"2024-03-16T05:18:36","modified_gmt":"2024-03-16T10:18:36","slug":"winter-haven","status":"publish","type":"page","link":"https:\/\/floridalawyers360.com\/es\/winter-haven\/","title":{"rendered":"Winter Haven"},"content":{"rendered":"<p>Si usted se lesion\u00f3 debido a la negligencia de otra persona o que sufren de una lesi\u00f3n en el lugar de trabajo en Winter Haven, Florida Abogados 360 est\u00e1 aqu\u00ed para ayudarle. Hemos conseguido millones en nombre de nuestros clientes, y lucharemos por nada menos que <b>la m\u00e1xima indemnizaci\u00f3n que se merece<\/b>.<\/p>\n<p>Nuestro equipo legal est\u00e1 disponible las 24 horas del d\u00eda, los 7 d\u00edas de la semana, para responder a sus preguntas, proporcionarle una estimaci\u00f3n de lo que puede valer su reclamaci\u00f3n y guiarle en el proceso de presentar y ganar su reclamaci\u00f3n. P\u00f3ngase en contacto con nuestra oficina <a href=\"tel:+19544487355\"><i class=\"fa fa-phone-alt\"><\/i>954-448-7355<\/a> para concertar una cita<\/p>\n<p>Le proporcionamos la representaci\u00f3n agresiva que necesita, al tiempo que <b>usted no paga nada a menos que ganemos su caso <\/b><\/p>\n","protected":false},"excerpt":{"rendered":"<p>Si usted se lesion\u00f3 debido a la negligencia de otra persona o que sufren de una lesi\u00f3n en el lugar de trabajo en Winter Haven, Florida Abogados 360 est\u00e1 aqu\u00ed para ayudarle. Hemos conseguido millones en nombre de nuestros clientes, y lucharemos por nada menos que la m\u00e1xima indemnizaci\u00f3n que se merece. Nuestro equipo legal [&hellip;]<\/p>\n","protected":false},"author":22,"featured_media":3467,"parent":0,"menu_order":0,"comment_status":"closed","ping_status":"closed","template":"","meta":{"_acf_changed":false,"anchor_text":"","footnotes":""},"categories":[],"tags":[],"class_list":["post-6158","page","type-page","status-publish","has-post-thumbnail","hentry"],"acf":[],"_links":{"self":[{"href":"https:\/\/floridalawyers360.com\/es\/wp-json\/wp\/v2\/pages\/6158","targetHints":{"allow":["GET"]}}],"collection":[{"href":"https:\/\/floridalawyers360.com\/es\/wp-json\/wp\/v2\/pages"}],"about":[{"href":"https:\/\/floridalawyers360.com\/es\/wp-json\/wp\/v2\/types\/page"}],"author":[{"embeddable":true,"href":"https:\/\/floridalawyers360.com\/es\/wp-json\/wp\/v2\/users\/22"}],"replies":[{"embeddable":true,"href":"https:\/\/floridalawyers360.com\/es\/wp-json\/wp\/v2\/comments?post=6158"}],"version-history":[{"count":1,"href":"https:\/\/floridalawyers360.com\/es\/wp-json\/wp\/v2\/pages\/6158\/revisions"}],"predecessor-version":[{"id":6159,"href":"https:\/\/floridalawyers360.com\/es\/wp-json\/wp\/v2\/pages\/6158\/revisions\/6159"}],"wp:featuredmedia":[{"embeddable":true,"href":"https:\/\/floridalawyers360.com\/es\/wp-json\/wp\/v2\/media\/3467"}],"wp:attachment":[{"href":"https:\/\/floridalawyers360.com\/es\/wp-json\/wp\/v2\/media?parent=6158"}],"wp:term":[{"taxonomy":"category","embeddable":true,"href":"https:\/\/floridalawyers360.com\/es\/wp-json\/wp\/v2\/categories?post=6158"},{"taxonomy":"post_tag","embeddable":true,"href":"https:\/\/floridalawyers360.com\/es\/wp-json\/wp\/v2\/tags?post=6158"}],"curies":[{"name":"wp","href":"https:\/\/api.w.org\/{rel}","templated":true}]}}