{"id":6155,"date":"2024-02-14T11:05:10","date_gmt":"2024-02-14T16:05:10","guid":{"rendered":"https:\/\/floridalawyers360.com\/winter-garden\/winter-garden-workers-compensation-lawyer\/"},"modified":"2024-03-20T01:10:10","modified_gmt":"2024-03-20T06:10:10","slug":"abogado-de-indemnizacion-por-accidentes-laborales","status":"publish","type":"page","link":"https:\/\/floridalawyers360.com\/es\/winter-garden\/abogado-de-indemnizacion-por-accidentes-laborales\/","title":{"rendered":"Abogado de indemnizaci\u00f3n por accidentes laborales"},"content":{"rendered":"<p>Un abogado de Compensaci\u00f3n Laboral de Winter Garden le guiar\u00e1 a trav\u00e9s del sistema legal. Fue dise\u00f1ado para proteger a los empleados que han sido v\u00edctimas de lesiones en el lugar de trabajo.<\/p>\n<p>En Florida, estos beneficios se proporcionan a los trabajadores lesionados, independientemente de la culpa, lo que significa que un empleado puede cobrar los beneficios de compensaci\u00f3n de trabajadores, independientemente de si \u00e9l o ella es responsable del accidente que condujo a sus lesiones.<\/p>\n<p>Si usted ha estado involucrado en una lesi\u00f3n en el trabajo y est\u00e1 en necesidad de asesoramiento de un abogado de lesiones personales de Winter Garden sobre el seguro de compensaci\u00f3n de trabajadores, tenemos un abogado con experiencia en compensaci\u00f3n de trabajadores que ser\u00e1 capaz de responder a sus preguntas con mayor detalle.<\/p>\n<p>Un abogado de compensaci\u00f3n laboral que conozca la ley puede ofrecerle una consulta inicial gratuita.<\/p>\n\t\t<div data-elementor-type=\"section\" data-elementor-id=\"208\" class=\"elementor elementor-208\" data-elementor-post-type=\"elementor_library\">\n\t\t\t\t\t<section class=\"elementor-section elementor-top-section elementor-element elementor-element-485e576a elementor-section-boxed elementor-section-height-default elementor-section-height-default\" data-id=\"485e576a\" data-element_type=\"section\" data-e-type=\"section\">\n\t\t\t\t\t\t<div class=\"elementor-container elementor-column-gap-default\">\n\t\t\t\t\t<div class=\"elementor-column elementor-col-100 elementor-top-column elementor-element elementor-element-635c38c0\" data-id=\"635c38c0\" data-element_type=\"column\" data-e-type=\"column\">\n\t\t\t<div class=\"elementor-widget-wrap elementor-element-populated\">\n\t\t\t\t\t\t<div class=\"elementor-element elementor-element-3ba95c8a elementor-toc--minimized-on-tablet elementor-widget elementor-widget-table-of-contents\" data-id=\"3ba95c8a\" data-element_type=\"widget\" data-e-type=\"widget\" data-settings=\"{&quot;exclude_headings_by_selector&quot;:&quot;.toc-remove&quot;,&quot;headings_by_tags&quot;:[&quot;h2&quot;,&quot;h3&quot;],&quot;marker_view&quot;:&quot;numbers&quot;,&quot;no_headings_message&quot;:&quot;No headings were found on this page.&quot;,&quot;minimize_box&quot;:&quot;yes&quot;,&quot;minimized_on&quot;:&quot;tablet&quot;,&quot;hierarchical_view&quot;:&quot;yes&quot;,&quot;min_height&quot;:{&quot;unit&quot;:&quot;px&quot;,&quot;size&quot;:&quot;&quot;,&quot;sizes&quot;:[]},&quot;min_height_tablet&quot;:{&quot;unit&quot;:&quot;px&quot;,&quot;size&quot;:&quot;&quot;,&quot;sizes&quot;:[]},&quot;min_height_mobile&quot;:{&quot;unit&quot;:&quot;px&quot;,&quot;size&quot;:&quot;&quot;,&quot;sizes&quot;:[]}}\" data-widget_type=\"table-of-contents.default\">\n\t\t\t\t\t\t\t\t\t<div class=\"elementor-toc__header\">\n\t\t\t\t\t\t<div class=\"elementor-toc__header-title\">\n\t\t\t\tTable of Contents\t\t\t<\/div>\n\t\t\t\t\t\t\t\t\t\t<div class=\"elementor-toc__toggle-button elementor-toc__toggle-button--expand\" role=\"button\" tabindex=\"0\" aria-controls=\"elementor-toc__3ba95c8a\" aria-expanded=\"true\" aria-label=\"Open table of contents\"><svg aria-hidden=\"true\" class=\"e-font-icon-svg e-fas-chevron-down\" viewBox=\"0 0 448 512\" xmlns=\"http:\/\/www.w3.org\/2000\/svg\"><path d=\"M207.029 381.476L12.686 187.132c-9.373-9.373-9.373-24.569 0-33.941l22.667-22.667c9.357-9.357 24.522-9.375 33.901-.04L224 284.505l154.745-154.021c9.379-9.335 24.544-9.317 33.901.04l22.667 22.667c9.373 9.373 9.373 24.569 0 33.941L240.971 381.476c-9.373 9.372-24.569 9.372-33.942 0z\"><\/path><\/svg><\/div>\n\t\t\t\t<div class=\"elementor-toc__toggle-button elementor-toc__toggle-button--collapse\" role=\"button\" tabindex=\"0\" aria-controls=\"elementor-toc__3ba95c8a\" aria-expanded=\"true\" aria-label=\"Close table of contents\"><svg aria-hidden=\"true\" class=\"e-font-icon-svg e-fas-chevron-up\" viewBox=\"0 0 448 512\" xmlns=\"http:\/\/www.w3.org\/2000\/svg\"><path d=\"M240.971 130.524l194.343 194.343c9.373 9.373 9.373 24.569 0 33.941l-22.667 22.667c-9.357 9.357-24.522 9.375-33.901.04L224 227.495 69.255 381.516c-9.379 9.335-24.544 9.317-33.901-.04l-22.667-22.667c-9.373-9.373-9.373-24.569 0-33.941L207.03 130.525c9.372-9.373 24.568-9.373 33.941-.001z\"><\/path><\/svg><\/div>\n\t\t\t\t\t<\/div>\n\t\t\t\t<div id=\"elementor-toc__3ba95c8a\" class=\"elementor-toc__body\">\n\t\t\t<div class=\"elementor-toc__spinner-container\">\n\t\t\t\t<svg class=\"elementor-toc__spinner eicon-animation-spin e-font-icon-svg e-eicon-loading\" aria-hidden=\"true\" viewBox=\"0 0 1000 1000\" xmlns=\"http:\/\/www.w3.org\/2000\/svg\"><path d=\"M500 975V858C696 858 858 696 858 500S696 142 500 142 142 304 142 500H25C25 237 238 25 500 25S975 237 975 500 763 975 500 975Z\"><\/path><\/svg>\t\t\t<\/div>\n\t\t<\/div>\n\t\t\t\t\t\t<\/div>\n\t\t\t\t\t<\/div>\n\t\t<\/div>\n\t\t\t\t\t<\/div>\n\t\t<\/section>\n\t\t\t\t<\/div>\n\t\t\n<h2>\u00bfEst\u00e1 usted cubierto por el seguro de accidentes de trabajo?<\/h2>\n<p>A muchos trabajadores les preocupa que su empresa no les proporcione un seguro de compensaci\u00f3n laboral, dej\u00e1ndoles desprotegidos en caso de que se produzca un accidente catastr\u00f3fico. Afortunadamente, salvo algunas excepciones espec\u00edficas, la mayor\u00eda de los empresarios de Florida est\u00e1n cubiertos por el sistema de compensaci\u00f3n laboral.<\/p>\n<p>La ley estipula que si su empleador opera en una industria diferente a la de la construcci\u00f3n y tiene m\u00e1s de cuatro empleados, ya sea a tiempo completo o parcial, entonces el empleador debe tener cobertura de compensaci\u00f3n laboral.<\/p>\n<p>Los empleadores que est\u00e1n en el sector de la construcci\u00f3n tienen que estar asegurados para proteger a cada empleado en necesidad de indemnizaci\u00f3n de los trabajadores, si tienen uno o m\u00e1s empleados. Un abogado de indemnizaci\u00f3n laboral de Winter Garden podr\u00e1 proporcionarle m\u00e1s informaci\u00f3n.<\/p>\n<p><a href=\"https:\/\/floridalawyers360.com\/wp-content\/uploads\/2024\/02\/winter-garden-wc1-copy.webp\"><img fetchpriority=\"high\" decoding=\"async\" class=\"alignnone size-full wp-image-3079\" src=\"https:\/\/floridalawyers360.com\/wp-content\/uploads\/2024\/02\/winter-garden-wc1-copy.webp\" alt=\"Injured worker\" width=\"500\" height=\"334\" srcset=\"https:\/\/floridalawyers360.com\/wp-content\/uploads\/2024\/02\/winter-garden-wc1-copy.webp 500w, https:\/\/floridalawyers360.com\/wp-content\/uploads\/2024\/02\/winter-garden-wc1-copy-300x200.webp 300w\" sizes=\"(max-width: 500px) 100vw, 500px\" \/><\/a><\/p>\n<h2>\u00bfQu\u00e9 debe hacer despu\u00e9s de un accidente de trabajo en Winter Garden?<\/h2>\n<p>Hay algunos pasos a considerar cuando usted ha sido lesionado en un accidente en el trabajo. Antes de hablar con un abogado para la compensaci\u00f3n de los trabajadores es imperativo notificar a su empleador con prontitud. Esto significa informar inmediatamente a su supervisor o a cualquier otro funcionario de la oficina.<\/p>\n<p>Usted puede notificar a su empleador en persona, por tel\u00e9fono o por escrito. Debe avisar a su empresa inmediatamente y pedirle que rellene el parte de lesiones. As\u00ed se asegurar\u00e1 de que su aseguradora se haga cargo de su reclamaci\u00f3n.<\/p>\n<p>Es importante buscar atenci\u00f3n m\u00e9dica si ha sufrido una lesi\u00f3n. Si su empresa tiene un m\u00e9dico en sus instalaciones, acuda all\u00ed. Tambi\u00e9n puede acudir a su propio m\u00e9dico en caso de que su empresa disponga de uno.<\/p>\n<p>Es crucial que busque tratamiento m\u00e9dico con prontitud para garantizar que la gravedad de sus lesiones pueda documentarse y no pueda ser revocada posteriormente.<\/p>\n<p>Una vez que haya notificado a su empleador acerca de su lesi\u00f3n y obtenido atenci\u00f3n m\u00e9dica, debe consultar con un abogado especializado en lesiones personales y familiarizado con las disputas en el lugar de trabajo en Florida para obtener ayuda.<\/p>\n<h2>\u00bfDebe notificarse inmediatamente un accidente de trabajo?<\/h2>\n<p>Los trabajadores que han sufrido lesiones en el trabajo deben notificar el accidente tan pronto como puedan. Pero no deber\u00edan pasar m\u00e1s de 30 d\u00edas desde el incidente. Su reclamaci\u00f3n podr\u00eda ser denegada si no notifica su lesi\u00f3n en el plazo requerido.<\/p>\n<h2>\u00bfQu\u00e9 debe hacer si el empleador se niega a presentar un informe de compensaci\u00f3n de trabajadores?<\/h2>\n<p>Aparte de reportar el incidente a su empleador, el empleador tiene sus propias obligaciones. Su patr\u00f3n debe informar a su portador r\u00e1pidamente para asegurarse de que la demanda est\u00e1 tratada r\u00e1pidamente de modo que usted pueda comenzar a recibir sus beneficios r\u00e1pidamente.<\/p>\n<p>Si no pueden declarar el siniestro, puede ponerse en contacto con la aseguradora y notificar el accidente usted mismo.<\/p>\n<p>La informaci\u00f3n sobre el seguro de accidentes de trabajo deber\u00eda estar expuesta en alg\u00fan lugar de la oficina, con los datos de contacto de la compa\u00f1\u00eda de seguros.<\/p>\n<p>Si no lo est\u00e1, p\u00f3ngase en contacto con la Oficina de Asistencia al Empleado y Defensor del Trabajador de Florida para que le ayuden a encontrar la informaci\u00f3n. O m\u00e1s lejos, llame a un abogado local de la remuneraci\u00f3n de los trabajadores de la Florida del jard\u00edn del invierno para conseguir ayuda.<\/p>\n<p><a href=\"https:\/\/floridalawyers360.com\/wp-content\/uploads\/2024\/02\/winter-garden-wc2-copy.webp\"><img decoding=\"async\" class=\"alignnone size-full wp-image-3078\" src=\"https:\/\/floridalawyers360.com\/wp-content\/uploads\/2024\/02\/winter-garden-wc2-copy.webp\" alt=\"Work Injury claim\" width=\"500\" height=\"334\" srcset=\"https:\/\/floridalawyers360.com\/wp-content\/uploads\/2024\/02\/winter-garden-wc2-copy.webp 500w, https:\/\/floridalawyers360.com\/wp-content\/uploads\/2024\/02\/winter-garden-wc2-copy-300x200.webp 300w\" sizes=\"(max-width: 500px) 100vw, 500px\" \/><\/a><\/p>\n<h2>\u00bfSon las reclamaciones de indemnizaci\u00f3n laboral similares a las demandas por lesiones personales?<\/h2>\n<p>Esto puede ser comprensiblemente complicado para las personas que no han tratado con las reclamaciones de indemnizaci\u00f3n de los trabajadores antes. Aunque pueda parecer que una reclamaci\u00f3n de indemnizaci\u00f3n de un trabajador puede ser similar a una demanda contra un empresario, la verdad es todo lo contrario.<\/p>\n<p>Una reclamaci\u00f3n de indemnizaci\u00f3n de un trabajador no es una demanda contra su empleador. Es una demanda contra la p\u00f3liza que su empleador compr\u00f3. Un abogado con experiencia en compensaci\u00f3n de trabajadores de Winter Garden le ayudar\u00e1 a entender m\u00e1s sobre la ley de compensaci\u00f3n de trabajadores.<\/p>\n<h2>\u00bfPuede usted archivar un pleito personal de lesi\u00f3n en vez de archivar una demanda de los trabajadores Comp?<\/h2>\n<p>\u00bfQu\u00e9 sucede si usted quisiera archivar demanda contra su patr\u00f3n o su compa\u00f1ero de trabajo, en vez de archivar una demanda de seguro para la remuneraci\u00f3n de los trabajadores, se permite eso? Lamentablemente, no. En Florida, as\u00ed como en otros estados, la compensaci\u00f3n de los trabajadores es lo que se conoce como un recurso exclusivo.<\/p>\n<p>Un empleado no puede presentar un caso de lesiones personales contra su empleador, incluso si han presentado una reclamaci\u00f3n de compensaci\u00f3n de trabajadores.<\/p>\n<p>Las \u00fanicas excepciones incluyen las reclamaciones por lesiones en el lugar de trabajo que involucran a un tercero. Pueden presentarse ante un tribunal. Si un visitante de otra empresa entra en su lugar de trabajo y causa lesiones al empleado, puede presentar una demanda civil contra la otra empresa, pero no contra su empleador.<\/p>\n<h2>\u00bfC\u00f3mo se determina la culpa en un accidente laboral?<\/h2>\n<p>El sistema de compensaci\u00f3n de los trabajadores se basa en la ausencia de culpa. Esto es bastante inusual en comparaci\u00f3n con otros casos de lesiones personales. Los beneficios de la compensaci\u00f3n de los trabajadores son capaces de ser pagados independientemente de qui\u00e9n caus\u00f3 la lesi\u00f3n.<\/p>\n<p>Esto es algo estupendo para los trabajadores. Esto elimina el requisito de culpar a su jefe o compa\u00f1eros de trabajo. Ayuda a acelerar el proceso, ya que no es necesario ralentizar la investigaci\u00f3n de la ra\u00edz del accidente.<\/p>\n<p>Tambi\u00e9n es un gran beneficio para los empleados, ya que no est\u00e1n preocupados por tener que pagar costosas facturas m\u00e9dicas si est\u00e1n en la causa del accidente.<\/p>\n<p>La ley dice que la culpa de un empleado s\u00f3lo importa si la lesi\u00f3n del empleado fue el resultado de beber alcohol en el trabajo o por la intenci\u00f3n de lesionarse a s\u00ed mismo.<\/p>\n<p>Esto puede dar lugar a la denegaci\u00f3n de la indemnizaci\u00f3n por accidente laboral. Sin embargo, si la reclamaci\u00f3n es denegada y la v\u00edctima es inocente, busque inmediatamente un abogado de indemnizaci\u00f3n laboral en Winter Garden, Florida.<\/p>\n<p><a href=\"https:\/\/floridalawyers360.com\/wp-content\/uploads\/2024\/02\/winter-garden-wc3-copy.webp\"><img decoding=\"async\" class=\"alignnone size-full wp-image-3077\" src=\"https:\/\/floridalawyers360.com\/wp-content\/uploads\/2024\/02\/winter-garden-wc3-copy.webp\" alt=\"Winter Garden Workers' Compensation Lawyer\" width=\"500\" height=\"334\" srcset=\"https:\/\/floridalawyers360.com\/wp-content\/uploads\/2024\/02\/winter-garden-wc3-copy.webp 500w, https:\/\/floridalawyers360.com\/wp-content\/uploads\/2024\/02\/winter-garden-wc3-copy-300x200.webp 300w\" sizes=\"(max-width: 500px) 100vw, 500px\" \/><\/a><\/p>\n<h2>\u00bfPor qu\u00e9 debe contratar a un abogado de compensaci\u00f3n de trabajadores de Winter Garden?<\/h2>\n<p>Los empleadores deben hacerse cargo de los gastos m\u00e9dicos resultantes de lesiones en el lugar de trabajo. Adem\u00e1s, los trabajadores pueden recibir un reembolso por el tiempo de ausencia del trabajo debido a lesiones. Esto se paga a 2\/3 de su salario promedio semanal antes del accidente.<\/p>\n<p>Otro beneficio es que los beneficios de la compensaci\u00f3n de los trabajadores no son deducibles de impuestos, lo que significa que la mayor parte del dinero que recibe se mantiene en su bolsillo. Todo esto es manejado por un abogado de compensaci\u00f3n de trabajadores.<\/p>\n<p>Un buen abogado de compensaci\u00f3n de trabajadores debe tener un conocimiento profundo de los diversos aspectos del seguro de compensaci\u00f3n.<\/p>\n<h2>\u00bfCu\u00e1nto tiempo puede recibir beneficios de compensaci\u00f3n de trabajadores?<\/h2>\n<p>Los trabajadores de la Florida son capaces de recibir compensaci\u00f3n por p\u00e9rdida de salario, siempre y cuando no est\u00e1n en cualquier otro estado de trabajo. Estos trabajadores pueden recibir hasta 104 semanas de beneficios.<\/p>\n<h2>\u00bfQu\u00e9 pasa si usted todav\u00eda est\u00e1 lesionado despu\u00e9s de 2 a\u00f1os?<\/h2>\n<p>Es maravilloso saber que los trabajadores que se lesionan tienen derecho a dos a\u00f1os de indemnizaci\u00f3n. Pero, \u00bfqu\u00e9 pasa si usted est\u00e1 gravemente herido y no puede recuperarse en dos a\u00f1os? En ese caso podr\u00edas tener derecho a prestaciones por incapacidad permanente.<\/p>\n<p>Suponiendo que las lesiones sean lo suficientemente graves como para justificarlo, estas prestaciones por incapacidad permanente total pueden pagarse hasta que la persona cumpla 75 a\u00f1os.<\/p>\n<h2>\u00bfPuede elegir su propio m\u00e9dico?<\/h2>\n<p>Aunque hay excepciones a este principio general, los casos de compensaci\u00f3n de trabajadores por lo general no permiten a los empleados a elegir su propio m\u00e9dico. La raz\u00f3n es que la mayor\u00eda de los casos se resuelven a trav\u00e9s del proveedor de seguros.<\/p>\n<p>El lesionado tiene derecho a presentar una \u00fanica solicitud de cambio de m\u00e9dico. Si la compa\u00f1\u00eda de seguros no puede seleccionar un nuevo m\u00e9dico para que le visite en el plazo de cinco d\u00edas desde su solicitud, tendr\u00e1 derecho a buscar tratamiento con el m\u00e9dico de su elecci\u00f3n.<\/p>\n<p>Para obtener m\u00e1s informaci\u00f3n sobre sus opciones, p\u00f3ngase en contacto con un abogado de compensaci\u00f3n de trabajadores de Winter Garden Florida.<\/p>\n<h2>\u00bfExisten plazos para presentar una reclamaci\u00f3n de indemnizaci\u00f3n laboral en Winter Garden?<\/h2>\n<p>El plazo legal para presentar una reclamaci\u00f3n de beneficios seg\u00fan la ley es de dos a\u00f1os. Sin embargo, esto puede depender de las caracter\u00edsticas espec\u00edficas de su caso en particular.<\/p>\n<p>Tambi\u00e9n, aunque un trabajador tenga dos a\u00f1os para archivar una demanda el hecho es que cualquier retraso en divulgar un accidente a su patr\u00f3n o en buscar el tratamiento m\u00e9dico podr\u00eda trabajar para obstaculizar seriamente o para destruir su capacidad de traer una demanda acertada de los trabajadores para los beneficios.<\/p>\n<p>Para iniciar el proceso de reclamaci\u00f3n de compensaci\u00f3n de trabajadores en Winter Garden y Florida, es importante actuar con rapidez. Haga clic aqu\u00ed para obtener m\u00e1s informaci\u00f3n sobre el estatuto de limitaciones en la Florida para los trabajadores reclamaciones de indemnizaci\u00f3n.<\/p>\n<p><a href=\"https:\/\/floridalawyers360.com\/wp-content\/uploads\/2024\/02\/winter-garden-wc4-copy.webp\"><img loading=\"lazy\" decoding=\"async\" class=\"alignnone size-full wp-image-3076\" src=\"https:\/\/floridalawyers360.com\/wp-content\/uploads\/2024\/02\/winter-garden-wc4-copy.webp\" alt=\"Be sure to make the deadline to file your workers' compensation claim\" width=\"500\" height=\"334\" srcset=\"https:\/\/floridalawyers360.com\/wp-content\/uploads\/2024\/02\/winter-garden-wc4-copy.webp 500w, https:\/\/floridalawyers360.com\/wp-content\/uploads\/2024\/02\/winter-garden-wc4-copy-300x200.webp 300w\" sizes=\"(max-width: 500px) 100vw, 500px\" \/><\/a><\/p>\n<h2>\u00bfLe pueden despedir despu\u00e9s de presentar una demanda de indemnizaci\u00f3n por accidente laboral?<\/h2>\n<p>Los trabajadores lesionados a menudo est\u00e1n preocupados por la posibilidad de que su empleador los despida en caso de presentar una reclamaci\u00f3n de indemnizaci\u00f3n laboral. No hay ninguna raz\u00f3n para que la gente se preocupe de ser despedido por presentar una reclamaci\u00f3n de indemnizaci\u00f3n de los trabajadores.<\/p>\n<p>Si esto es una preocupaci\u00f3n, entonces el abogado de compensaci\u00f3n de trabajadores o el empleador debe ser consciente de la forma en que el seguro de compensaci\u00f3n de trabajadores est\u00e1 dise\u00f1ado para trabajar.<\/p>\n<p>Los empleadores de Florida no pueden despedir a los empleados que han presentado una reclamaci\u00f3n de compensaci\u00f3n de trabajadores a trav\u00e9s de un abogado personal. Los empleadores pueden ser responsabilizados por da\u00f1os civiles si despiden a alguien por haber presentado una reclamaci\u00f3n de compensaci\u00f3n de trabajadores.<\/p>\n<p>Si esto sucede, el empleado podr\u00eda demandar al empleador por despido injustificado y posiblemente cobrar da\u00f1os y perjuicios de la demanda.<\/p>\n<h2>\u00a1P\u00f3ngase en contacto con un abogado de compensaci\u00f3n de trabajadores de Winter Garden hoy!<\/h2>\n<p>Si usted ha sufrido una lesi\u00f3n en el trabajo en Winter Garden despu\u00e9s de notificar a su empleador y luego buscar atenci\u00f3n m\u00e9dica, p\u00f3ngase en contacto con un Abogado de Compensaci\u00f3n de Trabajadores de Winter Garden Florida en la <a href=\"https:\/\/floridalawyers360.com\/\">Coalici\u00f3n de Abogados de Compensaci\u00f3n de Trabajadores<\/a>.<\/p>\n<p>\u00a1La consulta es gratuita! Ll\u00e1menos al<\/p>\n","protected":false},"excerpt":{"rendered":"<p>Un abogado de Compensaci\u00f3n Laboral de Winter Garden le guiar\u00e1 a trav\u00e9s del sistema legal. Fue dise\u00f1ado para proteger a los empleados que han sido v\u00edctimas de lesiones en el lugar de trabajo. En Florida, estos beneficios se proporcionan a los trabajadores lesionados, independientemente de la culpa, lo que significa que un empleado puede cobrar [&hellip;]<\/p>\n","protected":false},"author":22,"featured_media":0,"parent":6147,"menu_order":0,"comment_status":"closed","ping_status":"closed","template":"","meta":{"_acf_changed":false,"anchor_text":"","footnotes":""},"categories":[],"tags":[],"class_list":["post-6155","page","type-page","status-publish","hentry"],"acf":[],"_links":{"self":[{"href":"https:\/\/floridalawyers360.com\/es\/wp-json\/wp\/v2\/pages\/6155","targetHints":{"allow":["GET"]}}],"collection":[{"href":"https:\/\/floridalawyers360.com\/es\/wp-json\/wp\/v2\/pages"}],"about":[{"href":"https:\/\/floridalawyers360.com\/es\/wp-json\/wp\/v2\/types\/page"}],"author":[{"embeddable":true,"href":"https:\/\/floridalawyers360.com\/es\/wp-json\/wp\/v2\/users\/22"}],"replies":[{"embeddable":true,"href":"https:\/\/floridalawyers360.com\/es\/wp-json\/wp\/v2\/comments?post=6155"}],"version-history":[{"count":2,"href":"https:\/\/floridalawyers360.com\/es\/wp-json\/wp\/v2\/pages\/6155\/revisions"}],"predecessor-version":[{"id":6157,"href":"https:\/\/floridalawyers360.com\/es\/wp-json\/wp\/v2\/pages\/6155\/revisions\/6157"}],"up":[{"embeddable":true,"href":"https:\/\/floridalawyers360.com\/es\/wp-json\/wp\/v2\/pages\/6147"}],"wp:attachment":[{"href":"https:\/\/floridalawyers360.com\/es\/wp-json\/wp\/v2\/media?parent=6155"}],"wp:term":[{"taxonomy":"category","embeddable":true,"href":"https:\/\/floridalawyers360.com\/es\/wp-json\/wp\/v2\/categories?post=6155"},{"taxonomy":"post_tag","embeddable":true,"href":"https:\/\/floridalawyers360.com\/es\/wp-json\/wp\/v2\/tags?post=6155"}],"curies":[{"name":"wp","href":"https:\/\/api.w.org\/{rel}","templated":true}]}}