{"id":6152,"date":"2024-02-14T11:04:31","date_gmt":"2024-02-14T16:04:31","guid":{"rendered":"https:\/\/floridalawyers360.com\/winter-garden\/winter-garden-personal-injury-lawyer\/"},"modified":"2024-03-20T01:10:45","modified_gmt":"2024-03-20T06:10:45","slug":"abogado-de-lesiones-personales","status":"publish","type":"page","link":"https:\/\/floridalawyers360.com\/es\/winter-garden\/abogado-de-lesiones-personales\/","title":{"rendered":"Abogado de lesiones personales"},"content":{"rendered":"<p>Nuestros abogados de lesiones personales de Florida ayudan a las v\u00edctimas a presentar una demanda legal para obtener una indemnizaci\u00f3n por una lesi\u00f3n o accidente causado por la negligencia de otra persona. Los casos pueden presentarse en tribunales civiles o extrajudiciales, dependiendo de las condiciones de un acuerdo.<\/p>\n<p>Los casos de lesiones personales pueden variar en cuanto a su alcance y pueden ser tan numerosos como sea factible que alguien resulte lesionado.<\/p>\n<p>Ejemplos de casos de lesiones personales incluyen las reclamaciones de accidentes de coche \/ lesiones, negligencia m\u00e9dica, responsabilidad de las premisas (como resbalones y ca\u00eddas), as\u00ed como la responsabilidad del producto, y las lesiones en el lugar de trabajo.<\/p>\n<p>Nuestro equipo en Florida Lawyers 360 es altamente competente en el manejo de casos de compensaci\u00f3n de trabajadores, accidentes automovil\u00edsticos, as\u00ed como lesiones personales.<\/p>\n<p>Para programar una consulta gratuita, llame a nuestra oficina de lesiones personales en Winter Garden en caso de que usted haya sido lesionado debido a la negligencia de otro.<\/p>\n\t\t<div data-elementor-type=\"section\" data-elementor-id=\"208\" class=\"elementor elementor-208\" data-elementor-post-type=\"elementor_library\">\n\t\t\t\t\t<section class=\"elementor-section elementor-top-section elementor-element elementor-element-485e576a elementor-section-boxed elementor-section-height-default elementor-section-height-default\" data-id=\"485e576a\" data-element_type=\"section\" data-e-type=\"section\">\n\t\t\t\t\t\t<div class=\"elementor-container elementor-column-gap-default\">\n\t\t\t\t\t<div class=\"elementor-column elementor-col-100 elementor-top-column elementor-element elementor-element-635c38c0\" data-id=\"635c38c0\" data-element_type=\"column\" data-e-type=\"column\">\n\t\t\t<div class=\"elementor-widget-wrap elementor-element-populated\">\n\t\t\t\t\t\t<div class=\"elementor-element elementor-element-3ba95c8a elementor-toc--minimized-on-tablet elementor-widget elementor-widget-table-of-contents\" data-id=\"3ba95c8a\" data-element_type=\"widget\" data-e-type=\"widget\" data-settings=\"{&quot;exclude_headings_by_selector&quot;:&quot;.toc-remove&quot;,&quot;headings_by_tags&quot;:[&quot;h2&quot;,&quot;h3&quot;],&quot;marker_view&quot;:&quot;numbers&quot;,&quot;no_headings_message&quot;:&quot;No headings were found on this page.&quot;,&quot;minimize_box&quot;:&quot;yes&quot;,&quot;minimized_on&quot;:&quot;tablet&quot;,&quot;hierarchical_view&quot;:&quot;yes&quot;,&quot;min_height&quot;:{&quot;unit&quot;:&quot;px&quot;,&quot;size&quot;:&quot;&quot;,&quot;sizes&quot;:[]},&quot;min_height_tablet&quot;:{&quot;unit&quot;:&quot;px&quot;,&quot;size&quot;:&quot;&quot;,&quot;sizes&quot;:[]},&quot;min_height_mobile&quot;:{&quot;unit&quot;:&quot;px&quot;,&quot;size&quot;:&quot;&quot;,&quot;sizes&quot;:[]}}\" data-widget_type=\"table-of-contents.default\">\n\t\t\t\t\t\t\t\t\t<div class=\"elementor-toc__header\">\n\t\t\t\t\t\t<div class=\"elementor-toc__header-title\">\n\t\t\t\tTable of Contents\t\t\t<\/div>\n\t\t\t\t\t\t\t\t\t\t<div class=\"elementor-toc__toggle-button elementor-toc__toggle-button--expand\" role=\"button\" tabindex=\"0\" aria-controls=\"elementor-toc__3ba95c8a\" aria-expanded=\"true\" aria-label=\"Open table of contents\"><svg aria-hidden=\"true\" class=\"e-font-icon-svg e-fas-chevron-down\" viewBox=\"0 0 448 512\" xmlns=\"http:\/\/www.w3.org\/2000\/svg\"><path d=\"M207.029 381.476L12.686 187.132c-9.373-9.373-9.373-24.569 0-33.941l22.667-22.667c9.357-9.357 24.522-9.375 33.901-.04L224 284.505l154.745-154.021c9.379-9.335 24.544-9.317 33.901.04l22.667 22.667c9.373 9.373 9.373 24.569 0 33.941L240.971 381.476c-9.373 9.372-24.569 9.372-33.942 0z\"><\/path><\/svg><\/div>\n\t\t\t\t<div class=\"elementor-toc__toggle-button elementor-toc__toggle-button--collapse\" role=\"button\" tabindex=\"0\" aria-controls=\"elementor-toc__3ba95c8a\" aria-expanded=\"true\" aria-label=\"Close table of contents\"><svg aria-hidden=\"true\" class=\"e-font-icon-svg e-fas-chevron-up\" viewBox=\"0 0 448 512\" xmlns=\"http:\/\/www.w3.org\/2000\/svg\"><path d=\"M240.971 130.524l194.343 194.343c9.373 9.373 9.373 24.569 0 33.941l-22.667 22.667c-9.357 9.357-24.522 9.375-33.901.04L224 227.495 69.255 381.516c-9.379 9.335-24.544 9.317-33.901-.04l-22.667-22.667c-9.373-9.373-9.373-24.569 0-33.941L207.03 130.525c9.372-9.373 24.568-9.373 33.941-.001z\"><\/path><\/svg><\/div>\n\t\t\t\t\t<\/div>\n\t\t\t\t<div id=\"elementor-toc__3ba95c8a\" class=\"elementor-toc__body\">\n\t\t\t<div class=\"elementor-toc__spinner-container\">\n\t\t\t\t<svg class=\"elementor-toc__spinner eicon-animation-spin e-font-icon-svg e-eicon-loading\" aria-hidden=\"true\" viewBox=\"0 0 1000 1000\" xmlns=\"http:\/\/www.w3.org\/2000\/svg\"><path d=\"M500 975V858C696 858 858 696 858 500S696 142 500 142 142 304 142 500H25C25 237 238 25 500 25S975 237 975 500 763 975 500 975Z\"><\/path><\/svg>\t\t\t<\/div>\n\t\t<\/div>\n\t\t\t\t\t\t<\/div>\n\t\t\t\t\t<\/div>\n\t\t<\/div>\n\t\t\t\t\t<\/div>\n\t\t<\/section>\n\t\t\t\t<\/div>\n\t\t\n<h2>\u00bfCu\u00e1ndo debe ponerse en contacto con un abogado de lesiones personales de Winter Garden?<\/h2>\n<p>La respuesta r\u00e1pida es actuar lo m\u00e1s r\u00e1pido posible. Si se lesiona en una situaci\u00f3n de lesiones personales en Florida es imperativo actuar con rapidez. Las razones son muchas. La primera es que un abogado de lesiones personales con experiencia puede ayudarle a presentar su demanda lo m\u00e1s r\u00e1pido posible.<\/p>\n<p>Puede llevar tiempo recopilar historiales m\u00e9dicos, recoger declaraciones de testigos y llevar a cabo una investigaci\u00f3n sobre las circunstancias de un accidente. Cuanto m\u00e1s tiempo necesite su abogado para completar esta tarea y reunir pruebas, m\u00e1s eficaz ser\u00e1.<\/p>\n<p>Tambi\u00e9n es importante hacer el trabajo con rapidez, ya que las pruebas tienen tendencia a desaparecer. Su abogado debe empezar a buscar lo antes posible para asegurarse de que cualquier prueba, testigo o v\u00eddeo pueda ser identificado y conservado. Esto es menos probable cuanto m\u00e1s tiempo pase.<\/p>\n<p>No hay que pensar en la prescripci\u00f3n si no se reacciona con la suficiente rapidez. El abogado estar\u00e1 al tanto de la situaci\u00f3n y de cualquier plazo importante y se asegurar\u00e1 de que se cumplan los plazos con suficiente margen de maniobra.<\/p>\n<p>Esto le quita una carga menos de encima.<\/p>\n<p><a href=\"https:\/\/floridalawyers360.com\/wp-content\/uploads\/2024\/02\/winter-garden-pi1-copy.webp\"><img fetchpriority=\"high\" decoding=\"async\" class=\"alignnone size-full wp-image-3071\" src=\"https:\/\/floridalawyers360.com\/wp-content\/uploads\/2024\/02\/winter-garden-pi1-copy.webp\" alt=\"Woman suffering from a personal injury after a car accident\" width=\"500\" height=\"334\" srcset=\"https:\/\/floridalawyers360.com\/wp-content\/uploads\/2024\/02\/winter-garden-pi1-copy.webp 500w, https:\/\/floridalawyers360.com\/wp-content\/uploads\/2024\/02\/winter-garden-pi1-copy-300x200.webp 300w\" sizes=\"(max-width: 500px) 100vw, 500px\" \/><\/a><\/p>\n<h2>\u00bfCu\u00e1l es la mejor manera de determinar la responsabilidad en un caso de lesiones personales?<\/h2>\n<p>Su abogado de lesiones personales de Winter Garden debe demostrar cuatro \u00e1reas de negligencia para poder responsabilizar a la persona y buscar compensaci\u00f3n.<\/p>\n<ul>\n<li>Deber de cuidado: La parte responsable ten\u00eda la obligaci\u00f3n de garantizar su seguridad. Un ejemplo es como los conductores est\u00e1n obligados a seguir las leyes de tr\u00e1nsito.<\/li>\n<li>Incumplimiento del deber: La persona responsable no cumpli\u00f3 con su deber de cuidado.<\/li>\n<li>Causa: Su lesi\u00f3n fue causada por su comportamiento descuidado.<\/li>\n<li>Da\u00f1os y perjuicios: Sufriste da\u00f1os que incluyen p\u00e9rdidas econ\u00f3micas y sufrimiento.<\/li>\n<\/ul>\n<h2>\u00bfPuedo interponer una demanda aunque sea culpable de mi lesi\u00f3n?<\/h2>\n<p>Las lesiones personales pueden ser un poco complicadas. En algunos casos, la v\u00edctima tiene el 100% de la culpa y la otra parte es 100% responsable. Pero este no es siempre el caso.<\/p>\n<p>Esto puede acarrear graves problemas a las v\u00edctimas de lesiones personales en determinados estados. Podr\u00edan perder la indemnizaci\u00f3n a la que tienen derecho.<\/p>\n<p>Por ejemplo, en un estado como Carolina del Norte, si se determina que un demandante es responsable s\u00f3lo en un 1 por ciento del incidente que provoc\u00f3 sus lesiones, se desestima toda la demanda.<\/p>\n<p>Afortunadamente, las cosas no son as\u00ed en Florida. Es porque Florida es uno de los 13 estados que han adoptado un sistema de derecho basado en la negligencia comparativa.<\/p>\n<p>Esto significa que un individuo puede hacer una reclamaci\u00f3n contra alguien que no es la persona culpable, incluso si la otra parte no es totalmente responsable de la causa del accidente.<\/p>\n<p>Esto se ilustra claramente en un caso en el que un accidente de coche fue causado por una conducci\u00f3n temeraria y se descubri\u00f3 que la v\u00edctima giraba por delante del conductor que no utilizaba el intermitente.<\/p>\n<p>El jurado podr\u00eda determinar que la persona que result\u00f3 herida es responsable en un 10% del accidente y asignar el 90% de la culpa al otro conductor.<\/p>\n<p>Si el jurado determina que el caso vale 100.000 d\u00f3lares, la v\u00edctima cobrar\u00eda 90.000 d\u00f3lares, y su parte de responsabilidad se descontar\u00eda de la indemnizaci\u00f3n final.<\/p>\n<h2>Negligencia Comparativa Pura<\/h2>\n<p>Florida no s\u00f3lo permite a una persona que es parcialmente responsable de causar sus lesiones a reclamar da\u00f1os y perjuicios, pero el estado tambi\u00e9n va un paso m\u00e1s all\u00e1 y permite a una persona para perseguir una demanda, incluso si son m\u00e1s culpables que la otra parte.<\/p>\n<p>Florida es una ley pura de negligencia comparativa que permite al demandante a reclamar da\u00f1os y perjuicios a pesar de que son 99 por ciento responsable.<\/p>\n<p>Es importante recordar que en estas circunstancias, la cantidad que la persona puede recuperar se reducir\u00e1 por el grado de culpa. Es importante contratar a un abogado de lesiones personales competente que sea capaz de ocuparse de su caso.<\/p>\n<p><a href=\"https:\/\/floridalawyers360.com\/wp-content\/uploads\/2024\/02\/winbter-garden-pi2-copy.webp\"><img decoding=\"async\" class=\"alignnone size-full wp-image-3073\" src=\"https:\/\/floridalawyers360.com\/wp-content\/uploads\/2024\/02\/winbter-garden-pi2-copy.webp\" alt=\"Personal Injury Claim\" width=\"500\" height=\"334\" srcset=\"https:\/\/floridalawyers360.com\/wp-content\/uploads\/2024\/02\/winbter-garden-pi2-copy.webp 500w, https:\/\/floridalawyers360.com\/wp-content\/uploads\/2024\/02\/winbter-garden-pi2-copy-300x200.webp 300w\" sizes=\"(max-width: 500px) 100vw, 500px\" \/><\/a><\/p>\n<h2>\u00bfCu\u00e1nto valdr\u00e1 mi reclamaci\u00f3n por da\u00f1os personales?<\/h2>\n<p>Aunque es una pregunta que mucha gente est\u00e1 deseando saber c\u00f3mo responder, lo cierto es que es imposible contestarla antes de conocer los detalles de su situaci\u00f3n. Esto se debe a que no existe una f\u00f3rmula precisa para determinar cu\u00e1nto vale un caso de lesiones personales.<\/p>\n<p>Hay muchos factores que determinan la cantidad que recibir\u00e1 y lo mejor es consultar a un abogado con experiencia en lesiones personales sobre su caso particular.<\/p>\n<h2>\u00bfQu\u00e9 tipo de da\u00f1os puedo reclamar como resultado de una demanda por lesiones personales?<\/h2>\n<p>Hay tres tipos de da\u00f1os y perjuicios que las v\u00edctimas pueden recibir, en funci\u00f3n de las circunstancias del caso.<\/p>\n<h4>Da\u00f1os econ\u00f3micos<\/h4>\n<p>Son las cosas que son tangibles y que usted puede sumar o restar, y gastos claros que no admiten discusi\u00f3n.<\/p>\n<p>Ejemplos de este tipo de da\u00f1os son los gastos hospitalarios, as\u00ed como los honorarios m\u00e9dicos, los gastos de rehabilitaci\u00f3n, los da\u00f1os a la propiedad o el tiempo de baja laboral, etc.<\/p>\n<h4>Da\u00f1os no econ\u00f3micos<\/h4>\n<p>Los da\u00f1os no econ\u00f3micos no pueden cuantificarse econ\u00f3micamente. Incluyen el dolor y el sufrimiento, as\u00ed como la disminuci\u00f3n del potencial de ingresos.<\/p>\n<p>Son cosas que pueden ser dif\u00edciles de evaluar, y es habitual que los implicados en una demanda por lesiones las impugnen.<\/p>\n<h4>Da\u00f1os punitivos<\/h4>\n<p>Los da\u00f1os punitivos no pretenden compensar a las v\u00edctimas, a diferencia de otros tipos de da\u00f1os.<\/p>\n<p>Se utilizan para penalizar a la parte responsable en determinadas circunstancias por negligencia grave o mala conducta intencionada.<\/p>\n<h2>\u00bfDebe aceptar la oferta inicial de conciliaci\u00f3n?<\/h2>\n<p>Muchos reclamos no van a un juez. Los abogados de lesiones personales son expertos en trabajar con las compa\u00f1\u00edas de seguros para llegar a acuerdos razonables. Esto ayuda a ahorrar tiempo y dinero.<\/p>\n<p>Aunque cada caso es \u00fanico, pero nunca es una idea ideal para tomar cualquier oferta de liquidaci\u00f3n. Las ofertas de arreglo se hacen t\u00edpicamente sabiendo que la otra parte no las aceptar\u00e1 y son casi siempre muy bajas. Esto deja margen para la negociaci\u00f3n.<\/p>\n<p>No acepte una oferta antes de entender completamente sus lesiones. Un buen ejemplo de cu\u00e1ndo esto puede ser especialmente arriesgado es si acepta un acuerdo, s\u00f3lo para descubrir m\u00e1s tarde que necesita m\u00e1s tratamiento m\u00e9dico para tratar sus lesiones, por ejemplo, cirug\u00eda.<\/p>\n<p>Es su responsabilidad pagar el coste del acuerdo si ya se ha alcanzado. Por eso es vital que un abogado experto en lesiones personales de Florida revise su caso, as\u00ed como cualquier oferta de acuerdo.<\/p>\n<p>Nuestros abogados de lesiones personales de Winter Garden tienen los conocimientos y la experiencia para evaluar si la oferta de liquidaci\u00f3n es justa. Tambi\u00e9n le ayudar\u00e1n a determinar si tiene sentido o no aceptar la oferta.<\/p>\n<p><a href=\"https:\/\/floridalawyers360.com\/wp-content\/uploads\/2024\/02\/winter-garden-pi3-copy.webp\"><img decoding=\"async\" class=\"alignnone size-full wp-image-3072\" src=\"https:\/\/floridalawyers360.com\/wp-content\/uploads\/2024\/02\/winter-garden-pi3-copy.webp\" alt=\"Personal Injury Lawyer\" width=\"500\" height=\"334\" srcset=\"https:\/\/floridalawyers360.com\/wp-content\/uploads\/2024\/02\/winter-garden-pi3-copy.webp 500w, https:\/\/floridalawyers360.com\/wp-content\/uploads\/2024\/02\/winter-garden-pi3-copy-300x200.webp 300w\" sizes=\"(max-width: 500px) 100vw, 500px\" \/><\/a><\/p>\n<h2>Cu\u00e1ndo es el \u00faltimo d\u00eda para presentar una reclamaci\u00f3n por lesiones personales en Florida<\/h2>\n<p>Es esencial ser puntual a la hora de presentar una demanda por lesiones en Florida. Esto se debe al hecho de que el estatuto de limitaciones es una fecha l\u00edmite para que los demandantes presenten demandas. Las v\u00edctimas de lesiones personales en Florida tienen cuatro a\u00f1os para presentar una demanda contra una persona responsable.<\/p>\n<p>Este plazo puede variar en funci\u00f3n de las particularidades del caso y de la naturaleza de las lesiones sufridas. En los casos de homicidio culposo, la familia de la v\u00edctima s\u00f3lo tiene dos a\u00f1os para presentar demandas.<\/p>\n<h3>\u00bfQu\u00e9 ocurre si prescribe el delito?<\/h3>\n<p>Los plazos de prescripci\u00f3n son vitales y pueden impedir que la gente presente demandas durante a\u00f1os o incluso d\u00e9cadas despu\u00e9s del incidente. Si no presenta una demanda antes de que venza el plazo de prescripci\u00f3n, su demanda quedar\u00e1 excluida de los tribunales, independientemente de lo s\u00f3lida que sea su argumentaci\u00f3n.<\/p>\n<p>La buena noticia es que la ley de prescripci\u00f3n s\u00f3lo exige que se presente la reclamaci\u00f3n, no que se haga en el plazo establecido.<\/p>\n<h2>Cont\u00e1ctenos Hoy Para M\u00e1s Informaci\u00f3n<\/h2>\n<p>El equipo de Florida Lawyers 360 puede ayudar a cualquier persona que haya sufrido lesiones debido a la negligencia o descuido de otra persona. Estamos comprometidos a proporcionar resultados superiores, atenci\u00f3n individual e integridad inequ\u00edvoca.<\/p>\n<p>Estamos disponibles las 24 horas del d\u00eda. Cont\u00e1ctenos hoy para una revisi\u00f3n gratuita de su caso.<\/p>\n","protected":false},"excerpt":{"rendered":"<p>Nuestros abogados de lesiones personales de Florida ayudan a las v\u00edctimas a presentar una demanda legal para obtener una indemnizaci\u00f3n por una lesi\u00f3n o accidente causado por la negligencia de otra persona. Los casos pueden presentarse en tribunales civiles o extrajudiciales, dependiendo de las condiciones de un acuerdo. Los casos de lesiones personales pueden variar [&hellip;]<\/p>\n","protected":false},"author":22,"featured_media":0,"parent":6147,"menu_order":0,"comment_status":"closed","ping_status":"closed","template":"","meta":{"_acf_changed":false,"anchor_text":"","footnotes":""},"categories":[],"tags":[],"class_list":["post-6152","page","type-page","status-publish","hentry"],"acf":[],"_links":{"self":[{"href":"https:\/\/floridalawyers360.com\/es\/wp-json\/wp\/v2\/pages\/6152","targetHints":{"allow":["GET"]}}],"collection":[{"href":"https:\/\/floridalawyers360.com\/es\/wp-json\/wp\/v2\/pages"}],"about":[{"href":"https:\/\/floridalawyers360.com\/es\/wp-json\/wp\/v2\/types\/page"}],"author":[{"embeddable":true,"href":"https:\/\/floridalawyers360.com\/es\/wp-json\/wp\/v2\/users\/22"}],"replies":[{"embeddable":true,"href":"https:\/\/floridalawyers360.com\/es\/wp-json\/wp\/v2\/comments?post=6152"}],"version-history":[{"count":2,"href":"https:\/\/floridalawyers360.com\/es\/wp-json\/wp\/v2\/pages\/6152\/revisions"}],"predecessor-version":[{"id":6154,"href":"https:\/\/floridalawyers360.com\/es\/wp-json\/wp\/v2\/pages\/6152\/revisions\/6154"}],"up":[{"embeddable":true,"href":"https:\/\/floridalawyers360.com\/es\/wp-json\/wp\/v2\/pages\/6147"}],"wp:attachment":[{"href":"https:\/\/floridalawyers360.com\/es\/wp-json\/wp\/v2\/media?parent=6152"}],"wp:term":[{"taxonomy":"category","embeddable":true,"href":"https:\/\/floridalawyers360.com\/es\/wp-json\/wp\/v2\/categories?post=6152"},{"taxonomy":"post_tag","embeddable":true,"href":"https:\/\/floridalawyers360.com\/es\/wp-json\/wp\/v2\/tags?post=6152"}],"curies":[{"name":"wp","href":"https:\/\/api.w.org\/{rel}","templated":true}]}}