{"id":6149,"date":"2024-02-14T11:04:04","date_gmt":"2024-02-14T16:04:04","guid":{"rendered":"https:\/\/floridalawyers360.com\/winter-garden\/winter-garden-car-accident-lawyer\/"},"modified":"2024-03-20T01:09:33","modified_gmt":"2024-03-20T06:09:33","slug":"abogado-de-accidentes-de-trafico","status":"publish","type":"page","link":"https:\/\/floridalawyers360.com\/es\/winter-garden\/abogado-de-accidentes-de-trafico\/","title":{"rendered":"Abogado de accidentes de tr\u00e1fico"},"content":{"rendered":"<p>Si usted ha estado en un accidente de coche Winter Garden o sufrido lesiones personales en el curso de un accidente, es posible que no se dan cuenta de que necesita un abogado Winter Garden. Es posible que sienta que est\u00e1 en condiciones de manejar el caso usted mismo.<\/p>\n<p>Aunque es posible, hay ventajas de tener un abogado de accidentes automovil\u00edsticos de Winter Garden de buena reputaci\u00f3n luchando en su esquina.<\/p>\n<p>En primer lugar, un abogado de accidentes automovil\u00edsticos de Florida est\u00e1 bien versado en. Los abogados se entrenan durante a\u00f1os en la facultad de derecho, seguido de experiencia en la vida real, el manejo de docenas o incluso cientos de casos similares.<\/p>\n<p>Este tipo de experiencia es extremadamente dif\u00edcil de duplicar y proporciona enormes beneficios, como conocer las complejidades del complicado proceso con el que trabajan los abogados de lesiones personales.<\/p>\n<p>Un bufete de abogados de lesiones personales confiable puede ayudarle como lo har\u00e1 un abogado de Winter Garden para accidentes de coche. Sin embargo, usted debe considerar seriamente la contrataci\u00f3n de un profesional experimentado que es capaz de levantar parte de la carga de sus hombros.<\/p>\n<p>Un abogado experto en accidentes automovil\u00edsticos puede guiarlo sin que usted tenga que estar pendiente de los plazos, presentar documentos, responder solicitudes y trabajar con ajustadores y compa\u00f1\u00edas de seguros.<\/p>\n<p>Un abogado de lesiones personales de Winter Garden le ayudar\u00e1 a organizar todos los aspectos de su reclamaci\u00f3n. Esto le permite centrarse en la curaci\u00f3n de la lesi\u00f3n y seguir adelante con su vida.<\/p>\n\t\t<div data-elementor-type=\"section\" data-elementor-id=\"208\" class=\"elementor elementor-208\" data-elementor-post-type=\"elementor_library\">\n\t\t\t\t\t<section class=\"elementor-section elementor-top-section elementor-element elementor-element-485e576a elementor-section-boxed elementor-section-height-default elementor-section-height-default\" data-id=\"485e576a\" data-element_type=\"section\" data-e-type=\"section\">\n\t\t\t\t\t\t<div class=\"elementor-container elementor-column-gap-default\">\n\t\t\t\t\t<div class=\"elementor-column elementor-col-100 elementor-top-column elementor-element elementor-element-635c38c0\" data-id=\"635c38c0\" data-element_type=\"column\" data-e-type=\"column\">\n\t\t\t<div class=\"elementor-widget-wrap elementor-element-populated\">\n\t\t\t\t\t\t<div class=\"elementor-element elementor-element-3ba95c8a elementor-toc--minimized-on-tablet elementor-widget elementor-widget-table-of-contents\" data-id=\"3ba95c8a\" data-element_type=\"widget\" data-e-type=\"widget\" data-settings=\"{&quot;exclude_headings_by_selector&quot;:&quot;.toc-remove&quot;,&quot;headings_by_tags&quot;:[&quot;h2&quot;,&quot;h3&quot;],&quot;marker_view&quot;:&quot;numbers&quot;,&quot;no_headings_message&quot;:&quot;No headings were found on this page.&quot;,&quot;minimize_box&quot;:&quot;yes&quot;,&quot;minimized_on&quot;:&quot;tablet&quot;,&quot;hierarchical_view&quot;:&quot;yes&quot;,&quot;min_height&quot;:{&quot;unit&quot;:&quot;px&quot;,&quot;size&quot;:&quot;&quot;,&quot;sizes&quot;:[]},&quot;min_height_tablet&quot;:{&quot;unit&quot;:&quot;px&quot;,&quot;size&quot;:&quot;&quot;,&quot;sizes&quot;:[]},&quot;min_height_mobile&quot;:{&quot;unit&quot;:&quot;px&quot;,&quot;size&quot;:&quot;&quot;,&quot;sizes&quot;:[]}}\" data-widget_type=\"table-of-contents.default\">\n\t\t\t\t\t\t\t\t\t<div class=\"elementor-toc__header\">\n\t\t\t\t\t\t<div class=\"elementor-toc__header-title\">\n\t\t\t\tTable of Contents\t\t\t<\/div>\n\t\t\t\t\t\t\t\t\t\t<div class=\"elementor-toc__toggle-button elementor-toc__toggle-button--expand\" role=\"button\" tabindex=\"0\" aria-controls=\"elementor-toc__3ba95c8a\" aria-expanded=\"true\" aria-label=\"Open table of contents\"><svg aria-hidden=\"true\" class=\"e-font-icon-svg e-fas-chevron-down\" viewBox=\"0 0 448 512\" xmlns=\"http:\/\/www.w3.org\/2000\/svg\"><path d=\"M207.029 381.476L12.686 187.132c-9.373-9.373-9.373-24.569 0-33.941l22.667-22.667c9.357-9.357 24.522-9.375 33.901-.04L224 284.505l154.745-154.021c9.379-9.335 24.544-9.317 33.901.04l22.667 22.667c9.373 9.373 9.373 24.569 0 33.941L240.971 381.476c-9.373 9.372-24.569 9.372-33.942 0z\"><\/path><\/svg><\/div>\n\t\t\t\t<div class=\"elementor-toc__toggle-button elementor-toc__toggle-button--collapse\" role=\"button\" tabindex=\"0\" aria-controls=\"elementor-toc__3ba95c8a\" aria-expanded=\"true\" aria-label=\"Close table of contents\"><svg aria-hidden=\"true\" class=\"e-font-icon-svg e-fas-chevron-up\" viewBox=\"0 0 448 512\" xmlns=\"http:\/\/www.w3.org\/2000\/svg\"><path d=\"M240.971 130.524l194.343 194.343c9.373 9.373 9.373 24.569 0 33.941l-22.667 22.667c-9.357 9.357-24.522 9.375-33.901.04L224 227.495 69.255 381.516c-9.379 9.335-24.544 9.317-33.901-.04l-22.667-22.667c-9.373-9.373-9.373-24.569 0-33.941L207.03 130.525c9.372-9.373 24.568-9.373 33.941-.001z\"><\/path><\/svg><\/div>\n\t\t\t\t\t<\/div>\n\t\t\t\t<div id=\"elementor-toc__3ba95c8a\" class=\"elementor-toc__body\">\n\t\t\t<div class=\"elementor-toc__spinner-container\">\n\t\t\t\t<svg class=\"elementor-toc__spinner eicon-animation-spin e-font-icon-svg e-eicon-loading\" aria-hidden=\"true\" viewBox=\"0 0 1000 1000\" xmlns=\"http:\/\/www.w3.org\/2000\/svg\"><path d=\"M500 975V858C696 858 858 696 858 500S696 142 500 142 142 304 142 500H25C25 237 238 25 500 25S975 237 975 500 763 975 500 975Z\"><\/path><\/svg>\t\t\t<\/div>\n\t\t<\/div>\n\t\t\t\t\t\t<\/div>\n\t\t\t\t\t<\/div>\n\t\t<\/div>\n\t\t\t\t\t<\/div>\n\t\t<\/section>\n\t\t\t\t<\/div>\n\t\t\n<h2>\u00bfQu\u00e9 hacer tras un accidente de tr\u00e1fico?<\/h2>\n<p>Los accidentes de coche son manejados por abogados de lesiones personales todos los d\u00edas. Como ver\u00e1, los accidentes ocurren en Florida todos los d\u00edas. Antes de llamar a un abogado de accidentes automovil\u00edsticos en Winter Garden usted debe decidir si debe buscar atenci\u00f3n m\u00e9dica si ha estado en el curso de un accidente automovil\u00edstico en Winter Garden.<\/p>\n<p>Si el accidente fue grave en cualquier momento y usted tiene la m\u00e1s m\u00ednima posibilidad de ser herido de alguna manera, usted necesita buscar inmediatamente atenci\u00f3n m\u00e9dica. Esto es de vital importancia debido a una variedad de razones. Aumenta las posibilidades de recibir tratamiento r\u00e1pidamente y reduce el riesgo de da\u00f1os.<\/p>\n<p>Adem\u00e1s, registra inmediatamente las lesiones que sufres dejando un rastro de papel que puede ser \u00fatil m\u00e1s adelante. Adem\u00e1s, impide a la otra parte o a la compa\u00f1\u00eda de seguros de la otra parte alegar que tus lesiones se produjeron m\u00e1s tarde o que fueron causadas por algo distinto al accidente de tr\u00e1fico.<\/p>\n<p>Si su accidente de coche no fue lo suficientemente grave como para justificar una visita al m\u00e9dico, todav\u00eda hay otras medidas que puede tomar para ayudar en la preparaci\u00f3n de una futura reclamaci\u00f3n por accidente de coche. En primer lugar, debe compartir informaci\u00f3n de contacto y otros detalles con el conductor culpable.<\/p>\n<p>Es fundamental intercambiar informaci\u00f3n sobre el seguro y los datos de contacto con el conductor culpable. Esto permitir\u00e1 a la compa\u00f1\u00eda de seguros que usted tiene que obtener un informe de lesiones que le ayudar\u00e1 a usted ya suWinter Garden abogado de accidente de coche saber a qui\u00e9n contactar.<\/p>\n<p>Tambi\u00e9n es esencial obtener los datos de contacto de quienes pudieran haber presenciado el incidente. Estas personas podr\u00edan ser importantes m\u00e1s adelante en caso de discusi\u00f3n sobre el incidente.<\/p>\n<p>Si es posible, haz fotos de los coches y del lugar del accidente. Anota tambi\u00e9n todos los detalles que se te ocurran lo antes posible tras el accidente. Si el conductor del otro veh\u00edculo estaba distra\u00eddo o utilizando el tel\u00e9fono, o si iba a gran velocidad, o si el tiempo no era el ideal.<\/p>\n<p>Todos estos detalles pueden ser importantes m\u00e1s adelante, pero se olvidan f\u00e1cilmente tras el ajetreo de un accidente. Anotar toda la informaci\u00f3n que puedas poco despu\u00e9s de un accidente puede ser de gran ayuda m\u00e1s adelante.<\/p>\n<p><a href=\"https:\/\/floridalawyers360.com\/wp-content\/uploads\/2024\/02\/winter-garden-car-acc1-copy.webp\"><img fetchpriority=\"high\" decoding=\"async\" class=\"alignnone size-full wp-image-3067\" src=\"https:\/\/floridalawyers360.com\/wp-content\/uploads\/2024\/02\/winter-garden-car-acc1-copy.webp\" alt=\"Winter Garden Car Accident\" width=\"500\" height=\"334\" srcset=\"https:\/\/floridalawyers360.com\/wp-content\/uploads\/2024\/02\/winter-garden-car-acc1-copy.webp 500w, https:\/\/floridalawyers360.com\/wp-content\/uploads\/2024\/02\/winter-garden-car-acc1-copy-300x200.webp 300w\" sizes=\"(max-width: 500px) 100vw, 500px\" \/><\/a><\/p>\n<h2>Las im\u00e1genes son importantes para un abogado en un caso de accidente de tr\u00e1fico<\/h2>\n<p>La gente suele decir que las im\u00e1genes valen m\u00e1s que 1000 palabras o m\u00e1s. Si despu\u00e9s el accidente es discutible, o quiz\u00e1s una de las partes afirma que no fue tan grave como se dice las fotos pueden ser una gran soluci\u00f3n para acabar con la discusi\u00f3n.<\/p>\n<p>Una foto de un coche aplastado puede proporcionar al jurado o al juez la informaci\u00f3n que necesitan sobre la gravedad del siniestro. Las fotograf\u00edas tambi\u00e9n se utilizan para ilustrar la gravedad de las lesiones. Ayudan al p\u00fablico a comprender de inmediato la gravedad de las lesiones.<\/p>\n<p>Si puede, tome fotos del accidente para mostr\u00e1rselas a su abogado de accidentes automovil\u00edsticos de Winter Garden. Tome fotos de su veh\u00edculo con su tel\u00e9fono inteligente o c\u00e1mara y tomar fotos a medida que avanza.<\/p>\n<p>Conseguir algunas fotos del otro coche (s) involucrados en el accidente tambi\u00e9n puede ser \u00fatil y tambi\u00e9n m\u00e1s fotos generales de la escena del accidente.<\/p>\n<p>Ten en cuenta que la seguridad es mucho m\u00e1s importante que preservar el accidente. No salgas de tu coche para hacer fotos en situaciones en las que no sea seguro hacerlo, ya que esto podr\u00eda hacer que un accidente malo sea mucho, mucho peor.<\/p>\n<h2>\u00bfCu\u00e1l es la mejor manera de ayudar a un abogado de lesiones personales a determinar la culpa en un accidente de coche?<\/h2>\n<p>Es importante entender que en el caso de un accidente en Winter Garden, Florida maneja los casos de accidentes automovil\u00edsticos de una manera diferente a la mayor\u00eda de los estados. Florida se encuentra entre los 12 estados que tienen leyes de seguro de auto sin culpa.<\/p>\n<p>Estas leyes, que entraron en vigor a principios de 1970 fueron dise\u00f1adas para hacer m\u00e1s r\u00e1pido y m\u00e1s eficiente el cobro de da\u00f1os y perjuicios despu\u00e9s de un accidente de coche.<\/p>\n<p>La ley de Florida exige que todos los conductores de Florida contraten un Seguro de Lesiones Personales (tambi\u00e9n conocido como \u00abPIP\u00bb). Cubrir\u00e1 los gastos m\u00e9dicos, p\u00e9rdida de salarios, gastos m\u00e9dicos y otros costes relacionados, independientemente de qui\u00e9n haya sido el responsable del accidente.<\/p>\n<p>La compa\u00f1\u00eda de seguros que usted elija debe pagar su p\u00e9rdida independientemente de qui\u00e9n fue el responsable.<\/p>\n<p><a href=\"https:\/\/floridalawyers360.com\/wp-content\/uploads\/2024\/02\/winter-garden-car-acc2-copy.webp\"><img decoding=\"async\" class=\"alignnone size-full wp-image-3068\" src=\"https:\/\/floridalawyers360.com\/wp-content\/uploads\/2024\/02\/winter-garden-car-acc2-copy.webp\" alt=\"Two people after a car accident\" width=\"500\" height=\"334\" srcset=\"https:\/\/floridalawyers360.com\/wp-content\/uploads\/2024\/02\/winter-garden-car-acc2-copy.webp 500w, https:\/\/floridalawyers360.com\/wp-content\/uploads\/2024\/02\/winter-garden-car-acc2-copy-300x200.webp 300w\" sizes=\"(max-width: 500px) 100vw, 500px\" \/><\/a><\/p>\n<h2>\u00bfCu\u00e1les son los factores que afectan el valor de un accidente de coche?<\/h2>\n<p>Para todos los abogados de accidentes automovil\u00edsticos de Winter Garden, es una pregunta que se hace con frecuencia y, en realidad, todos los abogados que manejan casos de accidentes automovil\u00edsticos generalmente reciben esta consulta. A muchas v\u00edctimas de accidentes automovil\u00edsticos les gustar\u00eda saber qu\u00e9 tan valioso podr\u00eda ser su caso.<\/p>\n<p>Es dif\u00edcil responder a esta pregunta de manera general, ya que cada caso ser\u00e1 diferente.<\/p>\n<p>Hay algunas categor\u00edas de da\u00f1os que determinar\u00e1n el valor de una instancia que implica un accidente de coche. Un abogado puede ayudarle a entender estos m\u00e1s con el fin de darle una mejor idea de cu\u00e1nto podr\u00eda valer su caso.<\/p>\n<p>Incluyen facturas m\u00e9dicas del pasado y gastos m\u00e9dicos futuros, p\u00e9rdida de salarios\/ausencia del trabajo p\u00e9rdida de la capacidad de ganancia futura, dolor y sufrimiento.<\/p>\n<p>En las categor\u00edas anteriores, se tendr\u00e1n en cuenta determinados factores a la hora de decidir la cuant\u00eda de la indemnizaci\u00f3n que le corresponde. Los factores a considerar son la gravedad y la severidad de sus lesiones detalles sobre el accidente (\u00bffue simplemente negligencia, imprudencia, o negligencia grave, intencionada?<\/p>\n<p>su nivel de responsabilidad en su historial laboral, la capacidad que tiene para ganarse la vida, as\u00ed como su estilo de vida y su esperanza de vida. Estos son s\u00f3lo algunos de los elementos que influyen en la cuant\u00eda de la indemnizaci\u00f3n a pagar por un caso de accidente de coche en Florida.<\/p>\n<p>Esta es la raz\u00f3n por la cual un buen abogado de accidentes automovil\u00edsticos en Winter Garden, FL puede ser invaluable para obtener asesoramiento.<\/p>\n<h2>\u00bfCu\u00e1l es el tiempo est\u00e1ndar que se tarda en resolver un caso?<\/h2>\n<p>Sin saber los detalles espec\u00edficos de sus circunstancias es una cuesti\u00f3n diferente. Un abogado de accidentes automovil\u00edsticos en Winter Garden no puede estimar cu\u00e1nto tiempo podr\u00eda tomar. Porque cada caso es \u00fanico dependiendo de las acciones de usted, los ajustadores de seguros y la parte contraria.<\/p>\n<p>Hay numerosos otros factores no identificados que pueden retrasar su reclamo o acelerarlo. En general, las reclamaciones por accidentes de coche se pueden completar en s\u00f3lo varios meses, o cuando van a juicio, podr\u00edan tardar hasta varios a\u00f1os.<\/p>\n<h2>\u00bfQu\u00e9 ocurre si un caso de accidente de coche va a juicio?<\/h2>\n<p>Mucha gente piensa que todos los accidentes de coche terminan ante un jurado durante una dram\u00e1tica batalla judicial que algunos est\u00e1n nerviosos y deseosos de evitar. La buena noticia es que hecho de los casos de accidentes de coche en Winter Garden es que la gran mayor\u00eda de ellos se resuelven antes del juicio.<\/p>\n<p>Muchas demandas se resuelven a trav\u00e9s de la negociaci\u00f3n, algo que puede ayudar a ambas partes a ahorrar tiempo y dinero en efectivo.<\/p>\n<p>Un peque\u00f1o porcentaje de casos requerir\u00e1 la intervenci\u00f3n del juez. En realidad, nunca se sabe de antemano qu\u00e9 reclamaciones tendr\u00e1n que llevarse a juicio.<\/p>\n<p>Por eso es crucial que el abogado de accidentes de coche en Winter Garden que usted elija se sienta a gusto con la forma en que decida llevar el caso, ya sea negociando un acuerdo o presentando el caso ante el juez.<\/p>\n<p><a href=\"https:\/\/floridalawyers360.com\/wp-content\/uploads\/2024\/02\/winter-garden-car-acc3.jpeg\"><img decoding=\"async\" class=\"alignnone size-full wp-image-3069\" src=\"https:\/\/floridalawyers360.com\/wp-content\/uploads\/2024\/02\/winter-garden-car-acc3.jpeg\" alt=\"Winter Garden Car Accident Lawyer\" width=\"500\" height=\"334\" srcset=\"https:\/\/floridalawyers360.com\/wp-content\/uploads\/2024\/02\/winter-garden-car-acc3.jpeg 500w, https:\/\/floridalawyers360.com\/wp-content\/uploads\/2024\/02\/winter-garden-car-acc3-300x200.jpeg 300w\" sizes=\"(max-width: 500px) 100vw, 500px\" \/><\/a><\/p>\n<h2>\u00bfCu\u00e1nto tiempo tiene para presentar una demanda por accidente de coche?<\/h2>\n<p>Es una triste realidad que las v\u00edctimas de accidentes de coche no se les da una cantidad ilimitada de tiempo para recuperarse y sanar antes de decidir la mejor manera de proceder con su situaci\u00f3n.<\/p>\n<p>Esto se debe al hecho de que las reclamaciones derivadas de accidentes de coche dependen de una ley estatal espec\u00edfica que limita la cantidad de tiempo que un individuo tiene antes de perder el derecho a reclamar da\u00f1os y perjuicios.<\/p>\n<p>Esto se llama el estatuto de limitaciones, y est\u00e1 destinado a cortar el tiempo que uno tiene que esperar antes de presentar una demanda despu\u00e9s de haber sido herido.<\/p>\n<p>No existe un plazo de prescripci\u00f3n universal y var\u00eda en funci\u00f3n del Estado y del tipo de lesi\u00f3n de que se trate.<\/p>\n<p>En Florida, las demandas por lesiones personales contra el tercero culpable deben presentarse en un plazo de cuatro a\u00f1os a partir de la fecha de la lesi\u00f3n. Las personas tienen cuatro a\u00f1os despu\u00e9s de la fecha de la lesi\u00f3n para presentar reclamaciones sin seguro \/ con seguro insuficiente en contra de su propia compa\u00f1\u00eda de seguros.<\/p>\n<p>Para obtener m\u00e1s informaci\u00f3n sobre este tema, llame a un abogado de Winter Garden para los accidentes de coche hoy.<\/p>\n<h2>Comun\u00edquese ahora con un abogado de accidentes automovil\u00edsticos de Winter Garden<\/h2>\n<p>Para asistencia si usted ha estado involucrado en un accidente automovil\u00edstico p\u00f3ngase en contacto con nuestros abogados de accidentes automovil\u00edsticos de Winter Garden en Florida Lawyers 360. Ll\u00e1menos al [tel\u00e9fono] para programar su revisi\u00f3n gratuita de su caso. Estamos disponibles 24\/7.<\/p>\n","protected":false},"excerpt":{"rendered":"<p>Si usted ha estado en un accidente de coche Winter Garden o sufrido lesiones personales en el curso de un accidente, es posible que no se dan cuenta de que necesita un abogado Winter Garden. Es posible que sienta que est\u00e1 en condiciones de manejar el caso usted mismo. Aunque es posible, hay ventajas de [&hellip;]<\/p>\n","protected":false},"author":22,"featured_media":0,"parent":6147,"menu_order":0,"comment_status":"closed","ping_status":"closed","template":"","meta":{"_acf_changed":false,"anchor_text":"","footnotes":""},"categories":[],"tags":[],"class_list":["post-6149","page","type-page","status-publish","hentry"],"acf":[],"_links":{"self":[{"href":"https:\/\/floridalawyers360.com\/es\/wp-json\/wp\/v2\/pages\/6149","targetHints":{"allow":["GET"]}}],"collection":[{"href":"https:\/\/floridalawyers360.com\/es\/wp-json\/wp\/v2\/pages"}],"about":[{"href":"https:\/\/floridalawyers360.com\/es\/wp-json\/wp\/v2\/types\/page"}],"author":[{"embeddable":true,"href":"https:\/\/floridalawyers360.com\/es\/wp-json\/wp\/v2\/users\/22"}],"replies":[{"embeddable":true,"href":"https:\/\/floridalawyers360.com\/es\/wp-json\/wp\/v2\/comments?post=6149"}],"version-history":[{"count":2,"href":"https:\/\/floridalawyers360.com\/es\/wp-json\/wp\/v2\/pages\/6149\/revisions"}],"predecessor-version":[{"id":6151,"href":"https:\/\/floridalawyers360.com\/es\/wp-json\/wp\/v2\/pages\/6149\/revisions\/6151"}],"up":[{"embeddable":true,"href":"https:\/\/floridalawyers360.com\/es\/wp-json\/wp\/v2\/pages\/6147"}],"wp:attachment":[{"href":"https:\/\/floridalawyers360.com\/es\/wp-json\/wp\/v2\/media?parent=6149"}],"wp:term":[{"taxonomy":"category","embeddable":true,"href":"https:\/\/floridalawyers360.com\/es\/wp-json\/wp\/v2\/categories?post=6149"},{"taxonomy":"post_tag","embeddable":true,"href":"https:\/\/floridalawyers360.com\/es\/wp-json\/wp\/v2\/tags?post=6149"}],"curies":[{"name":"wp","href":"https:\/\/api.w.org\/{rel}","templated":true}]}}