{"id":6143,"date":"2024-02-14T10:58:29","date_gmt":"2024-02-14T15:58:29","guid":{"rendered":"https:\/\/floridalawyers360.com\/the-villages\/workers-compensation-claim-process-in-the-villages-fl\/"},"modified":"2024-03-20T01:08:45","modified_gmt":"2024-03-20T06:08:45","slug":"proceso-de-reclamacion-de-indemnizacion-por-accidente-laboral-en-the-villages","status":"publish","type":"page","link":"https:\/\/floridalawyers360.com\/es\/the-villages\/proceso-de-reclamacion-de-indemnizacion-por-accidente-laboral-en-the-villages\/","title":{"rendered":"Proceso de reclamaci\u00f3n de indemnizaci\u00f3n por accidente laboral en the Villages"},"content":{"rendered":"<p>El estatuto de compensaci\u00f3n de los trabajadores de Florida cubre la gran mayor\u00eda de las lesiones, enfermedades, dolencias y muertes que se producen en el lugar de trabajo.<\/p>\n<p>Cuando usted se lesiona mientras realiza su trabajo en The Villages, Florida, tiene derecho a reclamar beneficios de la cobertura del seguro de compensaci\u00f3n de trabajadores de su empleador.<\/p>\n<p>El proceso de reclamaci\u00f3n de indemnizaci\u00f3n por accidente laboral en The Villages es bastante complicado y requiere asistencia profesional para navegar por el sistema con \u00e9xito.<\/p>\n<p>Si usted no contrata al mejor abogado de compensaci\u00f3n laboral en The Villages FL para manejar su reclamo, estar\u00e1 dejando mucho dinero sobre la mesa.<\/p>\n<div class=\"embed-container\"><iframe src=\"https:\/\/www.youtube.com\/embed\/auB7BAALcQA\" frameborder=\"0\" allowfullscreen=\"allowfullscreen\"><\/iframe><\/div>\n<p>El prop\u00f3sito del sistema de compensaci\u00f3n de los trabajadores es eludir el proceso normal de litigio civil &#8211; que puede tardar a\u00f1os en completarse, as\u00ed como obligar al empleado lesionado a demostrar la negligencia del empleador para obtener los beneficios necesarios.<\/p>\n<p>Un abogado de indemnizaci\u00f3n por accidente laboral en The Villages FL con experiencia y buena reputaci\u00f3n puede ayudarle a obtener las m\u00e1ximas prestaciones por sus lesiones laborales. Pero el factor m\u00e1s importante es contratar al mejor abogado para manejar su reclamo.<\/p>\n<p>Workers&#8217; Compensation Lawyers Coalition Florida en The Villages, FL es su socio legal de confianza para ayudarle a navegar por el complicado estatuto de compensaci\u00f3n de trabajadores en Florida.<\/p>\n<p>Nuestros abogados de compensaci\u00f3n de trabajadores tienen mucha experiencia en el manejo de cientos de casos similares en el pasado.<\/p>\n<p>Nuestro equipo ha ganado millones de d\u00f3lares en indemnizaciones en nombre de sus clientes en The Villages. Nuestros abogados evaluar\u00e1n su reclamo y le recomendar\u00e1n el mejor curso de acci\u00f3n para ganar su reclamo.<\/p>\n<p>Estaremos con usted durante todo el proceso de reclamaci\u00f3n hasta que sea compensado adecuadamente por sus lesiones.<\/p>\n<p>Cada cliente es importante para nosotros. Tratamos a cada cliente como una persona y no s\u00f3lo un n\u00famero. Es por eso que usted necesita confiar en Workers&#8217; Compensation Lawyers Coalition Florida para manejar su proceso de reclamos de compensaci\u00f3n laboral en The Villages.<\/p>\n<p>Comun\u00edquese con la Coalici\u00f3n de Abogados de Indemnizaci\u00f3n Laboral de Florida en The Villages, FL ahora mismo al [tel\u00e9fono] para evaluar su proceso de reclamaci\u00f3n de indemnizaci\u00f3n laboral y obtener la indemnizaci\u00f3n adecuada por sus lesiones laborales.<\/p>\n\t\t<div data-elementor-type=\"section\" data-elementor-id=\"208\" class=\"elementor elementor-208\" data-elementor-post-type=\"elementor_library\">\n\t\t\t\t\t<section class=\"elementor-section elementor-top-section elementor-element elementor-element-485e576a elementor-section-boxed elementor-section-height-default elementor-section-height-default\" data-id=\"485e576a\" data-element_type=\"section\" data-e-type=\"section\">\n\t\t\t\t\t\t<div class=\"elementor-container elementor-column-gap-default\">\n\t\t\t\t\t<div class=\"elementor-column elementor-col-100 elementor-top-column elementor-element elementor-element-635c38c0\" data-id=\"635c38c0\" data-element_type=\"column\" data-e-type=\"column\">\n\t\t\t<div class=\"elementor-widget-wrap elementor-element-populated\">\n\t\t\t\t\t\t<div class=\"elementor-element elementor-element-3ba95c8a elementor-toc--minimized-on-tablet elementor-widget elementor-widget-table-of-contents\" data-id=\"3ba95c8a\" data-element_type=\"widget\" data-e-type=\"widget\" data-settings=\"{&quot;exclude_headings_by_selector&quot;:&quot;.toc-remove&quot;,&quot;headings_by_tags&quot;:[&quot;h2&quot;,&quot;h3&quot;],&quot;marker_view&quot;:&quot;numbers&quot;,&quot;no_headings_message&quot;:&quot;No se ha encontrado ning\\u00fan encabezado en esta p\\u00e1gina.&quot;,&quot;minimize_box&quot;:&quot;yes&quot;,&quot;minimized_on&quot;:&quot;tablet&quot;,&quot;hierarchical_view&quot;:&quot;yes&quot;,&quot;min_height&quot;:{&quot;unit&quot;:&quot;px&quot;,&quot;size&quot;:&quot;&quot;,&quot;sizes&quot;:[]},&quot;min_height_tablet&quot;:{&quot;unit&quot;:&quot;px&quot;,&quot;size&quot;:&quot;&quot;,&quot;sizes&quot;:[]},&quot;min_height_mobile&quot;:{&quot;unit&quot;:&quot;px&quot;,&quot;size&quot;:&quot;&quot;,&quot;sizes&quot;:[]}}\" data-widget_type=\"table-of-contents.default\">\n\t\t\t\t\t\t\t\t\t<div class=\"elementor-toc__header\">\n\t\t\t\t\t\t<div class=\"elementor-toc__header-title\">\n\t\t\t\tTable of Contents\t\t\t<\/div>\n\t\t\t\t\t\t\t\t\t\t<div class=\"elementor-toc__toggle-button elementor-toc__toggle-button--expand\" role=\"button\" tabindex=\"0\" aria-controls=\"elementor-toc__3ba95c8a\" aria-expanded=\"true\" aria-label=\"Abrir la tabla de contenidos\"><svg aria-hidden=\"true\" class=\"e-font-icon-svg e-fas-chevron-down\" viewBox=\"0 0 448 512\" xmlns=\"http:\/\/www.w3.org\/2000\/svg\"><path d=\"M207.029 381.476L12.686 187.132c-9.373-9.373-9.373-24.569 0-33.941l22.667-22.667c9.357-9.357 24.522-9.375 33.901-.04L224 284.505l154.745-154.021c9.379-9.335 24.544-9.317 33.901.04l22.667 22.667c9.373 9.373 9.373 24.569 0 33.941L240.971 381.476c-9.373 9.372-24.569 9.372-33.942 0z\"><\/path><\/svg><\/div>\n\t\t\t\t<div class=\"elementor-toc__toggle-button elementor-toc__toggle-button--collapse\" role=\"button\" tabindex=\"0\" aria-controls=\"elementor-toc__3ba95c8a\" aria-expanded=\"true\" aria-label=\"Cerrar la tabla de contenidos\"><svg aria-hidden=\"true\" class=\"e-font-icon-svg e-fas-chevron-up\" viewBox=\"0 0 448 512\" xmlns=\"http:\/\/www.w3.org\/2000\/svg\"><path d=\"M240.971 130.524l194.343 194.343c9.373 9.373 9.373 24.569 0 33.941l-22.667 22.667c-9.357 9.357-24.522 9.375-33.901.04L224 227.495 69.255 381.516c-9.379 9.335-24.544 9.317-33.901-.04l-22.667-22.667c-9.373-9.373-9.373-24.569 0-33.941L207.03 130.525c9.372-9.373 24.568-9.373 33.941-.001z\"><\/path><\/svg><\/div>\n\t\t\t\t\t<\/div>\n\t\t\t\t<div id=\"elementor-toc__3ba95c8a\" class=\"elementor-toc__body\">\n\t\t\t<div class=\"elementor-toc__spinner-container\">\n\t\t\t\t<svg class=\"elementor-toc__spinner eicon-animation-spin e-font-icon-svg e-eicon-loading\" aria-hidden=\"true\" viewBox=\"0 0 1000 1000\" xmlns=\"http:\/\/www.w3.org\/2000\/svg\"><path d=\"M500 975V858C696 858 858 696 858 500S696 142 500 142 142 304 142 500H25C25 237 238 25 500 25S975 237 975 500 763 975 500 975Z\"><\/path><\/svg>\t\t\t<\/div>\n\t\t<\/div>\n\t\t\t\t\t\t<\/div>\n\t\t\t\t\t<\/div>\n\t\t<\/div>\n\t\t\t\t\t<\/div>\n\t\t<\/section>\n\t\t\t\t<\/div>\n\t\t\n<h2>\u00bfC\u00f3mo puedo saber si mi lesi\u00f3n estar\u00e1 cubierta por una reclamaci\u00f3n de indemnizaci\u00f3n laboral en The Villages?<\/h2>\n<p>El sistema de compensaci\u00f3n de trabajadores de Florida cubre casi todas las enfermedades y lesiones que se producen mientras el empleado est\u00e1 realizando su trabajo.<\/p>\n<p>Pero hay algunas excepciones a esta regla como cuando las lesiones son autoinfligidas por el empleado para reclamar beneficios del sistema.<\/p>\n<p>Estas son algunas de las lesiones m\u00e1s comunes que est\u00e1n cubiertas por el seguro de compensaci\u00f3n de trabajadores en The Villages FL:<\/p>\n<ul>\n<li>Lesiones por resbalones y ca\u00eddas en el lugar de trabajo<\/li>\n<li>Amputaciones de extremidades por accidentes al manejar maquinaria y equipos<\/li>\n<li>P\u00e9rdida de audici\u00f3n y visi\u00f3n<\/li>\n<li>Lesiones cerebrales traum\u00e1ticas<\/li>\n<li>Mesotelioma por exposici\u00f3n regular al amianto<\/li>\n<li>Quemaduras graves por electrocuci\u00f3n y productos qu\u00edmicos<\/li>\n<li>Lesiones en la zona lumbar, los hombros y las rodillas por levantar objetos de forma inadecuada.<\/li>\n<li>Enfermedades neum\u00f3nicas graves, asma<\/li>\n<\/ul>\n<p>&nbsp;<\/p>\n<p>En algunos casos, las lesiones no est\u00e1n cubiertas por el seguro de accidentes laborales aunque se produzcan en el lugar de trabajo. Estas son algunas de las lesiones que no cubre el seguro de accidentes de trabajo:<\/p>\n<ul>\n<li>Lesiones que se producen al pelearse con otro trabajador<\/li>\n<li>Lesiones autoinfligidas<\/li>\n<li>Si te lesionas mientras realizas tu trabajo sin el equipo de seguridad recomendado, el sistema no cubrir\u00e1 tus lesiones.<\/li>\n<li>Si te lesionas mientras realizas tu trabajo bajo los efectos del alcohol o las drogas, el seguro de accidentes de trabajo no cubrir\u00e1 los da\u00f1os.<\/li>\n<li>Si te has lesionado realizando un trabajo no relacionado o no autorizado por tu empresa o superior, el seguro de accidentes de trabajo no cubrir\u00e1 tus lesiones.<\/li>\n<\/ul>\n<p>&nbsp;<\/p>\n<p><a href=\"https:\/\/floridalawyers360.com\/wp-content\/uploads\/2024\/03\/the-villages-claim1-copy.webp\"><img fetchpriority=\"high\" decoding=\"async\" class=\"alignnone size-full wp-image-4771\" src=\"https:\/\/floridalawyers360.com\/wp-content\/uploads\/2024\/03\/the-villages-claim1-copy.webp\" alt=\"We can help you with the workers' compensation claim process\" width=\"500\" height=\"334\" srcset=\"https:\/\/floridalawyers360.com\/wp-content\/uploads\/2024\/03\/the-villages-claim1-copy.webp 500w, https:\/\/floridalawyers360.com\/wp-content\/uploads\/2024\/03\/the-villages-claim1-copy-300x200.webp 300w\" sizes=\"(max-width: 500px) 100vw, 500px\" \/><\/a><\/p>\n<p>Aseg\u00farese de contactar a los experimentados abogados de indemnizaci\u00f3n laboral de Workers&#8217; Compensation Lawyers Coalition Florida en The Villages FL para que se encarguen del proceso de reclamaci\u00f3n y obtengan una indemnizaci\u00f3n adecuada por su enfermedad o lesiones.<\/p>\n<h2>\u00bfCu\u00e1nto tiempo tengo para iniciar un proceso de reclamaci\u00f3n de indemnizaci\u00f3n laboral en The Villages, Florida?<\/h2>\n<p>Usted tiene dos a\u00f1os a partir de la fecha de la lesi\u00f3n subyacente para presentar su proceso de reclamaci\u00f3n en The Villages, Florida. &#8216;<\/p>\n<p>Aseg\u00farese de presentar la reclamaci\u00f3n lo antes posible para proteger la accesibilidad de pruebas y testigos que son importantes para probar su reclamaci\u00f3n y obtener los m\u00e1ximos beneficios.<\/p>\n<p>Hable con un abogado con experiencia en compensaci\u00f3n laboral en Workers&#8217; Compensation Lawyers Coalition Florida para conocer sus derechos y el proceso de reclamaci\u00f3n.<\/p>\n<h2>\u00bfC\u00f3mo se inicia el proceso de reclamaci\u00f3n de indemnizaci\u00f3n por accidente laboral en The Villages?<\/h2>\n<p>Cuando usted ha sido lesionado en el trabajo, el primer paso del proceso de reclamaci\u00f3n es notificar a su superior o empleador sobre el accidente o lesiones.<\/p>\n<p>Proporcione todos los detalles sobre el accidente y las lesiones, como cu\u00e1ndo ocurri\u00f3 el accidente, c\u00f3mo se lesion\u00f3 en el proceso y qu\u00e9 tipo de lesiones ha sufrido como consecuencia del incidente.<\/p>\n<p>Tienes 30 d\u00edas a partir de la fecha del accidente para notific\u00e1rselo al empresario. No respetar el plazo legal puede hacerle perder una parte o la totalidad de las prestaciones reclamadas.<\/p>\n<p>El siguiente paso es rellenar el Formulario-18 y presentar su reclamaci\u00f3n formal ante la Comisi\u00f3n Industrial de Florida.<\/p>\n<p>Aseg\u00farese de respetar los plazos legales de Florida al presentar la reclamaci\u00f3n ante las autoridades pertinentes para que \u00e9stas puedan tramitar legalmente su reclamaci\u00f3n. Las autoridades deber\u00edan aceptar su reclamaci\u00f3n o denegarla y notificarle su decisi\u00f3n.<\/p>\n<p>Usted debe trabajar con el mejor abogado de compensaci\u00f3n de trabajadores en The Villages FL cuando presente su reclamo de compensaci\u00f3n de trabajadores.<\/p>\n<p>Los experimentados abogados de indemnizaci\u00f3n laboral de Workers&#8217; Compensation Lawyers Coalition Florida pueden ayudarlo a construir un caso s\u00f3lido para obtener una indemnizaci\u00f3n adecuada por sus lesiones.<\/p>\n<p>Aproveche nuestras sesiones de consulta gratuitas para conocer sus opciones.<\/p>\n<p><a href=\"https:\/\/floridalawyers360.com\/wp-content\/uploads\/2024\/03\/the-villages-claim2-copy.webp\"><img decoding=\"async\" class=\"alignnone size-full wp-image-4773\" src=\"https:\/\/floridalawyers360.com\/wp-content\/uploads\/2024\/03\/the-villages-claim2-copy.webp\" alt=\"Reach out to our legal team with help in the workers' comp claim process\" width=\"500\" height=\"334\" srcset=\"https:\/\/floridalawyers360.com\/wp-content\/uploads\/2024\/03\/the-villages-claim2-copy.webp 500w, https:\/\/floridalawyers360.com\/wp-content\/uploads\/2024\/03\/the-villages-claim2-copy-300x200.webp 300w\" sizes=\"(max-width: 500px) 100vw, 500px\" \/><\/a><\/p>\n<h2>P\u00f3ngase en contacto con nuestros abogados hoy para obtener ayuda con su proceso de reclamaci\u00f3n de compensaci\u00f3n laboral en The Villages<\/h2>\n<p>Cuando usted ha sido lesionado mientras realizaba su trabajo en The Villages FL, usted tiene derecho a reclamar una indemnizaci\u00f3n por sus lesiones de la cobertura del seguro de compensaci\u00f3n de trabajadores de su empleador.<\/p>\n<p>El estatuto de compensaci\u00f3n de trabajadores de Florida es bastante complicado de navegar sin la ayuda de expertos.<\/p>\n<p>Usted necesita contratar al mejor abogado de la ciudad para manejar su reclamo y obtener los m\u00e1ximos beneficios.<\/p>\n<p>Comun\u00edquese con la Coalici\u00f3n de Abogados de Indemnizaci\u00f3n Laboral de Florida en The Villages, FL ahora mismo al [tel\u00e9fono] para evaluar su proceso de reclamaci\u00f3n de indemnizaci\u00f3n laboral y obtener una compensaci\u00f3n adecuada por sus lesiones laborales.<\/p>\n","protected":false},"excerpt":{"rendered":"<p>El estatuto de compensaci\u00f3n de los trabajadores de Florida cubre la gran mayor\u00eda de las lesiones, enfermedades, dolencias y muertes que se producen en el lugar de trabajo. Cuando usted se lesiona mientras realiza su trabajo en The Villages, Florida, tiene derecho a reclamar beneficios de la cobertura del seguro de compensaci\u00f3n de trabajadores de [&hellip;]<\/p>\n","protected":false},"author":22,"featured_media":0,"parent":6124,"menu_order":0,"comment_status":"closed","ping_status":"closed","template":"","meta":{"_acf_changed":false,"anchor_text":"","footnotes":""},"categories":[],"tags":[],"class_list":["post-6143","page","type-page","status-publish","hentry"],"acf":[],"_links":{"self":[{"href":"https:\/\/floridalawyers360.com\/es\/wp-json\/wp\/v2\/pages\/6143","targetHints":{"allow":["GET"]}}],"collection":[{"href":"https:\/\/floridalawyers360.com\/es\/wp-json\/wp\/v2\/pages"}],"about":[{"href":"https:\/\/floridalawyers360.com\/es\/wp-json\/wp\/v2\/types\/page"}],"author":[{"embeddable":true,"href":"https:\/\/floridalawyers360.com\/es\/wp-json\/wp\/v2\/users\/22"}],"replies":[{"embeddable":true,"href":"https:\/\/floridalawyers360.com\/es\/wp-json\/wp\/v2\/comments?post=6143"}],"version-history":[{"count":3,"href":"https:\/\/floridalawyers360.com\/es\/wp-json\/wp\/v2\/pages\/6143\/revisions"}],"predecessor-version":[{"id":6146,"href":"https:\/\/floridalawyers360.com\/es\/wp-json\/wp\/v2\/pages\/6143\/revisions\/6146"}],"up":[{"embeddable":true,"href":"https:\/\/floridalawyers360.com\/es\/wp-json\/wp\/v2\/pages\/6124"}],"wp:attachment":[{"href":"https:\/\/floridalawyers360.com\/es\/wp-json\/wp\/v2\/media?parent=6143"}],"wp:term":[{"taxonomy":"category","embeddable":true,"href":"https:\/\/floridalawyers360.com\/es\/wp-json\/wp\/v2\/categories?post=6143"},{"taxonomy":"post_tag","embeddable":true,"href":"https:\/\/floridalawyers360.com\/es\/wp-json\/wp\/v2\/tags?post=6143"}],"curies":[{"name":"wp","href":"https:\/\/api.w.org\/{rel}","templated":true}]}}