{"id":6140,"date":"2024-02-14T10:57:50","date_gmt":"2024-02-14T15:57:50","guid":{"rendered":"https:\/\/floridalawyers360.com\/the-villages\/workers-compensation-benefits-in-the-villages-fl\/"},"modified":"2024-03-20T01:08:00","modified_gmt":"2024-03-20T06:08:00","slug":"prestaciones-por-accidentes-de-trabajo-en-the-villages","status":"publish","type":"page","link":"https:\/\/floridalawyers360.com\/es\/the-villages\/prestaciones-por-accidentes-de-trabajo-en-the-villages\/","title":{"rendered":"Prestaciones por accidentes de trabajo en The Villages"},"content":{"rendered":"<p>La mayor\u00eda de los empleados del estado de Florida est\u00e1n cubiertos por alg\u00fan tipo de seguro de indemnizaci\u00f3n por accidente laboral.<\/p>\n<p>Lo que var\u00eda es el tipo de prestaciones que recibir\u00e1n y la duraci\u00f3n de las mismas. Esos valores s\u00f3lo pueden determinarse despu\u00e9s de que la persona se haya lesionado y variar\u00e1n de acuerdo con su salario semanal promedio.<\/p>\n<p>Para obtener m\u00e1s informaci\u00f3n sobre los beneficios de compensaci\u00f3n laboral en The Villages, FL comun\u00edquese hoy mismo con uno de nuestros abogados de compensaci\u00f3n laboral cercanos.<\/p>\n<div class=\"embed-container\"><iframe src=\"https:\/\/www.youtube.com\/embed\/cuUSJrH6vFA\" frameborder=\"0\" allowfullscreen=\"allowfullscreen\"><\/iframe><\/div>\n<p>Nuestro equipo legal ha ayudado a innumerables clientes a obtener la indemnizaci\u00f3n que merecen de forma continuada. Luchamos por nuestros clientes, incluso cuando las reclamaciones son denegadas y los proveedores de seguros son reacios a hacer los pagos.<\/p>\n<p>Entendemos la ley de compensaci\u00f3n de trabajadores de la Florida y lo que se necesita para hacer un caso exitoso. Si necesita ayuda con sus beneficios de compensaci\u00f3n de trabajadores, entonces ll\u00e1menos inmediatamente al [tel\u00e9fono] para obtener asistencia.<\/p>\n\t\t<div data-elementor-type=\"section\" data-elementor-id=\"208\" class=\"elementor elementor-208\" data-elementor-post-type=\"elementor_library\">\n\t\t\t\t\t<section class=\"elementor-section elementor-top-section elementor-element elementor-element-485e576a elementor-section-boxed elementor-section-height-default elementor-section-height-default\" data-id=\"485e576a\" data-element_type=\"section\" data-e-type=\"section\">\n\t\t\t\t\t\t<div class=\"elementor-container elementor-column-gap-default\">\n\t\t\t\t\t<div class=\"elementor-column elementor-col-100 elementor-top-column elementor-element elementor-element-635c38c0\" data-id=\"635c38c0\" data-element_type=\"column\" data-e-type=\"column\">\n\t\t\t<div class=\"elementor-widget-wrap elementor-element-populated\">\n\t\t\t\t\t\t<div class=\"elementor-element elementor-element-3ba95c8a elementor-toc--minimized-on-tablet elementor-widget elementor-widget-table-of-contents\" data-id=\"3ba95c8a\" data-element_type=\"widget\" data-e-type=\"widget\" data-settings=\"{&quot;exclude_headings_by_selector&quot;:&quot;.toc-remove&quot;,&quot;headings_by_tags&quot;:[&quot;h2&quot;,&quot;h3&quot;],&quot;marker_view&quot;:&quot;numbers&quot;,&quot;no_headings_message&quot;:&quot;No se ha encontrado ning\\u00fan encabezado en esta p\\u00e1gina.&quot;,&quot;minimize_box&quot;:&quot;yes&quot;,&quot;minimized_on&quot;:&quot;tablet&quot;,&quot;hierarchical_view&quot;:&quot;yes&quot;,&quot;min_height&quot;:{&quot;unit&quot;:&quot;px&quot;,&quot;size&quot;:&quot;&quot;,&quot;sizes&quot;:[]},&quot;min_height_tablet&quot;:{&quot;unit&quot;:&quot;px&quot;,&quot;size&quot;:&quot;&quot;,&quot;sizes&quot;:[]},&quot;min_height_mobile&quot;:{&quot;unit&quot;:&quot;px&quot;,&quot;size&quot;:&quot;&quot;,&quot;sizes&quot;:[]}}\" data-widget_type=\"table-of-contents.default\">\n\t\t\t\t\t\t\t\t\t<div class=\"elementor-toc__header\">\n\t\t\t\t\t\t<div class=\"elementor-toc__header-title\">\n\t\t\t\tTable of Contents\t\t\t<\/div>\n\t\t\t\t\t\t\t\t\t\t<div class=\"elementor-toc__toggle-button elementor-toc__toggle-button--expand\" role=\"button\" tabindex=\"0\" aria-controls=\"elementor-toc__3ba95c8a\" aria-expanded=\"true\" aria-label=\"Abrir la tabla de contenidos\"><svg aria-hidden=\"true\" class=\"e-font-icon-svg e-fas-chevron-down\" viewBox=\"0 0 448 512\" xmlns=\"http:\/\/www.w3.org\/2000\/svg\"><path d=\"M207.029 381.476L12.686 187.132c-9.373-9.373-9.373-24.569 0-33.941l22.667-22.667c9.357-9.357 24.522-9.375 33.901-.04L224 284.505l154.745-154.021c9.379-9.335 24.544-9.317 33.901.04l22.667 22.667c9.373 9.373 9.373 24.569 0 33.941L240.971 381.476c-9.373 9.372-24.569 9.372-33.942 0z\"><\/path><\/svg><\/div>\n\t\t\t\t<div class=\"elementor-toc__toggle-button elementor-toc__toggle-button--collapse\" role=\"button\" tabindex=\"0\" aria-controls=\"elementor-toc__3ba95c8a\" aria-expanded=\"true\" aria-label=\"Cerrar la tabla de contenidos\"><svg aria-hidden=\"true\" class=\"e-font-icon-svg e-fas-chevron-up\" viewBox=\"0 0 448 512\" xmlns=\"http:\/\/www.w3.org\/2000\/svg\"><path d=\"M240.971 130.524l194.343 194.343c9.373 9.373 9.373 24.569 0 33.941l-22.667 22.667c-9.357 9.357-24.522 9.375-33.901.04L224 227.495 69.255 381.516c-9.379 9.335-24.544 9.317-33.901-.04l-22.667-22.667c-9.373-9.373-9.373-24.569 0-33.941L207.03 130.525c9.372-9.373 24.568-9.373 33.941-.001z\"><\/path><\/svg><\/div>\n\t\t\t\t\t<\/div>\n\t\t\t\t<div id=\"elementor-toc__3ba95c8a\" class=\"elementor-toc__body\">\n\t\t\t<div class=\"elementor-toc__spinner-container\">\n\t\t\t\t<svg class=\"elementor-toc__spinner eicon-animation-spin e-font-icon-svg e-eicon-loading\" aria-hidden=\"true\" viewBox=\"0 0 1000 1000\" xmlns=\"http:\/\/www.w3.org\/2000\/svg\"><path d=\"M500 975V858C696 858 858 696 858 500S696 142 500 142 142 304 142 500H25C25 237 238 25 500 25S975 237 975 500 763 975 500 975Z\"><\/path><\/svg>\t\t\t<\/div>\n\t\t<\/div>\n\t\t\t\t\t\t<\/div>\n\t\t\t\t\t<\/div>\n\t\t<\/div>\n\t\t\t\t\t<\/div>\n\t\t<\/section>\n\t\t\t\t<\/div>\n\t\t\n<h2>\u00bfCu\u00e1les son los l\u00edmites de ingresos de compensaci\u00f3n de trabajadores de Florida?<\/h2>\n<p>El l\u00edmite semanal m\u00e1ximo para los beneficios de compensaci\u00f3n al trabajador se determina anualmente cada mes de noviembre. Se calcula en funci\u00f3n del salario semanal medio estatal.<\/p>\n<p>Su l\u00edmite de ingresos de compensaci\u00f3n est\u00e1 determinado por el a\u00f1o en el que se lesion\u00f3. Para el a\u00f1o 2021, el l\u00edmite semanal de ingresos por compensaci\u00f3n es de $1,011.<\/p>\n<p>Beneficios de Incapacidad Total Temporal en FL Workers&#8217; Comp (TTD)<\/p>\n<p>Los beneficios TTD son una forma de beneficios de indemnizaci\u00f3n destinados a los empleados que no pueden volver a trabajar debido a su lesi\u00f3n. Son temporales y llegar\u00e1n a su fin despu\u00e9s de cumplir con criterios espec\u00edficos. Entre ellos figuran:<\/p>\n<ul>\n<li>Ha transcurrido un total de 104 semanas desde que el trabajador empez\u00f3 a percibir las prestaciones.<\/li>\n<li>El m\u00e9dico diagnostica al trabajador una mejor\u00eda m\u00e9dica m\u00e1xima (MMI).<\/li>\n<li>el trabajador se recupera de la incapacidad y puede reincorporarse a su puesto de trabajo.<\/li>\n<\/ul>\n<p>&nbsp;<\/p>\n<p>Como su nombre indica, estas prestaciones representan una incapacidad laboral total. No se trata de una decisi\u00f3n del trabajador o de la empresa. En lugar de ello, el derecho a las prestaciones por incapacidad total depende del diagn\u00f3stico del m\u00e9dico tratante.<\/p>\n<p>\u00c9ste proporcionar\u00e1 al empleado una orden de \u00abno trabajar\u00bb o alg\u00fan otro tipo de documentaci\u00f3n que podr\u00e1 facilitar a la empresa.<\/p>\n<p>El trabajador que reciba un diagn\u00f3stico de TTD no percibir\u00e1 indemnizaciones durante los siete primeros d\u00edas del periodo de incapacidad. Sin embargo, si el periodo dura m\u00e1s de 21 d\u00edas, recibir\u00e1 una indemnizaci\u00f3n retroactiva para cubrir esa semana inicial de prestaciones no percibidas.<\/p>\n<p>La cuant\u00eda indemnizatoria est\u00e1ndar para estas prestaciones es del 66,67 % de sus ingresos semanales medios. Ese porcentaje puede elevarse hasta el 80 por ciento en caso de lesiones muy graves, como la amputaci\u00f3n de un miembro o la ceguera total.<\/p>\n<p><a href=\"https:\/\/floridalawyers360.com\/wp-content\/uploads\/2024\/03\/the-villages-wc-benefits1-copy.webp\"><img fetchpriority=\"high\" decoding=\"async\" class=\"alignnone size-full wp-image-4802\" src=\"https:\/\/floridalawyers360.com\/wp-content\/uploads\/2024\/03\/the-villages-wc-benefits1-copy.webp\" alt=\"Workers' Compensation Benefits disability types\" width=\"500\" height=\"334\" srcset=\"https:\/\/floridalawyers360.com\/wp-content\/uploads\/2024\/03\/the-villages-wc-benefits1-copy.webp 500w, https:\/\/floridalawyers360.com\/wp-content\/uploads\/2024\/03\/the-villages-wc-benefits1-copy-300x200.webp 300w\" sizes=\"(max-width: 500px) 100vw, 500px\" \/><\/a><\/p>\n<h3>Beneficios de Incapacidad Parcial Temporal en FL Workers&#8217; Comp (TPD)<\/h3>\n<p>Es posible recibir un diagn\u00f3stico de incapacidad temporal, pero todav\u00eda ser capaz de volver al trabajo con restricciones. Su m\u00e9dico puede restringir el n\u00famero de horas que son capaces de trabajar o limitar los tipos de tareas que puede realizar.<\/p>\n<p>Si estas restricciones limitan sus ingresos a menos del 80 % de su salario medio semanal, podr\u00e1 optar a las prestaciones por incapacidad temporal.<\/p>\n<p>Las prestaciones TPD siguen algunas de las mismas restricciones que las prestaciones TTD en lo que respecta al plazo y al diagn\u00f3stico MMI. Las prestaciones tambi\u00e9n finalizar\u00e1n si sus ingresos en el trabajo superan el 80 por ciento de sus ingresos anteriores a la lesi\u00f3n.<\/p>\n<p>Las restricciones de TPD que impiden volver al trabajo deben ser facilitadas por el m\u00e9dico autorizado. Son muy comunes en todas las formas de incapacidad, lo que hace que este sea uno de los tipos m\u00e1s comunes de beneficios por incapacidad de Florida.<\/p>\n<h3>Beneficios por Incapacidad Parcial Permanente en FL Workers&#8217; Comp (PPD)<\/h3>\n<p>PPD a menudo representa el siguiente paso en el proceso de lesiones graves en el lugar de trabajo. Los beneficios PPD se pagan a los empleados que son capaces de volver al trabajo, pero que tendr\u00e1n restricciones de trabajo permanentes.<\/p>\n<p>Estas prestaciones suelen denominarse prestaciones por incapacidad laboral (IIB).<\/p>\n<p>Las prestaciones PPD no comienzan hasta que el trabajador ha recibido un diagn\u00f3stico MMI de su m\u00e9dico. Este diagn\u00f3stico indica que el trabajador se ha recuperado al m\u00e1ximo de su tratamiento.<\/p>\n<p>No significa que est\u00e9 completamente curado, sino que es probable que las secuelas persistan de por vida. El siguiente paso tras alcanzar un nivel de MMI es recibir del m\u00e9dico una valoraci\u00f3n de incapacidad permanente.<\/p>\n<p>El grado de incapacidad desempe\u00f1ar\u00e1 un papel importante a la hora de determinar a qu\u00e9 actividades laborales est\u00e1 limitado el trabajador. La valoraci\u00f3n tambi\u00e9n se utiliza para calcular la cuant\u00eda de las prestaciones del PPD.<\/p>\n<p>El seguro de compensaci\u00f3n de los trabajadores compensar\u00e1 cualquier valoraci\u00f3n superior al 0 % siempre que el trabajador gane menos del 80 % de los ingresos que percib\u00eda antes de la lesi\u00f3n.<\/p>\n<h3>Beneficios por Incapacidad Total Permanente en FL Workers&#8217; Comp (PTD)<\/h3>\n<p>Las lesiones m\u00e1s graves pueden resultar en una incapacidad total permanente que impide que el empleado vuelva a trabajar. Estos beneficios permanecer\u00e1n activos hasta que la persona cumpla 75 a\u00f1os.<\/p>\n<p>Estas prestaciones proporcionan una indemnizaci\u00f3n similar a la TTD, pero de forma continuada.<\/p>\n<p>Suele ser muy dif\u00edcil recibir estas prestaciones aunque la persona sufra una discapacidad gravemente limitante.<\/p>\n<p>En Florida, la persona que recibe estas prestaciones debe ser incapaz de conseguir un empleo en un radio de cincuenta millas. Esto puede incluir trabajos sedentarios.<\/p>\n<p>En una gran ciudad con muchos trabajos de oficina, una persona puede ser capaz de encontrar un empleo que se ajuste a sus restricciones, por lo que no son elegibles para recibir beneficios PTD.<\/p>\n<h2>\u00bfC\u00f3mo se calculan los beneficios de compensaci\u00f3n de trabajadores de Florida?<\/h2>\n<p>Los beneficios semanales se calculan de acuerdo a su salario semanal promedio durante un per\u00edodo de 13 semanas antes de su lesi\u00f3n. Para los beneficios de incapacidad total, se le paga una cantidad del 66,67 por ciento de ese salario.<\/p>\n<p>En el caso de las prestaciones parciales, la cuant\u00eda que se le abona se determina en funci\u00f3n de sus ingresos actuales en el trabajo en comparaci\u00f3n con su salario anterior a la lesi\u00f3n.<\/p>\n<p>Las prestaciones de TPD se calculan al 80 % de la diferencia entre sus ingresos actuales en el trabajo y su l\u00edmite de ingresos. Su l\u00edmite de ingresos equivale al 80 % de sus ingresos semanales anteriores a la lesi\u00f3n.<\/p>\n<p><a href=\"https:\/\/floridalawyers360.com\/wp-content\/uploads\/2024\/03\/the-villages-wc-benefits2-copy.webp\"><img decoding=\"async\" class=\"alignnone size-full wp-image-4800\" src=\"https:\/\/floridalawyers360.com\/wp-content\/uploads\/2024\/03\/the-villages-wc-benefits2-copy.webp\" alt=\"How are workers' compensation benefits calculated?\" width=\"500\" height=\"334\" srcset=\"https:\/\/floridalawyers360.com\/wp-content\/uploads\/2024\/03\/the-villages-wc-benefits2-copy.webp 500w, https:\/\/floridalawyers360.com\/wp-content\/uploads\/2024\/03\/the-villages-wc-benefits2-copy-300x200.webp 300w\" sizes=\"(max-width: 500px) 100vw, 500px\" \/><\/a><\/p>\n<h2>\u00bfEst\u00e1n gravadas las prestaciones por accidentes de trabajo en Florida?<\/h2>\n<p>No lo est\u00e1n. Los beneficios de compensaci\u00f3n laboral no se consideran un ingreso gravable en Florida. No hay retenciones, como las cuotas m\u00e9dicas o de jubilaci\u00f3n. Esto tambi\u00e9n se aplica a los acuerdos de compensaci\u00f3n de trabajadores.<\/p>\n<h2>Cont\u00e1ctenos hoy para obtener ayuda para reclamar sus beneficios de compensaci\u00f3n laboral<\/h2>\n<p>Ya sea permanente o temporal, total o parcial, vivir con una discapacidad le presentar\u00e1 muchos obst\u00e1culos. No deje que los t\u00e9rminos legales confusos o las compa\u00f1\u00edas de seguros codiciosas sean uno de esos obst\u00e1culos.<\/p>\n<p>Florida Lawyers 360 est\u00e1 aqu\u00ed para ayudarle para que pueda centrarse en lo que es importante. Ll\u00e1menos hoy al <a href=\"tel:+19544487355\"><i class=\"fa fa-phone-alt\"><\/i>954-448-7355<\/a> si necesita m\u00e1s ayuda con su reclamo de compensaci\u00f3n laboral en Florida.<\/p>\n","protected":false},"excerpt":{"rendered":"<p>La mayor\u00eda de los empleados del estado de Florida est\u00e1n cubiertos por alg\u00fan tipo de seguro de indemnizaci\u00f3n por accidente laboral. Lo que var\u00eda es el tipo de prestaciones que recibir\u00e1n y la duraci\u00f3n de las mismas. Esos valores s\u00f3lo pueden determinarse despu\u00e9s de que la persona se haya lesionado y variar\u00e1n de acuerdo con [&hellip;]<\/p>\n","protected":false},"author":22,"featured_media":0,"parent":6124,"menu_order":0,"comment_status":"closed","ping_status":"closed","template":"","meta":{"_acf_changed":false,"anchor_text":"","footnotes":""},"categories":[],"tags":[],"class_list":["post-6140","page","type-page","status-publish","hentry"],"acf":[],"_links":{"self":[{"href":"https:\/\/floridalawyers360.com\/es\/wp-json\/wp\/v2\/pages\/6140","targetHints":{"allow":["GET"]}}],"collection":[{"href":"https:\/\/floridalawyers360.com\/es\/wp-json\/wp\/v2\/pages"}],"about":[{"href":"https:\/\/floridalawyers360.com\/es\/wp-json\/wp\/v2\/types\/page"}],"author":[{"embeddable":true,"href":"https:\/\/floridalawyers360.com\/es\/wp-json\/wp\/v2\/users\/22"}],"replies":[{"embeddable":true,"href":"https:\/\/floridalawyers360.com\/es\/wp-json\/wp\/v2\/comments?post=6140"}],"version-history":[{"count":2,"href":"https:\/\/floridalawyers360.com\/es\/wp-json\/wp\/v2\/pages\/6140\/revisions"}],"predecessor-version":[{"id":6142,"href":"https:\/\/floridalawyers360.com\/es\/wp-json\/wp\/v2\/pages\/6140\/revisions\/6142"}],"up":[{"embeddable":true,"href":"https:\/\/floridalawyers360.com\/es\/wp-json\/wp\/v2\/pages\/6124"}],"wp:attachment":[{"href":"https:\/\/floridalawyers360.com\/es\/wp-json\/wp\/v2\/media?parent=6140"}],"wp:term":[{"taxonomy":"category","embeddable":true,"href":"https:\/\/floridalawyers360.com\/es\/wp-json\/wp\/v2\/categories?post=6140"},{"taxonomy":"post_tag","embeddable":true,"href":"https:\/\/floridalawyers360.com\/es\/wp-json\/wp\/v2\/tags?post=6140"}],"curies":[{"name":"wp","href":"https:\/\/api.w.org\/{rel}","templated":true}]}}