{"id":6137,"date":"2024-02-14T10:56:54","date_gmt":"2024-02-14T15:56:54","guid":{"rendered":"https:\/\/floridalawyers360.com\/the-villages\/the-villages-workers-compensation-lawyer\/"},"modified":"2024-03-20T01:06:18","modified_gmt":"2024-03-20T06:06:18","slug":"abogado-de-indemnizacion-por-accidentes-laborales","status":"publish","type":"page","link":"https:\/\/floridalawyers360.com\/es\/the-villages\/abogado-de-indemnizacion-por-accidentes-laborales\/","title":{"rendered":"Abogado de indemnizaci\u00f3n por accidentes laborales"},"content":{"rendered":"<p>\u00bfHa sufrido una lesi\u00f3n causada por un accidente laboral? Podr\u00eda ser un brazo roto, un cuello torcido o lesiones en la espalda como resultado de levantar cargas pesadas.<\/p>\n<p>Usted necesita trabajar con el mejor abogado de compensaci\u00f3n de trabajadores en Florida Lawyers 360 en The Villages para asegurarse de que recibe sus beneficios.<\/p>\n<p>Llame a nuestros abogados de lesiones personales al <a href=\"tel:+19544487355\"><i class=\"fa fa-phone-alt\"><\/i>954-448-7355<\/a> para una consulta gratuita sobre su caso de compensaci\u00f3n laboral. Estamos aqu\u00ed para ayudarle.<\/p>\n\t\t<div data-elementor-type=\"section\" data-elementor-id=\"208\" class=\"elementor elementor-208\" data-elementor-post-type=\"elementor_library\">\n\t\t\t\t\t<section class=\"elementor-section elementor-top-section elementor-element elementor-element-485e576a elementor-section-boxed elementor-section-height-default elementor-section-height-default\" data-id=\"485e576a\" data-element_type=\"section\" data-e-type=\"section\">\n\t\t\t\t\t\t<div class=\"elementor-container elementor-column-gap-default\">\n\t\t\t\t\t<div class=\"elementor-column elementor-col-100 elementor-top-column elementor-element elementor-element-635c38c0\" data-id=\"635c38c0\" data-element_type=\"column\" data-e-type=\"column\">\n\t\t\t<div class=\"elementor-widget-wrap elementor-element-populated\">\n\t\t\t\t\t\t<div class=\"elementor-element elementor-element-3ba95c8a elementor-toc--minimized-on-tablet elementor-widget elementor-widget-table-of-contents\" data-id=\"3ba95c8a\" data-element_type=\"widget\" data-e-type=\"widget\" data-settings=\"{&quot;exclude_headings_by_selector&quot;:&quot;.toc-remove&quot;,&quot;headings_by_tags&quot;:[&quot;h2&quot;,&quot;h3&quot;],&quot;marker_view&quot;:&quot;numbers&quot;,&quot;no_headings_message&quot;:&quot;No se ha encontrado ning\\u00fan encabezado en esta p\\u00e1gina.&quot;,&quot;minimize_box&quot;:&quot;yes&quot;,&quot;minimized_on&quot;:&quot;tablet&quot;,&quot;hierarchical_view&quot;:&quot;yes&quot;,&quot;min_height&quot;:{&quot;unit&quot;:&quot;px&quot;,&quot;size&quot;:&quot;&quot;,&quot;sizes&quot;:[]},&quot;min_height_tablet&quot;:{&quot;unit&quot;:&quot;px&quot;,&quot;size&quot;:&quot;&quot;,&quot;sizes&quot;:[]},&quot;min_height_mobile&quot;:{&quot;unit&quot;:&quot;px&quot;,&quot;size&quot;:&quot;&quot;,&quot;sizes&quot;:[]}}\" data-widget_type=\"table-of-contents.default\">\n\t\t\t\t\t\t\t\t\t<div class=\"elementor-toc__header\">\n\t\t\t\t\t\t<div class=\"elementor-toc__header-title\">\n\t\t\t\tTable of Contents\t\t\t<\/div>\n\t\t\t\t\t\t\t\t\t\t<div class=\"elementor-toc__toggle-button elementor-toc__toggle-button--expand\" role=\"button\" tabindex=\"0\" aria-controls=\"elementor-toc__3ba95c8a\" aria-expanded=\"true\" aria-label=\"Abrir la tabla de contenidos\"><svg aria-hidden=\"true\" class=\"e-font-icon-svg e-fas-chevron-down\" viewBox=\"0 0 448 512\" xmlns=\"http:\/\/www.w3.org\/2000\/svg\"><path d=\"M207.029 381.476L12.686 187.132c-9.373-9.373-9.373-24.569 0-33.941l22.667-22.667c9.357-9.357 24.522-9.375 33.901-.04L224 284.505l154.745-154.021c9.379-9.335 24.544-9.317 33.901.04l22.667 22.667c9.373 9.373 9.373 24.569 0 33.941L240.971 381.476c-9.373 9.372-24.569 9.372-33.942 0z\"><\/path><\/svg><\/div>\n\t\t\t\t<div class=\"elementor-toc__toggle-button elementor-toc__toggle-button--collapse\" role=\"button\" tabindex=\"0\" aria-controls=\"elementor-toc__3ba95c8a\" aria-expanded=\"true\" aria-label=\"Cerrar la tabla de contenidos\"><svg aria-hidden=\"true\" class=\"e-font-icon-svg e-fas-chevron-up\" viewBox=\"0 0 448 512\" xmlns=\"http:\/\/www.w3.org\/2000\/svg\"><path d=\"M240.971 130.524l194.343 194.343c9.373 9.373 9.373 24.569 0 33.941l-22.667 22.667c-9.357 9.357-24.522 9.375-33.901.04L224 227.495 69.255 381.516c-9.379 9.335-24.544 9.317-33.901-.04l-22.667-22.667c-9.373-9.373-9.373-24.569 0-33.941L207.03 130.525c9.372-9.373 24.568-9.373 33.941-.001z\"><\/path><\/svg><\/div>\n\t\t\t\t\t<\/div>\n\t\t\t\t<div id=\"elementor-toc__3ba95c8a\" class=\"elementor-toc__body\">\n\t\t\t<div class=\"elementor-toc__spinner-container\">\n\t\t\t\t<svg class=\"elementor-toc__spinner eicon-animation-spin e-font-icon-svg e-eicon-loading\" aria-hidden=\"true\" viewBox=\"0 0 1000 1000\" xmlns=\"http:\/\/www.w3.org\/2000\/svg\"><path d=\"M500 975V858C696 858 858 696 858 500S696 142 500 142 142 304 142 500H25C25 237 238 25 500 25S975 237 975 500 763 975 500 975Z\"><\/path><\/svg>\t\t\t<\/div>\n\t\t<\/div>\n\t\t\t\t\t\t<\/div>\n\t\t\t\t\t<\/div>\n\t\t<\/div>\n\t\t\t\t\t<\/div>\n\t\t<\/section>\n\t\t\t\t<\/div>\n\t\t\n<h2>Comprender el Seguro de Indemnizaci\u00f3n por Accidentes Laborales en Florida<\/h2>\n<p>Seg\u00fan la legislaci\u00f3n de Florida, las empresas con un determinado n\u00famero de empleados deben tener un seguro de indemnizaci\u00f3n por accidentes laborales. La cobertura se utiliza para pagar prestaciones a los empleados que han sufrido lesiones en el trabajo.<\/p>\n<p>Una vez que presenta una reclamaci\u00f3n de indemnizaci\u00f3n por accidente laboral, puede recibir ayuda econ\u00f3mica para el tratamiento m\u00e9dico o la p\u00e9rdida de salario. Tiene que cumplir ciertos requisitos para poder recibir las prestaciones.<\/p>\n<p>Es por eso que usted necesita para trabajar con el mejor abogado de compensaci\u00f3n de trabajadores en la Florida Abogados 360 hoy.<\/p>\n<p>Florida se basa en el sistema de compensaci\u00f3n al trabajador sin culpa. Usted no tiene que demostrarle al empleador que fue descuidado para poder recibir los beneficios.<\/p>\n<p>Siempre y cuando su lesi\u00f3n haya ocurrido en el trabajo o haya sido causada por sus actividades laborales, usted ser\u00e1 elegible para recibir beneficios.<\/p>\n<p>Estas prestaciones incluyen:<\/p>\n<ul>\n<li>Prestaciones por incapacidad temporal<\/li>\n<li>Prestaciones por incapacidad<\/li>\n<li>Asistencia m\u00e9dica<\/li>\n<li>Rehabilitaci\u00f3n profesional<\/li>\n<\/ul>\n<p>&nbsp;<\/p>\n<p><a href=\"https:\/\/floridalawyers360.com\/wp-content\/uploads\/2024\/03\/the-villages-wc1-copy.webp\"><img fetchpriority=\"high\" decoding=\"async\" class=\"alignnone size-full wp-image-4797\" src=\"https:\/\/floridalawyers360.com\/wp-content\/uploads\/2024\/03\/the-villages-wc1-copy.webp\" alt=\"Understanding workers' compensation insurance\" width=\"500\" height=\"334\" srcset=\"https:\/\/floridalawyers360.com\/wp-content\/uploads\/2024\/03\/the-villages-wc1-copy.webp 500w, https:\/\/floridalawyers360.com\/wp-content\/uploads\/2024\/03\/the-villages-wc1-copy-300x200.webp 300w\" sizes=\"(max-width: 500px) 100vw, 500px\" \/><\/a><\/p>\n<h2>\u00bfPor qu\u00e9 necesita un abogado para un reclamo de compensaci\u00f3n laboral en The Villages, FL?<\/h2>\n<p>No todas las reclamaciones de compensaci\u00f3n de trabajadores requieren un abogado. El proceso de compensaci\u00f3n en este caso est\u00e1 dise\u00f1ado para ser f\u00e1cil de navegar para todos. Usted puede manejar su propio reclamo si no hay disputa por parte del empleador o la compa\u00f1\u00eda de seguros.<\/p>\n<p>Sin embargo, puede que no siempre sea tan sencillo. Si su reclamo es complicado, necesita contratar al mejor abogado de compensaci\u00f3n al trabajador en Florida Lawyers 360.<\/p>\n<p>Tenga en cuenta que las compa\u00f1\u00edas de seguros no disputar\u00e1n reclamaciones como las siguientes:<\/p>\n<ul>\n<li>Si las lesiones est\u00e1n claramente relacionadas con el trabajo.<\/li>\n<li>Si usted no necesita tratamiento m\u00e9dico extenso para sus lesiones.<\/li>\n<li>Si las lesiones no le obligan a tomarse largos periodos de baja laboral.<\/li>\n<li>Si no sufres lesiones permanentes como consecuencia de un accidente laboral.<\/li>\n<\/ul>\n<p>&nbsp;<\/p>\n<p>Cuando esto ocurre, la reclamaci\u00f3n deber\u00eda ser lo bastante sencilla y no es necesario contratar a un abogado. Sin embargo, si hay una disputa con la compa\u00f1\u00eda de seguros, es prudente contratar a un abogado inmediatamente.<\/p>\n<p>Cuando contrata a Florida Lawyers 360, estamos preparados para reunir las pruebas necesarias para rebatir la postura de la compa\u00f1\u00eda de seguros. Estas son algunas de las razones por las que debe contratarnos hoy para su reclamo de compensaci\u00f3n laboral.<\/p>\n<h3>El reclamo es negado<\/h3>\n<p>Las compa\u00f1\u00edas de seguros podr\u00edan negar la reclamaci\u00f3n por muchas razones. Por ejemplo, si usted present\u00f3 la reclamaci\u00f3n demasiado tarde o si la compa\u00f1\u00eda de seguros dice que las lesiones no est\u00e1n relacionadas con el trabajo, su reclamo ser\u00e1 negado.<\/p>\n<p>Podemos ayudarle a apelar la denegaci\u00f3n a trav\u00e9s del sistema de compensaci\u00f3n de trabajadores. Podemos ayudarle con el papeleo formal, reunir pruebas, y presentar su caso en una audiencia de apelaci\u00f3n para asegurarse de que recibe una compensaci\u00f3n justa.<\/p>\n<h3>Impugnaci\u00f3n de la calificaci\u00f3n de incapacidad permanente<\/h3>\n<p>La mayor\u00eda de las indemnizaciones y acuerdos de compensaci\u00f3n de los trabajadores suelen ser para beneficios por incapacidad permanente. Normalmente se calculan en funci\u00f3n de su calificaci\u00f3n de incapacidad permanente.<\/p>\n<p>Si la compa\u00f1\u00eda de seguros disputa esta calificaci\u00f3n, usted debe ver a un m\u00e9dico independiente que podr\u00eda asignar una calificaci\u00f3n m\u00e1s baja. Si esto sucede en su caso, vamos a convencer al juez de que usted merece una calificaci\u00f3n m\u00e1s alta.<\/p>\n<p><a href=\"https:\/\/floridalawyers360.com\/wp-content\/uploads\/2024\/03\/the-villages-wc2-copy.webp\"><img decoding=\"async\" class=\"alignnone size-full wp-image-4795\" src=\"https:\/\/floridalawyers360.com\/wp-content\/uploads\/2024\/03\/the-villages-wc2-copy.webp\" alt=\"A workers' compensation lawyer can go over the details\" width=\"500\" height=\"334\" srcset=\"https:\/\/floridalawyers360.com\/wp-content\/uploads\/2024\/03\/the-villages-wc2-copy.webp 500w, https:\/\/floridalawyers360.com\/wp-content\/uploads\/2024\/03\/the-villages-wc2-copy-300x200.webp 300w\" sizes=\"(max-width: 500px) 100vw, 500px\" \/><\/a><\/p>\n<h3>Enfermedad preexistente<\/h3>\n<p>\u00bfTiene una lesi\u00f3n o dolencia preexistente en la misma zona afectada por el accidente laboral? Pues bien, la compa\u00f1\u00eda de seguros podr\u00eda impugnar su reclamaci\u00f3n de indemnizaci\u00f3n por accidente de trabajo.<\/p>\n<p>Ellos probablemente van a culpar de la lesi\u00f3n a la condici\u00f3n preexistente en lugar del accidente de trabajo. Estamos aqu\u00ed para ayudar mediante la adquisici\u00f3n de las pruebas necesarias para demostrar que la condici\u00f3n preexistente no dio lugar a las lesiones.<\/p>\n<h3>Problemas para obtener tratamiento<\/h3>\n<p>La mayor\u00eda de las compa\u00f1\u00edas de seguros se retrasar\u00e1 o negar la aprobaci\u00f3n de los tratamientos m\u00e9dicos costosos, especialmente la cirug\u00eda. Sin embargo, al trabajar con el mejor abogado de compensaci\u00f3n laboral en The Villages, FL, usted est\u00e1 en buenas manos.<\/p>\n<p>En Florida Lawyers 360, podemos presionar a la compa\u00f1\u00eda de seguros para que aprueben los tratamientos m\u00e9dicos lo antes posible.<\/p>\n<h3>Capacidad para trabajar afectada<\/h3>\n<p>\u00bfTiene problemas para volver al trabajo despu\u00e9s de sufrir una lesi\u00f3n laboral? Pues debe asegurarse de que sus prestaciones de indemnizaci\u00f3n le durar\u00e1n en el futuro.<\/p>\n<p>Por ejemplo, si se ve obligado a cambiar de carrera o a formarse para un nuevo trabajo, estamos aqu\u00ed para ayudarle. Podemos asegurarnos de que la compa\u00f1\u00eda de seguros pague la rehabilitaci\u00f3n profesional necesaria para desempe\u00f1ar su nuevo trabajo.<\/p>\n<h3>Otras prestaciones p\u00fablicas<\/h3>\n<p>Tenga en cuenta que, si usted est\u00e1 recibiendo otros beneficios del gobierno, tales como beneficios de seguro de discapacidad de la seguridad social, que podr\u00edan reducirse una vez que reciba beneficios de compensaci\u00f3n de trabajadores.<\/p>\n<p>Entendemos las regulaciones que cubren tales beneficios as\u00ed que podemos cerciorarnos de que no se reduzcan totalmente.<\/p>\n<h3>Audiencia de Compensaci\u00f3n de Trabajadores<\/h3>\n<p>Si la compa\u00f1\u00eda de seguros no llega a un acuerdo o hace la oferta m\u00e1s baja posible, el siguiente paso es ir a juicio. Como se trata de un juicio, podemos representarle y asegurarnos de que reciba la indemnizaci\u00f3n que se merece.<\/p>\n<p>No se preocupe por los honorarios legales porque trabajamos en base a contingencia. Usted s\u00f3lo nos pagar\u00e1 un porcentaje de la cantidad de compensaci\u00f3n que reciba.<\/p>\n<p>Trabajaremos diligentemente para asegurarnos de que usted sea compensado antes de solicitar honorarios legales. Con nuestra experiencia y habilidades de negociaci\u00f3n de expertos, podemos asegurarnos de que usted reciba una cantidad de compensaci\u00f3n m\u00e1s alta.<\/p>\n<p><a href=\"https:\/\/floridalawyers360.com\/wp-content\/uploads\/2024\/03\/the-villages-wc3-copy.webp\"><img decoding=\"async\" class=\"alignnone size-full wp-image-4793\" src=\"https:\/\/floridalawyers360.com\/wp-content\/uploads\/2024\/03\/the-villages-wc3-copy.webp\" alt=\"What to do after a work accident\" width=\"500\" height=\"334\" srcset=\"https:\/\/floridalawyers360.com\/wp-content\/uploads\/2024\/03\/the-villages-wc3-copy.webp 500w, https:\/\/floridalawyers360.com\/wp-content\/uploads\/2024\/03\/the-villages-wc3-copy-300x200.webp 300w\" sizes=\"(max-width: 500px) 100vw, 500px\" \/><\/a><\/p>\n<h2>Qu\u00e9 hacer tras un accidente laboral<\/h2>\n<p>Es importante hacer lo siguiente despu\u00e9s de sufrir un accidente laboral:<\/p>\n<h3>Notif\u00edqueselo a tu empresa<\/h3>\n<p>Dispone de un plazo de 30 d\u00edas para notificar la lesi\u00f3n a su empresa. Si con el tiempo se desarrolla algo m\u00e1s, debe notificarlo a su empresario en los 30 d\u00edas siguientes a su descubrimiento.<\/p>\n<p>Si no cumple estos plazos, es probable que pierda todas o algunas de sus prestaciones. Cuando notifique a su empleador, debe proporcionar tantos detalles como sea posible, tales como:<\/p>\n<ul>\n<li>cu\u00e1ndo ocurri\u00f3<\/li>\n<li>c\u00f3mo se lesion\u00f3;<\/li>\n<li>y los s\u00edntomas que experimenta.<\/li>\n<\/ul>\n<h3>Visitar a un m\u00e9dico<\/h3>\n<p>Pida a su empresa que le recomiende un m\u00e9dico autorizado para llevar su tratamiento. Aseg\u00farese de seguir las instrucciones del m\u00e9dico si quiere mejorar y recibir una indemnizaci\u00f3n.<\/p>\n<h3>Anote todo lo relacionado con sus lesiones<\/h3>\n<p>Aseg\u00farese de tener un registro escrito de todas sus lesiones y s\u00edntomas. Si surge algo nuevo incluso despu\u00e9s del tratamiento, aseg\u00farese de anotarlo. Estas notas le ser\u00e1n \u00fatiles a la hora de reclamar una indemnizaci\u00f3n.<\/p>\n<h3>Haga v\u00eddeos y fotos<\/h3>\n<p>Adem\u00e1s de la relaci\u00f3n escrita de sus lesiones, tambi\u00e9n necesita pruebas fotogr\u00e1ficas de las mismas. De este modo, la compa\u00f1\u00eda de seguros tendr\u00e1 una imagen realista de las lesiones.<\/p>\n<h3>Presenta una reclamaci\u00f3n de indemnizaci\u00f3n por accidente laboral<\/h3>\n<p>Ahora, usted puede presentar una reclamaci\u00f3n de compensaci\u00f3n al trabajador. Gracias a Florida Lawyers 360, podemos ayudarle a presentar una reclamaci\u00f3n y obtener los beneficios de compensaci\u00f3n que se merece despu\u00e9s de sufrir una lesi\u00f3n en el lugar de trabajo.<\/p>\n<p>La petici\u00f3n de prestaciones debe presentarse en el plazo de dos a\u00f1os desde el momento en que se produjo la lesi\u00f3n.<\/p>\n<h2>\u00bfCu\u00e1nto vale mi indemnizaci\u00f3n por accidente laboral?<\/h2>\n<p>La compa\u00f1\u00eda de seguros de su empresa es la responsable de pagar su indemnizaci\u00f3n por accidente laboral. Al principio, la compa\u00f1\u00eda de seguros podr\u00eda darle una oferta baja o negar la reclamaci\u00f3n.<\/p>\n<p>Sin embargo, al trabajar con nosotros, podemos asegurarnos de que usted reciba una compensaci\u00f3n justa.<\/p>\n<p>Usted merece compensaci\u00f3n por lo siguiente<\/p>\n<ul>\n<li>Facturas m\u00e9dicas siempre que haya sido tratado por m\u00e9dicos autorizados.<\/li>\n<li>Costes de rehabilitaci\u00f3n derivados de sus lesiones, incluida la rehabilitaci\u00f3n profesional.<\/li>\n<li>Salarios perdidos<\/li>\n<li>Recetas m\u00e9dicas<\/li>\n<li>Gastos de viaje relacionados con el tratamiento de sus lesiones laborales.<\/li>\n<\/ul>\n<p>P\u00e9rdida de capacidad de ganancia que equivale a 2\/3 de su salario medio semanal hasta un m\u00e1ximo de 575 d\u00f3lares cada semana.<\/p>\n<p>Incapacidad parcial permanente que se concede cuando el m\u00e9dico emite una calificaci\u00f3n de incapacidad de acuerdo con las directrices de la Asociaci\u00f3n M\u00e9dica Americana.<\/p>\n<p>&nbsp;<\/p>\n<p><a href=\"https:\/\/floridalawyers360.com\/wp-content\/uploads\/2024\/03\/the-villages-wc4-copy.webp\"><img loading=\"lazy\" decoding=\"async\" class=\"alignnone size-full wp-image-4791\" src=\"https:\/\/floridalawyers360.com\/wp-content\/uploads\/2024\/03\/the-villages-wc4-copy.webp\" alt=\"Contact our workers' compensation lawyers today\" width=\"500\" height=\"334\" srcset=\"https:\/\/floridalawyers360.com\/wp-content\/uploads\/2024\/03\/the-villages-wc4-copy.webp 500w, https:\/\/floridalawyers360.com\/wp-content\/uploads\/2024\/03\/the-villages-wc4-copy-300x200.webp 300w\" sizes=\"(max-width: 500px) 100vw, 500px\" \/><\/a><\/p>\n<h2>\u00bfPuedo demandar a mi empresario?<\/h2>\n<p>Si usted ha sufrido una lesi\u00f3n en el lugar de trabajo y ha recibido el seguro de compensaci\u00f3n de los trabajadores, no puede demandar a su empleador para obtener una indemnizaci\u00f3n por lesiones personales.<\/p>\n<p>La cobertura del seguro de compensaci\u00f3n laboral protege a los empleadores de demandas por lesiones personales en caso de accidente laboral.<\/p>\n<h2>\u00bfMe pueden despedir por presentar una demanda de compensaci\u00f3n laboral?<\/h2>\n<p>No, su empleador no puede despedirle por presentar una reclamaci\u00f3n de indemnizaci\u00f3n por accidente laboral. Si hay cobertura de compensaci\u00f3n de trabajadores, usted tiene derecho a beneficios de compensaci\u00f3n despu\u00e9s de sufrir una lesi\u00f3n en el lugar de trabajo.<\/p>\n<h2>\u00bfPuede un contratista independiente presentar una reclamaci\u00f3n de compensaci\u00f3n laboral en Florida?<\/h2>\n<p>No. Si usted es un contratista independiente, no tiene derecho a las prestaciones de compensaci\u00f3n de los trabajadores. S\u00f3lo los empleados califican ya que la ley s\u00f3lo reconoce a los empleados en una cobertura de compensaci\u00f3n de trabajadores.<\/p>\n<p>El \u00fanico caso en el que un trabajador independiente puede solicitar una indemnizaci\u00f3n laboral es si trabaja o presta servicios en el sector de la construcci\u00f3n.<\/p>\n<h2>Comun\u00edquese hoy mismo con los abogados de indemnizaci\u00f3n laboral de The Villages<\/h2>\n<p>Hay diferentes tipos de accidentes de trabajo que pueden causar lesiones. Si ha sufrido lesiones como consecuencia de un accidente laboral, llame a Florida Lawyers 360.<\/p>\n<p>Tenemos amplia experiencia en el manejo de reclamos de compensaci\u00f3n laboral y estamos preparados para comenzar a trabajar en el suyo hoy mismo.<\/p>\n<p>Si usted no tiene la experiencia legal, puede terminar perdiendo su caso, especialmente cuando se negocia con las compa\u00f1\u00edas de seguros. Podemos asegurarnos de que su caso no sea desestimado mediante el uso de nuestro amplio conocimiento de las reclamaciones de indemnizaci\u00f3n de los trabajadores.<\/p>\n<p>Tambi\u00e9n podemos negociar con las compa\u00f1\u00edas de seguros en su nombre para evitar obtener una oferta de liquidaci\u00f3n de bola baja.<\/p>\n<p>Elija nuestro bufete de abogados de compensaci\u00f3n de trabajadores de la Florida y usted puede estar seguro de que su reclamo est\u00e1 en las mejores manos. \u00a1Ll\u00e1menos hoy mismo! Estamos aqu\u00ed para ayudarle.<\/p>\n","protected":false},"excerpt":{"rendered":"<p>\u00bfHa sufrido una lesi\u00f3n causada por un accidente laboral? Podr\u00eda ser un brazo roto, un cuello torcido o lesiones en la espalda como resultado de levantar cargas pesadas. Usted necesita trabajar con el mejor abogado de compensaci\u00f3n de trabajadores en Florida Lawyers 360 en The Villages para asegurarse de que recibe sus beneficios. Llame a [&hellip;]<\/p>\n","protected":false},"author":22,"featured_media":0,"parent":6124,"menu_order":0,"comment_status":"closed","ping_status":"closed","template":"","meta":{"_acf_changed":false,"anchor_text":"","footnotes":""},"categories":[],"tags":[],"class_list":["post-6137","page","type-page","status-publish","hentry"],"acf":[],"_links":{"self":[{"href":"https:\/\/floridalawyers360.com\/es\/wp-json\/wp\/v2\/pages\/6137","targetHints":{"allow":["GET"]}}],"collection":[{"href":"https:\/\/floridalawyers360.com\/es\/wp-json\/wp\/v2\/pages"}],"about":[{"href":"https:\/\/floridalawyers360.com\/es\/wp-json\/wp\/v2\/types\/page"}],"author":[{"embeddable":true,"href":"https:\/\/floridalawyers360.com\/es\/wp-json\/wp\/v2\/users\/22"}],"replies":[{"embeddable":true,"href":"https:\/\/floridalawyers360.com\/es\/wp-json\/wp\/v2\/comments?post=6137"}],"version-history":[{"count":2,"href":"https:\/\/floridalawyers360.com\/es\/wp-json\/wp\/v2\/pages\/6137\/revisions"}],"predecessor-version":[{"id":6139,"href":"https:\/\/floridalawyers360.com\/es\/wp-json\/wp\/v2\/pages\/6137\/revisions\/6139"}],"up":[{"embeddable":true,"href":"https:\/\/floridalawyers360.com\/es\/wp-json\/wp\/v2\/pages\/6124"}],"wp:attachment":[{"href":"https:\/\/floridalawyers360.com\/es\/wp-json\/wp\/v2\/media?parent=6137"}],"wp:term":[{"taxonomy":"category","embeddable":true,"href":"https:\/\/floridalawyers360.com\/es\/wp-json\/wp\/v2\/categories?post=6137"},{"taxonomy":"post_tag","embeddable":true,"href":"https:\/\/floridalawyers360.com\/es\/wp-json\/wp\/v2\/tags?post=6137"}],"curies":[{"name":"wp","href":"https:\/\/api.w.org\/{rel}","templated":true}]}}