{"id":6134,"date":"2024-02-14T10:56:07","date_gmt":"2024-02-14T15:56:07","guid":{"rendered":"https:\/\/floridalawyers360.com\/the-villages\/the-villages-personal-injury-lawyer\/"},"modified":"2024-03-20T01:06:49","modified_gmt":"2024-03-20T06:06:49","slug":"abogado-de-lesiones-personales","status":"publish","type":"page","link":"https:\/\/floridalawyers360.com\/es\/the-villages\/abogado-de-lesiones-personales\/","title":{"rendered":"Abogado de lesiones personales"},"content":{"rendered":"<p>Desde mordeduras de perro y colisiones de tr\u00e1fico hasta quemaduras y resbalones y ca\u00eddas, los accidentes pueden ocurrir en cualquier momento.<\/p>\n<p>Pero si usted o alguien de su familia ha sido lesionado debido a las acciones de otra persona o parte, nuestro equipo de abogados de lesiones personales en The Villages puede asegurar que usted sea compensado por sus da\u00f1os.<\/p>\n<p>Florida Lawyers 360 est\u00e1 aqu\u00ed para ofrecerle nuestro apoyo y asistencia legal bien informada para lograr una resoluci\u00f3n positiva para su caso de lesiones personales. Podemos ayudarle a maximizar su compensaci\u00f3n.<\/p>\n<p>Llame hoy mismo a nuestra <a href=\"\/the-villages\/\">firma de<\/a> abogados de lesiones personales en Florida al <a href=\"tel:+19544487355\"><i class=\"fa fa-phone-alt\"><\/i>954-448-7355<\/a> para una revisi\u00f3n gratuita de su caso.<\/p>\n\t\t<div data-elementor-type=\"section\" data-elementor-id=\"208\" class=\"elementor elementor-208\" data-elementor-post-type=\"elementor_library\">\n\t\t\t\t\t<section class=\"elementor-section elementor-top-section elementor-element elementor-element-485e576a elementor-section-boxed elementor-section-height-default elementor-section-height-default\" data-id=\"485e576a\" data-element_type=\"section\" data-e-type=\"section\">\n\t\t\t\t\t\t<div class=\"elementor-container elementor-column-gap-default\">\n\t\t\t\t\t<div class=\"elementor-column elementor-col-100 elementor-top-column elementor-element elementor-element-635c38c0\" data-id=\"635c38c0\" data-element_type=\"column\" data-e-type=\"column\">\n\t\t\t<div class=\"elementor-widget-wrap elementor-element-populated\">\n\t\t\t\t\t\t<div class=\"elementor-element elementor-element-3ba95c8a elementor-toc--minimized-on-tablet elementor-widget elementor-widget-table-of-contents\" data-id=\"3ba95c8a\" data-element_type=\"widget\" data-e-type=\"widget\" data-settings=\"{&quot;exclude_headings_by_selector&quot;:&quot;.toc-remove&quot;,&quot;headings_by_tags&quot;:[&quot;h2&quot;,&quot;h3&quot;],&quot;marker_view&quot;:&quot;numbers&quot;,&quot;no_headings_message&quot;:&quot;No se ha encontrado ning\\u00fan encabezado en esta p\\u00e1gina.&quot;,&quot;minimize_box&quot;:&quot;yes&quot;,&quot;minimized_on&quot;:&quot;tablet&quot;,&quot;hierarchical_view&quot;:&quot;yes&quot;,&quot;min_height&quot;:{&quot;unit&quot;:&quot;px&quot;,&quot;size&quot;:&quot;&quot;,&quot;sizes&quot;:[]},&quot;min_height_tablet&quot;:{&quot;unit&quot;:&quot;px&quot;,&quot;size&quot;:&quot;&quot;,&quot;sizes&quot;:[]},&quot;min_height_mobile&quot;:{&quot;unit&quot;:&quot;px&quot;,&quot;size&quot;:&quot;&quot;,&quot;sizes&quot;:[]}}\" data-widget_type=\"table-of-contents.default\">\n\t\t\t\t\t\t\t\t\t<div class=\"elementor-toc__header\">\n\t\t\t\t\t\t<div class=\"elementor-toc__header-title\">\n\t\t\t\tTable of Contents\t\t\t<\/div>\n\t\t\t\t\t\t\t\t\t\t<div class=\"elementor-toc__toggle-button elementor-toc__toggle-button--expand\" role=\"button\" tabindex=\"0\" aria-controls=\"elementor-toc__3ba95c8a\" aria-expanded=\"true\" aria-label=\"Abrir la tabla de contenidos\"><svg aria-hidden=\"true\" class=\"e-font-icon-svg e-fas-chevron-down\" viewBox=\"0 0 448 512\" xmlns=\"http:\/\/www.w3.org\/2000\/svg\"><path d=\"M207.029 381.476L12.686 187.132c-9.373-9.373-9.373-24.569 0-33.941l22.667-22.667c9.357-9.357 24.522-9.375 33.901-.04L224 284.505l154.745-154.021c9.379-9.335 24.544-9.317 33.901.04l22.667 22.667c9.373 9.373 9.373 24.569 0 33.941L240.971 381.476c-9.373 9.372-24.569 9.372-33.942 0z\"><\/path><\/svg><\/div>\n\t\t\t\t<div class=\"elementor-toc__toggle-button elementor-toc__toggle-button--collapse\" role=\"button\" tabindex=\"0\" aria-controls=\"elementor-toc__3ba95c8a\" aria-expanded=\"true\" aria-label=\"Cerrar la tabla de contenidos\"><svg aria-hidden=\"true\" class=\"e-font-icon-svg e-fas-chevron-up\" viewBox=\"0 0 448 512\" xmlns=\"http:\/\/www.w3.org\/2000\/svg\"><path d=\"M240.971 130.524l194.343 194.343c9.373 9.373 9.373 24.569 0 33.941l-22.667 22.667c-9.357 9.357-24.522 9.375-33.901.04L224 227.495 69.255 381.516c-9.379 9.335-24.544 9.317-33.901-.04l-22.667-22.667c-9.373-9.373-9.373-24.569 0-33.941L207.03 130.525c9.372-9.373 24.568-9.373 33.941-.001z\"><\/path><\/svg><\/div>\n\t\t\t\t\t<\/div>\n\t\t\t\t<div id=\"elementor-toc__3ba95c8a\" class=\"elementor-toc__body\">\n\t\t\t<div class=\"elementor-toc__spinner-container\">\n\t\t\t\t<svg class=\"elementor-toc__spinner eicon-animation-spin e-font-icon-svg e-eicon-loading\" aria-hidden=\"true\" viewBox=\"0 0 1000 1000\" xmlns=\"http:\/\/www.w3.org\/2000\/svg\"><path d=\"M500 975V858C696 858 858 696 858 500S696 142 500 142 142 304 142 500H25C25 237 238 25 500 25S975 237 975 500 763 975 500 975Z\"><\/path><\/svg>\t\t\t<\/div>\n\t\t<\/div>\n\t\t\t\t\t\t<\/div>\n\t\t\t\t\t<\/div>\n\t\t<\/div>\n\t\t\t\t\t<\/div>\n\t\t<\/section>\n\t\t\t\t<\/div>\n\t\t\n<h2>\u00bfQu\u00e9 debo hacer tras una lesi\u00f3n?<\/h2>\n<p>Es f\u00e1cil confundirse y emocionarse despu\u00e9s de un accidente. Pero mantener la cabeza despejada y tomar medidas decisivas puede preservar sus intereses y proteger su caso.<\/p>\n<p>Estas son algunas de las cosas que debe tener en cuenta si usted o alguien que le importa ha sufrido lesiones personales:<\/p>\n<h3>Busque tratamiento m\u00e9dico<\/h3>\n<p>Los accidentes suelen provocar lesiones y ser\u00e1 importante que un profesional m\u00e9dico examine su lesi\u00f3n. Un m\u00e9dico podr\u00e1 examinar el alcance total de la lesi\u00f3n y ayudarle a planificar una recuperaci\u00f3n completa.<\/p>\n<p>Es importante que sigas al pie de la letra las recomendaciones de tu m\u00e9dico y que conserves todos los registros de tratamientos, recetas y dem\u00e1s historiales hospitalarios, ya que son vitales para el caso.<\/p>\n<h3>Si puede, haga fotos y grabe v\u00eddeos<\/h3>\n<p>Inmediatamente despu\u00e9s del incidente, aseg\u00farese de tomar instant\u00e1neas y v\u00eddeos del lugar del accidente y de todos los elementos relevantes. Ser\u00e1n importantes para establecer la responsabilidad de las lesiones sufridas.<\/p>\n<p>Si ha sufrido un accidente de tr\u00e1fico, tome fotograf\u00edas de los veh\u00edculos, los escombros y el lugar del accidente. Entre los elementos que hay que fotografiar tras un accidente laboral pueden figurar la maquinaria o una escalera tambaleante.<\/p>\n<p><a href=\"https:\/\/floridalawyers360.com\/wp-content\/uploads\/2024\/03\/the-villages-pi1-copy.webp\"><img fetchpriority=\"high\" decoding=\"async\" class=\"alignnone size-full wp-image-4782\" src=\"https:\/\/floridalawyers360.com\/wp-content\/uploads\/2024\/03\/the-villages-pi1-copy.webp\" alt=\"After an accident, exchange info and contact a personal injury lawyer\" width=\"500\" height=\"334\" srcset=\"https:\/\/floridalawyers360.com\/wp-content\/uploads\/2024\/03\/the-villages-pi1-copy.webp 500w, https:\/\/floridalawyers360.com\/wp-content\/uploads\/2024\/03\/the-villages-pi1-copy-300x200.webp 300w\" sizes=\"(max-width: 500px) 100vw, 500px\" \/><\/a><\/p>\n<h3>Consigue los nombres y n\u00fameros de tel\u00e9fono de los testigos<\/h3>\n<p>Si hay transe\u00fantes que presenciaron el suceso, recaba sus nombres y datos de contacto. El testimonio de estos testigos puede ser importante para hacerse una idea clara de lo ocurrido.<\/p>\n<h3>Informe del incidente<\/h3>\n<p>Todo accidente debe notificarse a las autoridades competentes. Si se lesion\u00f3 en el trabajo, informe del incidente a su empleador o supervisor. Los accidentes de tr\u00e1fico deben denunciarse a la polic\u00eda.<\/p>\n<h3>Llame a un abogado de lesiones personales<\/h3>\n<p>Si desea obtener una indemnizaci\u00f3n por sus lesiones, le recomendamos que inicie el proceso legal lo antes posible. P\u00f3ngase en contacto con un abogado de lesiones personales de buena reputaci\u00f3n en Florida Lawyers 360 para obtener m\u00e1s informaci\u00f3n.<\/p>\n<h2>\u00bfPor qu\u00e9 necesito un abogado?<\/h2>\n<p>La ley de lesiones personales es cualquier cosa menos simple o directa. Un abogado con experiencia puede ayudarle a navegar por las complejidades de la ley de lesiones personales y ayudarle a llegar a la compensaci\u00f3n total que necesita.<\/p>\n<h3>Preparaci\u00f3n del caso \/ Presentaci\u00f3n de una demanda<\/h3>\n<p>La preparaci\u00f3n de su caso por un abogado experto en lesiones personales garantizar\u00e1 que no se pase por alto ning\u00fan detalle y que se respeten todos los plazos. Esto mejorar\u00e1 en gran medida el valor y la fuerza de su caso de lesiones personales.<\/p>\n<h3>Negociaci\u00f3n del acuerdo<\/h3>\n<p>La mayor\u00eda de las veces, los casos de lesiones personales se resuelven a trav\u00e9s de negociaciones con el demandado y sus ajustadores de seguros. Los ajustadores de seguros no son conocidos por su benevolencia, y se requerir\u00e1 un profundo conocimiento de la ley de lesiones personales y habilidades de negociaci\u00f3n para asegurar un acuerdo favorable para usted.<\/p>\n<h3>Preparaci\u00f3n del juicio y representaci\u00f3n<\/h3>\n<p>Si no se puede llegar a una resoluci\u00f3n, el caso ser\u00e1 llevado a los tribunales. Un abogado experimentado preparar\u00e1 un caso fuerte y luchar\u00e1 agresivamente para asegurar que sus derechos sean respetados.<\/p>\n<p><a href=\"https:\/\/floridalawyers360.com\/wp-content\/uploads\/2024\/03\/the-villages-pi2-copy.webp\"><img decoding=\"async\" class=\"alignnone size-full wp-image-4780\" src=\"https:\/\/floridalawyers360.com\/wp-content\/uploads\/2024\/03\/the-villages-pi2-copy.webp\" alt=\"What kind of damages can I expert from a personal injury\" width=\"500\" height=\"334\" srcset=\"https:\/\/floridalawyers360.com\/wp-content\/uploads\/2024\/03\/the-villages-pi2-copy.webp 500w, https:\/\/floridalawyers360.com\/wp-content\/uploads\/2024\/03\/the-villages-pi2-copy-300x200.webp 300w\" sizes=\"(max-width: 500px) 100vw, 500px\" \/><\/a><\/p>\n<h2>\u00bfQu\u00e9 tipo de da\u00f1os puedo recuperar en una demanda por lesiones personales en Florida?<\/h2>\n<p>Los da\u00f1os que se pueden recuperar en una demanda por lesiones personales en Florida se pueden separar en las siguientes categor\u00edas:<\/p>\n<h3>Da\u00f1os Econ\u00f3micos<\/h3>\n<p>Estos son los da\u00f1os que se pueden traducir f\u00e1cilmente en una cifra financiera. Esto puede incluir da\u00f1os a la propiedad, salarios perdidos y capacidad de ganancia, y facturas m\u00e9dicas en el pasado, presente y futuro.<\/p>\n<h3>Da\u00f1os no econ\u00f3micos<\/h3>\n<p>Algunos da\u00f1os no se pueden convertir en una cifra financiera tan f\u00e1cilmente y los expertos ser\u00e1n llamados a prestar su perspectiva sobre los valores asignados a ellos. Estos da\u00f1os pueden incluir dolor y sufrimiento, p\u00e9rdida de consorcio, angustia mental, etc.<\/p>\n<h3>Da\u00f1os punitivos<\/h3>\n<p>En algunos casos, se conceder\u00e1n da\u00f1os punitivos si las acciones del demandado se consideran especialmente graves.<\/p>\n<h2>\u00bfC\u00f3mo se determina la responsabilidad en Florida?<\/h2>\n<p>El estado de Florida aplica el concepto de \u00abnegligencia comparativa pura\u00bb a la hora de establecer la responsabilidad en casos de lesiones personales. Esto significa que aunque la v\u00edctima sea parcialmente responsable del accidente, conserva su derecho a una indemnizaci\u00f3n.<\/p>\n<p>Sin embargo, su responsabilidad en el accidente puede reducir su derecho a una indemnizaci\u00f3n completa. As\u00ed, si la v\u00edctima es responsable del 10% del accidente, tendr\u00e1 derecho al 90% de la indemnizaci\u00f3n.<\/p>\n<p>Pero antes, ser\u00e1 necesario demostrar la responsabilidad del demandado. Esto se reduce a probar que las acciones o inacciones del demandado fueron \u00abnegligentes\u00bb. He aqu\u00ed c\u00f3mo se define la \u00abnegligencia\u00bb:<\/p>\n<ul>\n<li><strong>Deber de cuidado<\/strong> &#8211; el demandado ten\u00eda un deber de responsabilidad por el cuidado del demandante.<\/li>\n<li><strong>Incumplimiento del deber de diligencia<\/strong> &#8211; el demandado incumpli\u00f3 su deber de diligencia para con el demandante.<\/li>\n<li><strong>Causalidad<\/strong> &#8211; el accidente fue causado por el incumplimiento por parte del demandado de su deber de diligencia.<\/li>\n<li><strong>Da\u00f1os<\/strong> &#8211; el demandante sufri\u00f3 lesiones en el accidente.<\/li>\n<\/ul>\n<p>&nbsp;<\/p>\n<p><a href=\"https:\/\/floridalawyers360.com\/wp-content\/uploads\/2024\/03\/the-villages-pi3-copy.webp\"><img decoding=\"async\" class=\"alignnone size-full wp-image-4778\" src=\"https:\/\/floridalawyers360.com\/wp-content\/uploads\/2024\/03\/the-villages-pi3-copy.webp\" alt=\"How much will a personal injury lawyer cost?\" width=\"500\" height=\"334\" srcset=\"https:\/\/floridalawyers360.com\/wp-content\/uploads\/2024\/03\/the-villages-pi3-copy.webp 500w, https:\/\/floridalawyers360.com\/wp-content\/uploads\/2024\/03\/the-villages-pi3-copy-300x200.webp 300w\" sizes=\"(max-width: 500px) 100vw, 500px\" \/><\/a><\/p>\n<h2>\u00bfCu\u00e1nto cuesta un abogado de lesiones personales en The Villages?<\/h2>\n<p>Florida Lawyers 360 entiende que los accidentes ocurren inesperadamente y esto significa que no todo el mundo tiene dinero en efectivo a la mano para una representaci\u00f3n legal costosa. Por lo tanto, ofrecemos nuestros servicios profesionales sin costos por adelantado.<\/p>\n<p>Operamos en base a honorarios de contingencia, lo que significa que no cobraremos a nuestros clientes nada por adelantado por nuestro asesoramiento jur\u00eddico, representaci\u00f3n, o cualquier otra cosa.<\/p>\n<p>De hecho, no cobraremos nada a nuestros clientes a menos que ganemos el caso y les consigamos la indemnizaci\u00f3n que necesitan &#8211; entonces nos llevaremos un porcentaje de las ganancias. Nuestro pago es \u00abcontingente\u00bb en ganar el caso.<\/p>\n<h2>\u00bfQu\u00e9 tipo de casos maneja Florida Lawyers 360?<\/h2>\n<p>Nuestros abogados de lesiones personales tienen experiencia en el manejo de una amplia gama de casos. Estos son algunos de los casos que hemos representado frecuentemente a lo largo de nuestros a\u00f1os de experiencia.<\/p>\n<h3>Accidentes de tr\u00e1fico<\/h3>\n<p>Cada a\u00f1o se producen una media de 400.000 accidentes de coche en Florida, que provocan miles de lesiones y cientos de muertes. Nuestros abogados de accidentes automovil\u00edsticos en The Villages se dedican a conseguir una indemnizaci\u00f3n completa para las v\u00edctimas.<\/p>\n<h3>Indemnizaci\u00f3n laboral<\/h3>\n<p>Nuestros abogados de indemnizaci\u00f3n laboral en The Villages pueden guiarle a trav\u00e9s del proceso de reclamaci\u00f3n y ayudarle a evitar complicaciones. Tambi\u00e9n podemos ayudarlo a apelar si su reclamo de compensaci\u00f3n laboral fue denegado.<\/p>\n<p><a href=\"https:\/\/floridalawyers360.com\/wp-content\/uploads\/2024\/03\/the-villages-pi4-copy.webp\"><img loading=\"lazy\" decoding=\"async\" class=\"alignnone size-full wp-image-4776\" src=\"https:\/\/floridalawyers360.com\/wp-content\/uploads\/2024\/03\/the-villages-pi4-copy.webp\" alt=\"The Villages Personal Injury Lawyer\" width=\"500\" height=\"334\" srcset=\"https:\/\/floridalawyers360.com\/wp-content\/uploads\/2024\/03\/the-villages-pi4-copy.webp 500w, https:\/\/floridalawyers360.com\/wp-content\/uploads\/2024\/03\/the-villages-pi4-copy-300x200.webp 300w\" sizes=\"(max-width: 500px) 100vw, 500px\" \/><\/a><\/p>\n<h2>Comun\u00edquese con los abogados de lesiones personales de The Villages en Florida Lawyers 360<\/h2>\n<p>Si usted ha sido lesionado en un accidente causado por las acciones negligentes de otra parte, usted tiene derecho a una indemnizaci\u00f3n que le ayude a recuperarse por completo.<\/p>\n<p>Para asegurarse de obtener la compensaci\u00f3n total a la que tiene derecho, necesitar\u00e1 un equipo experimentado de abogados de lesiones personales para negociar una resoluci\u00f3n favorable o luchar por usted en los tribunales.<\/p>\n<p>Los abogados de lesiones personales en Florida Lawyers 360 tienen las habilidades, experiencia y recursos para representar su caso y obtener la compensaci\u00f3n que se merece.<\/p>\n<p>Llame <a href=\"tel:+19544487355\"><i class=\"fa fa-phone-alt\"><\/i>954-448-7355<\/a> utilice nuestro formulario en l\u00ednea para programar su consulta GRATUITA con nuestros abogados expertos en lesiones personales. Analizaremos los detalles de su caso y le brindaremos asesoramiento experto sobre qu\u00e9 hacer a continuaci\u00f3n.<\/p>\n","protected":false},"excerpt":{"rendered":"<p>Desde mordeduras de perro y colisiones de tr\u00e1fico hasta quemaduras y resbalones y ca\u00eddas, los accidentes pueden ocurrir en cualquier momento. Pero si usted o alguien de su familia ha sido lesionado debido a las acciones de otra persona o parte, nuestro equipo de abogados de lesiones personales en The Villages puede asegurar que usted [&hellip;]<\/p>\n","protected":false},"author":22,"featured_media":0,"parent":6124,"menu_order":0,"comment_status":"closed","ping_status":"closed","template":"","meta":{"_acf_changed":false,"anchor_text":"","footnotes":""},"categories":[],"tags":[],"class_list":["post-6134","page","type-page","status-publish","hentry"],"acf":[],"_links":{"self":[{"href":"https:\/\/floridalawyers360.com\/es\/wp-json\/wp\/v2\/pages\/6134","targetHints":{"allow":["GET"]}}],"collection":[{"href":"https:\/\/floridalawyers360.com\/es\/wp-json\/wp\/v2\/pages"}],"about":[{"href":"https:\/\/floridalawyers360.com\/es\/wp-json\/wp\/v2\/types\/page"}],"author":[{"embeddable":true,"href":"https:\/\/floridalawyers360.com\/es\/wp-json\/wp\/v2\/users\/22"}],"replies":[{"embeddable":true,"href":"https:\/\/floridalawyers360.com\/es\/wp-json\/wp\/v2\/comments?post=6134"}],"version-history":[{"count":2,"href":"https:\/\/floridalawyers360.com\/es\/wp-json\/wp\/v2\/pages\/6134\/revisions"}],"predecessor-version":[{"id":6136,"href":"https:\/\/floridalawyers360.com\/es\/wp-json\/wp\/v2\/pages\/6134\/revisions\/6136"}],"up":[{"embeddable":true,"href":"https:\/\/floridalawyers360.com\/es\/wp-json\/wp\/v2\/pages\/6124"}],"wp:attachment":[{"href":"https:\/\/floridalawyers360.com\/es\/wp-json\/wp\/v2\/media?parent=6134"}],"wp:term":[{"taxonomy":"category","embeddable":true,"href":"https:\/\/floridalawyers360.com\/es\/wp-json\/wp\/v2\/categories?post=6134"},{"taxonomy":"post_tag","embeddable":true,"href":"https:\/\/floridalawyers360.com\/es\/wp-json\/wp\/v2\/tags?post=6134"}],"curies":[{"name":"wp","href":"https:\/\/api.w.org\/{rel}","templated":true}]}}