{"id":6131,"date":"2024-02-14T10:55:33","date_gmt":"2024-02-14T15:55:33","guid":{"rendered":"https:\/\/floridalawyers360.com\/the-villages\/the-villages-car-accident-lawyer\/"},"modified":"2024-03-20T01:05:24","modified_gmt":"2024-03-20T06:05:24","slug":"abogado-de-accidentes-de-trafico","status":"publish","type":"page","link":"https:\/\/floridalawyers360.com\/es\/the-villages\/abogado-de-accidentes-de-trafico\/","title":{"rendered":"Abogado de accidentes de tr\u00e1fico"},"content":{"rendered":"<p>Si alguna vez ha sufrido un accidente de tr\u00e1fico, conoce los costes imprevistos que pueden surgir. Las reparaciones de su coche, los gastos m\u00e9dicos y la p\u00e9rdida de ingresos, mientras se recupera de su accidente, pueden hacerle retroceder financieramente.<\/p>\n<p>La buena noticia es que usted puede recuperar sus p\u00e9rdidas a trav\u00e9s de una demanda por lesiones personales con la ayuda de Florida Abogados 360.<\/p>\n<p>Los abogados de accidentes automovil\u00edsticos en Villages de nuestra firma pueden evaluar su caso para determinar si tiene motivos para presentar una demanda y ayudarle de las siguientes maneras:<\/p>\n<ul>\n<li>Investigar el accidente de tr\u00e1fico para determinar qui\u00e9n tiene la culpa y qui\u00e9n es responsable.<\/li>\n<li>Determinar lo que puede reclamar y la cuant\u00eda de su reclamaci\u00f3n.<\/li>\n<li>Negociar un acuerdo con la persona que caus\u00f3 el accidente, sus abogados o la compa\u00f1\u00eda de seguros.<\/li>\n<li>Preparar y presentar su caso ante un tribunal.<\/li>\n<\/ul>\n<p>&nbsp;<\/p>\n<p>Siempre lucharemos agresivamente para maximizar su recuperaci\u00f3n financiera. P\u00f3ngase en contacto con nosotros hoy en [tel\u00e9fono] para programar una consulta gratuita con nuestros abogados de lesiones personales en The Villages, FL.<\/p>\n\t\t<div data-elementor-type=\"section\" data-elementor-id=\"208\" class=\"elementor elementor-208\" data-elementor-post-type=\"elementor_library\">\n\t\t\t\t\t<section class=\"elementor-section elementor-top-section elementor-element elementor-element-485e576a elementor-section-boxed elementor-section-height-default elementor-section-height-default\" data-id=\"485e576a\" data-element_type=\"section\" data-e-type=\"section\">\n\t\t\t\t\t\t<div class=\"elementor-container elementor-column-gap-default\">\n\t\t\t\t\t<div class=\"elementor-column elementor-col-100 elementor-top-column elementor-element elementor-element-635c38c0\" data-id=\"635c38c0\" data-element_type=\"column\" data-e-type=\"column\">\n\t\t\t<div class=\"elementor-widget-wrap elementor-element-populated\">\n\t\t\t\t\t\t<div class=\"elementor-element elementor-element-3ba95c8a elementor-toc--minimized-on-tablet elementor-widget elementor-widget-table-of-contents\" data-id=\"3ba95c8a\" data-element_type=\"widget\" data-e-type=\"widget\" data-settings=\"{&quot;exclude_headings_by_selector&quot;:&quot;.toc-remove&quot;,&quot;headings_by_tags&quot;:[&quot;h2&quot;,&quot;h3&quot;],&quot;marker_view&quot;:&quot;numbers&quot;,&quot;no_headings_message&quot;:&quot;No se ha encontrado ning\\u00fan encabezado en esta p\\u00e1gina.&quot;,&quot;minimize_box&quot;:&quot;yes&quot;,&quot;minimized_on&quot;:&quot;tablet&quot;,&quot;hierarchical_view&quot;:&quot;yes&quot;,&quot;min_height&quot;:{&quot;unit&quot;:&quot;px&quot;,&quot;size&quot;:&quot;&quot;,&quot;sizes&quot;:[]},&quot;min_height_tablet&quot;:{&quot;unit&quot;:&quot;px&quot;,&quot;size&quot;:&quot;&quot;,&quot;sizes&quot;:[]},&quot;min_height_mobile&quot;:{&quot;unit&quot;:&quot;px&quot;,&quot;size&quot;:&quot;&quot;,&quot;sizes&quot;:[]}}\" data-widget_type=\"table-of-contents.default\">\n\t\t\t\t\t\t\t\t\t<div class=\"elementor-toc__header\">\n\t\t\t\t\t\t<div class=\"elementor-toc__header-title\">\n\t\t\t\tTable of Contents\t\t\t<\/div>\n\t\t\t\t\t\t\t\t\t\t<div class=\"elementor-toc__toggle-button elementor-toc__toggle-button--expand\" role=\"button\" tabindex=\"0\" aria-controls=\"elementor-toc__3ba95c8a\" aria-expanded=\"true\" aria-label=\"Abrir la tabla de contenidos\"><svg aria-hidden=\"true\" class=\"e-font-icon-svg e-fas-chevron-down\" viewBox=\"0 0 448 512\" xmlns=\"http:\/\/www.w3.org\/2000\/svg\"><path d=\"M207.029 381.476L12.686 187.132c-9.373-9.373-9.373-24.569 0-33.941l22.667-22.667c9.357-9.357 24.522-9.375 33.901-.04L224 284.505l154.745-154.021c9.379-9.335 24.544-9.317 33.901.04l22.667 22.667c9.373 9.373 9.373 24.569 0 33.941L240.971 381.476c-9.373 9.372-24.569 9.372-33.942 0z\"><\/path><\/svg><\/div>\n\t\t\t\t<div class=\"elementor-toc__toggle-button elementor-toc__toggle-button--collapse\" role=\"button\" tabindex=\"0\" aria-controls=\"elementor-toc__3ba95c8a\" aria-expanded=\"true\" aria-label=\"Cerrar la tabla de contenidos\"><svg aria-hidden=\"true\" class=\"e-font-icon-svg e-fas-chevron-up\" viewBox=\"0 0 448 512\" xmlns=\"http:\/\/www.w3.org\/2000\/svg\"><path d=\"M240.971 130.524l194.343 194.343c9.373 9.373 9.373 24.569 0 33.941l-22.667 22.667c-9.357 9.357-24.522 9.375-33.901.04L224 227.495 69.255 381.516c-9.379 9.335-24.544 9.317-33.901-.04l-22.667-22.667c-9.373-9.373-9.373-24.569 0-33.941L207.03 130.525c9.372-9.373 24.568-9.373 33.941-.001z\"><\/path><\/svg><\/div>\n\t\t\t\t\t<\/div>\n\t\t\t\t<div id=\"elementor-toc__3ba95c8a\" class=\"elementor-toc__body\">\n\t\t\t<div class=\"elementor-toc__spinner-container\">\n\t\t\t\t<svg class=\"elementor-toc__spinner eicon-animation-spin e-font-icon-svg e-eicon-loading\" aria-hidden=\"true\" viewBox=\"0 0 1000 1000\" xmlns=\"http:\/\/www.w3.org\/2000\/svg\"><path d=\"M500 975V858C696 858 858 696 858 500S696 142 500 142 142 304 142 500H25C25 237 238 25 500 25S975 237 975 500 763 975 500 975Z\"><\/path><\/svg>\t\t\t<\/div>\n\t\t<\/div>\n\t\t\t\t\t\t<\/div>\n\t\t\t\t\t<\/div>\n\t\t<\/div>\n\t\t\t\t\t<\/div>\n\t\t<\/section>\n\t\t\t\t<\/div>\n\t\t\n<h2>\u00bfCu\u00e1nto costar\u00e1 contratar a un abogado de accidentes de coche en The Villages?<\/h2>\n<p>Nuestros abogados trabajan sobre una base de contingencia. Esto significa que el pago es contingente o depende de ganar su caso.<\/p>\n<p>Si no ganamos, usted no cobra y nosotros tampoco. Cuando ganamos, cobraremos un peque\u00f1o porcentaje del acuerdo o de la cantidad concedida por un tribunal como pago por nuestros servicios.<\/p>\n<p>Usted no tiene nada que perder. P\u00f3ngase en contacto con Florida Lawyers 360 en [tel\u00e9fono] hoy para programar su consulta gratuita.<\/p>\n<h2>\u00bfQu\u00e9 debo hacer despu\u00e9s de un accidente automovil\u00edstico?<\/h2>\n<p>Despu\u00e9s de estar involucrado en un accidente automovil\u00edstico, es importante seguir los siguientes pasos para proteger sus derechos y su bienestar:<\/p>\n<h3>P\u00f3ngase en contacto con la polic\u00eda y los servicios m\u00e9dicos<\/h3>\n<p>Si ha sufrido lesiones graves, es prioritario que reciba atenci\u00f3n m\u00e9dica lo antes posible. Si el accidente no ha sido grave, puede denunciarlo en la comisar\u00eda de polic\u00eda m\u00e1s cercana lo antes posible tras el accidente.<\/p>\n<p><a href=\"https:\/\/floridalawyers360.com\/wp-content\/uploads\/2024\/03\/the-villages-car-acc1-copy.webp\"><img fetchpriority=\"high\" decoding=\"async\" class=\"alignnone size-full wp-image-4768\" src=\"https:\/\/floridalawyers360.com\/wp-content\/uploads\/2024\/03\/the-villages-car-acc1-copy.webp\" alt=\"After a car accident contact. car accident lawyer\" width=\"500\" height=\"334\" srcset=\"https:\/\/floridalawyers360.com\/wp-content\/uploads\/2024\/03\/the-villages-car-acc1-copy.webp 500w, https:\/\/floridalawyers360.com\/wp-content\/uploads\/2024\/03\/the-villages-car-acc1-copy-300x200.webp 300w\" sizes=\"(max-width: 500px) 100vw, 500px\" \/><\/a><\/p>\n<h2>Comprueba a los dem\u00e1s implicados en el accidente<\/h2>\n<p>Comprueba si las otras partes implicadas en el accidente necesitan ayuda. No abandone nunca el lugar del accidente hasta que se hayan intercambiado los datos de contacto y del seguro o hasta que haya llegado la polic\u00eda y haya hablado con usted.<\/p>\n<h3>Tenga cuidado de no admitir la culpa<\/h3>\n<p>Lo mejor es responder s\u00f3lo a preguntas b\u00e1sicas como el nombre del otro conductor, informaci\u00f3n de contacto, datos del seguro y si est\u00e1 herido o no. Puedes implicarte sin saberlo diciendo algo incorrecto.<\/p>\n<p>No pidas disculpas a las otras partes implicadas en el accidente, ya que esto puede interpretarse como admitir la culpa.<\/p>\n<h3>Recoge pruebas<\/h3>\n<p>Haz fotos del lugar del accidente y toma nota de cualquier otra informaci\u00f3n pertinente. Anota tambi\u00e9n la informaci\u00f3n de contacto de los posibles testigos del accidente o de los hechos que lo provocaron.<\/p>\n<h3>Busque atenci\u00f3n m\u00e9dica y lleve un registro<\/h3>\n<p>Busque atenci\u00f3n m\u00e9dica lo antes posible aunque no tenga lesiones perceptibles o haya recibido atenci\u00f3n en el lugar de los hechos por parte de los param\u00e9dicos. Algunas lesiones por accidente de tr\u00e1fico pueden tardar un d\u00eda o m\u00e1s en aparecer.<\/p>\n<p>Acudir a un servicio de urgencias o a un m\u00e9dico lo antes posible puede ayudar a detectar estas lesiones y garantizar que recibas el tratamiento necesario.<\/p>\n<p>Conserve todos los registros de sus tratamientos m\u00e9dicos, as\u00ed como las facturas. Adem\u00e1s, documente cualquier otro gasto relacionado con sus lesiones, como los gastos de viaje y las bajas laborales no remuneradas.<\/p>\n<h3>Llame a un abogado de accidentes de tr\u00e1fico<\/h3>\n<p>Llame a un abogado especializado en accidentes de tr\u00e1fico para que eval\u00fae su caso y comience a presentar su demanda por lesiones personales. Cuanto antes empiece su abogado a investigar su caso, mejor.<\/p>\n<h2>\u00bfCu\u00e1l es la indemnizaci\u00f3n media por accidente de tr\u00e1fico?<\/h2>\n<p>El acuerdo promedio para las reclamaciones de lesiones personales por accidente de coche en la Florida es de $ 15.000. Sin embargo, las indemnizaciones dependen de varios factores y cada caso es diferente.<\/p>\n<p>Cuanto m\u00e1s graves sean sus lesiones, mayores ser\u00e1n sus gastos m\u00e9dicos y, por tanto, m\u00e1s podr\u00e1 reclamar. Las lesiones que resultan en discapacidades permanentes van a obtener los asentamientos m\u00e1s grandes.<\/p>\n<p><a href=\"https:\/\/floridalawyers360.com\/wp-content\/uploads\/2024\/03\/the-villages-car-acc4-copy.webp\"><img decoding=\"async\" class=\"alignnone size-full wp-image-4762\" src=\"https:\/\/floridalawyers360.com\/wp-content\/uploads\/2024\/03\/the-villages-car-acc4-copy.webp\" alt=\"Car Accident Lawyer in The Villages\" width=\"500\" height=\"334\" srcset=\"https:\/\/floridalawyers360.com\/wp-content\/uploads\/2024\/03\/the-villages-car-acc4-copy.webp 500w, https:\/\/floridalawyers360.com\/wp-content\/uploads\/2024\/03\/the-villages-car-acc4-copy-300x200.webp 300w\" sizes=\"(max-width: 500px) 100vw, 500px\" \/><\/a><\/p>\n<h2>\u00bfPor qu\u00e9 necesito un abogado?<\/h2>\n<p>Los abogados de accidente de coche de Villages en nuestra firma van a proveer de usted la maestr\u00eda legal para cerciorarse de que usted consigue la remuneraci\u00f3n que usted merece. Ofrecemos los siguientes servicios:<\/p>\n<h3>Preparaci\u00f3n de su caso y presentaci\u00f3n de la demanda<\/h3>\n<p>Su abogado le ayudar\u00e1 a asegurarse de que presenta correctamente su demanda y dentro del plazo establecido. Cualquier error o incumplimiento del plazo puede anular su capacidad para reclamar una indemnizaci\u00f3n. Su abogado le ayudar\u00e1 a asegurarse de que todo se hace correctamente.<\/p>\n<h3>Negociando un Acuerdo<\/h3>\n<p>Florida Lawyers 360 siempre tratar\u00e1 de resolver su caso en lugar de ir a juicio. Los juicios llevan mucho tiempo, son costosos y no hay certeza sobre el resultado.<\/p>\n<p>A menos que usted insista en un juicio, la parte responsable se niegue a llegar a un acuerdo u ofrezca un acuerdo que no sea justo, ir a juicio no es aconsejable.<\/p>\n<p>Nuestros abogados negociar\u00e1n un acuerdo favorable que cubra tanto sus p\u00e9rdidas inmediatas como las p\u00e9rdidas futuras en las que pueda incurrir como resultado de sus lesiones.<\/p>\n<h3>Representarlo en un juicio<\/h3>\n<p>Si las negociaciones fracasan, nuestro bufete le proporcionar\u00e1 una representaci\u00f3n legal agresiva durante el juicio.<\/p>\n<h2>\u00bfQu\u00e9 tipo de da\u00f1os puedo recuperar en The Villages, Florida?<\/h2>\n<p>Hay 3 categor\u00edas de da\u00f1os que pueden ser otorgados a las v\u00edctimas de accidentes automovil\u00edsticos:<\/p>\n<h3>Da\u00f1os Econ\u00f3micos<\/h3>\n<p>Los da\u00f1os econ\u00f3micos son p\u00e9rdidas financieras en las que usted incurri\u00f3 y a las que se les puede asignar una cantidad monetaria exacta. Estos incluyen gastos m\u00e9dicos, p\u00e9rdida de salarios o ingresos y da\u00f1os a la propiedad.<\/p>\n<p>La indemnizaci\u00f3n debe cubrir sus gastos m\u00e9dicos actuales, as\u00ed como los que probablemente experimente en el futuro.<\/p>\n<h3>Da\u00f1os no econ\u00f3micos<\/h3>\n<p>Incluyen p\u00e9rdidas a las que no puede asignarse una cantidad monetaria exacta. Por ejemplo, dolor y sufrimiento, angustia mental o emocional, p\u00e9rdida de calidad de vida y p\u00e9rdida de compa\u00f1\u00eda.<\/p>\n<p>La cuant\u00eda asignada a cada uno de estos da\u00f1os puede variar mucho de un caso a otro.<\/p>\n<p>En caso de incapacidad permanente que le impida trabajar o realizar las actividades que disfrutaba antes del accidente, puede recibir una cantidad considerable.<\/p>\n<h3>Da\u00f1os punitivos<\/h3>\n<p>Los da\u00f1os punitivos se conceden en caso de que se determine que la parte responsable ha sido especialmente negligente o imprudente. El objetivo es desalentar comportamientos similares en el futuro penalizando econ\u00f3micamente a la parte.<\/p>\n<p>La v\u00edctima recibe da\u00f1os punitivos adem\u00e1s de la indemnizaci\u00f3n por p\u00e9rdidas econ\u00f3micas o no econ\u00f3micas. Sin embargo, los tribunales no conceden da\u00f1os punitivos f\u00e1cilmente.<\/p>\n<p><a href=\"https:\/\/floridalawyers360.com\/wp-content\/uploads\/2024\/03\/the-villages-car-acc2-copy.webp\"><img decoding=\"async\" class=\"alignnone size-full wp-image-4764\" src=\"https:\/\/floridalawyers360.com\/wp-content\/uploads\/2024\/03\/the-villages-car-acc2-copy.webp\" alt=\"How is fault determined\" width=\"500\" height=\"334\" srcset=\"https:\/\/floridalawyers360.com\/wp-content\/uploads\/2024\/03\/the-villages-car-acc2-copy.webp 500w, https:\/\/floridalawyers360.com\/wp-content\/uploads\/2024\/03\/the-villages-car-acc2-copy-300x200.webp 300w\" sizes=\"(max-width: 500px) 100vw, 500px\" \/><\/a><\/p>\n<h2>\u00bfC\u00f3mo se determina la culpa?<\/h2>\n<p>El estado de Florida sigue el est\u00e1ndar de negligencia comparativa pura cuando se trata de determinar la responsabilidad. La responsabilidad se refiere a qui\u00e9n es responsable de causar el accidente y por lo tanto tiene que pagar la indemnizaci\u00f3n.<\/p>\n<p>Si se determina que usted es parcialmente responsable o culpable de causar el accidente, entonces la indemnizaci\u00f3n que se le conceda por un tribunal se reducir\u00e1 en consecuencia.<\/p>\n<p>Por ejemplo, si se determina que usted tuvo el 80% de la culpa del accidente y de sus lesiones, la otra parte s\u00f3lo tendr\u00e1 que pagar el 20% de la indemnizaci\u00f3n que se le conceda.<\/p>\n<p>Desde Florida utiliza pura negligencia comparativa, una persona puede recuperar incluso si son 99% de culpa.<\/p>\n<h2>\u00bfCu\u00e1nto tiempo tengo para presentar una demanda?<\/h2>\n<p>El estatuto de limitaciones para demandas por lesiones personales es de cuatro a\u00f1os en el estado de Florida. Esto significa que usted tiene exactamente cuatro a\u00f1os a partir de la fecha del accidente para presentar una demanda. Si transcurre este per\u00edodo de tiempo, ya no puede presentar una reclamaci\u00f3n para recuperar sus p\u00e9rdidas.<\/p>\n<h2>\u00bfC\u00f3mo puede ayudarme un abogado a presentar mi reclamaci\u00f3n al seguro?<\/h2>\n<p>Las compa\u00f1\u00edas de seguros son conocidas por encontrar cualquier manera de no pagar las reclamaciones. Si su reclamaci\u00f3n ha sido denegada o una compa\u00f1\u00eda de seguros se niega a ofrecerle un acuerdo justo, debe ponerse en contacto con un abogado inmediatamente.<\/p>\n<p>Su abogado de accidentes de tr\u00e1fico le ayudar\u00e1 a asegurarse de que se ha seguido el proceso de reclamaci\u00f3n y utilizar\u00e1 t\u00e1cticas legales para persuadir a la compa\u00f1\u00eda de seguros de que pague.<\/p>\n<p>A menudo, una carta de un abogado es suficiente para conseguir que una aseguradora resistente pague un siniestro u ofrezca una indemnizaci\u00f3n justa. Tambi\u00e9n es aconsejable que un abogado examine cualquier oferta de acuerdo antes de aceptarla y firmarla.<\/p>\n<p><a href=\"https:\/\/floridalawyers360.com\/wp-content\/uploads\/2024\/03\/the-villages-car-acc3-copy.webp\"><img loading=\"lazy\" decoding=\"async\" class=\"alignnone size-full wp-image-4766\" src=\"https:\/\/floridalawyers360.com\/wp-content\/uploads\/2024\/03\/the-villages-car-acc3-copy.webp\" alt=\"If the other driver doesn't have insurance contact our car accident lawyers\" width=\"500\" height=\"334\" srcset=\"https:\/\/floridalawyers360.com\/wp-content\/uploads\/2024\/03\/the-villages-car-acc3-copy.webp 500w, https:\/\/floridalawyers360.com\/wp-content\/uploads\/2024\/03\/the-villages-car-acc3-copy-300x200.webp 300w\" sizes=\"(max-width: 500px) 100vw, 500px\" \/><\/a><\/p>\n<h2>\u00bfQu\u00e9 pasa si el otro conductor no tiene seguro?<\/h2>\n<p>Si el conductor que caus\u00f3 el accidente no tiene seguro, el primer paso es comprobar con su propia compa\u00f1\u00eda de seguros si usted est\u00e1 cubierto por el <a href=\"https:\/\/wallethub.com\/answers\/ci\/do-i-need-uninsured-motorist-coverage-in-florida-if-i-have-health-insurance-2140731537\/\" target=\"_blank\" rel=\"noopener\">seguro de motorista sin seguro<\/a>. Esta cobertura es opcional y aumentar\u00e1 la tarifa de su seguro.<\/p>\n<p>Si no tiene esta cobertura, el conductor que caus\u00f3 el accidente ser\u00e1 responsable personalmente del pago de su indemnizaci\u00f3n. Sin embargo, en la mayor\u00eda de los casos de conductores sin seguro, no pueden permitirse pagar la indemnizaci\u00f3n.<\/p>\n<p>Esto significa que, aunque ganes el caso, es poco probable que recibas dinero. Un abogado puede ayudarle a recuperar sus p\u00e9rdidas mediante la colocaci\u00f3n de un derecho de retenci\u00f3n sobre una casa u otros bienes de su propiedad.<\/p>\n<h2>Llame a los abogados de accidentes automovil\u00edsticos de The Villages a Florida Lawyers 360<\/h2>\n<p>Un accidente automovil\u00edstico es un evento traum\u00e1tico que puede tener consecuencias menores o severas que alteren su vida. La compensaci\u00f3n financiera por estas p\u00e9rdidas es posible mediante la presentaci\u00f3n de una demanda por lesiones personales o reclamaci\u00f3n de indemnizaci\u00f3n.<\/p>\n<p>Cuanto antes presente su reclamaci\u00f3n, m\u00e1s r\u00e1pido se resolver\u00e1 el asunto y m\u00e1s probabilidades tendr\u00e1 de recibir una compensaci\u00f3n justa.<\/p>\n<p>P\u00f3ngase en contacto con nuestro <a href=\"\/contact\/\">bufete de abogados de accidentes de coche en Florida<\/a> hoy mismo para concertar una cita gratuita y evaluar su caso para una demanda por lesiones personales.<\/p>\n<p>Recuerde, que incluso si usted fue parcialmente culpable de causar el accidente, usted todav\u00eda puede ser capaz de recuperar el dinero para las p\u00e9rdidas financieras y de otro tipo.<\/p>\n","protected":false},"excerpt":{"rendered":"<p>Si alguna vez ha sufrido un accidente de tr\u00e1fico, conoce los costes imprevistos que pueden surgir. Las reparaciones de su coche, los gastos m\u00e9dicos y la p\u00e9rdida de ingresos, mientras se recupera de su accidente, pueden hacerle retroceder financieramente. La buena noticia es que usted puede recuperar sus p\u00e9rdidas a trav\u00e9s de una demanda por [&hellip;]<\/p>\n","protected":false},"author":22,"featured_media":0,"parent":6124,"menu_order":0,"comment_status":"closed","ping_status":"closed","template":"","meta":{"_acf_changed":false,"anchor_text":"","footnotes":""},"categories":[],"tags":[],"class_list":["post-6131","page","type-page","status-publish","hentry"],"acf":[],"_links":{"self":[{"href":"https:\/\/floridalawyers360.com\/es\/wp-json\/wp\/v2\/pages\/6131","targetHints":{"allow":["GET"]}}],"collection":[{"href":"https:\/\/floridalawyers360.com\/es\/wp-json\/wp\/v2\/pages"}],"about":[{"href":"https:\/\/floridalawyers360.com\/es\/wp-json\/wp\/v2\/types\/page"}],"author":[{"embeddable":true,"href":"https:\/\/floridalawyers360.com\/es\/wp-json\/wp\/v2\/users\/22"}],"replies":[{"embeddable":true,"href":"https:\/\/floridalawyers360.com\/es\/wp-json\/wp\/v2\/comments?post=6131"}],"version-history":[{"count":2,"href":"https:\/\/floridalawyers360.com\/es\/wp-json\/wp\/v2\/pages\/6131\/revisions"}],"predecessor-version":[{"id":6133,"href":"https:\/\/floridalawyers360.com\/es\/wp-json\/wp\/v2\/pages\/6131\/revisions\/6133"}],"up":[{"embeddable":true,"href":"https:\/\/floridalawyers360.com\/es\/wp-json\/wp\/v2\/pages\/6124"}],"wp:attachment":[{"href":"https:\/\/floridalawyers360.com\/es\/wp-json\/wp\/v2\/media?parent=6131"}],"wp:term":[{"taxonomy":"category","embeddable":true,"href":"https:\/\/floridalawyers360.com\/es\/wp-json\/wp\/v2\/categories?post=6131"},{"taxonomy":"post_tag","embeddable":true,"href":"https:\/\/floridalawyers360.com\/es\/wp-json\/wp\/v2\/tags?post=6131"}],"curies":[{"name":"wp","href":"https:\/\/api.w.org\/{rel}","templated":true}]}}