{"id":6126,"date":"2024-02-14T10:54:59","date_gmt":"2024-02-14T15:54:59","guid":{"rendered":"https:\/\/floridalawyers360.com\/the-villages\/reporting-a-work-injury-in-the-villages-fl\/"},"modified":"2024-03-20T01:07:26","modified_gmt":"2024-03-20T06:07:26","slug":"notificacion-de-accidentes-laborales-en-the-villages","status":"publish","type":"page","link":"https:\/\/floridalawyers360.com\/es\/the-villages\/notificacion-de-accidentes-laborales-en-the-villages\/","title":{"rendered":"Notificaci\u00f3n de accidentes laborales en The Villages"},"content":{"rendered":"<p>Los accidentes son sucesos desafortunados, y a veces ocurren en nuestros lugares de trabajo. Mientras que algunos accidentes ocurren debido a la negligencia de un empleado, las leyes de compensaci\u00f3n de los trabajadores garantizan que los trabajadores lesionados mientras est\u00e1n en el trabajo sean compensados.<\/p>\n<p>A trav\u00e9s de este sistema legal, los empleados pueden recibir beneficios si se lesionan mientras trabajan, y los empresarios est\u00e1n protegidos de los empleados litigiosos.<\/p>\n<p>Informar adecuadamente de una lesi\u00f3n laboral en The Villages, FL, es el primer paso que debe dar un empleado lesionado para asegurarse de que se le compensa adecuadamente por sus lesiones.<\/p>\n<div class=\"embed-container\"><iframe src=\"https:\/\/www.youtube.com\/embed\/W5KkN9jSAFc\" frameborder=\"0\" allowfullscreen=\"allowfullscreen\"><\/iframe><\/div>\n<p>La compensaci\u00f3n de los trabajadores es un sistema \u00absin culpa\u00bb, lo que significa que a\u00fan puede obtener beneficios incluso si fue negligente y contribuy\u00f3 a su propia lesi\u00f3n.<\/p>\n<p>En virtud del art\u00edculo 440.02(17) de los Estatutos de Florida, los empresarios del sector de la construcci\u00f3n con 1 o m\u00e1s trabajadores, incluidos los propietarios de empresas no exentas, est\u00e1n obligados a contratar un seguro de compensaci\u00f3n para trabajadores.<\/p>\n<p>Los empleadores que est\u00e1n obligados a tener este tipo de seguro incluyen a los empleadores no relacionados con la construcci\u00f3n con 4 o m\u00e1s trabajadores.<\/p>\n<p>Tambi\u00e9n se incluyen los empleados no exentos y los empresarios agr\u00edcolas con 6 trabajadores fijos o 12 temporeros que se presentan a trabajar m\u00e1s de 30 d\u00edas en el transcurso de una temporada pero no m\u00e1s de 45 d\u00edas en un a\u00f1o natural.<\/p>\n<p>Independientemente de las ventajas de la indemnizaci\u00f3n por accidente de trabajo, el proceso de reclamaci\u00f3n no siempre es sencillo. Si su empresario sospecha que su lesi\u00f3n no estaba relacionada con el trabajo, podr\u00eda denegar su reclamaci\u00f3n.<\/p>\n<p>La denegaci\u00f3n de la reclamaci\u00f3n tambi\u00e9n es posible si no informa de su lesi\u00f3n o no presenta la reclamaci\u00f3n dentro del plazo requerido.<\/p>\n<p>Si usted se ha lesionado en su trabajo, hablar con uno de nuestros abogados de compensaci\u00f3n de trabajadores en la Coalici\u00f3n de Abogados de Compensaci\u00f3n de Trabajadores de Florida le ayudar\u00e1 a entender sus derechos y beneficios y evitar la denegaci\u00f3n de la reclamaci\u00f3n.<\/p>\n<p>Ll\u00e1menos hoy al <a href=\"tel:+19544487355\"><i class=\"fa fa-phone-alt\"><\/i>954-448-7355<\/a> para programar una consulta gratuita.<\/p>\n\t\t<div data-elementor-type=\"section\" data-elementor-id=\"208\" class=\"elementor elementor-208\" data-elementor-post-type=\"elementor_library\">\n\t\t\t\t\t<section class=\"elementor-section elementor-top-section elementor-element elementor-element-485e576a elementor-section-boxed elementor-section-height-default elementor-section-height-default\" data-id=\"485e576a\" data-element_type=\"section\" data-e-type=\"section\">\n\t\t\t\t\t\t<div class=\"elementor-container elementor-column-gap-default\">\n\t\t\t\t\t<div class=\"elementor-column elementor-col-100 elementor-top-column elementor-element elementor-element-635c38c0\" data-id=\"635c38c0\" data-element_type=\"column\" data-e-type=\"column\">\n\t\t\t<div class=\"elementor-widget-wrap elementor-element-populated\">\n\t\t\t\t\t\t<div class=\"elementor-element elementor-element-3ba95c8a elementor-toc--minimized-on-tablet elementor-widget elementor-widget-table-of-contents\" data-id=\"3ba95c8a\" data-element_type=\"widget\" data-e-type=\"widget\" data-settings=\"{&quot;exclude_headings_by_selector&quot;:&quot;.toc-remove&quot;,&quot;headings_by_tags&quot;:[&quot;h2&quot;,&quot;h3&quot;],&quot;marker_view&quot;:&quot;numbers&quot;,&quot;no_headings_message&quot;:&quot;No headings were found on this page.&quot;,&quot;minimize_box&quot;:&quot;yes&quot;,&quot;minimized_on&quot;:&quot;tablet&quot;,&quot;hierarchical_view&quot;:&quot;yes&quot;,&quot;min_height&quot;:{&quot;unit&quot;:&quot;px&quot;,&quot;size&quot;:&quot;&quot;,&quot;sizes&quot;:[]},&quot;min_height_tablet&quot;:{&quot;unit&quot;:&quot;px&quot;,&quot;size&quot;:&quot;&quot;,&quot;sizes&quot;:[]},&quot;min_height_mobile&quot;:{&quot;unit&quot;:&quot;px&quot;,&quot;size&quot;:&quot;&quot;,&quot;sizes&quot;:[]}}\" data-widget_type=\"table-of-contents.default\">\n\t\t\t\t\t\t\t\t\t<div class=\"elementor-toc__header\">\n\t\t\t\t\t\t<div class=\"elementor-toc__header-title\">\n\t\t\t\tTable of Contents\t\t\t<\/div>\n\t\t\t\t\t\t\t\t\t\t<div class=\"elementor-toc__toggle-button elementor-toc__toggle-button--expand\" role=\"button\" tabindex=\"0\" aria-controls=\"elementor-toc__3ba95c8a\" aria-expanded=\"true\" aria-label=\"Open table of contents\"><svg aria-hidden=\"true\" class=\"e-font-icon-svg e-fas-chevron-down\" viewBox=\"0 0 448 512\" xmlns=\"http:\/\/www.w3.org\/2000\/svg\"><path d=\"M207.029 381.476L12.686 187.132c-9.373-9.373-9.373-24.569 0-33.941l22.667-22.667c9.357-9.357 24.522-9.375 33.901-.04L224 284.505l154.745-154.021c9.379-9.335 24.544-9.317 33.901.04l22.667 22.667c9.373 9.373 9.373 24.569 0 33.941L240.971 381.476c-9.373 9.372-24.569 9.372-33.942 0z\"><\/path><\/svg><\/div>\n\t\t\t\t<div class=\"elementor-toc__toggle-button elementor-toc__toggle-button--collapse\" role=\"button\" tabindex=\"0\" aria-controls=\"elementor-toc__3ba95c8a\" aria-expanded=\"true\" aria-label=\"Close table of contents\"><svg aria-hidden=\"true\" class=\"e-font-icon-svg e-fas-chevron-up\" viewBox=\"0 0 448 512\" xmlns=\"http:\/\/www.w3.org\/2000\/svg\"><path d=\"M240.971 130.524l194.343 194.343c9.373 9.373 9.373 24.569 0 33.941l-22.667 22.667c-9.357 9.357-24.522 9.375-33.901.04L224 227.495 69.255 381.516c-9.379 9.335-24.544 9.317-33.901-.04l-22.667-22.667c-9.373-9.373-9.373-24.569 0-33.941L207.03 130.525c9.372-9.373 24.568-9.373 33.941-.001z\"><\/path><\/svg><\/div>\n\t\t\t\t\t<\/div>\n\t\t\t\t<div id=\"elementor-toc__3ba95c8a\" class=\"elementor-toc__body\">\n\t\t\t<div class=\"elementor-toc__spinner-container\">\n\t\t\t\t<svg class=\"elementor-toc__spinner eicon-animation-spin e-font-icon-svg e-eicon-loading\" aria-hidden=\"true\" viewBox=\"0 0 1000 1000\" xmlns=\"http:\/\/www.w3.org\/2000\/svg\"><path d=\"M500 975V858C696 858 858 696 858 500S696 142 500 142 142 304 142 500H25C25 237 238 25 500 25S975 237 975 500 763 975 500 975Z\"><\/path><\/svg>\t\t\t<\/div>\n\t\t<\/div>\n\t\t\t\t\t\t<\/div>\n\t\t\t\t\t<\/div>\n\t\t<\/div>\n\t\t\t\t\t<\/div>\n\t\t<\/section>\n\t\t\t\t<\/div>\n\t\t\n<h2>\u00bfCu\u00e1nto tiempo tengo para denunciar una lesi\u00f3n laboral en The Villages, Florida?<\/h2>\n<p>Es responsabilidad del empleado reportar su lesi\u00f3n en el lugar de trabajo a su empleador si desea recibir alg\u00fan beneficio. Es aconsejable que notifique su lesi\u00f3n a su empleador tan pronto como sea evidente que ha sufrido una lesi\u00f3n.<\/p>\n<p>Seg\u00fan las leyes de compensaci\u00f3n de trabajadores de Florida, se supone que un empleado debe informar de su lesi\u00f3n a m\u00e1s tardar 30 d\u00edas despu\u00e9s de la fecha de la lesi\u00f3n o accidente.<\/p>\n<p>Si no informa de su lesi\u00f3n a tiempo, un empleado puede perder la elegibilidad para la indemnizaci\u00f3n o beneficios m\u00e9dicos.<\/p>\n<h2>\u00bfA qui\u00e9n tengo que comunicar una lesi\u00f3n laboral?<\/h2>\n<p>En general, usted est\u00e1 obligado a empezar a informar de una lesi\u00f3n laboral en The Villages a su empleador. Sin embargo, hay varias otras personas a las que puede informar si no puede llegar a su empleador.<\/p>\n<p>Puede informar a su capataz, supervisor o a cualquier funcionario superior del Departamento de Recursos Humanos de su lesi\u00f3n laboral para asegurarse de que tiene derecho a prestaciones m\u00e9dicas.<\/p>\n<p><a href=\"https:\/\/floridalawyers360.com\/wp-content\/uploads\/2024\/03\/the-villages-report-work-injury1-copy.webp\"><img fetchpriority=\"high\" decoding=\"async\" class=\"alignnone size-full wp-image-4787\" src=\"https:\/\/floridalawyers360.com\/wp-content\/uploads\/2024\/03\/the-villages-report-work-injury1-copy.webp\" alt=\"Be sure you are reporting a work injury after an accident on the job\" width=\"500\" height=\"334\" srcset=\"https:\/\/floridalawyers360.com\/wp-content\/uploads\/2024\/03\/the-villages-report-work-injury1-copy.webp 500w, https:\/\/floridalawyers360.com\/wp-content\/uploads\/2024\/03\/the-villages-report-work-injury1-copy-300x200.webp 300w\" sizes=\"(max-width: 500px) 100vw, 500px\" \/><\/a><\/p>\n<h2>Responsabilidades del empresario tras una lesi\u00f3n laboral<\/h2>\n<p>Algunas de las responsabilidades de los empleadores despu\u00e9s de una lesi\u00f3n en el lugar de trabajo incluyen:<\/p>\n<ul>\n<li><strong>Presentar el DWC-1 Primer Informe de Lesiones<\/strong>. Una vez que el empleado informa de su lesi\u00f3n, el empresario debe presentar este informe a su compa\u00f1\u00eda de seguros en un plazo de 7 d\u00edas desde que tuvo conocimiento de la lesi\u00f3n por primera vez.<\/li>\n<li><strong>Investigar la<\/strong> lesi\u00f3n del empleado para averiguar si estaba relacionada con el trabajo y despejar cualquier sospecha de fraude.<\/li>\n<li>Aseg\u00farate de que la aseguradora <strong>env\u00eda al empleado una notificaci\u00f3n de sus derechos y responsabilidades<\/strong>. La aseguradora de la empresa es responsable de enviar un aviso con las responsabilidades y derechos del empleado lesionado. Este aviso tambi\u00e9n va acompa\u00f1ado de una Declaraci\u00f3n de Fraude que el trabajador lesionado debe firmar y devolver a la aseguradora antes de que se pueda pagar cualquier prestaci\u00f3n.<\/li>\n<li>Es responsabilidad del empresario asegurarse de que el trabajador recibe esta notificaci\u00f3n.<\/li>\n<li><strong>Recomendar un m\u00e9dico<\/strong> al que solicitar tratamiento m\u00e9dico. La empresa debe facilitar al trabajador accidentado una lista de m\u00e9dicos de su cuadro m\u00e9dico a los que puede acudir para recibir tratamiento m\u00e9dico.<\/li>\n<li><strong>Ofrecer al trabajador opciones de reincorporaci\u00f3n al trabajo<\/strong>. La opci\u00f3n m\u00e1s com\u00fan es ofrecer al empleado lesionado un trabajo ligero para garantizar que se recupere mientras gana dinero.<\/li>\n<\/ul>\n<h2>\u00bfResponsabilidad del empleado tras informar de una lesi\u00f3n laboral en The Villages?<\/h2>\n<p>Como empleado, estas son algunas de las cosas que se espera que haga despu\u00e9s de sufrir una lesi\u00f3n laboral:<\/p>\n<ul>\n<li><strong>Informar de su lesi\u00f3n a su empleador<\/strong>. Debe informar a su empresa de la lesi\u00f3n sufrida en el trabajo en un plazo m\u00e1ximo de 30 d\u00edas a partir de la fecha de la lesi\u00f3n.<\/li>\n<li><strong>Acudir al m\u00e9dico recomendado<\/strong>. Es su responsabilidad elegir un m\u00e9dico de la lista de m\u00e9dicos del cuadro m\u00e9dico y buscar tratamiento m\u00e9dico.<\/li>\n<li>Dec\u00eddase <strong>por una de las opciones de reincorporaci\u00f3n al trabajo ofrecidas<\/strong> por la empresa, que probablemente ser\u00e1 un trabajo ligero.<\/li>\n<li><strong>Solicite el asesoramiento<\/strong> de un abogado especializado en accidentes de trabajo.<\/li>\n<li>Som\u00e9tase <strong>a una prueba de drogas<\/strong>. Si su empresa le pide que se someta a una prueba de detecci\u00f3n de drogas, es esencial que lo haga. Por ley, negarse a someterse a una prueba de drogas se presume un resultado positivo, y puede perder el derecho a indemnizaci\u00f3n y prestaciones m\u00e9dicas.<\/li>\n<li><strong>Mantenga informada a su empresa<\/strong>. Aseg\u00farese de mantener a su empresa al corriente de cualquier recomendaci\u00f3n m\u00e9dica, como la de ausentarse del trabajo para tomar las medidas oportunas en relaci\u00f3n con su sustituci\u00f3n temporal en el trabajo.<\/li>\n<\/ul>\n<p>&nbsp;<\/p>\n<p><a href=\"https:\/\/floridalawyers360.com\/wp-content\/uploads\/2024\/03\/the-villages-report-work-injury2-copy.webp\"><img decoding=\"async\" class=\"alignnone size-full wp-image-4785\" src=\"https:\/\/floridalawyers360.com\/wp-content\/uploads\/2024\/03\/the-villages-report-work-injury2-copy.webp\" alt=\"When reporting a work injury, remember to contact a workers' compensation lawyer to aid you\" width=\"500\" height=\"334\" srcset=\"https:\/\/floridalawyers360.com\/wp-content\/uploads\/2024\/03\/the-villages-report-work-injury2-copy.webp 500w, https:\/\/floridalawyers360.com\/wp-content\/uploads\/2024\/03\/the-villages-report-work-injury2-copy-300x200.webp 300w\" sizes=\"(max-width: 500px) 100vw, 500px\" \/><\/a><\/p>\n<h2>Ll\u00e1menos Hoy Mismo Cuando Reporte una Lesi\u00f3n Laboral en The Villages, Florida<\/h2>\n<p>Las reclamaciones de indemnizaci\u00f3n laboral no siempre son sencillas, y ponerse en contacto con un abogado de indemnizaci\u00f3n laboral en The Villages, Florida, le garantiza un proceso de reclamaci\u00f3n sin complicaciones.<\/p>\n<p>P\u00f3ngase en contacto con nosotros para obtener m\u00e1s informaci\u00f3n sobre sus derechos y responsabilidades si se ha lesionado en el trabajo.<\/p>\n<p>Los trabajadores que se lesionan mientras trabajan no tienen que demandar a sus empleadores para recibir sus beneficios m\u00e9dicos o de indemnizaci\u00f3n.<\/p>\n<p>En virtud de las leyes de compensaci\u00f3n de los trabajadores de Florida, varios tipos de empleadores est\u00e1n obligados a tener un seguro de compensaci\u00f3n de los trabajadores para garantizar que sus trabajadores est\u00e1n cubiertos en caso de una lesi\u00f3n en el lugar de trabajo o enfermedad profesional.<\/p>\n<p>Cuando se produce un accidente laboral, un empleado no siempre toma las medidas adecuadas y puede perder sus prestaciones.<\/p>\n<p>Hablar con un abogado especializado en compensaci\u00f3n de los trabajadores le ayudar\u00e1 a comprender mejor sus responsabilidades, a seguir el debido proceso de notificaci\u00f3n de su lesi\u00f3n y a presentar su reclamaci\u00f3n.<\/p>\n<p>Esto asegura que usted es elegible para los beneficios de compensaci\u00f3n de trabajadores y minimiza las posibilidades de denegaci\u00f3n de la reclamaci\u00f3n.<\/p>\n<p>En la Florida Abogados 360, nuestros abogados han manejado muchos casos de compensaci\u00f3n de trabajadores y le puede guiar en todo el proceso de reportar su lesi\u00f3n a su empleador para asegurarse de que usted es elegible para sus beneficios.<\/p>\n<p>Si se ha lesionado en su lugar de trabajo o mientras trabajaba, ll\u00e1menos al <a href=\"tel:+19544487355\"><i class=\"fa fa-phone-alt\"><\/i>954-448-7355<\/a> para obtener orientaci\u00f3n legal sobre c\u00f3mo informar de su lesi\u00f3n para evitar la denegaci\u00f3n de la reclamaci\u00f3n.<\/p>\n","protected":false},"excerpt":{"rendered":"<p>Los accidentes son sucesos desafortunados, y a veces ocurren en nuestros lugares de trabajo. Mientras que algunos accidentes ocurren debido a la negligencia de un empleado, las leyes de compensaci\u00f3n de los trabajadores garantizan que los trabajadores lesionados mientras est\u00e1n en el trabajo sean compensados. A trav\u00e9s de este sistema legal, los empleados pueden recibir [&hellip;]<\/p>\n","protected":false},"author":22,"featured_media":0,"parent":6124,"menu_order":0,"comment_status":"closed","ping_status":"closed","template":"","meta":{"_acf_changed":false,"anchor_text":"","footnotes":""},"categories":[],"tags":[],"class_list":["post-6126","page","type-page","status-publish","hentry"],"acf":[],"_links":{"self":[{"href":"https:\/\/floridalawyers360.com\/es\/wp-json\/wp\/v2\/pages\/6126","targetHints":{"allow":["GET"]}}],"collection":[{"href":"https:\/\/floridalawyers360.com\/es\/wp-json\/wp\/v2\/pages"}],"about":[{"href":"https:\/\/floridalawyers360.com\/es\/wp-json\/wp\/v2\/types\/page"}],"author":[{"embeddable":true,"href":"https:\/\/floridalawyers360.com\/es\/wp-json\/wp\/v2\/users\/22"}],"replies":[{"embeddable":true,"href":"https:\/\/floridalawyers360.com\/es\/wp-json\/wp\/v2\/comments?post=6126"}],"version-history":[{"count":4,"href":"https:\/\/floridalawyers360.com\/es\/wp-json\/wp\/v2\/pages\/6126\/revisions"}],"predecessor-version":[{"id":6130,"href":"https:\/\/floridalawyers360.com\/es\/wp-json\/wp\/v2\/pages\/6126\/revisions\/6130"}],"up":[{"embeddable":true,"href":"https:\/\/floridalawyers360.com\/es\/wp-json\/wp\/v2\/pages\/6124"}],"wp:attachment":[{"href":"https:\/\/floridalawyers360.com\/es\/wp-json\/wp\/v2\/media?parent=6126"}],"wp:term":[{"taxonomy":"category","embeddable":true,"href":"https:\/\/floridalawyers360.com\/es\/wp-json\/wp\/v2\/categories?post=6126"},{"taxonomy":"post_tag","embeddable":true,"href":"https:\/\/floridalawyers360.com\/es\/wp-json\/wp\/v2\/tags?post=6126"}],"curies":[{"name":"wp","href":"https:\/\/api.w.org\/{rel}","templated":true}]}}