{"id":6124,"date":"2024-02-08T11:40:22","date_gmt":"2024-02-08T16:40:22","guid":{"rendered":"https:\/\/floridalawyers360.com\/the-villages\/"},"modified":"2024-03-16T01:33:30","modified_gmt":"2024-03-16T06:33:30","slug":"the-villages","status":"publish","type":"page","link":"https:\/\/floridalawyers360.com\/es\/the-villages\/","title":{"rendered":"The Villages"},"content":{"rendered":"<p>Si usted o un ser querido sufrieron lesiones en The Villages, Florida, debido a la negligencia de alguien en un accidente automovil\u00edstico, una lesi\u00f3n personal o una lesi\u00f3n en el lugar de trabajo, \u00a1p\u00f3ngase en contacto con Florida Lawyers 360 hoy mismo!<\/p>\n<p>Le trataremos como a una persona, no como a un n\u00famero, y lucharemos contra las compa\u00f1\u00edas de seguros para que usted pueda centrarse en curarse.<\/p>\n<p>Hemos conseguido millones de d\u00f3lares en nombre de nuestros clientes. P\u00f3ngase en contacto con nosotros hoy mismo para obtener la indemnizaci\u00f3n que tanto se merece. Estamos disponibles 24\/7, p\u00f3ngase en contacto con nosotros en cualquier momento para programar su revisi\u00f3n inicial del caso gratis.<\/p>\n","protected":false},"excerpt":{"rendered":"<p>Si usted o un ser querido sufrieron lesiones en The Villages, Florida, debido a la negligencia de alguien en un accidente automovil\u00edstico, una lesi\u00f3n personal o una lesi\u00f3n en el lugar de trabajo, \u00a1p\u00f3ngase en contacto con Florida Lawyers 360 hoy mismo! Le trataremos como a una persona, no como a un n\u00famero, y lucharemos [&hellip;]<\/p>\n","protected":false},"author":22,"featured_media":3465,"parent":0,"menu_order":0,"comment_status":"closed","ping_status":"closed","template":"","meta":{"_acf_changed":false,"anchor_text":"","footnotes":""},"categories":[],"tags":[],"class_list":["post-6124","page","type-page","status-publish","has-post-thumbnail","hentry"],"acf":[],"_links":{"self":[{"href":"https:\/\/floridalawyers360.com\/es\/wp-json\/wp\/v2\/pages\/6124","targetHints":{"allow":["GET"]}}],"collection":[{"href":"https:\/\/floridalawyers360.com\/es\/wp-json\/wp\/v2\/pages"}],"about":[{"href":"https:\/\/floridalawyers360.com\/es\/wp-json\/wp\/v2\/types\/page"}],"author":[{"embeddable":true,"href":"https:\/\/floridalawyers360.com\/es\/wp-json\/wp\/v2\/users\/22"}],"replies":[{"embeddable":true,"href":"https:\/\/floridalawyers360.com\/es\/wp-json\/wp\/v2\/comments?post=6124"}],"version-history":[{"count":1,"href":"https:\/\/floridalawyers360.com\/es\/wp-json\/wp\/v2\/pages\/6124\/revisions"}],"predecessor-version":[{"id":6125,"href":"https:\/\/floridalawyers360.com\/es\/wp-json\/wp\/v2\/pages\/6124\/revisions\/6125"}],"wp:featuredmedia":[{"embeddable":true,"href":"https:\/\/floridalawyers360.com\/es\/wp-json\/wp\/v2\/media\/3465"}],"wp:attachment":[{"href":"https:\/\/floridalawyers360.com\/es\/wp-json\/wp\/v2\/media?parent=6124"}],"wp:term":[{"taxonomy":"category","embeddable":true,"href":"https:\/\/floridalawyers360.com\/es\/wp-json\/wp\/v2\/categories?post=6124"},{"taxonomy":"post_tag","embeddable":true,"href":"https:\/\/floridalawyers360.com\/es\/wp-json\/wp\/v2\/tags?post=6124"}],"curies":[{"name":"wp","href":"https:\/\/api.w.org\/{rel}","templated":true}]}}