{"id":6115,"date":"2024-02-08T13:59:44","date_gmt":"2024-02-08T18:59:44","guid":{"rendered":"https:\/\/floridalawyers360.com\/tampa\/tampa-workers-compensation-disputes\/"},"modified":"2024-03-20T01:00:04","modified_gmt":"2024-03-20T06:00:04","slug":"conflictos-laborales","status":"publish","type":"page","link":"https:\/\/floridalawyers360.com\/es\/tampa\/conflictos-laborales\/","title":{"rendered":"Conflictos laborales"},"content":{"rendered":"<p>\u00bfEst\u00e1 pensando en presentar una demanda de indemnizaci\u00f3n por accidente laboral? Las lesiones laborales pueden poner en peligro su futuro financiero, perturbar su vida e interferir en sus planes. La ley de Florida protege a los trabajadores lesionados.<\/p>\n<p>A pesar de ello, algunas aseguradoras y empresas pueden denegar injustamente las solicitudes de prestaciones. No dan a los trabajadores lesionados dinero para pagar la atenci\u00f3n m\u00e9dica o los gastos mensuales.<\/p>\n<p>Si se enfrenta a este problema, puede recurrir a nuestros abogados de disputas de compensaci\u00f3n de trabajadores de Tampa. Nuestros abogados recopilar\u00e1n registros m\u00e9dicos y pruebas m\u00e9dicas, realizar\u00e1n investigaciones legales, llevar\u00e1n a cabo el descubrimiento y tomar\u00e1n declaraciones de otras partes, incluidos los expertos m\u00e9dicos, los m\u00e9dicos y el reclamante.<\/p>\n<p>En Florida Lawyers 360, revisaremos minuciosamente su caso para saber si podemos apelar una denegaci\u00f3n de beneficios. No le cobraremos honorarios por adelantado. Lucharemos por usted si su empleador no est\u00e1 dispuesto a pagar.<\/p>\n<p>Cont\u00e1ctenos hoy al <a href=\"tel:+19544487355\"><i class=\"fa fa-phone-alt\"><\/i>954-448-7355<\/a> para una consulta gratuita y sin riesgos.<\/p>\n\t\t<div data-elementor-type=\"section\" data-elementor-id=\"208\" class=\"elementor elementor-208\" data-elementor-post-type=\"elementor_library\">\n\t\t\t\t\t<section class=\"elementor-section elementor-top-section elementor-element elementor-element-485e576a elementor-section-boxed elementor-section-height-default elementor-section-height-default\" data-id=\"485e576a\" data-element_type=\"section\" data-e-type=\"section\">\n\t\t\t\t\t\t<div class=\"elementor-container elementor-column-gap-default\">\n\t\t\t\t\t<div class=\"elementor-column elementor-col-100 elementor-top-column elementor-element elementor-element-635c38c0\" data-id=\"635c38c0\" data-element_type=\"column\" data-e-type=\"column\">\n\t\t\t<div class=\"elementor-widget-wrap elementor-element-populated\">\n\t\t\t\t\t\t<div class=\"elementor-element elementor-element-3ba95c8a elementor-toc--minimized-on-tablet elementor-widget elementor-widget-table-of-contents\" data-id=\"3ba95c8a\" data-element_type=\"widget\" data-e-type=\"widget\" data-settings=\"{&quot;exclude_headings_by_selector&quot;:&quot;.toc-remove&quot;,&quot;headings_by_tags&quot;:[&quot;h2&quot;,&quot;h3&quot;],&quot;marker_view&quot;:&quot;numbers&quot;,&quot;no_headings_message&quot;:&quot;No headings were found on this page.&quot;,&quot;minimize_box&quot;:&quot;yes&quot;,&quot;minimized_on&quot;:&quot;tablet&quot;,&quot;hierarchical_view&quot;:&quot;yes&quot;,&quot;min_height&quot;:{&quot;unit&quot;:&quot;px&quot;,&quot;size&quot;:&quot;&quot;,&quot;sizes&quot;:[]},&quot;min_height_tablet&quot;:{&quot;unit&quot;:&quot;px&quot;,&quot;size&quot;:&quot;&quot;,&quot;sizes&quot;:[]},&quot;min_height_mobile&quot;:{&quot;unit&quot;:&quot;px&quot;,&quot;size&quot;:&quot;&quot;,&quot;sizes&quot;:[]}}\" data-widget_type=\"table-of-contents.default\">\n\t\t\t\t\t\t\t\t\t<div class=\"elementor-toc__header\">\n\t\t\t\t\t\t<div class=\"elementor-toc__header-title\">\n\t\t\t\tTable of Contents\t\t\t<\/div>\n\t\t\t\t\t\t\t\t\t\t<div class=\"elementor-toc__toggle-button elementor-toc__toggle-button--expand\" role=\"button\" tabindex=\"0\" aria-controls=\"elementor-toc__3ba95c8a\" aria-expanded=\"true\" aria-label=\"Open table of contents\"><svg aria-hidden=\"true\" class=\"e-font-icon-svg e-fas-chevron-down\" viewBox=\"0 0 448 512\" xmlns=\"http:\/\/www.w3.org\/2000\/svg\"><path d=\"M207.029 381.476L12.686 187.132c-9.373-9.373-9.373-24.569 0-33.941l22.667-22.667c9.357-9.357 24.522-9.375 33.901-.04L224 284.505l154.745-154.021c9.379-9.335 24.544-9.317 33.901.04l22.667 22.667c9.373 9.373 9.373 24.569 0 33.941L240.971 381.476c-9.373 9.372-24.569 9.372-33.942 0z\"><\/path><\/svg><\/div>\n\t\t\t\t<div class=\"elementor-toc__toggle-button elementor-toc__toggle-button--collapse\" role=\"button\" tabindex=\"0\" aria-controls=\"elementor-toc__3ba95c8a\" aria-expanded=\"true\" aria-label=\"Close table of contents\"><svg aria-hidden=\"true\" class=\"e-font-icon-svg e-fas-chevron-up\" viewBox=\"0 0 448 512\" xmlns=\"http:\/\/www.w3.org\/2000\/svg\"><path d=\"M240.971 130.524l194.343 194.343c9.373 9.373 9.373 24.569 0 33.941l-22.667 22.667c-9.357 9.357-24.522 9.375-33.901.04L224 227.495 69.255 381.516c-9.379 9.335-24.544 9.317-33.901-.04l-22.667-22.667c-9.373-9.373-9.373-24.569 0-33.941L207.03 130.525c9.372-9.373 24.568-9.373 33.941-.001z\"><\/path><\/svg><\/div>\n\t\t\t\t\t<\/div>\n\t\t\t\t<div id=\"elementor-toc__3ba95c8a\" class=\"elementor-toc__body\">\n\t\t\t<div class=\"elementor-toc__spinner-container\">\n\t\t\t\t<svg class=\"elementor-toc__spinner eicon-animation-spin e-font-icon-svg e-eicon-loading\" aria-hidden=\"true\" viewBox=\"0 0 1000 1000\" xmlns=\"http:\/\/www.w3.org\/2000\/svg\"><path d=\"M500 975V858C696 858 858 696 858 500S696 142 500 142 142 304 142 500H25C25 237 238 25 500 25S975 237 975 500 763 975 500 975Z\"><\/path><\/svg>\t\t\t<\/div>\n\t\t<\/div>\n\t\t\t\t\t\t<\/div>\n\t\t\t\t\t<\/div>\n\t\t<\/div>\n\t\t\t\t\t<\/div>\n\t\t<\/section>\n\t\t\t\t<\/div>\n\t\t\n<h2>Causas de los litigios por compensaci\u00f3n de los trabajadores<\/h2>\n<p>Hay un par de razones por las que los empleadores en Florida pueden negar una reclamaci\u00f3n de compensaci\u00f3n de trabajadores por gastos m\u00e9dicos, p\u00e9rdida de salarios o beneficios por incapacidad. Estas incluyen<\/p>\n<h3>Situaci\u00f3n Laboral<\/h3>\n<p>No espere hasta que lo despidan o lo despidan para presentar un reclamo de compensaci\u00f3n laboral. En su lugar, presente su reclamo de compensaci\u00f3n de trabajadores en Tampa tan pronto como sea posible despu\u00e9s de su lesi\u00f3n.<\/p>\n<h3>Ubicaci\u00f3n<\/h3>\n<p>El negocio puede disputar la demanda basada en donde ocurri\u00f3 la lesi\u00f3n. Si la lesi\u00f3n no ocurri\u00f3 en su lugar de trabajo, se hace dif\u00edcil demostrar la elegibilidad para los beneficios de compensaci\u00f3n de trabajadores.<\/p>\n<h3>Incumplimiento del plazo<\/h3>\n<p>La ley exige que notifiques los accidentes de trabajo en un plazo breve. No cumpla el plazo. Debe informar inmediatamente a su supervisor de un accidente de trabajo. Adem\u00e1s, aseg\u00farese de rellenar un parte de accidente.<\/p>\n<h3>Sin testigos<\/h3>\n<p>Si no hay testigos, la compa\u00f1\u00eda de seguros o su empresa pueden impugnar la reclamaci\u00f3n. Debes comunicar el accidente a tus superiores e informar a tus compa\u00f1eros. Diles a todos lo mismo.<\/p>\n<p><a href=\"https:\/\/floridalawyers360.com\/wp-content\/uploads\/2024\/02\/workers-comp-disputes-info.jpg\"><img fetchpriority=\"high\" decoding=\"async\" class=\"aligncenter size-large wp-image-2710\" src=\"https:\/\/floridalawyers360.com\/wp-content\/uploads\/2024\/02\/workers-comp-disputes-info-791x1024.jpg\" alt=\"Tampa Workers' Compensation Disputes\" width=\"791\" height=\"1024\" srcset=\"https:\/\/floridalawyers360.com\/wp-content\/uploads\/2024\/02\/workers-comp-disputes-info-791x1024.jpg 791w, https:\/\/floridalawyers360.com\/wp-content\/uploads\/2024\/02\/workers-comp-disputes-info-232x300.jpg 232w, https:\/\/floridalawyers360.com\/wp-content\/uploads\/2024\/02\/workers-comp-disputes-info-768x994.jpg 768w, https:\/\/floridalawyers360.com\/wp-content\/uploads\/2024\/02\/workers-comp-disputes-info-1187x1536.jpg 1187w, https:\/\/floridalawyers360.com\/wp-content\/uploads\/2024\/02\/workers-comp-disputes-info.jpg 1545w\" sizes=\"(max-width: 791px) 100vw, 791px\" \/><\/a><\/p>\n<h2>Qu\u00e9 hacer si le deniegan la indemnizaci\u00f3n por accidente laboral en Florida<\/h2>\n<p>Las aseguradoras y los empleadores niegan las compensaciones de los trabajadores por varias razones. Si su reclamo de compensaci\u00f3n de trabajadores es negado, no significa que usted no recibir\u00e1 beneficios. Hay un par de opciones.<\/p>\n<p>Usted puede llegar a su empleador y la compa\u00f1\u00eda de seguros para ver si la denegaci\u00f3n se debe a un error de papeleo de menor importancia que se puede resolver. Si esto no funciona, puede presentar una apelaci\u00f3n formal con la ayuda de un abogado especializado en disputas sobre indemnizaciones por accidentes de trabajo.<\/p>\n<p>Tras presentar una petici\u00f3n de prestaciones ante la Oficina de Jueces de Reclamaciones de Indemnizaci\u00f3n (OJCC), \u00e9sta organizar\u00e1 una mediaci\u00f3n informativa. La mayor\u00eda de las disputas se resuelven a trav\u00e9s de la mediaci\u00f3n, pero si no, habr\u00e1 una audiencia previa al juicio.<\/p>\n<p>Usted debe llamar a nuestros abogados de disputas de compensaci\u00f3n de trabajadores una vez que reciba un aviso de que su caso ha sido negado. Discutiremos sus opciones, le ayudaremos con todo el papeleo necesario, y le dirigiremos con el proceso complicado.<\/p>\n<h2>Tipos de conflictos laborales<\/h2>\n<p>Los litigios en materia de indemnizaci\u00f3n pueden producirse por muchos motivos. Aqu\u00ed est\u00e1n los dos tipos m\u00e1s comunes de disputas de compensaci\u00f3n de trabajadores:<\/p>\n<h3>Disputas m\u00e9dicas<\/h3>\n<p>Implican hechos y opiniones m\u00e9dicas con respecto al tratamiento del empleado. El resultado puede depender tanto de la contrataci\u00f3n del abogado adecuado como de la voluntad del profesional m\u00e9dico de luchar por el tratamiento del trabajador lesionado.<\/p>\n<p>Ejemplos de disputas m\u00e9dicas incluyen la denegaci\u00f3n de suministros m\u00e9dicos, la denegaci\u00f3n de servicios, la denegaci\u00f3n de terapia y la denegaci\u00f3n de cirug\u00eda.<\/p>\n<p><a href=\"https:\/\/floridalawyers360.com\/wp-content\/uploads\/2024\/02\/tampa-workers-comp-disputes1-copy.webp\"><img decoding=\"async\" class=\"alignnone size-full wp-image-2799\" src=\"https:\/\/floridalawyers360.com\/wp-content\/uploads\/2024\/02\/tampa-workers-comp-disputes1-copy.webp\" alt=\"Tampa Workers' Compensation Disputes\" width=\"500\" height=\"334\" srcset=\"https:\/\/floridalawyers360.com\/wp-content\/uploads\/2024\/02\/tampa-workers-comp-disputes1-copy.webp 500w, https:\/\/floridalawyers360.com\/wp-content\/uploads\/2024\/02\/tampa-workers-comp-disputes1-copy-300x200.webp 300w\" sizes=\"(max-width: 500px) 100vw, 500px\" \/><\/a><\/p>\n<h3>Disputas de confirmaci\u00f3n<\/h3>\n<p>Los abogados de disputas de compensaci\u00f3n de trabajadores son \u00fatiles en el manejo de este tipo de disputas. Las disputas de confirmaci\u00f3n pueden implicar:<\/p>\n<ul>\n<li><strong>La Extensi\u00f3n de la Lesi\u00f3n<\/strong> &#8211; si las lesiones incluyen o no otras partes del cuerpo o la salud del empleado.<\/li>\n<li><strong>Salario Semanal Promedio<\/strong> &#8211; la proporci\u00f3n de dinero que el empleado debe recibir mientras est\u00e1n en compensaci\u00f3n de trabajadores.<\/li>\n<li><strong>Incapacidad<\/strong> &#8211; si o no el empleado experiment\u00f3 una p\u00e9rdida de ingresos debido a las lesiones relacionadas con el trabajo.<\/li>\n<li><strong>Indemnizabilidad<\/strong>: si las lesiones cumplen los requisitos para tener derecho a la cobertura.<\/li>\n<\/ul>\n<h2>Cont\u00e1ctenos Hoy Para Discutir Su Disputa De Compensaci\u00f3n De Trabajadores En Tampa<\/h2>\n<p>Los conflictos pueden surgir entre los trabajadores lesionados y sus empleadores sobre un reclamo de compensaci\u00f3n de trabajadores. Un negocio puede disputar la elegibilidad del empleado para la cobertura o en desacuerdo sobre el alcance de las lesiones.<\/p>\n<p>Si usted se encuentra en esta situaci\u00f3n, debe obtener ayuda de un abogado con experiencia en disputas de compensaci\u00f3n de trabajadores.<\/p>\n<p>Nuestros abogados de compensaci\u00f3n de trabajadores dedicados en Tampa, Florida le guiar\u00e1 a trav\u00e9s de cada paso. No permitiremos que la compa\u00f1\u00eda de seguros de su empleador lo intimide. Investigaremos su lesi\u00f3n, le ayudaremos a obtener atenci\u00f3n m\u00e9dica y manejaremos sus apelaciones.<\/p>\n<p>En Florida Lawyers 360, lucharemos por usted. Entendemos que las lesiones relacionadas con el trabajo son una carga financiera. Completaremos el papeleo y nos aseguraremos de que cumpla con los plazos. Le ayudaremos a apelar su reclamo de trabajadores denegado.<\/p>\n<p>Cont\u00e1ctenos hoy para una evaluaci\u00f3n gratuita de su caso y discutir su disputa de compensaci\u00f3n laboral en Tampa.<\/p>\n","protected":false},"excerpt":{"rendered":"<p>\u00bfEst\u00e1 pensando en presentar una demanda de indemnizaci\u00f3n por accidente laboral? Las lesiones laborales pueden poner en peligro su futuro financiero, perturbar su vida e interferir en sus planes. La ley de Florida protege a los trabajadores lesionados. A pesar de ello, algunas aseguradoras y empresas pueden denegar injustamente las solicitudes de prestaciones. No dan [&hellip;]<\/p>\n","protected":false},"author":22,"featured_media":0,"parent":6062,"menu_order":0,"comment_status":"closed","ping_status":"closed","template":"","meta":{"_acf_changed":false,"anchor_text":"","footnotes":""},"categories":[],"tags":[],"class_list":["post-6115","page","type-page","status-publish","hentry"],"acf":[],"_links":{"self":[{"href":"https:\/\/floridalawyers360.com\/es\/wp-json\/wp\/v2\/pages\/6115","targetHints":{"allow":["GET"]}}],"collection":[{"href":"https:\/\/floridalawyers360.com\/es\/wp-json\/wp\/v2\/pages"}],"about":[{"href":"https:\/\/floridalawyers360.com\/es\/wp-json\/wp\/v2\/types\/page"}],"author":[{"embeddable":true,"href":"https:\/\/floridalawyers360.com\/es\/wp-json\/wp\/v2\/users\/22"}],"replies":[{"embeddable":true,"href":"https:\/\/floridalawyers360.com\/es\/wp-json\/wp\/v2\/comments?post=6115"}],"version-history":[{"count":2,"href":"https:\/\/floridalawyers360.com\/es\/wp-json\/wp\/v2\/pages\/6115\/revisions"}],"predecessor-version":[{"id":6117,"href":"https:\/\/floridalawyers360.com\/es\/wp-json\/wp\/v2\/pages\/6115\/revisions\/6117"}],"up":[{"embeddable":true,"href":"https:\/\/floridalawyers360.com\/es\/wp-json\/wp\/v2\/pages\/6062"}],"wp:attachment":[{"href":"https:\/\/floridalawyers360.com\/es\/wp-json\/wp\/v2\/media?parent=6115"}],"wp:term":[{"taxonomy":"category","embeddable":true,"href":"https:\/\/floridalawyers360.com\/es\/wp-json\/wp\/v2\/categories?post=6115"},{"taxonomy":"post_tag","embeddable":true,"href":"https:\/\/floridalawyers360.com\/es\/wp-json\/wp\/v2\/tags?post=6115"}],"curies":[{"name":"wp","href":"https:\/\/api.w.org\/{rel}","templated":true}]}}