{"id":6112,"date":"2024-02-08T14:11:17","date_gmt":"2024-02-08T19:11:17","guid":{"rendered":"https:\/\/floridalawyers360.com\/tampa\/tampa-wrongful-death-lawyer\/"},"modified":"2024-03-20T01:03:10","modified_gmt":"2024-03-20T06:03:10","slug":"muerte-por-negligencia","status":"publish","type":"page","link":"https:\/\/floridalawyers360.com\/es\/tampa\/muerte-por-negligencia\/","title":{"rendered":"Muerte por negligencia"},"content":{"rendered":"<p>La muerte de un ser querido puede ser bastante devastadora cuando se produce como consecuencia de la negligencia de otra persona o parte. Cuando usted ha perdido a un ser querido por culpa de otra persona, la ley de Florida le permite reclamar una indemnizaci\u00f3n a la parte responsable.<\/p>\n<p>Imag\u00ednese cu\u00e1nto puede tener que sufrir por la p\u00e9rdida del sost\u00e9n de su familia. Aparte del dolor de perder a su ser querido, tambi\u00e9n tiene que pensar en su futuro financiero. Por eso necesita presentar una demanda por homicidio culposo para obtener la m\u00e1xima indemnizaci\u00f3n de la parte responsable.<\/p>\n<p>Un abogado con experiencia en muerte por negligencia de Tampa puede ayudarle a construir un caso fuerte y obtener los m\u00e1ximos beneficios por sus da\u00f1os. Tampa tiene su propia cuota de abogados de homicidio culposo, pero todos estos profesionales no son creados de la misma manera.<\/p>\n<p>Usted debe elegir el mejor abogado de homicidio culposo para manejar su caso y negociar con la compa\u00f1\u00eda de seguros de la parte responsable. Florida Lawyers 360 es su socio de confianza en Tampa FL para su demanda por homicidio culposo.<\/p>\n<p>Nuestro experto equipo de abogados de lesiones personales siempre tratar\u00e1 su caso de lesiones personales como si fuera el m\u00e1s importante del mundo porque usted es importante para nosotros. Usted no es s\u00f3lo un n\u00famero con Florida Lawyers 360 ya que lo tratamos como una persona real.<\/p>\n<p>Llame hoy mismo a Florida Lawyers 360 al <a href=\"tel:+19544487355\"><i class=\"fa fa-phone-alt\"><\/i>954-448-7355<\/a> para manejar su caso de homicidio culposo en Tampa FL y obtener la m\u00e1xima compensaci\u00f3n por su p\u00e9rdida.<\/p>\n\t\t<div data-elementor-type=\"section\" data-elementor-id=\"208\" class=\"elementor elementor-208\" data-elementor-post-type=\"elementor_library\">\n\t\t\t\t\t<section class=\"elementor-section elementor-top-section elementor-element elementor-element-485e576a elementor-section-boxed elementor-section-height-default elementor-section-height-default\" data-id=\"485e576a\" data-element_type=\"section\" data-e-type=\"section\">\n\t\t\t\t\t\t<div class=\"elementor-container elementor-column-gap-default\">\n\t\t\t\t\t<div class=\"elementor-column elementor-col-100 elementor-top-column elementor-element elementor-element-635c38c0\" data-id=\"635c38c0\" data-element_type=\"column\" data-e-type=\"column\">\n\t\t\t<div class=\"elementor-widget-wrap elementor-element-populated\">\n\t\t\t\t\t\t<div class=\"elementor-element elementor-element-3ba95c8a elementor-toc--minimized-on-tablet elementor-widget elementor-widget-table-of-contents\" data-id=\"3ba95c8a\" data-element_type=\"widget\" data-e-type=\"widget\" data-settings=\"{&quot;exclude_headings_by_selector&quot;:&quot;.toc-remove&quot;,&quot;headings_by_tags&quot;:[&quot;h2&quot;,&quot;h3&quot;],&quot;marker_view&quot;:&quot;numbers&quot;,&quot;no_headings_message&quot;:&quot;No se ha encontrado ning\\u00fan encabezado en esta p\\u00e1gina.&quot;,&quot;minimize_box&quot;:&quot;yes&quot;,&quot;minimized_on&quot;:&quot;tablet&quot;,&quot;hierarchical_view&quot;:&quot;yes&quot;,&quot;min_height&quot;:{&quot;unit&quot;:&quot;px&quot;,&quot;size&quot;:&quot;&quot;,&quot;sizes&quot;:[]},&quot;min_height_tablet&quot;:{&quot;unit&quot;:&quot;px&quot;,&quot;size&quot;:&quot;&quot;,&quot;sizes&quot;:[]},&quot;min_height_mobile&quot;:{&quot;unit&quot;:&quot;px&quot;,&quot;size&quot;:&quot;&quot;,&quot;sizes&quot;:[]}}\" data-widget_type=\"table-of-contents.default\">\n\t\t\t\t\t\t\t\t\t<div class=\"elementor-toc__header\">\n\t\t\t\t\t\t<div class=\"elementor-toc__header-title\">\n\t\t\t\tTable of Contents\t\t\t<\/div>\n\t\t\t\t\t\t\t\t\t\t<div class=\"elementor-toc__toggle-button elementor-toc__toggle-button--expand\" role=\"button\" tabindex=\"0\" aria-controls=\"elementor-toc__3ba95c8a\" aria-expanded=\"true\" aria-label=\"Abrir la tabla de contenidos\"><svg aria-hidden=\"true\" class=\"e-font-icon-svg e-fas-chevron-down\" viewBox=\"0 0 448 512\" xmlns=\"http:\/\/www.w3.org\/2000\/svg\"><path d=\"M207.029 381.476L12.686 187.132c-9.373-9.373-9.373-24.569 0-33.941l22.667-22.667c9.357-9.357 24.522-9.375 33.901-.04L224 284.505l154.745-154.021c9.379-9.335 24.544-9.317 33.901.04l22.667 22.667c9.373 9.373 9.373 24.569 0 33.941L240.971 381.476c-9.373 9.372-24.569 9.372-33.942 0z\"><\/path><\/svg><\/div>\n\t\t\t\t<div class=\"elementor-toc__toggle-button elementor-toc__toggle-button--collapse\" role=\"button\" tabindex=\"0\" aria-controls=\"elementor-toc__3ba95c8a\" aria-expanded=\"true\" aria-label=\"Cerrar la tabla de contenidos\"><svg aria-hidden=\"true\" class=\"e-font-icon-svg e-fas-chevron-up\" viewBox=\"0 0 448 512\" xmlns=\"http:\/\/www.w3.org\/2000\/svg\"><path d=\"M240.971 130.524l194.343 194.343c9.373 9.373 9.373 24.569 0 33.941l-22.667 22.667c-9.357 9.357-24.522 9.375-33.901.04L224 227.495 69.255 381.516c-9.379 9.335-24.544 9.317-33.901-.04l-22.667-22.667c-9.373-9.373-9.373-24.569 0-33.941L207.03 130.525c9.372-9.373 24.568-9.373 33.941-.001z\"><\/path><\/svg><\/div>\n\t\t\t\t\t<\/div>\n\t\t\t\t<div id=\"elementor-toc__3ba95c8a\" class=\"elementor-toc__body\">\n\t\t\t<div class=\"elementor-toc__spinner-container\">\n\t\t\t\t<svg class=\"elementor-toc__spinner eicon-animation-spin e-font-icon-svg e-eicon-loading\" aria-hidden=\"true\" viewBox=\"0 0 1000 1000\" xmlns=\"http:\/\/www.w3.org\/2000\/svg\"><path d=\"M500 975V858C696 858 858 696 858 500S696 142 500 142 142 304 142 500H25C25 237 238 25 500 25S975 237 975 500 763 975 500 975Z\"><\/path><\/svg>\t\t\t<\/div>\n\t\t<\/div>\n\t\t\t\t\t\t<\/div>\n\t\t\t\t\t<\/div>\n\t\t<\/div>\n\t\t\t\t\t<\/div>\n\t\t<\/section>\n\t\t\t\t<\/div>\n\t\t\n<h2>\u00bfC\u00f3mo se define el homicidio culposo en el Estado de Florida?<\/h2>\n<p>Cuando alguien muere por negligencia de otra persona, se define como \u00abhomicidio culposo\u00bb en Florida. La familia superviviente del fallecido puede presentar una demanda por lesiones personales para reclamar una indemnizaci\u00f3n a la parte o persona responsable.<\/p>\n<p>Pero hay muchos factores que deben ser probados por el demandante para que alguien sea responsable en un caso de homicidio culposo. Hay diferentes tipos de muertes por negligencia, como accidentes, comportamiento criminal, exposici\u00f3n a condiciones peligrosas en el trabajo y negligencia m\u00e9dica.<\/p>\n<p><a href=\"https:\/\/floridalawyers360.com\/wp-content\/uploads\/2024\/02\/tampa-wrongful-death-lawyer1-copy.webp\"><img fetchpriority=\"high\" decoding=\"async\" class=\"alignnone size-full wp-image-2786\" src=\"https:\/\/floridalawyers360.com\/wp-content\/uploads\/2024\/02\/tampa-wrongful-death-lawyer1-copy.webp\" alt=\"Tampa Wrongful Death Lawyer\" width=\"500\" height=\"334\" srcset=\"https:\/\/floridalawyers360.com\/wp-content\/uploads\/2024\/02\/tampa-wrongful-death-lawyer1-copy.webp 500w, https:\/\/floridalawyers360.com\/wp-content\/uploads\/2024\/02\/tampa-wrongful-death-lawyer1-copy-300x200.webp 300w\" sizes=\"(max-width: 500px) 100vw, 500px\" \/><\/a><\/p>\n<h2>\u00bfQui\u00e9n puede presentar una demanda por homicidio culposo en Florida?<\/h2>\n<p>Hay dos categor\u00edas de demandantes que pueden reclamar da\u00f1os y perjuicios a la parte responsable en un caso de homicidio culposo. Cuando una persona fallece, deja atr\u00e1s su patrimonio, es decir, todo lo que pose\u00eda en el momento del fallecimiento.<\/p>\n<p>El representante personal de la herencia es la primera categor\u00eda de demandantes que pueden presentar una demanda en virtud de la ley de homicidio culposo en Florida. El representante del patrimonio puede presentar la demanda en nombre de los supervivientes del fallecido.<\/p>\n<p>La segunda categor\u00eda de demandantes que pueden presentar una demanda por homicidio culposo contra la parte responsable son los supervivientes del fallecido. Los supervivientes tienen derecho a indemnizaciones m\u00e1s elevadas que el representante de la herencia.<\/p>\n<p>Por otra parte, uno de los supervivientes puede ser el representante de la herencia del fallecido. Los supervivientes incluyen al c\u00f3nyuge, los hijos, los padres y los hermanos\/hermanas que dependan al menos parcialmente del fallecido para su manutenci\u00f3n.<\/p>\n<p>Los ni\u00f1os de cualquier edad pueden reclamar da\u00f1os y perjuicios por la p\u00e9rdida de la orientaci\u00f3n parental en Tampa, Florida.<\/p>\n<h2>\u00bfQu\u00e9 tipos de da\u00f1os se pueden reclamar?<\/h2>\n<p>La ley de muerte por negligencia en Florida permite a los familiares supervivientes del fallecido reclamar da\u00f1os y perjuicios econ\u00f3micos y emocionales.<\/p>\n<p>Estos da\u00f1os se conocen como da\u00f1os compensatorios y pueden incluir p\u00e9rdida de ingresos, gastos m\u00e9dicos, gastos funerarios, p\u00e9rdida de compa\u00f1\u00eda, p\u00e9rdida de orientaci\u00f3n, dolor y sufrimiento mental, p\u00e9rdida de protecci\u00f3n y p\u00e9rdida de compa\u00f1erismo.<\/p>\n<p>Los da\u00f1os compensatorios se dividen en dos categor\u00edas: econ\u00f3micos y no econ\u00f3micos.<\/p>\n<p>Los da\u00f1os econ\u00f3micos son los que son f\u00e1ciles de calcular, y los da\u00f1os no econ\u00f3micos son los que son dif\u00edciles de calcular, como la angustia mental, el dolor y el sufrimiento.<\/p>\n<p>Un tribunal de Florida puede decidir conceder da\u00f1os punitivos a los supervivientes del fallecido si las acciones de la parte responsable fueron negligentes o imprudentes. De hecho, los da\u00f1os punitivos pretenden castigar el comportamiento imprudente de la parte responsable. Tambi\u00e9n ayuda a desalentar actos similares por parte de otros en el futuro.<\/p>\n<h2>\u00bfPuede la familia superviviente solicitar da\u00f1os punitivos?<\/h2>\n<p>S\u00ed, los da\u00f1os punitivos son un tipo de compensaci\u00f3n monetaria concedida cuando se demuestra que si no fuera por las acciones negligentes o imprudentes de la parte culpable, la v\u00edctima no habr\u00eda muerto.<\/p>\n<p>Los da\u00f1os punitivos est\u00e1n destinados a ser disciplinarios por naturaleza y tambi\u00e9n est\u00e1n destinados a desalentar un comportamiento similar por parte de otros en el futuro. Los da\u00f1os punitivos se imponen en Florida adem\u00e1s de los da\u00f1os compensatorios.<\/p>\n<h2>\u00bfC\u00f3mo se prueba la negligencia en un caso de homicidio culposo?<\/h2>\n<p>Para presentar con \u00e9xito un caso de homicidio culposo ante un tribunal o una compa\u00f1\u00eda de seguros, la reclamaci\u00f3n debe apoyarse en elementos espec\u00edficos. De hecho, hay <a href=\"https:\/\/lawshelf.com\/coursewarecontentview\/introduction-to-negligence\/\" target=\"_blank\" rel=\"noopener\">cuatro elementos importantes<\/a> que debe probar el demandante para reclamar una indemnizaci\u00f3n por la p\u00e9rdida de su ser querido.<\/p>\n<ul>\n<li><strong>Deber<\/strong> de diligencia: el demandante debe probar ante el tribunal que el demandado ten\u00eda con el fallecido un deber de diligencia en la situaci\u00f3n de que se trate.<\/li>\n<li><strong>Incumplimiento<\/strong> del deber &#8211; El demandante debe demostrar c\u00f3mo incumpli\u00f3 el demandado su deber de diligencia. Puede ser a trav\u00e9s de una acci\u00f3n\/inacci\u00f3n espec\u00edfica en la que otra persona razonable en la misma situaci\u00f3n habr\u00eda actuado adecuadamente.<\/li>\n<li><strong>Da\u00f1o<\/strong> &#8211; El incumplimiento del deber por parte del demandado fue responsable de la muerte del fallecido.<\/li>\n<li><strong>Causalidad<\/strong> &#8211; El demandante debe demostrar que la muerte de su ser querido se produjo como consecuencia directa de las acciones\/inacciones del demandado y no por otra causa.<\/li>\n<\/ul>\n<p>&nbsp;<\/p>\n<p><a href=\"https:\/\/floridalawyers360.com\/wp-content\/uploads\/2024\/02\/tampa-wrongful-death-lawyer2-copy.webp\"><img decoding=\"async\" class=\"alignnone size-full wp-image-2785\" src=\"https:\/\/floridalawyers360.com\/wp-content\/uploads\/2024\/02\/tampa-wrongful-death-lawyer2-copy.webp\" alt=\"Contact our Tampa Wrongful Death Lawyer now\" width=\"500\" height=\"334\" srcset=\"https:\/\/floridalawyers360.com\/wp-content\/uploads\/2024\/02\/tampa-wrongful-death-lawyer2-copy.webp 500w, https:\/\/floridalawyers360.com\/wp-content\/uploads\/2024\/02\/tampa-wrongful-death-lawyer2-copy-300x200.webp 300w\" sizes=\"(max-width: 500px) 100vw, 500px\" \/><\/a><\/p>\n<h2>\u00bfC\u00f3mo se inicia una demanda por homicidio culposo en Florida?<\/h2>\n<p>La ley de Florida exige que los familiares supervivientes del fallecido o el representante personal de su patrimonio presenten una demanda por homicidio culposo contra la parte responsable. Si no hay testamento o plan sucesorio, el tribunal nombrar\u00e1 un representante personal.<\/p>\n<p>En la mayor\u00eda de los casos, la demanda por homicidio culposo debe presentarse en un plazo de dos a\u00f1os a partir de la fecha de fallecimiento de su ser querido. El plazo puede posponerse en algunas circunstancias muy concretas.<\/p>\n<p>Su abogado de muerte injusta es la mejor persona para ayudarle a presentar el caso para obtener la m\u00e1xima compensaci\u00f3n de la parte responsable.<\/p>\n<h2>Presente su demanda con nuestros abogados de muerte por negligencia de Tampa<\/h2>\n<p>Cuando usted ha perdido a un ser querido debido a la negligencia de otra parte, usted tiene derecho a reclamar una indemnizaci\u00f3n de la parte responsable. Usted necesita contratar al mejor abogado de muerte por negligencia en Tampa para manejar su caso.<\/p>\n<p>Llame hoy mismo a Florida Lawyers 360 al <a href=\"tel:+19544487355\"><i class=\"fa fa-phone-alt\"><\/i>954-448-7355<\/a> para llevar su caso de homicidio culposo en Tampa FL y obtener la m\u00e1xima indemnizaci\u00f3n por su p\u00e9rdida.<\/p>\n","protected":false},"excerpt":{"rendered":"<p>La muerte de un ser querido puede ser bastante devastadora cuando se produce como consecuencia de la negligencia de otra persona o parte. Cuando usted ha perdido a un ser querido por culpa de otra persona, la ley de Florida le permite reclamar una indemnizaci\u00f3n a la parte responsable. Imag\u00ednese cu\u00e1nto puede tener que sufrir [&hellip;]<\/p>\n","protected":false},"author":22,"featured_media":0,"parent":6062,"menu_order":0,"comment_status":"closed","ping_status":"closed","template":"","meta":{"_acf_changed":false,"anchor_text":"","footnotes":""},"categories":[],"tags":[],"class_list":["post-6112","page","type-page","status-publish","hentry"],"acf":[],"_links":{"self":[{"href":"https:\/\/floridalawyers360.com\/es\/wp-json\/wp\/v2\/pages\/6112","targetHints":{"allow":["GET"]}}],"collection":[{"href":"https:\/\/floridalawyers360.com\/es\/wp-json\/wp\/v2\/pages"}],"about":[{"href":"https:\/\/floridalawyers360.com\/es\/wp-json\/wp\/v2\/types\/page"}],"author":[{"embeddable":true,"href":"https:\/\/floridalawyers360.com\/es\/wp-json\/wp\/v2\/users\/22"}],"replies":[{"embeddable":true,"href":"https:\/\/floridalawyers360.com\/es\/wp-json\/wp\/v2\/comments?post=6112"}],"version-history":[{"count":2,"href":"https:\/\/floridalawyers360.com\/es\/wp-json\/wp\/v2\/pages\/6112\/revisions"}],"predecessor-version":[{"id":6114,"href":"https:\/\/floridalawyers360.com\/es\/wp-json\/wp\/v2\/pages\/6112\/revisions\/6114"}],"up":[{"embeddable":true,"href":"https:\/\/floridalawyers360.com\/es\/wp-json\/wp\/v2\/pages\/6062"}],"wp:attachment":[{"href":"https:\/\/floridalawyers360.com\/es\/wp-json\/wp\/v2\/media?parent=6112"}],"wp:term":[{"taxonomy":"category","embeddable":true,"href":"https:\/\/floridalawyers360.com\/es\/wp-json\/wp\/v2\/categories?post=6112"},{"taxonomy":"post_tag","embeddable":true,"href":"https:\/\/floridalawyers360.com\/es\/wp-json\/wp\/v2\/tags?post=6112"}],"curies":[{"name":"wp","href":"https:\/\/api.w.org\/{rel}","templated":true}]}}