{"id":6106,"date":"2020-12-10T18:59:35","date_gmt":"2020-12-10T23:59:35","guid":{"rendered":"https:\/\/floridalawyers360.com\/tampa\/tampa-uber-accident-lawyer\/"},"modified":"2024-03-21T01:27:24","modified_gmt":"2024-03-21T06:27:24","slug":"abogado-accidente-uber","status":"publish","type":"page","link":"https:\/\/floridalawyers360.com\/es\/tampa\/abogado-accidente-uber\/","title":{"rendered":"Accidente Uber"},"content":{"rendered":"<p>Es innegable que la aparici\u00f3n de empresas de transporte compartido como Uber y Lyft ha transformado por completo el sector. Estas empresas han contratado a m\u00e1s de un mill\u00f3n de conductores en Estados Unidos.<\/p>\n<p>Aunque el sector de los viajes compartidos, en su conjunto, deber\u00eda hacer que nuestras carreteras fueran m\u00e1s seguras, las investigaciones sugieren que el lanzamiento de Uber o Lyft en una ciudad suele ir asociado a un aumento general (del 2 al 3%) de las muertes y accidentes mortales en veh\u00edculos de motor.<\/p>\n<p>Si usted ha sido lesionado en un accidente con un conductor de viaje compartido en contacto con nuestros abogados de accidentes Uber Tampa. Nuestros abogados han manejado innumerables accidentes de Uber y tienen la experiencia que su reclamo necesita.<\/p>\n<p>Llame <a href=\"tel:+19544487355\"><i class=\"fa fa-phone-alt\"><\/i>954-448-7355<\/a> hoy para programar una consulta gratuita con un abogado de lesiones personales de Tampa y revisar su mejor curso de acci\u00f3n.<\/p>\n\t\t<div data-elementor-type=\"section\" data-elementor-id=\"208\" class=\"elementor elementor-208\" data-elementor-post-type=\"elementor_library\">\n\t\t\t\t\t<section class=\"elementor-section elementor-top-section elementor-element elementor-element-485e576a elementor-section-boxed elementor-section-height-default elementor-section-height-default\" data-id=\"485e576a\" data-element_type=\"section\" data-e-type=\"section\">\n\t\t\t\t\t\t<div class=\"elementor-container elementor-column-gap-default\">\n\t\t\t\t\t<div class=\"elementor-column elementor-col-100 elementor-top-column elementor-element elementor-element-635c38c0\" data-id=\"635c38c0\" data-element_type=\"column\" data-e-type=\"column\">\n\t\t\t<div class=\"elementor-widget-wrap elementor-element-populated\">\n\t\t\t\t\t\t<div class=\"elementor-element elementor-element-3ba95c8a elementor-toc--minimized-on-tablet elementor-widget elementor-widget-table-of-contents\" data-id=\"3ba95c8a\" data-element_type=\"widget\" data-e-type=\"widget\" data-settings=\"{&quot;exclude_headings_by_selector&quot;:&quot;.toc-remove&quot;,&quot;headings_by_tags&quot;:[&quot;h2&quot;,&quot;h3&quot;],&quot;marker_view&quot;:&quot;numbers&quot;,&quot;no_headings_message&quot;:&quot;No se ha encontrado ning\\u00fan encabezado en esta p\\u00e1gina.&quot;,&quot;minimize_box&quot;:&quot;yes&quot;,&quot;minimized_on&quot;:&quot;tablet&quot;,&quot;hierarchical_view&quot;:&quot;yes&quot;,&quot;min_height&quot;:{&quot;unit&quot;:&quot;px&quot;,&quot;size&quot;:&quot;&quot;,&quot;sizes&quot;:[]},&quot;min_height_tablet&quot;:{&quot;unit&quot;:&quot;px&quot;,&quot;size&quot;:&quot;&quot;,&quot;sizes&quot;:[]},&quot;min_height_mobile&quot;:{&quot;unit&quot;:&quot;px&quot;,&quot;size&quot;:&quot;&quot;,&quot;sizes&quot;:[]}}\" data-widget_type=\"table-of-contents.default\">\n\t\t\t\t\t\t\t\t\t<div class=\"elementor-toc__header\">\n\t\t\t\t\t\t<div class=\"elementor-toc__header-title\">\n\t\t\t\tTable of Contents\t\t\t<\/div>\n\t\t\t\t\t\t\t\t\t\t<div class=\"elementor-toc__toggle-button elementor-toc__toggle-button--expand\" role=\"button\" tabindex=\"0\" aria-controls=\"elementor-toc__3ba95c8a\" aria-expanded=\"true\" aria-label=\"Abrir la tabla de contenidos\"><svg aria-hidden=\"true\" class=\"e-font-icon-svg e-fas-chevron-down\" viewBox=\"0 0 448 512\" xmlns=\"http:\/\/www.w3.org\/2000\/svg\"><path d=\"M207.029 381.476L12.686 187.132c-9.373-9.373-9.373-24.569 0-33.941l22.667-22.667c9.357-9.357 24.522-9.375 33.901-.04L224 284.505l154.745-154.021c9.379-9.335 24.544-9.317 33.901.04l22.667 22.667c9.373 9.373 9.373 24.569 0 33.941L240.971 381.476c-9.373 9.372-24.569 9.372-33.942 0z\"><\/path><\/svg><\/div>\n\t\t\t\t<div class=\"elementor-toc__toggle-button elementor-toc__toggle-button--collapse\" role=\"button\" tabindex=\"0\" aria-controls=\"elementor-toc__3ba95c8a\" aria-expanded=\"true\" aria-label=\"Cerrar la tabla de contenidos\"><svg aria-hidden=\"true\" class=\"e-font-icon-svg e-fas-chevron-up\" viewBox=\"0 0 448 512\" xmlns=\"http:\/\/www.w3.org\/2000\/svg\"><path d=\"M240.971 130.524l194.343 194.343c9.373 9.373 9.373 24.569 0 33.941l-22.667 22.667c-9.357 9.357-24.522 9.375-33.901.04L224 227.495 69.255 381.516c-9.379 9.335-24.544 9.317-33.901-.04l-22.667-22.667c-9.373-9.373-9.373-24.569 0-33.941L207.03 130.525c9.372-9.373 24.568-9.373 33.941-.001z\"><\/path><\/svg><\/div>\n\t\t\t\t\t<\/div>\n\t\t\t\t<div id=\"elementor-toc__3ba95c8a\" class=\"elementor-toc__body\">\n\t\t\t<div class=\"elementor-toc__spinner-container\">\n\t\t\t\t<svg class=\"elementor-toc__spinner eicon-animation-spin e-font-icon-svg e-eicon-loading\" aria-hidden=\"true\" viewBox=\"0 0 1000 1000\" xmlns=\"http:\/\/www.w3.org\/2000\/svg\"><path d=\"M500 975V858C696 858 858 696 858 500S696 142 500 142 142 304 142 500H25C25 237 238 25 500 25S975 237 975 500 763 975 500 975Z\"><\/path><\/svg>\t\t\t<\/div>\n\t\t<\/div>\n\t\t\t\t\t\t<\/div>\n\t\t\t\t\t<\/div>\n\t\t<\/div>\n\t\t\t\t\t<\/div>\n\t\t<\/section>\n\t\t\t\t<\/div>\n\t\t\n<h2>\u00bfQui\u00e9n puede ser encontrado culpable de un accidente de Uber?<\/h2>\n<p>Las secuelas de cualquier accidente automovil\u00edstico son complejas y confusas, pero cuando se trata de una de las empresas de viajes compartidos como Uber o Lyft, el caso se vuelve mucho m\u00e1s complejo. Aqu\u00ed est\u00e1 lo que usted necesita saber acerca de la responsabilidad cuando un accidente de auto involucra Uber o Lyft u otra plataforma de viajes compartidos.<\/p>\n<p>En primer lugar, usted debe saber que Florida es un estado sin culpa, lo que significa que la persona lesionada va a buscar una indemnizaci\u00f3n de su propia compa\u00f1\u00eda de seguros personal. Pueden demandar a otras partes en caso de que los da\u00f1os sufridos no est\u00e9n cubiertos por su propia compa\u00f1\u00eda de seguros.<\/p>\n<p>Dado que los conductores que trabajan para Uber est\u00e1n clasificados como contratistas independientes, no tienen los mismos derechos legales que los empleados y operan bajo las leyes de responsabilidad indirecta. En general, Uber o Lyft no son legalmente responsables de las acciones negligentes de los conductores en su plataforma.<\/p>\n<h3>Conductor de Uber o Lyft<\/h3>\n<p>El conductor culpable de Uber o Lyft tiene m\u00e1s probabilidades de ser declarado negligente en caso de accidente. Todos los conductores en Florida est\u00e1n obligados a llevar cobertura de protecci\u00f3n de lesiones personales, as\u00ed como la cobertura de responsabilidad por da\u00f1os a la propiedad.<\/p>\n<p>Adem\u00e1s, la ley de Florida tambi\u00e9n requiere que las empresas de redes de transporte como Uber o Lyft proporcionen cobertura separada para sus conductores en determinadas circunstancias.<\/p>\n<h3>Empresas de transporte compartido<\/h3>\n<p>En el Estado de Florida, los conductores que trabajan para Uber o Lyft se clasifican como contratistas independientes, lo que hace que sea extremadamente dif\u00edcil para las v\u00edctimas del accidente con conductores de Uber o Lyft demandar a las empresas de transporte compartido.<\/p>\n<p>Sin embargo, hay ciertas situaciones en las que la v\u00edctima puede demandar a estas empresas de transporte compartido, pero tendr\u00e1 que demostrarse que la propia plataforma fue negligente.<\/p>\n<p>En muchos casos, la p\u00f3liza de responsabilidad comercial de la empresa de transporte compartido es probable que entre en acci\u00f3n cuando la p\u00f3liza personal del conductor culpable no es suficiente para cubrir los da\u00f1os. Llame a los abogados de accidentes de Uber en Florida Lawyers 360 para programar una primera consulta gratuita.<\/p>\n<p>Lucharemos por sus derechos y le ayudaremos a recuperar la compensaci\u00f3n m\u00e1xima que se merece.<\/p>\n<h3>Cualquier tercera parte relacionada<\/h3>\n<p>Si el accidente involucr\u00f3 a cualquier tercera parte, tambi\u00e9n pueden ser demandados para recuperar la compensaci\u00f3n adecuada.<\/p>\n<p><a href=\"https:\/\/floridalawyers360.com\/wp-content\/uploads\/2024\/02\/tampa-uber-accident-lawyer2-copy.webp\"><img fetchpriority=\"high\" decoding=\"async\" class=\"alignnone size-full wp-image-2776\" src=\"https:\/\/floridalawyers360.com\/wp-content\/uploads\/2024\/02\/tampa-uber-accident-lawyer2-copy.webp\" alt=\"Tampa Uber Accident Lawyer\" width=\"500\" height=\"334\" srcset=\"https:\/\/floridalawyers360.com\/wp-content\/uploads\/2024\/02\/tampa-uber-accident-lawyer2-copy.webp 500w, https:\/\/floridalawyers360.com\/wp-content\/uploads\/2024\/02\/tampa-uber-accident-lawyer2-copy-300x200.webp 300w\" sizes=\"(max-width: 500px) 100vw, 500px\" \/><\/a><\/p>\n<h2>\u00bfQu\u00e9 hace que los casos de accidentes de Uber sean diferentes de los casos de accidentes automovil\u00edsticos regulares?<\/h2>\n<p>Los accidentes automovil\u00edsticos que involucran a Uber o Lyft son mucho m\u00e1s complejos que los accidentes automovil\u00edsticos regulares. Esto se debe a la raz\u00f3n de que tales accidentes tambi\u00e9n traen en la cobertura de seguro de la plataforma de viajes compartidos. La ley de Florida dicta diferentes niveles de cobertura de seguro dependiendo de la situaci\u00f3n.<\/p>\n<p>Por ejemplo, si el conductor no estaba conectado a la aplicaci\u00f3n y tuvo un accidente, la cobertura del seguro de la empresa de viajes compartidos podr\u00eda no entrar en juego. Por otro lado, si el conductor est\u00e1 conectado a la aplicaci\u00f3n y ha recogido a un pasajero y luego se ve involucrado en un accidente, la cobertura de $ 1 mill\u00f3n entrar\u00eda en juego.<\/p>\n<p>En resumen, los accidentes automovil\u00edsticos que involucran Uber o Lyft o cualquier otra plataforma de viajes compartidos son extremadamente complejos y es por eso que usted necesita ponerse en contacto con abogados con experiencia en accidentes de Uber en Florida Lawyers 360 para discutir los detalles de su caso y para saber m\u00e1s acerca de sus opciones legales.<\/p>\n<h2>\u00bfTiene Uber una p\u00f3liza de seguro de 1 mill\u00f3n de d\u00f3lares para accidentes?<\/h2>\n<p>Hay muchos conceptos err\u00f3neos flotando alrededor con respecto a la p\u00f3liza de seguro de $ 1 mill\u00f3n Uber. No es tan sencillo como las p\u00f3lizas de seguro para los conductores regulares. Uber tiene 1 mill\u00f3n de d\u00f3lares en cobertura de responsabilidad civil, pero hay mucha letra peque\u00f1a.<\/p>\n<p>Esta cobertura de seguro se activa s\u00f3lo cuando el conductor est\u00e1 en ruta para recoger a un escritor y tienen un pasajero en el coche durante el viaje.<\/p>\n<p>Esta cobertura de responsabilidad civil de 1 mill\u00f3n de d\u00f3lares proporciona cobertura para el ocupante del Uber, as\u00ed como para los ocupantes de otros veh\u00edculos implicados en el accidente.<\/p>\n<p>Un abogado con experiencia que ha tratado con casos de accidentes de Uber sabe c\u00f3mo funciona la p\u00f3liza de seguro de Uber y c\u00f3mo pueden recuperar la m\u00e1xima indemnizaci\u00f3n para las v\u00edctimas de accidentes con Uber o Lyft u otras plataformas de viajes compartidos.<\/p>\n<h2>\u00bfQu\u00e9 tipo de indemnizaci\u00f3n puedo solicitar en un accidente de Uber?<\/h2>\n<p>Hay varios tipos de indemnizaci\u00f3n disponibles para las v\u00edctimas de un accidente automovil\u00edstico. Los tipos de composici\u00f3n se pueden agrupar en diferentes categor\u00edas, tales como econ\u00f3micos, no econ\u00f3micos y punitivos.<\/p>\n<h3>Da\u00f1os econ\u00f3micos<\/h3>\n<p>Esta categor\u00eda cubre los da\u00f1os relacionados con la p\u00e9rdida sufrida por la v\u00edctima directamente como resultado del accidente. Normalmente cubre los gastos m\u00e9dicos (pasados y futuros), la p\u00e9rdida de salarios, la p\u00e9rdida de salarios futuros, el coste de la terapia y otros da\u00f1os de este tipo que pueden medirse directamente como resultado del accidente.<\/p>\n<h3>Da\u00f1os no econ\u00f3micos<\/h3>\n<p>Esta categor\u00eda incluye indemnizaciones de naturaleza m\u00e1s subjetiva, como el dolor y el sufrimiento, la reducci\u00f3n de la calidad de vida, la p\u00e9rdida de compa\u00f1\u00eda y otros factores similares.<\/p>\n<h3>Da\u00f1os punitivos<\/h3>\n<p>Como el t\u00e9rmino indica, tienen por objeto castigar a los responsables del accidente para evitar que se repita el comportamiento que lo caus\u00f3. Sin embargo, los da\u00f1os punitivos rara vez se conceden en Florida y tambi\u00e9n hay un l\u00edmite superior.<\/p>\n<p>Los da\u00f1os punitivos se pueden conceder hasta 3 veces los da\u00f1os compensatorios o $ 500.000, el que sea mayor.<\/p>\n<h2>\u00bfDebo aceptar una oferta de acuerdo?<\/h2>\n<p>Usted nunca debe aceptar una oferta de acuerdo sin consultar con un abogado con experiencia en accidentes de Uber en Florida Lawyers 360. Tenga en cuenta que las compa\u00f1\u00edas de seguros no est\u00e1n trabajando para usted.<\/p>\n<p>Ellos usar\u00e1n todos los trucos del libro para minimizar el pago y es por eso que usted necesita un abogado con experiencia a su lado para ganar la m\u00e1xima compensaci\u00f3n por sus lesiones.<\/p>\n<p><a href=\"https:\/\/floridalawyers360.com\/wp-content\/uploads\/2024\/02\/tampa-uber-accident-lawyer1-copy.webp\"><img decoding=\"async\" class=\"alignnone size-full wp-image-2777\" src=\"https:\/\/floridalawyers360.com\/wp-content\/uploads\/2024\/02\/tampa-uber-accident-lawyer1-copy.webp\" alt=\"Uber ride share | tampa Uber Accident Lawyer\" width=\"500\" height=\"326\" srcset=\"https:\/\/floridalawyers360.com\/wp-content\/uploads\/2024\/02\/tampa-uber-accident-lawyer1-copy.webp 500w, https:\/\/floridalawyers360.com\/wp-content\/uploads\/2024\/02\/tampa-uber-accident-lawyer1-copy-300x196.webp 300w\" sizes=\"(max-width: 500px) 100vw, 500px\" \/><\/a><\/p>\n<h2>L\u00edmites de tiempo para una demanda por accidente de Uber en Florida<\/h2>\n<p>El estatuto de limitaciones en Tampa, Florida, da una cantidad limitada de tiempo para las v\u00edctimas de accidentes con Uber o Lyft para presentar una demanda antes de que expire. Si la demanda no se presenta dentro de este tiempo, podr\u00eda resultar en que la demanda sea rechazada por un juez, independientemente de las pruebas que tenga la v\u00edctima.<\/p>\n<p>En el estado de Florida, la v\u00edctima tiene cuatro a\u00f1os a partir de la fecha del accidente para presentar la demanda ante los tribunales.<\/p>\n<h2>\u00bfCu\u00e1nto cuesta un abogado de accidentes de Uber en Tampa?<\/h2>\n<p>Un abogado de accidentes de Uber no le va a costar nada. Aqu\u00ed en Florida Lawyers 360, trabajamos con un acuerdo de honorarios de contingencia. Esto simplemente significa que usted no necesita pagar ning\u00fan honorario por adelantado. Recuperaremos nuestros costos de los da\u00f1os que ganemos para usted.<\/p>\n<p>En caso de que no ganemos nada, usted no tiene que pagar nada.<\/p>\n<h2>\u00bfPor qu\u00e9 necesito un abogado para una demanda por accidente de Uber?<\/h2>\n<p>No hay ninguna ley que le obligue a contratar los servicios de un abogado cuando usted est\u00e1 involucrado en un accidente de Uber. Sin embargo, hay varias ventajas de contratar los servicios de un abogado con experiencia en Florida Lawyers 360.<\/p>\n<h3>Preparaci\u00f3n del caso\/presentaci\u00f3n de una demanda<\/h3>\n<p>La mayor\u00eda de los casos de lesiones personales se resuelven fuera de los tribunales. De hecho, m\u00e1s del 90% se resuelven fuera de los tribunales y es raro que un caso vaya a juicio.<\/p>\n<p>Sin embargo, la parte contraria ofrecer\u00e1 una cantidad justa de acuerdo s\u00f3lo si creen que usted tiene un caso s\u00f3lido en la mano y que requiere una gran cantidad de preparaci\u00f3n, incluyendo la recopilaci\u00f3n de pruebas, conseguir expertos m\u00e9dicos, y otras cosas por el estilo.<\/p>\n<h3>Negociaci\u00f3n del acuerdo<\/h3>\n<p>Negociar con las compa\u00f1\u00edas de seguros no es f\u00e1cil. Esto es lo que hacen para ganarse la vida y que necesita un abogado con experiencia a su lado para ayudarle a navegar por los viajes y trucos utilizados regularmente por estas compa\u00f1\u00edas de seguros para mantener el pago a un m\u00ednimo.<\/p>\n<h3>Preparaci\u00f3n del Juicio y Representaci\u00f3n<\/h3>\n<p>Prepararse para un juicio requiere mucho tiempo y energ\u00eda. Un abogado con experiencia se asegurar\u00e1 de que usted tiene un caso s\u00f3lido en caso de que vaya a juicio.<\/p>\n<h2>Programe una consulta gratuita para su demanda por accidente de Uber<\/h2>\n<p>En general, un accidente automovil\u00edstico con Uber o Lyft o cualquier otra plataforma de viajes compartidos es mucho m\u00e1s complejo que otros accidentes automovil\u00edsticos. Esto se debe a la raz\u00f3n de que diferentes leyes se aplican a estas empresas de viajes compartidos.<\/p>\n<p>Usted necesita la ayuda de un abogado con experiencia en accidentes de Uber en Florida Lawyers 360 para navegar a trav\u00e9s de las complicaciones relacionadas con Uber. Ll\u00e1menos hoy al <a href=\"tel:+19544487355\"><i class=\"fa fa-phone-alt\"><\/i>954-448-7355<\/a> para programar una consulta gratuita y conocer sus derechos legales.<\/p>\n","protected":false},"excerpt":{"rendered":"<p>Es innegable que la aparici\u00f3n de empresas de transporte compartido como Uber y Lyft ha transformado por completo el sector. Estas empresas han contratado a m\u00e1s de un mill\u00f3n de conductores en Estados Unidos. Aunque el sector de los viajes compartidos, en su conjunto, deber\u00eda hacer que nuestras carreteras fueran m\u00e1s seguras, las investigaciones sugieren [&hellip;]<\/p>\n","protected":false},"author":22,"featured_media":0,"parent":6062,"menu_order":0,"comment_status":"closed","ping_status":"closed","template":"","meta":{"_acf_changed":false,"anchor_text":"","footnotes":""},"categories":[],"tags":[],"class_list":["post-6106","page","type-page","status-publish","hentry"],"acf":[],"_links":{"self":[{"href":"https:\/\/floridalawyers360.com\/es\/wp-json\/wp\/v2\/pages\/6106","targetHints":{"allow":["GET"]}}],"collection":[{"href":"https:\/\/floridalawyers360.com\/es\/wp-json\/wp\/v2\/pages"}],"about":[{"href":"https:\/\/floridalawyers360.com\/es\/wp-json\/wp\/v2\/types\/page"}],"author":[{"embeddable":true,"href":"https:\/\/floridalawyers360.com\/es\/wp-json\/wp\/v2\/users\/22"}],"replies":[{"embeddable":true,"href":"https:\/\/floridalawyers360.com\/es\/wp-json\/wp\/v2\/comments?post=6106"}],"version-history":[{"count":3,"href":"https:\/\/floridalawyers360.com\/es\/wp-json\/wp\/v2\/pages\/6106\/revisions"}],"predecessor-version":[{"id":6287,"href":"https:\/\/floridalawyers360.com\/es\/wp-json\/wp\/v2\/pages\/6106\/revisions\/6287"}],"up":[{"embeddable":true,"href":"https:\/\/floridalawyers360.com\/es\/wp-json\/wp\/v2\/pages\/6062"}],"wp:attachment":[{"href":"https:\/\/floridalawyers360.com\/es\/wp-json\/wp\/v2\/media?parent=6106"}],"wp:term":[{"taxonomy":"category","embeddable":true,"href":"https:\/\/floridalawyers360.com\/es\/wp-json\/wp\/v2\/categories?post=6106"},{"taxonomy":"post_tag","embeddable":true,"href":"https:\/\/floridalawyers360.com\/es\/wp-json\/wp\/v2\/tags?post=6106"}],"curies":[{"name":"wp","href":"https:\/\/api.w.org\/{rel}","templated":true}]}}