{"id":6103,"date":"2020-12-08T16:35:49","date_gmt":"2020-12-08T21:35:49","guid":{"rendered":"https:\/\/floridalawyers360.com\/tampa\/tampa-truck-accident-lawyer\/"},"modified":"2024-03-21T01:27:00","modified_gmt":"2024-03-21T06:27:00","slug":"abogado-de-accidentes-de-camion","status":"publish","type":"page","link":"https:\/\/floridalawyers360.com\/es\/tampa\/abogado-de-accidentes-de-camion\/","title":{"rendered":"Accidentes de cami\u00f3n"},"content":{"rendered":"<p>En Florida Lawyers 360, nuestros expertos legales experimentados y compasivos tienen muchos a\u00f1os de experiencia combinada en el manejo de asuntos complejos de lesiones personales, incluyendo accidentes de camiones.<\/p>\n<p>No es ning\u00fan secreto que un accidente de cami\u00f3n puede causar estragos en la vida de una v\u00edctima, dej\u00e1ndola con lesiones graves, enterrada bajo una monta\u00f1a de facturas m\u00e9dicas, enfrentando largos e insoportables per\u00edodos de recuperaci\u00f3n, y pregunt\u00e1ndose c\u00f3mo van a seguir adelante con sus vidas.<\/p>\n<p>Los camiones grandes, los camiones de gran tonelaje, los camiones de 18 ruedas y los semirremolques, debido a su tama\u00f1o y peso, tienen pr\u00e1cticamente garantizado causar da\u00f1os y lesiones catastr\u00f3ficos cuando chocan con veh\u00edculos m\u00e1s peque\u00f1os.<\/p>\n<p>Sin embargo, con demasiada frecuencia, las compa\u00f1\u00edas de camiones tratan los accidentes como parte del curso regular de hacer negocios y simplemente reservan un presupuesto para el seguro y los posibles costos de responsabilidad civil.<\/p>\n<p>En Florida Lawyers 36, nuestros abogados de accidentes de camiones Tampa se dedican a la representaci\u00f3n de las v\u00edctimas de accidentes de camiones &#8211; y se har\u00e1 cargo incluso el caso m\u00e1s complejo o dif\u00edcil.<\/p>\n<p>Nuestro equipo entiende que algunas lesiones relacionadas con accidentes de camiones pueden resultar en discapacidad, incapacidad para trabajar, y toda una vida de gastos. Nuestros abogados dedicar\u00e1n su trabajo y recursos a proteger sus derechos.<\/p>\n<p>Lo mejor de todo es que trabajamos sobre una base de no-ganar-sin-honorarios\/contingencia, lo que significa que no cobramos hasta que se resuelva su reclamo. Llame a nuestros <a href=\"\/tampa\/personal-injury-lawyer\/\">abogados de lesiones<\/a> personales al [tel\u00e9fono] para programar una consulta gratuita.<\/p>\n\t\t<div data-elementor-type=\"section\" data-elementor-id=\"208\" class=\"elementor elementor-208\" data-elementor-post-type=\"elementor_library\">\n\t\t\t\t\t<section class=\"elementor-section elementor-top-section elementor-element elementor-element-485e576a elementor-section-boxed elementor-section-height-default elementor-section-height-default\" data-id=\"485e576a\" data-element_type=\"section\" data-e-type=\"section\">\n\t\t\t\t\t\t<div class=\"elementor-container elementor-column-gap-default\">\n\t\t\t\t\t<div class=\"elementor-column elementor-col-100 elementor-top-column elementor-element elementor-element-635c38c0\" data-id=\"635c38c0\" data-element_type=\"column\" data-e-type=\"column\">\n\t\t\t<div class=\"elementor-widget-wrap elementor-element-populated\">\n\t\t\t\t\t\t<div class=\"elementor-element elementor-element-3ba95c8a elementor-toc--minimized-on-tablet elementor-widget elementor-widget-table-of-contents\" data-id=\"3ba95c8a\" data-element_type=\"widget\" data-e-type=\"widget\" data-settings=\"{&quot;exclude_headings_by_selector&quot;:&quot;.toc-remove&quot;,&quot;headings_by_tags&quot;:[&quot;h2&quot;,&quot;h3&quot;],&quot;marker_view&quot;:&quot;numbers&quot;,&quot;no_headings_message&quot;:&quot;No headings were found on this page.&quot;,&quot;minimize_box&quot;:&quot;yes&quot;,&quot;minimized_on&quot;:&quot;tablet&quot;,&quot;hierarchical_view&quot;:&quot;yes&quot;,&quot;min_height&quot;:{&quot;unit&quot;:&quot;px&quot;,&quot;size&quot;:&quot;&quot;,&quot;sizes&quot;:[]},&quot;min_height_tablet&quot;:{&quot;unit&quot;:&quot;px&quot;,&quot;size&quot;:&quot;&quot;,&quot;sizes&quot;:[]},&quot;min_height_mobile&quot;:{&quot;unit&quot;:&quot;px&quot;,&quot;size&quot;:&quot;&quot;,&quot;sizes&quot;:[]}}\" data-widget_type=\"table-of-contents.default\">\n\t\t\t\t\t\t\t\t\t<div class=\"elementor-toc__header\">\n\t\t\t\t\t\t<div class=\"elementor-toc__header-title\">\n\t\t\t\tTable of Contents\t\t\t<\/div>\n\t\t\t\t\t\t\t\t\t\t<div class=\"elementor-toc__toggle-button elementor-toc__toggle-button--expand\" role=\"button\" tabindex=\"0\" aria-controls=\"elementor-toc__3ba95c8a\" aria-expanded=\"true\" aria-label=\"Open table of contents\"><svg aria-hidden=\"true\" class=\"e-font-icon-svg e-fas-chevron-down\" viewBox=\"0 0 448 512\" xmlns=\"http:\/\/www.w3.org\/2000\/svg\"><path d=\"M207.029 381.476L12.686 187.132c-9.373-9.373-9.373-24.569 0-33.941l22.667-22.667c9.357-9.357 24.522-9.375 33.901-.04L224 284.505l154.745-154.021c9.379-9.335 24.544-9.317 33.901.04l22.667 22.667c9.373 9.373 9.373 24.569 0 33.941L240.971 381.476c-9.373 9.372-24.569 9.372-33.942 0z\"><\/path><\/svg><\/div>\n\t\t\t\t<div class=\"elementor-toc__toggle-button elementor-toc__toggle-button--collapse\" role=\"button\" tabindex=\"0\" aria-controls=\"elementor-toc__3ba95c8a\" aria-expanded=\"true\" aria-label=\"Close table of contents\"><svg aria-hidden=\"true\" class=\"e-font-icon-svg e-fas-chevron-up\" viewBox=\"0 0 448 512\" xmlns=\"http:\/\/www.w3.org\/2000\/svg\"><path d=\"M240.971 130.524l194.343 194.343c9.373 9.373 9.373 24.569 0 33.941l-22.667 22.667c-9.357 9.357-24.522 9.375-33.901.04L224 227.495 69.255 381.516c-9.379 9.335-24.544 9.317-33.901-.04l-22.667-22.667c-9.373-9.373-9.373-24.569 0-33.941L207.03 130.525c9.372-9.373 24.568-9.373 33.941-.001z\"><\/path><\/svg><\/div>\n\t\t\t\t\t<\/div>\n\t\t\t\t<div id=\"elementor-toc__3ba95c8a\" class=\"elementor-toc__body\">\n\t\t\t<div class=\"elementor-toc__spinner-container\">\n\t\t\t\t<svg class=\"elementor-toc__spinner eicon-animation-spin e-font-icon-svg e-eicon-loading\" aria-hidden=\"true\" viewBox=\"0 0 1000 1000\" xmlns=\"http:\/\/www.w3.org\/2000\/svg\"><path d=\"M500 975V858C696 858 858 696 858 500S696 142 500 142 142 304 142 500H25C25 237 238 25 500 25S975 237 975 500 763 975 500 975Z\"><\/path><\/svg>\t\t\t<\/div>\n\t\t<\/div>\n\t\t\t\t\t\t<\/div>\n\t\t\t\t\t<\/div>\n\t\t<\/div>\n\t\t\t\t\t<\/div>\n\t\t<\/section>\n\t\t\t\t<\/div>\n\t\t\n<h2>\u00bfQu\u00e9 debe hacer despu\u00e9s de un accidente de cami\u00f3n?<\/h2>\n<p>Cuando un cami\u00f3n comercial choca con un veh\u00edculo de pasajeros est\u00e1ndar o una motocicleta, el resultado puede ser catastr\u00f3fico. Adem\u00e1s, los accidentes de camiones son a menudo complejos, y varias partes podr\u00edan ser consideradas responsables.<\/p>\n<p>Por esta raz\u00f3n, es mejor saber c\u00f3mo puede proteger sus intereses inmediatamente despu\u00e9s de un accidente de cami\u00f3n. Inmediatamente despu\u00e9s de un accidente con un cami\u00f3n:<\/p>\n<h3>P\u00f3ngase a salvo<\/h3>\n<p>Cuando se produce una colisi\u00f3n en la que est\u00e1 implicado un cami\u00f3n comercial, lo primero que tiene que hacer es comprobar que se encuentra bien y que est\u00e1 fuera de peligro. Eso significa ponerte a salvo o alejarte del tr\u00e1fico, pero no abandones el lugar de los hechos. Ponerte a salvo podr\u00eda salvarte la vida.<\/p>\n<h3>Llama al 911<\/h3>\n<p>A continuaci\u00f3n, aunque creas que nadie ha resultado herido, ponte en contacto con la polic\u00eda y p\u00eddeles que hagan un informe del accidente.<\/p>\n<p><a href=\"https:\/\/floridalawyers360.com\/wp-content\/uploads\/2024\/02\/tampa-truck-accident-lawyer1-copy.webp\"><img fetchpriority=\"high\" decoding=\"async\" class=\"alignnone size-full wp-image-2772\" src=\"https:\/\/floridalawyers360.com\/wp-content\/uploads\/2024\/02\/tampa-truck-accident-lawyer1-copy.webp\" alt=\"Call 911 after a truck accident\" width=\"500\" height=\"334\" srcset=\"https:\/\/floridalawyers360.com\/wp-content\/uploads\/2024\/02\/tampa-truck-accident-lawyer1-copy.webp 500w, https:\/\/floridalawyers360.com\/wp-content\/uploads\/2024\/02\/tampa-truck-accident-lawyer1-copy-300x200.webp 300w\" sizes=\"(max-width: 500px) 100vw, 500px\" \/><\/a><\/p>\n<h3>Ayuda a los dem\u00e1s<\/h3>\n<p>La ley de Florida exige que cualquier persona que se encuentre en el lugar del accidente sea responsable de ayudar a los heridos. Por lo tanto, compruebe c\u00f3mo se encuentran los dem\u00e1s, incluidos los pasajeros de su veh\u00edculo, y ofrezca ayuda razonable siempre que sea posible.<\/p>\n<h3>Intercambie informaci\u00f3n<\/h3>\n<p>Aseg\u00farese de obtener la informaci\u00f3n de contacto del conductor del cami\u00f3n, incluyendo la informaci\u00f3n de su empleador, su n\u00famero de licencia de conducir, nombre, n\u00famero de tel\u00e9fono, direcci\u00f3n de correo electr\u00f3nico, direcci\u00f3n f\u00edsica e informaci\u00f3n del seguro.<\/p>\n<h3>Documenta la escena del accidente y habla con los testigos<\/h3>\n<p>Anota tambi\u00e9n la marca y el modelo del cami\u00f3n. Si puedes acceder a tu c\u00e1mara o tel\u00e9fono, haz fotos de cada peque\u00f1o detalle, incluidos los restos en el lugar del accidente, las marcas de derrape en la carretera, las se\u00f1ales de tr\u00e1fico, el tiempo, las condiciones del tr\u00e1fico, etc.<\/p>\n<h3>Busca atenci\u00f3n m\u00e9dica lo antes posible<\/h3>\n<p>Aunque no haya signos visibles de lesiones, debe acudir a la sala de urgencias m\u00e1s cercana o a su m\u00e9dico para un chequeo m\u00e9dico. A menudo, las v\u00edctimas de accidentes de cami\u00f3n sufren lesiones que no son evidentes inmediatamente despu\u00e9s del accidente. Guarde documentaci\u00f3n detallada de sus lesiones y tratamiento.<\/p>\n<h3>Contacte con un abogado<\/h3>\n<p>Inmediatamente despu\u00e9s de un accidente con un cami\u00f3n, las compa\u00f1\u00edas de camiones enviar\u00e1n ajustadores de seguros y representantes para reunir pruebas e incluso hacerle una oferta en efectivo para que puedan limitar su responsabilidad.<\/p>\n<p>NUNCA hable con ning\u00fan representante, firme nada, o acepte una oferta en efectivo sin hablar con un abogado de accidentes de cami\u00f3n. Es por eso que su primera llamada despu\u00e9s de ponerse en contacto con la polic\u00eda debe ser a un abogado de accidente de cami\u00f3n.<\/p>\n<h2>\u00bfCuales Son Las Leyes Con Respecto A La Responsabilidad En Un Caso De Accidente De Cami\u00f3n En Tampa, Florida?<\/h2>\n<p>Entender las leyes con respecto a la responsabilidad por accidentes de camiones en Tampa <a href=\"https:\/\/en.wikipedia.org\/wiki\/Tampa,_Florida\" target=\"_blank\" rel=\"noopener\">, FL<\/a>, es una parte esencial de su reclamo. Mientras que varias partes pueden ser potencialmente responsables por da\u00f1os que surjan despu\u00e9s de un accidente de cami\u00f3n, probar la responsabilidad t\u00edpicamente involucra dos leyes. Examinemos cada una:<\/p>\n<h3>Negligencia Comparativa Pura de Florida<\/h3>\n<p>Cualquier persona que presente una demanda por lesiones puede recuperar una indemnizaci\u00f3n del demandado, independientemente de su papel o grado de culpa. Eso significa que usted todav\u00eda puede obtener una indemnizaci\u00f3n, incluso si su porcentaje de culpa es superior a la del conductor del cami\u00f3n, la empresa de carga, la empresa de transporte por carretera, u otras partes responsables.<\/p>\n<h3>Ley de negligencia de Florida<\/h3>\n<p>Cualquier conductor de cami\u00f3n, empresa de transporte, empresa de carga y otras partes pueden ser consideradas responsables de causar da\u00f1os y lesiones a otro usuario de la carretera. El afectado tiene derecho a presentar una reclamaci\u00f3n por lesiones. Sin embargo, debe demostrar que la parte responsable fue negligente al causar el accidente.<\/p>\n<p>Hay <a href=\"https:\/\/lawshelf.com\/coursewarecontentview\/introduction-to-negligence\/\" target=\"_blank\" rel=\"noopener\">cuatro elementos para demostrar la negligencia<\/a> en los accidentes de cami\u00f3n en Florida:<\/p>\n<ol>\n<li>El demandado deb\u00eda a las v\u00edctimas del accidente de cami\u00f3n un deber de cuidado;<\/li>\n<li>Las acciones o inacciones del demandado incumplieron o violaron su deber de cuidado a la v\u00edctima del accidente de cami\u00f3n a trav\u00e9s de su negligencia y:<\/li>\n<li>La violaci\u00f3n o incumplimiento del deber de cuidado por parte del demandado fue el factor significativo que caus\u00f3 las p\u00e9rdidas de la v\u00edctima del accidente de cami\u00f3n;<\/li>\n<li>Las p\u00e9rdidas y lesiones del demandante fueron causadas por la negligencia del acusado a<\/li>\n<\/ol>\n<p>&nbsp;<\/p>\n<p><a href=\"https:\/\/floridalawyers360.com\/wp-content\/uploads\/2024\/02\/tampa-truck-accident-lawyer3-copy.webp\"><img decoding=\"async\" class=\"alignnone size-full wp-image-2774\" src=\"https:\/\/floridalawyers360.com\/wp-content\/uploads\/2024\/02\/tampa-truck-accident-lawyer3-copy.webp\" alt=\"Contact our Tampa Truck Accident Lawyer today\" width=\"500\" height=\"334\" srcset=\"https:\/\/floridalawyers360.com\/wp-content\/uploads\/2024\/02\/tampa-truck-accident-lawyer3-copy.webp 500w, https:\/\/floridalawyers360.com\/wp-content\/uploads\/2024\/02\/tampa-truck-accident-lawyer3-copy-300x200.webp 300w\" sizes=\"(max-width: 500px) 100vw, 500px\" \/><\/a><\/p>\n<h2>\u00bfC\u00f3mo puede ayudar un abogado de accidentes de cami\u00f3n?<\/h2>\n<p>El manejo de una demanda por accidente de cami\u00f3n no es una tarea sencilla. Afortunadamente, nuestros abogados de accidentes de camiones en Tampa lo tienen cubierto. Nuestros abogados de accidentes de camiones pueden ayudarle en cada paso de su demanda con:<\/p>\n<h3>Investigaci\u00f3n<\/h3>\n<p>Esto puede incluir el env\u00edo de investigadores y expertos forenses a la escena del accidente, la preservaci\u00f3n de pruebas, incluidos los dispositivos electr\u00f3nicos de registro, c\u00e1maras de camiones, y los registros de la compa\u00f1\u00eda de camiones.<\/p>\n<p>Tambi\u00e9n recogeremos declaraciones de testigos para encontrar la informaci\u00f3n necesaria para presentar su demanda y buscar la compensaci\u00f3n que se merece.<\/p>\n<h3>Presentar su demanda<\/h3>\n<p>Su abogado le ayudar\u00e1 a presentar su reclamaci\u00f3n dentro de los plazos de prescripci\u00f3n de lesiones personales de Florida.<\/p>\n<h3>Negociaciones del acuerdo<\/h3>\n<p>Las compa\u00f1\u00edas de camiones tienen a su disposici\u00f3n grandes compa\u00f1\u00edas de seguros y bufetes de abogados. A menudo, tienen dos objetivos: resolver su reclamo r\u00e1pido y por el menor acuerdo posible.<\/p>\n<p>Nuestros experimentados abogados de lesiones saben c\u00f3mo tratar con las compa\u00f1\u00edas de seguros y sus grandes bufetes de abogados y se encargar\u00e1 de todas las comunicaciones con la parte responsable, sus aseguradores, y las capas de negociar un acuerdo favorable en su nombre.<\/p>\n<h3>Litigio<\/h3>\n<p>Los abogados de accidentes de camiones de Florida Lawyers 360 tienen la experiencia, los recursos y la confianza para luchar por su indemnizaci\u00f3n en los tribunales civiles de Florida.<\/p>\n<h2>\u00bfQu\u00e9 tipos de compensaci\u00f3n puedo recibir en Tampa por mi caso de accidente de cami\u00f3n?<\/h2>\n<p>Los da\u00f1os recuperables para un caso de accidente de cami\u00f3n en la Florida se pueden dividir en cualquiera de las siguientes categor\u00edas:<\/p>\n<h3>Econ\u00f3micos<\/h3>\n<p>Incluyen p\u00e9rdidas financieras o tangibles y pueden incluir:<\/p>\n<ul>\n<li>Honorarios legales<\/li>\n<li>P\u00e9rdida\/da\u00f1o de propiedad<\/li>\n<li>Salarios perdidos<\/li>\n<li>Gastos m\u00e9dicos<\/li>\n<li>Reparaciones del veh\u00edculo<\/li>\n<li>Futuros tratamientos m\u00e9dicos<\/li>\n<li>Costes de atenci\u00f3n domiciliaria y remodelaci\u00f3n de la vivienda<\/li>\n<li>Costes de rehabilitaci\u00f3n y tratamiento psicol\u00f3gico<\/li>\n<\/ul>\n<h3>Gastos no econ\u00f3micos<\/h3>\n<p>Cubren p\u00e9rdidas no econ\u00f3micas y pueden incluir<\/p>\n<ul>\n<li>Angustia emocional<\/li>\n<li>P\u00e9rdida de ingresos<\/li>\n<li>Dolor y sufrimiento<\/li>\n<li>P\u00e9rdida de consorcio<\/li>\n<li>Muerte por negligencia<\/li>\n<\/ul>\n<h3>Punitivos<\/h3>\n<p>Estos da\u00f1os se conceden cuando la conducta del demandado se considera dolosa o gravemente imprudente.<\/p>\n<p><a href=\"https:\/\/floridalawyers360.com\/wp-content\/uploads\/2024\/02\/tampa-truck-accident-lawyer2-copy.webp\"><img decoding=\"async\" class=\"alignnone size-full wp-image-2773\" src=\"https:\/\/floridalawyers360.com\/wp-content\/uploads\/2024\/02\/tampa-truck-accident-lawyer2-copy.webp\" alt=\"Tampa Truck Accident Lawyer\" width=\"500\" height=\"334\" srcset=\"https:\/\/floridalawyers360.com\/wp-content\/uploads\/2024\/02\/tampa-truck-accident-lawyer2-copy.webp 500w, https:\/\/floridalawyers360.com\/wp-content\/uploads\/2024\/02\/tampa-truck-accident-lawyer2-copy-300x200.webp 300w\" sizes=\"(max-width: 500px) 100vw, 500px\" \/><\/a><\/p>\n<h2>\u00bfExiste un plazo para presentar una demanda por accidente de cami\u00f3n?<\/h2>\n<p>A la hora de decidir si presentar una demanda tras un accidente de cami\u00f3n, se recomienda a los afectados que act\u00faen con rapidez, ya que la ley de prescripci\u00f3n de Florida establece plazos estrictos para presentar una demanda por lesiones. En los casos de accidentes de cami\u00f3n, el plazo <a href=\"http:\/\/www.leg.state.fl.us\/Statutes\/index.cfm?App_mode=Display_Statute&amp;URL=0000-0099\/0095\/Sections\/0095.11.html\" target=\"_blank\" rel=\"noopener\">es de cuatro a\u00f1os<\/a> &#8211; a partir de la fecha del accidente.<\/p>\n<p>Cuanto m\u00e1s tiempo espere para presentar su reclamaci\u00f3n, m\u00e1s dif\u00edcil ser\u00e1 perseguir y recuperar la compensaci\u00f3n que se le debe.<\/p>\n<h2>Determinar qui\u00e9n es responsable despu\u00e9s de un accidente de cami\u00f3n<\/h2>\n<p>Aunque cada accidente de cami\u00f3n es \u00fanico, m\u00faltiples partes podr\u00edan ser consideradas responsables del accidente, incluyendo:<\/p>\n<h3>Conductor de Cami\u00f3n<\/h3>\n<p>Los conductores de camiones que violan las normas de seguridad de Florida y causan una colisi\u00f3n pueden ser considerados responsables de las lesiones o p\u00e9rdidas de la v\u00edctima. La negligencia de un conductor de cami\u00f3n puede incluir conducir ebrio, conducir distra\u00eddo, no respetar las normas de seguridad establecidas, etc.<\/p>\n<h3>Empresa de camiones<\/h3>\n<p>Una empresa de transporte que intencionalmente o por negligencia viola las normas de transporte o de seguridad puede ser considerada responsable de los da\u00f1os y perjuicios relacionados con un accidente de cami\u00f3n si estas violaci\u00f3nes contribuyeron al accidente.<\/p>\n<p>La negligencia de una empresa de transporte puede incluir camiones mal mantenidos, permitiendo a los conductores no cualificados para operar los camiones, y alentando a los conductores de camiones a renunciar a dormir.<\/p>\n<p>Otras partes que pueden ser responsables de un accidente de cami\u00f3n:<\/p>\n<ul>\n<li>Veh\u00edculo o fabricante de piezas<\/li>\n<li>Compa\u00f1\u00eda de Carga<\/li>\n<\/ul>\n<h2>Presente su reclamo con un abogado con experiencia en accidentes de camiones en Tampa<\/h2>\n<p>Una demanda por accidente de cami\u00f3n es complicada, especialmente cuando hay m\u00faltiples partes responsables y usted est\u00e1 sufriendo lesiones graves. Es precisamente por eso que usted necesita para asegurarse de que su vida no se convertir\u00e1 al rev\u00e9s.<\/p>\n<p>Le invitamos a llamar a nuestros abogados de accidentes de <a href=\"\/tampa\/car-accident-lawyer\/\">coche en Tampa<\/a> al [tel\u00e9fono] para reservar una revisi\u00f3n gratuita de su caso. Podemos ayudarle.<\/p>\n","protected":false},"excerpt":{"rendered":"<p>En Florida Lawyers 360, nuestros expertos legales experimentados y compasivos tienen muchos a\u00f1os de experiencia combinada en el manejo de asuntos complejos de lesiones personales, incluyendo accidentes de camiones. No es ning\u00fan secreto que un accidente de cami\u00f3n puede causar estragos en la vida de una v\u00edctima, dej\u00e1ndola con lesiones graves, enterrada bajo una monta\u00f1a [&hellip;]<\/p>\n","protected":false},"author":22,"featured_media":0,"parent":6062,"menu_order":0,"comment_status":"closed","ping_status":"closed","template":"","meta":{"_acf_changed":false,"anchor_text":"","footnotes":""},"categories":[],"tags":[],"class_list":["post-6103","page","type-page","status-publish","hentry"],"acf":[],"_links":{"self":[{"href":"https:\/\/floridalawyers360.com\/es\/wp-json\/wp\/v2\/pages\/6103","targetHints":{"allow":["GET"]}}],"collection":[{"href":"https:\/\/floridalawyers360.com\/es\/wp-json\/wp\/v2\/pages"}],"about":[{"href":"https:\/\/floridalawyers360.com\/es\/wp-json\/wp\/v2\/types\/page"}],"author":[{"embeddable":true,"href":"https:\/\/floridalawyers360.com\/es\/wp-json\/wp\/v2\/users\/22"}],"replies":[{"embeddable":true,"href":"https:\/\/floridalawyers360.com\/es\/wp-json\/wp\/v2\/comments?post=6103"}],"version-history":[{"count":3,"href":"https:\/\/floridalawyers360.com\/es\/wp-json\/wp\/v2\/pages\/6103\/revisions"}],"predecessor-version":[{"id":6286,"href":"https:\/\/floridalawyers360.com\/es\/wp-json\/wp\/v2\/pages\/6103\/revisions\/6286"}],"up":[{"embeddable":true,"href":"https:\/\/floridalawyers360.com\/es\/wp-json\/wp\/v2\/pages\/6062"}],"wp:attachment":[{"href":"https:\/\/floridalawyers360.com\/es\/wp-json\/wp\/v2\/media?parent=6103"}],"wp:term":[{"taxonomy":"category","embeddable":true,"href":"https:\/\/floridalawyers360.com\/es\/wp-json\/wp\/v2\/categories?post=6103"},{"taxonomy":"post_tag","embeddable":true,"href":"https:\/\/floridalawyers360.com\/es\/wp-json\/wp\/v2\/tags?post=6103"}],"curies":[{"name":"wp","href":"https:\/\/api.w.org\/{rel}","templated":true}]}}