{"id":6095,"date":"2024-02-08T14:01:29","date_gmt":"2024-02-08T19:01:29","guid":{"rendered":"https:\/\/floridalawyers360.com\/tampa\/tampa-workers-compensation-benefits\/"},"modified":"2024-03-20T01:04:02","modified_gmt":"2024-03-20T06:04:02","slug":"prestaciones-por-accidentes-laborales","status":"publish","type":"page","link":"https:\/\/floridalawyers360.com\/es\/tampa\/prestaciones-por-accidentes-laborales\/","title":{"rendered":"Prestaciones por accidentes laborales"},"content":{"rendered":"<p>Si usted ha sido herido mientras trabajaba en Tampa, Florida, usted tiene derecho a reclamar beneficios de compensaci\u00f3n de trabajadores por sus lesiones del seguro de compensaci\u00f3n de trabajadores. Es fundamental entender c\u00f3mo funciona la p\u00f3liza de seguro cuando usted planea archivar un caso de compensaci\u00f3n de trabajadores.<\/p>\n<p>El seguro de compensaci\u00f3n de trabajadores da varios beneficios a los empleados. Esto incluye salarios perdidos, gastos m\u00e9dicos, beneficios por muerte y beneficios por incapacidad dependiendo del nivel de sus lesiones y si su problema real est\u00e1 cubierto bajo el acuerdo.<\/p>\n<p>En cualquier caso, su empresa y su compa\u00f1\u00eda de seguros pueden intentar retrasar su reclamaci\u00f3n o denegarle la indemnizaci\u00f3n que merece.<\/p>\n<p>Es por eso que usted necesita contratar al mejor abogado de compensaci\u00f3n al trabajador en Tampa, FL para que le ayude con sus beneficios de compensaci\u00f3n al trabajador en Tampa. Florida Lawyers 360 es su socio de confianza para los casos de compensaci\u00f3n de trabajadores.<\/p>\n<p>Nuestros abogados son muy competentes en ganar beneficios para nuestros clientes. Nuestro equipo manejar\u00e1 todos los asuntos legales relacionados con sus beneficios de compensaci\u00f3n laboral mientras usted se recupera de sus lesiones y se recupera.<\/p>\n<p>Ll\u00e1menos hoy al <a href=\"tel:+19544487355\"><i class=\"fa fa-phone-alt\"><\/i>954-448-7355<\/a> para una consulta gratuita.<\/p>\n\t\t<div data-elementor-type=\"section\" data-elementor-id=\"208\" class=\"elementor elementor-208\" data-elementor-post-type=\"elementor_library\">\n\t\t\t\t\t<section class=\"elementor-section elementor-top-section elementor-element elementor-element-485e576a elementor-section-boxed elementor-section-height-default elementor-section-height-default\" data-id=\"485e576a\" data-element_type=\"section\" data-e-type=\"section\">\n\t\t\t\t\t\t<div class=\"elementor-container elementor-column-gap-default\">\n\t\t\t\t\t<div class=\"elementor-column elementor-col-100 elementor-top-column elementor-element elementor-element-635c38c0\" data-id=\"635c38c0\" data-element_type=\"column\" data-e-type=\"column\">\n\t\t\t<div class=\"elementor-widget-wrap elementor-element-populated\">\n\t\t\t\t\t\t<div class=\"elementor-element elementor-element-3ba95c8a elementor-toc--minimized-on-tablet elementor-widget elementor-widget-table-of-contents\" data-id=\"3ba95c8a\" data-element_type=\"widget\" data-e-type=\"widget\" data-settings=\"{&quot;exclude_headings_by_selector&quot;:&quot;.toc-remove&quot;,&quot;headings_by_tags&quot;:[&quot;h2&quot;,&quot;h3&quot;],&quot;marker_view&quot;:&quot;numbers&quot;,&quot;no_headings_message&quot;:&quot;No headings were found on this page.&quot;,&quot;minimize_box&quot;:&quot;yes&quot;,&quot;minimized_on&quot;:&quot;tablet&quot;,&quot;hierarchical_view&quot;:&quot;yes&quot;,&quot;min_height&quot;:{&quot;unit&quot;:&quot;px&quot;,&quot;size&quot;:&quot;&quot;,&quot;sizes&quot;:[]},&quot;min_height_tablet&quot;:{&quot;unit&quot;:&quot;px&quot;,&quot;size&quot;:&quot;&quot;,&quot;sizes&quot;:[]},&quot;min_height_mobile&quot;:{&quot;unit&quot;:&quot;px&quot;,&quot;size&quot;:&quot;&quot;,&quot;sizes&quot;:[]}}\" data-widget_type=\"table-of-contents.default\">\n\t\t\t\t\t\t\t\t\t<div class=\"elementor-toc__header\">\n\t\t\t\t\t\t<div class=\"elementor-toc__header-title\">\n\t\t\t\tTable of Contents\t\t\t<\/div>\n\t\t\t\t\t\t\t\t\t\t<div class=\"elementor-toc__toggle-button elementor-toc__toggle-button--expand\" role=\"button\" tabindex=\"0\" aria-controls=\"elementor-toc__3ba95c8a\" aria-expanded=\"true\" aria-label=\"Open table of contents\"><svg aria-hidden=\"true\" class=\"e-font-icon-svg e-fas-chevron-down\" viewBox=\"0 0 448 512\" xmlns=\"http:\/\/www.w3.org\/2000\/svg\"><path d=\"M207.029 381.476L12.686 187.132c-9.373-9.373-9.373-24.569 0-33.941l22.667-22.667c9.357-9.357 24.522-9.375 33.901-.04L224 284.505l154.745-154.021c9.379-9.335 24.544-9.317 33.901.04l22.667 22.667c9.373 9.373 9.373 24.569 0 33.941L240.971 381.476c-9.373 9.372-24.569 9.372-33.942 0z\"><\/path><\/svg><\/div>\n\t\t\t\t<div class=\"elementor-toc__toggle-button elementor-toc__toggle-button--collapse\" role=\"button\" tabindex=\"0\" aria-controls=\"elementor-toc__3ba95c8a\" aria-expanded=\"true\" aria-label=\"Close table of contents\"><svg aria-hidden=\"true\" class=\"e-font-icon-svg e-fas-chevron-up\" viewBox=\"0 0 448 512\" xmlns=\"http:\/\/www.w3.org\/2000\/svg\"><path d=\"M240.971 130.524l194.343 194.343c9.373 9.373 9.373 24.569 0 33.941l-22.667 22.667c-9.357 9.357-24.522 9.375-33.901.04L224 227.495 69.255 381.516c-9.379 9.335-24.544 9.317-33.901-.04l-22.667-22.667c-9.373-9.373-9.373-24.569 0-33.941L207.03 130.525c9.372-9.373 24.568-9.373 33.941-.001z\"><\/path><\/svg><\/div>\n\t\t\t\t\t<\/div>\n\t\t\t\t<div id=\"elementor-toc__3ba95c8a\" class=\"elementor-toc__body\">\n\t\t\t<div class=\"elementor-toc__spinner-container\">\n\t\t\t\t<svg class=\"elementor-toc__spinner eicon-animation-spin e-font-icon-svg e-eicon-loading\" aria-hidden=\"true\" viewBox=\"0 0 1000 1000\" xmlns=\"http:\/\/www.w3.org\/2000\/svg\"><path d=\"M500 975V858C696 858 858 696 858 500S696 142 500 142 142 304 142 500H25C25 237 238 25 500 25S975 237 975 500 763 975 500 975Z\"><\/path><\/svg>\t\t\t<\/div>\n\t\t<\/div>\n\t\t\t\t\t\t<\/div>\n\t\t\t\t\t<\/div>\n\t\t<\/div>\n\t\t\t\t\t<\/div>\n\t\t<\/section>\n\t\t\t\t<\/div>\n\t\t\n<h2>Prestaciones por incapacidad del seguro de accidentes de trabajo de Florida<\/h2>\n<p>Existen cuatro tipos de prestaciones por incapacidad en el seguro de compensaci\u00f3n de los trabajadores. Dicha prestaci\u00f3n puede depender del alcance de la incapacidad y de su duraci\u00f3n:<\/p>\n<h3>Prestaciones por Incapacidad Total Temporal (TTD)<\/h3>\n<p>La TTD se abonar\u00e1 tras el contratiempo o la infecci\u00f3n durante el ciclo de recuperaci\u00f3n. Si el trabajador lesionado no puede trabajar en ning\u00fan puesto, podr\u00e1 percibir prestaciones por incapacidad total temporal. No percibir\u00e1 prestaciones TTD durante los 7 primeros d\u00edas de baja.<\/p>\n<p>Si la incapacidad se prolonga durante m\u00e1s de 21 d\u00edas, se le abonar\u00e1 tambi\u00e9n el per\u00edodo de espera de siete d\u00edas.<\/p>\n<p>Las prestaciones TTD pueden prolongarse durante 104 semanas con la posibilidad de ampliar el periodo de tiempo en determinadas condiciones. La proporci\u00f3n de la parte TTD en Florida es de 2\/3 del salario semanal del trabajador.<\/p>\n<p>Sus prestaciones TTD terminar\u00e1n antes de las 104 si su m\u00e9dico dice que puede volver a trabajar o si alcanza la m\u00e1xima mejor\u00eda m\u00e9dica (MMI).<\/p>\n<h3>Prestaciones por incapacidad temporal parcial (TPD)<\/h3>\n<p>La TPD se abona cuando el trabajador lesionado se reincorpora al trabajo con algunas restricciones pero a\u00fan no ha alcanzado la mejor\u00eda m\u00e9dica m\u00e1xima. El per\u00edodo de espera de 7 d\u00edas se aplica tambi\u00e9n a la TPD.<\/p>\n<p>Asimismo, el TPD puede prolongarse hasta 104 semanas. El porcentaje de la parte correspondiente a la TPD es el 80 % de la diferencia entre sus ingresos actuales y el 80 % de su salario anterior a la lesi\u00f3n.<\/p>\n<h3>Prestaciones por incapacidad permanente (PPD)<\/h3>\n<p>Su m\u00e9dico evaluar\u00e1 si tiene una incapacidad permanente una vez finalizado el tratamiento (o seis semanas antes de que expiren sus prestaciones por incapacidad total temporal si no ha alcanzado la MMI).<\/p>\n<p>Su grado de incapacidad se utilizar\u00e1 para determinar cu\u00e1nto recibir\u00e1 en concepto de prestaciones por incapacidad permanente y durante cu\u00e1nto tiempo. Si conoce su grado de incapacidad, puede utilizar la calculadora de prestaciones por incapacidad.<\/p>\n<h3>Prestaciones por incapacidad permanente total (PTD)<\/h3>\n<p>Tiene derecho a una PTD si sufre una incapacidad permanente que le impide realizar cualquier trabajo. Las lesiones graves como la p\u00e9rdida de un brazo o una pierna o una lesi\u00f3n cerebral grave se consideran autom\u00e1ticamente causantes de incapacidad permanente.<\/p>\n<p>La cuant\u00eda de las prestaciones por incapacidad permanente es la misma que la de las prestaciones por incapacidad temporal total.<\/p>\n<p><a href=\"https:\/\/floridalawyers360.com\/wp-content\/uploads\/2024\/02\/Workers-comp-benefits-info-2.jpg\"><img fetchpriority=\"high\" decoding=\"async\" class=\"aligncenter size-large wp-image-2709\" src=\"https:\/\/floridalawyers360.com\/wp-content\/uploads\/2024\/02\/Workers-comp-benefits-info-2-791x1024.jpg\" alt=\"Tampa Workers' Compensation Benefits Lawyer\" width=\"791\" height=\"1024\" srcset=\"https:\/\/floridalawyers360.com\/wp-content\/uploads\/2024\/02\/Workers-comp-benefits-info-2-791x1024.jpg 791w, https:\/\/floridalawyers360.com\/wp-content\/uploads\/2024\/02\/Workers-comp-benefits-info-2-232x300.jpg 232w, https:\/\/floridalawyers360.com\/wp-content\/uploads\/2024\/02\/Workers-comp-benefits-info-2-768x994.jpg 768w, https:\/\/floridalawyers360.com\/wp-content\/uploads\/2024\/02\/Workers-comp-benefits-info-2-1187x1536.jpg 1187w, https:\/\/floridalawyers360.com\/wp-content\/uploads\/2024\/02\/Workers-comp-benefits-info-2.jpg 1545w\" sizes=\"(max-width: 791px) 100vw, 791px\" \/><\/a><\/p>\n<h2>Otros Beneficios de Compensaci\u00f3n para Trabajadores de Florida<\/h2>\n<p>La Compensaci\u00f3n de Trabajadores de Florida tambi\u00e9n proporciona los siguientes beneficios:<\/p>\n<h3>Beneficios M\u00e9dicos<\/h3>\n<p>La compensaci\u00f3n de trabajadores paga todo el tratamiento m\u00e9dico de un proveedor m\u00e9dico autorizado por su empleador o compa\u00f1\u00eda de seguros.<\/p>\n<h3>Rehabilitaci\u00f3n Vocacional<\/h3>\n<p>Si no puede volver a su trabajo, puede recibir asesoramiento vocacional, formaci\u00f3n adicional y otro tipo de ayuda para encontrar un nuevo trabajo.<\/p>\n<h3>Prestaciones por defunci\u00f3n<\/h3>\n<p>Cuando alguien fallece debido a una lesi\u00f3n o enfermedad profesional, su c\u00f3nyuge, hijos y otros familiares a su cargo pueden recibir prestaciones por defunci\u00f3n. \u00c9stas no pueden ser superiores a dos tercios del salario medio semanal ni a 150.000 d\u00f3lares en total.<\/p>\n<p>La indemnizaci\u00f3n por accidente de trabajo tambi\u00e9n pagar\u00e1 hasta 7.500 $ por gastos de funeral y entierro.<\/p>\n<p><a href=\"https:\/\/floridalawyers360.com\/wp-content\/uploads\/2024\/02\/tampa-workers-comp-benefits1-copy.webp\"><img decoding=\"async\" class=\"alignnone size-full wp-image-2807\" src=\"https:\/\/floridalawyers360.com\/wp-content\/uploads\/2024\/02\/tampa-workers-comp-benefits1-copy.webp\" alt=\"Workers' Compensation Benefits | Tampa\" width=\"500\" height=\"335\" srcset=\"https:\/\/floridalawyers360.com\/wp-content\/uploads\/2024\/02\/tampa-workers-comp-benefits1-copy.webp 500w, https:\/\/floridalawyers360.com\/wp-content\/uploads\/2024\/02\/tampa-workers-comp-benefits1-copy-300x201.webp 300w\" sizes=\"(max-width: 500px) 100vw, 500px\" \/><\/a><\/p>\n<h2>\u00bfSe gravan las prestaciones de compensaci\u00f3n de los trabajadores de Florida?<\/h2>\n<p>Las porciones de la compensaci\u00f3n de los trabajadores no se gravan en la Florida. Pero si usted vuelve al trabajo en servicio ligero o limitado, sus salarios ser\u00e1n gravados.<\/p>\n<h2>Contacte a Nuestros Abogados de Beneficios de Compensaci\u00f3n al Trabajador en Tampa<\/h2>\n<p>Si usted se lesiona en el trabajo, usted puede presentar una reclamaci\u00f3n bajo el seguro de compensaci\u00f3n de trabajadores. Usted necesita utilizar el mejor abogado legitimo de compensacion al trabajador en Tampa, FL para manejar su caso.<\/p>\n<p>Florida Lawyers 360 en [tel\u00e9fono] para gestionar su caso de beneficios de compensaci\u00f3n de trabajadores de Tampa y obtener la mejor compensaci\u00f3n por sus lesiones.<\/p>\n","protected":false},"excerpt":{"rendered":"<p>Si usted ha sido herido mientras trabajaba en Tampa, Florida, usted tiene derecho a reclamar beneficios de compensaci\u00f3n de trabajadores por sus lesiones del seguro de compensaci\u00f3n de trabajadores. Es fundamental entender c\u00f3mo funciona la p\u00f3liza de seguro cuando usted planea archivar un caso de compensaci\u00f3n de trabajadores. El seguro de compensaci\u00f3n de trabajadores da [&hellip;]<\/p>\n","protected":false},"author":22,"featured_media":0,"parent":6062,"menu_order":0,"comment_status":"closed","ping_status":"closed","template":"","meta":{"_acf_changed":false,"anchor_text":"","footnotes":""},"categories":[],"tags":[],"class_list":["post-6095","page","type-page","status-publish","hentry"],"acf":[],"_links":{"self":[{"href":"https:\/\/floridalawyers360.com\/es\/wp-json\/wp\/v2\/pages\/6095","targetHints":{"allow":["GET"]}}],"collection":[{"href":"https:\/\/floridalawyers360.com\/es\/wp-json\/wp\/v2\/pages"}],"about":[{"href":"https:\/\/floridalawyers360.com\/es\/wp-json\/wp\/v2\/types\/page"}],"author":[{"embeddable":true,"href":"https:\/\/floridalawyers360.com\/es\/wp-json\/wp\/v2\/users\/22"}],"replies":[{"embeddable":true,"href":"https:\/\/floridalawyers360.com\/es\/wp-json\/wp\/v2\/comments?post=6095"}],"version-history":[{"count":2,"href":"https:\/\/floridalawyers360.com\/es\/wp-json\/wp\/v2\/pages\/6095\/revisions"}],"predecessor-version":[{"id":6097,"href":"https:\/\/floridalawyers360.com\/es\/wp-json\/wp\/v2\/pages\/6095\/revisions\/6097"}],"up":[{"embeddable":true,"href":"https:\/\/floridalawyers360.com\/es\/wp-json\/wp\/v2\/pages\/6062"}],"wp:attachment":[{"href":"https:\/\/floridalawyers360.com\/es\/wp-json\/wp\/v2\/media?parent=6095"}],"wp:term":[{"taxonomy":"category","embeddable":true,"href":"https:\/\/floridalawyers360.com\/es\/wp-json\/wp\/v2\/categories?post=6095"},{"taxonomy":"post_tag","embeddable":true,"href":"https:\/\/floridalawyers360.com\/es\/wp-json\/wp\/v2\/tags?post=6095"}],"curies":[{"name":"wp","href":"https:\/\/api.w.org\/{rel}","templated":true}]}}