{"id":6092,"date":"2020-12-10T19:01:28","date_gmt":"2020-12-11T00:01:28","guid":{"rendered":"https:\/\/floridalawyers360.com\/tampa\/tampa-personal-injury-lawyer\/"},"modified":"2024-03-21T01:09:37","modified_gmt":"2024-03-21T06:09:37","slug":"abogado-de-lesiones-personales","status":"publish","type":"page","link":"https:\/\/floridalawyers360.com\/es\/tampa\/abogado-de-lesiones-personales\/","title":{"rendered":"Da\u00f1os corporales"},"content":{"rendered":"<p>La gente se lesiona en Tampa, Florida casi a diario debido a circunstancias que no son su culpa.<\/p>\n<p>Aunque no todas las lesiones pueden dar lugar a demandas por lesiones personales, un abogado con experiencia en lesiones personales en Tampa evaluar\u00e1 su caso y le aconsejar\u00e1 si puede presentar una demanda contra la persona o entidad responsable de sus da\u00f1os.<\/p>\n<p>Por ejemplo, cuando usted est\u00e1 involucrado en un accidente de coche que result\u00f3 en lesiones graves, usted tiene derecho a reclamar una indemnizaci\u00f3n al conductor culpable por sus lesiones.<\/p>\n<p>Demostrar la negligencia de la parte culpable es bastante complejo en Florida porque Florida es un estado de pura negligencia comparativa. Incluso una parte que tiene el 90% de la culpa de un accidente puede presentar una demanda para reclamar da\u00f1os y perjuicios a la otra parte en Florida.<\/p>\n<p>Ellos recibir\u00e1n s\u00f3lo el 10% de la indemnizaci\u00f3n si pueden demostrar la participaci\u00f3n de la otra parte en el accidente.<\/p>\n<p>Es por eso que usted necesita trabajar con un abogado altamente especializado en lesiones personales en Tampa cuando se lesiona debido a la culpa de otra persona.<\/p>\n<p>Florida Lawyers 360 es su socio de confianza en la preparaci\u00f3n y presentaci\u00f3n de su demanda por lesiones personales en Tampa, Florida. Nuestro equipo de abogados altamente calificados y experimentados trata su caso como si fuera el m\u00e1s importante del mundo.<\/p>\n<p>Estamos preparados para caminar esa milla extra para satisfacer sus necesidades y obtener la m\u00e1xima compensaci\u00f3n por sus lesiones. Nuestra selecci\u00f3n de abogados de lesiones personales, gestores de casos, y los profesionales aportan un gran conjunto de habilidades a nuestros clientes en Tampa FL.<\/p>\n<p>Estamos comprometidos a proporcionar una atenci\u00f3n personalizada, resultados sobresalientes, y la integridad sin concesiones en todo momento. Siempre escuchamos las necesidades de nuestros clientes cuando manejamos sus demandas por lesiones personales.<\/p>\n<p>Es por eso que siempre debe confiar en Florida Lawyers 360 para todas sus demandas por lesiones personales en Florida. Llame hoy mismo a nuestro bufete de abogados de lesiones en Tampa al <a href=\"tel:+19544487355\"><i class=\"fa fa-phone-alt\"><\/i>954-448-7355<\/a> para construir una s\u00f3lida demanda por lesiones personales y obtener la m\u00e1xima compensaci\u00f3n por sus lesiones.<\/p>\n\t\t<div data-elementor-type=\"section\" data-elementor-id=\"208\" class=\"elementor elementor-208\" data-elementor-post-type=\"elementor_library\">\n\t\t\t\t\t<section class=\"elementor-section elementor-top-section elementor-element elementor-element-485e576a elementor-section-boxed elementor-section-height-default elementor-section-height-default\" data-id=\"485e576a\" data-element_type=\"section\" data-e-type=\"section\">\n\t\t\t\t\t\t<div class=\"elementor-container elementor-column-gap-default\">\n\t\t\t\t\t<div class=\"elementor-column elementor-col-100 elementor-top-column elementor-element elementor-element-635c38c0\" data-id=\"635c38c0\" data-element_type=\"column\" data-e-type=\"column\">\n\t\t\t<div class=\"elementor-widget-wrap elementor-element-populated\">\n\t\t\t\t\t\t<div class=\"elementor-element elementor-element-3ba95c8a elementor-toc--minimized-on-tablet elementor-widget elementor-widget-table-of-contents\" data-id=\"3ba95c8a\" data-element_type=\"widget\" data-e-type=\"widget\" data-settings=\"{&quot;exclude_headings_by_selector&quot;:&quot;.toc-remove&quot;,&quot;headings_by_tags&quot;:[&quot;h2&quot;,&quot;h3&quot;],&quot;marker_view&quot;:&quot;numbers&quot;,&quot;no_headings_message&quot;:&quot;No headings were found on this page.&quot;,&quot;minimize_box&quot;:&quot;yes&quot;,&quot;minimized_on&quot;:&quot;tablet&quot;,&quot;hierarchical_view&quot;:&quot;yes&quot;,&quot;min_height&quot;:{&quot;unit&quot;:&quot;px&quot;,&quot;size&quot;:&quot;&quot;,&quot;sizes&quot;:[]},&quot;min_height_tablet&quot;:{&quot;unit&quot;:&quot;px&quot;,&quot;size&quot;:&quot;&quot;,&quot;sizes&quot;:[]},&quot;min_height_mobile&quot;:{&quot;unit&quot;:&quot;px&quot;,&quot;size&quot;:&quot;&quot;,&quot;sizes&quot;:[]}}\" data-widget_type=\"table-of-contents.default\">\n\t\t\t\t\t\t\t\t\t<div class=\"elementor-toc__header\">\n\t\t\t\t\t\t<div class=\"elementor-toc__header-title\">\n\t\t\t\tTable of Contents\t\t\t<\/div>\n\t\t\t\t\t\t\t\t\t\t<div class=\"elementor-toc__toggle-button elementor-toc__toggle-button--expand\" role=\"button\" tabindex=\"0\" aria-controls=\"elementor-toc__3ba95c8a\" aria-expanded=\"true\" aria-label=\"Open table of contents\"><svg aria-hidden=\"true\" class=\"e-font-icon-svg e-fas-chevron-down\" viewBox=\"0 0 448 512\" xmlns=\"http:\/\/www.w3.org\/2000\/svg\"><path d=\"M207.029 381.476L12.686 187.132c-9.373-9.373-9.373-24.569 0-33.941l22.667-22.667c9.357-9.357 24.522-9.375 33.901-.04L224 284.505l154.745-154.021c9.379-9.335 24.544-9.317 33.901.04l22.667 22.667c9.373 9.373 9.373 24.569 0 33.941L240.971 381.476c-9.373 9.372-24.569 9.372-33.942 0z\"><\/path><\/svg><\/div>\n\t\t\t\t<div class=\"elementor-toc__toggle-button elementor-toc__toggle-button--collapse\" role=\"button\" tabindex=\"0\" aria-controls=\"elementor-toc__3ba95c8a\" aria-expanded=\"true\" aria-label=\"Close table of contents\"><svg aria-hidden=\"true\" class=\"e-font-icon-svg e-fas-chevron-up\" viewBox=\"0 0 448 512\" xmlns=\"http:\/\/www.w3.org\/2000\/svg\"><path d=\"M240.971 130.524l194.343 194.343c9.373 9.373 9.373 24.569 0 33.941l-22.667 22.667c-9.357 9.357-24.522 9.375-33.901.04L224 227.495 69.255 381.516c-9.379 9.335-24.544 9.317-33.901-.04l-22.667-22.667c-9.373-9.373-9.373-24.569 0-33.941L207.03 130.525c9.372-9.373 24.568-9.373 33.941-.001z\"><\/path><\/svg><\/div>\n\t\t\t\t\t<\/div>\n\t\t\t\t<div id=\"elementor-toc__3ba95c8a\" class=\"elementor-toc__body\">\n\t\t\t<div class=\"elementor-toc__spinner-container\">\n\t\t\t\t<svg class=\"elementor-toc__spinner eicon-animation-spin e-font-icon-svg e-eicon-loading\" aria-hidden=\"true\" viewBox=\"0 0 1000 1000\" xmlns=\"http:\/\/www.w3.org\/2000\/svg\"><path d=\"M500 975V858C696 858 858 696 858 500S696 142 500 142 142 304 142 500H25C25 237 238 25 500 25S975 237 975 500 763 975 500 975Z\"><\/path><\/svg>\t\t\t<\/div>\n\t\t<\/div>\n\t\t\t\t\t\t<\/div>\n\t\t\t\t\t<\/div>\n\t\t<\/div>\n\t\t\t\t\t<\/div>\n\t\t<\/section>\n\t\t\t\t<\/div>\n\t\t\n<h2>Qu\u00e9 debo hacer despu\u00e9s de sufrir una lesi\u00f3n?<\/h2>\n<p>Aproximadamente 213,913 personas sufrieron lesiones como resultado de accidentes automovil\u00edsticos en Florida en 2015. Florida es un estado con una alta tasa de lesiones en comparaci\u00f3n con la mayor\u00eda de los otros estados del pa\u00eds, debido a accidentes automovil\u00edsticos y otras numerosas causas.<\/p>\n<p>Las v\u00edctimas de accidentes entran en p\u00e1nico poco despu\u00e9s de un accidente y pueden no saber qu\u00e9 hacer inmediatamente.<\/p>\n<p>Se espera un subid\u00f3n de adrenalina poco despu\u00e9s de un accidente y la gente se vuelve m\u00e1s confusa como resultado. Pero hay muchos pasos importantes a seguir poco despu\u00e9s de sufrir una lesi\u00f3n en Tampa, FL:<\/p>\n<ul>\n<li>Lo primero es <strong>buscar asistencia m\u00e9dica aunque <\/strong>aunque el accidente no le haya causado lesiones graves. Debe conservar todos los historiales m\u00e9dicos para que le ayuden a presentar su caso.<\/li>\n<li><strong>Informe de la lesi\u00f3n. <\/strong>Puede ser al encargado de la tienda, a la polic\u00eda, al supervisor del trabajo o a cualquier otra persona pertinente. Este es un paso fundamental que debe darse inmediatamente despu\u00e9s de que se produzca la lesi\u00f3n. Consigue una copia del informe del accidente porque es importante a la hora de demostrar la negligencia de la otra parte.<\/li>\n<li><strong>Haz fotos o v\u00eddeos <\/strong>del lugar del accidente si est\u00e1s en condiciones de hacerlo. Te ayudar\u00e1 a la hora de presentar una demanda por lesiones personales.<\/li>\n<li><strong>Consigue los datos de contacto <\/strong>de los testigos del accidente.<\/li>\n<li><strong>No admita la culpa <\/strong>del accidente sin consultar con un abogado de lesiones personales altamente cualificado y con experiencia en Florida Lawyers 360.<\/li>\n<li><strong>Llame a un abogado profesional en lesiones personales <\/strong>en Florida Lawyers 360 para manejar su caso y obtener la m\u00e1xima compensaci\u00f3n por sus lesiones.<\/li>\n<\/ul>\n<p>&nbsp;<\/p>\n<p><a href=\"https:\/\/floridalawyers360.com\/wp-content\/uploads\/2024\/02\/tampa-personal-injury-lawyer2-copy.webp\"><img fetchpriority=\"high\" decoding=\"async\" class=\"alignnone size-full wp-image-2779\" src=\"https:\/\/floridalawyers360.com\/wp-content\/uploads\/2024\/02\/tampa-personal-injury-lawyer2-copy.webp\" alt=\"Tampa personal Injury Lawyer\" width=\"500\" height=\"334\" srcset=\"https:\/\/floridalawyers360.com\/wp-content\/uploads\/2024\/02\/tampa-personal-injury-lawyer2-copy.webp 500w, https:\/\/floridalawyers360.com\/wp-content\/uploads\/2024\/02\/tampa-personal-injury-lawyer2-copy-300x200.webp 300w\" sizes=\"(max-width: 500px) 100vw, 500px\" \/><\/a><\/p>\n<h2>\u00bfPor qu\u00e9 necesito un abogado para una demanda por lesiones?<\/h2>\n<p>Un abogado con experiencia en lesiones personales puede ayudarle a construir un caso s\u00f3lido y obtener la m\u00e1xima compensaci\u00f3n por sus da\u00f1os. Probar la negligencia de la parte culpable es bastante complejo en un estado como Florida porque practica la negligencia comparativa pura.<\/p>\n<p>Un abogado de lesiones personales de confianza en Florida Lawyers 360 le ayudar\u00e1 a probar la negligencia y obtener la m\u00e1xima cantidad de compensaci\u00f3n por sus lesiones. A continuaci\u00f3n le explicamos por qu\u00e9 necesita que un abogado se encargue de su caso:<\/p>\n<p>El abogado preparar\u00e1 todos los documentos, entrevistar\u00e1 a testigos y peritos, y construir\u00e1 un caso s\u00f3lido en su nombre.<\/p>\n<p>Negociar\u00e1 con la compa\u00f1\u00eda de seguros de la parte responsable para obtener la m\u00e1xima indemnizaci\u00f3n por sus lesiones. Nuestros abogados tienen una amplia experiencia en la negociaci\u00f3n con los proveedores de seguros en nombre de sus clientes. Hemos ganado millones de d\u00f3lares en nombre de nuestros clientes de esa manera.<\/p>\n<p>Si la compa\u00f1\u00eda de seguros no est\u00e1 dispuesta a ofrecer la m\u00e1xima indemnizaci\u00f3n por sus lesiones, nuestro equipo llevar\u00e1 el caso a juicio para conseguirle la indemnizaci\u00f3n que justamente se merece.<\/p>\n<h2>\u00bfQu\u00e9 tipo de da\u00f1os puedo reclamar?<\/h2>\n<p>La ley de Florida le permite reclamar tres tipos de da\u00f1os por sus lesiones, tales como da\u00f1os econ\u00f3micos, no econ\u00f3micos y punitivos. Los da\u00f1os econ\u00f3micos son f\u00e1ciles de asignar un valor monetario e incluyen facturas m\u00e9dicas, p\u00e9rdida de ingresos, gastos m\u00e9dicos futuros y p\u00e9rdida de calidad de vida como resultado del accidente.<\/p>\n<p>Los da\u00f1os no econ\u00f3micos son un poco dif\u00edciles de calcular e incluyen la angustia emocional, el dolor, el sufrimiento y la p\u00e9rdida de compa\u00f1\u00eda. Por otra parte, los da\u00f1os punitivos tienen por objeto disuadir a otros conductores de comportarse de forma imprudente y castigar al conductor responsable por su conducta irresponsable.<\/p>\n<h2>\u00bfC\u00f3mo se determina la responsabilidad?<\/h2>\n<p>Florida practica la negligencia comparativa pura en la que cada parte del accidente puede reclamar una indemnizaci\u00f3n en funci\u00f3n de su implicaci\u00f3n en el accidente. Si se determina que usted es responsable del 30% del accidente, recibir\u00e1 s\u00f3lo el 70% del importe total de la indemnizaci\u00f3n.<\/p>\n<p>Hay cuatro elementos importantes que hay que probar para recibir indemnizaci\u00f3n por sus lesiones.<\/p>\n<ol>\n<li>El demandado ten\u00eda un deber de diligencia hacia el demandante<\/li>\n<li>El demandado incumpli\u00f3 su deber de diligencia<\/li>\n<li>El accidente se produjo como consecuencia de ese incumplimiento<\/li>\n<li>Usted sufri\u00f3 lesiones como consecuencia del accidente y no por otra causa<\/li>\n<\/ol>\n<p>&nbsp;<\/p>\n<p><a href=\"https:\/\/floridalawyers360.com\/wp-content\/uploads\/2024\/02\/tampa-personal-injury-lawyer1-copy.webp\"><img decoding=\"async\" class=\"alignnone size-full wp-image-2780\" src=\"https:\/\/floridalawyers360.com\/wp-content\/uploads\/2024\/02\/tampa-personal-injury-lawyer1-copy.webp\" alt=\"Personal Injury Lawyer\" width=\"500\" height=\"333\" srcset=\"https:\/\/floridalawyers360.com\/wp-content\/uploads\/2024\/02\/tampa-personal-injury-lawyer1-copy.webp 500w, https:\/\/floridalawyers360.com\/wp-content\/uploads\/2024\/02\/tampa-personal-injury-lawyer1-copy-300x200.webp 300w\" sizes=\"(max-width: 500px) 100vw, 500px\" \/><\/a><\/p>\n<h2>\u00bfCu\u00e1nto tiempo tengo para presentar una demanda por lesiones personales en Florida?<\/h2>\n<p>El estatuto de limitaciones de Florida entra en vigor despu\u00e9s de cuatro a\u00f1os del accidente. Si usted ha sufrido una lesi\u00f3n en Tampa FL, necesita presentar la demanda dentro de los cuatro a\u00f1os siguientes a la fecha del accidente. Si no, usted no podr\u00e1 archivar el caso debido al estatuto de limitaciones.<\/p>\n<h2>\u00bfCu\u00e1nto cuesta un abogado de lesiones personales en Tampa?<\/h2>\n<p>Usted no tiene que pagar nada para contratar a un abogado de lesiones personales de Tampa para manejar su caso. De hecho, nuestros abogados de lesiones personales trabajan en base a honorarios de contingencia donde usted paga nuestro dinero s\u00f3lo despu\u00e9s de que ganemos su caso.<\/p>\n<p>No-ganar-no-pagar. Usted paga un porcentaje acordado de la cantidad de compensaci\u00f3n una vez que nuestros abogados ganan el caso para usted.<\/p>\n<h2>Tipos de casos de lesiones personales que manejamos en Florida Lawyers 360<\/h2>\n<p>Nuestro equipo de abogados con experiencia en lesiones personales maneja una amplia gama de casos de lesiones personales, incluyendo:<\/p>\n<ul>\n<li>Accidentes de tr\u00e1fico<\/li>\n<li>Accidentes de moto<\/li>\n<li>Accidentes de cami\u00f3n<\/li>\n<li>Accidentes de peatones<\/li>\n<li>Accidentes de bicicleta<\/li>\n<li>Accidentes laborales<\/li>\n<li>Muerte por negligencia<\/li>\n<li>Mordeduras de perro<\/li>\n<li>Accidentes de Uber<\/li>\n<\/ul>\n<h2>Programe una consulta gratuita con un abogado de lesiones personales de Tampa<\/h2>\n<p>Cuando usted resulta lesionado en un accidente en Tampa FL por culpa de la otra parte, tiene derecho a reclamar una indemnizaci\u00f3n a la parte responsable. Lo m\u00e1s importante es contratar a un abogado con experiencia en lesiones personales para preparar y presentar su demanda.<\/p>\n<p>Florida Lawyers 360 es su socio de confianza en Tampa FL cuando se trata de manejar casos de lesiones personales. Llame hoy mismo a Florida Lawyers 360 al <a href=\"tel:+19544487355\"><i class=\"fa fa-phone-alt\"><\/i>954-448-7355<\/a> para preparar una s\u00f3lida demanda por lesiones personales y obtener la m\u00e1xima indemnizaci\u00f3n por sus lesiones.<\/p>\n","protected":false},"excerpt":{"rendered":"<p>La gente se lesiona en Tampa, Florida casi a diario debido a circunstancias que no son su culpa. Aunque no todas las lesiones pueden dar lugar a demandas por lesiones personales, un abogado con experiencia en lesiones personales en Tampa evaluar\u00e1 su caso y le aconsejar\u00e1 si puede presentar una demanda contra la persona o [&hellip;]<\/p>\n","protected":false},"author":22,"featured_media":0,"parent":6062,"menu_order":0,"comment_status":"closed","ping_status":"closed","template":"","meta":{"_acf_changed":false,"anchor_text":"","footnotes":""},"categories":[],"tags":[],"class_list":["post-6092","page","type-page","status-publish","hentry"],"acf":[],"_links":{"self":[{"href":"https:\/\/floridalawyers360.com\/es\/wp-json\/wp\/v2\/pages\/6092","targetHints":{"allow":["GET"]}}],"collection":[{"href":"https:\/\/floridalawyers360.com\/es\/wp-json\/wp\/v2\/pages"}],"about":[{"href":"https:\/\/floridalawyers360.com\/es\/wp-json\/wp\/v2\/types\/page"}],"author":[{"embeddable":true,"href":"https:\/\/floridalawyers360.com\/es\/wp-json\/wp\/v2\/users\/22"}],"replies":[{"embeddable":true,"href":"https:\/\/floridalawyers360.com\/es\/wp-json\/wp\/v2\/comments?post=6092"}],"version-history":[{"count":3,"href":"https:\/\/floridalawyers360.com\/es\/wp-json\/wp\/v2\/pages\/6092\/revisions"}],"predecessor-version":[{"id":6266,"href":"https:\/\/floridalawyers360.com\/es\/wp-json\/wp\/v2\/pages\/6092\/revisions\/6266"}],"up":[{"embeddable":true,"href":"https:\/\/floridalawyers360.com\/es\/wp-json\/wp\/v2\/pages\/6062"}],"wp:attachment":[{"href":"https:\/\/floridalawyers360.com\/es\/wp-json\/wp\/v2\/media?parent=6092"}],"wp:term":[{"taxonomy":"category","embeddable":true,"href":"https:\/\/floridalawyers360.com\/es\/wp-json\/wp\/v2\/categories?post=6092"},{"taxonomy":"post_tag","embeddable":true,"href":"https:\/\/floridalawyers360.com\/es\/wp-json\/wp\/v2\/tags?post=6092"}],"curies":[{"name":"wp","href":"https:\/\/api.w.org\/{rel}","templated":true}]}}