{"id":6089,"date":"2020-12-10T19:00:23","date_gmt":"2020-12-11T00:00:23","guid":{"rendered":"https:\/\/floridalawyers360.com\/tampa\/tampa-pedestrian-accident-lawyer\/"},"modified":"2024-03-21T01:26:32","modified_gmt":"2024-03-21T06:26:32","slug":"abogado-de-accidentes-de-peatones","status":"publish","type":"page","link":"https:\/\/floridalawyers360.com\/es\/tampa\/abogado-de-accidentes-de-peatones\/","title":{"rendered":"Accidentes de peatones"},"content":{"rendered":"<p>Con una tasa de lesiones\/fatalidad de m\u00e1s del 80%, los accidentes de peatones son algunos de los accidentes m\u00e1s graves en el estado de Florida. La National Highway Traffic Safety Administration clasifica a Florida como el tercer estado m\u00e1s peligroso para los peatones.<\/p>\n<p>La probabilidad de ser herido o muerto por un conductor negligente mientras va a pie es particularmente alta en Florida en comparaci\u00f3n con la mayor\u00eda de los otros estados.<\/p>\n<p>De media, 500 peatones mueren y 7.000 resultan heridos como consecuencia de accidentes peatonales en Florida cada a\u00f1o. Dada la falta de protecci\u00f3n f\u00edsica, los peatones son t\u00edpicamente los m\u00e1s afectados en estos accidentes.<\/p>\n<p>Si usted ha sufrido lesiones graves como resultado de un conductor descuidado, usted puede tener derecho a una compensaci\u00f3n financiera por sus lesiones y da\u00f1os.<\/p>\n<p>Nuestro compasivo y h\u00e1bil abogado de accidentes de peatones en Tampa en Florida Lawyers 360 est\u00e1n comprometidos a ayudar a los peatones lesionados a obtener la justicia que se merecen. Tambi\u00e9n podemos ayudarle a usted.<\/p>\n<p>Tratar de hacer frente a sus lesiones y su nueva situaci\u00f3n puede ser muy dif\u00edcil. Usted necesita todo el apoyo financiero que pueda conseguir, y nosotros podemos hacer que eso suceda. Llame a nuestros abogados de lesiones personales al <a href=\"tel:+19544487355\"><i class=\"fa fa-phone-alt\"><\/i>954-448-7355<\/a> para programar su consulta gratuita.<\/p>\n\t\t<div data-elementor-type=\"section\" data-elementor-id=\"208\" class=\"elementor elementor-208\" data-elementor-post-type=\"elementor_library\">\n\t\t\t\t\t<section class=\"elementor-section elementor-top-section elementor-element elementor-element-485e576a elementor-section-boxed elementor-section-height-default elementor-section-height-default\" data-id=\"485e576a\" data-element_type=\"section\" data-e-type=\"section\">\n\t\t\t\t\t\t<div class=\"elementor-container elementor-column-gap-default\">\n\t\t\t\t\t<div class=\"elementor-column elementor-col-100 elementor-top-column elementor-element elementor-element-635c38c0\" data-id=\"635c38c0\" data-element_type=\"column\" data-e-type=\"column\">\n\t\t\t<div class=\"elementor-widget-wrap elementor-element-populated\">\n\t\t\t\t\t\t<div class=\"elementor-element elementor-element-3ba95c8a elementor-toc--minimized-on-tablet elementor-widget elementor-widget-table-of-contents\" data-id=\"3ba95c8a\" data-element_type=\"widget\" data-e-type=\"widget\" data-settings=\"{&quot;exclude_headings_by_selector&quot;:&quot;.toc-remove&quot;,&quot;headings_by_tags&quot;:[&quot;h2&quot;,&quot;h3&quot;],&quot;marker_view&quot;:&quot;numbers&quot;,&quot;no_headings_message&quot;:&quot;No se ha encontrado ning\\u00fan encabezado en esta p\\u00e1gina.&quot;,&quot;minimize_box&quot;:&quot;yes&quot;,&quot;minimized_on&quot;:&quot;tablet&quot;,&quot;hierarchical_view&quot;:&quot;yes&quot;,&quot;min_height&quot;:{&quot;unit&quot;:&quot;px&quot;,&quot;size&quot;:&quot;&quot;,&quot;sizes&quot;:[]},&quot;min_height_tablet&quot;:{&quot;unit&quot;:&quot;px&quot;,&quot;size&quot;:&quot;&quot;,&quot;sizes&quot;:[]},&quot;min_height_mobile&quot;:{&quot;unit&quot;:&quot;px&quot;,&quot;size&quot;:&quot;&quot;,&quot;sizes&quot;:[]}}\" data-widget_type=\"table-of-contents.default\">\n\t\t\t\t\t\t\t\t\t<div class=\"elementor-toc__header\">\n\t\t\t\t\t\t<div class=\"elementor-toc__header-title\">\n\t\t\t\tTable of Contents\t\t\t<\/div>\n\t\t\t\t\t\t\t\t\t\t<div class=\"elementor-toc__toggle-button elementor-toc__toggle-button--expand\" role=\"button\" tabindex=\"0\" aria-controls=\"elementor-toc__3ba95c8a\" aria-expanded=\"true\" aria-label=\"Abrir la tabla de contenidos\"><svg aria-hidden=\"true\" class=\"e-font-icon-svg e-fas-chevron-down\" viewBox=\"0 0 448 512\" xmlns=\"http:\/\/www.w3.org\/2000\/svg\"><path d=\"M207.029 381.476L12.686 187.132c-9.373-9.373-9.373-24.569 0-33.941l22.667-22.667c9.357-9.357 24.522-9.375 33.901-.04L224 284.505l154.745-154.021c9.379-9.335 24.544-9.317 33.901.04l22.667 22.667c9.373 9.373 9.373 24.569 0 33.941L240.971 381.476c-9.373 9.372-24.569 9.372-33.942 0z\"><\/path><\/svg><\/div>\n\t\t\t\t<div class=\"elementor-toc__toggle-button elementor-toc__toggle-button--collapse\" role=\"button\" tabindex=\"0\" aria-controls=\"elementor-toc__3ba95c8a\" aria-expanded=\"true\" aria-label=\"Cerrar la tabla de contenidos\"><svg aria-hidden=\"true\" class=\"e-font-icon-svg e-fas-chevron-up\" viewBox=\"0 0 448 512\" xmlns=\"http:\/\/www.w3.org\/2000\/svg\"><path d=\"M240.971 130.524l194.343 194.343c9.373 9.373 9.373 24.569 0 33.941l-22.667 22.667c-9.357 9.357-24.522 9.375-33.901.04L224 227.495 69.255 381.516c-9.379 9.335-24.544 9.317-33.901-.04l-22.667-22.667c-9.373-9.373-9.373-24.569 0-33.941L207.03 130.525c9.372-9.373 24.568-9.373 33.941-.001z\"><\/path><\/svg><\/div>\n\t\t\t\t\t<\/div>\n\t\t\t\t<div id=\"elementor-toc__3ba95c8a\" class=\"elementor-toc__body\">\n\t\t\t<div class=\"elementor-toc__spinner-container\">\n\t\t\t\t<svg class=\"elementor-toc__spinner eicon-animation-spin e-font-icon-svg e-eicon-loading\" aria-hidden=\"true\" viewBox=\"0 0 1000 1000\" xmlns=\"http:\/\/www.w3.org\/2000\/svg\"><path d=\"M500 975V858C696 858 858 696 858 500S696 142 500 142 142 304 142 500H25C25 237 238 25 500 25S975 237 975 500 763 975 500 975Z\"><\/path><\/svg>\t\t\t<\/div>\n\t\t<\/div>\n\t\t\t\t\t\t<\/div>\n\t\t\t\t\t<\/div>\n\t\t<\/div>\n\t\t\t\t\t<\/div>\n\t\t<\/section>\n\t\t\t\t<\/div>\n\t\t\n<h2>\u00bfQu\u00e9 debo hacer tras un accidente de peat\u00f3n?<\/h2>\n<p>Saber qu\u00e9 hacer despu\u00e9s de sufrir un accidente de peat\u00f3n es muy importante. Usted necesita asegurarse de que sus derechos y su bienestar sean salvaguardados. Aqu\u00ed hay algunos pasos importantes a seguir despu\u00e9s de un accidente peatonal en Tampa, Florida.<\/p>\n<h3>\u00a1Busque Atencion Medica Inmediatamente!<\/h3>\n<p>Es su responsabilidad asegurarse de recibir la atenci\u00f3n m\u00e9dica necesaria. Haga que alguien llame a los servicios de emergencia o pida que lo lleven al hospital m\u00e1s cercano. No buscar atenci\u00f3n m\u00e9dica puede debilitar su reclamo y tener un efecto a largo plazo en su salud.<\/p>\n<p><a href=\"https:\/\/floridalawyers360.com\/wp-content\/uploads\/2024\/02\/tampa-pedestrian-accident-lawyer-copy.webp\"><img fetchpriority=\"high\" decoding=\"async\" class=\"alignnone size-full wp-image-2770\" src=\"https:\/\/floridalawyers360.com\/wp-content\/uploads\/2024\/02\/tampa-pedestrian-accident-lawyer-copy.webp\" alt=\"Tampa Pedestrian Accident Lawyer\" width=\"500\" height=\"334\" srcset=\"https:\/\/floridalawyers360.com\/wp-content\/uploads\/2024\/02\/tampa-pedestrian-accident-lawyer-copy.webp 500w, https:\/\/floridalawyers360.com\/wp-content\/uploads\/2024\/02\/tampa-pedestrian-accident-lawyer-copy-300x200.webp 300w\" sizes=\"(max-width: 500px) 100vw, 500px\" \/><\/a><\/p>\n<h3>Contactar con la polic\u00eda<\/h3>\n<p>Es importante llamar a la polic\u00eda siempre que te veas implicado en cualquier tipo de accidente. Necesitar\u00e1s que presenten un parte oficial de accidente. Esto ser\u00e1 muy importante para su reclamaci\u00f3n.<\/p>\n<h3>Tome notas<\/h3>\n<p>Es importante que anote todos los detalles importantes del accidente si puede hacerlo. Esto le ayudar\u00e1 a conservar las pruebas y a recordar informaci\u00f3n crucial m\u00e1s adelante.<\/p>\n<p>Anote detalles como la fecha y hora del accidente, las condiciones meteorol\u00f3gicas, cualquier olor a drogas como alcohol o marihuana, la informaci\u00f3n de contacto de los testigos, etc.<\/p>\n<h3>Intercambia informaci\u00f3n<\/h3>\n<p>Recoge el nombre, los datos de contacto y la matr\u00edcula del conductor. Hazlo aunque no te sientas herido, ya que podr\u00edas necesitar esta informaci\u00f3n m\u00e1s adelante.<\/p>\n<h3>Registre el lugar del accidente<\/h3>\n<p>Documentar el lugar del accidente ser\u00e1 importante para probar su caso. Conserve las pruebas mientras est\u00e9n frescas. Tome fotos y v\u00eddeos del lugar, capturando sus lesiones, as\u00ed como cualquier cosa que potencialmente podr\u00eda ser utilizada como prueba.<\/p>\n<h3>Documente sus lesiones<\/h3>\n<p>Haga fotos de todas las lesiones visibles.<\/p>\n<h3>No hable de la culpa en el lugar del accidente<\/h3>\n<p>Aunque tendr\u00e1 que hablar con el conductor, no discuta ni hable de la culpa con \u00e9l. Adem\u00e1s, usted no debe tratar de disculparse ya que esto puede perjudicar su caso m\u00e1s adelante.<\/p>\n<h3>P\u00f3ngase en contacto con un abogado<\/h3>\n<p>Tener un abogado de su lado ser\u00e1 muy importante cuando se trata de una demanda por accidente peatonal. Un abogado no s\u00f3lo le ayudar\u00e1 a determinar si usted tiene un caso v\u00e1lido, pero \u00e9l \/ ella le ayudar\u00e1 durante todo el proceso y asegurarse de que est\u00e1 plenamente compensado por sus da\u00f1os.<\/p>\n<h2>\u00bfC\u00f3mo se determina la culpa de un accidente de peatones en Florida?<\/h2>\n<p>Determinar la culpa de un accidente de peatones depende de los detalles \u00fanicos del caso. La culpa se rige por la ley de negligencia. Tanto el conductor como el peat\u00f3n est\u00e1n obligados a ejercer un nivel razonable de cuidado cuando se encuentran en una situaci\u00f3n particular.<\/p>\n<p>Ambos deben obedecer las normas de circulaci\u00f3n en todo momento, y cuando se descubre que uno de ellos ha incumplido ciertas normas y ha provocado un accidente, puede ser considerado responsable del mismo.<\/p>\n<p>Para determinar esto ser\u00e1 necesario revisar los informes policiales, las declaraciones de los testigos expertos y otras pruebas importantes.<\/p>\n<h2>\u00bfC\u00f3mo se establece la responsabilidad o culpa en los accidentes de peatones en Florida?<\/h2>\n<p>Para probar que el conductor es responsable del accidente, el demandante tendr\u00e1 que probar los siguientes elementos de negligencia:<\/p>\n<ul>\n<li><strong>Deber de cuidado<\/strong>: El conductor deb\u00eda al peat\u00f3n el deber de cuidado de conducir con seguridad.<\/li>\n<li><strong>Incumplimiento del deber<\/strong>: El conductor incumpli\u00f3 su deber de diligencia, por ejemplo, conduciendo distra\u00eddo.<\/li>\n<li><strong>Causalidad<\/strong>: El peat\u00f3n sufri\u00f3 lesiones como consecuencia directa del incumplimiento por parte del conductor de su deber de diligencia.<\/li>\n<li><strong>Da\u00f1os y perjuicios<\/strong>: La v\u00edctima debe probar que, como consecuencia de las lesiones causadas por el conductor, sufri\u00f3 diversos da\u00f1os legalmente reconocidos.<\/li>\n<\/ul>\n<h2>\u00bfC\u00f3mo puede ayudarme un abogado de accidentes de peatones en mi reclamaci\u00f3n?<\/h2>\n<p>Nuestros abogados pueden ayudar a su demanda por lesiones gracias a su experiencia con:<\/p>\n<h3>Investigar su caso<\/h3>\n<p>Su abogado llevar\u00e1 a cabo una investigaci\u00f3n profunda y exhaustiva de su caso para determinar la culpa y si usted tiene un caso v\u00e1lido. El abogado obtendr\u00e1 todas las pruebas cruciales para construir un caso s\u00f3lido para usted.<\/p>\n<h3>Presentar su reclamaci\u00f3n<\/h3>\n<p>Su abogado le ayudar\u00e1 a presentar adecuadamente toda la documentaci\u00f3n necesaria y presentar una carta de demanda inicial detallando todos sus da\u00f1os y p\u00e9rdidas.<\/p>\n<h3>Negociaci\u00f3n<\/h3>\n<p>Los abogados conocen todas las t\u00e1cticas y t\u00e9cnicas utilizadas por las compa\u00f1\u00edas de seguros para minimizar la cantidad de dinero que tienen que pagar e incluso evitar pagar por completo. Su abogado no se conformar\u00e1 con nada menos que la cantidad total que se le debe.<\/p>\n<p>\u00c9l se encargar\u00e1 de todas las negociaciones con la compa\u00f1\u00eda de seguros y asegurarse de que no se aprovechan de usted.<\/p>\n<h3>Preparaci\u00f3n del juicio y representaci\u00f3n<\/h3>\n<p>Si la compa\u00f1\u00eda de seguros no presenta una oferta de acuerdo favorable o si usted tendr\u00e1 que presentar una demanda contra la parte culpable para cubrir la cantidad en exceso por encima de la cobertura de su p\u00f3liza, su abogado preparar\u00e1 su caso para el juicio.<\/p>\n<p>Se encargar\u00e1 de todo el papeleo y se asegurar\u00e1 de que se sigan todos los procedimientos debidos. Presentar\u00e1 su caso ante un juez o un jurado y se asegurar\u00e1 de que sus derechos est\u00e9n protegidos.<\/p>\n<h2>\u00bfCu\u00e1les son los plazos para presentar una demanda por lesiones de peatones en Tampa?<\/h2>\n<p>El estatuto de limitaciones para casos de lesiones personales incluyendo demandas por lesiones de peatones es de cuatro a\u00f1os a partir de la fecha del accidente. Sin embargo, siempre es importante tomar medidas lo antes posible para obtener el mejor resultado.<\/p>\n<p><a href=\"https:\/\/floridalawyers360.com\/wp-content\/uploads\/2024\/02\/tampa-pedestrian-accident-lawyer2-copy.webp\"><img decoding=\"async\" class=\"alignnone size-full wp-image-2769\" src=\"https:\/\/floridalawyers360.com\/wp-content\/uploads\/2024\/02\/tampa-pedestrian-accident-lawyer2-copy.webp\" alt=\"Pedestrian Accident\" width=\"500\" height=\"334\" srcset=\"https:\/\/floridalawyers360.com\/wp-content\/uploads\/2024\/02\/tampa-pedestrian-accident-lawyer2-copy.webp 500w, https:\/\/floridalawyers360.com\/wp-content\/uploads\/2024\/02\/tampa-pedestrian-accident-lawyer2-copy-300x200.webp 300w\" sizes=\"(max-width: 500px) 100vw, 500px\" \/><\/a><\/p>\n<h2>\u00bfCu\u00e1nto cuesta un abogado de accidentes de peatones en Tampa?<\/h2>\n<p>Si el costo de contratar a un abogado es una gran preocupaci\u00f3n para usted, usted no tiene que preocuparse ya que ofrecemos nuestros servicios sobre una base de contingencia. Lo que esto significa es que usted s\u00f3lo nos paga despu\u00e9s de haber asegurado un acuerdo favorable o veredicto para usted.<\/p>\n<p>Deduciremos un cierto porcentaje de la cantidad de compensaci\u00f3n como pago por nuestros servicios.<\/p>\n<h2>P\u00f3ngase en contacto con nuestros abogados para una evaluaci\u00f3n gratuita de su caso<\/h2>\n<p>En el desafortunado caso de que usted sufra lesiones o pierda a un ser querido como resultado de un accidente peatonal en Tampa, Florida, usted puede tener el derecho legal de buscar una compensaci\u00f3n por los da\u00f1os resultantes. Nuestro equipo est\u00e1 preparado para proporcionarle toda la asistencia que pueda necesitar.<\/p>\n<p>Usted no deber\u00eda tener que cargar solo con las consecuencias de las acciones negligentes de otra persona. Llame hoy mismo a nuestros abogados de accidentes automovil\u00edsticos de Tampa al <a href=\"tel:+19544487355\"><i class=\"fa fa-phone-alt\"><\/i>954-448-7355<\/a> para obtener la mejor representaci\u00f3n legal.<\/p>\n","protected":false},"excerpt":{"rendered":"<p>Con una tasa de lesiones\/fatalidad de m\u00e1s del 80%, los accidentes de peatones son algunos de los accidentes m\u00e1s graves en el estado de Florida. La National Highway Traffic Safety Administration clasifica a Florida como el tercer estado m\u00e1s peligroso para los peatones. La probabilidad de ser herido o muerto por un conductor negligente mientras [&hellip;]<\/p>\n","protected":false},"author":22,"featured_media":0,"parent":6062,"menu_order":0,"comment_status":"closed","ping_status":"closed","template":"","meta":{"_acf_changed":false,"anchor_text":"","footnotes":""},"categories":[],"tags":[],"class_list":["post-6089","page","type-page","status-publish","hentry"],"acf":[],"_links":{"self":[{"href":"https:\/\/floridalawyers360.com\/es\/wp-json\/wp\/v2\/pages\/6089","targetHints":{"allow":["GET"]}}],"collection":[{"href":"https:\/\/floridalawyers360.com\/es\/wp-json\/wp\/v2\/pages"}],"about":[{"href":"https:\/\/floridalawyers360.com\/es\/wp-json\/wp\/v2\/types\/page"}],"author":[{"embeddable":true,"href":"https:\/\/floridalawyers360.com\/es\/wp-json\/wp\/v2\/users\/22"}],"replies":[{"embeddable":true,"href":"https:\/\/floridalawyers360.com\/es\/wp-json\/wp\/v2\/comments?post=6089"}],"version-history":[{"count":3,"href":"https:\/\/floridalawyers360.com\/es\/wp-json\/wp\/v2\/pages\/6089\/revisions"}],"predecessor-version":[{"id":6285,"href":"https:\/\/floridalawyers360.com\/es\/wp-json\/wp\/v2\/pages\/6089\/revisions\/6285"}],"up":[{"embeddable":true,"href":"https:\/\/floridalawyers360.com\/es\/wp-json\/wp\/v2\/pages\/6062"}],"wp:attachment":[{"href":"https:\/\/floridalawyers360.com\/es\/wp-json\/wp\/v2\/media?parent=6089"}],"wp:term":[{"taxonomy":"category","embeddable":true,"href":"https:\/\/floridalawyers360.com\/es\/wp-json\/wp\/v2\/categories?post=6089"},{"taxonomy":"post_tag","embeddable":true,"href":"https:\/\/floridalawyers360.com\/es\/wp-json\/wp\/v2\/tags?post=6089"}],"curies":[{"name":"wp","href":"https:\/\/api.w.org\/{rel}","templated":true}]}}