{"id":6086,"date":"2020-12-10T18:59:07","date_gmt":"2020-12-10T23:59:07","guid":{"rendered":"https:\/\/floridalawyers360.com\/tampa\/tampa-motorcycle-accident-lawyer\/"},"modified":"2024-03-21T01:26:06","modified_gmt":"2024-03-21T06:26:06","slug":"abogado-de-accidente-de-motocicleta","status":"publish","type":"page","link":"https:\/\/floridalawyers360.com\/es\/tampa\/abogado-de-accidente-de-motocicleta\/","title":{"rendered":"Accidente de Motocicleta"},"content":{"rendered":"<p>Florida es un destino famoso para los motoristas porque les ofrece kil\u00f3metros de pintorescas carreteras rurales serpenteantes y costas. Sin embargo, Florida tambi\u00e9n se encuentra entre los estados m\u00e1s mort\u00edferos para los motoristas de Estados Unidos, teniendo en cuenta el n\u00famero de accidentes de moto que se producen en Florida.<\/p>\n<p>Las secuelas de un accidente de motocicleta pueden ser estresantes y dif\u00edciles, especialmente si se enfrenta solo a las compa\u00f1\u00edas de seguros. En Florida Lawyers 360, nuestros abogados de accidentes de motocicleta en Tampa tienen la experiencia y los recursos para llevar su demanda por accidente de motocicleta hasta el final.<\/p>\n<p>Nuestros abogados pueden ayudarle si usted o un ser querido sufri\u00f3 una lesi\u00f3n por accidente de motocicleta en Florida. Tenemos un buen historial en la recuperaci\u00f3n de la compensaci\u00f3n para las v\u00edctimas de accidentes de motocicleta. Recurra a los abogados de lesiones personales de Tampa en Florida Lawyers 360 al <a href=\"tel:+19544487355\"><i class=\"fa fa-phone-alt\"><\/i>954-448-7355<\/a> y solicite una revisi\u00f3n gratuita de su caso.<\/p>\n\t\t<div data-elementor-type=\"section\" data-elementor-id=\"208\" class=\"elementor elementor-208\" data-elementor-post-type=\"elementor_library\">\n\t\t\t\t\t<section class=\"elementor-section elementor-top-section elementor-element elementor-element-485e576a elementor-section-boxed elementor-section-height-default elementor-section-height-default\" data-id=\"485e576a\" data-element_type=\"section\" data-e-type=\"section\">\n\t\t\t\t\t\t<div class=\"elementor-container elementor-column-gap-default\">\n\t\t\t\t\t<div class=\"elementor-column elementor-col-100 elementor-top-column elementor-element elementor-element-635c38c0\" data-id=\"635c38c0\" data-element_type=\"column\" data-e-type=\"column\">\n\t\t\t<div class=\"elementor-widget-wrap elementor-element-populated\">\n\t\t\t\t\t\t<div class=\"elementor-element elementor-element-3ba95c8a elementor-toc--minimized-on-tablet elementor-widget elementor-widget-table-of-contents\" data-id=\"3ba95c8a\" data-element_type=\"widget\" data-e-type=\"widget\" data-settings=\"{&quot;exclude_headings_by_selector&quot;:&quot;.toc-remove&quot;,&quot;headings_by_tags&quot;:[&quot;h2&quot;,&quot;h3&quot;],&quot;marker_view&quot;:&quot;numbers&quot;,&quot;no_headings_message&quot;:&quot;No headings were found on this page.&quot;,&quot;minimize_box&quot;:&quot;yes&quot;,&quot;minimized_on&quot;:&quot;tablet&quot;,&quot;hierarchical_view&quot;:&quot;yes&quot;,&quot;min_height&quot;:{&quot;unit&quot;:&quot;px&quot;,&quot;size&quot;:&quot;&quot;,&quot;sizes&quot;:[]},&quot;min_height_tablet&quot;:{&quot;unit&quot;:&quot;px&quot;,&quot;size&quot;:&quot;&quot;,&quot;sizes&quot;:[]},&quot;min_height_mobile&quot;:{&quot;unit&quot;:&quot;px&quot;,&quot;size&quot;:&quot;&quot;,&quot;sizes&quot;:[]}}\" data-widget_type=\"table-of-contents.default\">\n\t\t\t\t\t\t\t\t\t<div class=\"elementor-toc__header\">\n\t\t\t\t\t\t<div class=\"elementor-toc__header-title\">\n\t\t\t\tTable of Contents\t\t\t<\/div>\n\t\t\t\t\t\t\t\t\t\t<div class=\"elementor-toc__toggle-button elementor-toc__toggle-button--expand\" role=\"button\" tabindex=\"0\" aria-controls=\"elementor-toc__3ba95c8a\" aria-expanded=\"true\" aria-label=\"Open table of contents\"><svg aria-hidden=\"true\" class=\"e-font-icon-svg e-fas-chevron-down\" viewBox=\"0 0 448 512\" xmlns=\"http:\/\/www.w3.org\/2000\/svg\"><path d=\"M207.029 381.476L12.686 187.132c-9.373-9.373-9.373-24.569 0-33.941l22.667-22.667c9.357-9.357 24.522-9.375 33.901-.04L224 284.505l154.745-154.021c9.379-9.335 24.544-9.317 33.901.04l22.667 22.667c9.373 9.373 9.373 24.569 0 33.941L240.971 381.476c-9.373 9.372-24.569 9.372-33.942 0z\"><\/path><\/svg><\/div>\n\t\t\t\t<div class=\"elementor-toc__toggle-button elementor-toc__toggle-button--collapse\" role=\"button\" tabindex=\"0\" aria-controls=\"elementor-toc__3ba95c8a\" aria-expanded=\"true\" aria-label=\"Close table of contents\"><svg aria-hidden=\"true\" class=\"e-font-icon-svg e-fas-chevron-up\" viewBox=\"0 0 448 512\" xmlns=\"http:\/\/www.w3.org\/2000\/svg\"><path d=\"M240.971 130.524l194.343 194.343c9.373 9.373 9.373 24.569 0 33.941l-22.667 22.667c-9.357 9.357-24.522 9.375-33.901.04L224 227.495 69.255 381.516c-9.379 9.335-24.544 9.317-33.901-.04l-22.667-22.667c-9.373-9.373-9.373-24.569 0-33.941L207.03 130.525c9.372-9.373 24.568-9.373 33.941-.001z\"><\/path><\/svg><\/div>\n\t\t\t\t\t<\/div>\n\t\t\t\t<div id=\"elementor-toc__3ba95c8a\" class=\"elementor-toc__body\">\n\t\t\t<div class=\"elementor-toc__spinner-container\">\n\t\t\t\t<svg class=\"elementor-toc__spinner eicon-animation-spin e-font-icon-svg e-eicon-loading\" aria-hidden=\"true\" viewBox=\"0 0 1000 1000\" xmlns=\"http:\/\/www.w3.org\/2000\/svg\"><path d=\"M500 975V858C696 858 858 696 858 500S696 142 500 142 142 304 142 500H25C25 237 238 25 500 25S975 237 975 500 763 975 500 975Z\"><\/path><\/svg>\t\t\t<\/div>\n\t\t<\/div>\n\t\t\t\t\t\t<\/div>\n\t\t\t\t\t<\/div>\n\t\t<\/div>\n\t\t\t\t\t<\/div>\n\t\t<\/section>\n\t\t\t\t<\/div>\n\t\t\n<h2>\u00bfC\u00f3mo puede un abogado de accidentes de motocicleta Tampa ayudar con mi reclamo de compensaci\u00f3n?<\/h2>\n<p>Un abogado de accidente de motocicleta Tampa comprometido en Florida Lawyers 360 puede ayudarle de muchas maneras, incluyendo:<\/p>\n<ul>\n<li>Iniciar inmediatamente el proceso de investigaci\u00f3n del accidente de moto<\/li>\n<li>Re\u00fane todas las pruebas necesarias, como informes policiales, informes m\u00e9dicos y declaraciones de testigos, y eval\u00faalas.<\/li>\n<li>Determine la parte culpable del accidente de moto<\/li>\n<li>Presente una demanda civil por accidente de moto<\/li>\n<li>Evaluar sus da\u00f1os y p\u00e9rdidas para calcular el valor de su reclamaci\u00f3n<\/li>\n<li>Gestionar toda la correspondencia\/comunicaciones con las compa\u00f1\u00edas de seguros en su nombre<\/li>\n<li>Negociar un acuerdo justo y razonable con las compa\u00f1\u00edas de seguros.<\/li>\n<li>Defenderle ante los tribunales si el caso llega a juicio.<\/li>\n<\/ul>\n<p>&nbsp;<\/p>\n<p><a href=\"https:\/\/floridalawyers360.com\/wp-content\/uploads\/2024\/02\/tampa-motorcycle-accident-lawyer-copy.webp\"><img fetchpriority=\"high\" decoding=\"async\" class=\"alignnone size-full wp-image-2766\" src=\"https:\/\/floridalawyers360.com\/wp-content\/uploads\/2024\/02\/tampa-motorcycle-accident-lawyer-copy.webp\" alt=\"Tampa Motorcycle Accident Lawyer\" width=\"500\" height=\"334\" srcset=\"https:\/\/floridalawyers360.com\/wp-content\/uploads\/2024\/02\/tampa-motorcycle-accident-lawyer-copy.webp 500w, https:\/\/floridalawyers360.com\/wp-content\/uploads\/2024\/02\/tampa-motorcycle-accident-lawyer-copy-300x200.webp 300w\" sizes=\"(max-width: 500px) 100vw, 500px\" \/><\/a><\/p>\n<h2>\u00bfCu\u00e1les son las causas comunes de los accidentes de motocicleta?<\/h2>\n<p>Muchos accidentes de motocicleta en las carreteras de Florida son evitables y prevenibles. Algunas de las causas m\u00e1s comunes de accidentes de motocicleta incluyen:<\/p>\n<h3>Conducci\u00f3n distra\u00edda<\/h3>\n<p>Las distracciones durante la conducci\u00f3n pueden hacer que un conductor no se percate de la presencia de motoristas en sus inmediaciones, lo que puede acabar en un accidente.<\/p>\n<h3>No prestar atenci\u00f3n a las motocicletas<\/h3>\n<p>Cuando los conductores no est\u00e1n lo suficientemente atentos, especialmente al hacer un giro r\u00e1pido en una intersecci\u00f3n, pueden no fijarse en las motocicletas, ya que suelen ser m\u00e1s peque\u00f1as que la mayor\u00eda de los autom\u00f3viles. Algunos conductores tambi\u00e9n pueden no fijarse en las motocicletas cuando giran en las intersecciones.<\/p>\n<h3>Conducir ebrio o drogado<\/h3>\n<p>Un conductor que conduzca un veh\u00edculo bajo los efectos de las drogas o el alcohol tendr\u00e1 problemas de juicio y lo m\u00e1s probable es que cause un accidente con una motocicleta.<\/p>\n<h3>Espejos, frenos o luces defectuosos<\/h3>\n<p>Componentes defectuosos de la motocicleta y problemas mec\u00e1nicos es otra causa com\u00fan de accidentes de motocicleta.<\/p>\n<h3>Peatones inesperados en la carretera<\/h3>\n<p>A veces, los peatones pueden cruzarse en la carretera de forma inesperada. Un accidente de motocicleta puede ocurrir cuando un motociclista se encuentra con un peat\u00f3n inesperado en la carretera.<\/p>\n<h2>\u00bfCu\u00e1les son las leyes espec\u00edficas para motocicletas en Florida?<\/h2>\n<p>Florida tiene las siguientes leyes espec\u00edficas del estado para los operadores de motocicletas:<\/p>\n<ul>\n<li><strong>Permiso de Motocicleta<\/strong> &#8211; Para que un motociclista pueda conducir una motocicleta, el Departamento de Veh\u00edculos Motorizados de Florida debe expedirle un permiso de motocicleta.<\/li>\n<li>Los motociclistas de tres ruedas est\u00e1n obligados a completar el S\/TEP-Sidecar\/Trike Evaluation Program.<\/li>\n<li><strong>Ley del Casco<\/strong> &#8211; Las leyes de motocicletas de la Florida no requieren que los conductores que tienen 21 a\u00f1os o m\u00e1s y tienen una p\u00f3liza de seguro de $10,000 se pongan el casco.<\/li>\n<li><strong>Faros<\/strong> &#8211; En Florida, el Estatuto 316.405 requiere que todos los motociclistas usen faros de d\u00eda.<br \/>\nProtecci\u00f3n para los ojos &#8211; Todos los conductores de motocicletas en Florida deben usar protecci\u00f3n para los ojos mientras conducen, de acuerdo con el Estatuto FL 316.405.<\/li>\n<li><strong>Altura del manillar<\/strong> &#8211; En Florida, los hombros del motociclista deben estar por encima de la altura del manillar de la motocicleta cuando el motociclista est\u00e1 sentado.<\/li>\n<li><strong>Pasajeros<\/strong> &#8211; Las leyes de motocicletas en Florida permiten a los motociclistas llevar un solo pasajero en su motocicleta.<br \/>\nCambio de carril &#8211; Los motociclistas en Florida no est\u00e1n autorizados a utilizar el mismo carril que otros automovilistas al adelantar. Tambi\u00e9n se les proh\u00edbe conducir una motocicleta entre carriles o filas de veh\u00edculos.<\/li>\n<li><strong>Intermitentes\/Espejos<\/strong> &#8211; Las motocicletas en Florida est\u00e1n obligadas a estar equipadas con intermitentes que funcionen y al menos un espejo retrovisor.<\/li>\n<\/ul>\n<h2>\u00bfC\u00f3mo se determina la culpa en un accidente de motocicleta en Tampa?<\/h2>\n<p>Determinar y probar la responsabilidad no siempre es facil. En Tampa, Florida, la parte culpable en un accidente de motocicleta se determina por:<\/p>\n<ul>\n<li><strong>La regla de no culpa de la Florida<\/strong> &#8211; La pol\u00edtica de no culpa de la Florida NO se aplica a los motociclistas. Esto puede dejar a los motociclistas vulnerables porque no tienen otra opci\u00f3n que luchar por una indemnizaci\u00f3n por su cuenta sin el reembolso sin culpa de los gastos m\u00e9dicos iniciales.<\/li>\n<li><strong>Negligencia Comparativa Pura<\/strong> &#8211; Bajo la ley de Florida, los motociclistas pueden cobrar da\u00f1os y perjuicios en una demanda por lesiones de accidente de motocicleta, incluso si fueron 99% culpables.<\/li>\n<\/ul>\n<h2>\u00bfQu\u00e9 tipo de indemnizaci\u00f3n puedo recibir por mi accidente de moto?<\/h2>\n<p>Despu\u00e9s de un accidente de motocicleta en Florida, usted puede ser elegible para varios tipos de da\u00f1os que buscan compensar p\u00e9rdidas econ\u00f3micas y no econ\u00f3micas y acciones de negligencia grave. Despu\u00e9s de un accidente de moto en Tampa, usted puede calificar para recuperar:<\/p>\n<h3>Da\u00f1os Econ\u00f3micos<\/h3>\n<p>Los da\u00f1os econ\u00f3micos buscan recuperar todas las p\u00e9rdidas financieras en las que incurri\u00f3 debido al accidente de moto. Estos son:<\/p>\n<ul>\n<li>Gastos m\u00e9dicos pasados y futuros como visitas a urgencias, cirug\u00edas, viajes en ambulancia, estancias prolongadas en el hospital, medicamentos, rehabilitaci\u00f3n, terapia, etc.<\/li>\n<li>P\u00e9rdida de ingresos pasados y futuros si tus lesiones te mantienen apartado del trabajo durante mucho tiempo.<\/li>\n<li>Da\u00f1os materiales<\/li>\n<li>Da\u00f1os no econ\u00f3micos<\/li>\n<\/ul>\n<p>Estos da\u00f1os pretenden compensarle por el dolor y la angustia f\u00edsicos, mentales y emocionales que ha sufrido desde el accidente de moto.<\/p>\n<h3>Da\u00f1os punitivos<\/h3>\n<p>A las v\u00edctimas de accidentes de moto tambi\u00e9n se les conceden da\u00f1os punitivos para castigar a la parte culpable y disuadirla de participar en las mismas acciones negligentes en el futuro.<\/p>\n<p><a href=\"https:\/\/floridalawyers360.com\/wp-content\/uploads\/2024\/02\/tampa-motorcycle-accident2-copy.webp\"><img decoding=\"async\" class=\"alignnone size-full wp-image-2767\" src=\"https:\/\/floridalawyers360.com\/wp-content\/uploads\/2024\/02\/tampa-motorcycle-accident2-copy.webp\" alt=\"Motorcycle accident\" width=\"500\" height=\"334\" srcset=\"https:\/\/floridalawyers360.com\/wp-content\/uploads\/2024\/02\/tampa-motorcycle-accident2-copy.webp 500w, https:\/\/floridalawyers360.com\/wp-content\/uploads\/2024\/02\/tampa-motorcycle-accident2-copy-300x200.webp 300w\" sizes=\"(max-width: 500px) 100vw, 500px\" \/><\/a><\/p>\n<h2>\u00bfPor qu\u00e9 me han denegado la indemnizaci\u00f3n por accidente de moto?<\/h2>\n<p>Las aseguradoras tienen dos objetivos, liquidar tu siniestro lo m\u00e1s r\u00e1pido posible y pagar la menor indemnizaci\u00f3n posible. Emplear\u00e1n diferentes t\u00e1cticas y excusas para intentar pagar menos de lo debido. Las razones m\u00e1s comunes para denegar reclamaciones incluyen:<\/p>\n<ul>\n<li><strong>La p\u00f3liza fue cancelada o caducada<\/strong> &#8211; En algunos casos, una reclamaci\u00f3n por accidente de motocicleta puede ser denegada si ha pasado el plazo de prescripci\u00f3n.<\/li>\n<li><strong>El motociclista no estaba asegurado bajo la p\u00f3liza<\/strong> &#8211; Otra raz\u00f3n por la que su reclamo pudo haber sido negado es si el conductor no estaba cubierto bajo la p\u00f3liza.<\/li>\n<li><strong>Creen que el accidente fue culpa tuya<\/strong> &#8211; Tu reclamaci\u00f3n por accidente de moto puede ser denegada si hay razones suficientes para creer que t\u00fa tuviste la culpa del accidente.<\/li>\n<li><strong>No creen que usted estuviera realmente herido<\/strong> &#8211; A veces, las v\u00edctimas pueden intentar fingir lesiones para obtener una indemnizaci\u00f3n ilegalmente. Su reclamaci\u00f3n puede ser denegada si no creen que sus lesiones son leg\u00edtimas.<\/li>\n<li><strong>No creen que el accidente de moto sea la causa de tus lesiones<\/strong> &#8211; Otra raz\u00f3n para la denegaci\u00f3n de una reclamaci\u00f3n por accidente de moto es que la compa\u00f1\u00eda de seguros puede no creer que tus lesiones est\u00e9n asociadas con el accidente.<\/li>\n<\/ul>\n<h2>\u00bfCu\u00e1nto tiempo tiene para presentar una reclamaci\u00f3n por accidente de moto en Florida?<\/h2>\n<p>En Florida, las v\u00edctimas de accidentes de motocicleta que deseen emprender acciones legales contra la parte culpable tienen cuatro a\u00f1os desde el d\u00eda del accidente para presentar una demanda por accidente de motocicleta. Ning\u00fan tribunal de Florida escuchar\u00e1 su caso una vez que expire este plazo, a menos que se trate de una excepci\u00f3n especial.<\/p>\n<p>Si usted ha sido v\u00edctima de un accidente de moto en el que usted o un ser querido han resultado heridos, es posible que pueda recuperar los da\u00f1os mediante la presentaci\u00f3n de una demanda por accidente de moto.<\/p>\n<p>Nuestros abogados altamente experimentados en accidentes automovil\u00edsticos en Florida Lawyers 360 pueden ayudarle con los procesos de negociaci\u00f3n y litigio. Lucharemos duro por usted porque creemos que los motociclistas que sufren lesiones por culpa de otra persona merecen una compensaci\u00f3n.<\/p>\n<p>Florida Lawyers 360 puede ayudarle a reconstruir su vida despu\u00e9s de un accidente de moto. Para m\u00e1s informaci\u00f3n sobre demandas por accidentes de moto en Florida, llame al <a href=\"tel:+19544487355\"><i class=\"fa fa-phone-alt\"><\/i>954-448-7355<\/a> para hablar con nuestros abogados de accidentes de moto en Tampa.<\/p>\n","protected":false},"excerpt":{"rendered":"<p>Florida es un destino famoso para los motoristas porque les ofrece kil\u00f3metros de pintorescas carreteras rurales serpenteantes y costas. Sin embargo, Florida tambi\u00e9n se encuentra entre los estados m\u00e1s mort\u00edferos para los motoristas de Estados Unidos, teniendo en cuenta el n\u00famero de accidentes de moto que se producen en Florida. Las secuelas de un accidente [&hellip;]<\/p>\n","protected":false},"author":22,"featured_media":0,"parent":6062,"menu_order":0,"comment_status":"closed","ping_status":"closed","template":"","meta":{"_acf_changed":false,"anchor_text":"","footnotes":""},"categories":[],"tags":[],"class_list":["post-6086","page","type-page","status-publish","hentry"],"acf":[],"_links":{"self":[{"href":"https:\/\/floridalawyers360.com\/es\/wp-json\/wp\/v2\/pages\/6086","targetHints":{"allow":["GET"]}}],"collection":[{"href":"https:\/\/floridalawyers360.com\/es\/wp-json\/wp\/v2\/pages"}],"about":[{"href":"https:\/\/floridalawyers360.com\/es\/wp-json\/wp\/v2\/types\/page"}],"author":[{"embeddable":true,"href":"https:\/\/floridalawyers360.com\/es\/wp-json\/wp\/v2\/users\/22"}],"replies":[{"embeddable":true,"href":"https:\/\/floridalawyers360.com\/es\/wp-json\/wp\/v2\/comments?post=6086"}],"version-history":[{"count":4,"href":"https:\/\/floridalawyers360.com\/es\/wp-json\/wp\/v2\/pages\/6086\/revisions"}],"predecessor-version":[{"id":6284,"href":"https:\/\/floridalawyers360.com\/es\/wp-json\/wp\/v2\/pages\/6086\/revisions\/6284"}],"up":[{"embeddable":true,"href":"https:\/\/floridalawyers360.com\/es\/wp-json\/wp\/v2\/pages\/6062"}],"wp:attachment":[{"href":"https:\/\/floridalawyers360.com\/es\/wp-json\/wp\/v2\/media?parent=6086"}],"wp:term":[{"taxonomy":"category","embeddable":true,"href":"https:\/\/floridalawyers360.com\/es\/wp-json\/wp\/v2\/categories?post=6086"},{"taxonomy":"post_tag","embeddable":true,"href":"https:\/\/floridalawyers360.com\/es\/wp-json\/wp\/v2\/tags?post=6086"}],"curies":[{"name":"wp","href":"https:\/\/api.w.org\/{rel}","templated":true}]}}