{"id":6083,"date":"2024-02-13T16:02:59","date_gmt":"2024-02-13T21:02:59","guid":{"rendered":"https:\/\/floridalawyers360.com\/tampa\/tampa-maximum-medical-improvement\/"},"modified":"2024-03-21T01:11:52","modified_gmt":"2024-03-21T06:11:52","slug":"maxima-mejoria-medica-en-tampa","status":"publish","type":"page","link":"https:\/\/floridalawyers360.com\/es\/tampa\/maxima-mejoria-medica-en-tampa\/","title":{"rendered":"M\u00e1xima mejor\u00eda m\u00e9dica"},"content":{"rendered":"<p>\u00bfHa cumplido los requisitos de Mejora M\u00e9dica M\u00e1xima en Tampa? Beneficios de Compensaci\u00f3n de Expertos para los delegados en la Florida est\u00e1n abiertos para aquellos que los necesitan. Se pueden aplicar a las personas que se convierten en realmente herido, o despejado, y van a obtener una indemnizaci\u00f3n en un par de h\u00e1bitos extraordinarios.<\/p>\n<p>Esto fusionar\u00e1 porciones para medicinas cl\u00ednicas, y adem\u00e1s obtendr\u00e1n un fragmento de su compensaci\u00f3n paso a paso. En cualquier caso, hay l\u00edmites de tiempo en estos beneficios, de manera similar a las estimaciones expl\u00edcitas que usted ought para familiarizarse con encajar el proyecto de ley para ellos.<\/p>\n<p>Exactamente cuando usted presenta una venta para la compensaci\u00f3n de los trabajadores, debe hacerse de una manera que presenta claramente que est\u00e1 justificando estos beneficios. Esto se une a la comprensi\u00f3n de lo que la mejor parte de la mejora cl\u00ednica de los trabajadores comp realmente sugiere.<\/p>\n<p>En caso de que usted no tiene ni idea de c\u00f3mo hacer esto, usted debe ponerse en contacto con nuestros abogados de compensaci\u00f3n de trabajadores de Tampa para que podamos ayudarle a trav\u00e9s de la colaboraci\u00f3n.<\/p>\n<p>Consid\u00e9renos todo el d\u00eda en <a href=\"tel:+19544487355\"><i class=\"fa fa-phone-alt\"><\/i>954-448-7355<\/a>.<\/p>\n<p><span style=\"font-weight: 400;\">\t\t<div data-elementor-type=\"section\" data-elementor-id=\"208\" class=\"elementor elementor-208\" data-elementor-post-type=\"elementor_library\">\n\t\t\t\t\t<section class=\"elementor-section elementor-top-section elementor-element elementor-element-485e576a elementor-section-boxed elementor-section-height-default elementor-section-height-default\" data-id=\"485e576a\" data-element_type=\"section\" data-e-type=\"section\">\n\t\t\t\t\t\t<div class=\"elementor-container elementor-column-gap-default\">\n\t\t\t\t\t<div class=\"elementor-column elementor-col-100 elementor-top-column elementor-element elementor-element-635c38c0\" data-id=\"635c38c0\" data-element_type=\"column\" data-e-type=\"column\">\n\t\t\t<div class=\"elementor-widget-wrap elementor-element-populated\">\n\t\t\t\t\t\t<div class=\"elementor-element elementor-element-3ba95c8a elementor-toc--minimized-on-tablet elementor-widget elementor-widget-table-of-contents\" data-id=\"3ba95c8a\" data-element_type=\"widget\" data-e-type=\"widget\" data-settings=\"{&quot;exclude_headings_by_selector&quot;:&quot;.toc-remove&quot;,&quot;headings_by_tags&quot;:[&quot;h2&quot;,&quot;h3&quot;],&quot;marker_view&quot;:&quot;numbers&quot;,&quot;no_headings_message&quot;:&quot;No se ha encontrado ning\\u00fan encabezado en esta p\\u00e1gina.&quot;,&quot;minimize_box&quot;:&quot;yes&quot;,&quot;minimized_on&quot;:&quot;tablet&quot;,&quot;hierarchical_view&quot;:&quot;yes&quot;,&quot;min_height&quot;:{&quot;unit&quot;:&quot;px&quot;,&quot;size&quot;:&quot;&quot;,&quot;sizes&quot;:[]},&quot;min_height_tablet&quot;:{&quot;unit&quot;:&quot;px&quot;,&quot;size&quot;:&quot;&quot;,&quot;sizes&quot;:[]},&quot;min_height_mobile&quot;:{&quot;unit&quot;:&quot;px&quot;,&quot;size&quot;:&quot;&quot;,&quot;sizes&quot;:[]}}\" data-widget_type=\"table-of-contents.default\">\n\t\t\t\t\t\t\t\t\t<div class=\"elementor-toc__header\">\n\t\t\t\t\t\t<div class=\"elementor-toc__header-title\">\n\t\t\t\tTable of Contents\t\t\t<\/div>\n\t\t\t\t\t\t\t\t\t\t<div class=\"elementor-toc__toggle-button elementor-toc__toggle-button--expand\" role=\"button\" tabindex=\"0\" aria-controls=\"elementor-toc__3ba95c8a\" aria-expanded=\"true\" aria-label=\"Abrir la tabla de contenidos\"><svg aria-hidden=\"true\" class=\"e-font-icon-svg e-fas-chevron-down\" viewBox=\"0 0 448 512\" xmlns=\"http:\/\/www.w3.org\/2000\/svg\"><path d=\"M207.029 381.476L12.686 187.132c-9.373-9.373-9.373-24.569 0-33.941l22.667-22.667c9.357-9.357 24.522-9.375 33.901-.04L224 284.505l154.745-154.021c9.379-9.335 24.544-9.317 33.901.04l22.667 22.667c9.373 9.373 9.373 24.569 0 33.941L240.971 381.476c-9.373 9.372-24.569 9.372-33.942 0z\"><\/path><\/svg><\/div>\n\t\t\t\t<div class=\"elementor-toc__toggle-button elementor-toc__toggle-button--collapse\" role=\"button\" tabindex=\"0\" aria-controls=\"elementor-toc__3ba95c8a\" aria-expanded=\"true\" aria-label=\"Cerrar la tabla de contenidos\"><svg aria-hidden=\"true\" class=\"e-font-icon-svg e-fas-chevron-up\" viewBox=\"0 0 448 512\" xmlns=\"http:\/\/www.w3.org\/2000\/svg\"><path d=\"M240.971 130.524l194.343 194.343c9.373 9.373 9.373 24.569 0 33.941l-22.667 22.667c-9.357 9.357-24.522 9.375-33.901.04L224 227.495 69.255 381.516c-9.379 9.335-24.544 9.317-33.901-.04l-22.667-22.667c-9.373-9.373-9.373-24.569 0-33.941L207.03 130.525c9.372-9.373 24.568-9.373 33.941-.001z\"><\/path><\/svg><\/div>\n\t\t\t\t\t<\/div>\n\t\t\t\t<div id=\"elementor-toc__3ba95c8a\" class=\"elementor-toc__body\">\n\t\t\t<div class=\"elementor-toc__spinner-container\">\n\t\t\t\t<svg class=\"elementor-toc__spinner eicon-animation-spin e-font-icon-svg e-eicon-loading\" aria-hidden=\"true\" viewBox=\"0 0 1000 1000\" xmlns=\"http:\/\/www.w3.org\/2000\/svg\"><path d=\"M500 975V858C696 858 858 696 858 500S696 142 500 142 142 304 142 500H25C25 237 238 25 500 25S975 237 975 500 763 975 500 975Z\"><\/path><\/svg>\t\t\t<\/div>\n\t\t<\/div>\n\t\t\t\t\t\t<\/div>\n\t\t\t\t\t<\/div>\n\t\t<\/div>\n\t\t\t\t\t<\/div>\n\t\t<\/section>\n\t\t\t\t<\/div>\n\t\t<\/span><\/p>\n<h2>\u00bfQu\u00e9 es la Mejora M\u00e9dica M\u00e1xima (MMI)?<\/h2>\n<p>Si usted est\u00e1 tolerando beneficios de compensaci\u00f3n de trabajadores, y usted se est\u00e1 recuperando de sus lesiones o trastorno, hay un punto donde usted se mostrar\u00e1 en el lapso de tiempo m\u00e1s limitado durante el cual le compensar\u00e1n por su recuperaci\u00f3n. Esto se conoce como Mejora M\u00e9dica M\u00e1xima.<\/p>\n<p>En estos casos, se establecer\u00e1 que su enfermedad se compensa, sin embargo, el especialista no es ordinario, por el maestro cl\u00ednico dibujado en con su caso, para ver m\u00e1s all\u00e1 o continuar con el progreso en su condici\u00f3n.<\/p>\n<p>Esto no puede sugerir que est\u00e1n debilitados, sin embargo, implica c\u00f3mo son tan incre\u00edble realmente como se puede establecer en lo que ocurri\u00f3.<\/p>\n<p>En la actualidad, el experto puede obtener una calificaci\u00f3n de Incapacidad Parcial Permanente dependiente de la parte del cuerpo herido. El trabajador puede optar por reconocer esta calificaci\u00f3n, sin perjuicio de que puedan exigir esta calificaci\u00f3n de hasta dos a\u00f1os si hay un cambio en su condici\u00f3n.<\/p>\n<p>Hacer esto, sin embargo, puede ponerlos en riesgo de perder sus beneficios de debilitamiento. Del mismo modo, el perito puede imponer restricciones a este trabajador debido a su estado. Teniendo en cuenta estas limitaciones, pueden adem\u00e1s tener que considerar la b\u00fasqueda de trabajo sensible.<\/p>\n<p>Exactamente cuando la gente se presenta en el punto de Tampa Mejora M\u00e9dica M\u00e1xima, pueden tener que considerar la soluci\u00f3n de su caso de compensaci\u00f3n de trabajadores FL que puede requerir ayuda aut\u00e9ntica.<\/p>\n<p><a href=\"https:\/\/floridalawyers360.com\/wp-content\/uploads\/2024\/02\/tampa-mmi1-copy.webp\"><img fetchpriority=\"high\" decoding=\"async\" class=\"alignnone size-full wp-image-2802\" src=\"https:\/\/floridalawyers360.com\/wp-content\/uploads\/2024\/02\/tampa-mmi1-copy.webp\" alt=\"Tampa Maximum Medical Improvement\" width=\"500\" height=\"334\" srcset=\"https:\/\/floridalawyers360.com\/wp-content\/uploads\/2024\/02\/tampa-mmi1-copy.webp 500w, https:\/\/floridalawyers360.com\/wp-content\/uploads\/2024\/02\/tampa-mmi1-copy-300x200.webp 300w\" sizes=\"(max-width: 500px) 100vw, 500px\" \/><\/a><\/p>\n<h2>\u00bfQui\u00e9n determina si el trabajador ha alcanzado la mejor\u00eda m\u00e9dica m\u00e1xima en Tampa?<\/h2>\n<p>Considerando la evaluacion clinica del especialista consignado a su caso, esta afirmacion de Tampa Maximum Medical Improvement es el examen del experto en la materia clinica. Esto puede ser peligroso para el experto que puede despu\u00e9s de poco tiempo perder sus beneficios de impedimento.<\/p>\n<p>Sin embargo, teniendo en cuenta la forma en que el especialista ha hecho su afirmaci\u00f3n sobre la capacidad del delegado para mejorar, esto normalmente no provoca la terminaci\u00f3n de los medicamentos que han estado recibiendo.<\/p>\n<h2>\u00bfContin\u00faa el tratamiento m\u00e9dico tras un diagn\u00f3stico de MMI?<\/h2>\n<p>En caso de que el especialista encuentra que un experto ha mostrado en Tampa M\u00e1xima Mejora M\u00e9dica, esto no infiere que los tratamientos cl\u00ednicos se detendr\u00e1. Pueden seguir tolerando las visitas anuales de expertos y, adem\u00e1s, obtener tortura la ayuda del jefe.<\/p>\n<p>Todo esto ser\u00e1 pagado por la empresa, siempre y cuando sigan requiriendo este tratamiento de avance. Es como manera no sugiere que los beneficios de insuficiencia de reemplazo de compensaci\u00f3n del especialista se detendr\u00e1 fundamentalmente.<\/p>\n<p>Exactamente cuando un agente est\u00e1 de pie a una situaci\u00f3n en la que la empresa ha comunicado que pueden perder sus beneficios, la oportunidad ha llegado a conversar con un abogado de compensaci\u00f3n de trabajadores que es significativamente capaz en la ley de compensaci\u00f3n de trabajadores de la Florida.<\/p>\n<p>Usted debe trabajar con un abogado de compensaci\u00f3n de trabajadores certificado por la junta de Florida para asegurarse de que sus ventajas est\u00e1n garantizadas.<\/p>\n<p><a href=\"https:\/\/floridalawyers360.com\/wp-content\/uploads\/2024\/02\/tampa-mmi2-copy.webp\"><img decoding=\"async\" class=\"alignnone size-full wp-image-2803\" src=\"https:\/\/floridalawyers360.com\/wp-content\/uploads\/2024\/02\/tampa-mmi2-copy.webp\" alt=\"Injured Employee | Maximum Medical Improvement\" width=\"500\" height=\"334\" srcset=\"https:\/\/floridalawyers360.com\/wp-content\/uploads\/2024\/02\/tampa-mmi2-copy.webp 500w, https:\/\/floridalawyers360.com\/wp-content\/uploads\/2024\/02\/tampa-mmi2-copy-300x200.webp 300w\" sizes=\"(max-width: 500px) 100vw, 500px\" \/><\/a><\/p>\n<h2>\u00bfQu\u00e9 pasa si no puede volver a trabajar y rendir al mismo nivel despu\u00e9s de su diagn\u00f3stico MMI?<\/h2>\n<p>En la actualidad, el experto tiene la decisi\u00f3n de soportar lo que se conoce como un Acuerdo Clincher. Esto infiere que pueden optar por conformarse con una determinada proporci\u00f3n de dinero, ya que han aparecido en el Tampa Mejora M\u00e9dica M\u00e1xima.<\/p>\n<p>El tipo de trabajo que hacen puede anticipar que deben realizar en un nivel particular, algo que no ser\u00e1 capaz de hacer m\u00e1s.<\/p>\n<p>Esto puede provocar a prepararse para un trabajo diferente, y, a pesar de todo, tolerar la indemnizaci\u00f3n por sus lesiones, ya que seguir adelante a otra llamada para encontrar negocio adecuado.<\/p>\n<p>Cada movimiento de esta comunicaci\u00f3n debe ser visto como con cautela, y la mejor manera de lidiar con hacer esto es trabajar con especialistas que han ayudado a muchos otros que estaban en condiciones similares.<\/p>\n<h2>Ll\u00e1menos hoy para entender su Tampa Mejora M\u00e9dica M\u00e1xima<\/h2>\n<p>Investigar el universo incidentalmente asombroso de la ley de Compensaci\u00f3n al Trabajador en Florida puede ser fastidioso, especialmente si el especialista ha pensado que usted ha aparecido en la Mejora M\u00e9dica M\u00e1xima.<\/p>\n<p>Si usted no puede hacer frente a su trabajo como lo hizo ya, o si necesita medicamentos de avance para su condici\u00f3n, puede anticipar que usted debe perseguir movimiento aut\u00e9ntico para obtener sus ventajas.<\/p>\n<p>Si usted est\u00e1 en esta intersecci\u00f3n, es beneficioso ponerse en contacto con un abogado de la Florida que le puede ayudar con su caso. Si no tiene ni idea de qu\u00e9 hacer, o si cree que sus ventajas ser\u00e1n desestimadas, p\u00f3ngase en contacto con nuestro despacho Florida Lawyers 360 hoy mismo.<\/p>\n<p>Ll\u00e1menos todos los d\u00edas al <a href=\"tel:+19544487355\"><i class=\"fa fa-phone-alt\"><\/i>954-448-7355<\/a>.<\/p>\n","protected":false},"excerpt":{"rendered":"<p>\u00bfHa cumplido los requisitos de Mejora M\u00e9dica M\u00e1xima en Tampa? Beneficios de Compensaci\u00f3n de Expertos para los delegados en la Florida est\u00e1n abiertos para aquellos que los necesitan. Se pueden aplicar a las personas que se convierten en realmente herido, o despejado, y van a obtener una indemnizaci\u00f3n en un par de h\u00e1bitos extraordinarios. Esto [&hellip;]<\/p>\n","protected":false},"author":22,"featured_media":0,"parent":6062,"menu_order":0,"comment_status":"closed","ping_status":"closed","template":"","meta":{"_acf_changed":false,"anchor_text":"","footnotes":""},"categories":[],"tags":[],"class_list":["post-6083","page","type-page","status-publish","hentry"],"acf":[],"_links":{"self":[{"href":"https:\/\/floridalawyers360.com\/es\/wp-json\/wp\/v2\/pages\/6083","targetHints":{"allow":["GET"]}}],"collection":[{"href":"https:\/\/floridalawyers360.com\/es\/wp-json\/wp\/v2\/pages"}],"about":[{"href":"https:\/\/floridalawyers360.com\/es\/wp-json\/wp\/v2\/types\/page"}],"author":[{"embeddable":true,"href":"https:\/\/floridalawyers360.com\/es\/wp-json\/wp\/v2\/users\/22"}],"replies":[{"embeddable":true,"href":"https:\/\/floridalawyers360.com\/es\/wp-json\/wp\/v2\/comments?post=6083"}],"version-history":[{"count":3,"href":"https:\/\/floridalawyers360.com\/es\/wp-json\/wp\/v2\/pages\/6083\/revisions"}],"predecessor-version":[{"id":6268,"href":"https:\/\/floridalawyers360.com\/es\/wp-json\/wp\/v2\/pages\/6083\/revisions\/6268"}],"up":[{"embeddable":true,"href":"https:\/\/floridalawyers360.com\/es\/wp-json\/wp\/v2\/pages\/6062"}],"wp:attachment":[{"href":"https:\/\/floridalawyers360.com\/es\/wp-json\/wp\/v2\/media?parent=6083"}],"wp:term":[{"taxonomy":"category","embeddable":true,"href":"https:\/\/floridalawyers360.com\/es\/wp-json\/wp\/v2\/categories?post=6083"},{"taxonomy":"post_tag","embeddable":true,"href":"https:\/\/floridalawyers360.com\/es\/wp-json\/wp\/v2\/tags?post=6083"}],"curies":[{"name":"wp","href":"https:\/\/api.w.org\/{rel}","templated":true}]}}