{"id":6080,"date":"2024-02-13T16:03:51","date_gmt":"2024-02-13T21:03:51","guid":{"rendered":"https:\/\/floridalawyers360.com\/tampa\/tampa-dui-accident-lawyer\/"},"modified":"2024-03-21T01:25:35","modified_gmt":"2024-03-21T06:25:35","slug":"abogado-de-accidente-de-dui","status":"publish","type":"page","link":"https:\/\/floridalawyers360.com\/es\/tampa\/abogado-de-accidente-de-dui\/","title":{"rendered":"Accidente de DUI"},"content":{"rendered":"<p>Conducir bajo los efectos del alcohol es ilegal en Florida. De hecho, conducir ebrio se considera autom\u00e1ticamente negligencia porque el conductor decide conscientemente infringir la ley. Por lo tanto, conducir ebrio es un asunto penal y civil al mismo tiempo.<\/p>\n<p>Cuando usted o alguien de su familia resulta herido en un accidente causado por una persona que conduc\u00eda bajo los efectos del alcohol, es posible que tenga que presentar una demanda por lesiones personales para recuperar los da\u00f1os de la compa\u00f1\u00eda de seguros del conductor ebrio.<\/p>\n<p>Tampa tiene su propia cuota de abogados de accidentes de conductores ebrios, pero todos ellos no son creados iguales. Usted necesita confiar en un abogado altamente especializado en accidentes de DUI en Tampa para manejar su caso y obtener compensaci\u00f3n de la parte responsable.<\/p>\n<p>Florida Lawyers 360 es su socio de confianza para manejar su caso de accidente por conducir ebrio. Nuestros abogados tienen una amplia experiencia en el manejo de accidentes por conducir en estado de ebriedad y en la obtenci\u00f3n de millones de d\u00f3lares en indemnizaciones en nombre de nuestros clientes.<\/p>\n<p>Siempre trataremos su caso como si fuera el m\u00e1s importante del mundo. De hecho, nuestro equipo de abogados le tratar\u00e1 como una persona y no s\u00f3lo como un n\u00famero. El equipo aporta un conjunto \u00fanico de habilidades a nuestros clientes y se compromete a proporcionar resultados sobresalientes en todo momento.<\/p>\n<p>Es por eso que usted necesita contratar a un abogado con experiencia en accidentes automovil\u00edsticos en Florida Lawyers 360 para manejar su demanda. Llame a Florida Lawyers 360 al <a href=\"tel:+19544487355\"><i class=\"fa fa-phone-alt\"><\/i>954-448-7355<\/a> para construir un caso s\u00f3lido de accidente por conducir ebrio y obtener la m\u00e1xima compensaci\u00f3n por sus lesiones.<\/p>\n\t\t<div data-elementor-type=\"section\" data-elementor-id=\"208\" class=\"elementor elementor-208\" data-elementor-post-type=\"elementor_library\">\n\t\t\t\t\t<section class=\"elementor-section elementor-top-section elementor-element elementor-element-485e576a elementor-section-boxed elementor-section-height-default elementor-section-height-default\" data-id=\"485e576a\" data-element_type=\"section\" data-e-type=\"section\">\n\t\t\t\t\t\t<div class=\"elementor-container elementor-column-gap-default\">\n\t\t\t\t\t<div class=\"elementor-column elementor-col-100 elementor-top-column elementor-element elementor-element-635c38c0\" data-id=\"635c38c0\" data-element_type=\"column\" data-e-type=\"column\">\n\t\t\t<div class=\"elementor-widget-wrap elementor-element-populated\">\n\t\t\t\t\t\t<div class=\"elementor-element elementor-element-3ba95c8a elementor-toc--minimized-on-tablet elementor-widget elementor-widget-table-of-contents\" data-id=\"3ba95c8a\" data-element_type=\"widget\" data-e-type=\"widget\" data-settings=\"{&quot;exclude_headings_by_selector&quot;:&quot;.toc-remove&quot;,&quot;headings_by_tags&quot;:[&quot;h2&quot;,&quot;h3&quot;],&quot;marker_view&quot;:&quot;numbers&quot;,&quot;no_headings_message&quot;:&quot;No se ha encontrado ning\\u00fan encabezado en esta p\\u00e1gina.&quot;,&quot;minimize_box&quot;:&quot;yes&quot;,&quot;minimized_on&quot;:&quot;tablet&quot;,&quot;hierarchical_view&quot;:&quot;yes&quot;,&quot;min_height&quot;:{&quot;unit&quot;:&quot;px&quot;,&quot;size&quot;:&quot;&quot;,&quot;sizes&quot;:[]},&quot;min_height_tablet&quot;:{&quot;unit&quot;:&quot;px&quot;,&quot;size&quot;:&quot;&quot;,&quot;sizes&quot;:[]},&quot;min_height_mobile&quot;:{&quot;unit&quot;:&quot;px&quot;,&quot;size&quot;:&quot;&quot;,&quot;sizes&quot;:[]}}\" data-widget_type=\"table-of-contents.default\">\n\t\t\t\t\t\t\t\t\t<div class=\"elementor-toc__header\">\n\t\t\t\t\t\t<div class=\"elementor-toc__header-title\">\n\t\t\t\tTable of Contents\t\t\t<\/div>\n\t\t\t\t\t\t\t\t\t\t<div class=\"elementor-toc__toggle-button elementor-toc__toggle-button--expand\" role=\"button\" tabindex=\"0\" aria-controls=\"elementor-toc__3ba95c8a\" aria-expanded=\"true\" aria-label=\"Abrir la tabla de contenidos\"><svg aria-hidden=\"true\" class=\"e-font-icon-svg e-fas-chevron-down\" viewBox=\"0 0 448 512\" xmlns=\"http:\/\/www.w3.org\/2000\/svg\"><path d=\"M207.029 381.476L12.686 187.132c-9.373-9.373-9.373-24.569 0-33.941l22.667-22.667c9.357-9.357 24.522-9.375 33.901-.04L224 284.505l154.745-154.021c9.379-9.335 24.544-9.317 33.901.04l22.667 22.667c9.373 9.373 9.373 24.569 0 33.941L240.971 381.476c-9.373 9.372-24.569 9.372-33.942 0z\"><\/path><\/svg><\/div>\n\t\t\t\t<div class=\"elementor-toc__toggle-button elementor-toc__toggle-button--collapse\" role=\"button\" tabindex=\"0\" aria-controls=\"elementor-toc__3ba95c8a\" aria-expanded=\"true\" aria-label=\"Cerrar la tabla de contenidos\"><svg aria-hidden=\"true\" class=\"e-font-icon-svg e-fas-chevron-up\" viewBox=\"0 0 448 512\" xmlns=\"http:\/\/www.w3.org\/2000\/svg\"><path d=\"M240.971 130.524l194.343 194.343c9.373 9.373 9.373 24.569 0 33.941l-22.667 22.667c-9.357 9.357-24.522 9.375-33.901.04L224 227.495 69.255 381.516c-9.379 9.335-24.544 9.317-33.901-.04l-22.667-22.667c-9.373-9.373-9.373-24.569 0-33.941L207.03 130.525c9.372-9.373 24.568-9.373 33.941-.001z\"><\/path><\/svg><\/div>\n\t\t\t\t\t<\/div>\n\t\t\t\t<div id=\"elementor-toc__3ba95c8a\" class=\"elementor-toc__body\">\n\t\t\t<div class=\"elementor-toc__spinner-container\">\n\t\t\t\t<svg class=\"elementor-toc__spinner eicon-animation-spin e-font-icon-svg e-eicon-loading\" aria-hidden=\"true\" viewBox=\"0 0 1000 1000\" xmlns=\"http:\/\/www.w3.org\/2000\/svg\"><path d=\"M500 975V858C696 858 858 696 858 500S696 142 500 142 142 304 142 500H25C25 237 238 25 500 25S975 237 975 500 763 975 500 975Z\"><\/path><\/svg>\t\t\t<\/div>\n\t\t<\/div>\n\t\t\t\t\t\t<\/div>\n\t\t\t\t\t<\/div>\n\t\t<\/div>\n\t\t\t\t\t<\/div>\n\t\t<\/section>\n\t\t\t\t<\/div>\n\t\t\n<h2>Estadisticas de Conducir Ebrio en Tampa<\/h2>\n<p>El Departamento de Polic\u00eda de Tampa tiene un registro de personas arrestadas por DUI cada a\u00f1o. El departamento realiz\u00f3 2,087 arrestos por DUI en 2016 y 1,729 arrestos en 2017. El n\u00famero de arrestos en 2018 fue de 1,332. De los 2.087 arrestos por DUI en 2016, el 13,8% fueron choques relacionados con DUI.<\/p>\n<p>De 2003 a 2012, m\u00e1s de 8.476 personas murieron como resultado de accidentes por conducir ebrio en Florida. De hecho, hubo m\u00e1s de 40,000 arrestos por DUI en Florida en 2014. Las muertes por conducir ebrio suelen costar a los contribuyentes unos 3.500 millones de d\u00f3lares al a\u00f1o.<\/p>\n<p>Los hombres tienen 3,5 veces m\u00e1s probabilidades de resultar heridos o muertos en un accidente por conducir ebrios en comparaci\u00f3n con las mujeres en Florida.<\/p>\n<p><a href=\"https:\/\/floridalawyers360.com\/wp-content\/uploads\/2024\/02\/tampa-dui-accident1-copy.webp\"><img fetchpriority=\"high\" decoding=\"async\" class=\"alignnone size-full wp-image-2763\" src=\"https:\/\/floridalawyers360.com\/wp-content\/uploads\/2024\/02\/tampa-dui-accident1-copy.webp\" alt=\"Tampa DUI Accident Lawyer\" width=\"500\" height=\"334\" srcset=\"https:\/\/floridalawyers360.com\/wp-content\/uploads\/2024\/02\/tampa-dui-accident1-copy.webp 500w, https:\/\/floridalawyers360.com\/wp-content\/uploads\/2024\/02\/tampa-dui-accident1-copy-300x200.webp 300w\" sizes=\"(max-width: 500px) 100vw, 500px\" \/><\/a><\/p>\n<h2>\u00bfCu\u00e1les son los l\u00edmites de alcoholemia en Florida?<\/h2>\n<p>Los conductores que tienen una concentraci\u00f3n de alcohol en la sangre (BAC) de 0,08% o m\u00e1s se consideran perjudicados por el alcohol en el estado de Florida. Para los conductores de camiones comerciales, el BAC debe ser inferior a 0,04%, mientras que para los conductores menores de 21 a\u00f1os, el l\u00edmite es de 0,02%.<\/p>\n<p>Conducir bajo los efectos del alcohol se considera un delito penado por la ley. Florida permite a las fuerzas del orden realizar controles de alcoholemia aleatorios para detener a los conductores ebrios y evitar accidentes por conducir bajo los efectos del alcohol.<\/p>\n<p>No hay una sentencia m\u00ednima de c\u00e1rcel para alguien condenado por DUI en Florida. El conductor puede ser condenado de seis a nueve meses dependiendo de su porcentaje de alcoholemia. Tambien hay una multa de entre $500 y $2000 incluyendo cincuenta horas de servicio comunitario por la primera ofensa.<\/p>\n<h2>\u00bfQu\u00e9 hacer despu\u00e9s de un accidente con un conductor ebrio?<\/h2>\n<p>Hay ciertas medidas que debe tomar cuando se ve implicado en un accidente con un conductor ebrio. Usted puede saber o no si el otro conductor est\u00e1 bajo los efectos del alcohol en el momento del accidente.<\/p>\n<p>Pero debe seguir estos pasos cuando se vea implicado en un accidente de este tipo:<\/p>\n<ul>\n<li><strong>Comprueba si est\u00e1s herido<\/strong>. Es posible que no sepas si est\u00e1s herido o no debido a la conmoci\u00f3n del accidente. Si tienes la m\u00e1s m\u00ednima sensaci\u00f3n de lesi\u00f3n busca ayuda m\u00e9dica inmediata llamando al 911.<\/li>\n<li><strong>Enciende las luces de emergencia <\/strong>de tu veh\u00edculo y apaga el motor mientras esperas a que lleguen las autoridades al lugar del accidente.<\/li>\n<li><strong>Avisa a la polic\u00eda <\/strong>y obtenga una copia del informe policial cuando est\u00e9 en condiciones de hacerlo. Los informes policiales pueden tardar de 1 a 3 semanas o m\u00e1s en ocasiones. Aseg\u00farese de no admitir la culpa del accidente a menos que haya hablado con un abogado calificado en accidentes por conducir ebrio en Tampa, Florida.<\/li>\n<li><strong>Consulte a un abogado de accidentes por conducir ebrio <\/strong>para manejar su caso. Muchos bufetes de abogados en Tampa ofrecen consultas iniciales gratuitas donde se puede evaluar la fuerza de su demanda. Aseg\u00farese de hablar con un abogado lo antes posible despu\u00e9s del accidente.<\/li>\n<\/ul>\n<p>&nbsp;<\/p>\n<p>Cuanto m\u00e1s espere, menos probabilidades tendr\u00e1 de recuperar pruebas clave para demostrar su caso.<\/p>\n<p><a href=\"https:\/\/floridalawyers360.com\/wp-content\/uploads\/2024\/02\/tampa-dui-accident2-copy.webp\"><img decoding=\"async\" class=\"alignnone size-full wp-image-2764\" src=\"https:\/\/floridalawyers360.com\/wp-content\/uploads\/2024\/02\/tampa-dui-accident2-copy.webp\" alt=\"Notify the police after a DUI accident\" width=\"500\" height=\"334\" srcset=\"https:\/\/floridalawyers360.com\/wp-content\/uploads\/2024\/02\/tampa-dui-accident2-copy.webp 500w, https:\/\/floridalawyers360.com\/wp-content\/uploads\/2024\/02\/tampa-dui-accident2-copy-300x200.webp 300w\" sizes=\"(max-width: 500px) 100vw, 500px\" \/><\/a><\/p>\n<h2>\u00bfQu\u00e9 da\u00f1os puede recuperar despu\u00e9s de un accidente por conducir ebrio en Florida?<\/h2>\n<p>Usted puede recuperar da\u00f1os compensatorios y punitivos de un conductor ebrio por las lesiones que sufri\u00f3 como resultado de un accidente por conducir ebrio.<\/p>\n<p>Los da\u00f1os compensatorios incluyen da\u00f1os econ\u00f3micos y no econ\u00f3micos tales como reclamaciones m\u00e9dicas, salarios perdidos, da\u00f1os a la propiedad y da\u00f1os generales por angustia mental, dolor y sufrimiento incurridos debido a las lesiones que sufri\u00f3.<\/p>\n<p>Los da\u00f1os punitivos est\u00e1n disponibles cuando el abogado del demandante demuestra que el conductor ebrio fue culpable de negligencia grave. Los da\u00f1os punitivos est\u00e1n destinados a castigar al conductor ebrio por su comportamiento imprudente y disuadir a otros conductores de comportarse de la misma manera.<\/p>\n<h2>\u00bfCu\u00e1nto tiempo tengo para presentar una demanda en Florida?<\/h2>\n<p>El estatuto de limitaciones de Florida entra en vigor despu\u00e9s de cuatro a\u00f1os a partir de la fecha del accidente. Usted debe presentar el caso dentro de estos cuatro a\u00f1os.<\/p>\n<h2>\u00bfCu\u00e1nto cuesta un abogado de accidentes de DUI en Tampa?<\/h2>\n<p>Los abogados de accidentes por conducir ebrio en Florida Lawyers 360 trabajan en base a honorarios de contingencia. Usted no tiene que pagar nada a menos que nuestros abogados ganen su caso. Una vez que su caso es ganado, usted tiene que pagar un porcentaje acordado de la indemnizaci\u00f3n.<\/p>\n<p>Cuando usted est\u00e1 involucrado en un accidente automovil\u00edstico en Tampa causado por un conductor ebrio, la ley de Florida le permite reclamar una indemnizaci\u00f3n de la compa\u00f1\u00eda de seguros del conductor ebrio.<\/p>\n<p>Usted necesita contratar al mejor abogado de lesiones personales en Tampa, Florida para manejar su caso y obtener la m\u00e1xima compensaci\u00f3n.<\/p>\n<p>Llame a Florida Lawyers 360 al [tel\u00e9fono] para construir un caso s\u00f3lido de accidente por conductor ebrio y obtener la m\u00e1xima compensaci\u00f3n por sus lesiones.<\/p>\n","protected":false},"excerpt":{"rendered":"<p>Conducir bajo los efectos del alcohol es ilegal en Florida. De hecho, conducir ebrio se considera autom\u00e1ticamente negligencia porque el conductor decide conscientemente infringir la ley. Por lo tanto, conducir ebrio es un asunto penal y civil al mismo tiempo. Cuando usted o alguien de su familia resulta herido en un accidente causado por una [&hellip;]<\/p>\n","protected":false},"author":22,"featured_media":0,"parent":6062,"menu_order":0,"comment_status":"closed","ping_status":"closed","template":"","meta":{"_acf_changed":false,"anchor_text":"","footnotes":""},"categories":[],"tags":[],"class_list":["post-6080","page","type-page","status-publish","hentry"],"acf":[],"_links":{"self":[{"href":"https:\/\/floridalawyers360.com\/es\/wp-json\/wp\/v2\/pages\/6080","targetHints":{"allow":["GET"]}}],"collection":[{"href":"https:\/\/floridalawyers360.com\/es\/wp-json\/wp\/v2\/pages"}],"about":[{"href":"https:\/\/floridalawyers360.com\/es\/wp-json\/wp\/v2\/types\/page"}],"author":[{"embeddable":true,"href":"https:\/\/floridalawyers360.com\/es\/wp-json\/wp\/v2\/users\/22"}],"replies":[{"embeddable":true,"href":"https:\/\/floridalawyers360.com\/es\/wp-json\/wp\/v2\/comments?post=6080"}],"version-history":[{"count":4,"href":"https:\/\/floridalawyers360.com\/es\/wp-json\/wp\/v2\/pages\/6080\/revisions"}],"predecessor-version":[{"id":6283,"href":"https:\/\/floridalawyers360.com\/es\/wp-json\/wp\/v2\/pages\/6080\/revisions\/6283"}],"up":[{"embeddable":true,"href":"https:\/\/floridalawyers360.com\/es\/wp-json\/wp\/v2\/pages\/6062"}],"wp:attachment":[{"href":"https:\/\/floridalawyers360.com\/es\/wp-json\/wp\/v2\/media?parent=6080"}],"wp:term":[{"taxonomy":"category","embeddable":true,"href":"https:\/\/floridalawyers360.com\/es\/wp-json\/wp\/v2\/categories?post=6080"},{"taxonomy":"post_tag","embeddable":true,"href":"https:\/\/floridalawyers360.com\/es\/wp-json\/wp\/v2\/tags?post=6080"}],"curies":[{"name":"wp","href":"https:\/\/api.w.org\/{rel}","templated":true}]}}