{"id":6077,"date":"2024-02-08T14:12:03","date_gmt":"2024-02-08T19:12:03","guid":{"rendered":"https:\/\/floridalawyers360.com\/tampa\/tampa-dog-bite-lawyer\/"},"modified":"2024-03-21T01:27:58","modified_gmt":"2024-03-21T06:27:58","slug":"abogado-mordedura-de-perro","status":"publish","type":"page","link":"https:\/\/floridalawyers360.com\/es\/tampa\/abogado-mordedura-de-perro\/","title":{"rendered":"Mordedura de Perro"},"content":{"rendered":"<p>Cada a\u00f1o, m\u00e1s de 500 floridanos son mordidos por perros y hospitalizados, y al menos dos de estas v\u00edctimas sucumben a sus heridas. \u00bfSab\u00eda usted que la mand\u00edbula de un perro promedio puede apretar alrededor de 320 LBS por pulgada cuadrada?<\/p>\n<p>Cuando usted o un ser querido es atacado por un perro de cualquier tipo en cualquier forma, y el ataque caus\u00f3 lesiones graves, usted tiene derecho a reclamar una indemnizaci\u00f3n del due\u00f1o del perro. Usted necesita contratar a un abogado de mordedura de perro de Tampa de buena reputaci\u00f3n para manejar su caso y obtener los m\u00e1ximos beneficios por sus lesiones.<\/p>\n<p>Tampa tiene su propia cuota de abogados de mordedura de perro. Pero no todos estos abogados son creados iguales. Su investigaci\u00f3n juega un papel importante en la elecci\u00f3n del mejor abogado de lesiones personales para manejar su caso.<\/p>\n<p>Florida Lawyers 360 es su socio de confianza en el manejo de su demanda por mordedura de perro y la obtenci\u00f3n de la m\u00e1xima compensaci\u00f3n por sus lesiones. Nuestro equipo de abogados de lesiones personales seleccionados trae un conjunto \u00fanico de habilidades a la mesa en la construcci\u00f3n de un caso fuerte en su nombre.<\/p>\n<p>Tenemos las habilidades y la experiencia necesarias para presentar su demanda de tal manera que obtenga la m\u00e1xima compensaci\u00f3n por sus da\u00f1os. Nuestro equipo escucha las necesidades del cliente y siempre est\u00e1 disponible para discutir su situaci\u00f3n en una consulta gratuita.<\/p>\n<p>Llame hoy mismo a Florida Lawyers 360 al <a href=\"tel:+19544487355\"><i class=\"fa fa-phone-alt\"><\/i>954-448-7355<\/a> para tramitar su demanda por mordedura de perro en Tampa y obtener la m\u00e1xima indemnizaci\u00f3n por sus lesiones.<\/p>\n\t\t<div data-elementor-type=\"section\" data-elementor-id=\"208\" class=\"elementor elementor-208\" data-elementor-post-type=\"elementor_library\">\n\t\t\t\t\t<section class=\"elementor-section elementor-top-section elementor-element elementor-element-485e576a elementor-section-boxed elementor-section-height-default elementor-section-height-default\" data-id=\"485e576a\" data-element_type=\"section\" data-e-type=\"section\">\n\t\t\t\t\t\t<div class=\"elementor-container elementor-column-gap-default\">\n\t\t\t\t\t<div class=\"elementor-column elementor-col-100 elementor-top-column elementor-element elementor-element-635c38c0\" data-id=\"635c38c0\" data-element_type=\"column\" data-e-type=\"column\">\n\t\t\t<div class=\"elementor-widget-wrap elementor-element-populated\">\n\t\t\t\t\t\t<div class=\"elementor-element elementor-element-3ba95c8a elementor-toc--minimized-on-tablet elementor-widget elementor-widget-table-of-contents\" data-id=\"3ba95c8a\" data-element_type=\"widget\" data-e-type=\"widget\" data-settings=\"{&quot;exclude_headings_by_selector&quot;:&quot;.toc-remove&quot;,&quot;headings_by_tags&quot;:[&quot;h2&quot;,&quot;h3&quot;],&quot;marker_view&quot;:&quot;numbers&quot;,&quot;no_headings_message&quot;:&quot;No se ha encontrado ning\\u00fan encabezado en esta p\\u00e1gina.&quot;,&quot;minimize_box&quot;:&quot;yes&quot;,&quot;minimized_on&quot;:&quot;tablet&quot;,&quot;hierarchical_view&quot;:&quot;yes&quot;,&quot;min_height&quot;:{&quot;unit&quot;:&quot;px&quot;,&quot;size&quot;:&quot;&quot;,&quot;sizes&quot;:[]},&quot;min_height_tablet&quot;:{&quot;unit&quot;:&quot;px&quot;,&quot;size&quot;:&quot;&quot;,&quot;sizes&quot;:[]},&quot;min_height_mobile&quot;:{&quot;unit&quot;:&quot;px&quot;,&quot;size&quot;:&quot;&quot;,&quot;sizes&quot;:[]}}\" data-widget_type=\"table-of-contents.default\">\n\t\t\t\t\t\t\t\t\t<div class=\"elementor-toc__header\">\n\t\t\t\t\t\t<div class=\"elementor-toc__header-title\">\n\t\t\t\tTable of Contents\t\t\t<\/div>\n\t\t\t\t\t\t\t\t\t\t<div class=\"elementor-toc__toggle-button elementor-toc__toggle-button--expand\" role=\"button\" tabindex=\"0\" aria-controls=\"elementor-toc__3ba95c8a\" aria-expanded=\"true\" aria-label=\"Abrir la tabla de contenidos\"><svg aria-hidden=\"true\" class=\"e-font-icon-svg e-fas-chevron-down\" viewBox=\"0 0 448 512\" xmlns=\"http:\/\/www.w3.org\/2000\/svg\"><path d=\"M207.029 381.476L12.686 187.132c-9.373-9.373-9.373-24.569 0-33.941l22.667-22.667c9.357-9.357 24.522-9.375 33.901-.04L224 284.505l154.745-154.021c9.379-9.335 24.544-9.317 33.901.04l22.667 22.667c9.373 9.373 9.373 24.569 0 33.941L240.971 381.476c-9.373 9.372-24.569 9.372-33.942 0z\"><\/path><\/svg><\/div>\n\t\t\t\t<div class=\"elementor-toc__toggle-button elementor-toc__toggle-button--collapse\" role=\"button\" tabindex=\"0\" aria-controls=\"elementor-toc__3ba95c8a\" aria-expanded=\"true\" aria-label=\"Cerrar la tabla de contenidos\"><svg aria-hidden=\"true\" class=\"e-font-icon-svg e-fas-chevron-up\" viewBox=\"0 0 448 512\" xmlns=\"http:\/\/www.w3.org\/2000\/svg\"><path d=\"M240.971 130.524l194.343 194.343c9.373 9.373 9.373 24.569 0 33.941l-22.667 22.667c-9.357 9.357-24.522 9.375-33.901.04L224 227.495 69.255 381.516c-9.379 9.335-24.544 9.317-33.901-.04l-22.667-22.667c-9.373-9.373-9.373-24.569 0-33.941L207.03 130.525c9.372-9.373 24.568-9.373 33.941-.001z\"><\/path><\/svg><\/div>\n\t\t\t\t\t<\/div>\n\t\t\t\t<div id=\"elementor-toc__3ba95c8a\" class=\"elementor-toc__body\">\n\t\t\t<div class=\"elementor-toc__spinner-container\">\n\t\t\t\t<svg class=\"elementor-toc__spinner eicon-animation-spin e-font-icon-svg e-eicon-loading\" aria-hidden=\"true\" viewBox=\"0 0 1000 1000\" xmlns=\"http:\/\/www.w3.org\/2000\/svg\"><path d=\"M500 975V858C696 858 858 696 858 500S696 142 500 142 142 304 142 500H25C25 237 238 25 500 25S975 237 975 500 763 975 500 975Z\"><\/path><\/svg>\t\t\t<\/div>\n\t\t<\/div>\n\t\t\t\t\t\t<\/div>\n\t\t\t\t\t<\/div>\n\t\t<\/div>\n\t\t\t\t\t<\/div>\n\t\t<\/section>\n\t\t\t\t<\/div>\n\t\t\n<h2>\u00bfQu\u00e9 debo hacer si me muerde un perro?<\/h2>\n<p>Aunque los perros son a veces nuestros mejores amigos, pueden ser nuestros peores enemigos cuando nos muerden. Nadie querr\u00e1 enfrentarse a una mordedura de perro porque incluso el mordisco m\u00e1s peque\u00f1o puede causar da\u00f1os importantes cuando entra en contacto con la parte adecuada del cuerpo humano.<\/p>\n<p>Las mordeduras de perro pueden provocar lesiones graves y da\u00f1os en los nervios, adem\u00e1s de dolor. Si la mordedura se infecta, puede aumentar el riesgo de enfermedad e incluso causar la muerte en casos raros. Por eso hay que tomarse en serio una mordedura de perro y seguir los pasos necesarios.<\/p>\n<ul>\n<li>El primer paso es buscar asistencia m\u00e9dica. En caso de mordedura de perro, siempre aumenta el peligro si no se acude al m\u00e9dico. Pregunte al due\u00f1o del perro si el animal est\u00e1 al d\u00eda en la vacunaci\u00f3n contra la rabia.<\/li>\n<li>Intente recoger pruebas en el lugar del accidente. Puedes hacer fotos o grabar en v\u00eddeo la escena, as\u00ed como tus lesiones. Si hay testigos del accidente, obt\u00e9n sus datos de contacto.<\/li>\n<li>Llama a la polic\u00eda y notifica el accidente. Consigue una copia del atestado policial.<\/li>\n<li>Evite a la compa\u00f1\u00eda de seguros hasta que hable con un abogado especializado en mordeduras de perro en Florida Lawyers 360.<\/li>\n<li>Llame a un abogado especializado en mordeduras de perro de Florida Lawyers 360 para que se encargue de su caso y obtenga la m\u00e1xima indemnizaci\u00f3n por sus lesiones.<\/li>\n<\/ul>\n<p>&nbsp;<\/p>\n<p><a href=\"https:\/\/floridalawyers360.com\/wp-content\/uploads\/2024\/02\/tampa-dog-bite-lawyer2.jpeg\"><img fetchpriority=\"high\" decoding=\"async\" class=\"alignnone size-full wp-image-2782\" src=\"https:\/\/floridalawyers360.com\/wp-content\/uploads\/2024\/02\/tampa-dog-bite-lawyer2.jpeg\" alt=\"Tampa Dog Bite Lawyer\" width=\"500\" height=\"334\" srcset=\"https:\/\/floridalawyers360.com\/wp-content\/uploads\/2024\/02\/tampa-dog-bite-lawyer2.jpeg 500w, https:\/\/floridalawyers360.com\/wp-content\/uploads\/2024\/02\/tampa-dog-bite-lawyer2-300x200.jpeg 300w\" sizes=\"(max-width: 500px) 100vw, 500px\" \/><\/a><\/p>\n<h2>\u00bfA qui\u00e9n debo denunciar una mordedura de perro en el Estado de Florida?<\/h2>\n<p>Seg\u00fan la ley de Florida, el due\u00f1o del perro puede ser considerado responsable de sus lesiones resultantes de una mordedura de perro en un espacio p\u00fablico o privado. Es una buena idea informar del accidente a la polic\u00eda local. Esto permitir\u00e1 a la polic\u00eda llevar a cabo una investigaci\u00f3n completa del accidente.<\/p>\n<p>De hecho, la polic\u00eda documentar\u00e1 las circunstancias exactas del ataque. Siempre debe obtener una copia del informe policial para ayudar a su abogado a probar el caso y obtener la m\u00e1xima indemnizaci\u00f3n en su nombre.<\/p>\n<h2>\u00bfPor qu\u00e9 debo contratar a un abogado de mordedura de perro en Tampa?<\/h2>\n<p>Es importante que usted contrate al mejor abogado de mordedura de perro en Tampa para manejar su caso porque la ley en Florida es bastante complicada. Hay muchas cosas que tratar cuando se prueba un caso de mordedura de perro incluyendo clasificaciones de razas peligrosas, agencias de control de animales, y la propiedad.<\/p>\n<p>Los abogados de Florida Lawyers 360 han estado representando a personas lesionadas por mordeduras de perro y otros ataques de animales durante muchos a\u00f1os en Tampa, Florida.<\/p>\n<p>Nuestros abogados saben c\u00f3mo presentar su caso a los due\u00f1os de perros, a las compa\u00f1\u00edas de seguros de propietarios de viviendas y a las compa\u00f1\u00edas de seguros de inquilinos para que usted obtenga los m\u00e1ximos beneficios en el proceso. Aseg\u00farese de que el abogado de mordedura de perro tiene experiencia en el manejo de estos casos en el pasado.<\/p>\n<h2>\u00bfQui\u00e9n es responsable de las mordeduras de perro?<\/h2>\n<p>El estatuto de mordedura de perro de Florida (Secci\u00f3n 767.04) establece que el due\u00f1o del perro es responsable de sus lesiones si:<\/p>\n<ul>\n<li>Su perro muerde a otra persona<\/li>\n<li>La persona lesionada se encontraba legalmente en un lugar p\u00fablico o privado incluyendo la propiedad del due\u00f1o del perro<\/li>\n<\/ul>\n<h2>\u00bfQu\u00e9 tipo de indemnizaci\u00f3n puedo esperar en un caso de mordedura de perro?<\/h2>\n<p>Es posible que el due\u00f1o del animal tenga que pagar una indemnizaci\u00f3n por los gastos m\u00e9dicos pasados, presentes y futuros de la v\u00edctima herida, el dolor, el sufrimiento y otras p\u00e9rdidas.<\/p>\n<p>El due\u00f1o tambi\u00e9n es responsable de pagar a la v\u00edctima los ingresos perdidos debido a la incapacidad de \u00e9sta para trabajar tras sufrir las lesiones, cualquier da\u00f1o a la propiedad relacionado con el incidente, y da\u00f1os punitivos si la conducta del due\u00f1o fue especialmente escandalosa.<\/p>\n<p><a href=\"https:\/\/floridalawyers360.com\/wp-content\/uploads\/2024\/02\/tampa-dog-bite-lawyer1.jpeg\"><img decoding=\"async\" class=\"alignnone size-full wp-image-2783\" src=\"https:\/\/floridalawyers360.com\/wp-content\/uploads\/2024\/02\/tampa-dog-bite-lawyer1.jpeg\" alt=\"Bitten by a dob? Call our Tampa Dog Bite Lawyer today\" width=\"500\" height=\"335\" srcset=\"https:\/\/floridalawyers360.com\/wp-content\/uploads\/2024\/02\/tampa-dog-bite-lawyer1.jpeg 500w, https:\/\/floridalawyers360.com\/wp-content\/uploads\/2024\/02\/tampa-dog-bite-lawyer1-300x201.jpeg 300w\" sizes=\"(max-width: 500px) 100vw, 500px\" \/><\/a><\/p>\n<h2>\u00bfQu\u00e9 dice la ley de Florida sobre las mordeduras de perro?<\/h2>\n<p>Los Estatutos de Florida secci\u00f3n 767.04 dice que el due\u00f1o de un perro es responsable de las lesiones si:<\/p>\n<ul>\n<li>Su perro muerde a otra persona<\/li>\n<li>La v\u00edctima estaba en un lugar p\u00fablico o legalmente en un lugar privado incluyendo la propiedad del due\u00f1o del perro<\/li>\n<\/ul>\n<p>Florida es un estado de responsabilidad objetiva en lo que respecta a las mordeduras de perro. El propietario del perro es responsable si su perro muerde a otra persona, incluso cuando el propietario no ten\u00eda ninguna advertencia previa de que el perro podr\u00eda morder.<\/p>\n<h2>Estad\u00edsticas de lesiones por mordeduras de perro en Florida<\/h2>\n<p>Florida tuvo 1,218 reclamaciones por mordeduras de perro y otras lesiones relacionadas con perros en 2018. El n\u00famero de reclamaciones similares en el estado fue de 1,345 en 2017 y 1,325 en 2016.<\/p>\n<h2>Cu\u00e1nto tiempo tiene para presentar una demanda por mordedura de perro en Tampa?<\/h2>\n<p>Un reclamo por lesiones por mordedura de perro viene bajo una demanda por lesiones personales. Usted tiene cuatro a\u00f1os a partir de la fecha de la mordedura de perro para presentar su reclamo. Cuando se lesiona debido a una mordedura de perro en Tampa usted tiene derecho a reclamar una indemnizaci\u00f3n al due\u00f1o del perro.<\/p>\n<p>Usted necesita contratar al mejor abogado de mordedura de perro para manejar su caso. Llame a nuestro bufete de abogados de lesiones personales de Tampa en <a href=\"tel:+19544487355\"><i class=\"fa fa-phone-alt\"><\/i>954-448-7355<\/a> hoy para manejar su demanda de mordedura de perro y obtener la m\u00e1xima compensaci\u00f3n por sus lesiones.<\/p>\n","protected":false},"excerpt":{"rendered":"<p>Cada a\u00f1o, m\u00e1s de 500 floridanos son mordidos por perros y hospitalizados, y al menos dos de estas v\u00edctimas sucumben a sus heridas. \u00bfSab\u00eda usted que la mand\u00edbula de un perro promedio puede apretar alrededor de 320 LBS por pulgada cuadrada? Cuando usted o un ser querido es atacado por un perro de cualquier tipo [&hellip;]<\/p>\n","protected":false},"author":22,"featured_media":0,"parent":6062,"menu_order":0,"comment_status":"closed","ping_status":"closed","template":"","meta":{"_acf_changed":false,"anchor_text":"","footnotes":""},"categories":[],"tags":[],"class_list":["post-6077","page","type-page","status-publish","hentry"],"acf":[],"_links":{"self":[{"href":"https:\/\/floridalawyers360.com\/es\/wp-json\/wp\/v2\/pages\/6077","targetHints":{"allow":["GET"]}}],"collection":[{"href":"https:\/\/floridalawyers360.com\/es\/wp-json\/wp\/v2\/pages"}],"about":[{"href":"https:\/\/floridalawyers360.com\/es\/wp-json\/wp\/v2\/types\/page"}],"author":[{"embeddable":true,"href":"https:\/\/floridalawyers360.com\/es\/wp-json\/wp\/v2\/users\/22"}],"replies":[{"embeddable":true,"href":"https:\/\/floridalawyers360.com\/es\/wp-json\/wp\/v2\/comments?post=6077"}],"version-history":[{"count":4,"href":"https:\/\/floridalawyers360.com\/es\/wp-json\/wp\/v2\/pages\/6077\/revisions"}],"predecessor-version":[{"id":6288,"href":"https:\/\/floridalawyers360.com\/es\/wp-json\/wp\/v2\/pages\/6077\/revisions\/6288"}],"up":[{"embeddable":true,"href":"https:\/\/floridalawyers360.com\/es\/wp-json\/wp\/v2\/pages\/6062"}],"wp:attachment":[{"href":"https:\/\/floridalawyers360.com\/es\/wp-json\/wp\/v2\/media?parent=6077"}],"wp:term":[{"taxonomy":"category","embeddable":true,"href":"https:\/\/floridalawyers360.com\/es\/wp-json\/wp\/v2\/categories?post=6077"},{"taxonomy":"post_tag","embeddable":true,"href":"https:\/\/floridalawyers360.com\/es\/wp-json\/wp\/v2\/tags?post=6077"}],"curies":[{"name":"wp","href":"https:\/\/api.w.org\/{rel}","templated":true}]}}