{"id":6074,"date":"2024-02-08T13:58:46","date_gmt":"2024-02-08T18:58:46","guid":{"rendered":"https:\/\/floridalawyers360.com\/tampa\/tampa-compensable-work-injuries\/"},"modified":"2024-03-21T01:11:13","modified_gmt":"2024-03-21T06:11:13","slug":"lesiones-laborales-indemnizables-en-tampa","status":"publish","type":"page","link":"https:\/\/floridalawyers360.com\/es\/tampa\/lesiones-laborales-indemnizables-en-tampa\/","title":{"rendered":"Lesiones laborales indemnizables"},"content":{"rendered":"<p>\u00bfTiene Tampa lesiones laborales indemnizables? La indemnizaci\u00f3n de un especialista es un tipo de cobertura de protecci\u00f3n que tiene una empresa. Proporciona a los representantes cobertura monetaria en caso de cualquier percance relacionado con la empresa. Es probable que dar a los costos de tratamiento, el pago de los salarios perdidos, y otros.<\/p>\n<p>En caso de que sufra da\u00f1os en el trabajo, registrar y tramitar las necesidades de una garant\u00eda de indemnizaci\u00f3n laboral puede convertirse en una ardua tarea.<\/p>\n<p>En consecuencia, es fundamental encontrar el apoyo de nuestros abogados de compensaci\u00f3n de trabajadores de Tampa consumados.<\/p>\n<p>Ofrecemos administraciones entrevista introductoria gratuita, donde vamos a escuchar a usted, responder a cualquier pregunta que pueda tener, y dar el mejor movimiento leg\u00edtimo de hacer. Le dirigiremos con cada uno de los medios de la interacci\u00f3n del caso para las heridas compensables del trabajo de Tampa.<\/p>\n<p>P\u00f3ngase en contacto con nosotros para descubrir m\u00e1s acerca de su circunstancia y familiarizarse con el mejor movimiento leg\u00edtimo de hacer.<\/p>\n\t\t<div data-elementor-type=\"section\" data-elementor-id=\"208\" class=\"elementor elementor-208\" data-elementor-post-type=\"elementor_library\">\n\t\t\t\t\t<section class=\"elementor-section elementor-top-section elementor-element elementor-element-485e576a elementor-section-boxed elementor-section-height-default elementor-section-height-default\" data-id=\"485e576a\" data-element_type=\"section\" data-e-type=\"section\">\n\t\t\t\t\t\t<div class=\"elementor-container elementor-column-gap-default\">\n\t\t\t\t\t<div class=\"elementor-column elementor-col-100 elementor-top-column elementor-element elementor-element-635c38c0\" data-id=\"635c38c0\" data-element_type=\"column\" data-e-type=\"column\">\n\t\t\t<div class=\"elementor-widget-wrap elementor-element-populated\">\n\t\t\t\t\t\t<div class=\"elementor-element elementor-element-3ba95c8a elementor-toc--minimized-on-tablet elementor-widget elementor-widget-table-of-contents\" data-id=\"3ba95c8a\" data-element_type=\"widget\" data-e-type=\"widget\" data-settings=\"{&quot;exclude_headings_by_selector&quot;:&quot;.toc-remove&quot;,&quot;headings_by_tags&quot;:[&quot;h2&quot;,&quot;h3&quot;],&quot;marker_view&quot;:&quot;numbers&quot;,&quot;no_headings_message&quot;:&quot;No se ha encontrado ning\\u00fan encabezado en esta p\\u00e1gina.&quot;,&quot;minimize_box&quot;:&quot;yes&quot;,&quot;minimized_on&quot;:&quot;tablet&quot;,&quot;hierarchical_view&quot;:&quot;yes&quot;,&quot;min_height&quot;:{&quot;unit&quot;:&quot;px&quot;,&quot;size&quot;:&quot;&quot;,&quot;sizes&quot;:[]},&quot;min_height_tablet&quot;:{&quot;unit&quot;:&quot;px&quot;,&quot;size&quot;:&quot;&quot;,&quot;sizes&quot;:[]},&quot;min_height_mobile&quot;:{&quot;unit&quot;:&quot;px&quot;,&quot;size&quot;:&quot;&quot;,&quot;sizes&quot;:[]}}\" data-widget_type=\"table-of-contents.default\">\n\t\t\t\t\t\t\t\t\t<div class=\"elementor-toc__header\">\n\t\t\t\t\t\t<div class=\"elementor-toc__header-title\">\n\t\t\t\tTable of Contents\t\t\t<\/div>\n\t\t\t\t\t\t\t\t\t\t<div class=\"elementor-toc__toggle-button elementor-toc__toggle-button--expand\" role=\"button\" tabindex=\"0\" aria-controls=\"elementor-toc__3ba95c8a\" aria-expanded=\"true\" aria-label=\"Abrir la tabla de contenidos\"><svg aria-hidden=\"true\" class=\"e-font-icon-svg e-fas-chevron-down\" viewBox=\"0 0 448 512\" xmlns=\"http:\/\/www.w3.org\/2000\/svg\"><path d=\"M207.029 381.476L12.686 187.132c-9.373-9.373-9.373-24.569 0-33.941l22.667-22.667c9.357-9.357 24.522-9.375 33.901-.04L224 284.505l154.745-154.021c9.379-9.335 24.544-9.317 33.901.04l22.667 22.667c9.373 9.373 9.373 24.569 0 33.941L240.971 381.476c-9.373 9.372-24.569 9.372-33.942 0z\"><\/path><\/svg><\/div>\n\t\t\t\t<div class=\"elementor-toc__toggle-button elementor-toc__toggle-button--collapse\" role=\"button\" tabindex=\"0\" aria-controls=\"elementor-toc__3ba95c8a\" aria-expanded=\"true\" aria-label=\"Cerrar la tabla de contenidos\"><svg aria-hidden=\"true\" class=\"e-font-icon-svg e-fas-chevron-up\" viewBox=\"0 0 448 512\" xmlns=\"http:\/\/www.w3.org\/2000\/svg\"><path d=\"M240.971 130.524l194.343 194.343c9.373 9.373 9.373 24.569 0 33.941l-22.667 22.667c-9.357 9.357-24.522 9.375-33.901.04L224 227.495 69.255 381.516c-9.379 9.335-24.544 9.317-33.901-.04l-22.667-22.667c-9.373-9.373-9.373-24.569 0-33.941L207.03 130.525c9.372-9.373 24.568-9.373 33.941-.001z\"><\/path><\/svg><\/div>\n\t\t\t\t\t<\/div>\n\t\t\t\t<div id=\"elementor-toc__3ba95c8a\" class=\"elementor-toc__body\">\n\t\t\t<div class=\"elementor-toc__spinner-container\">\n\t\t\t\t<svg class=\"elementor-toc__spinner eicon-animation-spin e-font-icon-svg e-eicon-loading\" aria-hidden=\"true\" viewBox=\"0 0 1000 1000\" xmlns=\"http:\/\/www.w3.org\/2000\/svg\"><path d=\"M500 975V858C696 858 858 696 858 500S696 142 500 142 142 304 142 500H25C25 237 238 25 500 25S975 237 975 500 763 975 500 975Z\"><\/path><\/svg>\t\t\t<\/div>\n\t\t<\/div>\n\t\t\t\t\t\t<\/div>\n\t\t\t\t\t<\/div>\n\t\t<\/div>\n\t\t\t\t\t<\/div>\n\t\t<\/section>\n\t\t\t\t<\/div>\n\t\t\n<h2>\u00bfQu\u00e9 son las lesiones laborales indemnizables en Florida?<\/h2>\n<p>Para un representante para obtener beneficios de compensaci\u00f3n percance, debe haber un percance que es compensable &#8216;.<\/p>\n<p>En vista de las leyes de compensaci\u00f3n ventaja de la Florida, un representante debe apoyar ya sea enfermedad profesional o lesiones accidentales para un caso para ser visto como compensable.<\/p>\n<p>Con todo, la ventaja de compensaci\u00f3n de los trabajadores, posiblemente, se convertir\u00e1 en un factor integral cuando las heridas se demuestra que son una secuela de un accidente y por lo tanto puede ser visto como Tampa compensable heridas de trabajo.<\/p>\n<p>Posteriormente, los tribunales de Florida simplemente conceder Tampa heridas de trabajo compensables con beneficios de compensaci\u00f3n de trabajadores si tres elementos se establecen:<\/p>\n<ul>\n<li>Los da\u00f1os a un trabajador apoyado son un efecto posterior de un percance<\/li>\n<li>Las heridas un obrero apoyado surgi\u00f3 de la empresa<\/li>\n<li>Las heridas que el trabajador se produjo en el lapso de negocio (mientras que en el trabajo)<\/li>\n<\/ul>\n<p>&nbsp;<\/p>\n<p><a href=\"https:\/\/floridalawyers360.com\/wp-content\/uploads\/2024\/02\/tampa-compensable-work-injuries1-copy.webp\"><img fetchpriority=\"high\" decoding=\"async\" class=\"alignnone size-full wp-image-2794\" src=\"https:\/\/floridalawyers360.com\/wp-content\/uploads\/2024\/02\/tampa-compensable-work-injuries1-copy.webp\" alt=\"Tampa Compensable Work Injuries\" width=\"500\" height=\"334\" srcset=\"https:\/\/floridalawyers360.com\/wp-content\/uploads\/2024\/02\/tampa-compensable-work-injuries1-copy.webp 500w, https:\/\/floridalawyers360.com\/wp-content\/uploads\/2024\/02\/tampa-compensable-work-injuries1-copy-300x200.webp 300w\" sizes=\"(max-width: 500px) 100vw, 500px\" \/><\/a><\/p>\n<p>Adem\u00e1s, tal y como indica la ley de ventajas indemnizatorias de Florida, la investigaci\u00f3n de la indemnizabilidad requiere un percance que haya incapacitado al especialista.<\/p>\n<p><strong>NOTA<\/strong>: el t\u00e9rmino &#8216;Incapacitado&#8217; significa b\u00e1sicamente Incapacidad para adquirir la paga a la luz de un problema f\u00edsico a un trabajador que se produjo debido a una lesi\u00f3n relacionada con la empresa.&#8217;<\/p>\n<p>En vista de ello, un trabajador debe demostrar posteriormente que la lesi\u00f3n<\/p>\n<ul>\n<li>Le incapacit\u00f3 para trabajar o percibir un salario similar al que percib\u00eda antes de que se produjera la lesi\u00f3n en una empresa similar u otra empresa.<\/li>\n<li>Su incapacidad fue provocada por el perjuicio<\/li>\n<\/ul>\n<h3>Lesiones comunes en el \u00e1mbito de la indemnizaci\u00f3n por accidente de trabajo<\/h3>\n<ul>\n<li>Heridas en la espalda (heridas en los nervios, distensiones musculares, heridas en las v\u00e9rtebras o pasajes, heridas en tejidos delicados, etc\u00e9tera)<br \/>\n(bursitis, tendinitis, afecci\u00f3n del paso carpiano, etc.)<\/li>\n<li>Batallas y agresiones: un trabajador puede tener derecho a las prestaciones por lesiones indemnizatorias siempre que la cuesti\u00f3n se identifique con el trabajo y nada m\u00e1s.<\/li>\n<li>Las infecciones relacionadas con el trabajo (irritaci\u00f3n debido a la lesi\u00f3n ambiente de trabajo, rankles provocada por los instrumentos, la dolencia de aire comprimido, cualquier tipo de da\u00f1o, el amianto relacionados con el c\u00e1ncer, la audici\u00f3n desgracia, enfermedades provocadas por la apertura a los compuestos sint\u00e9ticos, y as\u00ed sucesivamente)<\/li>\n<li>Heridas causadas por el uso incorrecto o la rotura de aparatos<\/li>\n<\/ul>\n<p>&nbsp;<\/p>\n<p>Es imperativo tomar nota de la idea de que la lesi\u00f3n asume una parte fundamental. De ah\u00ed que la idea del percance deba ser autoevidente y efectivamente razonable a partir de un percance espec\u00edfico. Por ejemplo, las heridas por resbal\u00f3n y ca\u00edda pueden distinguirse eficazmente, lo que hace que la personalidad de las heridas sea muy evidente por s\u00ed misma.<\/p>\n<p>En consecuencia, la idea de la lesi\u00f3n no es autoevidente, un representante probablemente no estar\u00e1 en riesgo de obtener una indemnizaci\u00f3n.<\/p>\n<p>Para saber si sus heridas (heridas cl\u00ednicas o condici\u00f3n) son vistos como Tampa compensable heridas de trabajo y est\u00e1n cubiertos por la ley de compensaci\u00f3n de lesiones ventaja representante, es agudo para hacer frente a un abogado de compensaci\u00f3n de trabajadores consumados en la Florida.<\/p>\n<p><a href=\"https:\/\/floridalawyers360.com\/wp-content\/uploads\/2024\/02\/compensable-injuries-info.jpg\"><img decoding=\"async\" class=\"aligncenter wp-image-2707 size-large\" src=\"https:\/\/floridalawyers360.com\/wp-content\/uploads\/2024\/02\/compensable-injuries-info-791x1024.jpg\" alt=\"Compensabile Work Injuries\" width=\"791\" height=\"1024\" srcset=\"https:\/\/floridalawyers360.com\/wp-content\/uploads\/2024\/02\/compensable-injuries-info-791x1024.jpg 791w, https:\/\/floridalawyers360.com\/wp-content\/uploads\/2024\/02\/compensable-injuries-info-232x300.jpg 232w, https:\/\/floridalawyers360.com\/wp-content\/uploads\/2024\/02\/compensable-injuries-info-768x994.jpg 768w, https:\/\/floridalawyers360.com\/wp-content\/uploads\/2024\/02\/compensable-injuries-info-1187x1536.jpg 1187w, https:\/\/floridalawyers360.com\/wp-content\/uploads\/2024\/02\/compensable-injuries-info.jpg 1545w\" sizes=\"(max-width: 791px) 100vw, 791px\" \/><\/a><\/p>\n<h2>\u00bfQu\u00e9 puedo obtener por mi lesi\u00f3n laboral indemnizable en Tampa?<\/h2>\n<p>La suma que obtendr\u00e1 en una indemnizaci\u00f3n laboral variar\u00e1 dependiendo del grado del impacto.<\/p>\n<h3>Incapacidad Impermanente<\/h3>\n<p>En el caso de que tus heridas sean impermanentes y te impidan trabajar al mismo tiempo que te recuperas, en ese momento, cumplir\u00e1s todos los requisitos para obtener la ventaja TTD (Incapacidad Total Temporal).<\/p>\n<p>Tenga en cuenta que esta ventaja no cubre los siete d\u00edas iniciales de la incapacidad, salvo si va a estar de baja m\u00e1s de 21 d\u00edas.<\/p>\n<p>La ventaja apenas agrega hasta 2\/3 de su semana normal despu\u00e9s de la paga de la semana en la hora del percance y es simplemente pagadera mientras un a\u00f1o en que ser\u00e1 minusv\u00e1lido.<\/p>\n<h3>Incapacidad duradera<\/h3>\n<p>En lo que respecta a la incapacidad duradera, la ventaja diferir\u00e1 en funci\u00f3n de la lesi\u00f3n. Se valorar\u00e1 lo siguiente &#8211;<\/p>\n<p>P\u00e9rdida de utilizaci\u00f3n reservada: Si pierde una parte concreta de su cuerpo (dedos, desgarro, brazo, etc.), pierde la audici\u00f3n o la visi\u00f3n, puede obtener una prestaci\u00f3n por incapacidad permanente parcial, que se basar\u00e1 en un calendario que indique el mayor n\u00famero de meses para esa sensaci\u00f3n o parte.<\/p>\n<p>Via occasion, a deficiency of, or lasting injury to an organ or some portion of their body grants $20,000.<\/p>\n<h3>Incapacidad Total Perpetua<\/h3>\n<p>Un trabajador est\u00e1 calificado para asegurar beneficios de incapacidad absoluta duradera para el resto de su vida precisamente en la misma proporci\u00f3n que la ventaja TTD.<\/p>\n<p>Ll\u00e1menos hoy para informarse sobre su caso y el mejor paso legal a seguir. En Florida Lawyers 360, ofrecemos asesoramiento gratuito de introducci\u00f3n. Consiga su ayuda legal hoy para las heridas compensables del trabajo de Tampa; alcanzando a nuestro abogado de lesi\u00f3n de la remuneraci\u00f3n en <a href=\"tel:+19544487355\"><i class=\"fa fa-phone-alt\"><\/i>954-448-7355<\/a>.<\/p>\n<p><strong>NOTA<\/strong>: el t\u00e9rmino \u00abdiscapacitados\u00bb significa esencialmente Incapacidad para obtener la compensaci\u00f3n en vista de un problema f\u00edsico a un trabajador que se produjo debido a una lesi\u00f3n relacionada con la empresa.&#8217;<\/p>\n<p>En vista de ello, un especialista debe demostrar que la lesi\u00f3n<\/p>\n<ul>\n<li>le incapacit\u00f3 para trabajar o percibir un salario similar al que percib\u00eda antes de que se produjera la lesi\u00f3n en una empresa u otro trabajo similar<\/li>\n<li>Su insuficiencia fue provocada por el accidente.<\/li>\n<\/ul>\n<p>&nbsp;<\/p>\n<p><strong>Las Lesiones Comunes en la Indemnizaci\u00f3n por Accidentes de Trabajo:<\/strong><\/p>\n<ul>\n<li>Heridas en la espalda (heridas en los nervios, distensiones musculares, heridas en las v\u00e9rtebras o pases, heridas en tejidos delicados, etc\u00e9tera).<br \/>\n(bursitis, tendinitis, afecci\u00f3n del paso carpiano, etc.)<\/li>\n<li>Batalla y ataques &#8211; un trabajador puede tener derecho a prestaciones por lesiones de compensaci\u00f3n en la ocasi\u00f3n en que la cuesti\u00f3n se identifica con el trabajo y eso es todo.<\/li>\n<li>Infecciones relacionadas con la palabra (irritaci\u00f3n debido a la lesi\u00f3n del ambiente de trabajo, rankles provocados por dispositivos, enfermedad del aire embalado, cualquier tipo de da\u00f1ar, crecimiento maligno relacionado con el amianto, desgracia de la audici\u00f3n, enfermedades provocadas por la apertura a los compuestos sint\u00e9ticos, y as\u00ed sucesivamente)<\/li>\n<li>Heridas por aparatos provocadas por un uso incorrecto o un hardware defectuoso<\/li>\n<\/ul>\n<p>&nbsp;<\/p>\n<p><a href=\"https:\/\/floridalawyers360.com\/wp-content\/uploads\/2024\/02\/tampa-compensabile-work-injuries-2-copy.webp\"><img decoding=\"async\" class=\"alignnone size-full wp-image-2795\" src=\"https:\/\/floridalawyers360.com\/wp-content\/uploads\/2024\/02\/tampa-compensabile-work-injuries-2-copy.webp\" alt=\"Compensable Work Injuries\" width=\"500\" height=\"334\" srcset=\"https:\/\/floridalawyers360.com\/wp-content\/uploads\/2024\/02\/tampa-compensabile-work-injuries-2-copy.webp 500w, https:\/\/floridalawyers360.com\/wp-content\/uploads\/2024\/02\/tampa-compensabile-work-injuries-2-copy-300x200.webp 300w\" sizes=\"(max-width: 500px) 100vw, 500px\" \/><\/a><\/p>\n<p>Es fundamental tener en cuenta la idea de que la lesi\u00f3n asume una parte fundamental. En consecuencia, la idea del percance debe ser autoevidente y efectivamente l\u00f3gica a partir de un percance espec\u00edfico. Por ejemplo, las heridas por resbal\u00f3n y ca\u00edda pueden distinguirse eficazmente, lo que hace que la personalidad de las heridas sea muy evidente por s\u00ed misma.<\/p>\n<p>De esta manera, la idea de la lesi\u00f3n no es evidente, un representante probablemente no estar\u00e1 en riesgo de obtener una indemnizaci\u00f3n.<\/p>\n<p>Para saber si sus heridas (heridas cl\u00ednicas o condici\u00f3n) son vistos como Tampa compensable heridas de trabajo y est\u00e1n cubiertos por el representante de la ley de compensaci\u00f3n de lesiones ventaja, es astuto para hacer frente a un abogado de compensaci\u00f3n de trabajadores consumados en la Florida.<\/p>\n<h2>\u00bfQu\u00e9 Cantidad Puedo Obtener Por Mi Lesi\u00f3n Laboral Compensable En Tampa?<\/h2>\n<p>La suma que obtendr\u00e1 en una indemnizaci\u00f3n laboral variar\u00e1 dependiendo del grado del accidente.<\/p>\n<h3>Incapacidad Impermanente<\/h3>\n<p>En el caso de que sus heridas sean transitorias y las heridas le impidan trabajar mientras al mismo tiempo se recupera, en ese momento, usted cumplir\u00e1 con los requisitos para obtener la ventaja TTD (Incapacidad Total Temporal).<\/p>\n<p>Tenga en cuenta que esta ventaja no cubre los siete d\u00edas iniciales de la incapacidad, salvo si va a estar de baja m\u00e1s de 21 d\u00edas.<\/p>\n<p>La ventaja apenas agrega hasta 2\/3 de su semana normal despu\u00e9s de la remuneraci\u00f3n de la semana en la hora del percance y es simplemente pagadera mientras un a\u00f1o en que ser\u00e1 deteriorado.<\/p>\n<h2>Incapacidad perpetua<\/h2>\n<p>En cuanto a la incapacidad perpetua, la ventaja variar\u00e1 en funci\u00f3n de la lesi\u00f3n. Se valorar\u00e1 el acompa\u00f1amiento: &#8211;<\/p>\n<ul>\n<li><strong>P\u00e9rdida planificada de utilizaci\u00f3n<\/strong>: Si pierde una parte concreta de su cuerpo (dedos, desgarro, brazo, etc.), pierde la audici\u00f3n o la visi\u00f3n, podr\u00e1 obtener una prestaci\u00f3n por incapacidad permanente incompleta, que se basar\u00e1 en un calendario que indique el mayor n\u00famero de meses para esa sensaci\u00f3n o parte. Via caso, una deficiencia de, o lesi\u00f3n duradera de un \u00f3rgano o una parte de su cuerpo concede 20.000 $.<\/li>\n<li><strong>Incapacidad Total Duradera<\/strong>: Un representante est\u00e1 calificado para obtener beneficios de incapacidad total perpetua para el resto de su vida precisamente a la misma tasa que la ventaja TTD.<\/li>\n<\/ul>\n<p>&nbsp;<\/p>\n<p>Ll\u00e1menos hoy para informarse sobre su caso y el mejor paso leg\u00edtimo a seguir. En Florida Lawyers 360, damos administraciones de discusi\u00f3n introductoria gratuita. Consiga la ayuda legal que usted necesita hoy para las heridas compensables del trabajo de Tampa.<\/p>\n<p>Alcance hacia fuera a nuestros abogados de lesi\u00f3n de la remuneraci\u00f3n en <a href=\"tel:+19544487355\"><i class=\"fa fa-phone-alt\"><\/i>954-448-7355<\/a>.<\/p>\n","protected":false},"excerpt":{"rendered":"<p>\u00bfTiene Tampa lesiones laborales indemnizables? La indemnizaci\u00f3n de un especialista es un tipo de cobertura de protecci\u00f3n que tiene una empresa. Proporciona a los representantes cobertura monetaria en caso de cualquier percance relacionado con la empresa. Es probable que dar a los costos de tratamiento, el pago de los salarios perdidos, y otros. En caso [&hellip;]<\/p>\n","protected":false},"author":22,"featured_media":0,"parent":6062,"menu_order":0,"comment_status":"closed","ping_status":"closed","template":"","meta":{"_acf_changed":false,"anchor_text":"","footnotes":""},"categories":[],"tags":[],"class_list":["post-6074","page","type-page","status-publish","hentry"],"acf":[],"_links":{"self":[{"href":"https:\/\/floridalawyers360.com\/es\/wp-json\/wp\/v2\/pages\/6074","targetHints":{"allow":["GET"]}}],"collection":[{"href":"https:\/\/floridalawyers360.com\/es\/wp-json\/wp\/v2\/pages"}],"about":[{"href":"https:\/\/floridalawyers360.com\/es\/wp-json\/wp\/v2\/types\/page"}],"author":[{"embeddable":true,"href":"https:\/\/floridalawyers360.com\/es\/wp-json\/wp\/v2\/users\/22"}],"replies":[{"embeddable":true,"href":"https:\/\/floridalawyers360.com\/es\/wp-json\/wp\/v2\/comments?post=6074"}],"version-history":[{"count":3,"href":"https:\/\/floridalawyers360.com\/es\/wp-json\/wp\/v2\/pages\/6074\/revisions"}],"predecessor-version":[{"id":6267,"href":"https:\/\/floridalawyers360.com\/es\/wp-json\/wp\/v2\/pages\/6074\/revisions\/6267"}],"up":[{"embeddable":true,"href":"https:\/\/floridalawyers360.com\/es\/wp-json\/wp\/v2\/pages\/6062"}],"wp:attachment":[{"href":"https:\/\/floridalawyers360.com\/es\/wp-json\/wp\/v2\/media?parent=6074"}],"wp:term":[{"taxonomy":"category","embeddable":true,"href":"https:\/\/floridalawyers360.com\/es\/wp-json\/wp\/v2\/categories?post=6074"},{"taxonomy":"post_tag","embeddable":true,"href":"https:\/\/floridalawyers360.com\/es\/wp-json\/wp\/v2\/tags?post=6074"}],"curies":[{"name":"wp","href":"https:\/\/api.w.org\/{rel}","templated":true}]}}