{"id":6071,"date":"2020-12-08T16:35:37","date_gmt":"2020-12-08T21:35:37","guid":{"rendered":"https:\/\/floridalawyers360.com\/tampa\/tampa-car-accident-lawyer\/"},"modified":"2024-03-21T01:08:40","modified_gmt":"2024-03-21T06:08:40","slug":"abogado-de-accidente-de-coche","status":"publish","type":"page","link":"https:\/\/floridalawyers360.com\/es\/tampa\/abogado-de-accidente-de-coche\/","title":{"rendered":"Accidente de tr\u00e1fico"},"content":{"rendered":"<p>Nadie espera verse implicado en un accidente de tr\u00e1fico. Aun as\u00ed, cada a\u00f1o se producen m\u00e1s de 38.000 en las carreteras estadounidenses. Un accidente de tr\u00e1fico grave puede poner su vida patas arriba. Si usted o un ser querido han resultado heridos en una colisi\u00f3n de veh\u00edculos, merecen una indemnizaci\u00f3n si la culpa es de una negligencia ajena.<\/p>\n<p>Lamentablemente, conseguir la indemnizaci\u00f3n que merece por sus lesiones y da\u00f1os no es f\u00e1cil. Las compa\u00f1\u00edas de seguros siempre intentan denegar o limitar su indemnizaci\u00f3n. Tienen ajustadores de reclamos y abogados de su lado que har\u00e1n todo lo posible para minimizar cualquier pago por un reclamo de accidente de auto en Tampa.<\/p>\n<p>En Florida Lawyers 360, conocemos todas las estrategias que las compa\u00f1\u00edas de seguros utilizan cuando manejan las reclamaciones de accidentes de sus v\u00edctimas. Nuestros abogados de accidentes automovil\u00edsticos en Tampa pueden ayudarle a luchar por sus derechos contra cualquier compa\u00f1\u00eda de seguros. Estamos familiarizados con las t\u00e1cticas y trucos que estas firmas emplean para intimidar a las v\u00edctimas de accidentes automovil\u00edsticos en Tampa, FL.<\/p>\n<p>Florida Lawyers 360 luchar\u00e1 agresivamente para asegurarse de que usted obtenga el mejor acuerdo. Llame <a href=\"tel:+19544487355\"><i class=\"fa fa-phone-alt\"><\/i>954-448-7355<\/a> hoy para discutir sus opciones legales con un abogado experimentado en accidentes automovil\u00edsticos en Tampa.<\/p>\n\t\t<div data-elementor-type=\"section\" data-elementor-id=\"208\" class=\"elementor elementor-208\" data-elementor-post-type=\"elementor_library\">\n\t\t\t\t\t<section class=\"elementor-section elementor-top-section elementor-element elementor-element-485e576a elementor-section-boxed elementor-section-height-default elementor-section-height-default\" data-id=\"485e576a\" data-element_type=\"section\" data-e-type=\"section\">\n\t\t\t\t\t\t<div class=\"elementor-container elementor-column-gap-default\">\n\t\t\t\t\t<div class=\"elementor-column elementor-col-100 elementor-top-column elementor-element elementor-element-635c38c0\" data-id=\"635c38c0\" data-element_type=\"column\" data-e-type=\"column\">\n\t\t\t<div class=\"elementor-widget-wrap elementor-element-populated\">\n\t\t\t\t\t\t<div class=\"elementor-element elementor-element-3ba95c8a elementor-toc--minimized-on-tablet elementor-widget elementor-widget-table-of-contents\" data-id=\"3ba95c8a\" data-element_type=\"widget\" data-e-type=\"widget\" data-settings=\"{&quot;exclude_headings_by_selector&quot;:&quot;.toc-remove&quot;,&quot;headings_by_tags&quot;:[&quot;h2&quot;,&quot;h3&quot;],&quot;marker_view&quot;:&quot;numbers&quot;,&quot;no_headings_message&quot;:&quot;No se ha encontrado ning\\u00fan encabezado en esta p\\u00e1gina.&quot;,&quot;minimize_box&quot;:&quot;yes&quot;,&quot;minimized_on&quot;:&quot;tablet&quot;,&quot;hierarchical_view&quot;:&quot;yes&quot;,&quot;min_height&quot;:{&quot;unit&quot;:&quot;px&quot;,&quot;size&quot;:&quot;&quot;,&quot;sizes&quot;:[]},&quot;min_height_tablet&quot;:{&quot;unit&quot;:&quot;px&quot;,&quot;size&quot;:&quot;&quot;,&quot;sizes&quot;:[]},&quot;min_height_mobile&quot;:{&quot;unit&quot;:&quot;px&quot;,&quot;size&quot;:&quot;&quot;,&quot;sizes&quot;:[]}}\" data-widget_type=\"table-of-contents.default\">\n\t\t\t\t\t\t\t\t\t<div class=\"elementor-toc__header\">\n\t\t\t\t\t\t<div class=\"elementor-toc__header-title\">\n\t\t\t\tTable of Contents\t\t\t<\/div>\n\t\t\t\t\t\t\t\t\t\t<div class=\"elementor-toc__toggle-button elementor-toc__toggle-button--expand\" role=\"button\" tabindex=\"0\" aria-controls=\"elementor-toc__3ba95c8a\" aria-expanded=\"true\" aria-label=\"Abrir la tabla de contenidos\"><svg aria-hidden=\"true\" class=\"e-font-icon-svg e-fas-chevron-down\" viewBox=\"0 0 448 512\" xmlns=\"http:\/\/www.w3.org\/2000\/svg\"><path d=\"M207.029 381.476L12.686 187.132c-9.373-9.373-9.373-24.569 0-33.941l22.667-22.667c9.357-9.357 24.522-9.375 33.901-.04L224 284.505l154.745-154.021c9.379-9.335 24.544-9.317 33.901.04l22.667 22.667c9.373 9.373 9.373 24.569 0 33.941L240.971 381.476c-9.373 9.372-24.569 9.372-33.942 0z\"><\/path><\/svg><\/div>\n\t\t\t\t<div class=\"elementor-toc__toggle-button elementor-toc__toggle-button--collapse\" role=\"button\" tabindex=\"0\" aria-controls=\"elementor-toc__3ba95c8a\" aria-expanded=\"true\" aria-label=\"Cerrar la tabla de contenidos\"><svg aria-hidden=\"true\" class=\"e-font-icon-svg e-fas-chevron-up\" viewBox=\"0 0 448 512\" xmlns=\"http:\/\/www.w3.org\/2000\/svg\"><path d=\"M240.971 130.524l194.343 194.343c9.373 9.373 9.373 24.569 0 33.941l-22.667 22.667c-9.357 9.357-24.522 9.375-33.901.04L224 227.495 69.255 381.516c-9.379 9.335-24.544 9.317-33.901-.04l-22.667-22.667c-9.373-9.373-9.373-24.569 0-33.941L207.03 130.525c9.372-9.373 24.568-9.373 33.941-.001z\"><\/path><\/svg><\/div>\n\t\t\t\t\t<\/div>\n\t\t\t\t<div id=\"elementor-toc__3ba95c8a\" class=\"elementor-toc__body\">\n\t\t\t<div class=\"elementor-toc__spinner-container\">\n\t\t\t\t<svg class=\"elementor-toc__spinner eicon-animation-spin e-font-icon-svg e-eicon-loading\" aria-hidden=\"true\" viewBox=\"0 0 1000 1000\" xmlns=\"http:\/\/www.w3.org\/2000\/svg\"><path d=\"M500 975V858C696 858 858 696 858 500S696 142 500 142 142 304 142 500H25C25 237 238 25 500 25S975 237 975 500 763 975 500 975Z\"><\/path><\/svg>\t\t\t<\/div>\n\t\t<\/div>\n\t\t\t\t\t\t<\/div>\n\t\t\t\t\t<\/div>\n\t\t<\/div>\n\t\t\t\t\t<\/div>\n\t\t<\/section>\n\t\t\t\t<\/div>\n\t\t\n<h2>\u00bfCu\u00e1nto cuesta un abogado de accidentes de tr\u00e1fico?<\/h2>\n<p>Las v\u00edctimas de accidentes de coche a menudo dudan en ponerse en contacto con abogados de lesiones personales. Est\u00e1n preocupados por los costosos honorarios iniciales que pueden tener que pagar por los servicios legales. En Florida Lawyers 360, sabemos que usted est\u00e1 pasando por un momento dif\u00edcil.<\/p>\n<p>No cobramos honorarios por adelantado por nuestros servicios. Operamos en base a honorarios de contingencia en Tampa, FL, para todos nuestros casos de accidentes automovil\u00edsticos.<\/p>\n<h2>\u00bfQu\u00e9 debo hacer tras un accidente de tr\u00e1fico?<\/h2>\n<p>Lo m\u00e1s importante despu\u00e9s de un accidente automovil\u00edstico es que usted est\u00e9 f\u00edsicamente sano. Aqu\u00ed est\u00e1n las cosas que usted debe hacer despu\u00e9s de un accidente de coche en Tampa, FL:<\/p>\n<h3>Llama a la polic\u00eda<\/h3>\n<p>Llama a las autoridades inmediatamente despu\u00e9s de un accidente de tr\u00e1fico. Tu aseguradora necesitar\u00e1 un informe oficial de la polic\u00eda para determinar tu indemnizaci\u00f3n.<\/p>\n<h3>Comprueba si hay otros implicados<\/h3>\n<p>\u00bfEst\u00e1n heridos los dem\u00e1s ocupantes de los veh\u00edculos? \u00bfHay alg\u00fan coche en llamas? Averigua si alguna de las partes necesita asistencia. Aun as\u00ed, no abandones el lugar del accidente antes de que llegue la polic\u00eda.<\/p>\n<h3>Intercambia informaci\u00f3n<\/h3>\n<p>Di s\u00f3lo tu nombre y los datos del seguro a la otra parte. P\u00eddeles sus datos: nombre, tel\u00e9fono, direcci\u00f3n, seguro, matr\u00edcula y modelo de coche.<\/p>\n<h3>Graba la escena<\/h3>\n<p>Fotograf\u00eda el lugar del accidente con tu tel\u00e9fono. Tome fotos de moretones, cortes, da\u00f1os al veh\u00edculo, se\u00f1ales de tr\u00e1fico, marcas de derrape, o cualquier otro cambio \u00fanico hecho despu\u00e9s de que ocurri\u00f3 el accidente. Estos detalles son \u00fatiles cuando se construye una fuerte demanda de accidente de coche Tampa.<\/p>\n<p>Nunca admita que usted estaba en el mal. Niegue todas las acusaciones que cualquier otra parte hace. Una admisi\u00f3n de culpa puede arruinar completamente su reclamo.<\/p>\n<h3>Nunca Admita Culpa<\/h3>\n<p>Nunca admita que usted estaba equivocado. Niegue todas las alegaciones de la otra parte. Admitir la culpa puede arruinar por completo su reclamaci\u00f3n.<\/p>\n<p>No asuma que est\u00e1 bien despu\u00e9s de una colisi\u00f3n. Puede sufrir conmociones cerebrales o hemorragias internas que empeoren con el paso del tiempo. Visite a su m\u00e9dico para cualquier tratamiento m\u00e9dico adicional y documentaci\u00f3n de lesiones.<\/p>\n<p><a href=\"https:\/\/floridalawyers360.com\/wp-content\/uploads\/2024\/02\/tampa-car-accident-500x333-1.jpg\"><img fetchpriority=\"high\" decoding=\"async\" class=\"alignnone size-full wp-image-2038\" src=\"https:\/\/floridalawyers360.com\/wp-content\/uploads\/2024\/02\/tampa-car-accident-500x333-1.jpg\" alt=\"Tampa Car Accident Lawyer\" width=\"500\" height=\"333\" srcset=\"https:\/\/floridalawyers360.com\/wp-content\/uploads\/2024\/02\/tampa-car-accident-500x333-1.jpg 500w, https:\/\/floridalawyers360.com\/wp-content\/uploads\/2024\/02\/tampa-car-accident-500x333-1-300x200.jpg 300w\" sizes=\"(max-width: 500px) 100vw, 500px\" \/><\/a><\/p>\n<h3>Llame a un abogado de accidentes de tr\u00e1fico<\/h3>\n<p>\u00bfNo est\u00e1 seguro si tiene un caso? Hable con un abogado con experiencia en accidentes automovil\u00edsticos en Tampa hoy para obtener m\u00e1s informaci\u00f3n sobre sus derechos legales. En Florida Lawyers 360, vamos a ir a trav\u00e9s de todas sus opciones legales y le aconsejar\u00e1 sobre c\u00f3mo proceder con su caso de accidente de coche.<\/p>\n<h2>\u00bfCu\u00e1l es la indemnizaci\u00f3n media por accidente de tr\u00e1fico?<\/h2>\n<p>Los accidentes de coche nunca son acontecimientos uniformes; cada uno lleva sus matices distintivos que se deben evaluar cuidadosamente para un establecimiento justo. En los casos de lesiones graves y discapacidades duraderas, las indemnizaciones tienden a ser sustancialmente m\u00e1s altas.<\/p>\n<p>El Insurance Information Institute (Instituto de Informaci\u00f3n de Seguros) informa de que la indemnizaci\u00f3n media por accidente de tr\u00e1fico en EE.UU. es de aproximadamente 18.417 d\u00f3lares.<\/p>\n<p>Sin embargo, en Florida, un estado sin culpa, las indemnizaciones por accidente de coche a menudo pueden ser m\u00e1s bajas debido al marco jur\u00eddico espec\u00edfico en vigor. Esto subraya la importancia de buscar orientaci\u00f3n profesional para navegar por las complejidades de las reclamaciones de accidentes de coche y asegurarse de que recibe una compensaci\u00f3n justa para sus circunstancias \u00fanicas.<\/p>\n<h2>\u00bfCu\u00e1ndo debo contratar a un abogado por mi accidente de tr\u00e1fico?<\/h2>\n<p>Usted tiene el derecho de contratar a un abogado despu\u00e9s de un accidente. Despu\u00e9s de un accidente automovil\u00edstico en Tampa, usted puede estar en estado de shock y confundido. Usted puede olvidarse de ponerse en contacto con un abogado despu\u00e9s de su accidente. Sin embargo, ponerse en contacto con un abogado poco despu\u00e9s de su accidente es la mejor opci\u00f3n.<\/p>\n<p>Cuanto antes se ponga en contacto con Florida Lawyers 360, mejores ser\u00e1n sus posibilidades de maximizar su compensaci\u00f3n.<\/p>\n<h2>\u00bfPor qu\u00e9 necesito un abogado?<\/h2>\n<p>Las leyes de lesiones personales y accidentes automovil\u00edsticos son complicadas. Usted requiere la asistencia legal de un bufete de abogados con experiencia para ayudarle a asegurar un acuerdo favorable para su reclamaci\u00f3n de accidente de autom\u00f3vil en Florida. He aqu\u00ed c\u00f3mo un abogado experimentado en accidentes automovil\u00edsticos puede ayudarle:<\/p>\n<h3>Preparaci\u00f3n del caso \/ Presentaci\u00f3n de una demanda<\/h3>\n<p>Investigaciones independientes exhaustivas nos permitir\u00e1n averiguar qu\u00e9 ocurri\u00f3 durante su accidente. Despu\u00e9s de la recolecci\u00f3n de pruebas, analizaremos todos los aspectos de su caso para determinar la culpa. Tambi\u00e9n vamos a presentar una demanda antes de que expire el plazo de Florida.<\/p>\n<p>Nuestros abogados negociar\u00e1n agresivamente con los abogados de la aseguradora y los ajustadores de reclamaciones para asegurar la mejor compensaci\u00f3n por sus lesiones.<\/p>\n<h3>Preparaci\u00f3n del juicio y representaci\u00f3n<\/h3>\n<p>A veces, los acuerdos extrajudiciales no dan fruto. Nuestros abogados litigantes est\u00e1n preparados para representarle ante los tribunales. Construiremos un caso s\u00f3lido que demuestre c\u00f3mo las acciones negligentes del demandado condujeron a sus lesiones y da\u00f1os.<\/p>\n<h3>\u00bfCu\u00e1nto puedo esperar recibir por mis da\u00f1os?<\/h3>\n<p>No existe una cifra fija para los casos de lesiones personales. Se tendr\u00e1n en cuenta todos los factores de su caso a la hora de determinar la cuant\u00eda de la indemnizaci\u00f3n. En Florida, usted puede recibir una indemnizaci\u00f3n aunque tenga la mayor parte de la culpa del accidente.<\/p>\n<p>Es posible que tenga derecho a recibir una indemnizaci\u00f3n mayor si ha sufrido lesiones graves.<\/p>\n<p><a href=\"https:\/\/floridalawyers360.com\/wp-content\/uploads\/2024\/02\/f924208e-83a4-427e-853e-864ebde869fc.png\"><img decoding=\"async\" class=\"alignnone size-full wp-image-2039\" src=\"https:\/\/floridalawyers360.com\/wp-content\/uploads\/2024\/02\/f924208e-83a4-427e-853e-864ebde869fc.png\" alt=\"How much can I receive for my damages\" width=\"500\" height=\"334\" srcset=\"https:\/\/floridalawyers360.com\/wp-content\/uploads\/2024\/02\/f924208e-83a4-427e-853e-864ebde869fc.png 500w, https:\/\/floridalawyers360.com\/wp-content\/uploads\/2024\/02\/f924208e-83a4-427e-853e-864ebde869fc-300x200.png 300w\" sizes=\"(max-width: 500px) 100vw, 500px\" \/><\/a><\/p>\n<h2>\u00bfQu\u00e9 tipo de da\u00f1os puedo recuperar?<\/h2>\n<p>Si usted es v\u00edctima de una colisi\u00f3n automovil\u00edstica en Tampa, FL, puede tener derecho a las siguientes compensaciones:<\/p>\n<h3>Da\u00f1os Econ\u00f3micos<\/h3>\n<p>Estos son da\u00f1os compensatorios por p\u00e9rdidas tangibles tales como:<\/p>\n<ul>\n<li>Gastos m\u00e9dicos como cirug\u00eda, hospitalizaci\u00f3n, visitas a urgencias y costos de radiolog\u00eda.<\/li>\n<li>Gastos de rehabilitaci\u00f3n como dispositivos de asistencia y terapia f\u00edsica<\/li>\n<li>Salarios perdidos<\/li>\n<li>Da\u00f1os materiales<\/li>\n<\/ul>\n<h3>Da\u00f1os no econ\u00f3micos<\/h3>\n<p>Se conceden por las p\u00e9rdidas intangibles que sufre una v\u00edctima, entre las que se incluyen:<\/p>\n<ul>\n<li>Cicatrices y desfiguraci\u00f3n<\/li>\n<li>P\u00e9rdida de consorcio<\/li>\n<li>P\u00e9rdida del disfrute de la vida<\/li>\n<li>Da\u00f1os punitivos<\/li>\n<\/ul>\n<p>&nbsp;<\/p>\n<p>Los da\u00f1os punitivos son un potente instrumento de justicia cuando la conducta del demandado alcanza el nivel de mala conducta intencionada o negligencia grave. Estos da\u00f1os est\u00e1n dise\u00f1ados no s\u00f3lo para compensar a las v\u00edctimas, sino tambi\u00e9n para disuadir a futuros casos de comportamiento reprobable.<\/p>\n<p>Es importante se\u00f1alar que, en Florida, las indemnizaciones punitivas est\u00e1n sujetas a un l\u00edmite m\u00e1ximo de 500.000 d\u00f3lares, lo que subraya el compromiso del Estado de lograr un equilibrio entre la responsabilidad y la responsabilidad fiscal en el sistema jur\u00eddico.<\/p>\n<h2>\u00bfC\u00f3mo se determina la culpa en los accidentes de coche en Tampa, Florida?<\/h2>\n<p>El estado de Florida aplica las reglas de negligencia comparativa pura al determinar la culpa. Esto implica que un demandante puede recuperar los da\u00f1os por un accidente a pesar de que se les asign\u00f3 el 99% de la culpa. Usted todav\u00eda puede recuperar el 1% de los da\u00f1os si usted era el conductor culpable asignado 99% de culpa.<\/p>\n<p><a href=\"https:\/\/floridalawyers360.com\/wp-content\/uploads\/2024\/02\/tampa-car-accident-9-500x333-1.jpg\"><img decoding=\"async\" class=\"alignnone size-full wp-image-2040\" src=\"https:\/\/floridalawyers360.com\/wp-content\/uploads\/2024\/02\/tampa-car-accident-9-500x333-1.jpg\" alt=\"Contact Our Tampa Car Accident Lawyer Today\" width=\"500\" height=\"333\" srcset=\"https:\/\/floridalawyers360.com\/wp-content\/uploads\/2024\/02\/tampa-car-accident-9-500x333-1.jpg 500w, https:\/\/floridalawyers360.com\/wp-content\/uploads\/2024\/02\/tampa-car-accident-9-500x333-1-300x200.jpg 300w\" sizes=\"(max-width: 500px) 100vw, 500px\" \/><\/a><\/p>\n<h2>\u00bfCu\u00e1nto tiempo tengo para presentar una demanda en Tampa, Florida?<\/h2>\n<p>Cada estado en los EE.UU. tiene un estatuto diferente de limitaciones para casos de lesiones personales. En Florida, usted tiene cuatro a\u00f1os a partir de la fecha de la colisi\u00f3n para presentar su reclamo. Esto le da tiempo suficiente para descansar y recuperarse mientras su abogado de accidente de coche en Tampa maneja su reclamo.<\/p>\n<p>Usted corre el riesgo de no recibir compensaci\u00f3n por sus lesiones si no presenta su demanda por lesiones personales a tiempo. P\u00f3ngase en contacto con Florida Lawyers 360 hoy para comenzar con su proceso de reclamaci\u00f3n.<\/p>\n<h2>\u00bfC\u00f3mo puede ayudarme un abogado a presentar mi reclamaci\u00f3n al seguro?<\/h2>\n<p>Las compa\u00f1\u00edas de seguros siempre tratan de utilizar t\u00e1cticas enga\u00f1osas para negar su reclamo. Ellos pueden tratar de demostrar que las lesiones que ha sufrido no fueron el resultado de los abogados de accidentes de coche todos. Tambi\u00e9n pueden utilizar sus propias palabras en su contra y establecer su negligencia en un caso de accidente de coche.<\/p>\n<p>Sus intereses financieros y los de su compa\u00f1\u00eda de seguros est\u00e1n siempre en una encrucijada en una demanda de accidente de coche Tampa. Una parte quiere la m\u00e1xima compensaci\u00f3n, mientras que la otra espera la menor cantidad de pago.<\/p>\n<p>Usted requiere la ayuda de un abogado con experiencia en accidentes automovil\u00edsticos en Tampa para obtener el mejor acuerdo para su reclamo. En Florida Lawyers 360, nuestro equipo legal se asegurar\u00e1 de que su reclamaci\u00f3n al seguro se presente a tiempo. Este proceso involucra mucho papeleo.<\/p>\n<p>Nos aseguraremos de que su reclamo se presente utilizando el procedimiento adecuado para maximizar su acuerdo.<\/p>\n<h2>\u00bfQu\u00e9 pasa si el otro conductor no tiene seguro?<\/h2>\n<p>Florida es un estado sin culpa. Aqu\u00ed, usted primero tendr\u00e1 que buscar la compensaci\u00f3n para sus da\u00f1os de su propio asegurador. Su compa\u00f1\u00eda de seguros puede pagar por sus da\u00f1os a pesar de que usted no es responsable de su accidente.<\/p>\n<p>Si usted tiene cobertura de motorista sin seguro, su aseguradora pagar\u00e1 por los da\u00f1os en un accidente de coche sin seguro en Tampa. Esta p\u00f3liza puede cubrir sus da\u00f1os monetarios tales como p\u00e9rdida de ingresos y facturas m\u00e9dicas una vez que su cobertura de protecci\u00f3n contra lesiones personales ($10,000) se haya agotado.<\/p>\n<h2>Presente su reclamo con nuestros abogados de accidentes automovil\u00edsticos en Tampa<\/h2>\n<p>Si usted ha sufrido lesiones graves en un accidente de veh\u00edculo y cree que tiene un caso de lesiones personales, p\u00f3ngase en contacto con los abogados de accidente de coche de Tampa de Florida Lawyers 360 para discutir sus opciones legales. Entendemos lo traum\u00e1tica que puede ser esta experiencia.<\/p>\n<p>Nuestro equipo legal puede construir una fuerte demanda por accidente de auto mientras usted se concentra en su recuperaci\u00f3n.<\/p>\n<p>En Florida Lawyers 360, nuestros reputados abogados de accidentes automovil\u00edsticos recopilar\u00e1n y analizar\u00e1n pruebas de accidentes automovil\u00edsticos, incluyendo im\u00e1genes de la c\u00e1mara del salpicadero, grabaciones de CCTV, fotos y v\u00eddeos de la escena, declaraciones de testigos, informes policiales y registros m\u00e9dicos para construir un caso s\u00f3lido.<\/p>\n<p>P\u00f3ngase en contacto con nuestro bufete de lesiones personales en Tampa, FL, hoy para una revisi\u00f3n gratuita de su caso. \u00a1Estamos disponibles 24\/7! \u00a1Llame <a href=\"tel:+19544487355\"><i class=\"fa fa-phone-alt\"><\/i>954-448-7355<\/a> para empezar!<\/p>\n","protected":false},"excerpt":{"rendered":"<p>Nadie espera verse implicado en un accidente de tr\u00e1fico. Aun as\u00ed, cada a\u00f1o se producen m\u00e1s de 38.000 en las carreteras estadounidenses. Un accidente de tr\u00e1fico grave puede poner su vida patas arriba. Si usted o un ser querido han resultado heridos en una colisi\u00f3n de veh\u00edculos, merecen una indemnizaci\u00f3n si la culpa es de [&hellip;]<\/p>\n","protected":false},"author":22,"featured_media":0,"parent":6062,"menu_order":0,"comment_status":"closed","ping_status":"closed","template":"","meta":{"_acf_changed":false,"anchor_text":"","footnotes":""},"categories":[],"tags":[],"class_list":["post-6071","page","type-page","status-publish","hentry"],"acf":[],"_links":{"self":[{"href":"https:\/\/floridalawyers360.com\/es\/wp-json\/wp\/v2\/pages\/6071","targetHints":{"allow":["GET"]}}],"collection":[{"href":"https:\/\/floridalawyers360.com\/es\/wp-json\/wp\/v2\/pages"}],"about":[{"href":"https:\/\/floridalawyers360.com\/es\/wp-json\/wp\/v2\/types\/page"}],"author":[{"embeddable":true,"href":"https:\/\/floridalawyers360.com\/es\/wp-json\/wp\/v2\/users\/22"}],"replies":[{"embeddable":true,"href":"https:\/\/floridalawyers360.com\/es\/wp-json\/wp\/v2\/comments?post=6071"}],"version-history":[{"count":4,"href":"https:\/\/floridalawyers360.com\/es\/wp-json\/wp\/v2\/pages\/6071\/revisions"}],"predecessor-version":[{"id":6265,"href":"https:\/\/floridalawyers360.com\/es\/wp-json\/wp\/v2\/pages\/6071\/revisions\/6265"}],"up":[{"embeddable":true,"href":"https:\/\/floridalawyers360.com\/es\/wp-json\/wp\/v2\/pages\/6062"}],"wp:attachment":[{"href":"https:\/\/floridalawyers360.com\/es\/wp-json\/wp\/v2\/media?parent=6071"}],"wp:term":[{"taxonomy":"category","embeddable":true,"href":"https:\/\/floridalawyers360.com\/es\/wp-json\/wp\/v2\/categories?post=6071"},{"taxonomy":"post_tag","embeddable":true,"href":"https:\/\/floridalawyers360.com\/es\/wp-json\/wp\/v2\/tags?post=6071"}],"curies":[{"name":"wp","href":"https:\/\/api.w.org\/{rel}","templated":true}]}}