{"id":6068,"date":"2024-02-08T11:27:07","date_gmt":"2024-02-08T16:27:07","guid":{"rendered":"https:\/\/floridalawyers360.com\/tampa\/tampa-bicycle-accident-lawyer\/"},"modified":"2024-03-21T01:25:08","modified_gmt":"2024-03-21T06:25:08","slug":"abogado-de-accidente-de-bicicleta","status":"publish","type":"page","link":"https:\/\/floridalawyers360.com\/es\/tampa\/abogado-de-accidente-de-bicicleta\/","title":{"rendered":"Accidente de Bicicleta"},"content":{"rendered":"<p>\u00bfHa sido herido en un accidente de bicicleta en Tampa FL? \u00bfSe pregunta si merece o no una indemnizaci\u00f3n? Bueno, usted podr\u00eda tener derecho a una indemnizaci\u00f3n en funci\u00f3n de las circunstancias que rodean el accidente de bicicleta.<\/p>\n<p>Nuestros abogados de accidentes de bicicleta en Tampa est\u00e1n aqu\u00ed para ayudarle a recibir la compensaci\u00f3n que se merece. Llame <a href=\"tel:+19544487355\"><i class=\"fa fa-phone-alt\"><\/i>954-448-7355<\/a> hoy para programar una consulta gratuita y revisar sus opciones legales con nuestros abogados de lesiones personales.<\/p>\n\t\t<div data-elementor-type=\"section\" data-elementor-id=\"208\" class=\"elementor elementor-208\" data-elementor-post-type=\"elementor_library\">\n\t\t\t\t\t<section class=\"elementor-section elementor-top-section elementor-element elementor-element-485e576a elementor-section-boxed elementor-section-height-default elementor-section-height-default\" data-id=\"485e576a\" data-element_type=\"section\" data-e-type=\"section\">\n\t\t\t\t\t\t<div class=\"elementor-container elementor-column-gap-default\">\n\t\t\t\t\t<div class=\"elementor-column elementor-col-100 elementor-top-column elementor-element elementor-element-635c38c0\" data-id=\"635c38c0\" data-element_type=\"column\" data-e-type=\"column\">\n\t\t\t<div class=\"elementor-widget-wrap elementor-element-populated\">\n\t\t\t\t\t\t<div class=\"elementor-element elementor-element-3ba95c8a elementor-toc--minimized-on-tablet elementor-widget elementor-widget-table-of-contents\" data-id=\"3ba95c8a\" data-element_type=\"widget\" data-e-type=\"widget\" data-settings=\"{&quot;exclude_headings_by_selector&quot;:&quot;.toc-remove&quot;,&quot;headings_by_tags&quot;:[&quot;h2&quot;,&quot;h3&quot;],&quot;marker_view&quot;:&quot;numbers&quot;,&quot;no_headings_message&quot;:&quot;No se ha encontrado ning\\u00fan encabezado en esta p\\u00e1gina.&quot;,&quot;minimize_box&quot;:&quot;yes&quot;,&quot;minimized_on&quot;:&quot;tablet&quot;,&quot;hierarchical_view&quot;:&quot;yes&quot;,&quot;min_height&quot;:{&quot;unit&quot;:&quot;px&quot;,&quot;size&quot;:&quot;&quot;,&quot;sizes&quot;:[]},&quot;min_height_tablet&quot;:{&quot;unit&quot;:&quot;px&quot;,&quot;size&quot;:&quot;&quot;,&quot;sizes&quot;:[]},&quot;min_height_mobile&quot;:{&quot;unit&quot;:&quot;px&quot;,&quot;size&quot;:&quot;&quot;,&quot;sizes&quot;:[]}}\" data-widget_type=\"table-of-contents.default\">\n\t\t\t\t\t\t\t\t\t<div class=\"elementor-toc__header\">\n\t\t\t\t\t\t<div class=\"elementor-toc__header-title\">\n\t\t\t\tTable of Contents\t\t\t<\/div>\n\t\t\t\t\t\t\t\t\t\t<div class=\"elementor-toc__toggle-button elementor-toc__toggle-button--expand\" role=\"button\" tabindex=\"0\" aria-controls=\"elementor-toc__3ba95c8a\" aria-expanded=\"true\" aria-label=\"Abrir la tabla de contenidos\"><svg aria-hidden=\"true\" class=\"e-font-icon-svg e-fas-chevron-down\" viewBox=\"0 0 448 512\" xmlns=\"http:\/\/www.w3.org\/2000\/svg\"><path d=\"M207.029 381.476L12.686 187.132c-9.373-9.373-9.373-24.569 0-33.941l22.667-22.667c9.357-9.357 24.522-9.375 33.901-.04L224 284.505l154.745-154.021c9.379-9.335 24.544-9.317 33.901.04l22.667 22.667c9.373 9.373 9.373 24.569 0 33.941L240.971 381.476c-9.373 9.372-24.569 9.372-33.942 0z\"><\/path><\/svg><\/div>\n\t\t\t\t<div class=\"elementor-toc__toggle-button elementor-toc__toggle-button--collapse\" role=\"button\" tabindex=\"0\" aria-controls=\"elementor-toc__3ba95c8a\" aria-expanded=\"true\" aria-label=\"Cerrar la tabla de contenidos\"><svg aria-hidden=\"true\" class=\"e-font-icon-svg e-fas-chevron-up\" viewBox=\"0 0 448 512\" xmlns=\"http:\/\/www.w3.org\/2000\/svg\"><path d=\"M240.971 130.524l194.343 194.343c9.373 9.373 9.373 24.569 0 33.941l-22.667 22.667c-9.357 9.357-24.522 9.375-33.901.04L224 227.495 69.255 381.516c-9.379 9.335-24.544 9.317-33.901-.04l-22.667-22.667c-9.373-9.373-9.373-24.569 0-33.941L207.03 130.525c9.372-9.373 24.568-9.373 33.941-.001z\"><\/path><\/svg><\/div>\n\t\t\t\t\t<\/div>\n\t\t\t\t<div id=\"elementor-toc__3ba95c8a\" class=\"elementor-toc__body\">\n\t\t\t<div class=\"elementor-toc__spinner-container\">\n\t\t\t\t<svg class=\"elementor-toc__spinner eicon-animation-spin e-font-icon-svg e-eicon-loading\" aria-hidden=\"true\" viewBox=\"0 0 1000 1000\" xmlns=\"http:\/\/www.w3.org\/2000\/svg\"><path d=\"M500 975V858C696 858 858 696 858 500S696 142 500 142 142 304 142 500H25C25 237 238 25 500 25S975 237 975 500 763 975 500 975Z\"><\/path><\/svg>\t\t\t<\/div>\n\t\t<\/div>\n\t\t\t\t\t\t<\/div>\n\t\t\t\t\t<\/div>\n\t\t<\/div>\n\t\t\t\t\t<\/div>\n\t\t<\/section>\n\t\t\t\t<\/div>\n\t\t\n<h2>\u00bfCuales son las Leyes de Bicicleta en Tampa?<\/h2>\n<p>Bajo la ley de Florida, una bicicleta se califica como un veh\u00edculo con el jinete es un conductor. Como tal, un ciclista debe seguir las mismas leyes de trafico que los otros vehiculos en la carretera. Estas leyes incluyen:<\/p>\n<ul>\n<li>Parar en las se\u00f1ales de stop<\/li>\n<li>Parar en los sem\u00e1foros en rojo<\/li>\n<li>Circular en el sentido de la circulaci\u00f3n<\/li>\n<li>Utilizar las luces de noche<\/li>\n<li>Ceder el paso<\/li>\n<li>Ceder el paso a los peatones en los pasos de peatones<\/li>\n<\/ul>\n<p>Un ciclista debe tratar a todos en la carretera con el mismo cuidado y respeto que espera de los dem\u00e1s usuarios de la v\u00eda p\u00fablica. Desde 2012, una enmienda en la ley de Florida permite que las luces de las bicicletas parpadeen.<\/p>\n<p>Adem\u00e1s, los ciclistas no est\u00e1n obligados a mantener al menos una mano en el manillar. A partir de 2011, se introdujo una excepci\u00f3n con respecto a las leyes de posici\u00f3n en el carril y carril bici. De este modo, los ciclistas pueden anticiparse a las condiciones y cambiar de carril.<\/p>\n<p><a href=\"https:\/\/floridalawyers360.com\/wp-content\/uploads\/2024\/02\/tampa-bicycle-accident2-copy.webp\"><img fetchpriority=\"high\" decoding=\"async\" class=\"alignnone size-full wp-image-2760\" src=\"https:\/\/floridalawyers360.com\/wp-content\/uploads\/2024\/02\/tampa-bicycle-accident2-copy.webp\" alt=\"Tampa Bicycle Accident Lawyer\" width=\"500\" height=\"334\" srcset=\"https:\/\/floridalawyers360.com\/wp-content\/uploads\/2024\/02\/tampa-bicycle-accident2-copy.webp 500w, https:\/\/floridalawyers360.com\/wp-content\/uploads\/2024\/02\/tampa-bicycle-accident2-copy-300x200.webp 300w\" sizes=\"(max-width: 500px) 100vw, 500px\" \/><\/a><\/p>\n<h2>\u00bfC\u00f3mo se determina la culpa en accidentes de bicicleta en Florida?<\/h2>\n<p>La mayor\u00eda de los accidentes de bicicleta por lo general ocurren en una intersecci\u00f3n debido a la conducta negligente de un automovilista como la conducci\u00f3n distra\u00edda, conducir ebrio, exceso de velocidad y la cola. Otras causas de accidentes de bicicleta incluyen:<\/p>\n<ul>\n<li>Girar a la derecha cruzando el carril de un ciclista.<\/li>\n<li>Si el ciclista o el automovilista no se detienen.<\/li>\n<li>Si se adelanta al veh\u00edculo o al ciclista por la derecha.<\/li>\n<li>Si un conductor o pasajero abre la puerta de un coche en la trayectoria de un ciclista.<\/li>\n<\/ul>\n<p>&nbsp;<\/p>\n<p>Cada accidente de bicicleta es diferente por lo que es prudente contratar a un Abogado de accidentes de bicicleta en Tampa. En Florida Lawyers 360, podemos asegurarnos de que usted sea compensado adecuadamente por cualquier lesi\u00f3n sufrida despu\u00e9s de un accidente de bicicleta.<\/p>\n<p>Si hay alguna disputa sobre la culpa, podemos examinar los hechos del caso. Florida se basa en el sistema de culpa comparativa. Como tal, incluso si usted estaba en el mal como el ciclista, puede obtener un porcentaje de los da\u00f1os del acusado.<\/p>\n<p>Ll\u00e1menos ahora y perm\u00edtanos empezar a trabajar en su reclamaci\u00f3n de indemnizaci\u00f3n por accidente de bicicleta para que pueda recibir la cantidad correcta de compensaci\u00f3n.<\/p>\n<h2>\u00bfQu\u00e9 debo hacer tras un accidente de bicicleta?<\/h2>\n<p>Despu\u00e9s de resultar herido en un accidente de bicicleta siga estos pasos, si es posible:<\/p>\n<h3>P\u00f3ngase en contacto con la polic\u00eda<\/h3>\n<p>Necesitas un informe policial oficial para reclamar una indemnizaci\u00f3n tras un accidente de bicicleta. Por eso debe ponerse en contacto con la polic\u00eda para denunciar el accidente. P\u00f3ngase en contacto con el agente en el lugar del accidente para obtener un informe oficial.<\/p>\n<h3>Intercambiar informaci\u00f3n<\/h3>\n<p>A continuaci\u00f3n, debes intercambiar informaci\u00f3n de contacto con las otras personas implicadas en el accidente. Tambi\u00e9n debes pedir informaci\u00f3n de contacto de los testigos del lugar del accidente.<\/p>\n<h3>Graba la escena<\/h3>\n<p>Tome v\u00eddeos y fotograf\u00edas del lugar del accidente. Estas pruebas resultar\u00e1n \u00fatiles a la hora de examinar los hechos del accidente.<\/p>\n<h3>Nunca admitas la culpa<\/h3>\n<p>Independientemente de si eres culpable o no del accidente, nunca debes admitir la culpa. No te disculpes ni pidas perd\u00f3n cuando hables con otras personas en el lugar del accidente, ya que podr\u00edan echarte la culpa de todo.<\/p>\n<h3>Busque atenci\u00f3n m\u00e9dica<\/h3>\n<p>Si usted ha sufrido lesiones graves despu\u00e9s de un accidente de bicicleta en Tampa, FL, usted debe buscar atenci\u00f3n m\u00e9dica. Aseg\u00farese de solicitar una copia del informe m\u00e9dico para utilizarlo en su reclamaci\u00f3n de indemnizaci\u00f3n.<\/p>\n<h3>Llame a un Abogado de Accidentes de Bicicleta<\/h3>\n<p>Llame hoy mismo a Florida Lawyers 360 y le ayudaremos con su reclamaci\u00f3n de indemnizaci\u00f3n tras un accidente de bicicleta. Con nuestra experiencia, podemos garantizarle que recibir\u00e1 la indemnizaci\u00f3n que le corresponde.<\/p>\n<p><a href=\"https:\/\/floridalawyers360.com\/wp-content\/uploads\/2024\/02\/tampa-bicycle-accident1-copy.webp\"><img decoding=\"async\" class=\"alignnone size-full wp-image-2761\" src=\"https:\/\/floridalawyers360.com\/wp-content\/uploads\/2024\/02\/tampa-bicycle-accident1-copy.webp\" alt=\"Bicycle Accident\" width=\"500\" height=\"334\" srcset=\"https:\/\/floridalawyers360.com\/wp-content\/uploads\/2024\/02\/tampa-bicycle-accident1-copy.webp 500w, https:\/\/floridalawyers360.com\/wp-content\/uploads\/2024\/02\/tampa-bicycle-accident1-copy-300x200.webp 300w\" sizes=\"(max-width: 500px) 100vw, 500px\" \/><\/a><\/p>\n<h2>\u00bfPor qu\u00e9 necesito un abogado para una reclamaci\u00f3n por accidente de bicicleta?<\/h2>\n<p>En Florida Lawyers 360, podemos ayudarle de las siguientes maneras.<\/p>\n<h3>Preparaci\u00f3n del caso y presentaci\u00f3n de la demanda<\/h3>\n<p>Reuniremos las pruebas necesarias para su caso y presentaremos una demanda para iniciar el proceso de reclamaci\u00f3n de indemnizaci\u00f3n. Con nuestra experiencia jur\u00eddica, garantizaremos que todos los documentos se presenten correctamente para evitar cualquier problema.<\/p>\n<h3>Negociaci\u00f3n del acuerdo<\/h3>\n<p>Tras conocer los hechos del caso, es posible que las compa\u00f1\u00edas de seguros de las partes responsables ofrezcan un acuerdo. Si la oferta es demasiado baja, podemos negociar para asegurarnos de que usted reciba la cantidad correcta.<\/p>\n<h3>Preparaci\u00f3n del juicio y representaci\u00f3n<\/h3>\n<p>Si el caso procede a juicio, estamos disponibles para prepararnos para el juicio y representarle en consecuencia. Por lo tanto, usted debe contratarnos hoy y podemos empezar a trabajar en su reclamo de compensaci\u00f3n despu\u00e9s de un accidente de bicicleta.<\/p>\n<p>Tenga en cuenta que, trabajamos sobre una base de contingencia por lo que no tiene que pagar ning\u00fan honorario legal hasta que haya recibido su indemnizaci\u00f3n. Usted es la m\u00e1xima prioridad por lo que dedicaremos todos nuestros recursos para que reciba una indemnizaci\u00f3n justa tras un accidente de bicicleta.<\/p>\n<h2>\u00bfQu\u00e9 tipos de da\u00f1os puede recuperar de una reclamaci\u00f3n por accidente de bicicleta en Tampa?<\/h2>\n<p>Si usted ha sido lesionado despu\u00e9s de un accidente de bicicleta en Tampa, FL, es necesario presentar la reclamaci\u00f3n de inmediato. En Florida, usted tiene hasta 4 a\u00f1os para presentar una demanda y hasta 2 a\u00f1os para una demanda por homicidio culposo despu\u00e9s de un accidente de bicicleta en Tampa.<\/p>\n<p>Llame a Florida Lawyers 360 hoy para que podamos empezar a trabajar en su reclamo inmediatamente.<\/p>\n<p>Algunos de los da\u00f1os que puede recibir por una demanda de accidente de bicicleta en Tampa, FL incluyen los siguientes:<\/p>\n<ul>\n<li>Dolor y sufrimiento<\/li>\n<li>Da\u00f1os materiales a su bicicleta u otras pertenencias<\/li>\n<li>P\u00e9rdida de ingresos<\/li>\n<li>P\u00e9rdida del disfrute de la vida<\/li>\n<li>Gastos m\u00e9dicos<\/li>\n<li>Angustia mental<\/li>\n<li>Rehabilitaci\u00f3n y equipamiento<\/li>\n<li>Da\u00f1os punitivos<\/li>\n<\/ul>\n<h2>Revise sus opciones legales con nuestros abogados de accidentes de bicicleta en Tampa<\/h2>\n<p>Despu\u00e9s de un accidente de bicicleta, es posible que se sienta devastado y con angustia emocional. Si no puede manejar una demanda de indemnizaci\u00f3n por su cuenta, necesita a los mejores abogados de accidentes de coche de Tampa de Florida Lawyers 360.<\/p>\n<p>Hemos trabajado en todo tipo de demandas por lesiones personales a lo largo de los a\u00f1os, incluidas las demandas por accidentes de bicicleta.<\/p>\n<p>Podemos ayudar con la recopilaci\u00f3n de pruebas, negociaci\u00f3n de acuerdos, y tambi\u00e9n la representaci\u00f3n en juicio. Estamos aqu\u00ed para asegurarnos de que usted sea completamente compensado por cualquier gasto resultante de un accidente de bicicleta.<\/p>\n<p>Ll\u00e1menos ahora y haga una cita con los mejores abogados de accidentes de bicicleta en Tampa, FL.<\/p>\n","protected":false},"excerpt":{"rendered":"<p>\u00bfHa sido herido en un accidente de bicicleta en Tampa FL? \u00bfSe pregunta si merece o no una indemnizaci\u00f3n? Bueno, usted podr\u00eda tener derecho a una indemnizaci\u00f3n en funci\u00f3n de las circunstancias que rodean el accidente de bicicleta. Nuestros abogados de accidentes de bicicleta en Tampa est\u00e1n aqu\u00ed para ayudarle a recibir la compensaci\u00f3n que [&hellip;]<\/p>\n","protected":false},"author":22,"featured_media":0,"parent":6062,"menu_order":0,"comment_status":"closed","ping_status":"closed","template":"","meta":{"_acf_changed":false,"anchor_text":"","footnotes":""},"categories":[],"tags":[],"class_list":["post-6068","page","type-page","status-publish","hentry"],"acf":[],"_links":{"self":[{"href":"https:\/\/floridalawyers360.com\/es\/wp-json\/wp\/v2\/pages\/6068","targetHints":{"allow":["GET"]}}],"collection":[{"href":"https:\/\/floridalawyers360.com\/es\/wp-json\/wp\/v2\/pages"}],"about":[{"href":"https:\/\/floridalawyers360.com\/es\/wp-json\/wp\/v2\/types\/page"}],"author":[{"embeddable":true,"href":"https:\/\/floridalawyers360.com\/es\/wp-json\/wp\/v2\/users\/22"}],"replies":[{"embeddable":true,"href":"https:\/\/floridalawyers360.com\/es\/wp-json\/wp\/v2\/comments?post=6068"}],"version-history":[{"count":4,"href":"https:\/\/floridalawyers360.com\/es\/wp-json\/wp\/v2\/pages\/6068\/revisions"}],"predecessor-version":[{"id":6282,"href":"https:\/\/floridalawyers360.com\/es\/wp-json\/wp\/v2\/pages\/6068\/revisions\/6282"}],"up":[{"embeddable":true,"href":"https:\/\/floridalawyers360.com\/es\/wp-json\/wp\/v2\/pages\/6062"}],"wp:attachment":[{"href":"https:\/\/floridalawyers360.com\/es\/wp-json\/wp\/v2\/media?parent=6068"}],"wp:term":[{"taxonomy":"category","embeddable":true,"href":"https:\/\/floridalawyers360.com\/es\/wp-json\/wp\/v2\/categories?post=6068"},{"taxonomy":"post_tag","embeddable":true,"href":"https:\/\/floridalawyers360.com\/es\/wp-json\/wp\/v2\/tags?post=6068"}],"curies":[{"name":"wp","href":"https:\/\/api.w.org\/{rel}","templated":true}]}}