{"id":6065,"date":"2024-02-08T14:00:36","date_gmt":"2024-02-08T19:00:36","guid":{"rendered":"https:\/\/floridalawyers360.com\/tampa\/reporting-a-work-injury-in-tampa\/"},"modified":"2024-03-21T01:12:37","modified_gmt":"2024-03-21T06:12:37","slug":"denuncia-de-un-accidente-laboral-en-tampa","status":"publish","type":"page","link":"https:\/\/floridalawyers360.com\/es\/tampa\/denuncia-de-un-accidente-laboral-en-tampa\/","title":{"rendered":"Denuncia de un accidente laboral"},"content":{"rendered":"<p>\u00bfEs obligatorio reportar una lesi\u00f3n de trabajo en Tampa? Tampa es uno de los lugares de negocios m\u00e1s prominentes del Estado del Sol. Poco menos de 1.000.000 de personas trabajan en el interior m\u00e1s all\u00e1 de lo que muchos considerar\u00edan posible en una ciudad conocida como un punto de enfoque relacionado con el dinero p\u00fablico, de manera fiable en el principio tres.<\/p>\n<p>Los accidentes de oficina pueden ocurrir continuamente, pero adem\u00e1s hay regiones fuertes para beneficios cl\u00ednicos, transporte, orientaci\u00f3n, venta al por menor y avance. El aumento potencial es que las posiciones prosperan, de todos modos la desventaja es que el potencial de heridas de trabajo es adem\u00e1s muy ineludible.<\/p>\n<p>Si usted capitula a un asunto especialmente, usted necesita saber las ventajas de reportar una herida de trabajo en Tampa. No hacerlo puede significar que usted no recibir\u00e1 ning\u00fan beneficio o compensaci\u00f3n en absoluto. Detallarlo de todos modos destaparlo err\u00f3neamente puede colocarle en el riesgo para perder cualquier cosa que usted pudo ser equipado para.<\/p>\n<p>Exactamente cuando se hace bien, puede obtener indemnizaciones o prestaciones monetarias que le ayuden a recuperar la indemnizaci\u00f3n perdida y a hacer frente a los gastos de su cl\u00ednica m\u00e9dica mientras se recupera.<\/p>\n<p>Haga todo lo posible por registrar correctamente y con precisi\u00f3n. Dada la autenticidad normal de la condici\u00f3n, es astuto en todo caso guiar a un abogado de compensaci\u00f3n de trabajadores de Tampa sobre el descubrimiento de su lesi\u00f3n en el trabajo.<\/p>\n<p>Llame a nuestros abogados refinados y comprometidos al detallar una lesi\u00f3n de trabajo en Tampa en <a href=\"tel:+19544487355\"><i class=\"fa fa-phone-alt\"><\/i>954-448-7355<\/a>.<\/p>\n<p><span style=\"font-weight: 400;\">\t\t<div data-elementor-type=\"section\" data-elementor-id=\"208\" class=\"elementor elementor-208\" data-elementor-post-type=\"elementor_library\">\n\t\t\t\t\t<section class=\"elementor-section elementor-top-section elementor-element elementor-element-485e576a elementor-section-boxed elementor-section-height-default elementor-section-height-default\" data-id=\"485e576a\" data-element_type=\"section\" data-e-type=\"section\">\n\t\t\t\t\t\t<div class=\"elementor-container elementor-column-gap-default\">\n\t\t\t\t\t<div class=\"elementor-column elementor-col-100 elementor-top-column elementor-element elementor-element-635c38c0\" data-id=\"635c38c0\" data-element_type=\"column\" data-e-type=\"column\">\n\t\t\t<div class=\"elementor-widget-wrap elementor-element-populated\">\n\t\t\t\t\t\t<div class=\"elementor-element elementor-element-3ba95c8a elementor-toc--minimized-on-tablet elementor-widget elementor-widget-table-of-contents\" data-id=\"3ba95c8a\" data-element_type=\"widget\" data-e-type=\"widget\" data-settings=\"{&quot;exclude_headings_by_selector&quot;:&quot;.toc-remove&quot;,&quot;headings_by_tags&quot;:[&quot;h2&quot;,&quot;h3&quot;],&quot;marker_view&quot;:&quot;numbers&quot;,&quot;no_headings_message&quot;:&quot;No headings were found on this page.&quot;,&quot;minimize_box&quot;:&quot;yes&quot;,&quot;minimized_on&quot;:&quot;tablet&quot;,&quot;hierarchical_view&quot;:&quot;yes&quot;,&quot;min_height&quot;:{&quot;unit&quot;:&quot;px&quot;,&quot;size&quot;:&quot;&quot;,&quot;sizes&quot;:[]},&quot;min_height_tablet&quot;:{&quot;unit&quot;:&quot;px&quot;,&quot;size&quot;:&quot;&quot;,&quot;sizes&quot;:[]},&quot;min_height_mobile&quot;:{&quot;unit&quot;:&quot;px&quot;,&quot;size&quot;:&quot;&quot;,&quot;sizes&quot;:[]}}\" data-widget_type=\"table-of-contents.default\">\n\t\t\t\t\t\t\t\t\t<div class=\"elementor-toc__header\">\n\t\t\t\t\t\t<div class=\"elementor-toc__header-title\">\n\t\t\t\tTable of Contents\t\t\t<\/div>\n\t\t\t\t\t\t\t\t\t\t<div class=\"elementor-toc__toggle-button elementor-toc__toggle-button--expand\" role=\"button\" tabindex=\"0\" aria-controls=\"elementor-toc__3ba95c8a\" aria-expanded=\"true\" aria-label=\"Open table of contents\"><svg aria-hidden=\"true\" class=\"e-font-icon-svg e-fas-chevron-down\" viewBox=\"0 0 448 512\" xmlns=\"http:\/\/www.w3.org\/2000\/svg\"><path d=\"M207.029 381.476L12.686 187.132c-9.373-9.373-9.373-24.569 0-33.941l22.667-22.667c9.357-9.357 24.522-9.375 33.901-.04L224 284.505l154.745-154.021c9.379-9.335 24.544-9.317 33.901.04l22.667 22.667c9.373 9.373 9.373 24.569 0 33.941L240.971 381.476c-9.373 9.372-24.569 9.372-33.942 0z\"><\/path><\/svg><\/div>\n\t\t\t\t<div class=\"elementor-toc__toggle-button elementor-toc__toggle-button--collapse\" role=\"button\" tabindex=\"0\" aria-controls=\"elementor-toc__3ba95c8a\" aria-expanded=\"true\" aria-label=\"Close table of contents\"><svg aria-hidden=\"true\" class=\"e-font-icon-svg e-fas-chevron-up\" viewBox=\"0 0 448 512\" xmlns=\"http:\/\/www.w3.org\/2000\/svg\"><path d=\"M240.971 130.524l194.343 194.343c9.373 9.373 9.373 24.569 0 33.941l-22.667 22.667c-9.357 9.357-24.522 9.375-33.901.04L224 227.495 69.255 381.516c-9.379 9.335-24.544 9.317-33.901-.04l-22.667-22.667c-9.373-9.373-9.373-24.569 0-33.941L207.03 130.525c9.372-9.373 24.568-9.373 33.941-.001z\"><\/path><\/svg><\/div>\n\t\t\t\t\t<\/div>\n\t\t\t\t<div id=\"elementor-toc__3ba95c8a\" class=\"elementor-toc__body\">\n\t\t\t<div class=\"elementor-toc__spinner-container\">\n\t\t\t\t<svg class=\"elementor-toc__spinner eicon-animation-spin e-font-icon-svg e-eicon-loading\" aria-hidden=\"true\" viewBox=\"0 0 1000 1000\" xmlns=\"http:\/\/www.w3.org\/2000\/svg\"><path d=\"M500 975V858C696 858 858 696 858 500S696 142 500 142 142 304 142 500H25C25 237 238 25 500 25S975 237 975 500 763 975 500 975Z\"><\/path><\/svg>\t\t\t<\/div>\n\t\t<\/div>\n\t\t\t\t\t\t<\/div>\n\t\t\t\t\t<\/div>\n\t\t<\/div>\n\t\t\t\t\t<\/div>\n\t\t<\/section>\n\t\t\t\t<\/div>\n\t\t<\/span><\/p>\n<h2>\u00bfCu\u00e1nto tiempo tengo para reportar una lesi\u00f3n en el lugar de trabajo en Tampa Florida?<\/h2>\n<p>En el momento en que ocurre la lesi\u00f3n en el lugar de trabajo, usted tiene un plazo. Usted tiene 30 d\u00edas para reportar la lesi\u00f3n. Especificar una lesi\u00f3n laboral en Tampa con prontitud es esencial.<\/p>\n<p>Es especulativamente posible reportarlo despu\u00e9s de 30 d\u00edas, sin embargo, entonces usted habr\u00e1 perdido parte de su per\u00edodo de capacidad para los beneficios, lo que implica que no se acercar\u00e1 a cualquier cantidad de lo que podr\u00eda tener.<\/p>\n<p>En definitiva, el descubrimiento de una lesi\u00f3n en el trabajo en Tampa despu\u00e9s de 30 d\u00edas de manera similar hace que sea mucho m\u00e1s f\u00e1cil para su jefe o un mont\u00f3n de otras ocasiones sociales cr\u00edticos simplemente perdonar su caso, dej\u00e1ndole sin beneficios o estrategia.<\/p>\n<p>La mejor idea es informar de su problema real de inmediato. Cuanto antes lo hagas, m\u00e1s seguro ser\u00e1 que te declaren culpable de algo.<\/p>\n<p>Por otra parte, si usted hace frente a cheque o no, cuanto antes usted divulga su edici\u00f3n real y consigue un abogado de lesi\u00f3n del lugar de trabajo de Tampa cerca de usted, cuanto antes pueden encender el edificio encima de su caso mientras que restringen el escudo del negocio.<\/p>\n<p><a href=\"https:\/\/floridalawyers360.com\/wp-content\/uploads\/2024\/02\/reporting-an-injury-info.webp\"><img fetchpriority=\"high\" decoding=\"async\" class=\"aligncenter wp-image-2708 size-large\" src=\"https:\/\/floridalawyers360.com\/wp-content\/uploads\/2024\/02\/reporting-an-injury-info-791x1024.webp\" alt=\"Reporting a Work Injury\" width=\"791\" height=\"1024\" srcset=\"https:\/\/floridalawyers360.com\/wp-content\/uploads\/2024\/02\/reporting-an-injury-info-791x1024.webp 791w, https:\/\/floridalawyers360.com\/wp-content\/uploads\/2024\/02\/reporting-an-injury-info-232x300.webp 232w, https:\/\/floridalawyers360.com\/wp-content\/uploads\/2024\/02\/reporting-an-injury-info-768x994.webp 768w, https:\/\/floridalawyers360.com\/wp-content\/uploads\/2024\/02\/reporting-an-injury-info-1187x1536.webp 1187w, https:\/\/floridalawyers360.com\/wp-content\/uploads\/2024\/02\/reporting-an-injury-info.webp 1545w\" sizes=\"(max-width: 791px) 100vw, 791px\" \/><\/a><\/p>\n<h2>\u00bfA qui\u00e9n tengo que reportar una lesi\u00f3n laboral?<\/h2>\n<p>Desde el principio, al enumerar una lesi\u00f3n de trabajo en Tampa a su director cercano en su lugar de trabajo. Adem\u00e1s, en todo el tiempo, de manera similar exhortar a diversos eventos sociales.<\/p>\n<h2>Responsabilidades del Gerente Despu\u00e9s de una Lesi\u00f3n Laboral<\/h2>\n<p>En el momento en que su jefe se hace consciente de su problema real, deben ayudarle (si es crucial) la b\u00fasqueda de tratamiento de crisis y el pensamiento cl\u00ednico con respecto a garantizar su prosperidad y bienestar.<\/p>\n<p>Asimismo, debe informar del lugar de los hechos y enviar una evaluaci\u00f3n interna de lo sucedido.<\/p>\n<h2>Responsabilidad del trabajador tras una lesi\u00f3n laboral<\/h2>\n<p>Sus obligaciones empiezan por informar a su breve supervisor de su accidente o lesi\u00f3n y buscar una opini\u00f3n cl\u00ednica. Cuando acuda a su m\u00e9dico de cabecera, aseg\u00farese de que entiende que se trata de un accidente laboral.<\/p>\n<p>Del mismo modo, desc\u00fabrale qui\u00e9n es su administrador y d\u00f3nde ocurri\u00f3. Necesitan archivar esto en sus propios expedientes y destapar como caso potencial de la remuneraci\u00f3n de los trabajadores.<\/p>\n<p>Tendr\u00e1s que volver a exhortar a tu jefe, esta vez con autoridad. Puede que esta vez sea tu jefe, sea como sea, ya que necesitas responder a la autoridad adecuada dentro de tu asociaci\u00f3n o lugar de trabajo. En la mayor\u00eda de los casos, se trata de Recursos Humanos.<\/p>\n<p>Haz este informe cara a cara si puedes, pero si no puedes ir debido a tus lesiones, env\u00eda a un compa\u00f1ero, familiar o incluso abogado de tu confianza.<\/p>\n<p>Acomp\u00e1\u00f1alo de una notificaci\u00f3n formal de la que guardes una copia. De nuevo, si no puede formarlo o presentarlo usted mismo, se las ver\u00e1 con el gasto de los derechos reales de recurrir a asociados, familiares o especialistas leg\u00edtimos.<\/p>\n<p><a href=\"https:\/\/floridalawyers360.com\/wp-content\/uploads\/2024\/02\/tampa-reporting-work-injury1-copy.webp\"><img decoding=\"async\" class=\"alignnone size-full wp-image-2805\" src=\"https:\/\/floridalawyers360.com\/wp-content\/uploads\/2024\/02\/tampa-reporting-work-injury1-copy.webp\" alt=\"Reporting a Work Injury in Tampa\" width=\"500\" height=\"334\" srcset=\"https:\/\/floridalawyers360.com\/wp-content\/uploads\/2024\/02\/tampa-reporting-work-injury1-copy.webp 500w, https:\/\/floridalawyers360.com\/wp-content\/uploads\/2024\/02\/tampa-reporting-work-injury1-copy-300x200.webp 300w\" sizes=\"(max-width: 500px) 100vw, 500px\" \/><\/a><\/p>\n<p>Garantice que sigue el total de las r\u00fabricas y reglas de su m\u00e9dico de consideraci\u00f3n esencial. No hacer en esa capacidad, incluso en el littlest, puede hacer una abertura para el vigilante de su administrador o su aseguramiento y abogados. Es enorme no lastimarse cuando se lastima.<\/p>\n<p>Si es o no caer de una carretilla elevadora insuficientemente mantenido o resbalar y caer en un cuarto de ba\u00f1o de la oficina que no ten\u00eda un piso mojado va a lo largo, usted puede conseguir herido incluso en lugares obviamente seguras en las diversas posiciones y razones para vivir que la Bah\u00eda de Tampa tiene que poner sobre la mesa.<\/p>\n<p>Las heridas probablemente no parecer\u00e1n un arreglo genuino desde el principio, de todos modos, algunos realmente no muestran lo espantosos que son de inmediato.<\/p>\n<p>Haga lo que sea necesario para no soportar un mes para encontrar que se perder\u00e1 la indemnizaci\u00f3n, mientras que el abandono de su oportunidad de recuperar parte de ella a trav\u00e9s de la indemnizaci\u00f3n, es b\u00e1sico para reportar una lesi\u00f3n de trabajo en Tampa inmediatamente.<\/p>\n<h2>Ll\u00e1menos Hoy Cuando Reporte una Lesi\u00f3n de Trabajo en Tampa<\/h2>\n<p>Afortunadamente, usted no tiene que aprender o ensayar sus derechos legales sin la ayuda de cualquier otra persona. Tenga una gu\u00eda legal que le ayude a conseguirse.<\/p>\n<p>Tampa tiene numerosas posiciones vacantes diferentes disponibles, de todos modos, usted puede conseguir da\u00f1ado haciendo cualquiera de ellos. Para garantizar que usted est\u00e1 descubriendo una lesi\u00f3n de trabajo en Tampa correctamente, asesorar a uno de nuestros abogados en Florida Abogados 360 de inmediato.<\/p>\n","protected":false},"excerpt":{"rendered":"<p>\u00bfEs obligatorio reportar una lesi\u00f3n de trabajo en Tampa? Tampa es uno de los lugares de negocios m\u00e1s prominentes del Estado del Sol. Poco menos de 1.000.000 de personas trabajan en el interior m\u00e1s all\u00e1 de lo que muchos considerar\u00edan posible en una ciudad conocida como un punto de enfoque relacionado con el dinero p\u00fablico, [&hellip;]<\/p>\n","protected":false},"author":22,"featured_media":0,"parent":6062,"menu_order":0,"comment_status":"closed","ping_status":"closed","template":"","meta":{"_acf_changed":false,"anchor_text":"","footnotes":""},"categories":[],"tags":[],"class_list":["post-6065","page","type-page","status-publish","hentry"],"acf":[],"_links":{"self":[{"href":"https:\/\/floridalawyers360.com\/es\/wp-json\/wp\/v2\/pages\/6065","targetHints":{"allow":["GET"]}}],"collection":[{"href":"https:\/\/floridalawyers360.com\/es\/wp-json\/wp\/v2\/pages"}],"about":[{"href":"https:\/\/floridalawyers360.com\/es\/wp-json\/wp\/v2\/types\/page"}],"author":[{"embeddable":true,"href":"https:\/\/floridalawyers360.com\/es\/wp-json\/wp\/v2\/users\/22"}],"replies":[{"embeddable":true,"href":"https:\/\/floridalawyers360.com\/es\/wp-json\/wp\/v2\/comments?post=6065"}],"version-history":[{"count":3,"href":"https:\/\/floridalawyers360.com\/es\/wp-json\/wp\/v2\/pages\/6065\/revisions"}],"predecessor-version":[{"id":6269,"href":"https:\/\/floridalawyers360.com\/es\/wp-json\/wp\/v2\/pages\/6065\/revisions\/6269"}],"up":[{"embeddable":true,"href":"https:\/\/floridalawyers360.com\/es\/wp-json\/wp\/v2\/pages\/6062"}],"wp:attachment":[{"href":"https:\/\/floridalawyers360.com\/es\/wp-json\/wp\/v2\/media?parent=6065"}],"wp:term":[{"taxonomy":"category","embeddable":true,"href":"https:\/\/floridalawyers360.com\/es\/wp-json\/wp\/v2\/categories?post=6065"},{"taxonomy":"post_tag","embeddable":true,"href":"https:\/\/floridalawyers360.com\/es\/wp-json\/wp\/v2\/tags?post=6065"}],"curies":[{"name":"wp","href":"https:\/\/api.w.org\/{rel}","templated":true}]}}