{"id":6062,"date":"2020-12-08T16:34:14","date_gmt":"2020-12-08T21:34:14","guid":{"rendered":"https:\/\/floridalawyers360.com\/tampa\/"},"modified":"2024-03-15T00:17:58","modified_gmt":"2024-03-15T05:17:58","slug":"tampa","status":"publish","type":"page","link":"https:\/\/floridalawyers360.com\/es\/tampa\/","title":{"rendered":"Tampa"},"content":{"rendered":"<p>Si usted es v\u00edctima de un accidente de coche, lesiones personales o lesiones en el lugar de trabajo en Tampa, Florida Abogados 360 est\u00e1 aqu\u00ed para ayudar. Le trataremos como a una persona, no como a un n\u00famero, y nos comprometemos a obtener los mejores resultados para usted y su familia.<\/p>\n<p>Hemos ganado millones de d\u00f3lares en nombre de nuestros clientes. Perm\u00edtanos centrarnos en luchar contra la compa\u00f1\u00eda de seguros para que usted pueda centrarse en mejorar.<\/p>\n<p>Puede ponerse en contacto con nosotros en cualquier momento 24\/7 para una consulta gratuita.<\/p>\n","protected":false},"excerpt":{"rendered":"<p>Si usted es v\u00edctima de un accidente de coche, lesiones personales o lesiones en el lugar de trabajo en Tampa, Florida Abogados 360 est\u00e1 aqu\u00ed para ayudar. Le trataremos como a una persona, no como a un n\u00famero, y nos comprometemos a obtener los mejores resultados para usted y su familia. Hemos ganado millones de [&hellip;]<\/p>\n","protected":false},"author":22,"featured_media":3446,"parent":0,"menu_order":0,"comment_status":"closed","ping_status":"closed","template":"","meta":{"_acf_changed":false,"anchor_text":"","footnotes":""},"categories":[],"tags":[],"class_list":["post-6062","page","type-page","status-publish","has-post-thumbnail","hentry"],"acf":[],"_links":{"self":[{"href":"https:\/\/floridalawyers360.com\/es\/wp-json\/wp\/v2\/pages\/6062","targetHints":{"allow":["GET"]}}],"collection":[{"href":"https:\/\/floridalawyers360.com\/es\/wp-json\/wp\/v2\/pages"}],"about":[{"href":"https:\/\/floridalawyers360.com\/es\/wp-json\/wp\/v2\/types\/page"}],"author":[{"embeddable":true,"href":"https:\/\/floridalawyers360.com\/es\/wp-json\/wp\/v2\/users\/22"}],"replies":[{"embeddable":true,"href":"https:\/\/floridalawyers360.com\/es\/wp-json\/wp\/v2\/comments?post=6062"}],"version-history":[{"count":1,"href":"https:\/\/floridalawyers360.com\/es\/wp-json\/wp\/v2\/pages\/6062\/revisions"}],"predecessor-version":[{"id":6063,"href":"https:\/\/floridalawyers360.com\/es\/wp-json\/wp\/v2\/pages\/6062\/revisions\/6063"}],"wp:featuredmedia":[{"embeddable":true,"href":"https:\/\/floridalawyers360.com\/es\/wp-json\/wp\/v2\/media\/3446"}],"wp:attachment":[{"href":"https:\/\/floridalawyers360.com\/es\/wp-json\/wp\/v2\/media?parent=6062"}],"wp:term":[{"taxonomy":"category","embeddable":true,"href":"https:\/\/floridalawyers360.com\/es\/wp-json\/wp\/v2\/categories?post=6062"},{"taxonomy":"post_tag","embeddable":true,"href":"https:\/\/floridalawyers360.com\/es\/wp-json\/wp\/v2\/tags?post=6062"}],"curies":[{"name":"wp","href":"https:\/\/api.w.org\/{rel}","templated":true}]}}