{"id":6059,"date":"2024-02-14T10:45:16","date_gmt":"2024-02-14T15:45:16","guid":{"rendered":"https:\/\/floridalawyers360.com\/st-petersburg\/workers-compensation-benefits-in-st-petersburg-fl\/"},"modified":"2024-03-20T00:49:51","modified_gmt":"2024-03-20T05:49:51","slug":"prestaciones-por-accidentes-laborales","status":"publish","type":"page","link":"https:\/\/floridalawyers360.com\/es\/st-petersburg\/prestaciones-por-accidentes-laborales\/","title":{"rendered":"Prestaciones por accidentes laborales"},"content":{"rendered":"<p>Si usted vive en San Petersburgo, Florida, y ha sufrido alg\u00fan tipo de lesi\u00f3n en el desempe\u00f1o de sus funciones en su lugar de trabajo o han desarrollado una enfermedad profesional, entonces usted tiene el derecho de presentar una reclamaci\u00f3n de beneficios de compensaci\u00f3n de trabajadores por los da\u00f1os sufridos.<\/p>\n<div class=\"embed-container\"><iframe src=\"https:\/\/www.youtube.com\/embed\/Dpc2bk7lSJU\" frameborder=\"0\" allowfullscreen=\"allowfullscreen\"><\/iframe><\/div>\n<p>En Florida, cualquier empresa que emplee a m\u00e1s de dos personas est\u00e1 obligada por ley a tener un seguro de compensaci\u00f3n para trabajadores.<\/p>\n<p>La compensaci\u00f3n de los trabajadores es importante, ya que ayuda a proteger a los empleadores de ser demandado y permite a los empleados para mitigar las p\u00e9rdidas &#8211; compensaci\u00f3n de los trabajadores cubre los gastos m\u00e9dicos del trabajador lesionado, gastos funerarios, p\u00e9rdida de ingresos, y mucho m\u00e1s.<\/p>\n<p>Dado que existe la posibilidad de que su reclamaci\u00f3n sea denegada o infravalorada, trabajar con un abogado de compensaci\u00f3n de trabajadores de San Petersburgo aumenta sus posibilidades de recibir los m\u00e1ximos beneficios por las lesiones sufridas.<\/p>\n<p>Petersburg, considere ponerse en contacto con nosotros en Florida Lawyers 360 para el asesoramiento jur\u00eddico y la representaci\u00f3n que necesita.<\/p>\n<p>Nuestros abogados tienen experiencia y conocimientos en el campo y est\u00e1n dispuestos a luchar agresivamente para proteger sus derechos y asegurarse de que reciba los beneficios que se merece. Cuando se trata de sus beneficios de compensaci\u00f3n laboral en Florida, somos su mejor opci\u00f3n.<\/p>\n<p>Ll\u00e1menos ahora para programar una consulta con nuestros abogados de compensaci\u00f3n de trabajadores y tener su caso revisado sin costo alguno.<\/p>\n\t\t<div data-elementor-type=\"section\" data-elementor-id=\"208\" class=\"elementor elementor-208\" data-elementor-post-type=\"elementor_library\">\n\t\t\t\t\t<section class=\"elementor-section elementor-top-section elementor-element elementor-element-485e576a elementor-section-boxed elementor-section-height-default elementor-section-height-default\" data-id=\"485e576a\" data-element_type=\"section\" data-e-type=\"section\">\n\t\t\t\t\t\t<div class=\"elementor-container elementor-column-gap-default\">\n\t\t\t\t\t<div class=\"elementor-column elementor-col-100 elementor-top-column elementor-element elementor-element-635c38c0\" data-id=\"635c38c0\" data-element_type=\"column\" data-e-type=\"column\">\n\t\t\t<div class=\"elementor-widget-wrap elementor-element-populated\">\n\t\t\t\t\t\t<div class=\"elementor-element elementor-element-3ba95c8a elementor-toc--minimized-on-tablet elementor-widget elementor-widget-table-of-contents\" data-id=\"3ba95c8a\" data-element_type=\"widget\" data-e-type=\"widget\" data-settings=\"{&quot;exclude_headings_by_selector&quot;:&quot;.toc-remove&quot;,&quot;headings_by_tags&quot;:[&quot;h2&quot;,&quot;h3&quot;],&quot;marker_view&quot;:&quot;numbers&quot;,&quot;no_headings_message&quot;:&quot;No se ha encontrado ning\\u00fan encabezado en esta p\\u00e1gina.&quot;,&quot;minimize_box&quot;:&quot;yes&quot;,&quot;minimized_on&quot;:&quot;tablet&quot;,&quot;hierarchical_view&quot;:&quot;yes&quot;,&quot;min_height&quot;:{&quot;unit&quot;:&quot;px&quot;,&quot;size&quot;:&quot;&quot;,&quot;sizes&quot;:[]},&quot;min_height_tablet&quot;:{&quot;unit&quot;:&quot;px&quot;,&quot;size&quot;:&quot;&quot;,&quot;sizes&quot;:[]},&quot;min_height_mobile&quot;:{&quot;unit&quot;:&quot;px&quot;,&quot;size&quot;:&quot;&quot;,&quot;sizes&quot;:[]}}\" data-widget_type=\"table-of-contents.default\">\n\t\t\t\t\t\t\t\t\t<div class=\"elementor-toc__header\">\n\t\t\t\t\t\t<div class=\"elementor-toc__header-title\">\n\t\t\t\tTable of Contents\t\t\t<\/div>\n\t\t\t\t\t\t\t\t\t\t<div class=\"elementor-toc__toggle-button elementor-toc__toggle-button--expand\" role=\"button\" tabindex=\"0\" aria-controls=\"elementor-toc__3ba95c8a\" aria-expanded=\"true\" aria-label=\"Abrir la tabla de contenidos\"><svg aria-hidden=\"true\" class=\"e-font-icon-svg e-fas-chevron-down\" viewBox=\"0 0 448 512\" xmlns=\"http:\/\/www.w3.org\/2000\/svg\"><path d=\"M207.029 381.476L12.686 187.132c-9.373-9.373-9.373-24.569 0-33.941l22.667-22.667c9.357-9.357 24.522-9.375 33.901-.04L224 284.505l154.745-154.021c9.379-9.335 24.544-9.317 33.901.04l22.667 22.667c9.373 9.373 9.373 24.569 0 33.941L240.971 381.476c-9.373 9.372-24.569 9.372-33.942 0z\"><\/path><\/svg><\/div>\n\t\t\t\t<div class=\"elementor-toc__toggle-button elementor-toc__toggle-button--collapse\" role=\"button\" tabindex=\"0\" aria-controls=\"elementor-toc__3ba95c8a\" aria-expanded=\"true\" aria-label=\"Cerrar la tabla de contenidos\"><svg aria-hidden=\"true\" class=\"e-font-icon-svg e-fas-chevron-up\" viewBox=\"0 0 448 512\" xmlns=\"http:\/\/www.w3.org\/2000\/svg\"><path d=\"M240.971 130.524l194.343 194.343c9.373 9.373 9.373 24.569 0 33.941l-22.667 22.667c-9.357 9.357-24.522 9.375-33.901.04L224 227.495 69.255 381.516c-9.379 9.335-24.544 9.317-33.901-.04l-22.667-22.667c-9.373-9.373-9.373-24.569 0-33.941L207.03 130.525c9.372-9.373 24.568-9.373 33.941-.001z\"><\/path><\/svg><\/div>\n\t\t\t\t\t<\/div>\n\t\t\t\t<div id=\"elementor-toc__3ba95c8a\" class=\"elementor-toc__body\">\n\t\t\t<div class=\"elementor-toc__spinner-container\">\n\t\t\t\t<svg class=\"elementor-toc__spinner eicon-animation-spin e-font-icon-svg e-eicon-loading\" aria-hidden=\"true\" viewBox=\"0 0 1000 1000\" xmlns=\"http:\/\/www.w3.org\/2000\/svg\"><path d=\"M500 975V858C696 858 858 696 858 500S696 142 500 142 142 304 142 500H25C25 237 238 25 500 25S975 237 975 500 763 975 500 975Z\"><\/path><\/svg>\t\t\t<\/div>\n\t\t<\/div>\n\t\t\t\t\t\t<\/div>\n\t\t\t\t\t<\/div>\n\t\t<\/div>\n\t\t\t\t\t<\/div>\n\t\t<\/section>\n\t\t\t\t<\/div>\n\t\t\n<h2>\u00bfCu\u00e1les son los l\u00edmites de ingresos de la compensaci\u00f3n de trabajadores de Florida?<\/h2>\n<p>La compensaci\u00f3n laboral proporciona a todos los implicados, es decir, al empleado y al empresario, una serie de beneficios.<\/p>\n<p>Por un lado, protege los intereses del empleado compens\u00e1ndole por cualquier p\u00e9rdida que pueda sufrir como consecuencia de una lesi\u00f3n sufrida en el desempe\u00f1o de sus funciones. Por otro lado, protege a los empresarios de ser demandados por trabajadores lesionados.<\/p>\n<p>Cualquier empresa que opere en Florida y emplee a m\u00e1s de dos personas est\u00e1 obligada a tener un seguro de compensaci\u00f3n de trabajadores para que pueda ser certificada.<\/p>\n<p>Las normas que rigen las p\u00f3lizas de seguro de compensaci\u00f3n de trabajadores suelen variar de un estado a otro, y lo mismo se aplica a qui\u00e9n tiene derecho a la compensaci\u00f3n y a los l\u00edmites de ingresos.<\/p>\n<p>Aunque as\u00ed sea, las directrices de indemnizaci\u00f3n por accidente de trabajo en todos los estados de EE.UU. tienen algunas similitudes. Por ejemplo, las prestaciones de compensaci\u00f3n de los trabajadores en cada estado cubren cosas como los gastos judiciales, los costes de protecci\u00f3n del abogado, los gastos legales, el finiquito y mucho m\u00e1s.<\/p>\n<p>Sin embargo, cuando se trata de cu\u00e1nto se puede pagar, cada Estado tiene su normativa.<\/p>\n<p>Por ejemplo, en Florida, la cantidad m\u00e1xima que puede percibir semanalmente un trabajador lesionado en una reclamaci\u00f3n por incapacidad temporal es de 971 d\u00f3lares.<\/p>\n<p>Por otro lado, en los casos de incapacidad permanente total, los empleados lesionados reciben ajustes anuales de subsistencia hasta que cumplen 62 a\u00f1os.<\/p>\n<p>Dado que cada caso es \u00fanico, para tener una idea de cu\u00e1nto es su l\u00edmite de ingresos de compensaci\u00f3n de trabajadores, considere ponerse en contacto con nuestro abogado profesional de compensaci\u00f3n de trabajadores de San Petersburgo.<\/p>\n<p>Nuestros abogados tienen la experiencia y las habilidades necesarias para ayudarle a calcular sus beneficios para que pueda tener una idea de cu\u00e1nto esperar de su reclamo.<\/p>\n<p><a href=\"https:\/\/floridalawyers360.com\/wp-content\/uploads\/2024\/03\/st-petersburg-wc-benefits1.jpeg\"><img fetchpriority=\"high\" decoding=\"async\" class=\"alignnone size-full wp-image-4684\" src=\"https:\/\/floridalawyers360.com\/wp-content\/uploads\/2024\/03\/st-petersburg-wc-benefits1.jpeg\" alt=\"Prestaciones por accidentes laborales\" width=\"500\" height=\"334\" srcset=\"https:\/\/floridalawyers360.com\/wp-content\/uploads\/2024\/03\/st-petersburg-wc-benefits1.jpeg 500w, https:\/\/floridalawyers360.com\/wp-content\/uploads\/2024\/03\/st-petersburg-wc-benefits1-300x200.jpeg 300w\" sizes=\"(max-width: 500px) 100vw, 500px\" \/><\/a><\/p>\n<h2>\u00bfCu\u00e1les son los beneficios disponibles de Compensaci\u00f3n de Trabajadores en San Petersburgo?<\/h2>\n<p>Compensaci\u00f3n en la Florida se divide en cuatro grupos principales, con cada uno diferente de los dem\u00e1s sobre la base de la duraci\u00f3n de la recuperaci\u00f3n, las caracter\u00edsticas de la lesi\u00f3n, y el tipo de lesi\u00f3n.<\/p>\n<h3>Prestaci\u00f3n por incapacidad total temporal (TTD)<\/h3>\n<p>Cuando un trabajador se lesiona y tiene que ausentarse del trabajo para recuperarse o reponerse, puede optar inmediatamente a una prestaci\u00f3n por incapacidad total temporal. Sin embargo, hay que tener en cuenta que la incapacidad total temporal viene acompa\u00f1ada de algunas directrices.<\/p>\n<p>Por ejemplo, est\u00e1 el periodo de espera de 7 d\u00edas: si el trabajador lesionado pasa m\u00e1s de 21 d\u00edas recuper\u00e1ndose, se le indemnizar\u00e1 por el periodo de espera de siete d\u00edas.<\/p>\n<h3>Prestaci\u00f3n por incapacidad temporal parcial (TPD)<\/h3>\n<p>Si un trabajador o empleado lesionado se reincorpora finalmente al trabajo pero no puede ganar tanto como antes debido a su lesi\u00f3n, puede optar a una incapacidad parcial temporal.<\/p>\n<p>El objetivo principal de las prestaciones por incapacidad temporal parcial es compensar a los trabajadores lesionados por los salarios que perdieron y siguen perdiendo debido a la disminuci\u00f3n de la productividad.<\/p>\n<p>Al igual que la incapacidad total temporal, la incapacidad parcial temporal tiene algunas directrices, entre las que se incluyen un periodo de espera de siete d\u00edas y un periodo l\u00edmite de 500 semanas (ampliable en algunos casos).<\/p>\n<h3>Prestaci\u00f3n por incapacidad permanente parcial (PPD)<\/h3>\n<p>La PPD se concede a los trabajadores lesionados que han alcanzado la m\u00e1xima mejor\u00eda m\u00e9dica (MMI), lo que significa que sus lesiones no pueden mejorar m\u00e1s.<\/p>\n<p>Cuando los m\u00e9dicos declaran la MMI, significa que lo m\u00e1s probable es que el trabajador lesionado tenga una incapacidad permanente o una lesi\u00f3n que no pueda tratarse m\u00e1s all\u00e1 de lo m\u00e9dicamente posible. En la mayor\u00eda de los casos, la \u00fanica soluci\u00f3n que queda es gestionar el problema.<\/p>\n<p>La incapacidad permanente parcial (IP) tambi\u00e9n se aplica cuando se trata de incapacidad permanente parcial y significa que las lesiones sufridas por el trabajador afectan a su capacidad para trabajar. El periodo l\u00edmite para la PPD es de 200 semanas.<\/p>\n<p><a href=\"https:\/\/floridalawyers360.com\/wp-content\/uploads\/2024\/03\/st-petersburg-wc-benefits2-copy.webp\"><img decoding=\"async\" class=\"alignnone size-full wp-image-4682\" src=\"https:\/\/floridalawyers360.com\/wp-content\/uploads\/2024\/03\/st-petersburg-wc-benefits2-copy.webp\" alt=\"Workers' compensation benefits and disabilities\" width=\"500\" height=\"334\" srcset=\"https:\/\/floridalawyers360.com\/wp-content\/uploads\/2024\/03\/st-petersburg-wc-benefits2-copy.webp 500w, https:\/\/floridalawyers360.com\/wp-content\/uploads\/2024\/03\/st-petersburg-wc-benefits2-copy-300x200.webp 300w\" sizes=\"(max-width: 500px) 100vw, 500px\" \/><\/a><\/p>\n<h3>Prestaciones por incapacidad permanente total (IPT)<\/h3>\n<p>La incapacidad permanente total es una prestaci\u00f3n que viene acompa\u00f1ada de reglamentos y normas muy estrictos y no suele concederse a menos que el trabajador lesionado cumpla unas directrices muy concretas.<\/p>\n<p>Por ejemplo, la IPT s\u00f3lo se concede a los trabajadores que han sufrido lesiones permanentes en ambos ojos, piernas, manos o una combinaci\u00f3n de dos partes cruciales del cuerpo.<\/p>\n<p>Al mismo tiempo, la prestaci\u00f3n s\u00f3lo se concede al trabajador lesionado hasta que alcanza la edad en la que puede empezar a percibir prestaciones de jubilaci\u00f3n.<\/p>\n<h2>\u00bfC\u00f3mo se calculan las indemnizaciones en Florida?<\/h2>\n<p>Hay algunos factores que influyen en c\u00f3mo se calculan las prestaciones de compensaci\u00f3n de los trabajadores en Florida, siendo los principales la gravedad de las lesiones del trabajador, su situaci\u00f3n laboral y cu\u00e1nto gana a la semana.<\/p>\n<p>En Florida, los trabajadores lesionados reciben dos tercios de sus ingresos brutos semanales medios durante un m\u00e1ximo de 13 semanas. En los casos de reclamaciones de prestaciones por da\u00f1os permanentes, los trabajadores lesionados reciben el 75 por ciento de su incapacidad.<\/p>\n<p>Para obtener m\u00e1s informaci\u00f3n sobre los beneficios de compensaci\u00f3n de trabajadores y c\u00f3mo se calculan, p\u00f3ngase en contacto con Workers Compensation Lawyers Coalition Florida para hablar con un experto.<\/p>\n<h2>\u00bfTributa el Estado de Florida las Prestaciones de Compensaci\u00f3n al Trabajador en San Petersburgo?<\/h2>\n<p>Los beneficios de compensaci\u00f3n al trabajador en Florida no est\u00e1n gravados ya que est\u00e1n destinados a compensar a los trabajadores lesionados por sus lesiones, p\u00e9rdidas y gastos. En resumen, no se grava ning\u00fan beneficio que los trabajadores reciban a trav\u00e9s del seguro de compensaci\u00f3n laboral.<\/p>\n<p><a href=\"https:\/\/floridalawyers360.com\/wp-content\/uploads\/2024\/03\/st-petersburg-wc-benefits3-copy.webp\"><img decoding=\"async\" class=\"alignnone size-full wp-image-4680\" src=\"https:\/\/floridalawyers360.com\/wp-content\/uploads\/2024\/03\/st-petersburg-wc-benefits3-copy.webp\" alt=\"Talk with a lawyer about your workers' compensation benefits\" width=\"500\" height=\"334\" srcset=\"https:\/\/floridalawyers360.com\/wp-content\/uploads\/2024\/03\/st-petersburg-wc-benefits3-copy.webp 500w, https:\/\/floridalawyers360.com\/wp-content\/uploads\/2024\/03\/st-petersburg-wc-benefits3-copy-300x200.webp 300w\" sizes=\"(max-width: 500px) 100vw, 500px\" \/><\/a><\/p>\n<h2>\u00bfNecesita ayuda con su caso de indemnizaci\u00f3n laboral? Perm\u00edtanos ayudarle<\/h2>\n<p>El abogado de la remuneraci\u00f3n de los trabajadores de St. Petersburg en la coalici\u00f3n de los abogados de la remuneraci\u00f3n de los trabajadores la Florida tiene a\u00f1os de experiencia que maneja las demandas de la remuneraci\u00f3n de los trabajadores y puede decirle una cosa &#8211; ning\u00fan caso es igual.<\/p>\n<p>Y es por eso que manejamos cada caso con la seriedad y la atenci\u00f3n que requiere.<\/p>\n<p>Si usted est\u00e1 planeando actualmente en la b\u00fasqueda de una demanda de compensaci\u00f3n de trabajadores, y le gustar\u00eda saber m\u00e1s sobre el proceso, y algunos de los beneficios que puede obtener, p\u00f3ngase en contacto con nuestro equipo legal marcando <a href=\"tel:+19544487355\"><i class=\"fa fa-phone-alt\"><\/i>954-448-7355<\/a>.<\/p>\n<p>Programe una consulta gratuita con nuestro experimentado abogado de compensaci\u00f3n de trabajadores de San Petersburgo para obtener asesoramiento y asistencia.<\/p>\n","protected":false},"excerpt":{"rendered":"<p>Si usted vive en San Petersburgo, Florida, y ha sufrido alg\u00fan tipo de lesi\u00f3n en el desempe\u00f1o de sus funciones en su lugar de trabajo o han desarrollado una enfermedad profesional, entonces usted tiene el derecho de presentar una reclamaci\u00f3n de beneficios de compensaci\u00f3n de trabajadores por los da\u00f1os sufridos. En Florida, cualquier empresa que [&hellip;]<\/p>\n","protected":false},"author":22,"featured_media":0,"parent":6041,"menu_order":0,"comment_status":"closed","ping_status":"closed","template":"","meta":{"_acf_changed":false,"anchor_text":"","footnotes":""},"categories":[],"tags":[],"class_list":["post-6059","page","type-page","status-publish","hentry"],"acf":[],"_links":{"self":[{"href":"https:\/\/floridalawyers360.com\/es\/wp-json\/wp\/v2\/pages\/6059","targetHints":{"allow":["GET"]}}],"collection":[{"href":"https:\/\/floridalawyers360.com\/es\/wp-json\/wp\/v2\/pages"}],"about":[{"href":"https:\/\/floridalawyers360.com\/es\/wp-json\/wp\/v2\/types\/page"}],"author":[{"embeddable":true,"href":"https:\/\/floridalawyers360.com\/es\/wp-json\/wp\/v2\/users\/22"}],"replies":[{"embeddable":true,"href":"https:\/\/floridalawyers360.com\/es\/wp-json\/wp\/v2\/comments?post=6059"}],"version-history":[{"count":2,"href":"https:\/\/floridalawyers360.com\/es\/wp-json\/wp\/v2\/pages\/6059\/revisions"}],"predecessor-version":[{"id":6060,"href":"https:\/\/floridalawyers360.com\/es\/wp-json\/wp\/v2\/pages\/6059\/revisions\/6060"}],"up":[{"embeddable":true,"href":"https:\/\/floridalawyers360.com\/es\/wp-json\/wp\/v2\/pages\/6041"}],"wp:attachment":[{"href":"https:\/\/floridalawyers360.com\/es\/wp-json\/wp\/v2\/media?parent=6059"}],"wp:term":[{"taxonomy":"category","embeddable":true,"href":"https:\/\/floridalawyers360.com\/es\/wp-json\/wp\/v2\/categories?post=6059"},{"taxonomy":"post_tag","embeddable":true,"href":"https:\/\/floridalawyers360.com\/es\/wp-json\/wp\/v2\/tags?post=6059"}],"curies":[{"name":"wp","href":"https:\/\/api.w.org\/{rel}","templated":true}]}}