{"id":6056,"date":"2024-02-14T10:48:33","date_gmt":"2024-02-14T15:48:33","guid":{"rendered":"https:\/\/floridalawyers360.com\/st-petersburg\/workers-compensation-claim-process-in-st-petersburg-fl\/"},"modified":"2024-03-20T00:50:19","modified_gmt":"2024-03-20T05:50:19","slug":"proceso-de-reclamacion-de-indemnizacion-por-accidente-laboral","status":"publish","type":"page","link":"https:\/\/floridalawyers360.com\/es\/st-petersburg\/proceso-de-reclamacion-de-indemnizacion-por-accidente-laboral\/","title":{"rendered":"Proceso de reclamaci\u00f3n de indemnizaci\u00f3n por accidente laboral"},"content":{"rendered":"<p>Las lesiones en el lugar de trabajo son muy frecuentes y ocurren en todas partes. Cuando los empleados sufren una lesi\u00f3n, mientras que todav\u00eda est\u00e1n en el reloj, que pueden tener precedente legal para iniciar el proceso de reclamaci\u00f3n de indemnizaci\u00f3n de los trabajadores en San Petersburgo.<\/p>\n<p>Si usted ha sufrido una lesi\u00f3n en el cumplimiento de sus funciones de trabajo, est\u00e1 dentro de sus derechos legales para perseguir el reembolso que se le debe.<\/p>\n<div class=\"embed-container\"><iframe src=\"https:\/\/www.youtube.com\/embed\/2ML5DGiRYac\" frameborder=\"0\" allowfullscreen=\"allowfullscreen\"><\/iframe><\/div>\n<p>La p\u00f3liza de compensaci\u00f3n de los trabajadores en Florida cubre a los empleados que sufren una lesi\u00f3n en el trabajo. Los trabajadores afectados pueden beneficiarse de tratamiento m\u00e9dico pagado, reembolso de salarios perdidos y otras ayudas econ\u00f3micas.<\/p>\n<p>Para recibir estas prestaciones, deber\u00e1 cumplir ciertas condiciones, como informar a su empresa de la lesi\u00f3n en un plazo determinado.<\/p>\n<p>Si usted est\u00e1 buscando un abogado de compensaci\u00f3n de trabajadores sobre el proceso de reclamaciones de compensaci\u00f3n de trabajadores en San Petersburgo, FL, entonces no busque m\u00e1s.<\/p>\n<p>Con los abogados de compensaci\u00f3n de trabajadores en St. Petersburg en Florida Lawyers 360 para ayudarle. Para hacer rodar la pelota de su proceso de reclamaci\u00f3n, p\u00f3ngase en contacto con nosotros ahora en [tel\u00e9fono] para obtener una evaluaci\u00f3n gratuita de su caso.<\/p>\n\t\t<div data-elementor-type=\"section\" data-elementor-id=\"208\" class=\"elementor elementor-208\" data-elementor-post-type=\"elementor_library\">\n\t\t\t\t\t<section class=\"elementor-section elementor-top-section elementor-element elementor-element-485e576a elementor-section-boxed elementor-section-height-default elementor-section-height-default\" data-id=\"485e576a\" data-element_type=\"section\" data-e-type=\"section\">\n\t\t\t\t\t\t<div class=\"elementor-container elementor-column-gap-default\">\n\t\t\t\t\t<div class=\"elementor-column elementor-col-100 elementor-top-column elementor-element elementor-element-635c38c0\" data-id=\"635c38c0\" data-element_type=\"column\" data-e-type=\"column\">\n\t\t\t<div class=\"elementor-widget-wrap elementor-element-populated\">\n\t\t\t\t\t\t<div class=\"elementor-element elementor-element-3ba95c8a elementor-toc--minimized-on-tablet elementor-widget elementor-widget-table-of-contents\" data-id=\"3ba95c8a\" data-element_type=\"widget\" data-e-type=\"widget\" data-settings=\"{&quot;exclude_headings_by_selector&quot;:&quot;.toc-remove&quot;,&quot;headings_by_tags&quot;:[&quot;h2&quot;,&quot;h3&quot;],&quot;marker_view&quot;:&quot;numbers&quot;,&quot;no_headings_message&quot;:&quot;No se ha encontrado ning\\u00fan encabezado en esta p\\u00e1gina.&quot;,&quot;minimize_box&quot;:&quot;yes&quot;,&quot;minimized_on&quot;:&quot;tablet&quot;,&quot;hierarchical_view&quot;:&quot;yes&quot;,&quot;min_height&quot;:{&quot;unit&quot;:&quot;px&quot;,&quot;size&quot;:&quot;&quot;,&quot;sizes&quot;:[]},&quot;min_height_tablet&quot;:{&quot;unit&quot;:&quot;px&quot;,&quot;size&quot;:&quot;&quot;,&quot;sizes&quot;:[]},&quot;min_height_mobile&quot;:{&quot;unit&quot;:&quot;px&quot;,&quot;size&quot;:&quot;&quot;,&quot;sizes&quot;:[]}}\" data-widget_type=\"table-of-contents.default\">\n\t\t\t\t\t\t\t\t\t<div class=\"elementor-toc__header\">\n\t\t\t\t\t\t<div class=\"elementor-toc__header-title\">\n\t\t\t\tTable of Contents\t\t\t<\/div>\n\t\t\t\t\t\t\t\t\t\t<div class=\"elementor-toc__toggle-button elementor-toc__toggle-button--expand\" role=\"button\" tabindex=\"0\" aria-controls=\"elementor-toc__3ba95c8a\" aria-expanded=\"true\" aria-label=\"Abrir la tabla de contenidos\"><svg aria-hidden=\"true\" class=\"e-font-icon-svg e-fas-chevron-down\" viewBox=\"0 0 448 512\" xmlns=\"http:\/\/www.w3.org\/2000\/svg\"><path d=\"M207.029 381.476L12.686 187.132c-9.373-9.373-9.373-24.569 0-33.941l22.667-22.667c9.357-9.357 24.522-9.375 33.901-.04L224 284.505l154.745-154.021c9.379-9.335 24.544-9.317 33.901.04l22.667 22.667c9.373 9.373 9.373 24.569 0 33.941L240.971 381.476c-9.373 9.372-24.569 9.372-33.942 0z\"><\/path><\/svg><\/div>\n\t\t\t\t<div class=\"elementor-toc__toggle-button elementor-toc__toggle-button--collapse\" role=\"button\" tabindex=\"0\" aria-controls=\"elementor-toc__3ba95c8a\" aria-expanded=\"true\" aria-label=\"Cerrar la tabla de contenidos\"><svg aria-hidden=\"true\" class=\"e-font-icon-svg e-fas-chevron-up\" viewBox=\"0 0 448 512\" xmlns=\"http:\/\/www.w3.org\/2000\/svg\"><path d=\"M240.971 130.524l194.343 194.343c9.373 9.373 9.373 24.569 0 33.941l-22.667 22.667c-9.357 9.357-24.522 9.375-33.901.04L224 227.495 69.255 381.516c-9.379 9.335-24.544 9.317-33.901-.04l-22.667-22.667c-9.373-9.373-9.373-24.569 0-33.941L207.03 130.525c9.372-9.373 24.568-9.373 33.941-.001z\"><\/path><\/svg><\/div>\n\t\t\t\t\t<\/div>\n\t\t\t\t<div id=\"elementor-toc__3ba95c8a\" class=\"elementor-toc__body\">\n\t\t\t<div class=\"elementor-toc__spinner-container\">\n\t\t\t\t<svg class=\"elementor-toc__spinner eicon-animation-spin e-font-icon-svg e-eicon-loading\" aria-hidden=\"true\" viewBox=\"0 0 1000 1000\" xmlns=\"http:\/\/www.w3.org\/2000\/svg\"><path d=\"M500 975V858C696 858 858 696 858 500S696 142 500 142 142 304 142 500H25C25 237 238 25 500 25S975 237 975 500 763 975 500 975Z\"><\/path><\/svg>\t\t\t<\/div>\n\t\t<\/div>\n\t\t\t\t\t\t<\/div>\n\t\t\t\t\t<\/div>\n\t\t<\/div>\n\t\t\t\t\t<\/div>\n\t\t<\/section>\n\t\t\t\t<\/div>\n\t\t\n<h2>\u00bfC\u00f3mo puedo saber si mi lesi\u00f3n ser\u00e1 cubierta por una indemnizaci\u00f3n laboral?<\/h2>\n<p>La indemnizaci\u00f3n por accidente laboral es un conjunto de normas que garantizan que, si un empleado se lesiona en el desempe\u00f1o de su trabajo, se le reembolsen las facturas m\u00e9dicas y otros gastos.<\/p>\n<p>Adem\u00e1s, la indemnizaci\u00f3n por accidente laboral ayuda a los trabajadores a no demandar a su empresa para intentar recuperar el pago.<\/p>\n<p>En la mayor\u00eda de los Estados, todas las empresas est\u00e1n obligadas por ley a tener alg\u00fan tipo de p\u00f3liza de indemnizaci\u00f3n por accidentes laborales para cubrir a los empleados que hayan sufrido lesiones en el lugar de trabajo.<\/p>\n<p>En Florida, muchas empresas est\u00e1n obligadas a suscribir un seguro de indemnizaci\u00f3n por accidentes laborales, bien contratando la cobertura a una aseguradora privada, bien obteniendo la acreditaci\u00f3n del Estado para autoasegurarse.<\/p>\n<p>En el estado de Florida, la DWC (Divisi\u00f3n de Indemnizaci\u00f3n por Accidentes de Trabajo de Florida) gestiona todos los asuntos relacionados con las reclamaciones de indemnizaci\u00f3n por accidentes de trabajo.<\/p>\n<p><a href=\"https:\/\/floridalawyers360.com\/wp-content\/uploads\/2024\/03\/st-petersburg-claim1-copy.webp\"><img fetchpriority=\"high\" decoding=\"async\" class=\"alignnone size-full wp-image-4710\" src=\"https:\/\/floridalawyers360.com\/wp-content\/uploads\/2024\/03\/st-petersburg-claim1-copy.webp\" alt=\"Our St. Petersburg firm will help you through the claim process\" width=\"500\" height=\"334\" srcset=\"https:\/\/floridalawyers360.com\/wp-content\/uploads\/2024\/03\/st-petersburg-claim1-copy.webp 500w, https:\/\/floridalawyers360.com\/wp-content\/uploads\/2024\/03\/st-petersburg-claim1-copy-300x200.webp 300w\" sizes=\"(max-width: 500px) 100vw, 500px\" \/><\/a><\/p>\n<h3>Su empresario est\u00e1 obligado a suscribir una p\u00f3liza de seguro cuando:<\/h3>\n<ul>\n<li>Su empresario, del sector de la construcci\u00f3n, tiene uno o m\u00e1s trabajadores<\/li>\n<li>Tu empleador, que no est\u00e1 en el sector de la construcci\u00f3n, tiene cuatro o m\u00e1s trabajadores a tiempo parcial o completo<\/li>\n<li>Su empresario opera como agricultor y tiene m\u00e1s de cinco trabajadores fijos y\/o doce o m\u00e1s temporeros que trabajan durante no menos de treinta d\u00edas.<\/li>\n<li>Su empleador es un gobierno local o estatal<\/li>\n<\/ul>\n<p>&nbsp;<\/p>\n<p>Al igual que en otros estados de EE.UU., en Florida rige la doctrina de la indemnizaci\u00f3n por accidente de trabajo sin culpa. Esto significa que para que usted sea compensado, usted no necesita probar que su jefe actu\u00f3 imprudentemente.<\/p>\n<p>Normalmente tendr\u00e1 derecho a recibir prestaciones siempre y cuando se haya lesionado mientras cumpl\u00eda con sus responsabilidades laborales. De hecho, la compensaci\u00f3n de los trabajadores engloba la mayor\u00eda de las lesiones que se producen en el lugar de trabajo.<\/p>\n<p>Esto incluye:<\/p>\n<ul>\n<li>Defunciones<\/li>\n<li>Enfermedades<\/li>\n<li>Enfermedades<\/li>\n<li>Accidentes<\/li>\n<li>Lesiones<\/li>\n<\/ul>\n<p>&nbsp;<\/p>\n<p>La informaci\u00f3n relativa al plan de seguro de su empresa deber\u00eda ser f\u00e1cilmente accesible en el lugar de trabajo. Si no es as\u00ed, deber\u00edas pensar en ponerte en contacto con la Oficina de Asistencia al Empleado y Defensor del Empleado.<\/p>\n<p><a href=\"https:\/\/floridalawyers360.com\/wp-content\/uploads\/2024\/03\/st-petersburg-claim2-copy.webp\"><img decoding=\"async\" class=\"alignnone size-full wp-image-4712\" src=\"https:\/\/floridalawyers360.com\/wp-content\/uploads\/2024\/03\/st-petersburg-claim2-copy.webp\" alt=\"Don't miss the dead line to file your claim\" width=\"500\" height=\"334\" srcset=\"https:\/\/floridalawyers360.com\/wp-content\/uploads\/2024\/03\/st-petersburg-claim2-copy.webp 500w, https:\/\/floridalawyers360.com\/wp-content\/uploads\/2024\/03\/st-petersburg-claim2-copy-300x200.webp 300w\" sizes=\"(max-width: 500px) 100vw, 500px\" \/><\/a><\/p>\n<h2>\u00bfCu\u00e1nto tiempo tiene para presentar una reclamaci\u00f3n de compensaci\u00f3n de trabajadores en Florida?<\/h2>\n<p>Despu\u00e9s de que un empleado ha sufrido una lesi\u00f3n como resultado de un accidente de trabajo y el tiempo transcurre, a veces el empleado lesionado se oye la frase \u00abestatuto de limitaciones\u00bb del proveedor de seguros en el seguimiento con un m\u00e9dico de compensaci\u00f3n de trabajadores para la asistencia m\u00e9dica.<\/p>\n<p>Si usted tiene la desafortunada experiencia de sufrir una lesi\u00f3n en el lugar de trabajo, los abogados de Florida Lawyers 360 creen que es importante que usted entienda sus obligaciones y derechos de acuerdo a las regulaciones de Florida en relaci\u00f3n con la compensaci\u00f3n de trabajadores y el estatuto de limitaciones.<\/p>\n<p>Esta estipulaci\u00f3n bajo la ley de Florida proh\u00edbe los derechos de un empleado lesionado de reclamar beneficios, demandar por salarios perdidos, o recibir alg\u00fan pago por medicare. La reclamaci\u00f3n de compensaci\u00f3n de trabajadores de Florida se considera nula a menos que la reclamaci\u00f3n se presente dentro del :<\/p>\n<ul>\n<li>Dos a\u00f1os despu\u00e9s de la fecha de la lesi\u00f3n<\/li>\n<li>Un a\u00f1o despu\u00e9s de las \u00faltimas prestaciones que recibi\u00f3 o un a\u00f1o despu\u00e9s de la \u00faltima vez que recibi\u00f3 atenci\u00f3n m\u00e9dica.<\/li>\n<\/ul>\n<p>&nbsp;<\/p>\n<p>Esto implica que, tras la lesi\u00f3n sufrida en el lugar de trabajo, es vital que consulte peri\u00f3dicamente a su(s) m\u00e9dico(s) de indemnizaci\u00f3n por accidente de trabajo.<\/p>\n<h2>\u00bfC\u00f3mo se inicia el proceso de reclamaci\u00f3n de indemnizaci\u00f3n laboral en San Petersburgo, Florida?<\/h2>\n<p>Si usted ha sufrido una lesi\u00f3n en el desempe\u00f1o de sus funciones de trabajo, el primer paso en el proceso de reclamaci\u00f3n es informar a su empleador de inmediato.<\/p>\n<p>El plazo para esto es de 30 d\u00edas despu\u00e9s de la fecha de su accidente o 30 d\u00edas despu\u00e9s de la fecha en que su m\u00e9dico le diagnostic\u00f3 que ha sufrido una lesi\u00f3n relacionada con el trabajo.<\/p>\n<p>No informar a la empresa en los plazos estipulados puede hacer que su solicitud de indemnizaci\u00f3n por accidente de trabajo sea redundante o aumentar la probabilidad de que la rechacen.<\/p>\n<p>Tras informar de su lesi\u00f3n a su empresario, \u00e9ste est\u00e1 obligado a informar a su aseguradora de compensaci\u00f3n de los trabajadores y notificarles sus lesiones en un plazo de siete d\u00edas a partir de la fecha en que usted inform\u00f3 del incidente al empresario.<\/p>\n<p>Si su empresario no informa a su aseguradora, puede proceder a notific\u00e1rselo usted mismo. La informaci\u00f3n para ponerse en contacto con la aseguradora debe estar f\u00e1cilmente accesible en su lugar de trabajo o puede ponerse en contacto con la Oficina de Asistencia al Empleado y Defensor del Trabajador.<\/p>\n<p>La aseguradora de su empresa y su empresario deben rellenar el Primer Informe de Lesiones o Enfermedad (DWC-1). Tras notificar a su empresario la lesi\u00f3n sufrida, puede proceder a utilizar los servicios del m\u00e9dico sancionado por su empresario.<\/p>\n<p>La aseguradora de su empresa se har\u00e1 cargo de todos los gastos m\u00e9dicos sancionados.<\/p>\n<p><a href=\"https:\/\/floridalawyers360.com\/wp-content\/uploads\/2024\/03\/st-petersburg-claim3-copy.webp\"><img decoding=\"async\" class=\"alignnone size-full wp-image-4714\" src=\"https:\/\/floridalawyers360.com\/wp-content\/uploads\/2024\/03\/st-petersburg-claim3-copy.webp\" alt=\"Contact our lawyers if you need help with the workers' compensation claim process\" width=\"500\" height=\"334\" srcset=\"https:\/\/floridalawyers360.com\/wp-content\/uploads\/2024\/03\/st-petersburg-claim3-copy.webp 500w, https:\/\/floridalawyers360.com\/wp-content\/uploads\/2024\/03\/st-petersburg-claim3-copy-300x200.webp 300w\" sizes=\"(max-width: 500px) 100vw, 500px\" \/><\/a><\/p>\n<h2>\u00a1P\u00f3ngase en contacto con nosotros hoy para obtener ayuda legal con su proceso de reclamaciones de compensaci\u00f3n de trabajadores de San Petersburgo!<\/h2>\n<p>Dadas las complejidades de las leyes de lesiones en el lugar de trabajo de la Florida, es f\u00e1cil perderse en el proceso de reclamaciones. Si usted no est\u00e1 familiarizado con los entresijos del sistema legal, es mejor dejarlo en manos de profesionales.<\/p>\n<p>En Workers&#8217; Compensation Lawyers Coalition Florida hemos acumulado una gran experiencia en la tramitaci\u00f3n de reclamaciones de indemnizaci\u00f3n por accidentes laborales en San Petersburgo y confiamos en nuestra capacidad para defenderle y conseguir la indemnizaci\u00f3n que le corresponde.<\/p>\n<p>Si usted est\u00e1 buscando una reclamaci\u00f3n de compensaci\u00f3n de trabajadores, nuestros abogados competentes pueden ayudarle a navegar el proceso de reclamaciones.<\/p>\n<p>\u00a1P\u00f3ngase en contacto con nosotros en <a href=\"tel:+19544487355\"><i class=\"fa fa-phone-alt\"><\/i>954-448-7355<\/a> para programar una evaluaci\u00f3n gratuita de su caso!<\/p>\n","protected":false},"excerpt":{"rendered":"<p>Las lesiones en el lugar de trabajo son muy frecuentes y ocurren en todas partes. Cuando los empleados sufren una lesi\u00f3n, mientras que todav\u00eda est\u00e1n en el reloj, que pueden tener precedente legal para iniciar el proceso de reclamaci\u00f3n de indemnizaci\u00f3n de los trabajadores en San Petersburgo. Si usted ha sufrido una lesi\u00f3n en el [&hellip;]<\/p>\n","protected":false},"author":22,"featured_media":0,"parent":6041,"menu_order":0,"comment_status":"closed","ping_status":"closed","template":"","meta":{"_acf_changed":false,"anchor_text":"","footnotes":""},"categories":[],"tags":[],"class_list":["post-6056","page","type-page","status-publish","hentry"],"acf":[],"_links":{"self":[{"href":"https:\/\/floridalawyers360.com\/es\/wp-json\/wp\/v2\/pages\/6056","targetHints":{"allow":["GET"]}}],"collection":[{"href":"https:\/\/floridalawyers360.com\/es\/wp-json\/wp\/v2\/pages"}],"about":[{"href":"https:\/\/floridalawyers360.com\/es\/wp-json\/wp\/v2\/types\/page"}],"author":[{"embeddable":true,"href":"https:\/\/floridalawyers360.com\/es\/wp-json\/wp\/v2\/users\/22"}],"replies":[{"embeddable":true,"href":"https:\/\/floridalawyers360.com\/es\/wp-json\/wp\/v2\/comments?post=6056"}],"version-history":[{"count":2,"href":"https:\/\/floridalawyers360.com\/es\/wp-json\/wp\/v2\/pages\/6056\/revisions"}],"predecessor-version":[{"id":6058,"href":"https:\/\/floridalawyers360.com\/es\/wp-json\/wp\/v2\/pages\/6056\/revisions\/6058"}],"up":[{"embeddable":true,"href":"https:\/\/floridalawyers360.com\/es\/wp-json\/wp\/v2\/pages\/6041"}],"wp:attachment":[{"href":"https:\/\/floridalawyers360.com\/es\/wp-json\/wp\/v2\/media?parent=6056"}],"wp:term":[{"taxonomy":"category","embeddable":true,"href":"https:\/\/floridalawyers360.com\/es\/wp-json\/wp\/v2\/categories?post=6056"},{"taxonomy":"post_tag","embeddable":true,"href":"https:\/\/floridalawyers360.com\/es\/wp-json\/wp\/v2\/tags?post=6056"}],"curies":[{"name":"wp","href":"https:\/\/api.w.org\/{rel}","templated":true}]}}