{"id":6053,"date":"2024-02-14T10:44:29","date_gmt":"2024-02-14T15:44:29","guid":{"rendered":"https:\/\/floridalawyers360.com\/st-petersburg\/st-petersburg-workers-compensation-lawyer\/"},"modified":"2024-03-20T00:52:12","modified_gmt":"2024-03-20T05:52:12","slug":"st-petersburg-abogado-de-indemnizacion-por-accidentes-laborales","status":"publish","type":"page","link":"https:\/\/floridalawyers360.com\/es\/st-petersburg\/st-petersburg-abogado-de-indemnizacion-por-accidentes-laborales\/","title":{"rendered":"St. Petersburg Abogado de indemnizaci\u00f3n por accidentes laborales"},"content":{"rendered":"<p>Como trabajador lesionado, probablemente haya o\u00eddo hablar de la compensaci\u00f3n de los trabajadores. Sin embargo, como la mayor\u00eda de las personas lesionadas en el trabajo, es probable que no tenga una buena comprensi\u00f3n de todos los detalles de c\u00f3mo funciona para proteger sus derechos.<\/p>\n<p>Si usted ha sido lesionado en el trabajo y est\u00e1 pensando en presentar una reclamaci\u00f3n, pero no sabe qu\u00e9 pasos seguir, un abogado con experiencia en compensaci\u00f3n de trabajadores de San Petersburgo puede ayudar a guiarlo a trav\u00e9s del proceso.<\/p>\n<p>En Florida Lawyers 360, lucharemos para asegurarnos de que reciba los beneficios a los que tiene derecho.<\/p>\n<p>P\u00f3ngase en contacto con nosotros hoy para aprender m\u00e1s acerca de sus derechos como trabajador y para asegurar la representaci\u00f3n legal profesional. Llame <a href=\"tel:+19544487355\"><i class=\"fa fa-phone-alt\"><\/i>954-448-7355<\/a> ahora y programe una reuni\u00f3n de consulta gratuita con nuestros abogados de lesiones personales de San Petersburgo.<\/p>\n\t\t<div data-elementor-type=\"section\" data-elementor-id=\"208\" class=\"elementor elementor-208\" data-elementor-post-type=\"elementor_library\">\n\t\t\t\t\t<section class=\"elementor-section elementor-top-section elementor-element elementor-element-485e576a elementor-section-boxed elementor-section-height-default elementor-section-height-default\" data-id=\"485e576a\" data-element_type=\"section\" data-e-type=\"section\">\n\t\t\t\t\t\t<div class=\"elementor-container elementor-column-gap-default\">\n\t\t\t\t\t<div class=\"elementor-column elementor-col-100 elementor-top-column elementor-element elementor-element-635c38c0\" data-id=\"635c38c0\" data-element_type=\"column\" data-e-type=\"column\">\n\t\t\t<div class=\"elementor-widget-wrap elementor-element-populated\">\n\t\t\t\t\t\t<div class=\"elementor-element elementor-element-3ba95c8a elementor-toc--minimized-on-tablet elementor-widget elementor-widget-table-of-contents\" data-id=\"3ba95c8a\" data-element_type=\"widget\" data-e-type=\"widget\" data-settings=\"{&quot;exclude_headings_by_selector&quot;:&quot;.toc-remove&quot;,&quot;headings_by_tags&quot;:[&quot;h2&quot;,&quot;h3&quot;],&quot;marker_view&quot;:&quot;numbers&quot;,&quot;no_headings_message&quot;:&quot;No headings were found on this page.&quot;,&quot;minimize_box&quot;:&quot;yes&quot;,&quot;minimized_on&quot;:&quot;tablet&quot;,&quot;hierarchical_view&quot;:&quot;yes&quot;,&quot;min_height&quot;:{&quot;unit&quot;:&quot;px&quot;,&quot;size&quot;:&quot;&quot;,&quot;sizes&quot;:[]},&quot;min_height_tablet&quot;:{&quot;unit&quot;:&quot;px&quot;,&quot;size&quot;:&quot;&quot;,&quot;sizes&quot;:[]},&quot;min_height_mobile&quot;:{&quot;unit&quot;:&quot;px&quot;,&quot;size&quot;:&quot;&quot;,&quot;sizes&quot;:[]}}\" data-widget_type=\"table-of-contents.default\">\n\t\t\t\t\t\t\t\t\t<div class=\"elementor-toc__header\">\n\t\t\t\t\t\t<div class=\"elementor-toc__header-title\">\n\t\t\t\tTable of Contents\t\t\t<\/div>\n\t\t\t\t\t\t\t\t\t\t<div class=\"elementor-toc__toggle-button elementor-toc__toggle-button--expand\" role=\"button\" tabindex=\"0\" aria-controls=\"elementor-toc__3ba95c8a\" aria-expanded=\"true\" aria-label=\"Open table of contents\"><svg aria-hidden=\"true\" class=\"e-font-icon-svg e-fas-chevron-down\" viewBox=\"0 0 448 512\" xmlns=\"http:\/\/www.w3.org\/2000\/svg\"><path d=\"M207.029 381.476L12.686 187.132c-9.373-9.373-9.373-24.569 0-33.941l22.667-22.667c9.357-9.357 24.522-9.375 33.901-.04L224 284.505l154.745-154.021c9.379-9.335 24.544-9.317 33.901.04l22.667 22.667c9.373 9.373 9.373 24.569 0 33.941L240.971 381.476c-9.373 9.372-24.569 9.372-33.942 0z\"><\/path><\/svg><\/div>\n\t\t\t\t<div class=\"elementor-toc__toggle-button elementor-toc__toggle-button--collapse\" role=\"button\" tabindex=\"0\" aria-controls=\"elementor-toc__3ba95c8a\" aria-expanded=\"true\" aria-label=\"Close table of contents\"><svg aria-hidden=\"true\" class=\"e-font-icon-svg e-fas-chevron-up\" viewBox=\"0 0 448 512\" xmlns=\"http:\/\/www.w3.org\/2000\/svg\"><path d=\"M240.971 130.524l194.343 194.343c9.373 9.373 9.373 24.569 0 33.941l-22.667 22.667c-9.357 9.357-24.522 9.375-33.901.04L224 227.495 69.255 381.516c-9.379 9.335-24.544 9.317-33.901-.04l-22.667-22.667c-9.373-9.373-9.373-24.569 0-33.941L207.03 130.525c9.372-9.373 24.568-9.373 33.941-.001z\"><\/path><\/svg><\/div>\n\t\t\t\t\t<\/div>\n\t\t\t\t<div id=\"elementor-toc__3ba95c8a\" class=\"elementor-toc__body\">\n\t\t\t<div class=\"elementor-toc__spinner-container\">\n\t\t\t\t<svg class=\"elementor-toc__spinner eicon-animation-spin e-font-icon-svg e-eicon-loading\" aria-hidden=\"true\" viewBox=\"0 0 1000 1000\" xmlns=\"http:\/\/www.w3.org\/2000\/svg\"><path d=\"M500 975V858C696 858 858 696 858 500S696 142 500 142 142 304 142 500H25C25 237 238 25 500 25S975 237 975 500 763 975 500 975Z\"><\/path><\/svg>\t\t\t<\/div>\n\t\t<\/div>\n\t\t\t\t\t\t<\/div>\n\t\t\t\t\t<\/div>\n\t\t<\/div>\n\t\t\t\t\t<\/div>\n\t\t<\/section>\n\t\t\t\t<\/div>\n\t\t\n<h2>\u00bfQu\u00e9 es la indemnizaci\u00f3n por accidente laboral?<\/h2>\n<p>La indemnizaci\u00f3n por accidente de trabajo es un sistema respaldado por el gobierno cuyo objetivo principal es pagar prestaciones econ\u00f3micas a los trabajadores que quedan incapacitados o se lesionan mientras desempe\u00f1an sus funciones en el trabajo.<\/p>\n<p>Es un tipo de seguro que indemniza a los empleados por las incapacidades o lesiones sufridas en el trabajo y proporciona las siguientes prestaciones:<\/p>\n<ul>\n<li><strong>Gastos m\u00e9dicos<\/strong> &#8211; Cubre todos los gastos m\u00e9dicos ocasionados por el accidente, incluidos tratamientos, recetas, fisioterapia, estancias hospitalarias, etc.<\/li>\n<li><strong>P\u00e9rdida de ingresos<\/strong> &#8211; Da cuenta de los ingresos que has dejado de percibir y que probablemente dejar\u00e1s de percibir como consecuencia de tus lesiones.<\/li>\n<li><strong>Indemnizaciones por fallecimiento<\/strong> &#8211; las indemnizaciones por accidentes de trabajo tambi\u00e9n pueden utilizarse para compensar a las familias de los trabajadores que han perdido la vida como consecuencia de lesiones laborales mortales.<\/li>\n<\/ul>\n<p>&nbsp;<\/p>\n<p>En Florida, la mayor\u00eda de los empresarios est\u00e1n obligados por ley a tener cobertura de compensaci\u00f3n de trabajadores para sus empleados.<\/p>\n<p>Algo que vale la pena destacar sobre la compensaci\u00f3n de los trabajadores es que los trabajadores lesionados son compensados por los da\u00f1os causados por el trabajo, independientemente de qui\u00e9n tenga la culpa. Sin embargo, tambi\u00e9n hay que tener en cuenta que la misma cobertura protege a los empresarios de ser demandados por sus empleados.<\/p>\n<p><a href=\"https:\/\/floridalawyers360.com\/wp-content\/uploads\/2024\/03\/st-petersburg-wc1-copy.webp\"><img fetchpriority=\"high\" decoding=\"async\" class=\"alignnone size-full wp-image-4693\" src=\"https:\/\/floridalawyers360.com\/wp-content\/uploads\/2024\/03\/st-petersburg-wc1-copy.webp\" alt=\"Contact our workers' compensation lawyers today if your been injured on the job\" width=\"500\" height=\"334\" srcset=\"https:\/\/floridalawyers360.com\/wp-content\/uploads\/2024\/03\/st-petersburg-wc1-copy.webp 500w, https:\/\/floridalawyers360.com\/wp-content\/uploads\/2024\/03\/st-petersburg-wc1-copy-300x200.webp 300w\" sizes=\"(max-width: 500px) 100vw, 500px\" \/><\/a><\/p>\n<h2>\u00bfQu\u00e9 debo hacer si me lesiono en el trabajo?<\/h2>\n<p>Hay varias cosas que se aconseja hacer inmediatamente despu\u00e9s de lesionarse en el trabajo. Como trabajador lesionado, aseg\u00farese de que:<\/p>\n<h3>Busque tratamiento lo antes posible<\/h3>\n<p>Si has sufrido lesiones, leves o graves, es aconsejable que acudas inmediatamente al m\u00e9dico para que te examine y te trate. Cuando est\u00e9s en el hospital, s\u00e9 minucioso al describir tus s\u00edntomas y lesiones, as\u00ed como lo que crees que ha causado el problema.<\/p>\n<h3>Haz fotos<\/h3>\n<p>Acu\u00e9rdate de hacer fotos y v\u00eddeos de tus lesiones, ya que pueden servirte de prueba a la hora de presentar una reclamaci\u00f3n. Acu\u00e9rdate de llevar un registro detallado de todos los da\u00f1os, el tratamiento y los gastos ocasionados.<\/p>\n<h3>Informe a su empresa<\/h3>\n<p>Informa de tu lesi\u00f3n, enfermedad o accidente a tu superior (responsable de recursos humanos, director general o supervisor) o a tu empresa lo antes posible. Debe notificar el incidente en un plazo de 30 d\u00edas o su reclamaci\u00f3n puede ser denegada.<\/p>\n<h3>Presentar una reclamaci\u00f3n<\/h3>\n<p>Para solicitar una indemnizaci\u00f3n por accidente de trabajo en Florida, deber\u00e1 rellenar el formulario \u00abPrimer parte de lesi\u00f3n o enfermedad\u00bb y entreg\u00e1rselo a su empresa. Su empresa est\u00e1 obligada a presentarlo a su compa\u00f1\u00eda de seguros en el plazo de una semana.<\/p>\n<h2>\u00bfPor qu\u00e9 debo contratar a un abogado de compensaci\u00f3n de trabajadores de San Petersburgo?<\/h2>\n<p>La presentaci\u00f3n de la compensaci\u00f3n de los trabajadores es un proceso sensible al tiempo y complicado que requiere un buen conocimiento de la ley y todo lo que se requiere para presentar una reclamaci\u00f3n. Como v\u00edctima, usted podr\u00eda optar por presentar una reclamaci\u00f3n por su cuenta.<\/p>\n<p>Sin embargo, para hacerlo, necesita comprender qu\u00e9 normas de indemnizaci\u00f3n por accidente laboral se aplican a su caso, c\u00f3mo solicitar una reclamaci\u00f3n y cu\u00e1ndo solicitarla.<\/p>\n<p>Para evitar complicaciones y asegurarse de que su reclamaci\u00f3n da sus frutos, considere la posibilidad de contratar los servicios de un abogado profesional especializado en indemnizaci\u00f3n por accidente laboral.<\/p>\n<p>Lo bueno de tener a alguien que entiende las leyes de compensaci\u00f3n de trabajadores y los procedimientos de reclamaci\u00f3n que representan sus intereses es que le permite centrarse en la mejora, mientras que manejar el lado legal de las cosas.<\/p>\n<p>Su abogado de compensaci\u00f3n de trabajadores de San Petersburgo asume la responsabilidad de reunir toda la documentaci\u00f3n necesaria para apoyar su caso, preparar formularios, programar audiencias, negociar la compensaci\u00f3n, buscar testigos expertos y representarlo.<\/p>\n<p>Para obtener m\u00e1s informaci\u00f3n sobre c\u00f3mo un abogado de compensaci\u00f3n de trabajadores puede ser de ayuda, llame a Florida Lawyers 360 hoy y hable con nuestro equipo legal.<\/p>\n<h2>\u00bfCu\u00e1nto cuesta contratar a un abogado de compensaci\u00f3n de trabajadores de San Petersburgo?<\/h2>\n<p>La mayor\u00eda de los abogados y las pr\u00e1cticas de la ley que manejan casos de la remuneraci\u00f3n de los trabajadores piden sobre todo solamente un porcentaje del dinero concedido a la v\u00edctima como remuneraci\u00f3n.<\/p>\n<p>Un acuerdo de honorarios contingentes significa que el abogado s\u00f3lo recibe un porcentaje de la cantidad que usted recibe como compensaci\u00f3n &#8211; y eso si \u00e9l o ella gana el caso y usted recibe compensaci\u00f3n. En estos casos, los honorarios del abogado dependen de la cantidad concedida.<\/p>\n<p><a href=\"https:\/\/floridalawyers360.com\/wp-content\/uploads\/2024\/03\/st-petersburg-wc2-copy.webp\"><img decoding=\"async\" class=\"alignnone size-full wp-image-4691\" src=\"https:\/\/floridalawyers360.com\/wp-content\/uploads\/2024\/03\/st-petersburg-wc2-copy.webp\" alt=\"What if my claim gets denied\" width=\"500\" height=\"334\" srcset=\"https:\/\/floridalawyers360.com\/wp-content\/uploads\/2024\/03\/st-petersburg-wc2-copy.webp 500w, https:\/\/floridalawyers360.com\/wp-content\/uploads\/2024\/03\/st-petersburg-wc2-copy-300x200.webp 300w\" sizes=\"(max-width: 500px) 100vw, 500px\" \/><\/a><\/p>\n<h2>\u00bfQu\u00e9 hago si me deniegan la indemnizaci\u00f3n por accidente de trabajo?<\/h2>\n<p>Los trabajadores que presentan una notificaci\u00f3n de enfermedad o lesi\u00f3n con prontitud y, sin embargo, reciben una Notificaci\u00f3n de Denegaci\u00f3n se reservan el derecho de presentar lo que se conoce como una Petici\u00f3n de Prestaciones ante la OJCC (Oficina de los Jueces de Reclamaciones de Indemnizaci\u00f3n).<\/p>\n<p>Antes de hacerlo, quiz\u00e1 quiera comprobar si el conflicto puede resolverse mediante negociaciones informales. Si, por el contrario, su empresario no quiere saber nada, el siguiente paso que debe dar es presentar la petici\u00f3n de prestaciones.<\/p>\n<p>Una vez presentada la petici\u00f3n, el juez que preside el asunto podr\u00eda ordenar lo que se conoce como una conferencia de mediaci\u00f3n, en la que un mediador (una parte neutral) intenta ayudar a ambas partes a llegar a una soluci\u00f3n.<\/p>\n<p>La conferencia de mediaci\u00f3n es m\u00e1s una reuni\u00f3n informal que un juicio. En ella, el mediador simplemente revisa los documentos presentados y consulta a ambas partes para intentar ayudarles a llegar a un acuerdo.<\/p>\n<p>Si fracasa la mediaci\u00f3n, el siguiente paso es comparecer ante el OJCC para una vista. Durante esta audiencia, se prestan testimonios y se introducen pruebas y se dicta sentencia en un plazo de treinta d\u00edas.<\/p>\n<p>Si el veredicto final en esta fase sigue sin ser a su favor, entonces se reserva el derecho de solicitar el asunto ante el Tribunal de Apelaci\u00f3n del Primer Distrito, donde su demanda es revisada por los jueces (no es necesaria su presencia), y se dicta sentencia.<\/p>\n<h2>\u00bfMe pueden despedir por reclamar la indemnizaci\u00f3n por accidente laboral en Florida?<\/h2>\n<p>Secci\u00f3n 440.205 de los Estatutos de Florida &#8211; coacci\u00f3n de los empleados &#8211; los empleadores no pueden para sus empleados por presentar una reclamaci\u00f3n contra ellos. Esto se conoce como represalia y est\u00e1 prohibido por las leyes estatales.<\/p>\n<p>Por otra parte, no hay nada dentro de la ley que obligue a los empleadores a retener los servicios de un trabajador mientras est\u00e1n fuera recuper\u00e1ndose de lesiones relacionadas con el trabajo.<\/p>\n<p>En la mayor\u00eda de los casos, sin embargo, la aseguradora del empresario est\u00e1 obligada a seguir pagando las prestaciones por incapacidad total temporal o incapacidad parcial temporal, incluso despu\u00e9s de que el trabajador haya cesado en sus servicios.<\/p>\n<h2>\u00bfExiste un l\u00edmite de tiempo para presentar una reclamaci\u00f3n de indemnizaci\u00f3n por accidente laboral en Florida?<\/h2>\n<p>Si se ha lesionado en el trabajo, tiene dos a\u00f1os a partir del d\u00eda en que se enferm\u00f3 o lesion\u00f3 para presentar una petici\u00f3n ante la Comisi\u00f3n de Compensaci\u00f3n Laboral de Florida.<\/p>\n<p>Si ha estado recibiendo beneficios y necesita volver a solicitarlos, tiene un a\u00f1o desde el d\u00eda en que recibi\u00f3 el \u00faltimo pago de beneficios para hacerlo.<\/p>\n<p><a href=\"https:\/\/floridalawyers360.com\/wp-content\/uploads\/2024\/03\/st-petersburg-wc3-copy.webp\"><img decoding=\"async\" class=\"alignnone size-full wp-image-4689\" src=\"https:\/\/floridalawyers360.com\/wp-content\/uploads\/2024\/03\/st-petersburg-wc3-copy.webp\" alt=\"Is there a time limit to file my workers' compensation claim\" width=\"500\" height=\"334\" srcset=\"https:\/\/floridalawyers360.com\/wp-content\/uploads\/2024\/03\/st-petersburg-wc3-copy.webp 500w, https:\/\/floridalawyers360.com\/wp-content\/uploads\/2024\/03\/st-petersburg-wc3-copy-300x200.webp 300w\" sizes=\"(max-width: 500px) 100vw, 500px\" \/><\/a><\/p>\n<h2>\u00bfPuedo demandar a mi empresario?<\/h2>\n<p>Pues depende. En primer lugar, los empleados no pueden demandar a sus empleadores por accidentes laborales. El seguro de compensaci\u00f3n a los trabajadores protege a los empleadores de la defensa de las demandas por lesiones personales presentadas por los empleados.<\/p>\n<p>La compensaci\u00f3n de los trabajadores fue pensada para servir como un intercambio por el cual los trabajadores lesionados renuncian a sus derechos de demandar a sus empleadores a cambio del derecho a obtener salarios perdidos y atenci\u00f3n m\u00e9dica, independientemente de qui\u00e9n tenga la culpa de las lesiones sufridas.<\/p>\n<p>El \u00fanico caso en que un empleado puede demandar a su empleador en Florida es si las lesiones sufridas por el empleado fueron causadas intencionadamente por su empleador. En tal caso, la v\u00edctima puede presentar una demanda por agravio intencional contra su jefe.<\/p>\n<p>Las lesiones por agravio incluyen lesiones f\u00edsicas y no f\u00edsicas e incluyen acoso sexual, difamaci\u00f3n, detenci\u00f3n ilegal o agresi\u00f3n.<\/p>\n<h2>\u00bfPueden los contratistas independientes presentar reclamaciones de indemnizaci\u00f3n por accidentes laborales en Florida?<\/h2>\n<p>Aunque la compensaci\u00f3n de los trabajadores suele reservarse para las relaciones entre empleador y empleado, algunos contratistas independientes tambi\u00e9n pueden utilizarla para solicitar compensaci\u00f3n por lesiones sufridas en el trabajo.<\/p>\n<p>El \u00fanico caso en el que un trabajador independiente puede solicitar una indemnizaci\u00f3n por accidente laboral seg\u00fan el art\u00edculo 440.02(15)(c)3) de los Estatutos de Florida es si trabaja o presta servicios en el sector de la construcci\u00f3n.<\/p>\n<p>S\u00f3lo en este caso los contratistas independientes son considerados empleados.<\/p>\n<p>Sin embargo, seg\u00fan la secci\u00f3n 440.02(15)(d) los siguientes contratistas independientes no pueden presentar una reclamaci\u00f3n de indemnizaci\u00f3n por accidente laboral:<\/p>\n<ul>\n<li>No trabajan en el sector de la construcci\u00f3n.<\/li>\n<li>Mantienen un negocio independiente con sus propias instalaciones de trabajo, materiales, equipos, camiones o alojamientos similares.<\/li>\n<li>Poseen o han solicitado un n\u00famero de identificaci\u00f3n patronal federal.<\/li>\n<li>Reciben un pago por el trabajo realizado o los servicios prestados y dicho pago se abona a una entidad\/empresa y no a un particular, etc.<\/li>\n<\/ul>\n<p>&nbsp;<\/p>\n<p><a href=\"https:\/\/floridalawyers360.com\/wp-content\/uploads\/2024\/03\/st-petersburg-wc4-copy.webp\"><img loading=\"lazy\" decoding=\"async\" class=\"alignnone size-full wp-image-4687\" src=\"https:\/\/floridalawyers360.com\/wp-content\/uploads\/2024\/03\/st-petersburg-wc4-copy.webp\" alt=\"What is my workers' compensation claim worth?\" width=\"500\" height=\"334\" srcset=\"https:\/\/floridalawyers360.com\/wp-content\/uploads\/2024\/03\/st-petersburg-wc4-copy.webp 500w, https:\/\/floridalawyers360.com\/wp-content\/uploads\/2024\/03\/st-petersburg-wc4-copy-300x200.webp 300w\" sizes=\"(max-width: 500px) 100vw, 500px\" \/><\/a><\/p>\n<h2>\u00bfCu\u00e1nto vale mi reclamo de Compensaci\u00f3n de Trabajadores de San Petersburgo?<\/h2>\n<p>Como la mayor\u00eda de los estados americanos, Florida no tiene una f\u00f3rmula establecida para calcular los valores de liquidaci\u00f3n. En su lugar, los abogados y las compa\u00f1\u00edas de seguros basan sus demandas de liquidaci\u00f3n y propuestas en varios factores, incluyendo:<\/p>\n<ul>\n<li>La gravedad de las lesiones sufridas<\/li>\n<li>El grado de deterioro permanente causado por su lesi\u00f3n (s)<\/li>\n<li>Las prestaciones por incapacidad temporal pendientes de pago m\u00e1s las penalizaciones por retraso en los pagos<\/li>\n<li>La suma total de todas las facturas m\u00e9dicas pendientes de pago<\/li>\n<li>Si puede volver a trabajar y, en caso negativo, lo que ganaba antes de lesionarse<\/li>\n<li>Si necesitar\u00e1 tratamiento m\u00e9dico en el futuro para sus lesiones y, en caso afirmativo, cu\u00e1nto le costar\u00e1 el tratamiento<\/li>\n<\/ul>\n<h2>Permita que Florida Lawyers 360 lo ayude con su reclamo de compensaci\u00f3n laboral<\/h2>\n<p>Los abogados de compensaci\u00f3n al trabajador en Florida Lawyers 360 son profesionales experimentados con las habilidades y conocimientos necesarios para presentar o apelar los beneficios de compensaci\u00f3n al trabajador.<\/p>\n<p>Petersburg luchar\u00e1 agresivamente para asegurar que usted obtenga los beneficios que se merece.<\/p>\n<p>Llame al <a href=\"tel:+19544487355\"><i class=\"fa fa-phone-alt\"><\/i>954-448-7355<\/a> y programe una reuni\u00f3n de revisi\u00f3n de caso gratuita con nuestro equipo legal para obtener m\u00e1s informaci\u00f3n sobre la compensaci\u00f3n de los trabajadores y c\u00f3mo podemos ser de ayuda.<\/p>\n","protected":false},"excerpt":{"rendered":"<p>Como trabajador lesionado, probablemente haya o\u00eddo hablar de la compensaci\u00f3n de los trabajadores. Sin embargo, como la mayor\u00eda de las personas lesionadas en el trabajo, es probable que no tenga una buena comprensi\u00f3n de todos los detalles de c\u00f3mo funciona para proteger sus derechos. Si usted ha sido lesionado en el trabajo y est\u00e1 pensando [&hellip;]<\/p>\n","protected":false},"author":22,"featured_media":0,"parent":6041,"menu_order":0,"comment_status":"closed","ping_status":"closed","template":"","meta":{"_acf_changed":false,"anchor_text":"","footnotes":""},"categories":[],"tags":[],"class_list":["post-6053","page","type-page","status-publish","hentry"],"acf":[],"_links":{"self":[{"href":"https:\/\/floridalawyers360.com\/es\/wp-json\/wp\/v2\/pages\/6053","targetHints":{"allow":["GET"]}}],"collection":[{"href":"https:\/\/floridalawyers360.com\/es\/wp-json\/wp\/v2\/pages"}],"about":[{"href":"https:\/\/floridalawyers360.com\/es\/wp-json\/wp\/v2\/types\/page"}],"author":[{"embeddable":true,"href":"https:\/\/floridalawyers360.com\/es\/wp-json\/wp\/v2\/users\/22"}],"replies":[{"embeddable":true,"href":"https:\/\/floridalawyers360.com\/es\/wp-json\/wp\/v2\/comments?post=6053"}],"version-history":[{"count":2,"href":"https:\/\/floridalawyers360.com\/es\/wp-json\/wp\/v2\/pages\/6053\/revisions"}],"predecessor-version":[{"id":6055,"href":"https:\/\/floridalawyers360.com\/es\/wp-json\/wp\/v2\/pages\/6053\/revisions\/6055"}],"up":[{"embeddable":true,"href":"https:\/\/floridalawyers360.com\/es\/wp-json\/wp\/v2\/pages\/6041"}],"wp:attachment":[{"href":"https:\/\/floridalawyers360.com\/es\/wp-json\/wp\/v2\/media?parent=6053"}],"wp:term":[{"taxonomy":"category","embeddable":true,"href":"https:\/\/floridalawyers360.com\/es\/wp-json\/wp\/v2\/categories?post=6053"},{"taxonomy":"post_tag","embeddable":true,"href":"https:\/\/floridalawyers360.com\/es\/wp-json\/wp\/v2\/tags?post=6053"}],"curies":[{"name":"wp","href":"https:\/\/api.w.org\/{rel}","templated":true}]}}