{"id":6050,"date":"2024-02-14T10:37:10","date_gmt":"2024-02-14T15:37:10","guid":{"rendered":"https:\/\/floridalawyers360.com\/st-petersburg\/st-petersburg-personal-injury-lawyer\/"},"modified":"2024-03-20T00:52:44","modified_gmt":"2024-03-20T05:52:44","slug":"st-petersburg-abogado-de-lesiones-personales","status":"publish","type":"page","link":"https:\/\/floridalawyers360.com\/es\/st-petersburg\/st-petersburg-abogado-de-lesiones-personales\/","title":{"rendered":"St. Petersburg Abogado de lesiones personales"},"content":{"rendered":"<p>Cada d\u00eda, los accidentes de lesiones personales ocurren en toda la Florida. Van desde accidentes de trabajo, accidentes automovil\u00edsticos, resbalones y ca\u00eddas, hasta mordeduras de perros y animales.<\/p>\n<p>Estos accidentes pueden resultar en lesiones graves y da\u00f1os. Usted merece una compensaci\u00f3n si ha sufrido lesiones debido a la negligencia de otra parte.<\/p>\n<p>En Florida Lawyers 360, nuestros abogados de lesiones personales tienen un historial de asegurar la compensaci\u00f3n para nuestros clientes.<\/p>\n<p>Podemos determinar si usted tiene un caso. Nuestros experimentados abogados de lesiones personales de San Petersburgo no descansar\u00e1n hasta averiguar qui\u00e9n tuvo la culpa de su accidente de lesiones personales.<\/p>\n<p>P\u00f3ngase en contacto con Florida Lawyers 360 hoy en <a href=\"tel:+19544487355\"><i class=\"fa fa-phone-alt\"><\/i>954-448-7355<\/a> para hablar con uno de nuestros representantes. Estamos preparados para proteger sus intereses y derechos legales. Nuestra consulta inicial es gratuita.<\/p>\n\t\t<div data-elementor-type=\"section\" data-elementor-id=\"208\" class=\"elementor elementor-208\" data-elementor-post-type=\"elementor_library\">\n\t\t\t\t\t<section class=\"elementor-section elementor-top-section elementor-element elementor-element-485e576a elementor-section-boxed elementor-section-height-default elementor-section-height-default\" data-id=\"485e576a\" data-element_type=\"section\" data-e-type=\"section\">\n\t\t\t\t\t\t<div class=\"elementor-container elementor-column-gap-default\">\n\t\t\t\t\t<div class=\"elementor-column elementor-col-100 elementor-top-column elementor-element elementor-element-635c38c0\" data-id=\"635c38c0\" data-element_type=\"column\" data-e-type=\"column\">\n\t\t\t<div class=\"elementor-widget-wrap elementor-element-populated\">\n\t\t\t\t\t\t<div class=\"elementor-element elementor-element-3ba95c8a elementor-toc--minimized-on-tablet elementor-widget elementor-widget-table-of-contents\" data-id=\"3ba95c8a\" data-element_type=\"widget\" data-e-type=\"widget\" data-settings=\"{&quot;exclude_headings_by_selector&quot;:&quot;.toc-remove&quot;,&quot;headings_by_tags&quot;:[&quot;h2&quot;,&quot;h3&quot;],&quot;marker_view&quot;:&quot;numbers&quot;,&quot;no_headings_message&quot;:&quot;No headings were found on this page.&quot;,&quot;minimize_box&quot;:&quot;yes&quot;,&quot;minimized_on&quot;:&quot;tablet&quot;,&quot;hierarchical_view&quot;:&quot;yes&quot;,&quot;min_height&quot;:{&quot;unit&quot;:&quot;px&quot;,&quot;size&quot;:&quot;&quot;,&quot;sizes&quot;:[]},&quot;min_height_tablet&quot;:{&quot;unit&quot;:&quot;px&quot;,&quot;size&quot;:&quot;&quot;,&quot;sizes&quot;:[]},&quot;min_height_mobile&quot;:{&quot;unit&quot;:&quot;px&quot;,&quot;size&quot;:&quot;&quot;,&quot;sizes&quot;:[]}}\" data-widget_type=\"table-of-contents.default\">\n\t\t\t\t\t\t\t\t\t<div class=\"elementor-toc__header\">\n\t\t\t\t\t\t<div class=\"elementor-toc__header-title\">\n\t\t\t\tTable of Contents\t\t\t<\/div>\n\t\t\t\t\t\t\t\t\t\t<div class=\"elementor-toc__toggle-button elementor-toc__toggle-button--expand\" role=\"button\" tabindex=\"0\" aria-controls=\"elementor-toc__3ba95c8a\" aria-expanded=\"true\" aria-label=\"Open table of contents\"><svg aria-hidden=\"true\" class=\"e-font-icon-svg e-fas-chevron-down\" viewBox=\"0 0 448 512\" xmlns=\"http:\/\/www.w3.org\/2000\/svg\"><path d=\"M207.029 381.476L12.686 187.132c-9.373-9.373-9.373-24.569 0-33.941l22.667-22.667c9.357-9.357 24.522-9.375 33.901-.04L224 284.505l154.745-154.021c9.379-9.335 24.544-9.317 33.901.04l22.667 22.667c9.373 9.373 9.373 24.569 0 33.941L240.971 381.476c-9.373 9.372-24.569 9.372-33.942 0z\"><\/path><\/svg><\/div>\n\t\t\t\t<div class=\"elementor-toc__toggle-button elementor-toc__toggle-button--collapse\" role=\"button\" tabindex=\"0\" aria-controls=\"elementor-toc__3ba95c8a\" aria-expanded=\"true\" aria-label=\"Close table of contents\"><svg aria-hidden=\"true\" class=\"e-font-icon-svg e-fas-chevron-up\" viewBox=\"0 0 448 512\" xmlns=\"http:\/\/www.w3.org\/2000\/svg\"><path d=\"M240.971 130.524l194.343 194.343c9.373 9.373 9.373 24.569 0 33.941l-22.667 22.667c-9.357 9.357-24.522 9.375-33.901.04L224 227.495 69.255 381.516c-9.379 9.335-24.544 9.317-33.901-.04l-22.667-22.667c-9.373-9.373-9.373-24.569 0-33.941L207.03 130.525c9.372-9.373 24.568-9.373 33.941-.001z\"><\/path><\/svg><\/div>\n\t\t\t\t\t<\/div>\n\t\t\t\t<div id=\"elementor-toc__3ba95c8a\" class=\"elementor-toc__body\">\n\t\t\t<div class=\"elementor-toc__spinner-container\">\n\t\t\t\t<svg class=\"elementor-toc__spinner eicon-animation-spin e-font-icon-svg e-eicon-loading\" aria-hidden=\"true\" viewBox=\"0 0 1000 1000\" xmlns=\"http:\/\/www.w3.org\/2000\/svg\"><path d=\"M500 975V858C696 858 858 696 858 500S696 142 500 142 142 304 142 500H25C25 237 238 25 500 25S975 237 975 500 763 975 500 975Z\"><\/path><\/svg>\t\t\t<\/div>\n\t\t<\/div>\n\t\t\t\t\t\t<\/div>\n\t\t\t\t\t<\/div>\n\t\t<\/div>\n\t\t\t\t\t<\/div>\n\t\t<\/section>\n\t\t\t\t<\/div>\n\t\t\n<h2>\u00bfQu\u00e9 debo hacer despu\u00e9s de una lesi\u00f3n?<\/h2>\n<p>Aqu\u00ed est\u00e1n los pasos imperativos que debe seguir despu\u00e9s de una lesi\u00f3n en San Petersburgo, FL:<\/p>\n<h3>Obtener Tratamiento M\u00e9dico<\/h3>\n<p>Lo m\u00e1s importante despu\u00e9s de un accidente es su salud. Aseg\u00farese de estar bien despu\u00e9s de un accidente. Visite a un m\u00e9dico para recibir tratamiento y recuerde llevar un registro de todas sus visitas al hospital.<\/p>\n<h3>Tome Fotos\/Video Si Puede<\/h3>\n<p>Grabar pruebas en el lugar del accidente puede ayudarle a construir una s\u00f3lida demanda por lesiones personales. Haz fotos y v\u00eddeos de los veh\u00edculos y del lugar del accidente si te has visto implicado en un accidente de tr\u00e1fico.<\/p>\n<p>Si un l\u00edquido derramado o una barandilla rota provocaron su ca\u00edda, querr\u00e1 tener pruebas.<\/p>\n<p><a href=\"https:\/\/floridalawyers360.com\/wp-content\/uploads\/2024\/03\/st-petersburg-pi1-copy.webp\"><img fetchpriority=\"high\" decoding=\"async\" class=\"alignnone size-full wp-image-4701\" src=\"https:\/\/floridalawyers360.com\/wp-content\/uploads\/2024\/03\/st-petersburg-pi1-copy.webp\" alt=\"Having any witness information can help your personal injury lawyer\" width=\"500\" height=\"334\" srcset=\"https:\/\/floridalawyers360.com\/wp-content\/uploads\/2024\/03\/st-petersburg-pi1-copy.webp 500w, https:\/\/floridalawyers360.com\/wp-content\/uploads\/2024\/03\/st-petersburg-pi1-copy-300x200.webp 300w\" sizes=\"(max-width: 500px) 100vw, 500px\" \/><\/a><\/p>\n<h3>Obtenga los nombres y n\u00fameros de tel\u00e9fono de los testigos<\/h3>\n<p>Pida a cualquier testigo o transe\u00fante su informaci\u00f3n de contacto. Su abogado de lesiones personales de San Petersburgo puede ponerse en contacto con estas personas para averiguar exactamente lo que sucedi\u00f3.<\/p>\n<h3>Informe del incidente<\/h3>\n<p>P\u00f3ngase en contacto con la polic\u00eda en caso de accidente de tr\u00e1fico. En el caso de accidentes laborales, aseg\u00farese de ponerse en contacto con su supervisor. Siempre informe de un accidente de trabajo a su jefe.<\/p>\n<h3>Nunca admitas la culpa<\/h3>\n<p>No se implique pidiendo disculpas o diciendo algo que pueda interpretarse como una admisi\u00f3n de culpa.<\/p>\n<h3>Llame a un abogado de lesiones personales<\/h3>\n<p>Un abogado de lesiones personales proteger\u00e1 sus derechos. Cuanto antes contrate a un abogado, mejor para su reclamaci\u00f3n. Llame ahora a Florida Lawyers 360 para programar una revisi\u00f3n gratuita de su caso.<\/p>\n<h2>\u00bfPor qu\u00e9 necesito un abogado?<\/h2>\n<p>Nuestros experimentados abogados de lesiones personales en St. Petersburg, FL, pueden ayudarle a obtener la mejor compensaci\u00f3n por su demanda de lesiones personales. As\u00ed es como Florida Lawyers 360 puede ayudarle:<\/p>\n<h3>Preparaci\u00f3n del caso \/ Presentaci\u00f3n de una demanda<\/h3>\n<p>Nuestro equipo legal examinar\u00e1 los registros m\u00e9dicos, informes policiales, im\u00e1genes de dashcam, im\u00e1genes de CCTV y otros documentos relacionados con sus reclamos para probar la culpa y determinar el valor de su caso. Si hay testigos presenciales, realizaremos nuestras entrevistas independientes.<\/p>\n<p>Florida Lawyers 360 tambi\u00e9n presentar\u00e1 su demanda. Este proceso implica mucho papeleo. Si su demanda no se presenta correctamente, podr\u00eda afectar su capacidad para recibir una indemnizaci\u00f3n. Nuestro equipo legal se asegurar\u00e1 de que este proceso se complete como lo requiere el estado y a tiempo.<\/p>\n<h3>Negociaci\u00f3n de acuerdos<\/h3>\n<p>Mediante la construcci\u00f3n de una fuerte demanda por lesiones personales, podemos ayudarle a obtener un acuerdo favorable de un asegurador. Canalizaremos todos nuestros esfuerzos para maximizar el valor de su reclamaci\u00f3n.<\/p>\n<h3>Preparaci\u00f3n de Juicio y Representaci\u00f3n<\/h3>\n<p>Florida Lawyers 360 presentar\u00e1 una demanda en su nombre si la compa\u00f1\u00eda de seguros no est\u00e1 dispuesta a llegar a un acuerdo por una indemnizaci\u00f3n justa. Nuestros experimentados abogados litigantes le proporcionar\u00e1n las estrategias legales adecuadas y le guiar\u00e1n a lo largo del proceso de litigio.<\/p>\n<p>Si es necesario, estamos listos para apelar su caso ante un tribunal superior si el veredicto no va a su favor. No pararemos hasta que obtenga la justicia que se merece.<\/p>\n<p><a href=\"https:\/\/floridalawyers360.com\/wp-content\/uploads\/2024\/03\/st-petersburg-pi2-copy.webp\"><img decoding=\"async\" class=\"alignnone size-full wp-image-4703\" src=\"https:\/\/floridalawyers360.com\/wp-content\/uploads\/2024\/03\/st-petersburg-pi2-copy.webp\" alt=\"Contact a St. Petersburg Personal Injury Lawyer\" width=\"500\" height=\"334\" srcset=\"https:\/\/floridalawyers360.com\/wp-content\/uploads\/2024\/03\/st-petersburg-pi2-copy.webp 500w, https:\/\/floridalawyers360.com\/wp-content\/uploads\/2024\/03\/st-petersburg-pi2-copy-300x200.webp 300w\" sizes=\"(max-width: 500px) 100vw, 500px\" \/><\/a><\/p>\n<h2>\u00bfQu\u00e9 tipo de da\u00f1os puedo recuperar en Florida?<\/h2>\n<p>Estos son los tipos de compensaci\u00f3n que puede recibir por una demanda por lesiones personales en Florida:<\/p>\n<h3>Da\u00f1os econ\u00f3micos<\/h3>\n<p>Estos da\u00f1os est\u00e1n destinados a compensar a las v\u00edctimas de lesiones personales por sus p\u00e9rdidas monetarias. Incluyen<\/p>\n<ul>\n<li>Da\u00f1os materiales<\/li>\n<li>Gastos m\u00e9dicos<\/li>\n<li>P\u00e9rdida de ingresos<\/li>\n<li>Otros gastos<\/li>\n<\/ul>\n<h3>Da\u00f1os no econ\u00f3micos<\/h3>\n<p>Son lesiones o p\u00e9rdidas que sufre una v\u00edctima de lesiones personales que no son cuantificables en t\u00e9rminos monetarios. Incluyen<\/p>\n<ul>\n<li>Dolor f\u00edsico y sufrimiento<\/li>\n<li>Disminuci\u00f3n de la calidad de vida<\/li>\n<li>P\u00e9rdida de compa\u00f1\u00eda<\/li>\n<li>Desfiguraci\u00f3n<\/li>\n<\/ul>\n<h3>Da\u00f1os punitivos<\/h3>\n<p>Su objetivo es castigar a la parte responsable por sus acciones u omisiones maliciosas, negligentes o imprudentes. Los tribunales de Florida pueden conceder da\u00f1os punitivos si consideran que el comportamiento del demandado fue gravemente negligente.<\/p>\n<p>El estado limita estos da\u00f1os a tres veces el valor de los da\u00f1os compensatorios o $500,00, lo que sea mayor.<\/p>\n<h2>\u00bfC\u00f3mo se determina la responsabilidad?<\/h2>\n<p>En Florida, las reglas de negligencia comparativa pura se aplican cuando se determina la culpa. Usted puede ser elegible para recuperar la compensaci\u00f3n en una demanda por lesiones personales a pesar de ser repartido m\u00e1s del 50% de la culpa de un accidente.<\/p>\n<p>Su abogado debe probar la culpa usando estos cuatro elementos:<\/p>\n<ul>\n<li><strong>Deber de Cuidado<\/strong>: Aqu\u00ed, nuestro equipo legal probar\u00e1 que el acusado ten\u00eda la obligaci\u00f3n de proporcionar un cuidado razonable.<\/li>\n<li><strong>Incumplimiento del deber de diligencia<\/strong>: Demostraremos que el acusado viol\u00f3 ese deber al no adherirse a los est\u00e1ndares espec\u00edficos de cuidado.<\/li>\n<li><strong>Causalidad<\/strong>: Las acciones de la parte culpable provocaron sus lesiones.<\/li>\n<li><strong>Da\u00f1os y perjuicios<\/strong>: Las acciones imprudentes del demandado le perjudicaron a usted o a su ser querido.<\/li>\n<\/ul>\n<p>Para determinar la responsabilidad en un caso de lesiones personales se requiere la destreza jur\u00eddica de un abogado con experiencia. Nuestros abogados analizar\u00e1n todas las pruebas para determinar de qu\u00e9 parte fue la culpa.<\/p>\n<p><a href=\"https:\/\/floridalawyers360.com\/wp-content\/uploads\/2024\/03\/st-petersburg-pi3-copy.webp\"><img decoding=\"async\" class=\"alignnone size-full wp-image-4705\" src=\"https:\/\/floridalawyers360.com\/wp-content\/uploads\/2024\/03\/st-petersburg-pi3-copy.webp\" alt=\"Personal Injury Claim\" width=\"500\" height=\"334\" srcset=\"https:\/\/floridalawyers360.com\/wp-content\/uploads\/2024\/03\/st-petersburg-pi3-copy.webp 500w, https:\/\/floridalawyers360.com\/wp-content\/uploads\/2024\/03\/st-petersburg-pi3-copy-300x200.webp 300w\" sizes=\"(max-width: 500px) 100vw, 500px\" \/><\/a><\/p>\n<h2>\u00bfCu\u00e1nto tiempo tengo para presentar una demanda por lesiones personales en Florida?<\/h2>\n<p>Cada estado tiene estatutos espec\u00edficos de limitaciones para casos de lesiones personales. En Florida, usted tiene cuatro a\u00f1os a partir de cuando ocurri\u00f3 su accidente de lesi\u00f3n personal para archivar una demanda de lesi\u00f3n personal.<\/p>\n<p>P\u00f3ngase en contacto con nuestros abogados experimentados hoy para presentar su reclamaci\u00f3n antes de que pase este plazo.<\/p>\n<h2>\u00bfCu\u00e1nto cuesta un abogado de lesiones personales en San Petersburgo?<\/h2>\n<p>En Florida Lawyers 360, trabajamos con honorarios condicionales. Usted no nos paga por nuestros servicios legales hasta que ganemos su caso. Esto asegura que usted tenga m\u00e1s tiempo para recuperarse mientras negociamos agresivamente con los ajustadores de seguros por un acuerdo justo.<\/p>\n<h2>Tipos de casos de lesiones personales que manejamos en Florida Lawyers 360<\/h2>\n<p>Nuestros abogados pueden ayudarle a obtener la justicia que merece para su caso de lesiones personales. Estos son algunos de los casos de lesiones personales que manejamos:<\/p>\n<h3>Accidentes de coche<\/h3>\n<p>Los accidentes ocurren todo el tiempo en Florida. Petersburg est\u00e1n aqu\u00ed para ayudar a las v\u00edctimas a obtener la compensaci\u00f3n que merecen.<\/p>\n<h3>Compensaci\u00f3n de Trabajadores<\/h3>\n<p>Si usted fue herido en el trabajo, usted tiene derecho a beneficios. Nuestros abogados de compensaci\u00f3n de trabajadores de San Petersburgo pueden ayudarle a navegar por el sistema de compensaci\u00f3n de trabajadores.<\/p>\n<p>P\u00f3ngase en contacto con nosotros hoy si usted cree que tiene un accidente de coche o caso de compensaci\u00f3n de trabajadores. Nuestros abogados est\u00e1n listos para ofrecerle asesoramiento jur\u00eddico s\u00f3lido.<\/p>\n<p><a href=\"https:\/\/floridalawyers360.com\/wp-content\/uploads\/2024\/03\/st-petersburg-pi4-copy.webp\"><img loading=\"lazy\" decoding=\"async\" class=\"alignnone size-full wp-image-4707\" src=\"https:\/\/floridalawyers360.com\/wp-content\/uploads\/2024\/03\/st-petersburg-pi4-copy.webp\" alt=\"If you need help with your claim, contact our personal injury lawyers today\" width=\"500\" height=\"334\" srcset=\"https:\/\/floridalawyers360.com\/wp-content\/uploads\/2024\/03\/st-petersburg-pi4-copy.webp 500w, https:\/\/floridalawyers360.com\/wp-content\/uploads\/2024\/03\/st-petersburg-pi4-copy-300x200.webp 300w\" sizes=\"(max-width: 500px) 100vw, 500px\" \/><\/a><\/p>\n<h2>Llame a Florida Lawyers 360 para una consulta gratuita<\/h2>\n<p>Si usted ha sufrido lesiones debido a la negligencia de otra persona, usted merece ser compensado.<\/p>\n<p>Recuerde, las lesiones personales pueden ser permanentes y cambiarle la vida. Un abogado confiable de lesiones personales en San Petersburgo puede ayudarle a construir un caso s\u00f3lido para maximizar su compensaci\u00f3n.<\/p>\n<p>Hay un l\u00edmite de tiempo para presentar una demanda por lesiones personales en Florida. Usted necesita actuar r\u00e1pido antes de que el estatuto de limitaciones expire.<\/p>\n<p>Empiece hoy mismo llamando a Florida Lawyers 360 al <a href=\"tel:+19544487355\"><i class=\"fa fa-phone-alt\"><\/i>954-448-7355<\/a>. Estamos listos para proteger sus derechos. \u00a1No espere hasta que sea demasiado tarde!<\/p>\n","protected":false},"excerpt":{"rendered":"<p>Cada d\u00eda, los accidentes de lesiones personales ocurren en toda la Florida. Van desde accidentes de trabajo, accidentes automovil\u00edsticos, resbalones y ca\u00eddas, hasta mordeduras de perros y animales. Estos accidentes pueden resultar en lesiones graves y da\u00f1os. Usted merece una compensaci\u00f3n si ha sufrido lesiones debido a la negligencia de otra parte. En Florida Lawyers [&hellip;]<\/p>\n","protected":false},"author":22,"featured_media":0,"parent":6041,"menu_order":0,"comment_status":"closed","ping_status":"closed","template":"","meta":{"_acf_changed":false,"anchor_text":"","footnotes":""},"categories":[],"tags":[],"class_list":["post-6050","page","type-page","status-publish","hentry"],"acf":[],"_links":{"self":[{"href":"https:\/\/floridalawyers360.com\/es\/wp-json\/wp\/v2\/pages\/6050","targetHints":{"allow":["GET"]}}],"collection":[{"href":"https:\/\/floridalawyers360.com\/es\/wp-json\/wp\/v2\/pages"}],"about":[{"href":"https:\/\/floridalawyers360.com\/es\/wp-json\/wp\/v2\/types\/page"}],"author":[{"embeddable":true,"href":"https:\/\/floridalawyers360.com\/es\/wp-json\/wp\/v2\/users\/22"}],"replies":[{"embeddable":true,"href":"https:\/\/floridalawyers360.com\/es\/wp-json\/wp\/v2\/comments?post=6050"}],"version-history":[{"count":3,"href":"https:\/\/floridalawyers360.com\/es\/wp-json\/wp\/v2\/pages\/6050\/revisions"}],"predecessor-version":[{"id":6260,"href":"https:\/\/floridalawyers360.com\/es\/wp-json\/wp\/v2\/pages\/6050\/revisions\/6260"}],"up":[{"embeddable":true,"href":"https:\/\/floridalawyers360.com\/es\/wp-json\/wp\/v2\/pages\/6041"}],"wp:attachment":[{"href":"https:\/\/floridalawyers360.com\/es\/wp-json\/wp\/v2\/media?parent=6050"}],"wp:term":[{"taxonomy":"category","embeddable":true,"href":"https:\/\/floridalawyers360.com\/es\/wp-json\/wp\/v2\/categories?post=6050"},{"taxonomy":"post_tag","embeddable":true,"href":"https:\/\/floridalawyers360.com\/es\/wp-json\/wp\/v2\/tags?post=6050"}],"curies":[{"name":"wp","href":"https:\/\/api.w.org\/{rel}","templated":true}]}}