{"id":6047,"date":"2024-02-14T10:36:32","date_gmt":"2024-02-14T15:36:32","guid":{"rendered":"https:\/\/floridalawyers360.com\/st-petersburg\/st-petersburg-car-accident-lawyer\/"},"modified":"2024-03-20T00:51:16","modified_gmt":"2024-03-20T05:51:16","slug":"st-petersburg-abogado-de-accidentes-de-trafico","status":"publish","type":"page","link":"https:\/\/floridalawyers360.com\/es\/st-petersburg\/st-petersburg-abogado-de-accidentes-de-trafico\/","title":{"rendered":"St. Petersburg Abogado de accidentes de tr\u00e1fico"},"content":{"rendered":"<p>Conducir su coche puede ser una de las cosas m\u00e1s peligrosas que hacer en un d\u00eda cualquiera. Las posibilidades de verse involucrado en un accidente debido a la negligencia de otra parte son altas.<\/p>\n<p>Acciones como conducir ebrio, conducir distra\u00eddo y el exceso de velocidad pueden causar colisiones. Si usted ha sido herido en un accidente, debe ponerse en contacto con un abogado con experiencia en accidentes de coche de San Petersburgo para obtener asesoramiento jur\u00eddico s\u00f3lido.<\/p>\n<p>Con el fin de maximizar su liquidaci\u00f3n, hay varios pasos esenciales que usted debe tomar despu\u00e9s de un accidente de coche.<\/p>\n<p>Buscar atenci\u00f3n m\u00e9dica, ponerse en contacto con su aseguradora y presentar una denuncia ante la polic\u00eda pueden ayudarle a obtener un resultado favorable en su caso. Tambi\u00e9n es muy recomendable contratar a un abogado de buena reputaci\u00f3n.<\/p>\n<p>En Florida Lawyers 360, estamos listos para ayudarle a usted y a sus seres queridos a superar estos momentos dif\u00edciles. Nuestros abogados de lesiones personales de San Petersburgo se tomar\u00e1n el tiempo para explicar sus opciones legales y el mejor curso de acci\u00f3n en su caso.<\/p>\n<p>Tambi\u00e9n vamos a trabajar con la polic\u00eda y los proveedores de atenci\u00f3n m\u00e9dica para construir una fuerte demanda de accidente de coche.<\/p>\n<p>Llame <a href=\"tel:+19544487355\"><i class=\"fa fa-phone-alt\"><\/i>954-448-7355<\/a> ahora para programar una revisi\u00f3n gratuita de su caso. \u00a1Estamos disponibles 24\/7!<\/p>\n\t\t<div data-elementor-type=\"section\" data-elementor-id=\"208\" class=\"elementor elementor-208\" data-elementor-post-type=\"elementor_library\">\n\t\t\t\t\t<section class=\"elementor-section elementor-top-section elementor-element elementor-element-485e576a elementor-section-boxed elementor-section-height-default elementor-section-height-default\" data-id=\"485e576a\" data-element_type=\"section\" data-e-type=\"section\">\n\t\t\t\t\t\t<div class=\"elementor-container elementor-column-gap-default\">\n\t\t\t\t\t<div class=\"elementor-column elementor-col-100 elementor-top-column elementor-element elementor-element-635c38c0\" data-id=\"635c38c0\" data-element_type=\"column\" data-e-type=\"column\">\n\t\t\t<div class=\"elementor-widget-wrap elementor-element-populated\">\n\t\t\t\t\t\t<div class=\"elementor-element elementor-element-3ba95c8a elementor-toc--minimized-on-tablet elementor-widget elementor-widget-table-of-contents\" data-id=\"3ba95c8a\" data-element_type=\"widget\" data-e-type=\"widget\" data-settings=\"{&quot;exclude_headings_by_selector&quot;:&quot;.toc-remove&quot;,&quot;headings_by_tags&quot;:[&quot;h2&quot;,&quot;h3&quot;],&quot;marker_view&quot;:&quot;numbers&quot;,&quot;no_headings_message&quot;:&quot;No headings were found on this page.&quot;,&quot;minimize_box&quot;:&quot;yes&quot;,&quot;minimized_on&quot;:&quot;tablet&quot;,&quot;hierarchical_view&quot;:&quot;yes&quot;,&quot;min_height&quot;:{&quot;unit&quot;:&quot;px&quot;,&quot;size&quot;:&quot;&quot;,&quot;sizes&quot;:[]},&quot;min_height_tablet&quot;:{&quot;unit&quot;:&quot;px&quot;,&quot;size&quot;:&quot;&quot;,&quot;sizes&quot;:[]},&quot;min_height_mobile&quot;:{&quot;unit&quot;:&quot;px&quot;,&quot;size&quot;:&quot;&quot;,&quot;sizes&quot;:[]}}\" data-widget_type=\"table-of-contents.default\">\n\t\t\t\t\t\t\t\t\t<div class=\"elementor-toc__header\">\n\t\t\t\t\t\t<div class=\"elementor-toc__header-title\">\n\t\t\t\tTable of Contents\t\t\t<\/div>\n\t\t\t\t\t\t\t\t\t\t<div class=\"elementor-toc__toggle-button elementor-toc__toggle-button--expand\" role=\"button\" tabindex=\"0\" aria-controls=\"elementor-toc__3ba95c8a\" aria-expanded=\"true\" aria-label=\"Open table of contents\"><svg aria-hidden=\"true\" class=\"e-font-icon-svg e-fas-chevron-down\" viewBox=\"0 0 448 512\" xmlns=\"http:\/\/www.w3.org\/2000\/svg\"><path d=\"M207.029 381.476L12.686 187.132c-9.373-9.373-9.373-24.569 0-33.941l22.667-22.667c9.357-9.357 24.522-9.375 33.901-.04L224 284.505l154.745-154.021c9.379-9.335 24.544-9.317 33.901.04l22.667 22.667c9.373 9.373 9.373 24.569 0 33.941L240.971 381.476c-9.373 9.372-24.569 9.372-33.942 0z\"><\/path><\/svg><\/div>\n\t\t\t\t<div class=\"elementor-toc__toggle-button elementor-toc__toggle-button--collapse\" role=\"button\" tabindex=\"0\" aria-controls=\"elementor-toc__3ba95c8a\" aria-expanded=\"true\" aria-label=\"Close table of contents\"><svg aria-hidden=\"true\" class=\"e-font-icon-svg e-fas-chevron-up\" viewBox=\"0 0 448 512\" xmlns=\"http:\/\/www.w3.org\/2000\/svg\"><path d=\"M240.971 130.524l194.343 194.343c9.373 9.373 9.373 24.569 0 33.941l-22.667 22.667c-9.357 9.357-24.522 9.375-33.901.04L224 227.495 69.255 381.516c-9.379 9.335-24.544 9.317-33.901-.04l-22.667-22.667c-9.373-9.373-9.373-24.569 0-33.941L207.03 130.525c9.372-9.373 24.568-9.373 33.941-.001z\"><\/path><\/svg><\/div>\n\t\t\t\t\t<\/div>\n\t\t\t\t<div id=\"elementor-toc__3ba95c8a\" class=\"elementor-toc__body\">\n\t\t\t<div class=\"elementor-toc__spinner-container\">\n\t\t\t\t<svg class=\"elementor-toc__spinner eicon-animation-spin e-font-icon-svg e-eicon-loading\" aria-hidden=\"true\" viewBox=\"0 0 1000 1000\" xmlns=\"http:\/\/www.w3.org\/2000\/svg\"><path d=\"M500 975V858C696 858 858 696 858 500S696 142 500 142 142 304 142 500H25C25 237 238 25 500 25S975 237 975 500 763 975 500 975Z\"><\/path><\/svg>\t\t\t<\/div>\n\t\t<\/div>\n\t\t\t\t\t\t<\/div>\n\t\t\t\t\t<\/div>\n\t\t<\/div>\n\t\t\t\t\t<\/div>\n\t\t<\/section>\n\t\t\t\t<\/div>\n\t\t\n<h2>\u00bfCu\u00e1nto cuesta un abogado de accidentes de tr\u00e1fico?<\/h2>\n<p>Diferentes bufetes de abogados tienen diferentes acuerdos de honorarios por sus servicios legales. Algunos abogados cobran honorarios por hora, anticipos y honorarios fijos.<\/p>\n<p>En Florida Lawyers 360, operamos en base a honorarios de contingencia. No nos pagan a menos que ganemos su demanda por accidente automovil\u00edstico. Usted no paga dinero por adelantado por nuestros servicios legales. S\u00f3lo nos pagan una vez que su caso ha terminado.<\/p>\n<p>Nuestros honorarios y gastos s\u00f3lo se deducen del acuerdo final.<\/p>\n<p><a href=\"https:\/\/floridalawyers360.com\/wp-content\/uploads\/2024\/03\/st-petersburg-car-acc5-copy.webp\"><img fetchpriority=\"high\" decoding=\"async\" class=\"alignnone size-full wp-image-4725\" src=\"https:\/\/floridalawyers360.com\/wp-content\/uploads\/2024\/03\/st-petersburg-car-acc5-copy.webp\" alt=\"How much does a car accident lawyer cost?\" width=\"500\" height=\"334\" srcset=\"https:\/\/floridalawyers360.com\/wp-content\/uploads\/2024\/03\/st-petersburg-car-acc5-copy.webp 500w, https:\/\/floridalawyers360.com\/wp-content\/uploads\/2024\/03\/st-petersburg-car-acc5-copy-300x200.webp 300w\" sizes=\"(max-width: 500px) 100vw, 500px\" \/><\/a><\/p>\n<h2>\u00bfQu\u00e9 debo hacer tras un accidente de tr\u00e1fico?<\/h2>\n<p>Averiguar qu\u00e9 hacer despu\u00e9s de un terrible accidente de coche puede ser desconcertante. La mayor\u00eda de las v\u00edctimas de accidentes de coche no suelen ser conscientes de lo que deben hacer. Nuestros abogados experimentados pueden ayudarle durante este dif\u00edcil momento.<\/p>\n<p>Los segundos, minutos y horas posteriores a su colisi\u00f3n son cruciales si quiere recibir una indemnizaci\u00f3n por su accidente de coche.<\/p>\n<p>Estos son algunos consejos que pueden ayudarle si se ve involucrado en un accidente de coche:<\/p>\n<h3>Contactar con la polic\u00eda<\/h3>\n<p>P\u00f3ngase siempre en contacto con la polic\u00eda despu\u00e9s de un accidente de tr\u00e1fico. Los agentes de polic\u00eda presentar\u00e1n un informe que es necesario para presentar una reclamaci\u00f3n al seguro.<\/p>\n<h3>Compruebe si hay otras partes implicadas<\/h3>\n<p>No abandone nunca el lugar del accidente. Mueva su coche a un lado de la carretera si su veh\u00edculo todav\u00eda se puede conducir. Comprueba si los dem\u00e1s ocupantes de los veh\u00edculos han sufrido lesiones graves. Llama al 911 en caso de que haya heridos.<\/p>\n<h3>Intercambia informaci\u00f3n<\/h3>\n<p>Consigue el nombre, el n\u00famero de tel\u00e9fono, la direcci\u00f3n, la matr\u00edcula, los datos del seguro y el modelo de coche del otro conductor. No olvides anotar los datos de cualquier testigo presencial.<\/p>\n<h3>Graba la escena<\/h3>\n<p>Haz fotos y v\u00eddeos de la escena desde distintos \u00e1ngulos. Estas fotograf\u00edas pueden incluir da\u00f1os en el veh\u00edculo, contusiones, se\u00f1ales de tr\u00e1fico, matr\u00edculas y pruebas cruciales como botellas de cerveza en el coche del otro conductor.<\/p>\n<h3>Nunca admitas la culpa<\/h3>\n<p>Admitir la culpa en un accidente de tr\u00e1fico puede perjudicar su reclamaci\u00f3n. Los liquidadores de siniestros pueden utilizar sus propias declaraciones y observaciones para limitar o denegar la indemnizaci\u00f3n.<\/p>\n<h3>Busque atenci\u00f3n m\u00e9dica<\/h3>\n<p>Las lesiones pueden no ser evidentes inmediatamente despu\u00e9s de un accidente de coche. Visite a su m\u00e9dico de cabecera para un chequeo despu\u00e9s de un accidente para descartar hemorragias internas y conmociones cerebrales.<\/p>\n<h3>Llame a un abogado de accidentes de tr\u00e1fico<\/h3>\n<p>Es una gran idea ponerse en contacto con un abogado despu\u00e9s de su accidente. En Florida Lawyers 360, estamos bien versados con las leyes de lesiones personales de la Florida. Podemos proteger sus derechos y ayudarle a obtener la mejor compensaci\u00f3n para su caso.<\/p>\n<p><a href=\"https:\/\/floridalawyers360.com\/wp-content\/uploads\/2024\/03\/st-petersburg-car-acc1-copy.webp\"><img decoding=\"async\" class=\"alignnone size-full wp-image-4719\" src=\"https:\/\/floridalawyers360.com\/wp-content\/uploads\/2024\/03\/st-petersburg-car-acc1-copy.webp\" alt=\"Call our St. Petersburg Car Accident Lawyers\" width=\"500\" height=\"334\" srcset=\"https:\/\/floridalawyers360.com\/wp-content\/uploads\/2024\/03\/st-petersburg-car-acc1-copy.webp 500w, https:\/\/floridalawyers360.com\/wp-content\/uploads\/2024\/03\/st-petersburg-car-acc1-copy-300x200.webp 300w\" sizes=\"(max-width: 500px) 100vw, 500px\" \/><\/a><\/p>\n<h2>\u00bfCu\u00e1l es la indemnizaci\u00f3n media por accidente de tr\u00e1fico?<\/h2>\n<p>Cada accidente de tr\u00e1fico es diferente. Hay que tener en cuenta varios factores a la hora de llegar a un acuerdo por un accidente de coche. La indemnizaci\u00f3n media por accidente de tr\u00e1fico en EE.UU. es de unos 18.417 d\u00f3lares.<\/p>\n<p>Florida es un estado sin culpa, lo que implica que la v\u00edctima de un accidente de coche primero tiene que dirigirse a su aseguradora para obtener una indemnizaci\u00f3n. La indemnizaci\u00f3n por las lesiones se paga con su cobertura de protecci\u00f3n contra lesiones personales de 10.000 d\u00f3lares.<\/p>\n<h2>\u00bfCu\u00e1ndo debo conseguir un abogado para mi accidente de coche?<\/h2>\n<p>Lo mejor ser\u00eda que consiguiera un abogado inmediatamente despu\u00e9s de un accidente. Su abogado proteger\u00e1 sus derechos y se asegurar\u00e1 de que los ajustadores de reclamos no lo enga\u00f1en para que firme acuerdos que limiten su compensaci\u00f3n.<\/p>\n<p>Usted debe ponerse en contacto con un abogado de accidente de coche inmediatamente despu\u00e9s de su accidente o un d\u00eda o dos m\u00e1s tarde.<\/p>\n<h2>\u00bfPor qu\u00e9 necesito un abogado?<\/h2>\n<p>Muchas v\u00edctimas de accidentes a menudo dudan en ponerse en contacto con abogados de lesiones personales despu\u00e9s de accidentes de coche. Se preguntan si un abogado es necesario despu\u00e9s de un accidente. Usted no tiene ninguna obligaci\u00f3n legal de trabajar con un abogado despu\u00e9s de su accidente. Esta decisi\u00f3n depende exclusivamente de usted.<\/p>\n<p>Sin embargo, un abogado de accidentes de coche en San Petersburgo, Florida, puede mejorar sus posibilidades de obtener la m\u00e1xima indemnizaci\u00f3n. Un abogado tambi\u00e9n puede aumentar su sensaci\u00f3n de confianza y comodidad al tratar con los ajustadores de reclamaciones y abogados de la compa\u00f1\u00eda de seguros.<\/p>\n<p>He aqu\u00ed c\u00f3mo Florida Lawyers 360 puede ayudar a proteger sus derechos bajo la ley de Florida:<\/p>\n<ul>\n<li>Investigando su accidente de auto<\/li>\n<li>Presentando su reclamo contra la parte culpable<\/li>\n<li>Probar los da\u00f1os<\/li>\n<li>Hablar con la polic\u00eda y los proveedores de atenci\u00f3n m\u00e9dica en su nombre<\/li>\n<li>Manejar todas las comunicaciones con la compa\u00f1\u00eda de seguros<\/li>\n<li>Negociar un acuerdo justo con la aseguradora<\/li>\n<li>Llevar a juicio su reclamaci\u00f3n por accidente de tr\u00e1fico en San Petersburgo<\/li>\n<\/ul>\n<p>&nbsp;<\/p>\n<p><a href=\"https:\/\/floridalawyers360.com\/wp-content\/uploads\/2024\/03\/st-petersburg-car-acc4-copy.webp\"><img decoding=\"async\" class=\"alignnone size-full wp-image-4717\" src=\"https:\/\/floridalawyers360.com\/wp-content\/uploads\/2024\/03\/st-petersburg-car-acc4-copy.webp\" alt=\"Why do I need a car accident lawyer?\" width=\"500\" height=\"334\" srcset=\"https:\/\/floridalawyers360.com\/wp-content\/uploads\/2024\/03\/st-petersburg-car-acc4-copy.webp 500w, https:\/\/floridalawyers360.com\/wp-content\/uploads\/2024\/03\/st-petersburg-car-acc4-copy-300x200.webp 300w\" sizes=\"(max-width: 500px) 100vw, 500px\" \/><\/a><\/p>\n<h2>\u00bfCu\u00e1nto puedo esperar recibir por mis da\u00f1os?<\/h2>\n<p>Factores como la responsabilidad, la gravedad de las lesiones, los gastos m\u00e9dicos, los l\u00edmites de la p\u00f3liza y los problemas psicol\u00f3gicos a largo plazo se tienen en cuenta a la hora de determinar el valor de una reclamaci\u00f3n. Usted requiere la destreza legal de un abogado con experiencia en accidentes de coche para evaluar el valor real de su reclamaci\u00f3n.<\/p>\n<p>La indemnizaci\u00f3n por accidente de tr\u00e1fico suele ser mayor en caso de lesiones graves y permanentes.<\/p>\n<h2>\u00bfQu\u00e9 tipo de da\u00f1os puedo recuperar?<\/h2>\n<p>La tarea de asegurar un acuerdo justo por sus da\u00f1os puede ser abrumadora. Florida Lawyers 360 determinar\u00e1 el valor de su reclamaci\u00f3n por accidente de coche y negociar con los ajustadores de reclamaciones para obtener la m\u00e1xima compensaci\u00f3n.<\/p>\n<p>Estos son algunos de los da\u00f1os que pueden estar disponibles en su caso:<\/p>\n<h3>Da\u00f1os econ\u00f3micos<\/h3>\n<p>Estos da\u00f1os son cuantificables con un recibo o factura. Incluyen<\/p>\n<ul>\n<li>Gastos m\u00e9dicos<\/li>\n<li>P\u00e9rdida de ingresos<\/li>\n<li>Gastos varios, como gastos de desplazamiento al hospital y aparcamiento<\/li>\n<li>Da\u00f1os materiales<\/li>\n<li>Da\u00f1os no econ\u00f3micos<\/li>\n<\/ul>\n<h3>Estos da\u00f1os compensatorios son m\u00e1s dif\u00edciles de cuantificar, e incluyen<\/h3>\n<ul>\n<li>Angustia mental<\/li>\n<li>Dolor y sufrimiento<\/li>\n<li>P\u00e9rdida de consorcio<\/li>\n<\/ul>\n<h3>Da\u00f1os punitivos<\/h3>\n<p>Usted puede ser elegible para recibir da\u00f1os punitivos por las acciones imprudentes o negligentes del demandado en Florida.<\/p>\n<h2>\u00bfC\u00f3mo se determina la culpa en Florida?<\/h2>\n<p>Florida utiliza el sistema de negligencia comparativa pura para determinar la culpa. Este sistema asigna la culpa a un porcentaje. Usted todav\u00eda puede recuperar compensaci\u00f3n por sus da\u00f1os aunque usted sea 99% responsable de un choque.<\/p>\n<p>Un abogado con experiencia en accidentes automovil\u00edsticos en San Petersburgo debe probar la culpa utilizando estos cuatro elementos:<\/p>\n<ul>\n<li>Deber de cuidado<\/li>\n<li>Incumplimiento del deber<\/li>\n<li>Causalidad<\/li>\n<li>Da\u00f1os<\/li>\n<\/ul>\n<p><a href=\"https:\/\/floridalawyers360.com\/wp-content\/uploads\/2024\/03\/st-petersburg-car-acc3-copy.webp\"><img loading=\"lazy\" decoding=\"async\" class=\"alignnone size-full wp-image-4721\" src=\"https:\/\/floridalawyers360.com\/wp-content\/uploads\/2024\/03\/st-petersburg-car-acc3-copy.webp\" alt=\"How is fault determined after a car accident?\" width=\"500\" height=\"334\" srcset=\"https:\/\/floridalawyers360.com\/wp-content\/uploads\/2024\/03\/st-petersburg-car-acc3-copy.webp 500w, https:\/\/floridalawyers360.com\/wp-content\/uploads\/2024\/03\/st-petersburg-car-acc3-copy-300x200.webp 300w\" sizes=\"(max-width: 500px) 100vw, 500px\" \/><\/a><\/p>\n<h2>\u00bfCu\u00e1nto tiempo tengo para presentar una reclamaci\u00f3n en San Petersburgo, FL?<\/h2>\n<p>En Florida, las partes lesionadas en accidentes automovil\u00edsticos tienen cuatro a\u00f1os para presentar una reclamaci\u00f3n. Recuerde, las pruebas como las grabaciones de la c\u00e1mara del salpicadero pueden desaparecer, y los testigos oculares tambi\u00e9n pueden olvidar los detalles de lo sucedido.<\/p>\n<p>Por esta raz\u00f3n, usted debe actuar r\u00e1pido antes de que sea imposible recuperar la compensaci\u00f3n. Nuestros reputados abogados de accidentes de tr\u00e1fico de San Petersburgo pueden ayudarle a presentar la documentaci\u00f3n antes de que se acabe el tiempo.<\/p>\n<h2>\u00bfC\u00f3mo puede ayudarme un abogado a presentar mi reclamaci\u00f3n al seguro?<\/h2>\n<p>Los ajustadores de reclamaciones har\u00e1n todo lo posible para limitar o negar los pagos. Es su trabajo minimizar la cantidad de acuerdos que las aseguradoras pagan a las v\u00edctimas de accidentes.<\/p>\n<p>En Florida Lawyers 360, nuestros experimentados abogados han tratado con ajustadores de seguros durante muchos a\u00f1os. Nos aseguraremos de que su reclamo se presente de acuerdo con las directrices establecidas para maximizar su reclamo.<\/p>\n<p>Nuestro equipo legal le asesorar\u00e1 sobre c\u00f3mo y cu\u00e1ndo informar de su reclamaci\u00f3n a la aseguradora.<\/p>\n<h2>Qu\u00e9 pasa si el otro conductor no tiene seguro?<\/h2>\n<p>A partir de 2015, Florida fue el estado con el mayor n\u00famero de conductores sin seguro en los Estados Unidos. El 26,7 % de los conductores en Florida no ten\u00edan seguro. Entonces, \u00bfqu\u00e9 debe hacer si un conductor sin seguro lo golpea?<\/p>\n<p>En Florida, los conductores est\u00e1n obligados a tener una p\u00f3liza de protecci\u00f3n contra lesiones personales de 10.000 d\u00f3lares. Esta p\u00f3liza protege a los conductores en caso de accidente.<\/p>\n<p>Si usted agota su cobertura, puede optar por pagar sus propios gastos m\u00e9dicos, recurrir a su p\u00f3liza de seguro m\u00e9dico o presentar una demanda contra la parte negligente.<\/p>\n<p>Si no tienes seguro o tienes p\u00f3lizas de infraseguro, pueden cubrirte si te atropella un conductor sin seguro. Estas p\u00f3lizas cubrir\u00e1n tus facturas m\u00e9dicas y otros da\u00f1os en un accidente de coche.<\/p>\n<p>Tendr\u00e1s que presentar una reclamaci\u00f3n contra tu propia aseguradora para recibir una indemnizaci\u00f3n si tienes estas p\u00f3lizas.<\/p>\n<p><a href=\"https:\/\/floridalawyers360.com\/wp-content\/uploads\/2024\/03\/st-petersburg-car-acc2-copy.webp\"><img loading=\"lazy\" decoding=\"async\" class=\"alignnone size-full wp-image-4723\" src=\"https:\/\/floridalawyers360.com\/wp-content\/uploads\/2024\/03\/st-petersburg-car-acc2-copy.webp\" alt=\"Car Accident Lawyer in St. Petersburg\" width=\"500\" height=\"334\" srcset=\"https:\/\/floridalawyers360.com\/wp-content\/uploads\/2024\/03\/st-petersburg-car-acc2-copy.webp 500w, https:\/\/floridalawyers360.com\/wp-content\/uploads\/2024\/03\/st-petersburg-car-acc2-copy-300x200.webp 300w\" sizes=\"(max-width: 500px) 100vw, 500px\" \/><\/a><\/p>\n<h2>Comun\u00edquese hoy mismo con un abogado con experiencia en accidentes automovil\u00edsticos en San Petersburgo.<\/h2>\n<p>Si usted o su ser querido sufrieron lesiones graves o mortales en un accidente automovil\u00edstico en San Petersburgo, Florida Lawyers 360 le ayudar\u00e1 a obtener la indemnizaci\u00f3n a la que tiene derecho.<\/p>\n<p>Le invitamos a discutir su caso y opciones legales con un abogado con experiencia en lesiones personales en San Petersburgo. Tenemos sus intereses en mente.<\/p>\n<p>Las leyes de lesiones personales y las leyes automovil\u00edsticas de Florida son complicadas. No es prudente tratar con las compa\u00f1\u00edas de seguros por su cuenta. Florida Lawyers 360 puede llevar a cabo investigaciones independientes, manejar las negociaciones de acuerdos y representarle en los tribunales.<\/p>\n<p>Lo que es m\u00e1s, operamos sobre una base de contingencia. Usted no tendr\u00e1 que pagar ning\u00fan honorario por adelantado por nuestros servicios legales.<\/p>\n<p>Para una revisi\u00f3n gratuita de su caso, llame a nuestros abogados de accidentes automovil\u00edsticos de Florida al <a href=\"tel:+19544487355\"><i class=\"fa fa-phone-alt\"><\/i>954-448-7355<\/a>. Deje que nuestros abogados le den un asesoramiento jur\u00eddico s\u00f3lido con respecto a su caso de accidente de coche. Comience ahora para maximizar sus posibilidades de obtener la mejor compensaci\u00f3n.<\/p>\n","protected":false},"excerpt":{"rendered":"<p>Conducir su coche puede ser una de las cosas m\u00e1s peligrosas que hacer en un d\u00eda cualquiera. Las posibilidades de verse involucrado en un accidente debido a la negligencia de otra parte son altas. Acciones como conducir ebrio, conducir distra\u00eddo y el exceso de velocidad pueden causar colisiones. Si usted ha sido herido en un [&hellip;]<\/p>\n","protected":false},"author":22,"featured_media":0,"parent":6041,"menu_order":0,"comment_status":"closed","ping_status":"closed","template":"","meta":{"_acf_changed":false,"anchor_text":"","footnotes":""},"categories":[],"tags":[],"class_list":["post-6047","page","type-page","status-publish","hentry"],"acf":[],"_links":{"self":[{"href":"https:\/\/floridalawyers360.com\/es\/wp-json\/wp\/v2\/pages\/6047","targetHints":{"allow":["GET"]}}],"collection":[{"href":"https:\/\/floridalawyers360.com\/es\/wp-json\/wp\/v2\/pages"}],"about":[{"href":"https:\/\/floridalawyers360.com\/es\/wp-json\/wp\/v2\/types\/page"}],"author":[{"embeddable":true,"href":"https:\/\/floridalawyers360.com\/es\/wp-json\/wp\/v2\/users\/22"}],"replies":[{"embeddable":true,"href":"https:\/\/floridalawyers360.com\/es\/wp-json\/wp\/v2\/comments?post=6047"}],"version-history":[{"count":2,"href":"https:\/\/floridalawyers360.com\/es\/wp-json\/wp\/v2\/pages\/6047\/revisions"}],"predecessor-version":[{"id":6048,"href":"https:\/\/floridalawyers360.com\/es\/wp-json\/wp\/v2\/pages\/6047\/revisions\/6048"}],"up":[{"embeddable":true,"href":"https:\/\/floridalawyers360.com\/es\/wp-json\/wp\/v2\/pages\/6041"}],"wp:attachment":[{"href":"https:\/\/floridalawyers360.com\/es\/wp-json\/wp\/v2\/media?parent=6047"}],"wp:term":[{"taxonomy":"category","embeddable":true,"href":"https:\/\/floridalawyers360.com\/es\/wp-json\/wp\/v2\/categories?post=6047"},{"taxonomy":"post_tag","embeddable":true,"href":"https:\/\/floridalawyers360.com\/es\/wp-json\/wp\/v2\/tags?post=6047"}],"curies":[{"name":"wp","href":"https:\/\/api.w.org\/{rel}","templated":true}]}}