{"id":6044,"date":"2024-02-14T10:49:32","date_gmt":"2024-02-14T15:49:32","guid":{"rendered":"https:\/\/floridalawyers360.com\/st-petersburg\/reporting-a-work-injury-in-st-petersburg-fl\/"},"modified":"2024-03-20T00:49:12","modified_gmt":"2024-03-20T05:49:12","slug":"denuncia-de-un-accidente-de-trabajo-en-san-petersburgo","status":"publish","type":"page","link":"https:\/\/floridalawyers360.com\/es\/st-petersburg\/denuncia-de-un-accidente-de-trabajo-en-san-petersburgo\/","title":{"rendered":"Denuncia de un accidente de trabajo en San Petersburgo"},"content":{"rendered":"<p>Cada a\u00f1o, millones de trabajadores sufren lesiones en el trabajo. Aproximadamente 0,9 de cada 100 trabajadores sufren lesiones lo suficientemente graves como para causar baja laboral.<\/p>\n<p>Si una lesi\u00f3n es grave o leve, es necesario informar de las lesiones en el lugar de trabajo con el fin de acceder a los beneficios de compensaci\u00f3n del trabajador. Denunciar una lesi\u00f3n laboral en San Petersburgo puede ser un momento estresante.<\/p>\n<div class=\"embed-container\"><iframe src=\"https:\/\/www.youtube.com\/embed\/b0SG0krQf3w\" frameborder=\"0\" allowfullscreen=\"allowfullscreen\"><\/iframe><\/div>\n<p>Contar con el apoyo de un abogado a la hora de denunciar una lesi\u00f3n significa que no tendr\u00e1 que preocuparse por lo que debe y no debe hacer.<\/p>\n<p>Usted tendr\u00e1 una manera f\u00e1cil de obtener respuestas a sus preguntas, y usted ser\u00e1 capaz de obtener orientaci\u00f3n de expertos abogados de compensaci\u00f3n de trabajadores en San Petersburgo.<\/p>\n<p>Florida Workers&#8217; Compensation Lawyers Coalition se especializa en casos relacionados con enfermedades y lesiones laborales, y nuestro equipo puede brindarle toda la ayuda que necesita. Ll\u00e1menos hoy mismo al <a href=\"tel:+19544487355\"><i class=\"fa fa-phone-alt\"><\/i>954-448-7355<\/a>.<\/p>\n\t\t<div data-elementor-type=\"section\" data-elementor-id=\"208\" class=\"elementor elementor-208\" data-elementor-post-type=\"elementor_library\">\n\t\t\t\t\t<section class=\"elementor-section elementor-top-section elementor-element elementor-element-485e576a elementor-section-boxed elementor-section-height-default elementor-section-height-default\" data-id=\"485e576a\" data-element_type=\"section\" data-e-type=\"section\">\n\t\t\t\t\t\t<div class=\"elementor-container elementor-column-gap-default\">\n\t\t\t\t\t<div class=\"elementor-column elementor-col-100 elementor-top-column elementor-element elementor-element-635c38c0\" data-id=\"635c38c0\" data-element_type=\"column\" data-e-type=\"column\">\n\t\t\t<div class=\"elementor-widget-wrap elementor-element-populated\">\n\t\t\t\t\t\t<div class=\"elementor-element elementor-element-3ba95c8a elementor-toc--minimized-on-tablet elementor-widget elementor-widget-table-of-contents\" data-id=\"3ba95c8a\" data-element_type=\"widget\" data-e-type=\"widget\" data-settings=\"{&quot;exclude_headings_by_selector&quot;:&quot;.toc-remove&quot;,&quot;headings_by_tags&quot;:[&quot;h2&quot;,&quot;h3&quot;],&quot;marker_view&quot;:&quot;numbers&quot;,&quot;no_headings_message&quot;:&quot;No se ha encontrado ning\\u00fan encabezado en esta p\\u00e1gina.&quot;,&quot;minimize_box&quot;:&quot;yes&quot;,&quot;minimized_on&quot;:&quot;tablet&quot;,&quot;hierarchical_view&quot;:&quot;yes&quot;,&quot;min_height&quot;:{&quot;unit&quot;:&quot;px&quot;,&quot;size&quot;:&quot;&quot;,&quot;sizes&quot;:[]},&quot;min_height_tablet&quot;:{&quot;unit&quot;:&quot;px&quot;,&quot;size&quot;:&quot;&quot;,&quot;sizes&quot;:[]},&quot;min_height_mobile&quot;:{&quot;unit&quot;:&quot;px&quot;,&quot;size&quot;:&quot;&quot;,&quot;sizes&quot;:[]}}\" data-widget_type=\"table-of-contents.default\">\n\t\t\t\t\t\t\t\t\t<div class=\"elementor-toc__header\">\n\t\t\t\t\t\t<div class=\"elementor-toc__header-title\">\n\t\t\t\tTable of Contents\t\t\t<\/div>\n\t\t\t\t\t\t\t\t\t\t<div class=\"elementor-toc__toggle-button elementor-toc__toggle-button--expand\" role=\"button\" tabindex=\"0\" aria-controls=\"elementor-toc__3ba95c8a\" aria-expanded=\"true\" aria-label=\"Abrir la tabla de contenidos\"><svg aria-hidden=\"true\" class=\"e-font-icon-svg e-fas-chevron-down\" viewBox=\"0 0 448 512\" xmlns=\"http:\/\/www.w3.org\/2000\/svg\"><path d=\"M207.029 381.476L12.686 187.132c-9.373-9.373-9.373-24.569 0-33.941l22.667-22.667c9.357-9.357 24.522-9.375 33.901-.04L224 284.505l154.745-154.021c9.379-9.335 24.544-9.317 33.901.04l22.667 22.667c9.373 9.373 9.373 24.569 0 33.941L240.971 381.476c-9.373 9.372-24.569 9.372-33.942 0z\"><\/path><\/svg><\/div>\n\t\t\t\t<div class=\"elementor-toc__toggle-button elementor-toc__toggle-button--collapse\" role=\"button\" tabindex=\"0\" aria-controls=\"elementor-toc__3ba95c8a\" aria-expanded=\"true\" aria-label=\"Cerrar la tabla de contenidos\"><svg aria-hidden=\"true\" class=\"e-font-icon-svg e-fas-chevron-up\" viewBox=\"0 0 448 512\" xmlns=\"http:\/\/www.w3.org\/2000\/svg\"><path d=\"M240.971 130.524l194.343 194.343c9.373 9.373 9.373 24.569 0 33.941l-22.667 22.667c-9.357 9.357-24.522 9.375-33.901.04L224 227.495 69.255 381.516c-9.379 9.335-24.544 9.317-33.901-.04l-22.667-22.667c-9.373-9.373-9.373-24.569 0-33.941L207.03 130.525c9.372-9.373 24.568-9.373 33.941-.001z\"><\/path><\/svg><\/div>\n\t\t\t\t\t<\/div>\n\t\t\t\t<div id=\"elementor-toc__3ba95c8a\" class=\"elementor-toc__body\">\n\t\t\t<div class=\"elementor-toc__spinner-container\">\n\t\t\t\t<svg class=\"elementor-toc__spinner eicon-animation-spin e-font-icon-svg e-eicon-loading\" aria-hidden=\"true\" viewBox=\"0 0 1000 1000\" xmlns=\"http:\/\/www.w3.org\/2000\/svg\"><path d=\"M500 975V858C696 858 858 696 858 500S696 142 500 142 142 304 142 500H25C25 237 238 25 500 25S975 237 975 500 763 975 500 975Z\"><\/path><\/svg>\t\t\t<\/div>\n\t\t<\/div>\n\t\t\t\t\t\t<\/div>\n\t\t\t\t\t<\/div>\n\t\t<\/div>\n\t\t\t\t\t<\/div>\n\t\t<\/section>\n\t\t\t\t<\/div>\n\t\t\n<h2>\u00bfCu\u00e1nto tiempo tengo para reportar una lesi\u00f3n de trabajo en San Petersburgo, Florida?<\/h2>\n<p>Cualquier lesi\u00f3n o enfermedad relacionada con el trabajo debe ser reportada tan pronto como sea posible. Los accidentes deben ser reportados dentro de los 30 d\u00edas de la fecha en que ocurre el accidente.<\/p>\n<p>Otras lesiones o enfermedades deben ser reportadas dentro de los 30 d\u00edas de la fecha en que un m\u00e9dico le informa de su enfermedad o lesi\u00f3n. Existe un plazo de prescripci\u00f3n de dos a\u00f1os para presentar una reclamaci\u00f3n de indemnizaci\u00f3n por accidente de trabajo, por lo que no podr\u00e1 presentar una reclamaci\u00f3n una vez transcurrido dicho plazo.<\/p>\n<p>Aunque tienes hasta 30 d\u00edas para denunciar una lesi\u00f3n, lo mejor es hacerlo cuanto antes. Informar inmediatamente de una lesi\u00f3n le facilitar\u00e1 demostrar que fue causada por el trabajo.<\/p>\n<p>Actuar con rapidez tambi\u00e9n te permitir\u00e1 buscar atenci\u00f3n m\u00e9dica r\u00e1pidamente.<\/p>\n<p>No notificar la lesi\u00f3n en el plazo de 30 d\u00edas puede dar lugar a la denegaci\u00f3n de la solicitud. No notificar una lesi\u00f3n puede dificultar la determinaci\u00f3n exacta de la fecha de la lesi\u00f3n.<\/p>\n<p>Esperar a denunciar un accidente tambi\u00e9n puede levantar sospechas sobre su reclamaci\u00f3n.<\/p>\n<p>Es com\u00fan que los trabajadores eviten reportar una lesi\u00f3n porque creen que la lesi\u00f3n no es grave o porque tienen preocupaciones contra las represalias del empleador. La ley de Florida proh\u00edbe a los empleadores despedir a los empleados por informar de una lesi\u00f3n.<\/p>\n<p>Adem\u00e1s, Florida requiere que los trabajadores reciban beneficios de compensaci\u00f3n de trabajadores autorizados con el fin de mantener un caso abierto.<\/p>\n<p><a href=\"https:\/\/floridalawyers360.com\/wp-content\/uploads\/2024\/03\/st-petersburg-report-work-injury2-copy.webp\"><img fetchpriority=\"high\" decoding=\"async\" class=\"alignnone size-full wp-image-4696\" src=\"https:\/\/floridalawyers360.com\/wp-content\/uploads\/2024\/03\/st-petersburg-report-work-injury2-copy.webp\" alt=\"Fill our an incident or accident form when reporting a work injury\" width=\"500\" height=\"334\" srcset=\"https:\/\/floridalawyers360.com\/wp-content\/uploads\/2024\/03\/st-petersburg-report-work-injury2-copy.webp 500w, https:\/\/floridalawyers360.com\/wp-content\/uploads\/2024\/03\/st-petersburg-report-work-injury2-copy-300x200.webp 300w\" sizes=\"(max-width: 500px) 100vw, 500px\" \/><\/a><\/p>\n<h2>\u00bfA qui\u00e9n tengo que informar de una lesi\u00f3n laboral?<\/h2>\n<p>Si se lesiona en el trabajo, debe informar inmediatamente de la lesi\u00f3n a un supervisor. Aunque basta con informar verbalmente de la lesi\u00f3n a la empresa, puede ser \u00fatil hacerlo tambi\u00e9n por escrito.<\/p>\n<p>Esto crear\u00e1 un rastro de papel que le permitir\u00e1 construir una reclamaci\u00f3n m\u00e1s s\u00f3lida.<\/p>\n<p>Dado que Florida tiene un estatuto de limitaciones en la presentaci\u00f3n de reclamaciones de compensaci\u00f3n de trabajadores, las lesiones deben ser reportadas inmediatamente cuando sea posible. Si usted no es un empleado federal, su empleador puede requerir que usted busque tratamiento de un m\u00e9dico aprobado por su compa\u00f1\u00eda de seguros.<\/p>\n<p>Una vez que haya informado a su empresa de la lesi\u00f3n, \u00e9sta deber\u00eda poder proporcionarle los formularios necesarios para iniciar una reclamaci\u00f3n de indemnizaci\u00f3n por accidente de trabajo.<\/p>\n<p>Si su empleador se niega o no puede proporcionarle estos formularios, puede obtenerlos poni\u00e9ndose en contacto con la oficina de compensaci\u00f3n de trabajadores de Florida.<\/p>\n<h2>\u00bfCu\u00e1les son las responsabilidades del empresario tras un accidente laboral?<\/h2>\n<p>Aunque los empresarios est\u00e1n obligados a proporcionar a sus empleados un entorno de trabajo seguro, los accidentes pueden ocurrir y ocurren. Despu\u00e9s de que se haya comunicado una lesi\u00f3n de un empleado, los empresarios son responsables de asegurarse de que se cumplimente el Primer parte de lesiones.<\/p>\n<p>Una vez cumplimentado el documento, los empresarios deben remitir la reclamaci\u00f3n a la compa\u00f1\u00eda de compensaci\u00f3n de trabajadores de la empresa.<\/p>\n<p>Los empresarios tambi\u00e9n deben cooperar con la compa\u00f1\u00eda de compensaci\u00f3n de los trabajadores durante todo el proceso de investigaci\u00f3n. Todos los documentos solicitados deben enviarse al proveedor de seguros lo antes posible.<\/p>\n<p>Los empleadores tambi\u00e9n est\u00e1n obligados a ayudar a la junta de compensaci\u00f3n de trabajadores de Florida y a informar sobre sospechas de fraude.<\/p>\n<p>Cuando un empleado est\u00e1 listo para volver al trabajo, los empresarios deben acogerlo en el lugar de trabajo y cumplir las recomendaciones del m\u00e9dico. Los empresarios tienen prohibido penalizar o despedir a un empleado debido a una lesi\u00f3n.<\/p>\n<h2>\u00bfCu\u00e1les son las responsabilidades del empleado despu\u00e9s de notificar una lesi\u00f3n laboral?<\/h2>\n<p>Como empleado, es su responsabilidad notificar las lesiones a tiempo.<\/p>\n<p>Una vez que se ha notificado una lesi\u00f3n y su empresa ha rellenado un formulario de Primer parte de lesiones, tendr\u00e1 que revisar el formulario para confirmar que la informaci\u00f3n que contiene es correcta. Debe solicitar una copia del formulario cumplimentado para sus archivos personales.<\/p>\n<p>Tambi\u00e9n es responsabilidad suya buscar atenci\u00f3n m\u00e9dica para sus lesiones, aunque parezcan leves. Despu\u00e9s de informar a la empresa de tu lesi\u00f3n, preg\u00fantale si puedes visitar a tu m\u00e9dico habitual o si necesitas ver a un m\u00e9dico concreto.<\/p>\n<p>Solicite copias de su historial m\u00e9dico y entr\u00e9gueselas a su empresa.<\/p>\n<p>Debe cooperar con la compa\u00f1\u00eda de seguros de su empresa y atender sus peticiones. Si no contesta a las preguntas o no acude a las citas m\u00e9dicas, su reclamaci\u00f3n podr\u00eda resultar sospechosa.<\/p>\n<p>Comp\u00f3rtese de forma responsable y siga las recomendaciones del m\u00e9dico tanto si est\u00e1 trabajando como si no.<\/p>\n<p>Aunque no es necesario contratar a un abogado para su reclamo de compensaci\u00f3n de trabajadores, ser\u00e1 m\u00e1s f\u00e1cil para usted cumplir con estas responsabilidades y acceder a los beneficios a los que tiene derecho cuando tenga un abogado con experiencia de su lado.<\/p>\n<p>Probablemente tenga muchas preguntas acerca de c\u00f3mo denunciar una lesi\u00f3n laboral en San Petersburgo. El equipo de la Coalici\u00f3n de Abogados de Compensaci\u00f3n de Trabajadores de Florida son expertos en leyes laborales estatales y regulaciones de compensaci\u00f3n de trabajadores.<\/p>\n<p><a href=\"https:\/\/floridalawyers360.com\/wp-content\/uploads\/2024\/03\/st-petersburg-report-work-injury3-copy.webp\"><img decoding=\"async\" class=\"alignnone size-full wp-image-4698\" src=\"https:\/\/floridalawyers360.com\/wp-content\/uploads\/2024\/03\/st-petersburg-report-work-injury3-copy.webp\" alt=\"Contact our legal team for assistance in reporting a work injury\" width=\"500\" height=\"334\" srcset=\"https:\/\/floridalawyers360.com\/wp-content\/uploads\/2024\/03\/st-petersburg-report-work-injury3-copy.webp 500w, https:\/\/floridalawyers360.com\/wp-content\/uploads\/2024\/03\/st-petersburg-report-work-injury3-copy-300x200.webp 300w\" sizes=\"(max-width: 500px) 100vw, 500px\" \/><\/a><\/p>\n<h2>Llame hoy mismo a nuestros experimentados abogados para denunciar una lesi\u00f3n laboral en San Petersburgo<\/h2>\n<p>Si se ha lesionado en el trabajo, no hay tiempo que perder. Reportar su lesi\u00f3n de inmediato le facilitar\u00e1 el acceso a los beneficios y aumentar\u00e1 sus posibilidades de que su reclamo sea aprobado.<\/p>\n<p>Como empleado, tienes derecho a prestaciones si te lesionas en el trabajo, y debes aprovechar esos derechos.<\/p>\n<p>Hay una serie de problemas que pueden ocurrir al reportar lesiones de trabajo, raz\u00f3n por la cual usted querr\u00e1 asociarse con Workers&#8217; Compensation Lawyers Coalition Florida tan pronto como pueda.<\/p>\n<p>Ll\u00e1menos al <a href=\"tel:+19544487355\"><i class=\"fa fa-phone-alt\"><\/i>954-448-7355<\/a> para programar una revisi\u00f3n gratuita y sin compromiso de su caso.<\/p>\n","protected":false},"excerpt":{"rendered":"<p>Cada a\u00f1o, millones de trabajadores sufren lesiones en el trabajo. Aproximadamente 0,9 de cada 100 trabajadores sufren lesiones lo suficientemente graves como para causar baja laboral. Si una lesi\u00f3n es grave o leve, es necesario informar de las lesiones en el lugar de trabajo con el fin de acceder a los beneficios de compensaci\u00f3n del [&hellip;]<\/p>\n","protected":false},"author":22,"featured_media":0,"parent":6041,"menu_order":0,"comment_status":"closed","ping_status":"closed","template":"","meta":{"_acf_changed":false,"anchor_text":"","footnotes":""},"categories":[],"tags":[],"class_list":["post-6044","page","type-page","status-publish","hentry"],"acf":[],"_links":{"self":[{"href":"https:\/\/floridalawyers360.com\/es\/wp-json\/wp\/v2\/pages\/6044","targetHints":{"allow":["GET"]}}],"collection":[{"href":"https:\/\/floridalawyers360.com\/es\/wp-json\/wp\/v2\/pages"}],"about":[{"href":"https:\/\/floridalawyers360.com\/es\/wp-json\/wp\/v2\/types\/page"}],"author":[{"embeddable":true,"href":"https:\/\/floridalawyers360.com\/es\/wp-json\/wp\/v2\/users\/22"}],"replies":[{"embeddable":true,"href":"https:\/\/floridalawyers360.com\/es\/wp-json\/wp\/v2\/comments?post=6044"}],"version-history":[{"count":3,"href":"https:\/\/floridalawyers360.com\/es\/wp-json\/wp\/v2\/pages\/6044\/revisions"}],"predecessor-version":[{"id":6259,"href":"https:\/\/floridalawyers360.com\/es\/wp-json\/wp\/v2\/pages\/6044\/revisions\/6259"}],"up":[{"embeddable":true,"href":"https:\/\/floridalawyers360.com\/es\/wp-json\/wp\/v2\/pages\/6041"}],"wp:attachment":[{"href":"https:\/\/floridalawyers360.com\/es\/wp-json\/wp\/v2\/media?parent=6044"}],"wp:term":[{"taxonomy":"category","embeddable":true,"href":"https:\/\/floridalawyers360.com\/es\/wp-json\/wp\/v2\/categories?post=6044"},{"taxonomy":"post_tag","embeddable":true,"href":"https:\/\/floridalawyers360.com\/es\/wp-json\/wp\/v2\/tags?post=6044"}],"curies":[{"name":"wp","href":"https:\/\/api.w.org\/{rel}","templated":true}]}}