{"id":6041,"date":"2024-02-08T11:40:11","date_gmt":"2024-02-08T16:40:11","guid":{"rendered":"https:\/\/floridalawyers360.com\/st-petersburg\/"},"modified":"2024-03-14T05:49:59","modified_gmt":"2024-03-14T10:49:59","slug":"st-petersburg","status":"publish","type":"page","link":"https:\/\/floridalawyers360.com\/es\/st-petersburg\/","title":{"rendered":"St. Petersburg"},"content":{"rendered":"<p>Si usted o un ser querido se lesion\u00f3 debido a la negligencia de alguien en un accidente de coche, una lesi\u00f3n personal, o un accidente de trabajo en San Petersburgo, p\u00f3ngase en contacto con Florida Abogados 360 hoy. Nuestros abogados experimentados le tratar\u00e1n como una persona, no como un n\u00famero y trabajar\u00e1n diligentemente para asegurar el mejor resultado posible para su caso.<\/p>\n<p>Hemos ganado millones de d\u00f3lares para nuestros clientes. Perm\u00edtanos centrarnos en las compa\u00f1\u00edas de seguros para que usted pueda centrarse en curarse. P\u00f3ngase en contacto con nosotros en cualquier momento, estamos disponibles 24\/7 para su evaluaci\u00f3n inicial gratuita de su caso.<\/p>\n","protected":false},"excerpt":{"rendered":"<p>Si usted o un ser querido se lesion\u00f3 debido a la negligencia de alguien en un accidente de coche, una lesi\u00f3n personal, o un accidente de trabajo en San Petersburgo, p\u00f3ngase en contacto con Florida Abogados 360 hoy. Nuestros abogados experimentados le tratar\u00e1n como una persona, no como un n\u00famero y trabajar\u00e1n diligentemente para asegurar [&hellip;]<\/p>\n","protected":false},"author":22,"featured_media":3464,"parent":0,"menu_order":0,"comment_status":"closed","ping_status":"closed","template":"","meta":{"_acf_changed":false,"anchor_text":"","footnotes":""},"categories":[],"tags":[],"class_list":["post-6041","page","type-page","status-publish","has-post-thumbnail","hentry"],"acf":[],"_links":{"self":[{"href":"https:\/\/floridalawyers360.com\/es\/wp-json\/wp\/v2\/pages\/6041","targetHints":{"allow":["GET"]}}],"collection":[{"href":"https:\/\/floridalawyers360.com\/es\/wp-json\/wp\/v2\/pages"}],"about":[{"href":"https:\/\/floridalawyers360.com\/es\/wp-json\/wp\/v2\/types\/page"}],"author":[{"embeddable":true,"href":"https:\/\/floridalawyers360.com\/es\/wp-json\/wp\/v2\/users\/22"}],"replies":[{"embeddable":true,"href":"https:\/\/floridalawyers360.com\/es\/wp-json\/wp\/v2\/comments?post=6041"}],"version-history":[{"count":1,"href":"https:\/\/floridalawyers360.com\/es\/wp-json\/wp\/v2\/pages\/6041\/revisions"}],"predecessor-version":[{"id":6043,"href":"https:\/\/floridalawyers360.com\/es\/wp-json\/wp\/v2\/pages\/6041\/revisions\/6043"}],"wp:featuredmedia":[{"embeddable":true,"href":"https:\/\/floridalawyers360.com\/es\/wp-json\/wp\/v2\/media\/3464"}],"wp:attachment":[{"href":"https:\/\/floridalawyers360.com\/es\/wp-json\/wp\/v2\/media?parent=6041"}],"wp:term":[{"taxonomy":"category","embeddable":true,"href":"https:\/\/floridalawyers360.com\/es\/wp-json\/wp\/v2\/categories?post=6041"},{"taxonomy":"post_tag","embeddable":true,"href":"https:\/\/floridalawyers360.com\/es\/wp-json\/wp\/v2\/tags?post=6041"}],"curies":[{"name":"wp","href":"https:\/\/api.w.org\/{rel}","templated":true}]}}