{"id":6038,"date":"2024-02-14T10:20:55","date_gmt":"2024-02-14T15:20:55","guid":{"rendered":"https:\/\/floridalawyers360.com\/spring-hill\/workers-compensation-claim-process-in-spring-hill-fl\/"},"modified":"2024-03-20T00:47:36","modified_gmt":"2024-03-20T05:47:36","slug":"proceso-de-reclamo-de-compensacion-laboral-en-spring-hill","status":"publish","type":"page","link":"https:\/\/floridalawyers360.com\/es\/spring-hill\/proceso-de-reclamo-de-compensacion-laboral-en-spring-hill\/","title":{"rendered":"Proceso de Reclamo de Compensaci\u00f3n Laboral en Spring Hill"},"content":{"rendered":"<p>Si se ha lesionado en el trabajo, tiene derecho a reclamar a su empresa una indemnizaci\u00f3n por accidente laboral. El objetivo es indemnizarle o cubrir el coste de los tratamientos m\u00e9dicos que necesite.<\/p>\n<p>La empresa tambi\u00e9n est\u00e1 obligada por ley a pagarle una renta mientras se recupera y no puede trabajar. Tratar de descifrar el proceso de reclamo de compensaci\u00f3n laboral en Spring Hill por su cuenta puede ser como navegar por un laberinto confuso.<\/p>\n<div class=\"embed-container\"><iframe src=\"https:\/\/www.youtube.com\/embed\/5UlwlYquOSY\" frameborder=\"0\" allowfullscreen=\"allowfullscreen\"><\/iframe><\/div>\n<p>La mayor\u00eda de las empresas tienen un seguro que cubre los gastos m\u00e9dicos y las prestaciones econ\u00f3micas relacionadas con una lesi\u00f3n laboral. Sin embargo, ni su empresa ni su compa\u00f1\u00eda de seguros quieren pagar y har\u00e1n lo posible por denegar su reclamaci\u00f3n.<\/p>\n<p>Por lo tanto, es importante obtener asesoramiento legal y llamar a un abogado lo antes posible despu\u00e9s de haberse lesionado en el trabajo.<\/p>\n<p>Los abogados de indemnizaci\u00f3n laboral de Florida 360 en Spring Hill est\u00e1n esperando su llamada para ayudarle con el proceso de reclamaci\u00f3n de indemnizaci\u00f3n laboral en Florida.<\/p>\n\t\t<div data-elementor-type=\"section\" data-elementor-id=\"208\" class=\"elementor elementor-208\" data-elementor-post-type=\"elementor_library\">\n\t\t\t\t\t<section class=\"elementor-section elementor-top-section elementor-element elementor-element-485e576a elementor-section-boxed elementor-section-height-default elementor-section-height-default\" data-id=\"485e576a\" data-element_type=\"section\" data-e-type=\"section\">\n\t\t\t\t\t\t<div class=\"elementor-container elementor-column-gap-default\">\n\t\t\t\t\t<div class=\"elementor-column elementor-col-100 elementor-top-column elementor-element elementor-element-635c38c0\" data-id=\"635c38c0\" data-element_type=\"column\" data-e-type=\"column\">\n\t\t\t<div class=\"elementor-widget-wrap elementor-element-populated\">\n\t\t\t\t\t\t<div class=\"elementor-element elementor-element-3ba95c8a elementor-toc--minimized-on-tablet elementor-widget elementor-widget-table-of-contents\" data-id=\"3ba95c8a\" data-element_type=\"widget\" data-e-type=\"widget\" data-settings=\"{&quot;exclude_headings_by_selector&quot;:&quot;.toc-remove&quot;,&quot;headings_by_tags&quot;:[&quot;h2&quot;,&quot;h3&quot;],&quot;marker_view&quot;:&quot;numbers&quot;,&quot;no_headings_message&quot;:&quot;No headings were found on this page.&quot;,&quot;minimize_box&quot;:&quot;yes&quot;,&quot;minimized_on&quot;:&quot;tablet&quot;,&quot;hierarchical_view&quot;:&quot;yes&quot;,&quot;min_height&quot;:{&quot;unit&quot;:&quot;px&quot;,&quot;size&quot;:&quot;&quot;,&quot;sizes&quot;:[]},&quot;min_height_tablet&quot;:{&quot;unit&quot;:&quot;px&quot;,&quot;size&quot;:&quot;&quot;,&quot;sizes&quot;:[]},&quot;min_height_mobile&quot;:{&quot;unit&quot;:&quot;px&quot;,&quot;size&quot;:&quot;&quot;,&quot;sizes&quot;:[]}}\" data-widget_type=\"table-of-contents.default\">\n\t\t\t\t\t\t\t\t\t<div class=\"elementor-toc__header\">\n\t\t\t\t\t\t<div class=\"elementor-toc__header-title\">\n\t\t\t\tTable of Contents\t\t\t<\/div>\n\t\t\t\t\t\t\t\t\t\t<div class=\"elementor-toc__toggle-button elementor-toc__toggle-button--expand\" role=\"button\" tabindex=\"0\" aria-controls=\"elementor-toc__3ba95c8a\" aria-expanded=\"true\" aria-label=\"Open table of contents\"><svg aria-hidden=\"true\" class=\"e-font-icon-svg e-fas-chevron-down\" viewBox=\"0 0 448 512\" xmlns=\"http:\/\/www.w3.org\/2000\/svg\"><path d=\"M207.029 381.476L12.686 187.132c-9.373-9.373-9.373-24.569 0-33.941l22.667-22.667c9.357-9.357 24.522-9.375 33.901-.04L224 284.505l154.745-154.021c9.379-9.335 24.544-9.317 33.901.04l22.667 22.667c9.373 9.373 9.373 24.569 0 33.941L240.971 381.476c-9.373 9.372-24.569 9.372-33.942 0z\"><\/path><\/svg><\/div>\n\t\t\t\t<div class=\"elementor-toc__toggle-button elementor-toc__toggle-button--collapse\" role=\"button\" tabindex=\"0\" aria-controls=\"elementor-toc__3ba95c8a\" aria-expanded=\"true\" aria-label=\"Close table of contents\"><svg aria-hidden=\"true\" class=\"e-font-icon-svg e-fas-chevron-up\" viewBox=\"0 0 448 512\" xmlns=\"http:\/\/www.w3.org\/2000\/svg\"><path d=\"M240.971 130.524l194.343 194.343c9.373 9.373 9.373 24.569 0 33.941l-22.667 22.667c-9.357 9.357-24.522 9.375-33.901.04L224 227.495 69.255 381.516c-9.379 9.335-24.544 9.317-33.901-.04l-22.667-22.667c-9.373-9.373-9.373-24.569 0-33.941L207.03 130.525c9.372-9.373 24.568-9.373 33.941-.001z\"><\/path><\/svg><\/div>\n\t\t\t\t\t<\/div>\n\t\t\t\t<div id=\"elementor-toc__3ba95c8a\" class=\"elementor-toc__body\">\n\t\t\t<div class=\"elementor-toc__spinner-container\">\n\t\t\t\t<svg class=\"elementor-toc__spinner eicon-animation-spin e-font-icon-svg e-eicon-loading\" aria-hidden=\"true\" viewBox=\"0 0 1000 1000\" xmlns=\"http:\/\/www.w3.org\/2000\/svg\"><path d=\"M500 975V858C696 858 858 696 858 500S696 142 500 142 142 304 142 500H25C25 237 238 25 500 25S975 237 975 500 763 975 500 975Z\"><\/path><\/svg>\t\t\t<\/div>\n\t\t<\/div>\n\t\t\t\t\t\t<\/div>\n\t\t\t\t\t<\/div>\n\t\t<\/div>\n\t\t\t\t\t<\/div>\n\t\t<\/section>\n\t\t\t\t<\/div>\n\t\t\n<h2>\u00bfC\u00f3mo s\u00e9 si mi lesi\u00f3n est\u00e1 cubierta por la indemnizaci\u00f3n por accidente laboral?<\/h2>\n<p>A diferencia de la mayor\u00eda de los tipos de casos de lesiones personales, usted no tiene que demostrar que su empleador fue negligente o culpable en la causa de su lesi\u00f3n.<\/p>\n<p>Incluso si usted fue total o parcialmente culpable del incidente que caus\u00f3 la lesi\u00f3n, su empleador es responsable de pagar los beneficios de compensaci\u00f3n de trabajadores a su.<\/p>\n<p>No obstante, la lesi\u00f3n debe cumplir los siguientes requisitos:<\/p>\n<ul>\n<li>La lesi\u00f3n debe haberse producido en el lugar de trabajo y no mientras ibas y ven\u00edas del trabajo.<\/li>\n<li>La lesi\u00f3n debe haberse producido mientras realizabas tareas que corresponden al \u00e1mbito normal de tu trabajo, tareas o actividades.<\/li>\n<li>En algunos casos, la indemnizaci\u00f3n por accidente de trabajo se abonar\u00e1 por lesiones ocurridas durante un desplazamiento por motivos de trabajo, por ejemplo en un veh\u00edculo de empresa.<\/li>\n<\/ul>\n<p>Si no est\u00e1 seguro de si su lesi\u00f3n est\u00e1 cubierta por la compensaci\u00f3n de los trabajadores, p\u00f3ngase en contacto con nuestros abogados especializados en compensaci\u00f3n de los trabajadores para que eval\u00faen su caso.<\/p>\n<p><a href=\"https:\/\/floridalawyers360.com\/wp-content\/uploads\/2024\/03\/spring-hill-claim-process1-copy.webp\"><img fetchpriority=\"high\" decoding=\"async\" class=\"alignnone size-full wp-image-4656\" src=\"https:\/\/floridalawyers360.com\/wp-content\/uploads\/2024\/03\/spring-hill-claim-process1-copy.webp\" alt=\"File your claim by reporting the accident\" width=\"500\" height=\"334\" srcset=\"https:\/\/floridalawyers360.com\/wp-content\/uploads\/2024\/03\/spring-hill-claim-process1-copy.webp 500w, https:\/\/floridalawyers360.com\/wp-content\/uploads\/2024\/03\/spring-hill-claim-process1-copy-300x200.webp 300w\" sizes=\"(max-width: 500px) 100vw, 500px\" \/><\/a><\/p>\n<h2>\u00bfCu\u00e1nto Tiempo Tengo Para Reclamar Compensaci\u00f3n Laboral en Spring Hill, Florida?<\/h2>\n<p>Usted tiene 30 d\u00edas a partir de la fecha en que se lesion\u00f3 para reportar la lesi\u00f3n a su empleador. Sin embargo, es altamente recomendable reportar la lesi\u00f3n tan pronto como sea posible en vez de esperar. Si espera, puede perder beneficios por cada d\u00eda que no reporte la lesi\u00f3n.<\/p>\n<p>Si no avisa a tiempo, la empresa o la compa\u00f1\u00eda de seguros tienen derecho a denegarle la indemnizaci\u00f3n.<\/p>\n<p>Eso significa que no te indemnizar\u00e1n por la atenci\u00f3n m\u00e9dica ni recibir\u00e1s ninguna prestaci\u00f3n mientras te recuperas de la lesi\u00f3n y no puedes trabajar.<\/p>\n<h2>\u00bfC\u00f3mo presento una reclamaci\u00f3n de compensaci\u00f3n laboral en Spring Hill?<\/h2>\n<p>Usted no tiene que presentar un reclamo de compensaci\u00f3n al trabajador en Florida y su empleador es responsable de reportar la lesi\u00f3n dentro de 7 d\u00edas y reclamar a su proveedor de seguros. Todo lo que usted tiene que hacer es reportar la lesi\u00f3n a su empleador para comenzar el proceso.<\/p>\n<p>Deber\u00e1 recibir un \u00abPrimer informe de lesi\u00f3n o enfermedad\u00bb poco despu\u00e9s de que su empresa lo haya comunicado a su compa\u00f1\u00eda de seguros. Si aprueban la solicitud, deber\u00eda empezar a recibir las prestaciones en un plazo de dos semanas a partir de la recepci\u00f3n del primer informe de la aseguradora.<\/p>\n<p>Sin embargo, si le deniegan la solicitud, debe seguir un proceso para recurrir la decisi\u00f3n.<\/p>\n<p>En primer lugar, Florida requiere que usted haga un esfuerzo de buena fe para resolver el problema con su empleador y \/ o su compa\u00f1\u00eda de seguros y obtener su reclamo aprobado o llegar a un entendimiento acerca de por qu\u00e9 su reclamo fue negado.<\/p>\n<p>Se recomienda ponerse en contacto con los abogados de indemnizaci\u00f3n por accidente laboral de Florida 360 para que le ayuden a resolver la disputa.<\/p>\n<p>Si no consigue resolver la disputa, tendr\u00e1 que rellenar una petici\u00f3n que describa la naturaleza del incidente que caus\u00f3 su lesi\u00f3n, las lesiones que sufri\u00f3, cualquier tratamiento que haya recibido, as\u00ed como las prestaciones m\u00e9dicas y de ingresos que se le deben.<\/p>\n<p>La petici\u00f3n debe ser presentada ante la Oficina de los Jueces de Reclamaciones de Compensaci\u00f3n (OJCC) y notificada a su empleador y \/ o su proveedor de seguros.<\/p>\n<p>Una vez m\u00e1s, se recomienda que un abogado le ayude a rellenar, presentar y notificar la petici\u00f3n en lugar de hacerlo usted mismo. Incluso un error en la petici\u00f3n podr\u00eda significar que sea desestimada y usted tendr\u00e1 que comenzar todo el proceso de nuevo.<\/p>\n<p>Tenga en cuenta que s\u00f3lo dispone de dos a\u00f1os a partir de la fecha en que se lesion\u00f3 para presentar la petici\u00f3n.<\/p>\n<p>Lo m\u00e1s probable es que su caso sea enviado a mediaci\u00f3n. La mediaci\u00f3n es un proceso para resolver la disputa y llegar a un acuerdo entre el empleador y el empleado a trav\u00e9s de un tercero.<\/p>\n<p>Si la mediaci\u00f3n fracasa, su caso pasar\u00e1 a la fase de instrucci\u00f3n y luego al juicio final, donde un Juez de Reclamaciones de Indemnizaci\u00f3n tomar\u00e1 una decisi\u00f3n.<\/p>\n<p>Si la decisi\u00f3n no es a su favor, tiene derecho a apelar ante el Tribunal de Apelaci\u00f3n del Primer Distrito. Debe presentar su recurso en un plazo de 30 d\u00edas a partir de la decisi\u00f3n del Juez de Reclamaciones de Indemnizaci\u00f3n (JCC).<\/p>\n<p>Si no cumple este plazo, se mantendr\u00e1 la decisi\u00f3n del CMC.<\/p>\n<p>Tiene derecho a representaci\u00f3n letrada durante todo el proceso previo al juicio y el juicio final. Tambi\u00e9n tiene derecho a ser representado por un abogado ante el Tribunal de Apelaci\u00f3n del Primer Distrito.<\/p>\n<p><a href=\"https:\/\/floridalawyers360.com\/wp-content\/uploads\/2024\/03\/spring-hill-claim-process2-copy.webp\"><img decoding=\"async\" class=\"alignnone size-full wp-image-4654\" src=\"https:\/\/floridalawyers360.com\/wp-content\/uploads\/2024\/03\/spring-hill-claim-process2-copy.webp\" alt=\"Talk to a lawyer for help with the claim process\" width=\"500\" height=\"334\" srcset=\"https:\/\/floridalawyers360.com\/wp-content\/uploads\/2024\/03\/spring-hill-claim-process2-copy.webp 500w, https:\/\/floridalawyers360.com\/wp-content\/uploads\/2024\/03\/spring-hill-claim-process2-copy-300x200.webp 300w\" sizes=\"(max-width: 500px) 100vw, 500px\" \/><\/a><\/p>\n<h2>Contacte a Nuestros Abogados Expertos Hoy Sobre el Proceso de Reclamo de Compensaci\u00f3n Laboral en Spring Hill<\/h2>\n<p>Los abogados de compensaci\u00f3n laboral de Florida 360 tienen la experiencia para navegar el proceso de reclamo de compensaci\u00f3n laboral en Spring Hill para asegurar que usted reciba los beneficios que le corresponden despu\u00e9s de lesionarse en el trabajo.<\/p>\n<p>Sabemos c\u00f3mo tratar con las compa\u00f1\u00edas de seguros y su equipo legal para mejorar sus posibilidades de obtener su reclamo concedido.<\/p>\n<p>El proceso de reclamo de compensaci\u00f3n laboral en Spring Hill puede ser complejo y complicado. Si usted no est\u00e1 familiarizado con \u00e9l, entonces es m\u00e1s que probable que su reclamo sea negado.<\/p>\n<p>Recuerde que su empleador y su compa\u00f1\u00eda de seguros har\u00e1n todo lo posible para evitar pagar costosos gastos m\u00e9dicos y beneficios de ingresos mientras usted no puede trabajar.<\/p>\n<p>P\u00f3ngase en contacto con la Coalici\u00f3n de Abogados de Compensaci\u00f3n Laboral de Florida en Spring Hill hoy mismo si est\u00e1 a punto de iniciar el proceso de denuncia de una lesi\u00f3n relacionada con el trabajo o si su reclamaci\u00f3n fue denegada por cualquier motivo.<\/p>\n<p>Le ayudaremos a resolver la disputa y le proporcionaremos representaci\u00f3n legal experta a trav\u00e9s de los procesos de mediaci\u00f3n, antes del juicio, juicio final y apelaci\u00f3n.<\/p>\n","protected":false},"excerpt":{"rendered":"<p>Si se ha lesionado en el trabajo, tiene derecho a reclamar a su empresa una indemnizaci\u00f3n por accidente laboral. El objetivo es indemnizarle o cubrir el coste de los tratamientos m\u00e9dicos que necesite. La empresa tambi\u00e9n est\u00e1 obligada por ley a pagarle una renta mientras se recupera y no puede trabajar. Tratar de descifrar el [&hellip;]<\/p>\n","protected":false},"author":22,"featured_media":0,"parent":6018,"menu_order":0,"comment_status":"closed","ping_status":"closed","template":"","meta":{"_acf_changed":false,"anchor_text":"","footnotes":""},"categories":[],"tags":[],"class_list":["post-6038","page","type-page","status-publish","hentry"],"acf":[],"_links":{"self":[{"href":"https:\/\/floridalawyers360.com\/es\/wp-json\/wp\/v2\/pages\/6038","targetHints":{"allow":["GET"]}}],"collection":[{"href":"https:\/\/floridalawyers360.com\/es\/wp-json\/wp\/v2\/pages"}],"about":[{"href":"https:\/\/floridalawyers360.com\/es\/wp-json\/wp\/v2\/types\/page"}],"author":[{"embeddable":true,"href":"https:\/\/floridalawyers360.com\/es\/wp-json\/wp\/v2\/users\/22"}],"replies":[{"embeddable":true,"href":"https:\/\/floridalawyers360.com\/es\/wp-json\/wp\/v2\/comments?post=6038"}],"version-history":[{"count":3,"href":"https:\/\/floridalawyers360.com\/es\/wp-json\/wp\/v2\/pages\/6038\/revisions"}],"predecessor-version":[{"id":6258,"href":"https:\/\/floridalawyers360.com\/es\/wp-json\/wp\/v2\/pages\/6038\/revisions\/6258"}],"up":[{"embeddable":true,"href":"https:\/\/floridalawyers360.com\/es\/wp-json\/wp\/v2\/pages\/6018"}],"wp:attachment":[{"href":"https:\/\/floridalawyers360.com\/es\/wp-json\/wp\/v2\/media?parent=6038"}],"wp:term":[{"taxonomy":"category","embeddable":true,"href":"https:\/\/floridalawyers360.com\/es\/wp-json\/wp\/v2\/categories?post=6038"},{"taxonomy":"post_tag","embeddable":true,"href":"https:\/\/floridalawyers360.com\/es\/wp-json\/wp\/v2\/tags?post=6038"}],"curies":[{"name":"wp","href":"https:\/\/api.w.org\/{rel}","templated":true}]}}