{"id":6035,"date":"2024-02-14T10:20:12","date_gmt":"2024-02-14T15:20:12","guid":{"rendered":"https:\/\/floridalawyers360.com\/spring-hill\/workers-compensation-benefits-in-spring-hill-fl\/"},"modified":"2024-03-20T00:46:12","modified_gmt":"2024-03-20T05:46:12","slug":"beneficios-de-compensacion-laboral-en-spring-hill","status":"publish","type":"page","link":"https:\/\/floridalawyers360.com\/es\/spring-hill\/beneficios-de-compensacion-laboral-en-spring-hill\/","title":{"rendered":"Beneficios de Compensaci\u00f3n Laboral en Spring Hill"},"content":{"rendered":"<p>Todos los d\u00edas corremos el riesgo de sufrir lesiones por accidente. Algunos de estos pueden ser peque\u00f1os, no resultando en lesiones graves.<\/p>\n<p>Pero si un trabajador tropieza y se rompe una pierna o sufre lesiones en la espalda mientras realiza sus tareas laborales, es seguro que se desencadenar\u00e1 el proceso de solicitud de prestaciones de compensaci\u00f3n para trabajadores en Spring Hill.<\/p>\n<p>A trav\u00e9s de este proceso, el trabajador lesionado busca recuperar la indemnizaci\u00f3n y los beneficios m\u00e9dicos por su lesi\u00f3n en el lugar de trabajo.<\/p>\n<div class=\"embed-container\"><iframe src=\"https:\/\/www.youtube.com\/embed\/ld6ZYXx4uoc\" frameborder=\"0\" allowfullscreen=\"allowfullscreen\"><\/iframe><\/div>\n<p>La compensaci\u00f3n de los trabajadores, tambi\u00e9n conocida como compensaci\u00f3n de los trabajadores, es un programa legal que cubre los gastos en los que incurre un empleado debido a una lesi\u00f3n o enfermedad relacionada con el trabajo.<\/p>\n<p>Para tener derecho a las prestaciones de compensaci\u00f3n de los trabajadores, usted debe ser un empleado, debe sufrir una lesi\u00f3n o enfermedad profesional relacionada con el trabajo, su empresa debe tener un seguro de compensaci\u00f3n de los trabajadores y usted debe cumplir los plazos de Florida para informar y presentar su reclamaci\u00f3n.<\/p>\n<p>Si marca todas estas casillas, tiene derecho a recibir prestaciones m\u00e9dicas y de indemnizaci\u00f3n por su lesi\u00f3n laboral. A la hora de presentar su reclamaci\u00f3n, es importante que hable con un abogado experto en compensaci\u00f3n laboral para conocer las prestaciones a las que tiene derecho.<\/p>\n<p>En la Coalici\u00f3n de Abogados de Compensaci\u00f3n de Trabajadores de Florida, nuestros abogados entienden el proceso de reclamaciones y pueden ayudarle a maximizar sus beneficios de compensaci\u00f3n de trabajadores.<\/p>\n<p>Ll\u00e1menos hoy al <a href=\"tel:+19544487355\"><i class=\"fa fa-phone-alt\"><\/i>954-448-7355<\/a> o llene nuestro formulario en l\u00ednea para programar una evaluaci\u00f3n gratuita de su caso.<\/p>\n\t\t<div data-elementor-type=\"section\" data-elementor-id=\"208\" class=\"elementor elementor-208\" data-elementor-post-type=\"elementor_library\">\n\t\t\t\t\t<section class=\"elementor-section elementor-top-section elementor-element elementor-element-485e576a elementor-section-boxed elementor-section-height-default elementor-section-height-default\" data-id=\"485e576a\" data-element_type=\"section\" data-e-type=\"section\">\n\t\t\t\t\t\t<div class=\"elementor-container elementor-column-gap-default\">\n\t\t\t\t\t<div class=\"elementor-column elementor-col-100 elementor-top-column elementor-element elementor-element-635c38c0\" data-id=\"635c38c0\" data-element_type=\"column\" data-e-type=\"column\">\n\t\t\t<div class=\"elementor-widget-wrap elementor-element-populated\">\n\t\t\t\t\t\t<div class=\"elementor-element elementor-element-3ba95c8a elementor-toc--minimized-on-tablet elementor-widget elementor-widget-table-of-contents\" data-id=\"3ba95c8a\" data-element_type=\"widget\" data-e-type=\"widget\" data-settings=\"{&quot;exclude_headings_by_selector&quot;:&quot;.toc-remove&quot;,&quot;headings_by_tags&quot;:[&quot;h2&quot;,&quot;h3&quot;],&quot;marker_view&quot;:&quot;numbers&quot;,&quot;no_headings_message&quot;:&quot;No headings were found on this page.&quot;,&quot;minimize_box&quot;:&quot;yes&quot;,&quot;minimized_on&quot;:&quot;tablet&quot;,&quot;hierarchical_view&quot;:&quot;yes&quot;,&quot;min_height&quot;:{&quot;unit&quot;:&quot;px&quot;,&quot;size&quot;:&quot;&quot;,&quot;sizes&quot;:[]},&quot;min_height_tablet&quot;:{&quot;unit&quot;:&quot;px&quot;,&quot;size&quot;:&quot;&quot;,&quot;sizes&quot;:[]},&quot;min_height_mobile&quot;:{&quot;unit&quot;:&quot;px&quot;,&quot;size&quot;:&quot;&quot;,&quot;sizes&quot;:[]}}\" data-widget_type=\"table-of-contents.default\">\n\t\t\t\t\t\t\t\t\t<div class=\"elementor-toc__header\">\n\t\t\t\t\t\t<div class=\"elementor-toc__header-title\">\n\t\t\t\tTable of Contents\t\t\t<\/div>\n\t\t\t\t\t\t\t\t\t\t<div class=\"elementor-toc__toggle-button elementor-toc__toggle-button--expand\" role=\"button\" tabindex=\"0\" aria-controls=\"elementor-toc__3ba95c8a\" aria-expanded=\"true\" aria-label=\"Open table of contents\"><svg aria-hidden=\"true\" class=\"e-font-icon-svg e-fas-chevron-down\" viewBox=\"0 0 448 512\" xmlns=\"http:\/\/www.w3.org\/2000\/svg\"><path d=\"M207.029 381.476L12.686 187.132c-9.373-9.373-9.373-24.569 0-33.941l22.667-22.667c9.357-9.357 24.522-9.375 33.901-.04L224 284.505l154.745-154.021c9.379-9.335 24.544-9.317 33.901.04l22.667 22.667c9.373 9.373 9.373 24.569 0 33.941L240.971 381.476c-9.373 9.372-24.569 9.372-33.942 0z\"><\/path><\/svg><\/div>\n\t\t\t\t<div class=\"elementor-toc__toggle-button elementor-toc__toggle-button--collapse\" role=\"button\" tabindex=\"0\" aria-controls=\"elementor-toc__3ba95c8a\" aria-expanded=\"true\" aria-label=\"Close table of contents\"><svg aria-hidden=\"true\" class=\"e-font-icon-svg e-fas-chevron-up\" viewBox=\"0 0 448 512\" xmlns=\"http:\/\/www.w3.org\/2000\/svg\"><path d=\"M240.971 130.524l194.343 194.343c9.373 9.373 9.373 24.569 0 33.941l-22.667 22.667c-9.357 9.357-24.522 9.375-33.901.04L224 227.495 69.255 381.516c-9.379 9.335-24.544 9.317-33.901-.04l-22.667-22.667c-9.373-9.373-9.373-24.569 0-33.941L207.03 130.525c9.372-9.373 24.568-9.373 33.941-.001z\"><\/path><\/svg><\/div>\n\t\t\t\t\t<\/div>\n\t\t\t\t<div id=\"elementor-toc__3ba95c8a\" class=\"elementor-toc__body\">\n\t\t\t<div class=\"elementor-toc__spinner-container\">\n\t\t\t\t<svg class=\"elementor-toc__spinner eicon-animation-spin e-font-icon-svg e-eicon-loading\" aria-hidden=\"true\" viewBox=\"0 0 1000 1000\" xmlns=\"http:\/\/www.w3.org\/2000\/svg\"><path d=\"M500 975V858C696 858 858 696 858 500S696 142 500 142 142 304 142 500H25C25 237 238 25 500 25S975 237 975 500 763 975 500 975Z\"><\/path><\/svg>\t\t\t<\/div>\n\t\t<\/div>\n\t\t\t\t\t\t<\/div>\n\t\t\t\t\t<\/div>\n\t\t<\/div>\n\t\t\t\t\t<\/div>\n\t\t<\/section>\n\t\t\t\t<\/div>\n\t\t\n<h2>\u00bfCu\u00e1les son los l\u00edmites de ingresos de la compensaci\u00f3n de trabajadores de Florida?<\/h2>\n<p>La compensaci\u00f3n de los trabajadores es obligatoria y las normas que la rigen var\u00edan de un estado a otro. Algunas de estas normas regulan las prestaciones m\u00e1ximas que puede recibir un trabajador lesionado.<\/p>\n<p>En Florida, el m\u00e1ximo de beneficios por incapacidad temporal que puede recibir a partir de 2021 es de $1,011 por semana, siendo el m\u00ednimo legal de $20 por semana.<\/p>\n<p>En el caso de las prestaciones por fallecimiento, la cuant\u00eda depender\u00e1 del n\u00famero de dependientes que haya, pero no puede superar los 2\/3 del salario medio semanal del trabajador ni 150.000 d\u00f3lares en total. La cuant\u00eda percibida en concepto de gastos de sepelio y entierro no puede superar los 7.500 d\u00f3lares.<\/p>\n<p><a href=\"https:\/\/floridalawyers360.com\/wp-content\/uploads\/2024\/03\/spring-hill-wc-benefits1-copy.webp\"><img fetchpriority=\"high\" decoding=\"async\" class=\"alignnone size-full wp-image-4621\" src=\"https:\/\/floridalawyers360.com\/wp-content\/uploads\/2024\/03\/spring-hill-wc-benefits1-copy.webp\" alt=\"Spring Hill workers' compensation benefits lawyer\" width=\"500\" height=\"334\" srcset=\"https:\/\/floridalawyers360.com\/wp-content\/uploads\/2024\/03\/spring-hill-wc-benefits1-copy.webp 500w, https:\/\/floridalawyers360.com\/wp-content\/uploads\/2024\/03\/spring-hill-wc-benefits1-copy-300x200.webp 300w\" sizes=\"(max-width: 500px) 100vw, 500px\" \/><\/a><\/p>\n<h2>\u00bfCu\u00e1les son los Tipos de Beneficios de Compensaci\u00f3n al Trabajador en Spring Hill?<\/h2>\n<p>Si usted ha sido lesionado mientras estaba en su trabajo, hay varios beneficios a los que usted puede tener derecho. Usted puede calificar para beneficios de indemnizaci\u00f3n si usted no est\u00e1 en condiciones de trabajar por m\u00e1s de siete d\u00edas debido a su lesi\u00f3n.<\/p>\n<p>En tales casos, se le indemnizar\u00e1 en parte por los salarios perdidos. Si ha incurrido en gastos m\u00e9dicos tras el tratamiento y la rehabilitaci\u00f3n laboral debidos a su lesi\u00f3n, tambi\u00e9n puede tener derecho a prestaciones m\u00e9dicas.<\/p>\n<p>Los trabajadores de Spring Hill lesionados en el trabajo pueden tener derecho a cualquiera de las siguientes prestaciones de compensaci\u00f3n laboral:<\/p>\n<h3>Beneficios por Incapacidad Total Temporal en Florida Workers&#8217; Comp (TTD)<\/h3>\n<p>Generalmente, usted puede recibir beneficios de TTD si usted no puede trabajar debido a su lesi\u00f3n en el lugar de trabajo o enfermedad profesional y el m\u00e9dico dice que usted no est\u00e1 en condiciones de volver a trabajar. El pago de estas prestaciones finaliza cuando se ha recuperado o el m\u00e9dico decide que no se recuperar\u00e1 totalmente.<\/p>\n<p>Estas prestaciones suelen ser 2\/3 de su salario medio habitual antes de la lesi\u00f3n. En Florida, estas prestaciones no pueden superar los 1.011 d\u00f3lares semanales. Usted no recibe estos beneficios durante los primeros siete d\u00edas consecutivos de incapacidad, a menos que su lesi\u00f3n lo mantenga fuera del trabajo por m\u00e1s de 21 d\u00edas.<\/p>\n<p>En el caso de lesiones graves como par\u00e1lisis y ceguera, estas prestaciones pueden llegar hasta el 80% de su salario anterior a la lesi\u00f3n durante los seis primeros meses, sin que exista un m\u00e1ximo legal.<\/p>\n<p>B\u00e1sicamente, seguir\u00e1 percibiendo prestaciones por incapacidad total temporal hasta que se produzca el primero de estos hechos:<\/p>\n<ul>\n<li>Su m\u00e9dico apruebe su reincorporaci\u00f3n al trabajo<\/li>\n<li>Su m\u00e9dico diga que no puede recuperarse totalmente, ni siquiera con tratamiento m\u00e9dico adicional (una fase conocida com\u00fanmente como \u00abmejor\u00eda m\u00e9dica m\u00e1xima\u00bb o MMI)<\/li>\n<li>Ha alcanzado la cuant\u00eda o el tiempo m\u00e1ximos legales para percibir prestaciones por incapacidad temporal.<\/li>\n<\/ul>\n<p>&nbsp;<\/p>\n<p>Seg\u00fan el art\u00edculo 440.14 de los Estatutos de Florida, los trabajadores con incapacidad temporal no pueden recibir prestaciones por TTD durante m\u00e1s de dos a\u00f1os (104 semanas). Sin embargo, este l\u00edmite no se aplica a alguien que no ha alcanzado la MMI y todav\u00eda est\u00e1 totalmente incapacitado.<\/p>\n<p>Para estos trabajadores, se aplicar\u00e1 el l\u00edmite anterior de 260 semanas.<\/p>\n<p><a href=\"https:\/\/floridalawyers360.com\/wp-content\/uploads\/2024\/03\/spring-hill-wc-benefits2-copy.webp\"><img decoding=\"async\" class=\"alignnone size-full wp-image-4623\" src=\"https:\/\/floridalawyers360.com\/wp-content\/uploads\/2024\/03\/spring-hill-wc-benefits2-copy.webp\" alt=\"Prestaciones por accidentes laborales\" width=\"500\" height=\"334\" srcset=\"https:\/\/floridalawyers360.com\/wp-content\/uploads\/2024\/03\/spring-hill-wc-benefits2-copy.webp 500w, https:\/\/floridalawyers360.com\/wp-content\/uploads\/2024\/03\/spring-hill-wc-benefits2-copy-300x200.webp 300w\" sizes=\"(max-width: 500px) 100vw, 500px\" \/><\/a><\/p>\n<h3>Beneficios por Incapacidad Parcial Temporal en Florida Workers&#8217; Comp (TPD)<\/h3>\n<p>Los trabajadores lesionados que regresan al trabajo en un papel limitado, por ejemplo, para hacer el trabajo ligero, pero no han llegado a MMI y est\u00e1n ganando menos de su salario semanal antes de la lesi\u00f3n est\u00e1n en l\u00ednea para los beneficios por incapacidad parcial temporal.<\/p>\n<p>Estas prestaciones ascienden al 80 % de la diferencia entre el salario actual y el 80 % del salario anterior a la lesi\u00f3n. Supongamos que ganaba 500 d\u00f3lares semanales y ahora gana 200 d\u00f3lares. Restar\u00eda 200 $ del 80 % de 500 (400 $) para obtener 200 $.<\/p>\n<p>Las prestaciones de TPD ser\u00edan entonces el 80 % de 200 $, lo que equivale a 160 $ semanales.<\/p>\n<h3>Beneficios de Incapacidad Parcial Permanente en Florida Workers&#8217; Comp (PPD)<\/h3>\n<p>\u00bfSi usted ha recibido tratamiento y ha alcanzado MMI, o a 6 semanas antes de que sus beneficios de TTD expiren y no ha alcanzado MMI? Su m\u00e9dico lo evaluar\u00e1.<\/p>\n<p>Su m\u00e9dico le evaluar\u00e1 para determinar si sufre alguna p\u00e9rdida funcional o cualquier otro problema duradero debido a su lesi\u00f3n laboral (lo que suele denominarse \u00abincapacidad\u00bb).<\/p>\n<p>A continuaci\u00f3n, su m\u00e9dico le asignar\u00e1 un grado de incapacidad, que se utilizar\u00e1 para calcular sus prestaciones PPD y determinar su duraci\u00f3n de acuerdo con la legislaci\u00f3n de Florida.<\/p>\n<p>Normalmente, estas prestaciones ser\u00e1n el 75% de su tarifa TTD hasta un m\u00e1ximo legal. Sin embargo, estos beneficios se reducir\u00e1n a la mitad si usted est\u00e1 ganando al menos tanto como lo hac\u00eda antes de la lesi\u00f3n.<\/p>\n<h3>Beneficios por Incapacidad Total Permanente en Florida Workers&#8217; Comp (PTD)<\/h3>\n<p>Si usted nunca puede volver a trabajar o trabajar en cualquier otra industria, usted est\u00e1 listo para recibir beneficios por incapacidad total permanente o PTD.<\/p>\n<p>Usted comienza a recibir estos beneficios despu\u00e9s de llegar a MMI y sus m\u00e9dicos determinan que sus lesiones son tan importantes que es posible que nunca pueda volver a trabajar.<\/p>\n<p>Estas prestaciones se pagan a raz\u00f3n de 2\/3 de su salario anterior a la lesi\u00f3n y se prolongan hasta los 75 a\u00f1os (tambi\u00e9n pueden ser vitalicias si no recibe prestaciones de la Seguridad Social).<\/p>\n<h2>\u00bfC\u00f3mo se calculan los beneficios de compensaci\u00f3n al trabajador en Spring Hill?<\/h2>\n<p>Cada tipo de beneficio de compensaci\u00f3n al trabajador ser\u00e1 calculado de manera diferente, y cada uno ser\u00e1 gobernado por un m\u00e1ximo y m\u00ednimo del estado. Los porcentajes y f\u00f3rmulas para calcular los beneficios de compensaci\u00f3n al trabajador en Florida han sido resaltados y explicados anteriormente.<\/p>\n<p>Tambi\u00e9n es importante que hable con un abogado de compensaci\u00f3n al trabajador para entender los beneficios que se acumulan y c\u00f3mo ser\u00e1n calculados.<\/p>\n<p>\u00bfEst\u00e1n gravados los beneficios de compensaci\u00f3n al trabajador de Spring Hill?<\/p>\n<p>Normalmente, la mayor\u00eda de los beneficios de compensaci\u00f3n al trabajador est\u00e1n libres de impuestos. Sin embargo, si usted todav\u00eda est\u00e1 ganando haciendo trabajo liviano, es importante que hable con su abogado para averiguar si estas ganancias est\u00e1n sujetas a impuestos.<\/p>\n<p><a href=\"https:\/\/floridalawyers360.com\/wp-content\/uploads\/2024\/03\/spring-hill-wc-benefits3-copy.webp\"><img decoding=\"async\" class=\"alignnone size-full wp-image-4625\" src=\"https:\/\/floridalawyers360.com\/wp-content\/uploads\/2024\/03\/spring-hill-wc-benefits3-copy.webp\" alt=\"Hire our Spring Hill workers' comp lawyers for your workers' compensation benefits\" width=\"500\" height=\"334\" srcset=\"https:\/\/floridalawyers360.com\/wp-content\/uploads\/2024\/03\/spring-hill-wc-benefits3-copy.webp 500w, https:\/\/floridalawyers360.com\/wp-content\/uploads\/2024\/03\/spring-hill-wc-benefits3-copy-300x200.webp 300w\" sizes=\"(max-width: 500px) 100vw, 500px\" \/><\/a><\/p>\n<h2>Perm\u00edtanos ayudarle con sus beneficios de compensaci\u00f3n laboral en Spring Hill<\/h2>\n<p>Dependiendo de su lesi\u00f3n y proceso de recuperaci\u00f3n, usted puede ser elegible para varios tipos de beneficios de compensaci\u00f3n al trabajador. Estos beneficios est\u00e1n destinados a cubrir sus gastos m\u00e9dicos e indemnizarlo por los salarios perdidos.<\/p>\n<p>Discutir su caso con un abogado con experiencia en compensaci\u00f3n de trabajadores puede ayudarle a determinar los beneficios que usted puede recibir as\u00ed como la duraci\u00f3n que estos beneficios tendr\u00e1n.<\/p>\n<p>Si usted ha sido lesionado mientras trabajaba en Spring Hill, Florida, usted puede estar en l\u00ednea para recibir varios beneficios de compensaci\u00f3n al trabajador. Comun\u00edquese con nosotros hoy mismo en la Coalici\u00f3n de Abogados de Compensaci\u00f3n Laboral de Florida para averiguar los beneficios a los que tiene derecho.<\/p>\n<p>Ll\u00e1menos al <a href=\"tel:+19544487355\"><i class=\"fa fa-phone-alt\"><\/i>954-448-7355<\/a> o llene nuestro formulario en l\u00ednea para programar una evaluaci\u00f3n gratuita de su caso con uno de nuestros abogados de compensaci\u00f3n laboral de Spring Hill.<\/p>\n","protected":false},"excerpt":{"rendered":"<p>Todos los d\u00edas corremos el riesgo de sufrir lesiones por accidente. Algunos de estos pueden ser peque\u00f1os, no resultando en lesiones graves. Pero si un trabajador tropieza y se rompe una pierna o sufre lesiones en la espalda mientras realiza sus tareas laborales, es seguro que se desencadenar\u00e1 el proceso de solicitud de prestaciones de [&hellip;]<\/p>\n","protected":false},"author":22,"featured_media":0,"parent":6018,"menu_order":0,"comment_status":"closed","ping_status":"closed","template":"","meta":{"_acf_changed":false,"anchor_text":"","footnotes":""},"categories":[],"tags":[],"class_list":["post-6035","page","type-page","status-publish","hentry"],"acf":[],"_links":{"self":[{"href":"https:\/\/floridalawyers360.com\/es\/wp-json\/wp\/v2\/pages\/6035","targetHints":{"allow":["GET"]}}],"collection":[{"href":"https:\/\/floridalawyers360.com\/es\/wp-json\/wp\/v2\/pages"}],"about":[{"href":"https:\/\/floridalawyers360.com\/es\/wp-json\/wp\/v2\/types\/page"}],"author":[{"embeddable":true,"href":"https:\/\/floridalawyers360.com\/es\/wp-json\/wp\/v2\/users\/22"}],"replies":[{"embeddable":true,"href":"https:\/\/floridalawyers360.com\/es\/wp-json\/wp\/v2\/comments?post=6035"}],"version-history":[{"count":3,"href":"https:\/\/floridalawyers360.com\/es\/wp-json\/wp\/v2\/pages\/6035\/revisions"}],"predecessor-version":[{"id":6256,"href":"https:\/\/floridalawyers360.com\/es\/wp-json\/wp\/v2\/pages\/6035\/revisions\/6256"}],"up":[{"embeddable":true,"href":"https:\/\/floridalawyers360.com\/es\/wp-json\/wp\/v2\/pages\/6018"}],"wp:attachment":[{"href":"https:\/\/floridalawyers360.com\/es\/wp-json\/wp\/v2\/media?parent=6035"}],"wp:term":[{"taxonomy":"category","embeddable":true,"href":"https:\/\/floridalawyers360.com\/es\/wp-json\/wp\/v2\/categories?post=6035"},{"taxonomy":"post_tag","embeddable":true,"href":"https:\/\/floridalawyers360.com\/es\/wp-json\/wp\/v2\/tags?post=6035"}],"curies":[{"name":"wp","href":"https:\/\/api.w.org\/{rel}","templated":true}]}}