{"id":6032,"date":"2024-02-14T10:19:25","date_gmt":"2024-02-14T15:19:25","guid":{"rendered":"https:\/\/floridalawyers360.com\/spring-hill\/spring-hill-workers-compensation-lawyer\/"},"modified":"2024-03-20T00:45:31","modified_gmt":"2024-03-20T05:45:31","slug":"abogado-de-compensacion-de-trabajadores-de-spring-hill","status":"publish","type":"page","link":"https:\/\/floridalawyers360.com\/es\/spring-hill\/abogado-de-compensacion-de-trabajadores-de-spring-hill\/","title":{"rendered":"Abogado de Compensaci\u00f3n de Trabajadores de Spring Hill"},"content":{"rendered":"<p>Seg\u00fan la legislaci\u00f3n del estado de Florida, si usted se lesiona en el trabajo, o si contrae alguna enfermedad o dolencia, estar\u00e1 cubierto por el seguro de Indemnizaci\u00f3n por Accidentes Laborales.<\/p>\n<p>Este sistema cubrir\u00e1 incluso a alguien en caso de fallecimiento y se trata de un seguro sin culpa, lo que significa que no es necesario demostrar negligencia por parte del empresario para que usted pueda cobrar una indemnizaci\u00f3n.<\/p>\n<p>Sin embargo, a veces las cosas se complican y es posible que tenga que pelearse con la empresa para presentar la reclamaci\u00f3n. Cuando esto ocurra, puede ponerse en contacto con los abogados expertos en indemnizaci\u00f3n laboral de Spring Hill de Florida Lawyers 360.<\/p>\n<p>Llame <a href=\"tel:+19544487355\"><i class=\"fa fa-phone-alt\"><\/i>954-448-7355<\/a> hoy para una consulta gratuita con nuestros abogados de lesiones personales.<\/p>\n\t\t<div data-elementor-type=\"section\" data-elementor-id=\"208\" class=\"elementor elementor-208\" data-elementor-post-type=\"elementor_library\">\n\t\t\t\t\t<section class=\"elementor-section elementor-top-section elementor-element elementor-element-485e576a elementor-section-boxed elementor-section-height-default elementor-section-height-default\" data-id=\"485e576a\" data-element_type=\"section\" data-e-type=\"section\">\n\t\t\t\t\t\t<div class=\"elementor-container elementor-column-gap-default\">\n\t\t\t\t\t<div class=\"elementor-column elementor-col-100 elementor-top-column elementor-element elementor-element-635c38c0\" data-id=\"635c38c0\" data-element_type=\"column\" data-e-type=\"column\">\n\t\t\t<div class=\"elementor-widget-wrap elementor-element-populated\">\n\t\t\t\t\t\t<div class=\"elementor-element elementor-element-3ba95c8a elementor-toc--minimized-on-tablet elementor-widget elementor-widget-table-of-contents\" data-id=\"3ba95c8a\" data-element_type=\"widget\" data-e-type=\"widget\" data-settings=\"{&quot;exclude_headings_by_selector&quot;:&quot;.toc-remove&quot;,&quot;headings_by_tags&quot;:[&quot;h2&quot;,&quot;h3&quot;],&quot;marker_view&quot;:&quot;numbers&quot;,&quot;no_headings_message&quot;:&quot;No se ha encontrado ning\\u00fan encabezado en esta p\\u00e1gina.&quot;,&quot;minimize_box&quot;:&quot;yes&quot;,&quot;minimized_on&quot;:&quot;tablet&quot;,&quot;hierarchical_view&quot;:&quot;yes&quot;,&quot;min_height&quot;:{&quot;unit&quot;:&quot;px&quot;,&quot;size&quot;:&quot;&quot;,&quot;sizes&quot;:[]},&quot;min_height_tablet&quot;:{&quot;unit&quot;:&quot;px&quot;,&quot;size&quot;:&quot;&quot;,&quot;sizes&quot;:[]},&quot;min_height_mobile&quot;:{&quot;unit&quot;:&quot;px&quot;,&quot;size&quot;:&quot;&quot;,&quot;sizes&quot;:[]}}\" data-widget_type=\"table-of-contents.default\">\n\t\t\t\t\t\t\t\t\t<div class=\"elementor-toc__header\">\n\t\t\t\t\t\t<div class=\"elementor-toc__header-title\">\n\t\t\t\tTable of Contents\t\t\t<\/div>\n\t\t\t\t\t\t\t\t\t\t<div class=\"elementor-toc__toggle-button elementor-toc__toggle-button--expand\" role=\"button\" tabindex=\"0\" aria-controls=\"elementor-toc__3ba95c8a\" aria-expanded=\"true\" aria-label=\"Abrir la tabla de contenidos\"><svg aria-hidden=\"true\" class=\"e-font-icon-svg e-fas-chevron-down\" viewBox=\"0 0 448 512\" xmlns=\"http:\/\/www.w3.org\/2000\/svg\"><path d=\"M207.029 381.476L12.686 187.132c-9.373-9.373-9.373-24.569 0-33.941l22.667-22.667c9.357-9.357 24.522-9.375 33.901-.04L224 284.505l154.745-154.021c9.379-9.335 24.544-9.317 33.901.04l22.667 22.667c9.373 9.373 9.373 24.569 0 33.941L240.971 381.476c-9.373 9.372-24.569 9.372-33.942 0z\"><\/path><\/svg><\/div>\n\t\t\t\t<div class=\"elementor-toc__toggle-button elementor-toc__toggle-button--collapse\" role=\"button\" tabindex=\"0\" aria-controls=\"elementor-toc__3ba95c8a\" aria-expanded=\"true\" aria-label=\"Cerrar la tabla de contenidos\"><svg aria-hidden=\"true\" class=\"e-font-icon-svg e-fas-chevron-up\" viewBox=\"0 0 448 512\" xmlns=\"http:\/\/www.w3.org\/2000\/svg\"><path d=\"M240.971 130.524l194.343 194.343c9.373 9.373 9.373 24.569 0 33.941l-22.667 22.667c-9.357 9.357-24.522 9.375-33.901.04L224 227.495 69.255 381.516c-9.379 9.335-24.544 9.317-33.901-.04l-22.667-22.667c-9.373-9.373-9.373-24.569 0-33.941L207.03 130.525c9.372-9.373 24.568-9.373 33.941-.001z\"><\/path><\/svg><\/div>\n\t\t\t\t\t<\/div>\n\t\t\t\t<div id=\"elementor-toc__3ba95c8a\" class=\"elementor-toc__body\">\n\t\t\t<div class=\"elementor-toc__spinner-container\">\n\t\t\t\t<svg class=\"elementor-toc__spinner eicon-animation-spin e-font-icon-svg e-eicon-loading\" aria-hidden=\"true\" viewBox=\"0 0 1000 1000\" xmlns=\"http:\/\/www.w3.org\/2000\/svg\"><path d=\"M500 975V858C696 858 858 696 858 500S696 142 500 142 142 304 142 500H25C25 237 238 25 500 25S975 237 975 500 763 975 500 975Z\"><\/path><\/svg>\t\t\t<\/div>\n\t\t<\/div>\n\t\t\t\t\t\t<\/div>\n\t\t\t\t\t<\/div>\n\t\t<\/div>\n\t\t\t\t\t<\/div>\n\t\t<\/section>\n\t\t\t\t<\/div>\n\t\t\n<h2>Visi\u00f3n general del seguro de accidentes de trabajo<\/h2>\n<p>La indemnizaci\u00f3n por accidente laboral es un tipo de seguro dise\u00f1ado para proteger a los empresarios y, al mismo tiempo, a los empleados que se lesionan o enferman como consecuencia de su trabajo.<\/p>\n<p>La compensaci\u00f3n de los trabajadores cubre la p\u00e9rdida de ingresos, las facturas m\u00e9dicas y los tratamientos posteriores que puedan ser necesarios como consecuencia de su enfermedad. Sin embargo, s\u00f3lo puede presentar una reclamaci\u00f3n si su lesi\u00f3n o enfermedad est\u00e1 relacionada con el trabajo.<\/p>\n<h2>\u00bfQu\u00e9 debe hacer si se lesiona en el trabajo?<\/h2>\n<p>Cuando se lesiona, debe informar del incidente a su empresa en un plazo de 30 d\u00edas. De lo contrario, no podr\u00e1 presentar una reclamaci\u00f3n.<\/p>\n<p>Despu\u00e9s, la empresa es responsable de los siguientes pasos. Primero, ellos deben ponerlo en contacto con un doctor que este aprobado por la compa\u00f1\u00eda que provee la Compensaci\u00f3n al Trabajador.<\/p>\n<p>En algunos casos, el empleador puede hacer que usted llame a la compensacion de trabajadores, y esto puede ser su responsabilidad si hay un cartel con el nombre y numero de telefono de esa compania en la facilidad.<\/p>\n<p>Sin embargo, la ley de Florida sigue exigiendo que su empleador se ponga en contacto con la compa\u00f1\u00eda de seguros en un plazo de siete d\u00edas. Si eso no ocurre, tiene la opci\u00f3n de llamar a la l\u00ednea directa de la divisi\u00f3n de Compensaci\u00f3n Laboral de Florida para que le ayuden.<\/p>\n<p>Tiene dos a\u00f1os para presentar una petici\u00f3n de prestaciones.<\/p>\n<p><a href=\"https:\/\/floridalawyers360.com\/wp-content\/uploads\/2024\/03\/spring-hill-wc1-copy.webp\"><img fetchpriority=\"high\" decoding=\"async\" class=\"alignnone size-full wp-image-4636\" src=\"https:\/\/floridalawyers360.com\/wp-content\/uploads\/2024\/03\/spring-hill-wc1-copy.webp\" alt=\"A worker suffering from a work-related injury\" width=\"500\" height=\"334\" srcset=\"https:\/\/floridalawyers360.com\/wp-content\/uploads\/2024\/03\/spring-hill-wc1-copy.webp 500w, https:\/\/floridalawyers360.com\/wp-content\/uploads\/2024\/03\/spring-hill-wc1-copy-300x200.webp 300w\" sizes=\"(max-width: 500px) 100vw, 500px\" \/><\/a><\/p>\n<h2>\u00bfQu\u00e9 ocurre una vez que se notifica a la compa\u00f1\u00eda de seguros?<\/h2>\n<p>En 24 horas, la compa\u00f1\u00eda de seguros se pondr\u00e1 directamente en contacto con usted por tel\u00e9fono. Tambi\u00e9n est\u00e1n obligados a enviarle informaci\u00f3n por correo. Eso ocurrir\u00e1 en los 3 a 5 d\u00edas laborables siguientes.<\/p>\n<p>En ella le presentar\u00e1n cu\u00e1les son sus derechos y cu\u00e1les ser\u00e1n sus obligaciones, todo ello por escrito. En esto, usted tendr\u00e1 lo que se llama una Carta de Notificaci\u00f3n que viene directamente de la Oficina de Asistencia al Empleado Divisi\u00f3n de Compensaci\u00f3n al Trabajador oficina.<\/p>\n<p>Su informe de accidente tambi\u00e9n se incluir\u00e1, y es imperativo que usted revise lo que dice para asegurarse de que todo lo que le dijo a su empleador o la compa\u00f1\u00eda de seguros, se ha incluido.<\/p>\n<p>Si no es as\u00ed, si usted persigue alg\u00fan tipo de acci\u00f3n legal, esto podr\u00eda ser problem\u00e1tico ya sea hacia conseguir su trabajo de nuevo o recibir alg\u00fan tipo de acuerdo.<\/p>\n<h2>\u00bfQu\u00e9 pagar\u00e1 la compensaci\u00f3n al trabajador en Florida?<\/h2>\n<p>De acuerdo con la ley de Florida, compensaci\u00f3n de trabajadores va a pagar por cualquier y toda la atenci\u00f3n m\u00e9dica que est\u00e1 directamente relacionada con su enfermedad o lesi\u00f3n. Es su responsabilidad seguir las directrices del m\u00e9dico que se le asigne para trabajar con usted.<\/p>\n<p>Si usted tiene que viajar a cualquier cita, esto tambi\u00e9n ser\u00e1 cubierto, adem\u00e1s el costo de los medicamentos tambi\u00e9n debe ser reembolsado. Adem\u00e1s, tambi\u00e9n se cubrir\u00e1 cualquier p\u00e9rdida de salario que pueda sufrir.<\/p>\n<p>Esto incluye a las personas que son designadas como temporalmente no disponibles para trabajar o aquellas que son consideradas permanentemente discapacitadas.<\/p>\n<h2>\u00bfSu empleador en Florida est\u00e1 obligado a tener Workers&#8217; Comp?<\/h2>\n<p>En Florida, si su empleador est\u00e1 obligado a tener cobertura de compensaci\u00f3n de trabajadores depende del n\u00famero de empleados. Las empresas de construcci\u00f3n deben tener seguro de compensaci\u00f3n de trabajadores si tienen un solo empleado.<\/p>\n<p>Las empresas no relacionadas con la construcci\u00f3n con cuatro o m\u00e1s empleados, incluidos los propietarios de negocios no exentos, deben tener cobertura.<\/p>\n<p>Los empleados no est\u00e1n obligados a contribuir al pago del seguro de compensaci\u00f3n de los trabajadores.<\/p>\n<p><a href=\"https:\/\/floridalawyers360.com\/wp-content\/uploads\/2024\/03\/spring-hill-wc2-copy.webp\"><img decoding=\"async\" class=\"alignnone size-full wp-image-4632\" src=\"https:\/\/floridalawyers360.com\/wp-content\/uploads\/2024\/03\/spring-hill-wc2-copy.webp\" alt=\"Calculating Workers' Compensation\" width=\"500\" height=\"334\" srcset=\"https:\/\/floridalawyers360.com\/wp-content\/uploads\/2024\/03\/spring-hill-wc2-copy.webp 500w, https:\/\/floridalawyers360.com\/wp-content\/uploads\/2024\/03\/spring-hill-wc2-copy-300x200.webp 300w\" sizes=\"(max-width: 500px) 100vw, 500px\" \/><\/a><\/p>\n<h2>Responsabilidades de los trabajadores<\/h2>\n<p>Por lo tanto, si se ha lesionado en el trabajo, o si est\u00e1 enfermo como consecuencia del trabajo que realiza, hay varios pasos que debe dar antes de presentar la reclamaci\u00f3n de indemnizaci\u00f3n por accidente laboral.<\/p>\n<p>Debe informar de esta lesi\u00f3n a su supervisor. Como se mencion\u00f3 anteriormente, los empleados tienen hasta 30 d\u00edas para hacer este informe, pero es simplemente mejor hacerlo de inmediato.<\/p>\n<p>Una de las razones es que su condici\u00f3n puede empeorar que a veces puede causar problemas con respecto a su reclamo de compensaci\u00f3n de trabajadores.<\/p>\n<p>Esto podr\u00eda llevar a su empleador a reclamar que usted no se lesion\u00f3 en el trabajo si usted reporta esta semana despu\u00e9s de que el evento ocurri\u00f3. Una vez que lo haya denunciado, su empresa es responsable de llevarle a un centro m\u00e9dico para que reciba tratamiento.<\/p>\n<p>Si el m\u00e9dico que te trata considera que no eres capaz de volver al trabajo, entonces el empresario se atendr\u00e1 a ese diagn\u00f3stico. Una vez que haya acudido al m\u00e9dico, deber\u00e1 iniciar el proceso de reclamaci\u00f3n.<\/p>\n<h2>\u00bfSe puede demandar al empresario por lesiones o enfermedad?<\/h2>\n<p>En casi todos los casos, no es posible demandar a su empresario como consecuencia de lesiones o accidentes laborales que le hayan causado da\u00f1os. Lo mismo ocurre con las enfermedades que pueda padecer.<\/p>\n<p>Aunque es cierto que en algunos casos extremos de negligencia por parte del empleador que pueden ser demandados, en la Florida, esto es muy dif\u00edcil de hacer.<\/p>\n<p>La raz\u00f3n por la que usted querr\u00e1 llamar a un abogado de compensaci\u00f3n de trabajadores en Florida es para asegurarse de que est\u00e1 haciendo todo lo necesario para asegurar que la reclamaci\u00f3n es v\u00e1lida.<\/p>\n<p>Dado que su empleador es responsable no s\u00f3lo de proporcionar esta cobertura, pero todos los beneficios que puede proporcionar, es por eso que es muy dif\u00edcil de presentar cualquier tipo de demanda en su contra.<\/p>\n<h2>\u00bfQu\u00e9 pasa con los gastos de rehabilitaci\u00f3n o los cuidados a largo plazo?<\/h2>\n<p>En Florida, su empresa se har\u00e1 cargo de los gastos de rehabilitaci\u00f3n que sean necesarios. Lo mismo ocurre con los cuidados a largo plazo. Esta es la raz\u00f3n por la que tienen seguro de compensaci\u00f3n de trabajadores.<\/p>\n<p>Es la compa\u00f1\u00eda de seguros que pagar\u00e1 por todos estos costos y por qu\u00e9 se pone a disposici\u00f3n de los empleados a tiempo completo.<\/p>\n<p>Si usted no es un empleado de esa empresa, sino simplemente un contratista independiente, no tiene derecho a ning\u00fan tipo de cobertura en absoluto. La indemnizaci\u00f3n por accidente de trabajo tambi\u00e9n cubrir\u00e1 la incapacidad permanente parcial como parte de este plan de seguros.<\/p>\n<p><a href=\"https:\/\/floridalawyers360.com\/wp-content\/uploads\/2024\/03\/spring-hill-wc3-copy.webp\"><img decoding=\"async\" class=\"alignnone size-full wp-image-4634\" src=\"https:\/\/floridalawyers360.com\/wp-content\/uploads\/2024\/03\/spring-hill-wc3-copy.webp\" alt=\"Steps of workers' compensation\" width=\"500\" height=\"334\" srcset=\"https:\/\/floridalawyers360.com\/wp-content\/uploads\/2024\/03\/spring-hill-wc3-copy.webp 500w, https:\/\/floridalawyers360.com\/wp-content\/uploads\/2024\/03\/spring-hill-wc3-copy-300x200.webp 300w\" sizes=\"(max-width: 500px) 100vw, 500px\" \/><\/a><\/p>\n<h2>\u00bfQu\u00e9 ocurre si le deniegan la indemnizaci\u00f3n por accidente laboral en Florida?<\/h2>\n<p>Si su reclamo de compensaci\u00f3n al trabajador es negado, usted tiene muchas v\u00edas de recurso. La m\u00e1s obvia ser\u00eda disputar esta evaluaci\u00f3n.<\/p>\n<p>Usted puede apelar la decisi\u00f3n, pero esto puede convertirse en un proceso muy complicado, especialmente si se deben hacer numerosas apelaciones formales. Es por esta raz\u00f3n que la gente va a contratar a un abogado que les puede ayudar en el caso de que se les niega la compensaci\u00f3n a los trabajadores reclamaciones.<\/p>\n<p>Antes de ponerse en contacto con un abogado, sin embargo, primero debe hacer un esfuerzo para hablar con la aseguradora para determinar por qu\u00e9 se neg\u00f3 la reclamaci\u00f3n. A continuaci\u00f3n, debe preguntar si reconsiderar\u00edan esta decisi\u00f3n, para lo cual suelen pedirle que presente un recurso formal dentro de los plazos establecidos.<\/p>\n<p>Si en ese momento no est\u00e1 seguro de qu\u00e9 hacer, o si ha hecho esto y se lo vuelven a denegar, debe hablar con un bufete de abogados de confianza que pueda ayudarle con este proceso.<\/p>\n<h2>\u00bfQu\u00e9 ocurre si rechaza los tratamientos recomendados?<\/h2>\n<p>La \u00fanica otra raz\u00f3n por la que le denegar\u00e1n la prestaci\u00f3n es si rechaza determinados tratamientos. Si se lo aprueban, pueden suspenderle las prestaciones por incumplimiento.<\/p>\n<p>Es posible que desee obtener una segunda opini\u00f3n, lo cual est\u00e1 en su derecho, pero tambi\u00e9n pueden alegar que su m\u00e9dico tiene raz\u00f3n y el otro no si se llega a una conclusi\u00f3n diferente.<\/p>\n<p>Por todas estas razones, usted necesitar\u00e1 hablar con un bufete de abogados de buena reputaci\u00f3n en Florida que pueda manejar casos de compensaci\u00f3n de trabajadores.<\/p>\n<p><a href=\"https:\/\/floridalawyers360.com\/wp-content\/uploads\/2024\/03\/spring-hill-wc4-copy.webp\"><img loading=\"lazy\" decoding=\"async\" class=\"alignnone size-full wp-image-4628\" src=\"https:\/\/floridalawyers360.com\/wp-content\/uploads\/2024\/03\/spring-hill-wc4-copy.webp\" alt=\"Spring Hill Workers' Compensation Lawyer\" width=\"500\" height=\"334\" srcset=\"https:\/\/floridalawyers360.com\/wp-content\/uploads\/2024\/03\/spring-hill-wc4-copy.webp 500w, https:\/\/floridalawyers360.com\/wp-content\/uploads\/2024\/03\/spring-hill-wc4-copy-300x200.webp 300w\" sizes=\"(max-width: 500px) 100vw, 500px\" \/><\/a><\/p>\n<h2>Contacte Hoy a Nuestros Abogados de Compensaci\u00f3n Laboral en Spring Hill<\/h2>\n<p>Cuando sea tiempo de contactar a un abogado de compensaci\u00f3n al trabajador, considere hablar con Florida Lawyers 360. Si su reclamo de compensaci\u00f3n al trabajador ha sido negado, o si ahora le est\u00e1n negando los beneficios, usted necesitar\u00e1 ayuda legal con estas situaciones.<\/p>\n<p>Incluso si necesita ayuda para presentar sus papeles, o si s\u00f3lo necesita alg\u00fan consejo legal, llame hoy mismo a nuestro bufete de compensaci\u00f3n de trabajadores de Florida.<\/p>\n","protected":false},"excerpt":{"rendered":"<p>Seg\u00fan la legislaci\u00f3n del estado de Florida, si usted se lesiona en el trabajo, o si contrae alguna enfermedad o dolencia, estar\u00e1 cubierto por el seguro de Indemnizaci\u00f3n por Accidentes Laborales. Este sistema cubrir\u00e1 incluso a alguien en caso de fallecimiento y se trata de un seguro sin culpa, lo que significa que no es [&hellip;]<\/p>\n","protected":false},"author":22,"featured_media":0,"parent":6018,"menu_order":0,"comment_status":"closed","ping_status":"closed","template":"","meta":{"_acf_changed":false,"anchor_text":"","footnotes":""},"categories":[],"tags":[],"class_list":["post-6032","page","type-page","status-publish","hentry"],"acf":[],"_links":{"self":[{"href":"https:\/\/floridalawyers360.com\/es\/wp-json\/wp\/v2\/pages\/6032","targetHints":{"allow":["GET"]}}],"collection":[{"href":"https:\/\/floridalawyers360.com\/es\/wp-json\/wp\/v2\/pages"}],"about":[{"href":"https:\/\/floridalawyers360.com\/es\/wp-json\/wp\/v2\/types\/page"}],"author":[{"embeddable":true,"href":"https:\/\/floridalawyers360.com\/es\/wp-json\/wp\/v2\/users\/22"}],"replies":[{"embeddable":true,"href":"https:\/\/floridalawyers360.com\/es\/wp-json\/wp\/v2\/comments?post=6032"}],"version-history":[{"count":2,"href":"https:\/\/floridalawyers360.com\/es\/wp-json\/wp\/v2\/pages\/6032\/revisions"}],"predecessor-version":[{"id":6034,"href":"https:\/\/floridalawyers360.com\/es\/wp-json\/wp\/v2\/pages\/6032\/revisions\/6034"}],"up":[{"embeddable":true,"href":"https:\/\/floridalawyers360.com\/es\/wp-json\/wp\/v2\/pages\/6018"}],"wp:attachment":[{"href":"https:\/\/floridalawyers360.com\/es\/wp-json\/wp\/v2\/media?parent=6032"}],"wp:term":[{"taxonomy":"category","embeddable":true,"href":"https:\/\/floridalawyers360.com\/es\/wp-json\/wp\/v2\/categories?post=6032"},{"taxonomy":"post_tag","embeddable":true,"href":"https:\/\/floridalawyers360.com\/es\/wp-json\/wp\/v2\/tags?post=6032"}],"curies":[{"name":"wp","href":"https:\/\/api.w.org\/{rel}","templated":true}]}}