{"id":6029,"date":"2024-02-14T10:18:51","date_gmt":"2024-02-14T15:18:51","guid":{"rendered":"https:\/\/floridalawyers360.com\/spring-hill\/spring-hill-personal-injury-lawyer\/"},"modified":"2024-03-20T00:48:34","modified_gmt":"2024-03-20T05:48:34","slug":"spring-hill-abogado-de-lesiones-personales","status":"publish","type":"page","link":"https:\/\/floridalawyers360.com\/es\/spring-hill\/spring-hill-abogado-de-lesiones-personales\/","title":{"rendered":"Spring Hill Abogado de Lesiones Personales"},"content":{"rendered":"<p>Un accidente -ya sea laboral o de tr\u00e1fico- puede provocar lesiones graves que afectan a todos los aspectos de la vida de quien lo sufre. Salir del hospital suele ser s\u00f3lo el primer paso en el largo y abrumador camino hacia la recuperaci\u00f3n.<\/p>\n<p>El coste de los cuidados de urgencias, las intervenciones quir\u00fargicas, la medicaci\u00f3n y los salarios perdidos puede ascender f\u00e1cilmente a una peque\u00f1a fortuna.<\/p>\n<p>Si sus lesiones o las de su ser querido son el resultado de un accidente causado por la negligencia de otro, no deber\u00eda tener que cargar con estas p\u00e9rdidas usted solo.<\/p>\n<p>Florida Lawyers 360 es un bufete de abogados bien establecido que se especializa en casos de lesiones personales y reclamaciones de compensaci\u00f3n de trabajadores. Nuestros abogados de lesiones personales en Spring Hill tienen mucha experiencia y han ayudado a muchos clientes.<\/p>\n<p>Contamos con un equipo legal de profesionales comprometidos con la atenci\u00f3n personal, la acci\u00f3n r\u00e1pida y eficiente, y la representaci\u00f3n agresiva.<\/p>\n<p>Si usted ha sufrido una lesi\u00f3n personal, ll\u00e1menos al <a href=\"tel:+19544487355\"><i class=\"fa fa-phone-alt\"><\/i>954-448-7355<\/a> y solicite una consulta gratuita.<\/p>\n\t\t<div data-elementor-type=\"section\" data-elementor-id=\"208\" class=\"elementor elementor-208\" data-elementor-post-type=\"elementor_library\">\n\t\t\t\t\t<section class=\"elementor-section elementor-top-section elementor-element elementor-element-485e576a elementor-section-boxed elementor-section-height-default elementor-section-height-default\" data-id=\"485e576a\" data-element_type=\"section\" data-e-type=\"section\">\n\t\t\t\t\t\t<div class=\"elementor-container elementor-column-gap-default\">\n\t\t\t\t\t<div class=\"elementor-column elementor-col-100 elementor-top-column elementor-element elementor-element-635c38c0\" data-id=\"635c38c0\" data-element_type=\"column\" data-e-type=\"column\">\n\t\t\t<div class=\"elementor-widget-wrap elementor-element-populated\">\n\t\t\t\t\t\t<div class=\"elementor-element elementor-element-3ba95c8a elementor-toc--minimized-on-tablet elementor-widget elementor-widget-table-of-contents\" data-id=\"3ba95c8a\" data-element_type=\"widget\" data-e-type=\"widget\" data-settings=\"{&quot;exclude_headings_by_selector&quot;:&quot;.toc-remove&quot;,&quot;headings_by_tags&quot;:[&quot;h2&quot;,&quot;h3&quot;],&quot;marker_view&quot;:&quot;numbers&quot;,&quot;no_headings_message&quot;:&quot;No se ha encontrado ning\\u00fan encabezado en esta p\\u00e1gina.&quot;,&quot;minimize_box&quot;:&quot;yes&quot;,&quot;minimized_on&quot;:&quot;tablet&quot;,&quot;hierarchical_view&quot;:&quot;yes&quot;,&quot;min_height&quot;:{&quot;unit&quot;:&quot;px&quot;,&quot;size&quot;:&quot;&quot;,&quot;sizes&quot;:[]},&quot;min_height_tablet&quot;:{&quot;unit&quot;:&quot;px&quot;,&quot;size&quot;:&quot;&quot;,&quot;sizes&quot;:[]},&quot;min_height_mobile&quot;:{&quot;unit&quot;:&quot;px&quot;,&quot;size&quot;:&quot;&quot;,&quot;sizes&quot;:[]}}\" data-widget_type=\"table-of-contents.default\">\n\t\t\t\t\t\t\t\t\t<div class=\"elementor-toc__header\">\n\t\t\t\t\t\t<div class=\"elementor-toc__header-title\">\n\t\t\t\tTable of Contents\t\t\t<\/div>\n\t\t\t\t\t\t\t\t\t\t<div class=\"elementor-toc__toggle-button elementor-toc__toggle-button--expand\" role=\"button\" tabindex=\"0\" aria-controls=\"elementor-toc__3ba95c8a\" aria-expanded=\"true\" aria-label=\"Abrir la tabla de contenidos\"><svg aria-hidden=\"true\" class=\"e-font-icon-svg e-fas-chevron-down\" viewBox=\"0 0 448 512\" xmlns=\"http:\/\/www.w3.org\/2000\/svg\"><path d=\"M207.029 381.476L12.686 187.132c-9.373-9.373-9.373-24.569 0-33.941l22.667-22.667c9.357-9.357 24.522-9.375 33.901-.04L224 284.505l154.745-154.021c9.379-9.335 24.544-9.317 33.901.04l22.667 22.667c9.373 9.373 9.373 24.569 0 33.941L240.971 381.476c-9.373 9.372-24.569 9.372-33.942 0z\"><\/path><\/svg><\/div>\n\t\t\t\t<div class=\"elementor-toc__toggle-button elementor-toc__toggle-button--collapse\" role=\"button\" tabindex=\"0\" aria-controls=\"elementor-toc__3ba95c8a\" aria-expanded=\"true\" aria-label=\"Cerrar la tabla de contenidos\"><svg aria-hidden=\"true\" class=\"e-font-icon-svg e-fas-chevron-up\" viewBox=\"0 0 448 512\" xmlns=\"http:\/\/www.w3.org\/2000\/svg\"><path d=\"M240.971 130.524l194.343 194.343c9.373 9.373 9.373 24.569 0 33.941l-22.667 22.667c-9.357 9.357-24.522 9.375-33.901.04L224 227.495 69.255 381.516c-9.379 9.335-24.544 9.317-33.901-.04l-22.667-22.667c-9.373-9.373-9.373-24.569 0-33.941L207.03 130.525c9.372-9.373 24.568-9.373 33.941-.001z\"><\/path><\/svg><\/div>\n\t\t\t\t\t<\/div>\n\t\t\t\t<div id=\"elementor-toc__3ba95c8a\" class=\"elementor-toc__body\">\n\t\t\t<div class=\"elementor-toc__spinner-container\">\n\t\t\t\t<svg class=\"elementor-toc__spinner eicon-animation-spin e-font-icon-svg e-eicon-loading\" aria-hidden=\"true\" viewBox=\"0 0 1000 1000\" xmlns=\"http:\/\/www.w3.org\/2000\/svg\"><path d=\"M500 975V858C696 858 858 696 858 500S696 142 500 142 142 304 142 500H25C25 237 238 25 500 25S975 237 975 500 763 975 500 975Z\"><\/path><\/svg>\t\t\t<\/div>\n\t\t<\/div>\n\t\t\t\t\t\t<\/div>\n\t\t\t\t\t<\/div>\n\t\t<\/div>\n\t\t\t\t\t<\/div>\n\t\t<\/section>\n\t\t\t\t<\/div>\n\t\t\n<h2>\u00bfQu\u00e9 debo hacer tras sufrir una lesi\u00f3n?<\/h2>\n<p>He aqu\u00ed los pasos que debe dar tras sufrir una lesi\u00f3n:<\/p>\n<h3>Busque atenci\u00f3n m\u00e9dica<\/h3>\n<p>Si has sufrido lesiones, no te demores; busca asistencia m\u00e9dica inmediata. No tiene por qu\u00e9 esperar a la polic\u00eda: su seguridad y su salud deben primar sobre todo lo dem\u00e1s en todo momento.<\/p>\n<h3>Haz fotos<\/h3>\n<p>Siempre que sea posible, anota o haz fotos del lugar del accidente. Deber\u00e1s anotar o fotografiar hasta el m\u00e1s m\u00ednimo detalle. Capta o anota cosas como el lugar exacto del accidente, los da\u00f1os materiales (por ejemplo, ropa rota) y tus lesiones.<\/p>\n<h3>Informa del incidente<\/h3>\n<p>Una vez que hayas evaluado tus lesiones, marca r\u00e1pidamente el 911 para que te ayuden en el lugar de los hechos. Si el accidente se ha producido en el trabajo, notif\u00edcalo a tu supervisor, jefe o empresario.<\/p>\n<h3>Intercambia informaci\u00f3n<\/h3>\n<p>Intercambia informaci\u00f3n con los implicados. Necesitar\u00e1s esta informaci\u00f3n para informar del accidente y ponerte en contacto con ellos si decides presentar una demanda.<\/p>\n<p>A los implicados en un accidente de coche, p\u00eddeles el nombre del conductor, los datos del seguro, el n\u00famero de carn\u00e9 de conducir y, si es posible, haz fotos de estos documentos.<\/p>\n<p><a href=\"https:\/\/floridalawyers360.com\/wp-content\/uploads\/2024\/03\/spring-hill-pi1-copy.webp\"><img fetchpriority=\"high\" decoding=\"async\" class=\"alignnone size-full wp-image-4650\" src=\"https:\/\/floridalawyers360.com\/wp-content\/uploads\/2024\/03\/spring-hill-pi1-copy.webp\" alt=\"Taking photos of the scene will greatly help your personal injury lawyer\" width=\"500\" height=\"334\" srcset=\"https:\/\/floridalawyers360.com\/wp-content\/uploads\/2024\/03\/spring-hill-pi1-copy.webp 500w, https:\/\/floridalawyers360.com\/wp-content\/uploads\/2024\/03\/spring-hill-pi1-copy-300x200.webp 300w\" sizes=\"(max-width: 500px) 100vw, 500px\" \/><\/a><\/p>\n<h3>Hable con los testigos<\/h3>\n<p>Si es posible, hable tambi\u00e9n con los testigos presenciales y obtenga sus datos de contacto.<\/p>\n<h3>Nunca admitas la culpa<\/h3>\n<p>Es extremadamente crucial no admitir culpa o disculparse incluso si sospecha que el accidente fue culpa suya.<\/p>\n<h3>P\u00f3ngase en contacto con un abogado especializado en lesiones personales<\/h3>\n<p>Un abogado experto puede ayudarle a evaluar y conservar las pruebas, incluida la obtenci\u00f3n de grabaciones de seguridad que muestren el accidente para determinar su derecho a una indemnizaci\u00f3n.<\/p>\n<p>Un abogado tambi\u00e9n puede protegerle de los ajustadores de seguros depredadores y, lo que es m\u00e1s importante, ahorrarle el estr\u00e9s de lidiar con los matices de su demanda para que pueda recuperar el mejor acuerdo posible.<\/p>\n<h2>Por qu\u00e9 debe contratar a un abogado de lesiones personales de inmediato<\/h2>\n<p>Aunque no tiene por qu\u00e9 contratar a un abogado, posponer la asistencia jur\u00eddica de un experto puede salirle caro. Adem\u00e1s, a menudo tendr\u00e1 una mayor probabilidad de obtener un acuerdo mayor si tiene un abogado que haga su reclamaci\u00f3n y represente sus intereses.<\/p>\n<p>Nuestros abogados de lesiones de Spring Hill pueden ayudarle con:<\/p>\n<h3>Preparaci\u00f3n del caso\/ Presentaci\u00f3n de su demanda<\/h3>\n<p>Un abogado de lesiones personales de Florida Lawyers 360 se encargar\u00e1 de las investigaciones para ayudar a identificar a las partes responsables de sus lesiones, que pueden incluir el informe de la polic\u00eda, el testimonio de testigos, las p\u00f3lizas de seguro pertinentes, im\u00e1genes de v\u00eddeo, y tambi\u00e9n presentar su demanda a tiempo.<\/p>\n<h3>Negociaciones del acuerdo<\/h3>\n<p>Los ajustadores de seguros (incluso los de su compa\u00f1\u00eda de seguros) est\u00e1n entrenados para hacer que las reclamaciones desaparezcan r\u00e1pidamente y por lo menos posible. Nuestros experimentados abogados se encargar\u00e1n de toda la correspondencia con las compa\u00f1\u00edas de seguros para negociar la m\u00e1xima indemnizaci\u00f3n.<\/p>\n<h3>Preparaci\u00f3n de Juicios y Representaci\u00f3n<\/h3>\n<p>Los abogados de Florida Lawyers 360 saben y tienen lo que se necesita para llevar su demanda a juicio y luchar all\u00ed por su merecida indemnizaci\u00f3n. Nuestro meticuloso enfoque en la investigaci\u00f3n de cada caso de accidente que manejamos nos ha permitido recuperar la compensaci\u00f3n incluso en los tribunales.<\/p>\n<p><a href=\"https:\/\/floridalawyers360.com\/wp-content\/uploads\/2024\/03\/spring-hill-pi2-copy.webp\"><img decoding=\"async\" class=\"alignnone size-full wp-image-4648\" src=\"https:\/\/floridalawyers360.com\/wp-content\/uploads\/2024\/03\/spring-hill-pi2-copy.webp\" alt=\"What types of damages can a personal injury lawyer get me?\" width=\"500\" height=\"334\" srcset=\"https:\/\/floridalawyers360.com\/wp-content\/uploads\/2024\/03\/spring-hill-pi2-copy.webp 500w, https:\/\/floridalawyers360.com\/wp-content\/uploads\/2024\/03\/spring-hill-pi2-copy-300x200.webp 300w\" sizes=\"(max-width: 500px) 100vw, 500px\" \/><\/a><\/p>\n<h2>\u00bfQu\u00e9 tipo de da\u00f1os se pueden obtener en casos de lesiones personales en Florida?<\/h2>\n<p>Incluso cuando la responsabilidad parece sencilla, recuperar una compensaci\u00f3n justa por da\u00f1os puede implicar una complicada batalla legal. Usted debe esperar que las aseguradoras y sus abogados hagan todo lo posible para reducir la responsabilidad y limitar su acuerdo.<\/p>\n<p>Su abogado de lesiones personales en Spring Hill puede ayudarle a recuperar todos los da\u00f1os obtenibles a los que pueda tener derecho, incluyendo:<\/p>\n<ul>\n<li><strong>Da\u00f1os econ\u00f3micos<\/strong>: Da\u00f1os compensatorios por p\u00e9rdidas financieras como facturas m\u00e9dicas (pasadas y futuras, incluidos los costes de rehabilitaci\u00f3n), p\u00e9rdida de capacidad de ganancia y p\u00e9rdida de salarios.<\/li>\n<li><strong>Da\u00f1os no econ\u00f3micos<\/strong>: Da\u00f1os compensatorios por p\u00e9rdidas no financieras o intangibles como discapacidad y desfiguraci\u00f3n, dolor y sufrimiento, angustia emocional y p\u00e9rdida de disfrute.<\/li>\n<li><strong>Da\u00f1os punitivos<\/strong>: Son da\u00f1os ejemplares; suelen concederse en circunstancias \u00fanicas, especialmente las que implican una conducta gravemente negligente.<\/li>\n<\/ul>\n<h2>\u00bfC\u00f3mo se determina la responsabilidad en las demandas por lesiones personales en Florida?<\/h2>\n<p>Usted est\u00e1 lesionado y desea obtener una indemnizaci\u00f3n por lesiones. Un abogado de lesiones personales puede ayudarle a identificar a la parte responsable y demostrar negligencia o imprudencia para ayudarle a recuperar la compensaci\u00f3n.<\/p>\n<p>En Florida, los demandantes deben probar los cuatro elementos de la negligencia para probar la responsabilidad y recuperar la compensaci\u00f3n. Estos incluyen:<\/p>\n<ul>\n<li>El demandado deb\u00eda al demandante un deber de cuidado;<\/li>\n<li>El deber de cuidado fue violado o incumplido y,<\/li>\n<li>El demandante sufri\u00f3 lesiones a causa de la violaci\u00f3n o incumplimiento del deber de diligencia;<\/li>\n<li>Las lesiones del demandante fueron consecuencia directa del accidente causado por la imprudencia del demandado.<\/li>\n<\/ul>\n<p>Nuestro abogado le ayudar\u00e1 a recopilar pruebas cruciales para su caso para demostrar la negligencia del demandado y obtener la compensaci\u00f3n justa que se merece.<\/p>\n<p><a href=\"https:\/\/floridalawyers360.com\/wp-content\/uploads\/2024\/03\/spring-hill-pi3-copy.webp\"><img decoding=\"async\" class=\"alignnone size-full wp-image-4646\" src=\"https:\/\/floridalawyers360.com\/wp-content\/uploads\/2024\/03\/spring-hill-pi3-copy.webp\" alt=\"Do not miss the deadlines to file your claim\" width=\"500\" height=\"334\" srcset=\"https:\/\/floridalawyers360.com\/wp-content\/uploads\/2024\/03\/spring-hill-pi3-copy.webp 500w, https:\/\/floridalawyers360.com\/wp-content\/uploads\/2024\/03\/spring-hill-pi3-copy-300x200.webp 300w\" sizes=\"(max-width: 500px) 100vw, 500px\" \/><\/a><\/p>\n<h2>\u00bfCu\u00e1nto tiempo tiene para presentar su demanda por lesiones en Florida?<\/h2>\n<p>El plazo de prescripci\u00f3n en Florida para presentar una demanda por lesiones derivadas de un accidente es generalmente de cuatro a\u00f1os. Tenga en cuenta que este es el plazo para presentar su demanda y no el plazo para informar del accidente a su aseguradora u otros organismos pertinentes.<\/p>\n<p>Si est\u00e1 lesionado, quiz\u00e1 quiera centrarse en recuperarse. Pero retrasarlo demasiado podr\u00eda comprometer seriamente su capacidad para obtener la indemnizaci\u00f3n que le corresponde.<\/p>\n<h2>\u00bfCu\u00e1nto Costar\u00e1 un Abogado de Lesiones Personales en Spring Hill?<\/h2>\n<p>La mayor\u00eda de los bufetes de abogados de renombre, incluyendo Florida Lawyers 360, manejan casos de lesiones personales sobre la base de un acuerdo de contingencia o sin ganar y sin honorarios. Es decir, sin honorarios por adelantado. No recibimos ni un centavo hasta que hayamos resuelto su demanda por lesiones y hayamos asegurado un veredicto favorable.<\/p>\n<h2>Tipos de casos de lesiones personales en Florida que manejamos en Florida Lawyers 360<\/h2>\n<p>En Florida Lawyers 360, nos especializamos en casos de lesiones personales graves y demandas por homicidio culposo que surgen de diferentes accidentes, incluyendo:<\/p>\n<ul>\n<li>Accidentes automovil\u00edsticos<\/li>\n<li>Compensaci\u00f3n Laboral<\/li>\n<\/ul>\n<p><a href=\"https:\/\/floridalawyers360.com\/wp-content\/uploads\/2024\/03\/spring-hill-pi4-copy.webp\"><img loading=\"lazy\" decoding=\"async\" class=\"alignnone size-full wp-image-4644\" src=\"https:\/\/floridalawyers360.com\/wp-content\/uploads\/2024\/03\/spring-hill-pi4-copy.webp\" alt=\"Spring Hill Personal Injury Lawyer\" width=\"500\" height=\"334\" srcset=\"https:\/\/floridalawyers360.com\/wp-content\/uploads\/2024\/03\/spring-hill-pi4-copy.webp 500w, https:\/\/floridalawyers360.com\/wp-content\/uploads\/2024\/03\/spring-hill-pi4-copy-300x200.webp 300w\" sizes=\"(max-width: 500px) 100vw, 500px\" \/><\/a><\/p>\n<h2>P\u00f3ngase en contacto con nuestros abogados de lesiones personales hoy<\/h2>\n<p>Sufrir una lesi\u00f3n como resultado de la negligencia de otra persona o entidad cambia la vida y es traum\u00e1tico. Estar preparado y contar con asistencia jur\u00eddica profesional es el primer paso para obtener una indemnizaci\u00f3n por sus lesiones.<\/p>\n<p>De esta forma, sus derechos e intereses estar\u00e1n protegidos y atendidos de principio a fin. Acuda a nuestros abogados de lesiones personales de Spring Hill para obtener un asesoramiento jur\u00eddico s\u00f3lido y compasivo.<\/p>\n<p>Llame al <a href=\"tel:+19544487355\"><i class=\"fa fa-phone-alt\"><\/i>954-448-7355<\/a> o utilice nuestro formulario de contacto en l\u00ednea para solicitar su consulta inicial gratuita hoy mismo.<\/p>\n","protected":false},"excerpt":{"rendered":"<p>Un accidente -ya sea laboral o de tr\u00e1fico- puede provocar lesiones graves que afectan a todos los aspectos de la vida de quien lo sufre. Salir del hospital suele ser s\u00f3lo el primer paso en el largo y abrumador camino hacia la recuperaci\u00f3n. El coste de los cuidados de urgencias, las intervenciones quir\u00fargicas, la medicaci\u00f3n [&hellip;]<\/p>\n","protected":false},"author":22,"featured_media":0,"parent":6018,"menu_order":0,"comment_status":"closed","ping_status":"closed","template":"","meta":{"_acf_changed":false,"anchor_text":"","footnotes":""},"categories":[],"tags":[],"class_list":["post-6029","page","type-page","status-publish","hentry"],"acf":[],"_links":{"self":[{"href":"https:\/\/floridalawyers360.com\/es\/wp-json\/wp\/v2\/pages\/6029","targetHints":{"allow":["GET"]}}],"collection":[{"href":"https:\/\/floridalawyers360.com\/es\/wp-json\/wp\/v2\/pages"}],"about":[{"href":"https:\/\/floridalawyers360.com\/es\/wp-json\/wp\/v2\/types\/page"}],"author":[{"embeddable":true,"href":"https:\/\/floridalawyers360.com\/es\/wp-json\/wp\/v2\/users\/22"}],"replies":[{"embeddable":true,"href":"https:\/\/floridalawyers360.com\/es\/wp-json\/wp\/v2\/comments?post=6029"}],"version-history":[{"count":2,"href":"https:\/\/floridalawyers360.com\/es\/wp-json\/wp\/v2\/pages\/6029\/revisions"}],"predecessor-version":[{"id":6031,"href":"https:\/\/floridalawyers360.com\/es\/wp-json\/wp\/v2\/pages\/6029\/revisions\/6031"}],"up":[{"embeddable":true,"href":"https:\/\/floridalawyers360.com\/es\/wp-json\/wp\/v2\/pages\/6018"}],"wp:attachment":[{"href":"https:\/\/floridalawyers360.com\/es\/wp-json\/wp\/v2\/media?parent=6029"}],"wp:term":[{"taxonomy":"category","embeddable":true,"href":"https:\/\/floridalawyers360.com\/es\/wp-json\/wp\/v2\/categories?post=6029"},{"taxonomy":"post_tag","embeddable":true,"href":"https:\/\/floridalawyers360.com\/es\/wp-json\/wp\/v2\/tags?post=6029"}],"curies":[{"name":"wp","href":"https:\/\/api.w.org\/{rel}","templated":true}]}}