{"id":6026,"date":"2024-02-14T10:18:19","date_gmt":"2024-02-14T15:18:19","guid":{"rendered":"https:\/\/floridalawyers360.com\/spring-hill\/spring-hill-car-accident-lawyer\/"},"modified":"2024-03-20T00:48:09","modified_gmt":"2024-03-20T05:48:09","slug":"spring-hill-abogado-de-accidente-de-coche","status":"publish","type":"page","link":"https:\/\/floridalawyers360.com\/es\/spring-hill\/spring-hill-abogado-de-accidente-de-coche\/","title":{"rendered":"Spring Hill Abogado de Accidente de Coche"},"content":{"rendered":"<p>Cuando un accidente de coche causa lesiones graves o que cambian la vida, puede dejarle a usted y a sus seres queridos devastados. Afortunadamente, usted puede recuperar los da\u00f1os por sus p\u00e9rdidas si la negligencia de otra persona caus\u00f3 el accidente.<\/p>\n<p>Los abogados de accidentes automovil\u00edsticos de Spring Hill en Florida Lawyers 360 han estado protegiendo los derechos de las v\u00edctimas de accidentes automovil\u00edsticos en Florida durante mucho tiempo.<\/p>\n<p>Nuestros competentes abogados pueden ayudarle a obtener la compensaci\u00f3n que merece por su accidente automovil\u00edstico en Spring Hill. Nuestros dedicados abogados de lesiones personales pueden ayudarle a recuperar da\u00f1os econ\u00f3micos, no econ\u00f3micos y punitivos.<\/p>\n<p>Para hablar con un representante de Florida Lawyers 360, llame al <a href=\"tel:+19544487355\"><i class=\"fa fa-phone-alt\"><\/i>954-448-7355<\/a> hoy mismo.<\/p>\n\t\t<div data-elementor-type=\"section\" data-elementor-id=\"208\" class=\"elementor elementor-208\" data-elementor-post-type=\"elementor_library\">\n\t\t\t\t\t<section class=\"elementor-section elementor-top-section elementor-element elementor-element-485e576a elementor-section-boxed elementor-section-height-default elementor-section-height-default\" data-id=\"485e576a\" data-element_type=\"section\" data-e-type=\"section\">\n\t\t\t\t\t\t<div class=\"elementor-container elementor-column-gap-default\">\n\t\t\t\t\t<div class=\"elementor-column elementor-col-100 elementor-top-column elementor-element elementor-element-635c38c0\" data-id=\"635c38c0\" data-element_type=\"column\" data-e-type=\"column\">\n\t\t\t<div class=\"elementor-widget-wrap elementor-element-populated\">\n\t\t\t\t\t\t<div class=\"elementor-element elementor-element-3ba95c8a elementor-toc--minimized-on-tablet elementor-widget elementor-widget-table-of-contents\" data-id=\"3ba95c8a\" data-element_type=\"widget\" data-e-type=\"widget\" data-settings=\"{&quot;exclude_headings_by_selector&quot;:&quot;.toc-remove&quot;,&quot;headings_by_tags&quot;:[&quot;h2&quot;,&quot;h3&quot;],&quot;marker_view&quot;:&quot;numbers&quot;,&quot;no_headings_message&quot;:&quot;No headings were found on this page.&quot;,&quot;minimize_box&quot;:&quot;yes&quot;,&quot;minimized_on&quot;:&quot;tablet&quot;,&quot;hierarchical_view&quot;:&quot;yes&quot;,&quot;min_height&quot;:{&quot;unit&quot;:&quot;px&quot;,&quot;size&quot;:&quot;&quot;,&quot;sizes&quot;:[]},&quot;min_height_tablet&quot;:{&quot;unit&quot;:&quot;px&quot;,&quot;size&quot;:&quot;&quot;,&quot;sizes&quot;:[]},&quot;min_height_mobile&quot;:{&quot;unit&quot;:&quot;px&quot;,&quot;size&quot;:&quot;&quot;,&quot;sizes&quot;:[]}}\" data-widget_type=\"table-of-contents.default\">\n\t\t\t\t\t\t\t\t\t<div class=\"elementor-toc__header\">\n\t\t\t\t\t\t<div class=\"elementor-toc__header-title\">\n\t\t\t\tTable of Contents\t\t\t<\/div>\n\t\t\t\t\t\t\t\t\t\t<div class=\"elementor-toc__toggle-button elementor-toc__toggle-button--expand\" role=\"button\" tabindex=\"0\" aria-controls=\"elementor-toc__3ba95c8a\" aria-expanded=\"true\" aria-label=\"Open table of contents\"><svg aria-hidden=\"true\" class=\"e-font-icon-svg e-fas-chevron-down\" viewBox=\"0 0 448 512\" xmlns=\"http:\/\/www.w3.org\/2000\/svg\"><path d=\"M207.029 381.476L12.686 187.132c-9.373-9.373-9.373-24.569 0-33.941l22.667-22.667c9.357-9.357 24.522-9.375 33.901-.04L224 284.505l154.745-154.021c9.379-9.335 24.544-9.317 33.901.04l22.667 22.667c9.373 9.373 9.373 24.569 0 33.941L240.971 381.476c-9.373 9.372-24.569 9.372-33.942 0z\"><\/path><\/svg><\/div>\n\t\t\t\t<div class=\"elementor-toc__toggle-button elementor-toc__toggle-button--collapse\" role=\"button\" tabindex=\"0\" aria-controls=\"elementor-toc__3ba95c8a\" aria-expanded=\"true\" aria-label=\"Close table of contents\"><svg aria-hidden=\"true\" class=\"e-font-icon-svg e-fas-chevron-up\" viewBox=\"0 0 448 512\" xmlns=\"http:\/\/www.w3.org\/2000\/svg\"><path d=\"M240.971 130.524l194.343 194.343c9.373 9.373 9.373 24.569 0 33.941l-22.667 22.667c-9.357 9.357-24.522 9.375-33.901.04L224 227.495 69.255 381.516c-9.379 9.335-24.544 9.317-33.901-.04l-22.667-22.667c-9.373-9.373-9.373-24.569 0-33.941L207.03 130.525c9.372-9.373 24.568-9.373 33.941-.001z\"><\/path><\/svg><\/div>\n\t\t\t\t\t<\/div>\n\t\t\t\t<div id=\"elementor-toc__3ba95c8a\" class=\"elementor-toc__body\">\n\t\t\t<div class=\"elementor-toc__spinner-container\">\n\t\t\t\t<svg class=\"elementor-toc__spinner eicon-animation-spin e-font-icon-svg e-eicon-loading\" aria-hidden=\"true\" viewBox=\"0 0 1000 1000\" xmlns=\"http:\/\/www.w3.org\/2000\/svg\"><path d=\"M500 975V858C696 858 858 696 858 500S696 142 500 142 142 304 142 500H25C25 237 238 25 500 25S975 237 975 500 763 975 500 975Z\"><\/path><\/svg>\t\t\t<\/div>\n\t\t<\/div>\n\t\t\t\t\t\t<\/div>\n\t\t\t\t\t<\/div>\n\t\t<\/div>\n\t\t\t\t\t<\/div>\n\t\t<\/section>\n\t\t\t\t<\/div>\n\t\t\n<h2>\u00bfCu\u00e1nto cuesta un abogado de accidentes de auto en Spring Hill?<\/h2>\n<p>Un abogado de accidentes de Spring Hill opera bajo una estructura de pago de contingencia como todos los dem\u00e1s abogados de lesiones personales. Su abogado no le cobrar\u00e1 una tarifa por hora, ni le exigir\u00e1 honorarios por adelantado.<\/p>\n<p>Se le pedir\u00e1 que les pague un porcentaje de su acuerdo si logran recuperar la compensaci\u00f3n para usted. Si su abogado no consigue indemnizarle, usted no le deber\u00e1 nada.<\/p>\n<h2>\u00bfQu\u00e9 debo hacer despu\u00e9s de un accidente automovil\u00edstico en Spring Hill, FL?<\/h2>\n<p>Despu\u00e9s de un accidente automovil\u00edstico, hay algunos pasos que usted puede tomar para proteger sus derechos legales. Despu\u00e9s de un accidente automovil\u00edstico en Spring Hill, Florida, usted debe:<\/p>\n<h3>Llama al 911<\/h3>\n<p>Debes ponerte en contacto con la polic\u00eda inmediatamente despu\u00e9s de sufrir un accidente de tr\u00e1fico, ya sea grave o leve. Los agentes preparar\u00e1n un informe del accidente. Las leyes de Florida obligan a llamar al 911 si el accidente ha causado lesiones graves o da\u00f1os materiales importantes.<\/p>\n<h3>Compruebe c\u00f3mo est\u00e1n los dem\u00e1s, \u00a1pero no se vaya!<\/h3>\n<p>Una vez que haya llamado a la polic\u00eda, vaya a ver a las otras partes implicadas. Comprueba si est\u00e1n bien o si alguien necesita atenci\u00f3n m\u00e9dica urgente. No abandones el lugar de los hechos porque a\u00fan necesitas recabar informaci\u00f3n vital.<\/p>\n<h3>Intercambia informaci\u00f3n<\/h3>\n<p>Mientras esperas a que lleguen las fuerzas de seguridad, intercambia informaci\u00f3n con los dem\u00e1s conductores, pasajeros y testigos presenciales en el lugar de los hechos. La informaci\u00f3n que intercambies con las otras partes implicadas debe incluir sus nombres oficiales, direcciones, n\u00fameros de tel\u00e9fono, n\u00fameros de matr\u00edcula, marcas y modelos de sus coches y, sobre todo, los datos de sus seguros.<\/p>\n<h3>Graba el lugar del accidente<\/h3>\n<p>Documenta toda la escena del accidente tomando todas las fotograf\u00edas y v\u00eddeos que puedas. Aseg\u00farate de capturar primeros planos de las lesiones y los da\u00f1os para que tus pruebas sean m\u00e1s convincentes.<\/p>\n<p><a href=\"https:\/\/floridalawyers360.com\/wp-content\/uploads\/2024\/03\/spring-hill-car-acc1-copy.webp\"><img fetchpriority=\"high\" decoding=\"async\" class=\"alignnone size-full wp-image-4665\" src=\"https:\/\/floridalawyers360.com\/wp-content\/uploads\/2024\/03\/spring-hill-car-acc1-copy.webp\" alt=\"After a car accident never admit fault\" width=\"500\" height=\"334\" srcset=\"https:\/\/floridalawyers360.com\/wp-content\/uploads\/2024\/03\/spring-hill-car-acc1-copy.webp 500w, https:\/\/floridalawyers360.com\/wp-content\/uploads\/2024\/03\/spring-hill-car-acc1-copy-300x200.webp 300w\" sizes=\"(max-width: 500px) 100vw, 500px\" \/><\/a><\/p>\n<h3>Nunca admitas la culpa<\/h3>\n<p>No asuma la culpa del accidente. Deje que los investigadores y abogados determinen la culpa. Adem\u00e1s, evite compartir cualquier detalle de su accidente hasta que su caso haya terminado.<\/p>\n<h3>Busque atenci\u00f3n m\u00e9dica<\/h3>\n<p>Acuda inmediatamente a un m\u00e9dico para recibir tratamiento. Aunque te encuentres bien, aseg\u00farate de que te examinan por si tienes lesiones internas o en la cabeza. Acu\u00e9rdate de pedir el informe m\u00e9dico porque puede que lo necesites para tu demanda.<\/p>\n<h3>Contacte con su compa\u00f1\u00eda de seguros<\/h3>\n<p>Ponte en contacto con tu compa\u00f1\u00eda de seguros para informar del accidente de tr\u00e1fico. Tenga cuidado con lo que dice en su informe porque incluso su propia aseguradora puede utilizar sus declaraciones en su contra para minimizar su indemnizaci\u00f3n.<\/p>\n<h3>Llame a un abogado de accidentes de tr\u00e1fico<\/h3>\n<p>Por \u00faltimo, llame a un abogado de accidentes de coche. Si usted es residente de Spring Hill, llame a un abogado de accidentes automovil\u00edsticos de Florida Lawyers 360. Obtendr\u00e1 asesoramiento sobre c\u00f3mo manejar las comunicaciones con todas las partes.<\/p>\n<h2>\u00bfCu\u00e1ndo debo conseguir un abogado para mi accidente de auto?<\/h2>\n<p>Lo mejor ser\u00eda que usted consiguiera un abogado inmediatamente despu\u00e9s de su accidente de auto porque los abogados y los ajustadores de la compa\u00f1\u00eda de seguros tambi\u00e9n comenzar\u00e1n a evaluar su demanda por lesiones inmediatamente.<\/p>\n<p>Un abogado tiene el conocimiento y la experiencia necesaria para hacer frente a una reclamaci\u00f3n de accidente de coche y ayudar\u00e1 a nivelar el campo de juego cuando se enfrentan contra el equipo legal de las compa\u00f1\u00edas de seguros.<\/p>\n<h2>\u00bfPor qu\u00e9 necesito un abogado despu\u00e9s de un accidente de coche?<\/h2>\n<p>Nuestros abogados pueden ayudar a su reclamo de accidente de coche a trav\u00e9s de su experiencia con:<\/p>\n<h3>Preparaci\u00f3n del caso y presentaci\u00f3n de la demanda<\/h3>\n<p>Un abogado de accidentes fiable puede ayudarle a preparar su caso organizando investigaciones para determinar la parte culpable. En las investigaciones participar\u00e1n analistas y expertos de diversos campos. Con la ayuda de estos expertos, su abogado:<\/p>\n<ul>\n<li>Evaluar\u00e1 los informes policiales.<\/li>\n<li>Analizar\u00e1 las pruebas de v\u00eddeo y fotogr\u00e1ficas.<\/li>\n<li>Evaluar\u00e1 su informe m\u00e9dico<\/li>\n<li>Reconstruir\u00e1 la escena del accidente<\/li>\n<li>Consultar\u00e1 a expertos m\u00e9dicos y de tr\u00e1fico<\/li>\n<li>Revise los registros de conducci\u00f3n de ambas partes<\/li>\n<\/ul>\n<p>Una vez que su abogado considere que ha reunido suficientes pruebas convincentes, proceder\u00e1 a presentar una demanda en su nombre.<\/p>\n<h3>Negociaci\u00f3n del acuerdo<\/h3>\n<p>Despu\u00e9s de determinar la responsabilidad por el accidente, un abogado de accidente de autom\u00f3vil comenzar\u00e1 las negociaciones con la compa\u00f1\u00eda de seguros.<\/p>\n<p>Un abogado contrarrestar\u00e1 cualquier t\u00e1ctica subrepticia que las compa\u00f1\u00edas de seguros puedan intentar utilizar y le proteger\u00e1 de acuerdos abusivos.<\/p>\n<h3>Preparaci\u00f3n del juicio y representaci\u00f3n<\/h3>\n<p>Despu\u00e9s de negociaciones infructuosas, la siguiente etapa es ir a juicio. Un abogado de accidentes de auto experimentado y dedicado puede guiarlo a trav\u00e9s del proceso de litigio mediante la presentaci\u00f3n de la documentaci\u00f3n necesaria para iniciar un caso judicial. Los abogados de Florida Lawyers 360 pueden ayudarle a prepararse para el juicio.<\/p>\n<p>Lo m\u00e1s importante es que un abogado le ofrecer\u00e1 representaci\u00f3n ante un juez y un jurado. Dado que han estado ayudando a otros con sus reclamaciones por accidentes, un abogado tiene la experiencia, habilidades y conocimientos necesarios para defender sus derechos legales.<\/p>\n<p><a href=\"https:\/\/floridalawyers360.com\/wp-content\/uploads\/2024\/03\/spring-hill-car-acc2-copy.webp\"><img decoding=\"async\" class=\"alignnone size-full wp-image-4663\" src=\"https:\/\/floridalawyers360.com\/wp-content\/uploads\/2024\/03\/spring-hill-car-acc2-copy.webp\" alt=\"What types of damages can a car accident lawyer get me?\" width=\"500\" height=\"334\" srcset=\"https:\/\/floridalawyers360.com\/wp-content\/uploads\/2024\/03\/spring-hill-car-acc2-copy.webp 500w, https:\/\/floridalawyers360.com\/wp-content\/uploads\/2024\/03\/spring-hill-car-acc2-copy-300x200.webp 300w\" sizes=\"(max-width: 500px) 100vw, 500px\" \/><\/a><\/p>\n<h2>\u00bfQu\u00e9 tipo de da\u00f1os puedo recuperar?<\/h2>\n<p>Despu\u00e9s de un accidente automovil\u00edstico en Spring Hill, Florida, usted puede recuperar los siguientes tipos de da\u00f1os:<\/p>\n<h3>Da\u00f1os econ\u00f3micos<\/h3>\n<p>Los da\u00f1os econ\u00f3micos compensatorios cubren los costes financieros relacionados con el accidente en los que usted ha incurrido desde el d\u00eda del accidente.<\/p>\n<p>Cubren gastos m\u00e9dicos como traslados en ambulancia, visitas a urgencias, cirug\u00edas, estancias prolongadas en el hospital, medicamentos, rehabilitaci\u00f3n, terapia y otros gastos m\u00e9dicos futuros.<\/p>\n<p>Tambi\u00e9n cubren los salarios perdidos, los futuros salarios perdidos y los da\u00f1os materiales.<\/p>\n<h3>Da\u00f1os no econ\u00f3micos<\/h3>\n<p>Los da\u00f1os compensatorios no econ\u00f3micos pretenden compensar a las v\u00edctimas de accidentes de coche por la angustia emocional, el dolor y el sufrimiento, la p\u00e9rdida de consorcio y la p\u00e9rdida del disfrute de la vida.<\/p>\n<p>Estos da\u00f1os tambi\u00e9n compensan a las v\u00edctimas por cualquier trauma causado por su discapacidad o desfiguraci\u00f3n.<\/p>\n<h3>Acci\u00f3n Punitiva<\/h3>\n<p>Un juez de Spring Hill, Florida puede otorgarle da\u00f1os punitivos para castigar al conductor culpable por negligencia o acciones il\u00edcitas.<\/p>\n<p>Tambi\u00e9n tienen la intenci\u00f3n de disuadir al conductor culpable de participar en las mismas acciones peligrosas.<\/p>\n<h2>\u00bfCu\u00e1nto puedo esperar recibir por mis da\u00f1os?<\/h2>\n<p>La cantidad de da\u00f1os que usted debe esperar recibir para su demanda de accidente de coche se basa en:<\/p>\n<ul>\n<li>C\u00f3mo se ha visto afectada su vida por el accidente<\/li>\n<li>La parte culpable<\/li>\n<li>La naturaleza del accidente<\/li>\n<li>Los tipos y el alcance de las lesiones que sufri\u00f3<\/li>\n<li>La cuant\u00eda de los da\u00f1os materiales<\/li>\n<li>Y muchos otros&#8230;<\/li>\n<\/ul>\n<p>Su abogado especializado en accidentes de tr\u00e1fico puede ayudarle a calcular el valor de su reclamaci\u00f3n despu\u00e9s de considerar todos los factores anteriores.<\/p>\n<p><a href=\"https:\/\/floridalawyers360.com\/wp-content\/uploads\/2024\/03\/spring-hill-car-acc3-copy.webp\"><img decoding=\"async\" class=\"alignnone size-full wp-image-4661\" src=\"https:\/\/floridalawyers360.com\/wp-content\/uploads\/2024\/03\/spring-hill-car-acc3-copy.webp\" alt=\"How is fault determined after a car accident?\" width=\"500\" height=\"334\" srcset=\"https:\/\/floridalawyers360.com\/wp-content\/uploads\/2024\/03\/spring-hill-car-acc3-copy.webp 500w, https:\/\/floridalawyers360.com\/wp-content\/uploads\/2024\/03\/spring-hill-car-acc3-copy-300x200.webp 300w\" sizes=\"(max-width: 500px) 100vw, 500px\" \/><\/a><\/p>\n<h2>\u00bfC\u00f3mo se determina la culpa en Florida?<\/h2>\n<p>Las siguientes reglas espec\u00edficas determinan la culpa en Florida:<\/p>\n<h3>La Ley de No Culpabilidad de Florida<\/h3>\n<p>Antes de nada, debe recordar que Florida utiliza la p\u00f3liza sin culpa y el seguro de protecci\u00f3n contra lesiones personales para cubrir a las v\u00edctimas de accidentes de tr\u00e1fico.<\/p>\n<p>El seguro PIP significa que usted tendr\u00e1 que recurrir a su propia compa\u00f1\u00eda de seguros para obtener una indemnizaci\u00f3n, independientemente de qui\u00e9n haya sido el responsable del accidente. Hay excepciones notables en la p\u00f3liza sin culpa de Florida.<\/p>\n<p>Por ejemplo, si ha sufrido lesiones o desfiguraci\u00f3n permanente, puede obtener una indemnizaci\u00f3n del seguro del otro conductor.<\/p>\n<h3>Culpa comparativa en Florida<\/h3>\n<p>La regla de culpa comparativa de Florida permite a un juez dictaminar que ambas partes fueron responsables del choque, afectando efectivamente cualquier compensaci\u00f3n recuperable. La cantidad a reducir en su compensaci\u00f3n se determina por el grado de culpa compartida.<\/p>\n<p>Por ejemplo, si un juez dictamina que usted debe recibir una indemnizaci\u00f3n total de 100.000 d\u00f3lares y usted fue responsable en un 30%, sus da\u00f1os se reducir\u00e1n en un 30% o 30.000 d\u00f3lares. As\u00ed, su indemnizaci\u00f3n total ser\u00eda de 100.000 $ menos 30.000 $, lo que equivaldr\u00eda a 70.000 $.<\/p>\n<h2>\u00bfExisten plazos estrictos para presentar una demanda en Florida?<\/h2>\n<p>Las reclamaciones por accidentes de coche en Florida tienen un estatuto de limitaciones de cuatro a\u00f1os. En otras palabras, las v\u00edctimas de accidentes automovil\u00edsticos en Spring Hill tienen cuatro a\u00f1os desde el d\u00eda en que ocurri\u00f3 el accidente para presentar una reclamaci\u00f3n por accidente automovil\u00edstico.<\/p>\n<p>Despu\u00e9s de cuatro a\u00f1os, su derecho a buscar compensaci\u00f3n expira, y su demanda ser\u00e1 negada si no se adhiere a este estatuto de limitaciones. Florida Lawyers 360 le asesorar\u00e1 sobre todos los plazos cruciales que debe cumplir.<\/p>\n<h2>\u00bfC\u00f3mo puede ayudarme un abogado a presentar mi reclamaci\u00f3n al seguro?<\/h2>\n<p>Un abogado le ayudar\u00e1 a presentar un formulario de reclamaci\u00f3n a su compa\u00f1\u00eda de seguros, incluyendo la documentaci\u00f3n de todas las facturas incurridas.<\/p>\n<ul>\n<li><strong>Investigaci\u00f3n del siniestro<\/strong>: Su abogado colaborar\u00e1 con un perito para determinar los da\u00f1os indemnizables y las partes culpables.<\/li>\n<li><strong>Revisi\u00f3n de la p\u00f3liza<\/strong>: Una vez concluidas las investigaciones, su abogado y el perito evaluar\u00e1n detenidamente su p\u00f3liza para determinar qu\u00e9 cubre y qu\u00e9 no. Tambi\u00e9n se le informar\u00e1 de las franquicias que puedan aplicarse a su caso.<\/li>\n<li><strong>Evaluaci\u00f3n de da\u00f1os<\/strong>: Su perito puede contratar a expertos de diversos campos para evaluar con precisi\u00f3n el grado de los da\u00f1os.<\/li>\n<li><strong>Pago<\/strong>: Por \u00faltimo, su perito de seguros se pondr\u00e1 en contacto con usted para informarle del pago.<\/li>\n<\/ul>\n<p><a href=\"https:\/\/floridalawyers360.com\/wp-content\/uploads\/2024\/03\/spring-hill-car-acc4-copy.webp\"><img loading=\"lazy\" decoding=\"async\" class=\"alignnone size-full wp-image-4659\" src=\"https:\/\/floridalawyers360.com\/wp-content\/uploads\/2024\/03\/spring-hill-car-acc4-copy.webp\" alt=\"Spring Hill Car Accident Lawyer\" width=\"500\" height=\"334\" srcset=\"https:\/\/floridalawyers360.com\/wp-content\/uploads\/2024\/03\/spring-hill-car-acc4-copy.webp 500w, https:\/\/floridalawyers360.com\/wp-content\/uploads\/2024\/03\/spring-hill-car-acc4-copy-300x200.webp 300w\" sizes=\"(max-width: 500px) 100vw, 500px\" \/><\/a><\/p>\n<h2>\u00bfQu\u00e9 pasa si el otro conductor est\u00e1 infrasegurado o no tiene seguro?<\/h2>\n<p>Si se ve involucrado en un accidente de tr\u00e1fico con un conductor sin seguro, tendr\u00e1 que recurrir a su propia aseguradora para obtener una indemnizaci\u00f3n.<\/p>\n<p>Usted puede comprar una p\u00f3liza de cobertura de motorista sin seguro de su compa\u00f1\u00eda de seguros para protegerse cuando usted entra en un accidente de veh\u00edculo de motor con un motorista sin seguro encontrado responsable del accidente.<\/p>\n<p>Un abogado especializado en accidentes de tr\u00e1fico tambi\u00e9n puede asesorarle sobre c\u00f3mo interponer una demanda por lesiones para obtener una indemnizaci\u00f3n del conductor imprudente o culpable.<\/p>\n<h2>Presente su Demanda con Nuestros Abogados de Accidentes Automovil\u00edsticos en Spring Hill<\/h2>\n<p>Despu\u00e9s de un accidente automovil\u00edstico en Spring Hill que lo lesion\u00f3 a usted o a alguien que conoce, necesitar\u00e1 los servicios legales de un abogado de accidentes automovil\u00edsticos en Florida. Florida Lawyers 360 tiene un buen historial en la recuperaci\u00f3n de da\u00f1os para las v\u00edctimas de accidentes automovil\u00edsticos en toda la Florida.<\/p>\n<p>Si necesita ayuda para obtener una compensaci\u00f3n por sus da\u00f1os, nuestros abogados tienen la experiencia y los recursos suficientes para ayudarle. No se demore. Llame a Florida Lawyers 360 al <a href=\"tel:+19544487355\"><i class=\"fa fa-phone-alt\"><\/i>954-448-7355<\/a> para concertar una evaluaci\u00f3n gratuita de su caso.<\/p>\n","protected":false},"excerpt":{"rendered":"<p>Cuando un accidente de coche causa lesiones graves o que cambian la vida, puede dejarle a usted y a sus seres queridos devastados. Afortunadamente, usted puede recuperar los da\u00f1os por sus p\u00e9rdidas si la negligencia de otra persona caus\u00f3 el accidente. Los abogados de accidentes automovil\u00edsticos de Spring Hill en Florida Lawyers 360 han estado [&hellip;]<\/p>\n","protected":false},"author":22,"featured_media":0,"parent":6018,"menu_order":0,"comment_status":"closed","ping_status":"closed","template":"","meta":{"_acf_changed":false,"anchor_text":"","footnotes":""},"categories":[],"tags":[],"class_list":["post-6026","page","type-page","status-publish","hentry"],"acf":[],"_links":{"self":[{"href":"https:\/\/floridalawyers360.com\/es\/wp-json\/wp\/v2\/pages\/6026","targetHints":{"allow":["GET"]}}],"collection":[{"href":"https:\/\/floridalawyers360.com\/es\/wp-json\/wp\/v2\/pages"}],"about":[{"href":"https:\/\/floridalawyers360.com\/es\/wp-json\/wp\/v2\/types\/page"}],"author":[{"embeddable":true,"href":"https:\/\/floridalawyers360.com\/es\/wp-json\/wp\/v2\/users\/22"}],"replies":[{"embeddable":true,"href":"https:\/\/floridalawyers360.com\/es\/wp-json\/wp\/v2\/comments?post=6026"}],"version-history":[{"count":2,"href":"https:\/\/floridalawyers360.com\/es\/wp-json\/wp\/v2\/pages\/6026\/revisions"}],"predecessor-version":[{"id":6028,"href":"https:\/\/floridalawyers360.com\/es\/wp-json\/wp\/v2\/pages\/6026\/revisions\/6028"}],"up":[{"embeddable":true,"href":"https:\/\/floridalawyers360.com\/es\/wp-json\/wp\/v2\/pages\/6018"}],"wp:attachment":[{"href":"https:\/\/floridalawyers360.com\/es\/wp-json\/wp\/v2\/media?parent=6026"}],"wp:term":[{"taxonomy":"category","embeddable":true,"href":"https:\/\/floridalawyers360.com\/es\/wp-json\/wp\/v2\/categories?post=6026"},{"taxonomy":"post_tag","embeddable":true,"href":"https:\/\/floridalawyers360.com\/es\/wp-json\/wp\/v2\/tags?post=6026"}],"curies":[{"name":"wp","href":"https:\/\/api.w.org\/{rel}","templated":true}]}}