{"id":6020,"date":"2024-02-14T10:17:31","date_gmt":"2024-02-14T15:17:31","guid":{"rendered":"https:\/\/floridalawyers360.com\/spring-hill\/reporting-a-work-injury-in-spring-hill-fl\/"},"modified":"2024-03-20T00:46:48","modified_gmt":"2024-03-20T05:46:48","slug":"denuncia-de-un-accidente-de-trabajo-en-spring-hill","status":"publish","type":"page","link":"https:\/\/floridalawyers360.com\/es\/spring-hill\/denuncia-de-un-accidente-de-trabajo-en-spring-hill\/","title":{"rendered":"Denuncia de un accidente de trabajo en Spring Hill"},"content":{"rendered":"<p>Muchas empresas no pueden tener \u00e9xito sin la intervenci\u00f3n de los empleados. Por eso el Estado federal ha establecido leyes que pueden proteger los intereses y derechos de los empleados.<\/p>\n<p>Mientras los empleados deben cumplir con sus obligaciones, los empresarios deben asegurarse de que los trabajadores trabajan en un entorno seguro y est\u00e1n asegurados. La indemnizaci\u00f3n de los trabajadores es un seguro que ofrece a los empleados cobertura por lesiones, enfermedades y p\u00e9rdidas relacionadas con el trabajo.<\/p>\n<div class=\"embed-container\"><iframe src=\"https:\/\/www.youtube.com\/embed\/10r4JbWYcEc\" frameborder=\"0\" allowfullscreen=\"allowfullscreen\"><\/iframe><\/div>\n<p>A pesar de que la ley en Spring Hill, Florida le permite buscar compensaci\u00f3n por cualquier p\u00e9rdida que haya sufrido mientras trabajaba, este nunca es un proceso f\u00e1cil.<\/p>\n<p>Es por eso que usted necesita la ayuda de un representante legal al reportar una lesi\u00f3n laboral en Spring Hill. Con la ayuda de la Coalici\u00f3n de Abogados de Compensaci\u00f3n Laboral en Spring Hill, FL, usted puede asegurarse de obtener una compensaci\u00f3n completa.<\/p>\n<p>Contacte a nuestros abogados de compensaci\u00f3n laboral en Spring Hill hoy mismo al <a href=\"tel:+19544487355\"><i class=\"fa fa-phone-alt\"><\/i>954-448-7355<\/a> y perm\u00edtanos ayudarle con su reclamo.<\/p>\n\t\t<div data-elementor-type=\"section\" data-elementor-id=\"208\" class=\"elementor elementor-208\" data-elementor-post-type=\"elementor_library\">\n\t\t\t\t\t<section class=\"elementor-section elementor-top-section elementor-element elementor-element-485e576a elementor-section-boxed elementor-section-height-default elementor-section-height-default\" data-id=\"485e576a\" data-element_type=\"section\" data-e-type=\"section\">\n\t\t\t\t\t\t<div class=\"elementor-container elementor-column-gap-default\">\n\t\t\t\t\t<div class=\"elementor-column elementor-col-100 elementor-top-column elementor-element elementor-element-635c38c0\" data-id=\"635c38c0\" data-element_type=\"column\" data-e-type=\"column\">\n\t\t\t<div class=\"elementor-widget-wrap elementor-element-populated\">\n\t\t\t\t\t\t<div class=\"elementor-element elementor-element-3ba95c8a elementor-toc--minimized-on-tablet elementor-widget elementor-widget-table-of-contents\" data-id=\"3ba95c8a\" data-element_type=\"widget\" data-e-type=\"widget\" data-settings=\"{&quot;exclude_headings_by_selector&quot;:&quot;.toc-remove&quot;,&quot;headings_by_tags&quot;:[&quot;h2&quot;,&quot;h3&quot;],&quot;marker_view&quot;:&quot;numbers&quot;,&quot;no_headings_message&quot;:&quot;No headings were found on this page.&quot;,&quot;minimize_box&quot;:&quot;yes&quot;,&quot;minimized_on&quot;:&quot;tablet&quot;,&quot;hierarchical_view&quot;:&quot;yes&quot;,&quot;min_height&quot;:{&quot;unit&quot;:&quot;px&quot;,&quot;size&quot;:&quot;&quot;,&quot;sizes&quot;:[]},&quot;min_height_tablet&quot;:{&quot;unit&quot;:&quot;px&quot;,&quot;size&quot;:&quot;&quot;,&quot;sizes&quot;:[]},&quot;min_height_mobile&quot;:{&quot;unit&quot;:&quot;px&quot;,&quot;size&quot;:&quot;&quot;,&quot;sizes&quot;:[]}}\" data-widget_type=\"table-of-contents.default\">\n\t\t\t\t\t\t\t\t\t<div class=\"elementor-toc__header\">\n\t\t\t\t\t\t<div class=\"elementor-toc__header-title\">\n\t\t\t\tTable of Contents\t\t\t<\/div>\n\t\t\t\t\t\t\t\t\t\t<div class=\"elementor-toc__toggle-button elementor-toc__toggle-button--expand\" role=\"button\" tabindex=\"0\" aria-controls=\"elementor-toc__3ba95c8a\" aria-expanded=\"true\" aria-label=\"Open table of contents\"><svg aria-hidden=\"true\" class=\"e-font-icon-svg e-fas-chevron-down\" viewBox=\"0 0 448 512\" xmlns=\"http:\/\/www.w3.org\/2000\/svg\"><path d=\"M207.029 381.476L12.686 187.132c-9.373-9.373-9.373-24.569 0-33.941l22.667-22.667c9.357-9.357 24.522-9.375 33.901-.04L224 284.505l154.745-154.021c9.379-9.335 24.544-9.317 33.901.04l22.667 22.667c9.373 9.373 9.373 24.569 0 33.941L240.971 381.476c-9.373 9.372-24.569 9.372-33.942 0z\"><\/path><\/svg><\/div>\n\t\t\t\t<div class=\"elementor-toc__toggle-button elementor-toc__toggle-button--collapse\" role=\"button\" tabindex=\"0\" aria-controls=\"elementor-toc__3ba95c8a\" aria-expanded=\"true\" aria-label=\"Close table of contents\"><svg aria-hidden=\"true\" class=\"e-font-icon-svg e-fas-chevron-up\" viewBox=\"0 0 448 512\" xmlns=\"http:\/\/www.w3.org\/2000\/svg\"><path d=\"M240.971 130.524l194.343 194.343c9.373 9.373 9.373 24.569 0 33.941l-22.667 22.667c-9.357 9.357-24.522 9.375-33.901.04L224 227.495 69.255 381.516c-9.379 9.335-24.544 9.317-33.901-.04l-22.667-22.667c-9.373-9.373-9.373-24.569 0-33.941L207.03 130.525c9.372-9.373 24.568-9.373 33.941-.001z\"><\/path><\/svg><\/div>\n\t\t\t\t\t<\/div>\n\t\t\t\t<div id=\"elementor-toc__3ba95c8a\" class=\"elementor-toc__body\">\n\t\t\t<div class=\"elementor-toc__spinner-container\">\n\t\t\t\t<svg class=\"elementor-toc__spinner eicon-animation-spin e-font-icon-svg e-eicon-loading\" aria-hidden=\"true\" viewBox=\"0 0 1000 1000\" xmlns=\"http:\/\/www.w3.org\/2000\/svg\"><path d=\"M500 975V858C696 858 858 696 858 500S696 142 500 142 142 304 142 500H25C25 237 238 25 500 25S975 237 975 500 763 975 500 975Z\"><\/path><\/svg>\t\t\t<\/div>\n\t\t<\/div>\n\t\t\t\t\t\t<\/div>\n\t\t\t\t\t<\/div>\n\t\t<\/div>\n\t\t\t\t\t<\/div>\n\t\t<\/section>\n\t\t\t\t<\/div>\n\t\t\n<h2>\u00bfCu\u00e1nto Tiempo Tengo Para Reportar Una Lesi\u00f3n Laboral En Spring Hill, FL?<\/h2>\n<p>Si usted est\u00e1 sufriendo de una enfermedad relacionada con el trabajo o sufri\u00f3 una lesi\u00f3n mientras estaba en el trabajo, La ley requiere que usted reporte el asunto dentro de 30 d\u00edas.<\/p>\n<p>Sin embargo, si usted no reporta el asunto a su proveedor de seguro o empleador dentro de este periodo, su reclamo ya no ser\u00e1 considerado v\u00e1lido. Muchas personas han perdido el privilegio de reclamar por no haber comunicado a tiempo un incidente laboral.<\/p>\n<p>Siempre aconsejamos a los clientes que se aseguren de notificar inmediatamente un accidente laboral. Adem\u00e1s, la otra raz\u00f3n por la que est\u00e1 obligado a notificar a su empresario o aseguradora dentro de ese plazo es crear tiempo suficiente para investigar su reclamaci\u00f3n.<\/p>\n<p><a href=\"https:\/\/floridalawyers360.com\/wp-content\/uploads\/2024\/03\/spring-hill-report-work-injury1-copy.webp\"><img fetchpriority=\"high\" decoding=\"async\" class=\"alignnone size-full wp-image-4641\" src=\"https:\/\/floridalawyers360.com\/wp-content\/uploads\/2024\/03\/spring-hill-report-work-injury1-copy.webp\" alt=\"Co-worker reporting a work injury of another employee\" width=\"500\" height=\"334\" srcset=\"https:\/\/floridalawyers360.com\/wp-content\/uploads\/2024\/03\/spring-hill-report-work-injury1-copy.webp 500w, https:\/\/floridalawyers360.com\/wp-content\/uploads\/2024\/03\/spring-hill-report-work-injury1-copy-300x200.webp 300w\" sizes=\"(max-width: 500px) 100vw, 500px\" \/><\/a><\/p>\n<h2>\u00bfA qui\u00e9n debo comunicar un accidente de trabajo?<\/h2>\n<p>Para que le indemnicen por su siniestro, existen varios procedimientos legales que debe seguir. Si usted est\u00e1 sufriendo de una lesi\u00f3n o enfermedad de trabajo en contacto con uno de nuestros representantes legales para ayudar a trav\u00e9s de cada etapa.<\/p>\n<p>Abogados de Compensaci\u00f3n de Trabajadores le ayudar\u00e1 a presentar su reclamo a tiempo y tambi\u00e9n le ayudar\u00e1 a cumplir con cada requisito legal. Una vez que usted se ve involucrado en un accidente de trabajo, lo primero que aconsejamos a nuestros clientes a hacer es reportar el asunto al empleador, supervisor o jefe de equipo.<\/p>\n<p>Tras informar de un accidente laboral, el supervisor, gerente o jefe de equipo redactar\u00e1 un informe del incidente y lo firmar\u00e1 antes de entregarle a usted una copia del informe escrito.<\/p>\n<h2>\u00bfCu\u00e1les son las responsabilidades del empresario tras una lesi\u00f3n laboral?<\/h2>\n<p>Seg\u00fan las leyes del Estado de Florida, los empresarios tambi\u00e9n tienen un papel que desempe\u00f1ar despu\u00e9s de que un empleado se lesione o enferme en el trabajo. Por lo tanto, si usted es v\u00edctima de una lesi\u00f3n laboral, aseg\u00farese de que su empleador haga lo siguiente:<\/p>\n<ul>\n<li>Redacta inmediatamente un informe del incidente. Tu empresa debe redactar un informe del incidente laboral y asegurarse de que el lesionado recibe atenci\u00f3n m\u00e9dica.<\/li>\n<li>Notificar el accidente laboral a las autoridades pertinentes. Despu\u00e9s de asegurarse de que recibe tratamiento para sus lesiones, su empresario notificar\u00e1 el accidente a las autoridades pertinentes, como el Ministerio de Trabajo de Florida y el Comit\u00e9 de Salud y Seguridad.<\/li>\n<li>Adem\u00e1s, su empresa tambi\u00e9n se asegurar\u00e1 de que usted reciba las prestaciones contributivas como empleado. Estas prestaciones incluyen seguro de vida, pensi\u00f3n e incluso seguro m\u00e9dico.<\/li>\n<li>Su empresario tambi\u00e9n est\u00e1 obligado a asegurar su puesto de trabajo hasta que se haya recuperado totalmente y reanudado su actividad laboral. Eso significa que no tiene que buscar otro trabajo una vez recuperado. Puede volver a su puesto de trabajo y continuar con sus obligaciones.\n<ul>\n<li>Sin embargo, a veces un trabajador puede ser destinado a otro departamento con menos responsabilidades en funci\u00f3n de las lesiones sufridas por el trabajador durante el accidente laboral.<\/li>\n<\/ul>\n<\/li>\n<\/ul>\n<h2>\u00bfCu\u00e1les son las responsabilidades del trabajador tras una lesi\u00f3n laboral?<\/h2>\n<p>Aunque todos los empleados tienen derecho a beneficiarse de la cobertura de la indemnizaci\u00f3n por accidente de trabajo, hay varias responsabilidades que los trabajadores deben cumplir para poder ser indemnizados \u00edntegramente por sus lesiones o enfermedades laborales.<\/p>\n<p>La ley obliga a los trabajadores a hacer lo siguiente tras sufrir un accidente laboral.<\/p>\n<ul>\n<li>Informa del accidente al responsable, jefe de equipo o supervisor antes de buscar atenci\u00f3n m\u00e9dica. Aseg\u00farate de que alguien que est\u00e9 a cargo sea notificado antes de que te vayas.<\/li>\n<li>Adem\u00e1s de informar del asunto, aseg\u00farate de que te notifican el incidente por escrito y deja una copia al supervisor, gerente o jefe de equipo.<\/li>\n<li>La ley tambi\u00e9n exige que rellenes un <a href=\"https:\/\/www.myfloridacfo.com\/division\/wc\/pdf\/DFS-F2-DWC-14.pdf\" target=\"_blank\" rel=\"noopener\">formulario WC-14<\/a>. Una vez cumplimentado, env\u00edalo a la Junta de Compensaci\u00f3n de los Trabajadores del Estado. Aseg\u00farate tambi\u00e9n de entregar una copia de este formulario a tu empresa.<\/li>\n<li>Busque atenci\u00f3n m\u00e9dica inmediatamente. No importa si las lesiones son leves o graves. Aseg\u00farese de que le atienden antes de coger la baja. No olvide conservar todos los informes m\u00e9dicos y los partes de da\u00f1os y perjuicios, ya que estos documentos pueden servir de prueba a la hora de presentar su reclamaci\u00f3n.<\/li>\n<\/ul>\n<p>&nbsp;<\/p>\n<p><a href=\"https:\/\/floridalawyers360.com\/wp-content\/uploads\/2024\/03\/spring-hill-report-work-injury2-copy.webp\"><img decoding=\"async\" class=\"alignnone size-full wp-image-4639\" src=\"https:\/\/floridalawyers360.com\/wp-content\/uploads\/2024\/03\/spring-hill-report-work-injury2-copy.webp\" alt=\"Reporting a work injury and filing a claim\" width=\"500\" height=\"334\" srcset=\"https:\/\/floridalawyers360.com\/wp-content\/uploads\/2024\/03\/spring-hill-report-work-injury2-copy.webp 500w, https:\/\/floridalawyers360.com\/wp-content\/uploads\/2024\/03\/spring-hill-report-work-injury2-copy-300x200.webp 300w\" sizes=\"(max-width: 500px) 100vw, 500px\" \/><\/a><\/p>\n<p>Si usted quiere que su reclamo sea aprobado y ser plenamente compensado por sus p\u00e9rdidas, entonces usted necesita para asegurarse de que cumple con todos estos requisitos legales.<\/p>\n<p>Por otra parte, usted puede asegurarse de que usted supere cualquier desaf\u00edo legal que usted puede venir a trav\u00e9s de trabajar con la Coalici\u00f3n de Abogados de Compensaci\u00f3n de Trabajadores de la Florida.<\/p>\n<h2>\u00bfDenunciar a una lesi\u00f3n de trabajo en Spring Hill? Llame hoy mismo a Florida Lawyers 360<\/h2>\n<p>La compensaci\u00f3n laboral es una cobertura de seguro que protege los derechos de los empleados. No importa el sector en el que te especialices como empleado, la Ley obliga a todos los empresarios a tener un seguro que cubra a sus trabajadores.<\/p>\n<p>Por lo tanto, no se arriesgue a obtener una indemnizaci\u00f3n parcial tramitando su reclamaci\u00f3n en solitario, d\u00e9jenos ayudarle con su caso y espere ser compensado \u00edntegramente por sus p\u00e9rdidas.<\/p>\n<p>Por otra parte, trabajar con nosotros tambi\u00e9n aliviar\u00e1 su estr\u00e9s, ya que llegar a hacer la mayor parte del trabajo duro para usted, como la presentaci\u00f3n de su reclamo, y la investigaci\u00f3n m\u00e1s en su caso.<\/p>\n<p>Workers&#8217; Compensation Lawyers Coalition Florida puede ayudarle con su caso asegur\u00e1ndose de que su reclamaci\u00f3n se presente a tiempo y garantizar que usted obtenga una indemnizaci\u00f3n justa por sus lesiones o enfermedades relacionadas con el trabajo.<\/p>\n<p>P\u00f3ngase en contacto con nuestra oficina hoy en <a href=\"tel:+19544487355\"><i class=\"fa fa-phone-alt\"><\/i>954-448-7355<\/a> y revisaremos su caso de forma gratuita.<\/p>\n","protected":false},"excerpt":{"rendered":"<p>Muchas empresas no pueden tener \u00e9xito sin la intervenci\u00f3n de los empleados. Por eso el Estado federal ha establecido leyes que pueden proteger los intereses y derechos de los empleados. Mientras los empleados deben cumplir con sus obligaciones, los empresarios deben asegurarse de que los trabajadores trabajan en un entorno seguro y est\u00e1n asegurados. La [&hellip;]<\/p>\n","protected":false},"author":22,"featured_media":0,"parent":6018,"menu_order":0,"comment_status":"closed","ping_status":"closed","template":"","meta":{"_acf_changed":false,"anchor_text":"","footnotes":""},"categories":[],"tags":[],"class_list":["post-6020","page","type-page","status-publish","hentry"],"acf":[],"_links":{"self":[{"href":"https:\/\/floridalawyers360.com\/es\/wp-json\/wp\/v2\/pages\/6020","targetHints":{"allow":["GET"]}}],"collection":[{"href":"https:\/\/floridalawyers360.com\/es\/wp-json\/wp\/v2\/pages"}],"about":[{"href":"https:\/\/floridalawyers360.com\/es\/wp-json\/wp\/v2\/types\/page"}],"author":[{"embeddable":true,"href":"https:\/\/floridalawyers360.com\/es\/wp-json\/wp\/v2\/users\/22"}],"replies":[{"embeddable":true,"href":"https:\/\/floridalawyers360.com\/es\/wp-json\/wp\/v2\/comments?post=6020"}],"version-history":[{"count":3,"href":"https:\/\/floridalawyers360.com\/es\/wp-json\/wp\/v2\/pages\/6020\/revisions"}],"predecessor-version":[{"id":6257,"href":"https:\/\/floridalawyers360.com\/es\/wp-json\/wp\/v2\/pages\/6020\/revisions\/6257"}],"up":[{"embeddable":true,"href":"https:\/\/floridalawyers360.com\/es\/wp-json\/wp\/v2\/pages\/6018"}],"wp:attachment":[{"href":"https:\/\/floridalawyers360.com\/es\/wp-json\/wp\/v2\/media?parent=6020"}],"wp:term":[{"taxonomy":"category","embeddable":true,"href":"https:\/\/floridalawyers360.com\/es\/wp-json\/wp\/v2\/categories?post=6020"},{"taxonomy":"post_tag","embeddable":true,"href":"https:\/\/floridalawyers360.com\/es\/wp-json\/wp\/v2\/tags?post=6020"}],"curies":[{"name":"wp","href":"https:\/\/api.w.org\/{rel}","templated":true}]}}