{"id":6018,"date":"2024-02-08T11:39:54","date_gmt":"2024-02-08T16:39:54","guid":{"rendered":"https:\/\/floridalawyers360.com\/spring-hill\/"},"modified":"2024-03-14T01:36:49","modified_gmt":"2024-03-14T06:36:49","slug":"spring-hill","status":"publish","type":"page","link":"https:\/\/floridalawyers360.com\/es\/spring-hill\/","title":{"rendered":"Spring Hill"},"content":{"rendered":"<p>Si usted o un ser querido ha sido lesionado debido a un accidente de coche, lesiones personales, o un accidente de trabajo en Spring Hill, p\u00f3ngase en contacto con Florida Lawyers 360 hoy para establecer su revisi\u00f3n inicial del caso gratis. Nuestro equipo jur\u00eddico le tratar\u00e1 como a una persona, no como a un n\u00famero, y luchar\u00e1 para conseguirle la indemnizaci\u00f3n que se merece.<\/p>\n<p>Hemos conseguido millones de d\u00f3lares para nuestros clientes. Perm\u00edtanos centrarnos en luchar contra las compa\u00f1\u00edas de seguros para que usted pueda centrarse en mejorar. P\u00f3ngase en contacto con nosotros en cualquier momento, estamos disponibles 24\/7 para una revisi\u00f3n inicial gratuita de su caso.<\/p>\n","protected":false},"excerpt":{"rendered":"<p>Si usted o un ser querido ha sido lesionado debido a un accidente de coche, lesiones personales, o un accidente de trabajo en Spring Hill, p\u00f3ngase en contacto con Florida Lawyers 360 hoy para establecer su revisi\u00f3n inicial del caso gratis. Nuestro equipo jur\u00eddico le tratar\u00e1 como a una persona, no como a un n\u00famero, [&hellip;]<\/p>\n","protected":false},"author":22,"featured_media":3463,"parent":0,"menu_order":0,"comment_status":"closed","ping_status":"closed","template":"","meta":{"_acf_changed":false,"anchor_text":"","footnotes":""},"categories":[],"tags":[],"class_list":["post-6018","page","type-page","status-publish","has-post-thumbnail","hentry"],"acf":[],"_links":{"self":[{"href":"https:\/\/floridalawyers360.com\/es\/wp-json\/wp\/v2\/pages\/6018","targetHints":{"allow":["GET"]}}],"collection":[{"href":"https:\/\/floridalawyers360.com\/es\/wp-json\/wp\/v2\/pages"}],"about":[{"href":"https:\/\/floridalawyers360.com\/es\/wp-json\/wp\/v2\/types\/page"}],"author":[{"embeddable":true,"href":"https:\/\/floridalawyers360.com\/es\/wp-json\/wp\/v2\/users\/22"}],"replies":[{"embeddable":true,"href":"https:\/\/floridalawyers360.com\/es\/wp-json\/wp\/v2\/comments?post=6018"}],"version-history":[{"count":1,"href":"https:\/\/floridalawyers360.com\/es\/wp-json\/wp\/v2\/pages\/6018\/revisions"}],"predecessor-version":[{"id":6019,"href":"https:\/\/floridalawyers360.com\/es\/wp-json\/wp\/v2\/pages\/6018\/revisions\/6019"}],"wp:featuredmedia":[{"embeddable":true,"href":"https:\/\/floridalawyers360.com\/es\/wp-json\/wp\/v2\/media\/3463"}],"wp:attachment":[{"href":"https:\/\/floridalawyers360.com\/es\/wp-json\/wp\/v2\/media?parent=6018"}],"wp:term":[{"taxonomy":"category","embeddable":true,"href":"https:\/\/floridalawyers360.com\/es\/wp-json\/wp\/v2\/categories?post=6018"},{"taxonomy":"post_tag","embeddable":true,"href":"https:\/\/floridalawyers360.com\/es\/wp-json\/wp\/v2\/tags?post=6018"}],"curies":[{"name":"wp","href":"https:\/\/api.w.org\/{rel}","templated":true}]}}