{"id":6015,"date":"2024-02-14T10:11:30","date_gmt":"2024-02-14T15:11:30","guid":{"rendered":"https:\/\/floridalawyers360.com\/palm-bay\/workers-compensation-claim-process-in-palm-bay-fl\/"},"modified":"2024-03-20T00:44:40","modified_gmt":"2024-03-20T05:44:40","slug":"proceso-de-reclamo-de-compensacion-laboral-en-palm-bay","status":"publish","type":"page","link":"https:\/\/floridalawyers360.com\/es\/palm-bay\/proceso-de-reclamo-de-compensacion-laboral-en-palm-bay\/","title":{"rendered":"Proceso de Reclamo de Compensaci\u00f3n Laboral en Palm Bay"},"content":{"rendered":"<p>Cuando usted se lesiona en el trabajo, usted querr\u00e1 encontrar una manera de buscar una compensaci\u00f3n adecuada de los trabajadores por los gastos resultantes y el tiempo de inactividad. Comenzar el proceso de reclamo de compensaci\u00f3n laboral en Palm Bay puede ser largo y complicado.<\/p>\n<p>En la Coalici\u00f3n de Abogados de Compensaci\u00f3n de Trabajadores de Florida, entendemos lo importante que puede ser este paso. Usted no querr\u00e1 lidiar con la incertidumbre de este equipo sin tener la financiaci\u00f3n adecuada en su lugar.<\/p>\n<p>Con nuestras opciones legales, usted va a tener m\u00e1s que suficiente tiempo para obtener el iniciado y archivado.<\/p>\n<div class=\"embed-container\"><iframe src=\"https:\/\/www.youtube.com\/embed\/QwcoDjUgiJY\" frameborder=\"0\" allowfullscreen=\"allowfullscreen\"><\/iframe><\/div>\n<p>Nuestros abogados de compensaci\u00f3n de trabajadores de Palm Bay est\u00e1n bien calificados, capacitados profesionalmente y son competentes. Esto nos permite ofrecer soluciones de alto valor a todos nuestros clientes tan pronto como comience el proceso.<\/p>\n<p>Esto incluye tomarse el tiempo necesario para entender lo que usted busca y c\u00f3mo se va a desarrollar su reclamaci\u00f3n.<\/p>\n<p>Si usted est\u00e1 pensando en presentar una reclamaci\u00f3n legal y quiere hacerlo de la manera correcta, por favor t\u00f3mese el tiempo para ponerse en contacto con nuestro bufete de abogados en [tel\u00e9fono].<\/p>\n<p>En la Coalici\u00f3n de Abogados de Compensaci\u00f3n de Trabajadores de la Florida, nos dedicamos a satisfacer sus necesidades en cada paso del proceso de reclamaci\u00f3n de compensaci\u00f3n de trabajadores en Palm Bay.<\/p>\n\t\t<div data-elementor-type=\"section\" data-elementor-id=\"208\" class=\"elementor elementor-208\" data-elementor-post-type=\"elementor_library\">\n\t\t\t\t\t<section class=\"elementor-section elementor-top-section elementor-element elementor-element-485e576a elementor-section-boxed elementor-section-height-default elementor-section-height-default\" data-id=\"485e576a\" data-element_type=\"section\" data-e-type=\"section\">\n\t\t\t\t\t\t<div class=\"elementor-container elementor-column-gap-default\">\n\t\t\t\t\t<div class=\"elementor-column elementor-col-100 elementor-top-column elementor-element elementor-element-635c38c0\" data-id=\"635c38c0\" data-element_type=\"column\" data-e-type=\"column\">\n\t\t\t<div class=\"elementor-widget-wrap elementor-element-populated\">\n\t\t\t\t\t\t<div class=\"elementor-element elementor-element-3ba95c8a elementor-toc--minimized-on-tablet elementor-widget elementor-widget-table-of-contents\" data-id=\"3ba95c8a\" data-element_type=\"widget\" data-e-type=\"widget\" data-settings=\"{&quot;exclude_headings_by_selector&quot;:&quot;.toc-remove&quot;,&quot;headings_by_tags&quot;:[&quot;h2&quot;,&quot;h3&quot;],&quot;marker_view&quot;:&quot;numbers&quot;,&quot;no_headings_message&quot;:&quot;No se ha encontrado ning\\u00fan encabezado en esta p\\u00e1gina.&quot;,&quot;minimize_box&quot;:&quot;yes&quot;,&quot;minimized_on&quot;:&quot;tablet&quot;,&quot;hierarchical_view&quot;:&quot;yes&quot;,&quot;min_height&quot;:{&quot;unit&quot;:&quot;px&quot;,&quot;size&quot;:&quot;&quot;,&quot;sizes&quot;:[]},&quot;min_height_tablet&quot;:{&quot;unit&quot;:&quot;px&quot;,&quot;size&quot;:&quot;&quot;,&quot;sizes&quot;:[]},&quot;min_height_mobile&quot;:{&quot;unit&quot;:&quot;px&quot;,&quot;size&quot;:&quot;&quot;,&quot;sizes&quot;:[]}}\" data-widget_type=\"table-of-contents.default\">\n\t\t\t\t\t\t\t\t\t<div class=\"elementor-toc__header\">\n\t\t\t\t\t\t<div class=\"elementor-toc__header-title\">\n\t\t\t\tTable of Contents\t\t\t<\/div>\n\t\t\t\t\t\t\t\t\t\t<div class=\"elementor-toc__toggle-button elementor-toc__toggle-button--expand\" role=\"button\" tabindex=\"0\" aria-controls=\"elementor-toc__3ba95c8a\" aria-expanded=\"true\" aria-label=\"Abrir la tabla de contenidos\"><svg aria-hidden=\"true\" class=\"e-font-icon-svg e-fas-chevron-down\" viewBox=\"0 0 448 512\" xmlns=\"http:\/\/www.w3.org\/2000\/svg\"><path d=\"M207.029 381.476L12.686 187.132c-9.373-9.373-9.373-24.569 0-33.941l22.667-22.667c9.357-9.357 24.522-9.375 33.901-.04L224 284.505l154.745-154.021c9.379-9.335 24.544-9.317 33.901.04l22.667 22.667c9.373 9.373 9.373 24.569 0 33.941L240.971 381.476c-9.373 9.372-24.569 9.372-33.942 0z\"><\/path><\/svg><\/div>\n\t\t\t\t<div class=\"elementor-toc__toggle-button elementor-toc__toggle-button--collapse\" role=\"button\" tabindex=\"0\" aria-controls=\"elementor-toc__3ba95c8a\" aria-expanded=\"true\" aria-label=\"Cerrar la tabla de contenidos\"><svg aria-hidden=\"true\" class=\"e-font-icon-svg e-fas-chevron-up\" viewBox=\"0 0 448 512\" xmlns=\"http:\/\/www.w3.org\/2000\/svg\"><path d=\"M240.971 130.524l194.343 194.343c9.373 9.373 9.373 24.569 0 33.941l-22.667 22.667c-9.357 9.357-24.522 9.375-33.901.04L224 227.495 69.255 381.516c-9.379 9.335-24.544 9.317-33.901-.04l-22.667-22.667c-9.373-9.373-9.373-24.569 0-33.941L207.03 130.525c9.372-9.373 24.568-9.373 33.941-.001z\"><\/path><\/svg><\/div>\n\t\t\t\t\t<\/div>\n\t\t\t\t<div id=\"elementor-toc__3ba95c8a\" class=\"elementor-toc__body\">\n\t\t\t<div class=\"elementor-toc__spinner-container\">\n\t\t\t\t<svg class=\"elementor-toc__spinner eicon-animation-spin e-font-icon-svg e-eicon-loading\" aria-hidden=\"true\" viewBox=\"0 0 1000 1000\" xmlns=\"http:\/\/www.w3.org\/2000\/svg\"><path d=\"M500 975V858C696 858 858 696 858 500S696 142 500 142 142 304 142 500H25C25 237 238 25 500 25S975 237 975 500 763 975 500 975Z\"><\/path><\/svg>\t\t\t<\/div>\n\t\t<\/div>\n\t\t\t\t\t\t<\/div>\n\t\t\t\t\t<\/div>\n\t\t<\/div>\n\t\t\t\t\t<\/div>\n\t\t<\/section>\n\t\t\t\t<\/div>\n\t\t\n<h2>\u00bfQu\u00e9 tipo de lesi\u00f3n cubre una reclamaci\u00f3n de indemnizaci\u00f3n laboral?<\/h2>\n<p>Una cosa es presentar una reclamaci\u00f3n legal y otra asegurarse de que se lleva a cabo en Palm Bay, Florida.<\/p>\n<p>Hay estipulaciones espec\u00edficas que van a tener que tenerse en cuenta en todo momento. Esto incluye el tipo de lesiones que un demandante puede presentar en el estado.<\/p>\n<p>Si usted ha sido herido en su lugar de trabajo y \/ o cuando usted estaba representando a su empleador, entonces esto puede calificar como una demanda viable.<\/p>\n<p>Usted va a querer sentarse con un experto legal de confianza de la Coalici\u00f3n de Abogados de Compensaci\u00f3n de Trabajadores de la Florida para aprender m\u00e1s acerca de sus opciones.<\/p>\n<p>Algunas de las lesiones que califican incluyen:<\/p>\n<ul>\n<li>Resbalones y ca\u00eddas<\/li>\n<li>Accidentes de Veh\u00edculos de Empresa<\/li>\n<li>Ca\u00edda de Objetos<\/li>\n<li>Da\u00f1os Corporales por Maquinaria<\/li>\n<\/ul>\n<p>Estos son s\u00f3lo algunos ejemplos de lo que podr\u00eda ser una reclamaci\u00f3n viable contra su empleador. Usted querr\u00e1 asegurarse de que esto se hace con la ayuda de un buen bufete de abogados para asegurarse de que va a trav\u00e9s.<\/p>\n<p>Sabemos que no va a ser f\u00e1cil hacer frente a las secuelas de algo como esto. Usted va a estar confundido y puede que no sepa lo que est\u00e1 permitido y lo que no.<\/p>\n<p>Esto est\u00e1 bien y ah\u00ed es donde la Coalici\u00f3n de Abogados de Compensaci\u00f3n de Trabajadores de la Florida entra en acci\u00f3n.<\/p>\n<p>Ll\u00e1menos al [tel\u00e9fono] para obtener m\u00e1s informaci\u00f3n sobre lo que va a suceder a medida que pasa el tiempo.<\/p>\n<p><a href=\"https:\/\/floridalawyers360.com\/wp-content\/uploads\/2024\/03\/palm-bay-wc-claim1-copy.webp\"><img fetchpriority=\"high\" decoding=\"async\" class=\"alignnone size-full wp-image-4569\" src=\"https:\/\/floridalawyers360.com\/wp-content\/uploads\/2024\/03\/palm-bay-wc-claim1-copy.webp\" alt=\"Workers' Compensation Claim Process\" width=\"500\" height=\"334\" srcset=\"https:\/\/floridalawyers360.com\/wp-content\/uploads\/2024\/03\/palm-bay-wc-claim1-copy.webp 500w, https:\/\/floridalawyers360.com\/wp-content\/uploads\/2024\/03\/palm-bay-wc-claim1-copy-300x200.webp 300w\" sizes=\"(max-width: 500px) 100vw, 500px\" \/><\/a><\/p>\n<h2>\u00bfCu\u00e1nto tiempo tiene para presentar una reclamaci\u00f3n de indemnizaci\u00f3n por accidente laboral en Florida?<\/h2>\n<p>La \u00fanica cosa que usted va a tener que centrarse en ser\u00e1 la l\u00ednea de tiempo del proceso de reclamaci\u00f3n.<\/p>\n<p>Su objetivo es presentar una reclamaci\u00f3n legal dentro de los 30 d\u00edas desde el momento de la lesi\u00f3n o el diagn\u00f3stico del m\u00e9dico de una lesi\u00f3n relacionada con el trabajo. Esto es cuando el estatuto de limitaciones se va a poner en marcha para cualquier reclamo de compensaci\u00f3n de trabajadores en el estado.<\/p>\n<p>La idea detr\u00e1s de esto es asegurarse de que usted est\u00e1 recibiendo la reclamaci\u00f3n en un plazo razonable. Esto va a permitir que el empleador para reaccionar junto con asegurarse de que la ley puede ser defendida como se pretend\u00eda.<\/p>\n<p>Si no est\u00e1 seguro acerca de c\u00f3mo van a suceder las cosas y \/ o si usted califica, lo mejor es hablar con la Coalici\u00f3n de Abogados de Compensaci\u00f3n de Trabajadores de la Florida.<\/p>\n<p>Vamos a ofrecer una soluci\u00f3n integral para su situaci\u00f3n, junto con la forma en que la reclamaci\u00f3n va a ser presentada.<\/p>\n<p>El objetivo es siempre hacerlo bien la primera vez y ah\u00ed es donde entramos en acci\u00f3n. Estamos todos sobre el establecimiento de altos est\u00e1ndares y que va a incluir que le gu\u00eda a lo largo del proceso.<\/p>\n<p>Ll\u00e1menos al <a href=\"tel:+19544487355\"><i class=\"fa fa-phone-alt\"><\/i>954-448-7355<\/a> y tendr\u00e1 la oportunidad de aprender m\u00e1s acerca de lo que funciona para su situaci\u00f3n particular.<\/p>\n<h2>\u00bfC\u00f3mo usted archiva la demanda de la remuneraci\u00f3n de los trabajadores en la Florida?<\/h2>\n<p>Cuando es hora de avanzar con la demanda de la remuneraci\u00f3n de los trabajadores en la Florida, usted va a querer entender todas sus opciones legales.<\/p>\n<p>Usted querr\u00e1 asegurarse de que el reclamo legal se lleve a cabo seg\u00fan lo previsto y que usted no cometa errores. Debido a esto, usted va a querer la Coalici\u00f3n de Abogados de Compensaci\u00f3n de Trabajadores de la Florida a su lado.<\/p>\n<p>Somos un equipo calificado que se dedica a establecer altos est\u00e1ndares durante el proceso de reclamaci\u00f3n. Esto incluir\u00e1 la oferta de orientaci\u00f3n completa en cuanto a c\u00f3mo se va a presentar la reclamaci\u00f3n, la informaci\u00f3n que necesita, y c\u00f3mo hacerlo de forma segura.<\/p>\n<p>Tambi\u00e9n estamos bien versados en t\u00e9rminos de las estipulaciones legales asociadas con este tipo de reclamaci\u00f3n.<\/p>\n<p>Nuestro objetivo va a ser tramitarla lo antes posible y dentro de los plazos establecidos. Confiando en nosotros, va a saber que las cosas se van a hacer como usted quiere.<\/p>\n<p>Tan pronto como la reclamaci\u00f3n est\u00e9 lista, va a ser presentada ante el tribunal estatal para iniciar el proceso. Esto es simple, r\u00e1pido, y dar\u00e1 lugar a los resultados que usted est\u00e1 buscando.<\/p>\n<p>Para obtener m\u00e1s informaci\u00f3n sobre c\u00f3mo presentar una reclamaci\u00f3n legal en Florida, por favor t\u00f3mese el tiempo para ponerse en contacto con nosotros en <a href=\"tel:+19544487355\"><i class=\"fa fa-phone-alt\"><\/i>954-448-7355<\/a>.<\/p>\n<p><a href=\"https:\/\/floridalawyers360.com\/wp-content\/uploads\/2024\/03\/palm-bay-wc-claim2-copy.webp\"><img decoding=\"async\" class=\"alignnone size-full wp-image-4571\" src=\"https:\/\/floridalawyers360.com\/wp-content\/uploads\/2024\/03\/palm-bay-wc-claim2-copy.webp\" alt=\"Need help with the claim process, call Florida Lawyers 360\" width=\"500\" height=\"334\" srcset=\"https:\/\/floridalawyers360.com\/wp-content\/uploads\/2024\/03\/palm-bay-wc-claim2-copy.webp 500w, https:\/\/floridalawyers360.com\/wp-content\/uploads\/2024\/03\/palm-bay-wc-claim2-copy-300x200.webp 300w\" sizes=\"(max-width: 500px) 100vw, 500px\" \/><\/a><\/p>\n<h2>P\u00f3ngase en contacto con nuestros abogados hoy para obtener ayuda con el proceso de reclamaci\u00f3n de compensaci\u00f3n de trabajadores en Palm Bay<\/h2>\n<p>La Coalici\u00f3n de Abogados de Compensaci\u00f3n para Trabajadores de Florida se dedica a reconocer lo que los clientes necesitan cuando se trata de presentar una demanda de compensaci\u00f3n para trabajadores.<\/p>\n<p>Tenemos expertos legales a mano para ayudarle con todas sus necesidades. Tener la capacidad de aprovechar nuestros recursos har\u00e1 una diferencia significativa en el valor de c\u00f3mo van las cosas.<\/p>\n<p>No hay nada mejor que saber que nuestro equipo legal estar\u00e1 all\u00ed en cada paso del camino. Tenemos amplia experiencia cuando se trata de este tipo de reclamaciones y siempre pondremos lo mejor de nosotros.<\/p>\n<p>Esto incluye la evaluaci\u00f3n de su caso, el reconocimiento de los detalles b\u00e1sicos, y asegurarse de que se adapte a su situaci\u00f3n. S\u00f3lo tener la capacidad de hacer esto va a ser de empoderamiento y le permitir\u00e1 sentirse seguro de c\u00f3mo el caso se va a desarrollar.<\/p>\n<p>Para obtener m\u00e1s informaci\u00f3n sobre lo que la Coalici\u00f3n de Abogados de Compensaci\u00f3n de Trabajadores de la Florida se trata, nos dan una llamada r\u00e1pida a <a href=\"tel:+19544487355\"><i class=\"fa fa-phone-alt\"><\/i>954-448-7355<\/a>.<\/p>\n","protected":false},"excerpt":{"rendered":"<p>Cuando usted se lesiona en el trabajo, usted querr\u00e1 encontrar una manera de buscar una compensaci\u00f3n adecuada de los trabajadores por los gastos resultantes y el tiempo de inactividad. Comenzar el proceso de reclamo de compensaci\u00f3n laboral en Palm Bay puede ser largo y complicado. En la Coalici\u00f3n de Abogados de Compensaci\u00f3n de Trabajadores de [&hellip;]<\/p>\n","protected":false},"author":22,"featured_media":0,"parent":5998,"menu_order":0,"comment_status":"closed","ping_status":"closed","template":"","meta":{"_acf_changed":false,"anchor_text":"","footnotes":""},"categories":[],"tags":[],"class_list":["post-6015","page","type-page","status-publish","hentry"],"acf":[],"_links":{"self":[{"href":"https:\/\/floridalawyers360.com\/es\/wp-json\/wp\/v2\/pages\/6015","targetHints":{"allow":["GET"]}}],"collection":[{"href":"https:\/\/floridalawyers360.com\/es\/wp-json\/wp\/v2\/pages"}],"about":[{"href":"https:\/\/floridalawyers360.com\/es\/wp-json\/wp\/v2\/types\/page"}],"author":[{"embeddable":true,"href":"https:\/\/floridalawyers360.com\/es\/wp-json\/wp\/v2\/users\/22"}],"replies":[{"embeddable":true,"href":"https:\/\/floridalawyers360.com\/es\/wp-json\/wp\/v2\/comments?post=6015"}],"version-history":[{"count":3,"href":"https:\/\/floridalawyers360.com\/es\/wp-json\/wp\/v2\/pages\/6015\/revisions"}],"predecessor-version":[{"id":6255,"href":"https:\/\/floridalawyers360.com\/es\/wp-json\/wp\/v2\/pages\/6015\/revisions\/6255"}],"up":[{"embeddable":true,"href":"https:\/\/floridalawyers360.com\/es\/wp-json\/wp\/v2\/pages\/5998"}],"wp:attachment":[{"href":"https:\/\/floridalawyers360.com\/es\/wp-json\/wp\/v2\/media?parent=6015"}],"wp:term":[{"taxonomy":"category","embeddable":true,"href":"https:\/\/floridalawyers360.com\/es\/wp-json\/wp\/v2\/categories?post=6015"},{"taxonomy":"post_tag","embeddable":true,"href":"https:\/\/floridalawyers360.com\/es\/wp-json\/wp\/v2\/tags?post=6015"}],"curies":[{"name":"wp","href":"https:\/\/api.w.org\/{rel}","templated":true}]}}