{"id":6012,"date":"2024-02-14T10:10:37","date_gmt":"2024-02-14T15:10:37","guid":{"rendered":"https:\/\/floridalawyers360.com\/palm-bay\/workers-compensation-benefits-in-palm-bay-fl\/"},"modified":"2024-03-20T00:40:16","modified_gmt":"2024-03-20T05:40:16","slug":"beneficios-de-compensacion-laboral-en-palm-bay","status":"publish","type":"page","link":"https:\/\/floridalawyers360.com\/es\/palm-bay\/beneficios-de-compensacion-laboral-en-palm-bay\/","title":{"rendered":"Beneficios de Compensaci\u00f3n Laboral en Palm Bay"},"content":{"rendered":"<p>\u00bfSe ha lesionado en el trabajo en Palm Bay FL? Si es as\u00ed, usted necesita contratar al mejor abogado de compensaci\u00f3n al trabajador en Palm Bay para evaluar su caso y proceder con el proceso de reclamaci\u00f3n de sus beneficios de compensaci\u00f3n al trabajador en Palm Bay.<\/p>\n<p>La ley de Florida requiere que todos los empleadores en el estado compren un seguro de compensaci\u00f3n laboral si emplean a cuatro o m\u00e1s empleados, ya sea a tiempo completo o parcial.<\/p>\n<p>El seguro de compensaci\u00f3n de los trabajadores protege al empresario de las demandas por responsabilidad civil de los trabajadores lesionados y paga los gastos m\u00e9dicos, los salarios perdidos y las prestaciones por incapacidad al empleado lesionado.<\/p>\n<p>Las reclamaciones de indemnizaci\u00f3n por accidente laboral son complicadas y requieren asistencia profesional para obtener la m\u00e1xima indemnizaci\u00f3n posible.<\/p>\n<div class=\"embed-container\"><iframe src=\"https:\/\/www.youtube.com\/embed\/SdIedXPm9Fc\" frameborder=\"0\" allowfullscreen=\"allowfullscreen\"><\/iframe><\/div>\n<p>Si usted est\u00e1 buscando un bufete de abogados de lesiones personales confiable en Palm Bay FL, usted no tiene que buscar m\u00e1s all\u00e1 de la Coalici\u00f3n de Abogados de Compensaci\u00f3n de Trabajadores de la Florida. Somos su socio de confianza para todas sus demandas por lesiones personales, incluidas las reclamaciones de indemnizaci\u00f3n de los trabajadores.<\/p>\n<p>Nuestros experimentados abogados de compensaci\u00f3n de trabajadores han trabajado con cientos de clientes en el pasado y han ganado millones de d\u00f3lares en compensaci\u00f3n en su nombre.<\/p>\n<p>Conocemos los entresijos de la ley de compensaci\u00f3n de trabajadores de Florida y cu\u00e1ndo resolver su reclamaci\u00f3n para que obtenga los m\u00e1ximos beneficios.<\/p>\n<p>Nuestros abogados tratan a cada cliente como una persona y no s\u00f3lo un n\u00famero. Aseg\u00farese de ponerse en contacto con nuestro experimentado equipo ahora mismo en [tel\u00e9fono] para manejar su reclamo de compensaci\u00f3n de trabajadores en Palm Bay FL.<\/p>\n\t\t<div data-elementor-type=\"section\" data-elementor-id=\"208\" class=\"elementor elementor-208\" data-elementor-post-type=\"elementor_library\">\n\t\t\t\t\t<section class=\"elementor-section elementor-top-section elementor-element elementor-element-485e576a elementor-section-boxed elementor-section-height-default elementor-section-height-default\" data-id=\"485e576a\" data-element_type=\"section\" data-e-type=\"section\">\n\t\t\t\t\t\t<div class=\"elementor-container elementor-column-gap-default\">\n\t\t\t\t\t<div class=\"elementor-column elementor-col-100 elementor-top-column elementor-element elementor-element-635c38c0\" data-id=\"635c38c0\" data-element_type=\"column\" data-e-type=\"column\">\n\t\t\t<div class=\"elementor-widget-wrap elementor-element-populated\">\n\t\t\t\t\t\t<div class=\"elementor-element elementor-element-3ba95c8a elementor-toc--minimized-on-tablet elementor-widget elementor-widget-table-of-contents\" data-id=\"3ba95c8a\" data-element_type=\"widget\" data-e-type=\"widget\" data-settings=\"{&quot;exclude_headings_by_selector&quot;:&quot;.toc-remove&quot;,&quot;headings_by_tags&quot;:[&quot;h2&quot;,&quot;h3&quot;],&quot;marker_view&quot;:&quot;numbers&quot;,&quot;no_headings_message&quot;:&quot;No se ha encontrado ning\\u00fan encabezado en esta p\\u00e1gina.&quot;,&quot;minimize_box&quot;:&quot;yes&quot;,&quot;minimized_on&quot;:&quot;tablet&quot;,&quot;hierarchical_view&quot;:&quot;yes&quot;,&quot;min_height&quot;:{&quot;unit&quot;:&quot;px&quot;,&quot;size&quot;:&quot;&quot;,&quot;sizes&quot;:[]},&quot;min_height_tablet&quot;:{&quot;unit&quot;:&quot;px&quot;,&quot;size&quot;:&quot;&quot;,&quot;sizes&quot;:[]},&quot;min_height_mobile&quot;:{&quot;unit&quot;:&quot;px&quot;,&quot;size&quot;:&quot;&quot;,&quot;sizes&quot;:[]}}\" data-widget_type=\"table-of-contents.default\">\n\t\t\t\t\t\t\t\t\t<div class=\"elementor-toc__header\">\n\t\t\t\t\t\t<div class=\"elementor-toc__header-title\">\n\t\t\t\tTable of Contents\t\t\t<\/div>\n\t\t\t\t\t\t\t\t\t\t<div class=\"elementor-toc__toggle-button elementor-toc__toggle-button--expand\" role=\"button\" tabindex=\"0\" aria-controls=\"elementor-toc__3ba95c8a\" aria-expanded=\"true\" aria-label=\"Abrir la tabla de contenidos\"><svg aria-hidden=\"true\" class=\"e-font-icon-svg e-fas-chevron-down\" viewBox=\"0 0 448 512\" xmlns=\"http:\/\/www.w3.org\/2000\/svg\"><path d=\"M207.029 381.476L12.686 187.132c-9.373-9.373-9.373-24.569 0-33.941l22.667-22.667c9.357-9.357 24.522-9.375 33.901-.04L224 284.505l154.745-154.021c9.379-9.335 24.544-9.317 33.901.04l22.667 22.667c9.373 9.373 9.373 24.569 0 33.941L240.971 381.476c-9.373 9.372-24.569 9.372-33.942 0z\"><\/path><\/svg><\/div>\n\t\t\t\t<div class=\"elementor-toc__toggle-button elementor-toc__toggle-button--collapse\" role=\"button\" tabindex=\"0\" aria-controls=\"elementor-toc__3ba95c8a\" aria-expanded=\"true\" aria-label=\"Cerrar la tabla de contenidos\"><svg aria-hidden=\"true\" class=\"e-font-icon-svg e-fas-chevron-up\" viewBox=\"0 0 448 512\" xmlns=\"http:\/\/www.w3.org\/2000\/svg\"><path d=\"M240.971 130.524l194.343 194.343c9.373 9.373 9.373 24.569 0 33.941l-22.667 22.667c-9.357 9.357-24.522 9.375-33.901.04L224 227.495 69.255 381.516c-9.379 9.335-24.544 9.317-33.901-.04l-22.667-22.667c-9.373-9.373-9.373-24.569 0-33.941L207.03 130.525c9.372-9.373 24.568-9.373 33.941-.001z\"><\/path><\/svg><\/div>\n\t\t\t\t\t<\/div>\n\t\t\t\t<div id=\"elementor-toc__3ba95c8a\" class=\"elementor-toc__body\">\n\t\t\t<div class=\"elementor-toc__spinner-container\">\n\t\t\t\t<svg class=\"elementor-toc__spinner eicon-animation-spin e-font-icon-svg e-eicon-loading\" aria-hidden=\"true\" viewBox=\"0 0 1000 1000\" xmlns=\"http:\/\/www.w3.org\/2000\/svg\"><path d=\"M500 975V858C696 858 858 696 858 500S696 142 500 142 142 304 142 500H25C25 237 238 25 500 25S975 237 975 500 763 975 500 975Z\"><\/path><\/svg>\t\t\t<\/div>\n\t\t<\/div>\n\t\t\t\t\t\t<\/div>\n\t\t\t\t\t<\/div>\n\t\t<\/div>\n\t\t\t\t\t<\/div>\n\t\t<\/section>\n\t\t\t\t<\/div>\n\t\t\n<h2>\u00bfCu\u00e1les son los l\u00edmites de ingresos por compensaci\u00f3n laboral en Florida?<\/h2>\n<p>La ley de compensaci\u00f3n laboral de Florida exige a todos los empresarios que empleen a m\u00e1s de cuatro trabajadores a tiempo completo o parcial que contraten un seguro de compensaci\u00f3n laboral para proteger tanto a la empresa como a sus empleados.<\/p>\n<p>El seguro de compensaci\u00f3n de trabajadores viene en dos partes como Parte A y Parte B:<\/p>\n<p>La Parte A est\u00e1 dise\u00f1ada para pagar cantidades ilimitadas de dinero por gastos m\u00e9dicos, salarios perdidos y prestaciones por incapacidad a los trabajadores lesionados.<\/p>\n<p>La Parte B est\u00e1 dise\u00f1ada para proteger a la empresa en caso de que un trabajador lesionado decida interponer una demanda de responsabilidad civil contra la empresa por sus lesiones relacionadas con el lugar de trabajo.<\/p>\n<p>Paga los honorarios legales, los gastos de abogado y las indemnizaciones en nombre de la empresa para que \u00e9sta no tenga que hacer frente a estos gastos por s\u00ed misma.<\/p>\n<p>El empresario puede aumentar o reducir los l\u00edmites de la p\u00f3liza en funci\u00f3n de sus necesidades y presupuesto. Aqu\u00ed est\u00e1n los l\u00edmites de ingresos para el seguro de compensaci\u00f3n de trabajadores en FL:<\/p>\n<ul>\n<li>$100,000 por ocurrencia para lesiones corporales<\/li>\n<li>$100,000 por trabajador para lesiones corporales debidas a infecciones<\/li>\n<li>$500,000 l\u00edmite de p\u00f3liza para lesiones debidas a infecciones<\/li>\n<\/ul>\n<p>&nbsp;<\/p>\n<p><a href=\"https:\/\/floridalawyers360.com\/wp-content\/uploads\/2024\/03\/palm-bay-wc-benefits1-copy.webp\"><img fetchpriority=\"high\" decoding=\"async\" class=\"alignnone size-full wp-image-4602\" src=\"https:\/\/floridalawyers360.com\/wp-content\/uploads\/2024\/03\/palm-bay-wc-benefits1-copy.webp\" alt=\"Are there income limits with my workers' compensation benefits?\" width=\"500\" height=\"334\" srcset=\"https:\/\/floridalawyers360.com\/wp-content\/uploads\/2024\/03\/palm-bay-wc-benefits1-copy.webp 500w, https:\/\/floridalawyers360.com\/wp-content\/uploads\/2024\/03\/palm-bay-wc-benefits1-copy-300x200.webp 300w\" sizes=\"(max-width: 500px) 100vw, 500px\" \/><\/a><\/p>\n<h2>\u00bfCu\u00e1les son los tipos de beneficios de compensaci\u00f3n para trabajadores en Palm Bay?<\/h2>\n<p>Los trabajadores lesionados en Florida tienen acceso a cuatro tipos de prestaciones de compensaci\u00f3n laboral. El tipo de prestaci\u00f3n adecuado para cada trabajador depender\u00e1 de sus lesiones y del tiempo de recuperaci\u00f3n.<\/p>\n<p>Los cuatro tipos de prestaciones de compensaci\u00f3n laboral en Florida son los siguientes:<\/p>\n<h3>Beneficios por incapacidad parcial temporal en FL (TPD)<\/h3>\n<p>Los beneficios de incapacidad TP son pagados a trabajadores lesionados que regresan a trabajar en una posici\u00f3n diferente o en una posici\u00f3n de trabajo ligero. El trabajador ganar\u00e1 menos dinero en su nueva capacidad en comparaci\u00f3n con lo que ganaba antes de la lesi\u00f3n.<\/p>\n<p>Existe un periodo de espera de 7 d\u00edas antes de percibir las prestaciones. Las prestaciones de TP se calculan tomando la diferencia entre los dos salarios percibidos por el trabajador, antes y despu\u00e9s de la lesi\u00f3n. Puede prolongarse durante 500 semanas en funci\u00f3n de las lesiones y del tiempo necesario para recuperarse.<\/p>\n<h3>Prestaciones por incapacidad total temporal en FL (TTD)<\/h3>\n<p>Las prestaciones por incapacidad TT se abonan en caso de que el trabajador lesionado no pueda presentarse a trabajar durante los siete d\u00edas siguientes a la lesi\u00f3n. En caso de que el trabajador no pueda presentarse a trabajar durante 21 d\u00edas, tambi\u00e9n se le abonar\u00e1n las prestaciones correspondientes a los 7 d\u00edas de espera.<\/p>\n<p>El TTD puede prolongarse durante 500 semanas, al igual que el TPD. El TTD se calcula como 2\/3 del salario medio semanal (SMI) del trabajador.<\/p>\n<p><a href=\"https:\/\/floridalawyers360.com\/wp-content\/uploads\/2024\/03\/palm-bay-wc-benefits2-copy.webp\"><img decoding=\"async\" class=\"alignnone size-full wp-image-4600\" src=\"https:\/\/floridalawyers360.com\/wp-content\/uploads\/2024\/03\/palm-bay-wc-benefits2-copy.webp\" alt=\"Disability Benefits and Workers' Compensation\" width=\"500\" height=\"334\" srcset=\"https:\/\/floridalawyers360.com\/wp-content\/uploads\/2024\/03\/palm-bay-wc-benefits2-copy.webp 500w, https:\/\/floridalawyers360.com\/wp-content\/uploads\/2024\/03\/palm-bay-wc-benefits2-copy-300x200.webp 300w\" sizes=\"(max-width: 500px) 100vw, 500px\" \/><\/a><\/p>\n<h3>Prestaciones por incapacidad permanente parcial en FL (PPD)<\/h3>\n<p>Cuando el empleado lesionado ha alcanzado el per\u00edodo de mejor\u00eda m\u00e9dica m\u00e1xima o MMI, se paga PPD. El empleado lesionado puede seguir sintiendo dolor y molestias incluso despu\u00e9s de alcanzar el MMI (m\u00e1xima mejor\u00eda m\u00e9dicamente posible de la lesi\u00f3n).<\/p>\n<p>La mayor\u00eda de las veces, el proveedor de seguros de compensaci\u00f3n de trabajadores decidir\u00e1 liquidar la reclamaci\u00f3n cuando el empleado alcance este estado.<\/p>\n<h3>Prestaciones por incapacidad permanente total en FL (PTD)<\/h3>\n<p>Los beneficios de incapacidad total permanente se pagan s\u00f3lo despu\u00e9s de que el m\u00e9dico confirma que los tratamientos del empleado lesionado se han completado.<\/p>\n<p>El empleado lesionado recibir\u00e1 PTD para siempre ya que no puede volver a trabajar debido a la gravedad de sus lesiones.<\/p>\n<h2>\u00bfC\u00f3mo se calculan las prestaciones de indemnizaci\u00f3n por accidente de trabajo en Florida?<\/h2>\n<p>Los beneficios se basan en el salario semanal promedio o AWW del trabajador lesionado. Existen cuatro m\u00e9todos para calcular las prestaciones de compensaci\u00f3n laboral:<\/p>\n<ul>\n<li>Cuando el trabajador lesionado ha trabajado durante m\u00e1s de un a\u00f1o, el AWW se calcula tomando la suma total de dinero recibida por el empleado durante las \u00faltimas 52 semanas antes de la lesi\u00f3n.<\/li>\n<li>Cuando el trabajador ha trabajado menos de un a\u00f1o, la AWW se calcula tomando el total de la paga percibida por el trabajador y dividi\u00e9ndola por el n\u00famero de semanas que ha trabajado.<\/li>\n<li>Cuando el trabajador accidentado lleva poco tiempo en la empresa, el AWW se calcula comparando los salarios de los trabajadores con funciones similares.<\/li>\n<li>Si alguna de las condiciones anteriores no es aplicable a un trabajador, el AWW se calcula tomando la suma de dinero que el empleado habr\u00eda percibido si no se hubiera lesionado.<\/li>\n<\/ul>\n<h2>\u00bfEst\u00e1n gravadas las prestaciones de compensaci\u00f3n laboral en Florida?<\/h2>\n<p>No. Los beneficios de compensaci\u00f3n al trabajador en Palm Bay no est\u00e1n gravados; ni en otras partes del estado de Florida. La excepci\u00f3n es cuando un trabajador lesionado vuelve a trabajar en una capacidad de trabajo ligero, una parte de su nuevo salario ser\u00e1 gravada.<\/p>\n<p><a href=\"https:\/\/floridalawyers360.com\/wp-content\/uploads\/2024\/03\/palm-bay-wc-benefits3-copy.webp\"><img decoding=\"async\" class=\"alignnone size-full wp-image-4598\" src=\"https:\/\/floridalawyers360.com\/wp-content\/uploads\/2024\/03\/palm-bay-wc-benefits3-copy.webp\" alt=\"Palm Bay Workers' Compensation Benefits Lawyer\" width=\"500\" height=\"334\" srcset=\"https:\/\/floridalawyers360.com\/wp-content\/uploads\/2024\/03\/palm-bay-wc-benefits3-copy.webp 500w, https:\/\/floridalawyers360.com\/wp-content\/uploads\/2024\/03\/palm-bay-wc-benefits3-copy-300x200.webp 300w\" sizes=\"(max-width: 500px) 100vw, 500px\" \/><\/a><\/p>\n<h2>P\u00f3ngase en contacto con nuestros abogados experimentados para ayudarle a entender los beneficios de compensaci\u00f3n laboral en Palm Bay<\/h2>\n<p>Si usted se lesiona en el trabajo, puede reclamar una compensaci\u00f3n por sus lesiones al sistema de seguro de compensaci\u00f3n laboral de su empleador. Usted necesita contratar al mejor abogado de compensaci\u00f3n de trabajadores en Palm Bay FL para manejar su reclamo.<\/p>\n<p>La Coalici\u00f3n de Abogados de Compensaci\u00f3n Laboral de Florida es su socio preferido en Palm Bay para manejar su reclamo y obtener los m\u00e1ximos beneficios en el proceso. Tenemos experiencia en el manejo de cientos de reclamos de compensaci\u00f3n laboral en Florida.<\/p>\n<p>Contacte a nuestro experimentado equipo ahora mismo al [tel\u00e9fono] para manejar su reclamo de compensaci\u00f3n laboral en Palm Bay FL.<\/p>\n","protected":false},"excerpt":{"rendered":"<p>\u00bfSe ha lesionado en el trabajo en Palm Bay FL? Si es as\u00ed, usted necesita contratar al mejor abogado de compensaci\u00f3n al trabajador en Palm Bay para evaluar su caso y proceder con el proceso de reclamaci\u00f3n de sus beneficios de compensaci\u00f3n al trabajador en Palm Bay. La ley de Florida requiere que todos los [&hellip;]<\/p>\n","protected":false},"author":22,"featured_media":0,"parent":5998,"menu_order":0,"comment_status":"closed","ping_status":"closed","template":"","meta":{"_acf_changed":false,"anchor_text":"","footnotes":""},"categories":[],"tags":[],"class_list":["post-6012","page","type-page","status-publish","hentry"],"acf":[],"_links":{"self":[{"href":"https:\/\/floridalawyers360.com\/es\/wp-json\/wp\/v2\/pages\/6012","targetHints":{"allow":["GET"]}}],"collection":[{"href":"https:\/\/floridalawyers360.com\/es\/wp-json\/wp\/v2\/pages"}],"about":[{"href":"https:\/\/floridalawyers360.com\/es\/wp-json\/wp\/v2\/types\/page"}],"author":[{"embeddable":true,"href":"https:\/\/floridalawyers360.com\/es\/wp-json\/wp\/v2\/users\/22"}],"replies":[{"embeddable":true,"href":"https:\/\/floridalawyers360.com\/es\/wp-json\/wp\/v2\/comments?post=6012"}],"version-history":[{"count":3,"href":"https:\/\/floridalawyers360.com\/es\/wp-json\/wp\/v2\/pages\/6012\/revisions"}],"predecessor-version":[{"id":6253,"href":"https:\/\/floridalawyers360.com\/es\/wp-json\/wp\/v2\/pages\/6012\/revisions\/6253"}],"up":[{"embeddable":true,"href":"https:\/\/floridalawyers360.com\/es\/wp-json\/wp\/v2\/pages\/5998"}],"wp:attachment":[{"href":"https:\/\/floridalawyers360.com\/es\/wp-json\/wp\/v2\/media?parent=6012"}],"wp:term":[{"taxonomy":"category","embeddable":true,"href":"https:\/\/floridalawyers360.com\/es\/wp-json\/wp\/v2\/categories?post=6012"},{"taxonomy":"post_tag","embeddable":true,"href":"https:\/\/floridalawyers360.com\/es\/wp-json\/wp\/v2\/tags?post=6012"}],"curies":[{"name":"wp","href":"https:\/\/api.w.org\/{rel}","templated":true}]}}