{"id":6009,"date":"2024-02-14T10:09:43","date_gmt":"2024-02-14T15:09:43","guid":{"rendered":"https:\/\/floridalawyers360.com\/palm-bay\/reporting-a-work-injury-in-palm-bay-fl\/"},"modified":"2024-03-20T00:42:09","modified_gmt":"2024-03-20T05:42:09","slug":"denuncia-de-un-accidente-de-trabajo-en-palm-bay","status":"publish","type":"page","link":"https:\/\/floridalawyers360.com\/es\/palm-bay\/denuncia-de-un-accidente-de-trabajo-en-palm-bay\/","title":{"rendered":"Denuncia de un accidente de trabajo en Palm Bay"},"content":{"rendered":"<p>Si ha sufrido un accidente laboral, puede sentirse confuso e inseguro sobre qu\u00e9 hacer a continuaci\u00f3n. Adem\u00e1s de sufrir el dolor y las molestias de la lesi\u00f3n, es comprensible que le preocupen sus perspectivas econ\u00f3micas.<\/p>\n<p>Tendr\u00e1 que hacer frente a los elevados costes del tratamiento m\u00e9dico y a la posibilidad de perder el salario por las bajas laborales: toda la experiencia puede parecer sombr\u00eda e insoportable. Denunciar una lesi\u00f3n laboral en Palm Bay puede ser un momento estresante en su vida.<\/p>\n<div class=\"embed-container\"><iframe src=\"https:\/\/www.youtube.com\/embed\/VJ1BC-HdkXo\" frameborder=\"0\" allowfullscreen=\"allowfullscreen\"><\/iframe><\/div>\n<p>El Sistema de Indemnizaci\u00f3n por Accidentes de Trabajo del Estado de Florida existe para ofrecer ayuda en estos momentos de necesidad. Para beneficiarse de esta ayuda, tendr\u00e1 que empezar por informar adecuadamente de su lesi\u00f3n.<\/p>\n<p>Si ha sufrido una lesi\u00f3n en el lugar de trabajo y no est\u00e1 seguro de qu\u00e9 hacer a continuaci\u00f3n, llame al <a href=\"tel:+19544487355\"><i class=\"fa fa-phone-alt\"><\/i>954-448-7355<\/a> y solicite la asistencia jur\u00eddica de un abogado experto en compensaci\u00f3n de los trabajadores Workers&#8217; Compensation Lawyers Coalition.<\/p>\n\t\t<div data-elementor-type=\"section\" data-elementor-id=\"208\" class=\"elementor elementor-208\" data-elementor-post-type=\"elementor_library\">\n\t\t\t\t\t<section class=\"elementor-section elementor-top-section elementor-element elementor-element-485e576a elementor-section-boxed elementor-section-height-default elementor-section-height-default\" data-id=\"485e576a\" data-element_type=\"section\" data-e-type=\"section\">\n\t\t\t\t\t\t<div class=\"elementor-container elementor-column-gap-default\">\n\t\t\t\t\t<div class=\"elementor-column elementor-col-100 elementor-top-column elementor-element elementor-element-635c38c0\" data-id=\"635c38c0\" data-element_type=\"column\" data-e-type=\"column\">\n\t\t\t<div class=\"elementor-widget-wrap elementor-element-populated\">\n\t\t\t\t\t\t<div class=\"elementor-element elementor-element-3ba95c8a elementor-toc--minimized-on-tablet elementor-widget elementor-widget-table-of-contents\" data-id=\"3ba95c8a\" data-element_type=\"widget\" data-e-type=\"widget\" data-settings=\"{&quot;exclude_headings_by_selector&quot;:&quot;.toc-remove&quot;,&quot;headings_by_tags&quot;:[&quot;h2&quot;,&quot;h3&quot;],&quot;marker_view&quot;:&quot;numbers&quot;,&quot;no_headings_message&quot;:&quot;No headings were found on this page.&quot;,&quot;minimize_box&quot;:&quot;yes&quot;,&quot;minimized_on&quot;:&quot;tablet&quot;,&quot;hierarchical_view&quot;:&quot;yes&quot;,&quot;min_height&quot;:{&quot;unit&quot;:&quot;px&quot;,&quot;size&quot;:&quot;&quot;,&quot;sizes&quot;:[]},&quot;min_height_tablet&quot;:{&quot;unit&quot;:&quot;px&quot;,&quot;size&quot;:&quot;&quot;,&quot;sizes&quot;:[]},&quot;min_height_mobile&quot;:{&quot;unit&quot;:&quot;px&quot;,&quot;size&quot;:&quot;&quot;,&quot;sizes&quot;:[]}}\" data-widget_type=\"table-of-contents.default\">\n\t\t\t\t\t\t\t\t\t<div class=\"elementor-toc__header\">\n\t\t\t\t\t\t<div class=\"elementor-toc__header-title\">\n\t\t\t\tTable of Contents\t\t\t<\/div>\n\t\t\t\t\t\t\t\t\t\t<div class=\"elementor-toc__toggle-button elementor-toc__toggle-button--expand\" role=\"button\" tabindex=\"0\" aria-controls=\"elementor-toc__3ba95c8a\" aria-expanded=\"true\" aria-label=\"Open table of contents\"><svg aria-hidden=\"true\" class=\"e-font-icon-svg e-fas-chevron-down\" viewBox=\"0 0 448 512\" xmlns=\"http:\/\/www.w3.org\/2000\/svg\"><path d=\"M207.029 381.476L12.686 187.132c-9.373-9.373-9.373-24.569 0-33.941l22.667-22.667c9.357-9.357 24.522-9.375 33.901-.04L224 284.505l154.745-154.021c9.379-9.335 24.544-9.317 33.901.04l22.667 22.667c9.373 9.373 9.373 24.569 0 33.941L240.971 381.476c-9.373 9.372-24.569 9.372-33.942 0z\"><\/path><\/svg><\/div>\n\t\t\t\t<div class=\"elementor-toc__toggle-button elementor-toc__toggle-button--collapse\" role=\"button\" tabindex=\"0\" aria-controls=\"elementor-toc__3ba95c8a\" aria-expanded=\"true\" aria-label=\"Close table of contents\"><svg aria-hidden=\"true\" class=\"e-font-icon-svg e-fas-chevron-up\" viewBox=\"0 0 448 512\" xmlns=\"http:\/\/www.w3.org\/2000\/svg\"><path d=\"M240.971 130.524l194.343 194.343c9.373 9.373 9.373 24.569 0 33.941l-22.667 22.667c-9.357 9.357-24.522 9.375-33.901.04L224 227.495 69.255 381.516c-9.379 9.335-24.544 9.317-33.901-.04l-22.667-22.667c-9.373-9.373-9.373-24.569 0-33.941L207.03 130.525c9.372-9.373 24.568-9.373 33.941-.001z\"><\/path><\/svg><\/div>\n\t\t\t\t\t<\/div>\n\t\t\t\t<div id=\"elementor-toc__3ba95c8a\" class=\"elementor-toc__body\">\n\t\t\t<div class=\"elementor-toc__spinner-container\">\n\t\t\t\t<svg class=\"elementor-toc__spinner eicon-animation-spin e-font-icon-svg e-eicon-loading\" aria-hidden=\"true\" viewBox=\"0 0 1000 1000\" xmlns=\"http:\/\/www.w3.org\/2000\/svg\"><path d=\"M500 975V858C696 858 858 696 858 500S696 142 500 142 142 304 142 500H25C25 237 238 25 500 25S975 237 975 500 763 975 500 975Z\"><\/path><\/svg>\t\t\t<\/div>\n\t\t<\/div>\n\t\t\t\t\t\t<\/div>\n\t\t\t\t\t<\/div>\n\t\t<\/div>\n\t\t\t\t\t<\/div>\n\t\t<\/section>\n\t\t\t\t<\/div>\n\t\t\n<h2>\u00bfCu\u00e1nto tiempo tengo para denunciar un accidente de trabajo en Palm Bay, Florida?<\/h2>\n<p>La primera orden del d\u00eda ser\u00e1 presentar un informe formal a su empleador, supervisor inmediato o capataz. Esto debe hacerse con toda premura.<\/p>\n<p>En el estado de Florida, el estatuto de limitaciones para reportar una lesi\u00f3n en el lugar de trabajo a su empleador es de 30 d\u00edas desde el momento del incidente que caus\u00f3 la lesi\u00f3n.<\/p>\n<p>Esta notificaci\u00f3n de 30 d\u00edas se realiza para dar a su empleador la oportunidad de investigar mientras todav\u00eda hay pruebas frescas para examinar. Si no presenta una denuncia en el plazo de 30 d\u00edas, es muy probable que pierda la oportunidad de obtener una indemnizaci\u00f3n por accidente de trabajo.<\/p>\n<p>La cuenta atr\u00e1s para este plazo de 30 d\u00edas comienza en el momento del accidente que provoc\u00f3 sus lesiones. Sin embargo, hay enfermedades y afecciones \u00abprofesionales\u00bb que tambi\u00e9n pueden estar cubiertas por la indemnizaci\u00f3n por accidente de trabajo.<\/p>\n<p>En tal caso, la cuenta atr\u00e1s empezar\u00e1 cuando tenga conocimiento de la afecci\u00f3n, es decir, cuando se la diagnostique un m\u00e9dico cualificado.<\/p>\n<p><a href=\"https:\/\/floridalawyers360.com\/wp-content\/uploads\/2024\/03\/palm-bay-report-work-injury1-copy.webp\"><img fetchpriority=\"high\" decoding=\"async\" class=\"alignnone size-full wp-image-4586\" src=\"https:\/\/floridalawyers360.com\/wp-content\/uploads\/2024\/03\/palm-bay-report-work-injury1-copy.webp\" alt=\"How long do I have to report a work injury\" width=\"500\" height=\"334\" srcset=\"https:\/\/floridalawyers360.com\/wp-content\/uploads\/2024\/03\/palm-bay-report-work-injury1-copy.webp 500w, https:\/\/floridalawyers360.com\/wp-content\/uploads\/2024\/03\/palm-bay-report-work-injury1-copy-300x200.webp 300w\" sizes=\"(max-width: 500px) 100vw, 500px\" \/><\/a><\/p>\n<h2>\u00bfA qui\u00e9n hay que informar?<\/h2>\n<p>Si se ha lesionado en el trabajo, deber\u00e1 informar a su empresario o a su supervisor inmediato.<\/p>\n<p>Probablemente encontrar\u00e1 a la persona a la que debe hacer este informe en el manual del empleado que se le entreg\u00f3 al comienzo de su empleo en este lugar de trabajo.<\/p>\n<p>Las leyes de compensaci\u00f3n de trabajadores de Florida no requieren que su informe se haga por escrito, pero le recomendamos encarecidamente que entregue un informe escrito de la lesi\u00f3n a su empleador.<\/p>\n<p>Esto se debe a que habr\u00e1 ocasiones en las que un empleador niegue haber recibido un informe verbal y tener un informe escrito a mano proporciona evidencia de este importante paso para obtener su compensaci\u00f3n laboral.<\/p>\n<h2>\u00bfCu\u00e1les son las responsabilidades del empresario tras recibir un aviso de accidente laboral?<\/h2>\n<p>Una vez que el empresario ha recibido el informe de que su empleado ha sufrido lesiones en el lugar de trabajo, es responsable de tomar las siguientes medidas:<\/p>\n<h3>Buscar atenci\u00f3n m\u00e9dica para el empleado lesionado<\/h3>\n<p>El empresario debe asegurarse de que el empleado lesionado recibe atenci\u00f3n m\u00e9dica. Para ello, puede llamar a los servicios de emergencia o asegurarse de que se le lleva a un profesional m\u00e9dico para que le examine y le trate.<\/p>\n<h3>Seguir las recomendaciones de la OSHA<\/h3>\n<p>Los empresarios son responsables de informar a la Administraci\u00f3n de Seguridad y Salud en el Trabajo de las lesiones que se produzcan en el lugar de trabajo.<\/p>\n<p>Los accidentes que provocan amputaciones y p\u00e9rdidas oculares deben notificarse en las 24 horas siguientes al incidente, y en 8 horas los que provocan la muerte o la hospitalizaci\u00f3n.<\/p>\n<p><a href=\"https:\/\/floridalawyers360.com\/wp-content\/uploads\/2024\/03\/palm-bay-report-work-injury2-copy.webp\"><img decoding=\"async\" class=\"alignnone size-full wp-image-4584\" src=\"https:\/\/floridalawyers360.com\/wp-content\/uploads\/2024\/03\/palm-bay-report-work-injury2-copy.webp\" alt=\"To prevent a work injury, follow OSHA regulations\" width=\"500\" height=\"334\" srcset=\"https:\/\/floridalawyers360.com\/wp-content\/uploads\/2024\/03\/palm-bay-report-work-injury2-copy.webp 500w, https:\/\/floridalawyers360.com\/wp-content\/uploads\/2024\/03\/palm-bay-report-work-injury2-copy-300x200.webp 300w\" sizes=\"(max-width: 500px) 100vw, 500px\" \/><\/a><\/p>\n<h3>Revisar los planes de emergencia<\/h3>\n<p>El empresario debe revisar los planes de contingencia existentes para un caso de este tipo y las directrices establecidas para evitar que se produzcan estos accidentes. Si no existe tal plan, es un buen momento para crearlo.<\/p>\n<h3>Velar por la seguridad de los dem\u00e1s empleados<\/h3>\n<p>Si un empleado ha resultado herido, existe una posibilidad de peligro y hay que alejar a los dem\u00e1s empleados de la zona de peligro.<\/p>\n<h3>Obtenga informaci\u00f3n, recoja pruebas y examine fotos<\/h3>\n<p>Es importante reunir todas las pruebas relacionadas con el incidente que caus\u00f3 la lesi\u00f3n. Esto podr\u00eda significar recoger pruebas en forma de fotos y grabaciones de vigilancia, as\u00ed como hablar con los empleados que presenciaron el suceso.<\/p>\n<h3>Mantener una comunicaci\u00f3n abierta<\/h3>\n<p>El empresario debe mantener el contacto con el empleado lesionado durante el proceso para asegurarse de que \u00e9ste est\u00e1 al corriente del desarrollo del mismo.<\/p>\n<h2>\u00bfCu\u00e1les son las responsabilidades del empleado tras sufrir un accidente laboral?<\/h2>\n<p>La siguiente informaci\u00f3n figura en el manual que se entrega a los empleados y tambi\u00e9n puede consultarse en el sitio web del SBWC. En \u00e9l se indica qu\u00e9 hacer en caso de accidente laboral.<\/p>\n<h3>1. Notificar la lesi\u00f3n antes de 30 d\u00edas<\/h3>\n<p>La primera responsabilidad ser\u00e1 informar adecuadamente de la lesi\u00f3n antes de que transcurran 30 d\u00edas desde el incidente; no hacerlo podr\u00eda anular sus posibilidades de obtener una indemnizaci\u00f3n por accidente de trabajo.<\/p>\n<p>Para notificar correctamente el incidente, aseg\u00farese de que en el informe figuran correctamente los siguientes datos:<\/p>\n<ul>\n<li>Fecha y hora en que se produjo el incidente.<\/li>\n<li>Lugar donde se produjo el incidente.<\/li>\n<li>Qu\u00e9 estaba haciendo el empleado en el momento del incidente.<\/li>\n<li>S\u00edntomas que indicaban la presencia de una lesi\u00f3n.<\/li>\n<li>Partes del cuerpo afectadas en la lesi\u00f3n.<\/li>\n<li>Supervisores, compa\u00f1eros de trabajo o cualquier otra persona presente que pueda haber presenciado el incidente.<\/li>\n<\/ul>\n<h3>2. Que las lesiones sean examinadas por un m\u00e9dico certificado de WC\/MCO<\/h3>\n<p>Las lesiones sufridas en el lugar de trabajo deben ser examinadas por un m\u00e9dico certificado de la WC\/MCO.<\/p>\n<p>Su empresario es responsable de incluir los nombres y datos de contacto de 6 m\u00e9dicos de WC\/MCO en el manual del empleado. Pero tambi\u00e9n puede encontrar una lista de los m\u00e9dicos certificados WC\/MCO de su zona en la p\u00e1gina web del SBWC.<\/p>\n<p><a href=\"https:\/\/floridalawyers360.com\/wp-content\/uploads\/2024\/03\/palm-bay-reporting-work-injury3-copy.webp\"><img decoding=\"async\" class=\"alignnone size-full wp-image-4582\" src=\"https:\/\/floridalawyers360.com\/wp-content\/uploads\/2024\/03\/palm-bay-reporting-work-injury3-copy.webp\" alt=\"After reporting a work injury, file a workers' comp claim\" width=\"500\" height=\"334\" srcset=\"https:\/\/floridalawyers360.com\/wp-content\/uploads\/2024\/03\/palm-bay-reporting-work-injury3-copy.webp 500w, https:\/\/floridalawyers360.com\/wp-content\/uploads\/2024\/03\/palm-bay-reporting-work-injury3-copy-300x200.webp 300w\" sizes=\"(max-width: 500px) 100vw, 500px\" \/><\/a><\/p>\n<h3>3. Presente su reclamaci\u00f3n de indemnizaci\u00f3n por accidente de trabajo<\/h3>\n<p>Despu\u00e9s de informar de la lesi\u00f3n a su supervisor o a su empresa, debe presentar su reclamaci\u00f3n ante la Junta Estatal de Indemnizaci\u00f3n por Accidentes Laborales rellenando y enviando el formulario WC-14. Otra copia de este formulario debe rellenarse y enviarse a su empresa.<\/p>\n<p>Se recomienda encarecidamente que tambi\u00e9n rellene un formulario para sus propios archivos.<\/p>\n<h2>Notas finales sobre la denuncia de una lesi\u00f3n laboral en Palm Bay, Florida<\/h2>\n<p>La Coalici\u00f3n de Abogados de Compensaci\u00f3n Laboral de Florida en Palm Bay tiene mucha experiencia en el manejo de estas reclamaciones de compensaci\u00f3n laboral.<\/p>\n<p>Ll\u00e1menos hoy al <a href=\"tel:+19544487355\"><i class=\"fa fa-phone-alt\"><\/i>954-448-7355<\/a> y perm\u00edtanos ayudarle con el aspecto legal de obtener su compensaci\u00f3n laboral mientras usted concentra su mente y esfuerzo en recuperarse por completo.<\/p>\n","protected":false},"excerpt":{"rendered":"<p>Si ha sufrido un accidente laboral, puede sentirse confuso e inseguro sobre qu\u00e9 hacer a continuaci\u00f3n. Adem\u00e1s de sufrir el dolor y las molestias de la lesi\u00f3n, es comprensible que le preocupen sus perspectivas econ\u00f3micas. Tendr\u00e1 que hacer frente a los elevados costes del tratamiento m\u00e9dico y a la posibilidad de perder el salario por [&hellip;]<\/p>\n","protected":false},"author":22,"featured_media":0,"parent":5998,"menu_order":0,"comment_status":"closed","ping_status":"closed","template":"","meta":{"_acf_changed":false,"anchor_text":"","footnotes":""},"categories":[],"tags":[],"class_list":["post-6009","page","type-page","status-publish","hentry"],"acf":[],"_links":{"self":[{"href":"https:\/\/floridalawyers360.com\/es\/wp-json\/wp\/v2\/pages\/6009","targetHints":{"allow":["GET"]}}],"collection":[{"href":"https:\/\/floridalawyers360.com\/es\/wp-json\/wp\/v2\/pages"}],"about":[{"href":"https:\/\/floridalawyers360.com\/es\/wp-json\/wp\/v2\/types\/page"}],"author":[{"embeddable":true,"href":"https:\/\/floridalawyers360.com\/es\/wp-json\/wp\/v2\/users\/22"}],"replies":[{"embeddable":true,"href":"https:\/\/floridalawyers360.com\/es\/wp-json\/wp\/v2\/comments?post=6009"}],"version-history":[{"count":3,"href":"https:\/\/floridalawyers360.com\/es\/wp-json\/wp\/v2\/pages\/6009\/revisions"}],"predecessor-version":[{"id":6254,"href":"https:\/\/floridalawyers360.com\/es\/wp-json\/wp\/v2\/pages\/6009\/revisions\/6254"}],"up":[{"embeddable":true,"href":"https:\/\/floridalawyers360.com\/es\/wp-json\/wp\/v2\/pages\/5998"}],"wp:attachment":[{"href":"https:\/\/floridalawyers360.com\/es\/wp-json\/wp\/v2\/media?parent=6009"}],"wp:term":[{"taxonomy":"category","embeddable":true,"href":"https:\/\/floridalawyers360.com\/es\/wp-json\/wp\/v2\/categories?post=6009"},{"taxonomy":"post_tag","embeddable":true,"href":"https:\/\/floridalawyers360.com\/es\/wp-json\/wp\/v2\/tags?post=6009"}],"curies":[{"name":"wp","href":"https:\/\/api.w.org\/{rel}","templated":true}]}}