{"id":6006,"date":"2024-02-14T10:09:04","date_gmt":"2024-02-14T15:09:04","guid":{"rendered":"https:\/\/floridalawyers360.com\/palm-bay\/palm-bay-workers-compensation-lawyer\/"},"modified":"2024-03-20T00:44:10","modified_gmt":"2024-03-20T05:44:10","slug":"palm-bay-compensacion-a-los-trabajadores-abogado","status":"publish","type":"page","link":"https:\/\/floridalawyers360.com\/es\/palm-bay\/palm-bay-compensacion-a-los-trabajadores-abogado\/","title":{"rendered":"Palm Bay Compensaci\u00f3n a los Trabajadores Abogado"},"content":{"rendered":"<p>Si usted ha sido lesionado mientras realizaba su trabajo en Palm Bay, FL, necesita llamar a un abogado efectivo en compensaci\u00f3n al trabajador de Palm Bay para presentar una demanda de compensaci\u00f3n al trabajador.<\/p>\n<p>Florida Lawyers 360 es un bufete de abogados dedicado y listo para ayudar con cualquier acci\u00f3n legal que necesite tomar despu\u00e9s de sus lesiones en el trabajo.<\/p>\n<p>Hemos trabajado en muchos casos de compensaci\u00f3n laboral en Palm Bay, FL y estamos listos para comenzar a trabajar en el suyo hoy mismo. Ll\u00e1menos ahora al <a href=\"tel:+19544487355\"><i class=\"fa fa-phone-alt\"><\/i>954-448-7355<\/a> y hable con el mejor abogado de compensaci\u00f3n laboral de Palm Bay hoy mismo.<\/p>\n\t\t<div data-elementor-type=\"section\" data-elementor-id=\"208\" class=\"elementor elementor-208\" data-elementor-post-type=\"elementor_library\">\n\t\t\t\t\t<section class=\"elementor-section elementor-top-section elementor-element elementor-element-485e576a elementor-section-boxed elementor-section-height-default elementor-section-height-default\" data-id=\"485e576a\" data-element_type=\"section\" data-e-type=\"section\">\n\t\t\t\t\t\t<div class=\"elementor-container elementor-column-gap-default\">\n\t\t\t\t\t<div class=\"elementor-column elementor-col-100 elementor-top-column elementor-element elementor-element-635c38c0\" data-id=\"635c38c0\" data-element_type=\"column\" data-e-type=\"column\">\n\t\t\t<div class=\"elementor-widget-wrap elementor-element-populated\">\n\t\t\t\t\t\t<div class=\"elementor-element elementor-element-3ba95c8a elementor-toc--minimized-on-tablet elementor-widget elementor-widget-table-of-contents\" data-id=\"3ba95c8a\" data-element_type=\"widget\" data-e-type=\"widget\" data-settings=\"{&quot;exclude_headings_by_selector&quot;:&quot;.toc-remove&quot;,&quot;headings_by_tags&quot;:[&quot;h2&quot;,&quot;h3&quot;],&quot;marker_view&quot;:&quot;numbers&quot;,&quot;no_headings_message&quot;:&quot;No headings were found on this page.&quot;,&quot;minimize_box&quot;:&quot;yes&quot;,&quot;minimized_on&quot;:&quot;tablet&quot;,&quot;hierarchical_view&quot;:&quot;yes&quot;,&quot;min_height&quot;:{&quot;unit&quot;:&quot;px&quot;,&quot;size&quot;:&quot;&quot;,&quot;sizes&quot;:[]},&quot;min_height_tablet&quot;:{&quot;unit&quot;:&quot;px&quot;,&quot;size&quot;:&quot;&quot;,&quot;sizes&quot;:[]},&quot;min_height_mobile&quot;:{&quot;unit&quot;:&quot;px&quot;,&quot;size&quot;:&quot;&quot;,&quot;sizes&quot;:[]}}\" data-widget_type=\"table-of-contents.default\">\n\t\t\t\t\t\t\t\t\t<div class=\"elementor-toc__header\">\n\t\t\t\t\t\t<div class=\"elementor-toc__header-title\">\n\t\t\t\tTable of Contents\t\t\t<\/div>\n\t\t\t\t\t\t\t\t\t\t<div class=\"elementor-toc__toggle-button elementor-toc__toggle-button--expand\" role=\"button\" tabindex=\"0\" aria-controls=\"elementor-toc__3ba95c8a\" aria-expanded=\"true\" aria-label=\"Open table of contents\"><svg aria-hidden=\"true\" class=\"e-font-icon-svg e-fas-chevron-down\" viewBox=\"0 0 448 512\" xmlns=\"http:\/\/www.w3.org\/2000\/svg\"><path d=\"M207.029 381.476L12.686 187.132c-9.373-9.373-9.373-24.569 0-33.941l22.667-22.667c9.357-9.357 24.522-9.375 33.901-.04L224 284.505l154.745-154.021c9.379-9.335 24.544-9.317 33.901.04l22.667 22.667c9.373 9.373 9.373 24.569 0 33.941L240.971 381.476c-9.373 9.372-24.569 9.372-33.942 0z\"><\/path><\/svg><\/div>\n\t\t\t\t<div class=\"elementor-toc__toggle-button elementor-toc__toggle-button--collapse\" role=\"button\" tabindex=\"0\" aria-controls=\"elementor-toc__3ba95c8a\" aria-expanded=\"true\" aria-label=\"Close table of contents\"><svg aria-hidden=\"true\" class=\"e-font-icon-svg e-fas-chevron-up\" viewBox=\"0 0 448 512\" xmlns=\"http:\/\/www.w3.org\/2000\/svg\"><path d=\"M240.971 130.524l194.343 194.343c9.373 9.373 9.373 24.569 0 33.941l-22.667 22.667c-9.357 9.357-24.522 9.375-33.901.04L224 227.495 69.255 381.516c-9.379 9.335-24.544 9.317-33.901-.04l-22.667-22.667c-9.373-9.373-9.373-24.569 0-33.941L207.03 130.525c9.372-9.373 24.568-9.373 33.941-.001z\"><\/path><\/svg><\/div>\n\t\t\t\t\t<\/div>\n\t\t\t\t<div id=\"elementor-toc__3ba95c8a\" class=\"elementor-toc__body\">\n\t\t\t<div class=\"elementor-toc__spinner-container\">\n\t\t\t\t<svg class=\"elementor-toc__spinner eicon-animation-spin e-font-icon-svg e-eicon-loading\" aria-hidden=\"true\" viewBox=\"0 0 1000 1000\" xmlns=\"http:\/\/www.w3.org\/2000\/svg\"><path d=\"M500 975V858C696 858 858 696 858 500S696 142 500 142 142 304 142 500H25C25 237 238 25 500 25S975 237 975 500 763 975 500 975Z\"><\/path><\/svg>\t\t\t<\/div>\n\t\t<\/div>\n\t\t\t\t\t\t<\/div>\n\t\t\t\t\t<\/div>\n\t\t<\/div>\n\t\t\t\t\t<\/div>\n\t\t<\/section>\n\t\t\t\t<\/div>\n\t\t\n<h2>\u00bfQu\u00e9 es la indemnizaci\u00f3n por accidente laboral en Florida?<\/h2>\n<p>Seg\u00fan la legislaci\u00f3n de Florida, los empresarios est\u00e1n obligados a tener un seguro de indemnizaci\u00f3n por accidentes laborales. Se trata de una p\u00f3liza que adquiere el empresario para garantizar que los empleados tengan prestaciones tras sufrir lesiones en el trabajo.<\/p>\n<p>Con esta cobertura, los empleadores son inmunes a una demanda por lesiones personales. Por lo tanto, si usted se lesiona durante el trabajo, tiene derecho a las siguientes prestaciones.<\/p>\n<ul>\n<li>Tratamiento m\u00e9dico, incluidas las estancias hospitalarias en las que la aseguradora de la empresa paga los gastos.<\/li>\n<li>Si su m\u00e9dico le ordena permanecer de baja durante un periodo de tiempo, tiene derecho a prestaciones por incapacidad total temporal.<\/li>\n<li>Gastos de fisioterapia<\/li>\n<li>Gastos de desplazamiento necesarios relacionados con el tratamiento de sus lesiones.<\/li>\n<li>Recetas m\u00e9dicas<\/li>\n<li>Rehabilitaci\u00f3n profesional.<\/li>\n<\/ul>\n<p>&nbsp;<\/p>\n<p>Tenga en cuenta que los beneficios de compensaci\u00f3n laboral son diferentes en cada estado. Si ha sufrido alguna lesi\u00f3n mientras realizaba su trabajo en Florida, \u00a1llame ahora a Florida Lawyers 360! Somos expertos en los estatutos de la ley de Florida y podemos presentar su reclamo de compensaci\u00f3n de trabajadores hoy.<\/p>\n<p><a href=\"https:\/\/floridalawyers360.com\/wp-content\/uploads\/2024\/03\/palm-bay-wc1-copy.webp\"><img fetchpriority=\"high\" decoding=\"async\" class=\"alignnone size-full wp-image-4589\" src=\"https:\/\/floridalawyers360.com\/wp-content\/uploads\/2024\/03\/palm-bay-wc1-copy.webp\" alt=\"Palm Bay Workers' Comensation Lawyer\" width=\"500\" height=\"334\" srcset=\"https:\/\/floridalawyers360.com\/wp-content\/uploads\/2024\/03\/palm-bay-wc1-copy.webp 500w, https:\/\/floridalawyers360.com\/wp-content\/uploads\/2024\/03\/palm-bay-wc1-copy-300x200.webp 300w\" sizes=\"(max-width: 500px) 100vw, 500px\" \/><\/a><\/p>\n<h2>\u00bfCu\u00e1les son las lesiones m\u00e1s comunes que sufren los empleados en el trabajo en Florida?<\/h2>\n<p>Cada caso es diferente, pero algunas de las lesiones comunes reportados por los trabajadores incluyen los siguientes.<\/p>\n<ul>\n<li>Accidentes por resbalones y ca\u00eddas<\/li>\n<li>Esguinces<\/li>\n<li>Golpes por objetos que caen<\/li>\n<li>Cortes y laceraciones<\/li>\n<li>Inhalaci\u00f3n de gases t\u00f3xicos<\/li>\n<li>Choques y colisiones<\/li>\n<\/ul>\n<p>Si ha sufrido alguna de estas lesiones en el trabajo en Palm Bay, FL, \u00a1llame ahora a Florida Lawyers 360! Estamos listos para comenzar a trabajar en su reclamo de compensaci\u00f3n laboral para asegurarnos de que reciba una compensaci\u00f3n por sus lesiones.<\/p>\n<h2>\u00bfQu\u00e9 debo hacer si me lesiono en el trabajo?<\/h2>\n<p>\u00c9stos son los pasos necesarios que debe dar si se lesiona en el trabajo. Empiece por notificar sus lesiones a su supervisor o empresario. Si no lo hace, podr\u00edan denegarle todas o algunas de sus prestaciones.<\/p>\n<p>Visita a un m\u00e9dico inmediatamente despu\u00e9s del accidente laboral y aseg\u00farate de seguir sus instrucciones en lo que respecta al tratamiento. Aseg\u00farate de obtener el informe m\u00e9dico completo con todas tus lesiones.<\/p>\n<p>No acudir al m\u00e9dico significa que sus lesiones no son graves y podr\u00eda dar lugar a indemnizaciones inferiores a las que merece. Lleve un registro escrito de todas sus lesiones y s\u00edntomas. Si experimenta algo nuevo, incluso despu\u00e9s de un tiempo, debe anotarlo.<\/p>\n<p>No llevar un diario de este tipo puede dar lugar a una indemnizaci\u00f3n inferior y a que acabes pagando de tu bolsillo la mayor parte de los gastos m\u00e9dicos.<\/p>\n<p>Si es posible, haz fotos y v\u00eddeos de tu lesi\u00f3n. Debes asegurarte de que has documentado todas tus lesiones. Si aparecen nuevas lesiones como consecuencia de la lesi\u00f3n, aseg\u00farate de documentarlas tambi\u00e9n. Las fotos y los v\u00eddeos se utilizar\u00e1n como pruebas en tu reclamaci\u00f3n.<\/p>\n<p>Presente inmediatamente una reclamaci\u00f3n de indemnizaci\u00f3n por accidente laboral. Si quieres recibir una indemnizaci\u00f3n, tienes que presentar tu reclamaci\u00f3n inmediatamente.<\/p>\n<p>Ll\u00e1menos a Florida Lawyers 360 y podremos presentar su reclamaci\u00f3n de indemnizaci\u00f3n laboral inmediatamente. Con nuestra amplia experiencia en el manejo de reclamaciones de compensaci\u00f3n de trabajadores, podemos asegurarnos de que el caso se maneja con el m\u00e1ximo cuidado y experiencia.<\/p>\n<p><a href=\"https:\/\/floridalawyers360.com\/wp-content\/uploads\/2024\/03\/palm-bay-wc2-copy.webp\"><img decoding=\"async\" class=\"alignnone size-full wp-image-4591\" src=\"https:\/\/floridalawyers360.com\/wp-content\/uploads\/2024\/03\/palm-bay-wc2-copy.webp\" alt=\"What should I do if I'm hurt on the job?\" width=\"500\" height=\"334\" srcset=\"https:\/\/floridalawyers360.com\/wp-content\/uploads\/2024\/03\/palm-bay-wc2-copy.webp 500w, https:\/\/floridalawyers360.com\/wp-content\/uploads\/2024\/03\/palm-bay-wc2-copy-300x200.webp 300w\" sizes=\"(max-width: 500px) 100vw, 500px\" \/><\/a><\/p>\n<h2>\u00bfPor qu\u00e9 necesito contratar a un abogado de compensaci\u00f3n laboral en Palm Bay?<\/h2>\n<p>Florida Lawyers 360 es la mejor opci\u00f3n para los mejores abogados de compensaci\u00f3n de trabajadores de Palm Bay en FL. Aqu\u00ed hay algunas razones por las que necesita llamarnos despu\u00e9s de sufrir un accidente de trabajo.<\/p>\n<p>Podemos presentar una demanda y reunir las pruebas necesarias requeridas para su caso. Si usted no tiene ning\u00fan conocimiento legal, es posible que no entienda los procedimientos correctos a seguir al presentar una demanda de compensaci\u00f3n de trabajadores.<\/p>\n<p>Deje que nosotros lo hagamos por usted, ya que somos expertos, y evite perder una indemnizaci\u00f3n por culpa de peque\u00f1os errores.<\/p>\n<p>Si la compa\u00f1\u00eda de seguros ofrece una cantidad de liquidaci\u00f3n, estamos listos para negociar y asegurarnos de que reciba una compensaci\u00f3n justa. Al haber trabajado con muchas compa\u00f1\u00edas de seguros a lo largo de los a\u00f1os, sabemos que pueden tentarle con una cantidad menor.<\/p>\n<p>Podemos utilizar nuestras habilidades de negociaci\u00f3n de expertos para asegurarse de que recibe la compensaci\u00f3n adecuada para sus lesiones en el lugar de trabajo.<\/p>\n<p>Si no podemos llegar a un acuerdo sobre la cantidad correcta de liquidaci\u00f3n, su caso proceder\u00e1 a juicio. En Florida Lawyers 360, contamos con abogados litigantes experimentados y podemos garantizarle que le representaremos adecuadamente y nos aseguraremos de que reciba una compensaci\u00f3n por sus lesiones.<\/p>\n<p>\u00a1Ll\u00e1menos ahora y podemos empezar a trabajar en su caso! Estamos listos para luchar por sus derechos despu\u00e9s de sufrir una lesi\u00f3n en el lugar de trabajo para asegurar una compensaci\u00f3n justa.<\/p>\n<h2>\u00bfCu\u00e1nto cuesta contratar a un abogado de compensaci\u00f3n de trabajadores de Palm Bay?<\/h2>\n<p>Bueno, no necesita preocuparse por los honorarios legales que surjan de su caso por el momento. En Florida Lawyers 360, trabajamos en base a contingencia. Usted es nuestra m\u00e1xima prioridad en cualquier caso y s\u00f3lo cobraremos si usted recibe su indemnizaci\u00f3n.<\/p>\n<p>Por lo tanto, contrate a un abogado de compensaci\u00f3n laboral en Palm Bay hoy mismo y perm\u00edtanos empezar a trabajar para usted.<\/p>\n<h2>\u00bfQu\u00e9 Debo Hacer Si Mi Reclamo De Compensaci\u00f3n Laboral Es Negado En Palm Bay, FL?<\/h2>\n<p>Si su reclamo de compensaci\u00f3n al trabajador ha sido negado, estamos listos para revisar el proceso de negaci\u00f3n por parte de la compa\u00f1\u00eda de seguros. A continuaci\u00f3n, le ayudaremos con la apelaci\u00f3n a trav\u00e9s del proceso de apelaci\u00f3n de la Florida para las reclamaciones de compensaci\u00f3n de trabajadores.<\/p>\n<p>Estamos listos para representarlo durante todo el proceso.<\/p>\n<ul>\n<li>Algunas de las razones por las que su reclamo puede ser negado incluyen las siguientes.<\/li>\n<li>Si la lesi\u00f3n tuvo lugar en otro lugar y no en el trabajo.<\/li>\n<li>Si la lesi\u00f3n fue causada por una condici\u00f3n preexistente que no est\u00e1 relacionada con su trabajo.<\/li>\n<li>Si no informaste de la lesi\u00f3n o no presentaste la solicitud de indemnizaci\u00f3n a tiempo.<\/li>\n<li>Si la factura m\u00e9dica no coincide con la descripci\u00f3n del accidente o lesi\u00f3n laboral.<\/li>\n<li>Si el empresario cuestiona que la lesi\u00f3n no est\u00e9 relacionada con el trabajo.<\/li>\n<li>Si la aseguradora cree que est\u00e1s exagerando la gravedad de tus lesiones.<\/li>\n<li>Si te lesionaste en el trabajo bajo los efectos de las drogas o el alcohol.<\/li>\n<li>Si no hay testigos del accidente que provoc\u00f3 la lesi\u00f3n.<\/li>\n<\/ul>\n<p>&nbsp;<\/p>\n<p>Tenga en cuenta que, con cualquier reclamo de compensaci\u00f3n de trabajadores, habr\u00e1 disputas. Estamos listos para manejar cualquier desaf\u00edo que surja con su caso y seguir el proceso de apelaci\u00f3n para asegurarnos de que reciba una compensaci\u00f3n justa por sus lesiones laborales.<\/p>\n<p>Los abogados de compensaci\u00f3n de trabajadores de Palm Bay est\u00e1n aqu\u00ed para ayudarle con el proceso de apelaciones.<\/p>\n<p><a href=\"https:\/\/floridalawyers360.com\/wp-content\/uploads\/2024\/03\/palm-bay-wc3-copy.webp\"><img decoding=\"async\" class=\"alignnone size-full wp-image-4595\" src=\"https:\/\/floridalawyers360.com\/wp-content\/uploads\/2024\/03\/palm-bay-wc3-copy.webp\" alt=\"Get with a workers' compensation lawyer to help file your claim\" width=\"500\" height=\"334\" srcset=\"https:\/\/floridalawyers360.com\/wp-content\/uploads\/2024\/03\/palm-bay-wc3-copy.webp 500w, https:\/\/floridalawyers360.com\/wp-content\/uploads\/2024\/03\/palm-bay-wc3-copy-300x200.webp 300w\" sizes=\"(max-width: 500px) 100vw, 500px\" \/><\/a><\/p>\n<h2>\u00bfPuedo Ser Despedido Por Presentar Un Reclamo De Compensaci\u00f3n Laboral En Palm Bay, FL?<\/h2>\n<p>\u00bfEst\u00e1 dudando en presentar un reclamo de compensaci\u00f3n al trabajador porque le preocupa que lo despidan? Bueno, usted debe saber que bajo la Ley de Florida, su empleador no puede despedirlo por haber presentado una reclamaci\u00f3n de compensaci\u00f3n al trabajador.<\/p>\n<p>Como empleado oficial, usted tiene derecho a beneficios despu\u00e9s de sufrir una lesi\u00f3n por accidente laboral, independientemente de si usted caus\u00f3 o no la lesi\u00f3n en primer lugar.<\/p>\n<p>Un abogado de compensaci\u00f3n de trabajadores de Palm Bay puede asegurarse de que no se tomen acciones ilegales contra usted como resultado de presentar una reclamaci\u00f3n de compensaci\u00f3n de trabajadores.<\/p>\n<h2>\u00bfPuedo demandar a mi empresario tras un accidente laboral?<\/h2>\n<p>Si ha sufrido una lesi\u00f3n en el trabajo, no puede demandar a su empleador para obtener una indemnizaci\u00f3n por lesiones personales, si existe un seguro de indemnizaci\u00f3n por accidentes laborales. Su finalidad es proteger a los empresarios de demandas malintencionadas.<\/p>\n<p>Siempre y cuando usted haya recibido beneficios de compensaci\u00f3n por lesiones en el lugar de trabajo, usted no califica para beneficios por lesiones personales.<\/p>\n<h2>\u00bfExiste un L\u00edmite de Tiempo para Presentar un Reclamo de Compensaci\u00f3n Laboral en Palm Bay, FL?<\/h2>\n<p>Aseg\u00farese de reportar su accidente a su supervisor dentro de 30 d\u00edas. Luego, usted tiene un m\u00e1ximo de 2 a\u00f1os para presentar el reclamo de compensaci\u00f3n al trabajador.<\/p>\n<p>Llame a nuestros abogados de compensaci\u00f3n al trabajador de Palm BAy inmediatamente para que podamos evitar perder estos plazos importantes cuando se trata de sus beneficios de compensaci\u00f3n.<\/p>\n<h2>\u00bfPuede un Contratista Independiente Presentar una Demanda de Compensaci\u00f3n Laboral en Palm Bay, Fl?<\/h2>\n<p>Bajo la ley de compensaci\u00f3n de trabajadores en Florida, las \u00fanicas partes reconocidas son el empleador y el empleado. Si usted es un contratista independiente, no tiene derecho a recibir beneficios de compensaci\u00f3n.<\/p>\n<p>Como tal, usted no es elegible para presentar una reclamaci\u00f3n de compensaci\u00f3n de trabajadores por las lesiones sufridas despu\u00e9s de un accidente. Llame a nuestros abogados de compensaci\u00f3n de trabajadores de Palm Bay hoy?<\/p>\n<p><a href=\"https:\/\/floridalawyers360.com\/wp-content\/uploads\/2024\/03\/palm-bay-wc4-copy.webp\"><img loading=\"lazy\" decoding=\"async\" class=\"alignnone size-full wp-image-4593\" src=\"https:\/\/floridalawyers360.com\/wp-content\/uploads\/2024\/03\/palm-bay-wc4-copy.webp\" alt=\"Workers' Compenstion Lawyer\" width=\"500\" height=\"334\" srcset=\"https:\/\/floridalawyers360.com\/wp-content\/uploads\/2024\/03\/palm-bay-wc4-copy.webp 500w, https:\/\/floridalawyers360.com\/wp-content\/uploads\/2024\/03\/palm-bay-wc4-copy-300x200.webp 300w\" sizes=\"(max-width: 500px) 100vw, 500px\" \/><\/a><\/p>\n<h2>Comun\u00edquese con Florida Lawyers 360 para sus reclamos de compensaci\u00f3n laboral en Palm Bay<\/h2>\n<p>Los reclamos de compensaci\u00f3n laboral difieren dependiendo del tipo de lesi\u00f3n. Pase lo que pase, usted necesita asegurarse de contar con los mejores abogados de compensaci\u00f3n al trabajador en Palm Bay, FL para manejar su caso.<\/p>\n<p>Florida Lawyers 360, debe ser su primera opci\u00f3n cuando usted est\u00e1 buscando abogados de compensaci\u00f3n de trabajadores.<\/p>\n<p>Somos experimentados y diligentes. Tenemos experiencia en juicios y las mejores t\u00e1cticas de negociaci\u00f3n. Por lo tanto, \u00a1siempre estamos trabajando para usted! Nuestros abogados de compensaci\u00f3n de trabajadores de Palm Bay est\u00e1n listos para manejar cualquier desaf\u00edo que surja durante el caso.<\/p>\n<p>Nos aseguraremos de que usted entienda sus derechos como empleado y cu\u00e1nto merece como compensaci\u00f3n. Podemos trabajar dentro de los plazos requeridos para asegurarnos de que su caso de compensaci\u00f3n no sea negado.<\/p>\n<p>\u00a1Ll\u00e1menos ahora al <a href=\"tel:+19544487355\"><i class=\"fa fa-phone-alt\"><\/i>954-448-7355<\/a> para hablar con los mejores abogados de compensaci\u00f3n laboral de Palm Bay en Florida Lawyers 360!<\/p>\n","protected":false},"excerpt":{"rendered":"<p>Si usted ha sido lesionado mientras realizaba su trabajo en Palm Bay, FL, necesita llamar a un abogado efectivo en compensaci\u00f3n al trabajador de Palm Bay para presentar una demanda de compensaci\u00f3n al trabajador. Florida Lawyers 360 es un bufete de abogados dedicado y listo para ayudar con cualquier acci\u00f3n legal que necesite tomar despu\u00e9s [&hellip;]<\/p>\n","protected":false},"author":22,"featured_media":0,"parent":5998,"menu_order":0,"comment_status":"closed","ping_status":"closed","template":"","meta":{"_acf_changed":false,"anchor_text":"","footnotes":""},"categories":[],"tags":[],"class_list":["post-6006","page","type-page","status-publish","hentry"],"acf":[],"_links":{"self":[{"href":"https:\/\/floridalawyers360.com\/es\/wp-json\/wp\/v2\/pages\/6006","targetHints":{"allow":["GET"]}}],"collection":[{"href":"https:\/\/floridalawyers360.com\/es\/wp-json\/wp\/v2\/pages"}],"about":[{"href":"https:\/\/floridalawyers360.com\/es\/wp-json\/wp\/v2\/types\/page"}],"author":[{"embeddable":true,"href":"https:\/\/floridalawyers360.com\/es\/wp-json\/wp\/v2\/users\/22"}],"replies":[{"embeddable":true,"href":"https:\/\/floridalawyers360.com\/es\/wp-json\/wp\/v2\/comments?post=6006"}],"version-history":[{"count":2,"href":"https:\/\/floridalawyers360.com\/es\/wp-json\/wp\/v2\/pages\/6006\/revisions"}],"predecessor-version":[{"id":6007,"href":"https:\/\/floridalawyers360.com\/es\/wp-json\/wp\/v2\/pages\/6006\/revisions\/6007"}],"up":[{"embeddable":true,"href":"https:\/\/floridalawyers360.com\/es\/wp-json\/wp\/v2\/pages\/5998"}],"wp:attachment":[{"href":"https:\/\/floridalawyers360.com\/es\/wp-json\/wp\/v2\/media?parent=6006"}],"wp:term":[{"taxonomy":"category","embeddable":true,"href":"https:\/\/floridalawyers360.com\/es\/wp-json\/wp\/v2\/categories?post=6006"},{"taxonomy":"post_tag","embeddable":true,"href":"https:\/\/floridalawyers360.com\/es\/wp-json\/wp\/v2\/tags?post=6006"}],"curies":[{"name":"wp","href":"https:\/\/api.w.org\/{rel}","templated":true}]}}