{"id":6003,"date":"2024-02-14T10:08:31","date_gmt":"2024-02-14T15:08:31","guid":{"rendered":"https:\/\/floridalawyers360.com\/palm-bay\/palm-bay-personal-injury-lawyer\/"},"modified":"2024-03-20T00:43:42","modified_gmt":"2024-03-20T05:43:42","slug":"palm-bay-abogado-de-lesiones-personales","status":"publish","type":"page","link":"https:\/\/floridalawyers360.com\/es\/palm-bay\/palm-bay-abogado-de-lesiones-personales\/","title":{"rendered":"Palm Bay Abogado de Lesiones Personales"},"content":{"rendered":"<p>Estar involucrado en un accidente automovil\u00edstico es algo en lo que a nadie le gusta pensar. Pero m\u00e1s de 32.675 personas sucumbieron a sus lesiones debido a accidentes automovil\u00edsticos en Florida en 2014.<\/p>\n<p>Si usted est\u00e1 gravemente herido despu\u00e9s de estar involucrado en un accidente automovil\u00edstico en Palm Bay, Florida, usted tiene derecho a reclamar da\u00f1os y perjuicios de la parte culpable seg\u00fan la ley de Florida.<\/p>\n<p>Tratar de manejar su caso de accidente automovil\u00edstico por su cuenta no es lo mejor debido a la complejidad del proceso. Los abogados de lesiones personales de Palm Bay est\u00e1n aqu\u00ed para ayudarle con su caso.<\/p>\n<p>Florida Lawyers 360 es su socio de confianza en Palm Bay, Florida para todas sus demandas por lesiones personales. Nuestros abogados expertos en accidentes automovil\u00edsticos tienen amplia experiencia en el manejo de cientos de casos de accidentes automovil\u00edsticos en el pasado.<\/p>\n<p>Hemos ganado millones de d\u00f3lares en compensaci\u00f3n en nombre de nuestros clientes. Nuestro equipo est\u00e1 preparado para caminar esa milla extra para satisfacer las necesidades de nuestros clientes.<\/p>\n<p>Es por eso que usted necesita contratar a un abogado de lesiones personales confiable en Florida Lawyers 360 para presentar su demanda y obtener los beneficios adecuados. Llame hoy mismo a Florida Lawyers 360 al <a href=\"tel:+19544487355\"><i class=\"fa fa-phone-alt\"><\/i>954-448-7355<\/a> para todos sus casos de lesiones en Palm Bay, Florida.<\/p>\n\t\t<div data-elementor-type=\"section\" data-elementor-id=\"208\" class=\"elementor elementor-208\" data-elementor-post-type=\"elementor_library\">\n\t\t\t\t\t<section class=\"elementor-section elementor-top-section elementor-element elementor-element-485e576a elementor-section-boxed elementor-section-height-default elementor-section-height-default\" data-id=\"485e576a\" data-element_type=\"section\" data-e-type=\"section\">\n\t\t\t\t\t\t<div class=\"elementor-container elementor-column-gap-default\">\n\t\t\t\t\t<div class=\"elementor-column elementor-col-100 elementor-top-column elementor-element elementor-element-635c38c0\" data-id=\"635c38c0\" data-element_type=\"column\" data-e-type=\"column\">\n\t\t\t<div class=\"elementor-widget-wrap elementor-element-populated\">\n\t\t\t\t\t\t<div class=\"elementor-element elementor-element-3ba95c8a elementor-toc--minimized-on-tablet elementor-widget elementor-widget-table-of-contents\" data-id=\"3ba95c8a\" data-element_type=\"widget\" data-e-type=\"widget\" data-settings=\"{&quot;exclude_headings_by_selector&quot;:&quot;.toc-remove&quot;,&quot;headings_by_tags&quot;:[&quot;h2&quot;,&quot;h3&quot;],&quot;marker_view&quot;:&quot;numbers&quot;,&quot;no_headings_message&quot;:&quot;No se ha encontrado ning\\u00fan encabezado en esta p\\u00e1gina.&quot;,&quot;minimize_box&quot;:&quot;yes&quot;,&quot;minimized_on&quot;:&quot;tablet&quot;,&quot;hierarchical_view&quot;:&quot;yes&quot;,&quot;min_height&quot;:{&quot;unit&quot;:&quot;px&quot;,&quot;size&quot;:&quot;&quot;,&quot;sizes&quot;:[]},&quot;min_height_tablet&quot;:{&quot;unit&quot;:&quot;px&quot;,&quot;size&quot;:&quot;&quot;,&quot;sizes&quot;:[]},&quot;min_height_mobile&quot;:{&quot;unit&quot;:&quot;px&quot;,&quot;size&quot;:&quot;&quot;,&quot;sizes&quot;:[]}}\" data-widget_type=\"table-of-contents.default\">\n\t\t\t\t\t\t\t\t\t<div class=\"elementor-toc__header\">\n\t\t\t\t\t\t<div class=\"elementor-toc__header-title\">\n\t\t\t\tTable of Contents\t\t\t<\/div>\n\t\t\t\t\t\t\t\t\t\t<div class=\"elementor-toc__toggle-button elementor-toc__toggle-button--expand\" role=\"button\" tabindex=\"0\" aria-controls=\"elementor-toc__3ba95c8a\" aria-expanded=\"true\" aria-label=\"Abrir la tabla de contenidos\"><svg aria-hidden=\"true\" class=\"e-font-icon-svg e-fas-chevron-down\" viewBox=\"0 0 448 512\" xmlns=\"http:\/\/www.w3.org\/2000\/svg\"><path d=\"M207.029 381.476L12.686 187.132c-9.373-9.373-9.373-24.569 0-33.941l22.667-22.667c9.357-9.357 24.522-9.375 33.901-.04L224 284.505l154.745-154.021c9.379-9.335 24.544-9.317 33.901.04l22.667 22.667c9.373 9.373 9.373 24.569 0 33.941L240.971 381.476c-9.373 9.372-24.569 9.372-33.942 0z\"><\/path><\/svg><\/div>\n\t\t\t\t<div class=\"elementor-toc__toggle-button elementor-toc__toggle-button--collapse\" role=\"button\" tabindex=\"0\" aria-controls=\"elementor-toc__3ba95c8a\" aria-expanded=\"true\" aria-label=\"Cerrar la tabla de contenidos\"><svg aria-hidden=\"true\" class=\"e-font-icon-svg e-fas-chevron-up\" viewBox=\"0 0 448 512\" xmlns=\"http:\/\/www.w3.org\/2000\/svg\"><path d=\"M240.971 130.524l194.343 194.343c9.373 9.373 9.373 24.569 0 33.941l-22.667 22.667c-9.357 9.357-24.522 9.375-33.901.04L224 227.495 69.255 381.516c-9.379 9.335-24.544 9.317-33.901-.04l-22.667-22.667c-9.373-9.373-9.373-24.569 0-33.941L207.03 130.525c9.372-9.373 24.568-9.373 33.941-.001z\"><\/path><\/svg><\/div>\n\t\t\t\t\t<\/div>\n\t\t\t\t<div id=\"elementor-toc__3ba95c8a\" class=\"elementor-toc__body\">\n\t\t\t<div class=\"elementor-toc__spinner-container\">\n\t\t\t\t<svg class=\"elementor-toc__spinner eicon-animation-spin e-font-icon-svg e-eicon-loading\" aria-hidden=\"true\" viewBox=\"0 0 1000 1000\" xmlns=\"http:\/\/www.w3.org\/2000\/svg\"><path d=\"M500 975V858C696 858 858 696 858 500S696 142 500 142 142 304 142 500H25C25 237 238 25 500 25S975 237 975 500 763 975 500 975Z\"><\/path><\/svg>\t\t\t<\/div>\n\t\t<\/div>\n\t\t\t\t\t\t<\/div>\n\t\t\t\t\t<\/div>\n\t\t<\/div>\n\t\t\t\t\t<\/div>\n\t\t<\/section>\n\t\t\t\t<\/div>\n\t\t\n<h2>Lo que debe hacer despu\u00e9s de un accidente de coche<\/h2>\n<p>Los accidentes automovil\u00edsticos son comunes en Palm Bay FL. La mayor\u00eda de las personas no tienen idea de lo que deben hacer poco despu\u00e9s de un accidente automovil\u00edstico. Hacer lo incorrecto puede afectar sus posibilidades de obtener la m\u00e1xima compensaci\u00f3n por sus lesiones.<\/p>\n<p>Estos son algunos de los pasos m\u00e1s importantes a seguir despu\u00e9s de un accidente de coche en Palm Bay Florida:<\/p>\n<ul>\n<li>Reportar el accidente a la polic\u00eda y obtener una copia del informe policial<\/li>\n<li>Obtenga ayuda m\u00e9dica, incluso si usted no est\u00e1 gravemente herido<\/li>\n<li>Video de la escena o tomar fotos si usted est\u00e1 en condiciones de hacerlo<\/li>\n<li>Intercambie informaci\u00f3n sobre la licencia, el seguro y los datos de contacto con el otro conductor.<\/li>\n<li>Consigue los nombres, direcciones y n\u00fameros de tel\u00e9fono de los testigos del accidente.<\/li>\n<li>Nunca admita la culpa del accidente hasta que hable con un abogado de lesiones cualificado y con experiencia.<\/li>\n<li>Finalmente, usted necesita contratar al mejor abogado de lesiones personales de Palm Bay para manejar su caso.<\/li>\n<\/ul>\n<p>&nbsp;<\/p>\n<p><a href=\"https:\/\/floridalawyers360.com\/wp-content\/uploads\/2024\/03\/palm-bay-pi1-copy.webp\"><img fetchpriority=\"high\" decoding=\"async\" class=\"alignnone size-full wp-image-4575\" src=\"https:\/\/floridalawyers360.com\/wp-content\/uploads\/2024\/03\/palm-bay-pi1-copy.webp\" alt=\"Call Our Palm Bay Personal Injury Lawyer after a accident\" width=\"500\" height=\"334\" srcset=\"https:\/\/floridalawyers360.com\/wp-content\/uploads\/2024\/03\/palm-bay-pi1-copy.webp 500w, https:\/\/floridalawyers360.com\/wp-content\/uploads\/2024\/03\/palm-bay-pi1-copy-300x200.webp 300w\" sizes=\"(max-width: 500px) 100vw, 500px\" \/><\/a><\/p>\n<h2>\u00bfPor qu\u00e9 necesita un abogado que lleve su caso?<\/h2>\n<p>Si piensa que gastar en un abogado cualificado es una p\u00e9rdida de dinero, deber\u00eda pens\u00e1rselo dos veces. Demostrar la negligencia de la parte culpable no es tarea f\u00e1cil &#8211; especialmente en un estado como Florida donde se practica la negligencia comparativa pura.<\/p>\n<p>La legislaci\u00f3n de Florida permite a ambas partes implicadas en el accidente presentar demandas por lesiones personales para reclamar da\u00f1os y perjuicios por sus lesiones. Por ejemplo, si se determina que una de las partes es responsable del 50% del accidente, s\u00f3lo recibir\u00e1 el 50% de la indemnizaci\u00f3n total.<\/p>\n<p>Esta es la raz\u00f3n por la que necesita contratar a un abogado de lesiones personales de confianza en Palm Bay para que se encargue de su caso de accidente de coche:<\/p>\n<ul>\n<li>Los abogados tienen una amplia experiencia en la preparaci\u00f3n de casos y presentaci\u00f3n de demandas<\/li>\n<li>Pueden negociar con el proveedor de seguros para obtener una compensaci\u00f3n adecuada por sus lesiones<\/li>\n<li>El abogado llevar\u00e1 su caso a juicio si la compa\u00f1\u00eda de seguros no ofrece la compensaci\u00f3n que usted se merece.<\/li>\n<li>What Type Of Damages Can You Recover In Florida?<\/li>\n<\/ul>\n<p>&nbsp;<\/p>\n<h2>Usted tiene derecho a recuperar tres tipos de da\u00f1os por sus lesiones en Florida:<\/h2>\n<ul>\n<li>Los da\u00f1os econ\u00f3micos incluyen salarios perdidos, facturas m\u00e9dicas, gastos m\u00e9dicos futuros, prestaciones por incapacidad y p\u00e9rdida de calidad de vida.<\/li>\n<li>Los beneficios no econ\u00f3micos incluyen angustia mental y emocional, dolor, sufrimiento y p\u00e9rdida de compa\u00f1\u00eda.<\/li>\n<li>Los da\u00f1os punitivos est\u00e1n dise\u00f1ados para castigar al demandado por su comportamiento imprudente e irresponsable. Se pretende disuadir a otros conductores de comportarse de manera similar.<\/li>\n<\/ul>\n<p>La contrataci\u00f3n de un abogado de lesiones personales de Palm Bay se asegurar\u00e1 de que usted recupere los da\u00f1os sufridos.<\/p>\n<p><a href=\"https:\/\/floridalawyers360.com\/wp-content\/uploads\/2024\/03\/palm-bay-pi2-copy.webp\"><img decoding=\"async\" class=\"alignnone size-full wp-image-4577\" src=\"https:\/\/floridalawyers360.com\/wp-content\/uploads\/2024\/03\/palm-bay-pi2-copy.webp\" alt=\"Hire a personal injury Lawyer\" width=\"500\" height=\"334\" srcset=\"https:\/\/floridalawyers360.com\/wp-content\/uploads\/2024\/03\/palm-bay-pi2-copy.webp 500w, https:\/\/floridalawyers360.com\/wp-content\/uploads\/2024\/03\/palm-bay-pi2-copy-300x200.webp 300w\" sizes=\"(max-width: 500px) 100vw, 500px\" \/><\/a><\/p>\n<h2>\u00bfC\u00f3mo se determina la responsabilidad en Florida?<\/h2>\n<p>Como usted ya sabe, Florida es un estado de pura negligencia comparativa donde la v\u00edctima es compensada dependiendo de su participaci\u00f3n en el accidente.<\/p>\n<p>Por ejemplo, si se determina que la v\u00edctima tuvo un 30% de culpa en la causa del accidente, el juez o jurado reducir\u00e1 su indemnizaci\u00f3n al 70% de la indemnizaci\u00f3n total disponible.<\/p>\n<p>Hay 4 elementos importantes que deben probarse para recibir indemnizaci\u00f3n por las lesiones sufridas en un accidente de coche:<\/p>\n<ul>\n<li>El demandado ten\u00eda un deber de cuidado hacia el demandante<\/li>\n<li>El demandado incumpli\u00f3 su deber de diligencia actuando de forma irresponsable<\/li>\n<li>El accidente se produjo debido a esta infracci\u00f3n<\/li>\n<li>El demandante sufri\u00f3 lesiones como consecuencia directa del accidente y no por otra causa<\/li>\n<li>How Much Time Do You Have To File A Personal Injury Case In Florida?<\/li>\n<\/ul>\n<p>La ley de prescripci\u00f3n de Florida entrar\u00e1 en vigor cuatro a\u00f1os despu\u00e9s del accidente. La v\u00edctima dispone de cuatro a\u00f1os desde la fecha del accidente para presentar una demanda por lesiones personales contra la parte culpable y reclamar una indemnizaci\u00f3n adecuada.<\/p>\n<p>P\u00f3ngase en contacto con un abogado de lesiones personales de Palm Bay para asegurarse de presentar una reclamaci\u00f3n lo antes posible.<\/p>\n<h2>\u00bfCu\u00e1nto cuesta un abogado de lesiones personales en Palm Bay?<\/h2>\n<p>Los abogados de lesiones personales de Florida Lawyers 360 no cobran nada por llevar su caso. Ellos trabajan en base a honorarios de contingencia.<\/p>\n<p>Usted s\u00f3lo tiene que pagar al abogado un porcentaje de su indemnizaci\u00f3n una vez que \u00e9l o ella gane su caso y obtenga una indemnizaci\u00f3n en su nombre. Llame a nuestros abogados de lesiones personales de Palm Bay para una consulta.<\/p>\n<p><a href=\"https:\/\/floridalawyers360.com\/wp-content\/uploads\/2024\/03\/palm-bay-pi3-copy.webp\"><img decoding=\"async\" class=\"alignnone size-full wp-image-4579\" src=\"https:\/\/floridalawyers360.com\/wp-content\/uploads\/2024\/03\/palm-bay-pi3-copy.webp\" alt=\"Personal Injury Lawy\" width=\"500\" height=\"334\" srcset=\"https:\/\/floridalawyers360.com\/wp-content\/uploads\/2024\/03\/palm-bay-pi3-copy.webp 500w, https:\/\/floridalawyers360.com\/wp-content\/uploads\/2024\/03\/palm-bay-pi3-copy-300x200.webp 300w\" sizes=\"(max-width: 500px) 100vw, 500px\" \/><\/a><\/p>\n<h2>Tipos de casos de lesiones personales que manejamos en Florida Lawyers 360<\/h2>\n<p>Florida Lawyers 360 maneja una amplia variedad de casos de lesiones personales. De hecho, nuestros abogados tienen experiencia en el manejo de diferentes tipos de casos en Palm Bay Florida. Estos son algunos de los muchos casos de lesiones personales que manejamos en Palm Bay Florida.<\/p>\n<ul>\n<li>Casos de accidentes automovil\u00edsticos<\/li>\n<li>Casos de accidentes de camiones<\/li>\n<li>Accidentes de motocicleta<\/li>\n<li>Accidentes de bicicleta<\/li>\n<li>Accidentes de peatones<\/li>\n<li>Accidentes de Uber<\/li>\n<li>Mordeduras de perro<\/li>\n<li>Casos de negligencia m\u00e9dica<\/li>\n<li>Casos de indemnizaci\u00f3n laboral<\/li>\n<li>Muerte por negligencia<\/li>\n<\/ul>\n<h2>Conclusi\u00f3n<\/h2>\n<p>Si usted est\u00e1 involucrado en un accidente automovil\u00edstico y herido en Palm Bay FL, usted tiene derecho a recibir da\u00f1os de la parte culpable por sus lesiones.<\/p>\n<p>Usted necesita contratar al mejor abogado de accidentes automovil\u00edsticos en Palm Bay para manejar su caso. Llame hoy mismo a Florida Lawyers 360 al <a href=\"tel:+19544487355\"><i class=\"fa fa-phone-alt\"><\/i>954-448-7355<\/a> para todos sus casos de lesiones por accidentes automovil\u00edsticos en Palm Bay, Florida. Los abogados de lesiones personales en Palm Bay est\u00e1n esperando para ayudarle.<\/p>\n","protected":false},"excerpt":{"rendered":"<p>Estar involucrado en un accidente automovil\u00edstico es algo en lo que a nadie le gusta pensar. Pero m\u00e1s de 32.675 personas sucumbieron a sus lesiones debido a accidentes automovil\u00edsticos en Florida en 2014. Si usted est\u00e1 gravemente herido despu\u00e9s de estar involucrado en un accidente automovil\u00edstico en Palm Bay, Florida, usted tiene derecho a reclamar [&hellip;]<\/p>\n","protected":false},"author":22,"featured_media":0,"parent":5998,"menu_order":0,"comment_status":"closed","ping_status":"closed","template":"","meta":{"_acf_changed":false,"anchor_text":"","footnotes":""},"categories":[],"tags":[],"class_list":["post-6003","page","type-page","status-publish","hentry"],"acf":[],"_links":{"self":[{"href":"https:\/\/floridalawyers360.com\/es\/wp-json\/wp\/v2\/pages\/6003","targetHints":{"allow":["GET"]}}],"collection":[{"href":"https:\/\/floridalawyers360.com\/es\/wp-json\/wp\/v2\/pages"}],"about":[{"href":"https:\/\/floridalawyers360.com\/es\/wp-json\/wp\/v2\/types\/page"}],"author":[{"embeddable":true,"href":"https:\/\/floridalawyers360.com\/es\/wp-json\/wp\/v2\/users\/22"}],"replies":[{"embeddable":true,"href":"https:\/\/floridalawyers360.com\/es\/wp-json\/wp\/v2\/comments?post=6003"}],"version-history":[{"count":2,"href":"https:\/\/floridalawyers360.com\/es\/wp-json\/wp\/v2\/pages\/6003\/revisions"}],"predecessor-version":[{"id":6005,"href":"https:\/\/floridalawyers360.com\/es\/wp-json\/wp\/v2\/pages\/6003\/revisions\/6005"}],"up":[{"embeddable":true,"href":"https:\/\/floridalawyers360.com\/es\/wp-json\/wp\/v2\/pages\/5998"}],"wp:attachment":[{"href":"https:\/\/floridalawyers360.com\/es\/wp-json\/wp\/v2\/media?parent=6003"}],"wp:term":[{"taxonomy":"category","embeddable":true,"href":"https:\/\/floridalawyers360.com\/es\/wp-json\/wp\/v2\/categories?post=6003"},{"taxonomy":"post_tag","embeddable":true,"href":"https:\/\/floridalawyers360.com\/es\/wp-json\/wp\/v2\/tags?post=6003"}],"curies":[{"name":"wp","href":"https:\/\/api.w.org\/{rel}","templated":true}]}}