{"id":6000,"date":"2024-02-14T10:07:44","date_gmt":"2024-02-14T15:07:44","guid":{"rendered":"https:\/\/floridalawyers360.com\/palm-bay\/palm-bay-car-accident-lawyer\/"},"modified":"2024-03-20T00:42:44","modified_gmt":"2024-03-20T05:42:44","slug":"palm-bay-abogado-de-accidente-de-coche","status":"publish","type":"page","link":"https:\/\/floridalawyers360.com\/es\/palm-bay\/palm-bay-abogado-de-accidente-de-coche\/","title":{"rendered":"Palm Bay Abogado de Accidente de Coche"},"content":{"rendered":"<p>Una de las experiencias m\u00e1s traum\u00e1ticas es verse implicado en un accidente de coche. No s\u00f3lo lleva tiempo recuperarse de las lesiones sufridas en el accidente. Tambi\u00e9n es posible perder el trabajo y los ahorros. Por desgracia, muchas personas pierden la vida en accidentes de coche. Afortunadamente, usted todav\u00eda puede recuperar los da\u00f1os, incluso si usted perdi\u00f3 a su ser querido.<\/p>\n<p>Sin embargo, no es f\u00e1cil manejar una lesi\u00f3n de accidente de coche y recuperar los da\u00f1os por su cuenta, por lo que le recomendamos que contrate a los mejores abogados de accidentes de coche en Palm Bay, Florida.<\/p>\n<p>Los abogados conocen las innumerables leyes, por lo que pueden ayudarle a presentar su reclamaci\u00f3n y se asegurar\u00e1n de que la compa\u00f1\u00eda de seguros le ofrezca el mejor acuerdo. Es m\u00e1s barato contratar a un abogado.<\/p>\n<p>\u00bfBusca los mejores abogados de accidentes automovil\u00edsticos en Palm Bay? En Florida Lawyers 360, ofrecemos una defensa profesional y agresiva al cliente.<\/p>\n<p>Estamos listos para ayudarle a luchar contra la compa\u00f1\u00eda de seguros, d\u00e1ndole m\u00e1s tiempo para centrarse en mejorar. P\u00f3ngase en contacto con un abogado de accidentes automovil\u00edsticos en Palm Bay hoy para una revisi\u00f3n gratuita de su caso.<\/p>\n\t\t<div data-elementor-type=\"section\" data-elementor-id=\"208\" class=\"elementor elementor-208\" data-elementor-post-type=\"elementor_library\">\n\t\t\t\t\t<section class=\"elementor-section elementor-top-section elementor-element elementor-element-485e576a elementor-section-boxed elementor-section-height-default elementor-section-height-default\" data-id=\"485e576a\" data-element_type=\"section\" data-e-type=\"section\">\n\t\t\t\t\t\t<div class=\"elementor-container elementor-column-gap-default\">\n\t\t\t\t\t<div class=\"elementor-column elementor-col-100 elementor-top-column elementor-element elementor-element-635c38c0\" data-id=\"635c38c0\" data-element_type=\"column\" data-e-type=\"column\">\n\t\t\t<div class=\"elementor-widget-wrap elementor-element-populated\">\n\t\t\t\t\t\t<div class=\"elementor-element elementor-element-3ba95c8a elementor-toc--minimized-on-tablet elementor-widget elementor-widget-table-of-contents\" data-id=\"3ba95c8a\" data-element_type=\"widget\" data-e-type=\"widget\" data-settings=\"{&quot;exclude_headings_by_selector&quot;:&quot;.toc-remove&quot;,&quot;headings_by_tags&quot;:[&quot;h2&quot;,&quot;h3&quot;],&quot;marker_view&quot;:&quot;numbers&quot;,&quot;no_headings_message&quot;:&quot;No se ha encontrado ning\\u00fan encabezado en esta p\\u00e1gina.&quot;,&quot;minimize_box&quot;:&quot;yes&quot;,&quot;minimized_on&quot;:&quot;tablet&quot;,&quot;hierarchical_view&quot;:&quot;yes&quot;,&quot;min_height&quot;:{&quot;unit&quot;:&quot;px&quot;,&quot;size&quot;:&quot;&quot;,&quot;sizes&quot;:[]},&quot;min_height_tablet&quot;:{&quot;unit&quot;:&quot;px&quot;,&quot;size&quot;:&quot;&quot;,&quot;sizes&quot;:[]},&quot;min_height_mobile&quot;:{&quot;unit&quot;:&quot;px&quot;,&quot;size&quot;:&quot;&quot;,&quot;sizes&quot;:[]}}\" data-widget_type=\"table-of-contents.default\">\n\t\t\t\t\t\t\t\t\t<div class=\"elementor-toc__header\">\n\t\t\t\t\t\t<div class=\"elementor-toc__header-title\">\n\t\t\t\tTable of Contents\t\t\t<\/div>\n\t\t\t\t\t\t\t\t\t\t<div class=\"elementor-toc__toggle-button elementor-toc__toggle-button--expand\" role=\"button\" tabindex=\"0\" aria-controls=\"elementor-toc__3ba95c8a\" aria-expanded=\"true\" aria-label=\"Abrir la tabla de contenidos\"><svg aria-hidden=\"true\" class=\"e-font-icon-svg e-fas-chevron-down\" viewBox=\"0 0 448 512\" xmlns=\"http:\/\/www.w3.org\/2000\/svg\"><path d=\"M207.029 381.476L12.686 187.132c-9.373-9.373-9.373-24.569 0-33.941l22.667-22.667c9.357-9.357 24.522-9.375 33.901-.04L224 284.505l154.745-154.021c9.379-9.335 24.544-9.317 33.901.04l22.667 22.667c9.373 9.373 9.373 24.569 0 33.941L240.971 381.476c-9.373 9.372-24.569 9.372-33.942 0z\"><\/path><\/svg><\/div>\n\t\t\t\t<div class=\"elementor-toc__toggle-button elementor-toc__toggle-button--collapse\" role=\"button\" tabindex=\"0\" aria-controls=\"elementor-toc__3ba95c8a\" aria-expanded=\"true\" aria-label=\"Cerrar la tabla de contenidos\"><svg aria-hidden=\"true\" class=\"e-font-icon-svg e-fas-chevron-up\" viewBox=\"0 0 448 512\" xmlns=\"http:\/\/www.w3.org\/2000\/svg\"><path d=\"M240.971 130.524l194.343 194.343c9.373 9.373 9.373 24.569 0 33.941l-22.667 22.667c-9.357 9.357-24.522 9.375-33.901.04L224 227.495 69.255 381.516c-9.379 9.335-24.544 9.317-33.901-.04l-22.667-22.667c-9.373-9.373-9.373-24.569 0-33.941L207.03 130.525c9.372-9.373 24.568-9.373 33.941-.001z\"><\/path><\/svg><\/div>\n\t\t\t\t\t<\/div>\n\t\t\t\t<div id=\"elementor-toc__3ba95c8a\" class=\"elementor-toc__body\">\n\t\t\t<div class=\"elementor-toc__spinner-container\">\n\t\t\t\t<svg class=\"elementor-toc__spinner eicon-animation-spin e-font-icon-svg e-eicon-loading\" aria-hidden=\"true\" viewBox=\"0 0 1000 1000\" xmlns=\"http:\/\/www.w3.org\/2000\/svg\"><path d=\"M500 975V858C696 858 858 696 858 500S696 142 500 142 142 304 142 500H25C25 237 238 25 500 25S975 237 975 500 763 975 500 975Z\"><\/path><\/svg>\t\t\t<\/div>\n\t\t<\/div>\n\t\t\t\t\t\t<\/div>\n\t\t\t\t\t<\/div>\n\t\t<\/div>\n\t\t\t\t\t<\/div>\n\t\t<\/section>\n\t\t\t\t<\/div>\n\t\t\n<h2>\u00bfCu\u00e1nto cuesta un abogado de accidente de Palm Bay?<\/h2>\n<p>Los abogados de accidentes de coche no cobran las fuertes tarifas por hora como los abogados en otras pr\u00e1cticas. Los honorarios de su abogado de accidentes dependen de la cantidad que la compa\u00f1\u00eda de seguros o el tribunal le conceda en su caso de lesiones personales.<\/p>\n<p>Por eso los abogados de accidentes de tr\u00e1fico no cobran honorarios por adelantado.<\/p>\n<p>Los abogados de accidentes de tr\u00e1fico trabajan con honorarios condicionales. Si usted no recibe un acuerdo monetario, usted no pagar\u00e1 a su abogado. Su abogado se lleva un porcentaje de la indemnizaci\u00f3n concedida, por lo que debe acordar con su abogado el porcentaje antes de trabajar juntos.<\/p>\n<p>Antes de presentar una demanda en Palm Bay, Florida, los abogados de accidentes automovil\u00edsticos no cobran m\u00e1s del 33 1\/3% del acuerdo. Sin embargo, los honorarios del abogado aumentan al 40% despu\u00e9s de una demanda por lesiones personales.<\/p>\n<p>Los abogados de accidentes de coche no pueden aplicar porcentajes excesivos en casos de contingencia porque la ley de Florida lo proh\u00edbe.<\/p>\n<p>Por lo tanto, el abogado recibe el 20% de cualquier acuerdo superior a 2 millones de d\u00f3lares, el 30% de cualquier acuerdo entre 1 y 2 millones de d\u00f3lares, y el 33 1\/3% de cualquier acuerdo hasta 1 mill\u00f3n de d\u00f3lares.<\/p>\n<p><a href=\"https:\/\/floridalawyers360.com\/wp-content\/uploads\/2024\/03\/palm-bay-car-acc1-copy.webp\"><img fetchpriority=\"high\" decoding=\"async\" class=\"alignnone size-full wp-image-4560\" src=\"https:\/\/floridalawyers360.com\/wp-content\/uploads\/2024\/03\/palm-bay-car-acc1-copy.webp\" alt=\"Car Accident Lawyer in Palm Bay\" width=\"500\" height=\"334\" srcset=\"https:\/\/floridalawyers360.com\/wp-content\/uploads\/2024\/03\/palm-bay-car-acc1-copy.webp 500w, https:\/\/floridalawyers360.com\/wp-content\/uploads\/2024\/03\/palm-bay-car-acc1-copy-300x200.webp 300w\" sizes=\"(max-width: 500px) 100vw, 500px\" \/><\/a><\/p>\n<h2>\u00bfQu\u00e9 debo hacer tras un accidente de tr\u00e1fico?<\/h2>\n<p>Es aterrador para averiguar su pr\u00f3ximo paso despu\u00e9s de un accidente de coche. Nuestros abogados pueden ayudarle en este dif\u00edcil momento. Usted puede recuperar la compensaci\u00f3n por las lesiones o da\u00f1os que sufri\u00f3 durante el accidente.<\/p>\n<p>Sin embargo, usted debe hacer las siguientes cosas despu\u00e9s de un accidente de coche.<\/p>\n<h3>Detente y pide ayuda<\/h3>\n<p>No se apresure a abandonar el lugar del accidente. La ley de Florida exige que permanezca en el lugar del accidente. Si a\u00fan puede moverse, detenga su veh\u00edculo en un lugar seguro y ayude a otras personas implicadas en el accidente. Pida ayuda inmediatamente si est\u00e1n heridos.<\/p>\n<h3>Informe del accidente<\/h3>\n<p>Llama a la polic\u00eda local para informar del accidente, especialmente si los da\u00f1os materiales superan los 500 d\u00f3lares o si has sufrido alguna lesi\u00f3n. Una vez que la polic\u00eda llegue al lugar del accidente, tomar\u00e1 nota de los detalles importantes. Su abogado utilizar\u00e1 estos detalles en su futura reclamaci\u00f3n.<\/p>\n<p>La polic\u00eda tambi\u00e9n puede ayudar a determinar qui\u00e9n es el culpable.<\/p>\n<h3>Busque atenci\u00f3n m\u00e9dica<\/h3>\n<p>Si los profesionales m\u00e9dicos de urgencias no le llevan a ver a un m\u00e9dico, debe ver a un m\u00e9dico. No asuma que sus lesiones no son graves. En lugar de eso, acuda a un m\u00e9dico para que identifique y trate sus lesiones adecuadamente. Tener un informe m\u00e9dico es importante durante su demanda.<\/p>\n<h3>Recoge informaci\u00f3n relevante<\/h3>\n<p>Acu\u00e9rdate de hacer fotos y recopilar informaci\u00f3n relevante tras el accidente.<\/p>\n<p>Es f\u00e1cil tratar con una compa\u00f1\u00eda de seguros si tienes la informaci\u00f3n pertinente, incluidos los informes m\u00e9dicos, los informes policiales, la informaci\u00f3n de identificaci\u00f3n de los otros coches y la informaci\u00f3n del seguro, la direcci\u00f3n y el nombre de los otros conductores implicados.<\/p>\n<h3>No admitas la culpa<\/h3>\n<p>Te reunir\u00e1s y hablar\u00e1s con la polic\u00eda. Nunca admita la culpa ante la polic\u00eda ni ante nadie en el lugar del accidente. Usted puede perder su acuerdo debido a las cosas que usted dijo despu\u00e9s del accidente.<\/p>\n<p>Le recomendamos que llame a un abogado especializado en accidentes de coche. No firme nada antes de ir a trav\u00e9s de \u00e9l con su abogado de accidente de coche de Palm Bay.<\/p>\n<h2>\u00bfCu\u00e1l es el monto promedio de una indemnizaci\u00f3n por accidente automovil\u00edstico?<\/h2>\n<p>El monto promedio de un acuerdo por un accidente automovil\u00edstico en Palm Bay, Florida, oscila entre $10,000 y $60,000 o m\u00e1s.<\/p>\n<p>La cantidad promedio de liquidaci\u00f3n var\u00eda dependiendo de diferentes factores, incluyendo la naturaleza del incidente, la gravedad de la lesi\u00f3n resultante, las p\u00f3lizas de seguro involucradas, y la fuerza de su representaci\u00f3n legal.<\/p>\n<h2>\u00bfCu\u00e1ndo debo contratar a un abogado para mi accidente de coche?<\/h2>\n<p>Le recomendamos que contrate a un accidente de coche inmediatamente despu\u00e9s de su accidente de auto. Es f\u00e1cil asumir que usted no necesita un abogado porque usted no experiment\u00f3 ning\u00fan s\u00edntoma en la escena.<\/p>\n<p>Puede tomar tiempo para notar algunas lesiones, que pueden dejar incapacitado para trabajar. Un abogado de accidente de coche de Palm Bay le dir\u00e1 lo que usted necesita hacer despu\u00e9s del accidente. Y el abogado comenzar\u00e1 a construir su caso.<\/p>\n<p><a href=\"https:\/\/floridalawyers360.com\/wp-content\/uploads\/2024\/03\/palm-bay-car-acc2-copy.webp\"><img decoding=\"async\" class=\"alignnone size-full wp-image-4562\" src=\"https:\/\/floridalawyers360.com\/wp-content\/uploads\/2024\/03\/palm-bay-car-acc2-copy.webp\" alt=\"Contact a car accident lawyer after your accident\" width=\"500\" height=\"334\" srcset=\"https:\/\/floridalawyers360.com\/wp-content\/uploads\/2024\/03\/palm-bay-car-acc2-copy.webp 500w, https:\/\/floridalawyers360.com\/wp-content\/uploads\/2024\/03\/palm-bay-car-acc2-copy-300x200.webp 300w\" sizes=\"(max-width: 500px) 100vw, 500px\" \/><\/a><\/p>\n<h2>\u00bfPor qu\u00e9 necesito un abogado de accidentes automovil\u00edsticos en Palm Bay?<\/h2>\n<p>Conocemos la importancia de contratar a los mejores abogados de accidentes automovil\u00edsticos en Palm Bay, Florida para que lo representen. No intente negociar con la compa\u00f1\u00eda de seguros por su cuenta.<\/p>\n<p>Nuestros abogados le ayudar\u00e1n a recopilar pruebas, navegar por los procedimientos legales, negociar con la compa\u00f1\u00eda de seguros, y asegurarse de que no sufra consecuencias a largo plazo.<\/p>\n<h3>Investigue su accidente<\/h3>\n<p>No siempre es f\u00e1cil determinar la culpa en un accidente de tr\u00e1fico. Se necesitan las pruebas adecuadas para demostrar la culpa. Su abogado trabajar\u00e1 duro para demostrar la negligencia del otro conductor. Si no puede demostrar la culpa del otro conductor, no recibir\u00e1 indemnizaci\u00f3n.<\/p>\n<p>Contrate a un abogado para que investigue su accidente.<\/p>\n<h3>Presente su reclamaci\u00f3n<\/h3>\n<p>Es confuso presentar una reclamaci\u00f3n. Los abogados con experiencia en accidentes de tr\u00e1fico llevan varios a\u00f1os presentando reclamaciones en nombre de sus clientes, por lo que saben c\u00f3mo presentar una reclamaci\u00f3n contra la parte adecuada.<\/p>\n<p>No dudar\u00e1n en presentar su reclamaci\u00f3n porque entienden la necesidad de completarla a tiempo.<\/p>\n<h3>Probar los da\u00f1os<\/h3>\n<p>No es f\u00e1cil demostrar el alcance total de sus p\u00e9rdidas. No recibir\u00e1 ninguna indemnizaci\u00f3n si no puede demostrar los da\u00f1os. No pierda el tiempo intentando demostrar los da\u00f1os.<\/p>\n<p>Nuestros abogados trabajar\u00e1n con expertos, recopilar\u00e1n facturas m\u00e9dicas y probar\u00e1n los da\u00f1os, aumentando las posibilidades de recuperar la compensaci\u00f3n.<\/p>\n<h3>Negociaci\u00f3n<\/h3>\n<p>Es dif\u00edcil negociar una oferta de acuerdo justa. Las compa\u00f1\u00edas de seguros saben que usted puede tomar cualquier cantidad debido a la frustraci\u00f3n y la desesperaci\u00f3n. Somos agresivos en la negociaci\u00f3n de las mejores cantidades de liquidaci\u00f3n para nuestros clientes.<\/p>\n<p>Nos aseguraremos de que usted reciba una cantidad adecuada.<\/p>\n<h3>Lleve su reclamaci\u00f3n a los tribunales<\/h3>\n<p>Sabemos que usted puede aceptar cualquier acuerdo porque tiene miedo de llevar su reclamaci\u00f3n a los tribunales. Nosotros no tenemos miedo de llevar la reclamaci\u00f3n a los tribunales si no llegamos a un acuerdo con la compa\u00f1\u00eda de seguros.<\/p>\n<p>Los abogados de accidentes de coche de Palm Bay pueden ayudarle a llevar su caso a los tribunales.<\/p>\n<h2>\u00bfCu\u00e1nto puedo esperar recibir por mis da\u00f1os?<\/h2>\n<p>La cantidad que puede esperar recibir por sus da\u00f1os depender\u00e1 de las lesiones que sufri\u00f3 y los da\u00f1os a su propiedad durante el accidente de coche.<\/p>\n<p>Haga que nuestro abogado de accidente de coche de Palm Bay re\u00fana pruebas y construya su demanda si quiere recibir una cantidad justa de acuerdo.<\/p>\n<p>Su abogado de accidente de coche calcular\u00e1 el valor de su futura p\u00e9rdida de capacidad de ganancia y p\u00e9rdida de ingresos si no puede trabajar en el futuro debido a sus lesiones. Tambi\u00e9n calcular\u00e1 sus futuros gastos m\u00e9dicos y asistenciales estimados si necesita tratamiento continuado.<\/p>\n<p>Por lo tanto, puede esperar recibir una indemnizaci\u00f3n por los salarios perdidos, las facturas m\u00e9dicas y los costes de atenci\u00f3n.<\/p>\n<p><a href=\"https:\/\/floridalawyers360.com\/wp-content\/uploads\/2024\/03\/palm-bay-car-acc3-copy.webp\"><img decoding=\"async\" class=\"alignnone size-full wp-image-4566\" src=\"https:\/\/floridalawyers360.com\/wp-content\/uploads\/2024\/03\/palm-bay-car-acc3-copy.webp\" alt=\"What kind of damages can I get after a car accident?\" width=\"500\" height=\"334\" srcset=\"https:\/\/floridalawyers360.com\/wp-content\/uploads\/2024\/03\/palm-bay-car-acc3-copy.webp 500w, https:\/\/floridalawyers360.com\/wp-content\/uploads\/2024\/03\/palm-bay-car-acc3-copy-300x200.webp 300w\" sizes=\"(max-width: 500px) 100vw, 500px\" \/><\/a><\/p>\n<h2>\u00bfQu\u00e9 tipo de da\u00f1os puedo recuperar en Palm Bay, Florida?<\/h2>\n<p>Usted puede experimentar grandes p\u00e9rdidas financieras y sufrir da\u00f1os mentales y f\u00edsicos debido a un accidente de coche. Muchas de estas p\u00e9rdidas pueden tener un impacto duradero en la calidad de su vida. Usted puede obtener una compensaci\u00f3n por sus p\u00e9rdidas.<\/p>\n<p>Estos son los tipos de da\u00f1os que puede recuperar con la ayuda de su abogado de accidentes automovil\u00edsticos en Palm Bay:<\/p>\n<h3>Da\u00f1os econ\u00f3micos<\/h3>\n<p>Son los costes y gastos que est\u00e1n directamente relacionados con el accidente de tr\u00e1fico.<\/p>\n<p>Algunos de los da\u00f1os econ\u00f3micos m\u00e1s comunes son el coste de los servicios perdidos, la p\u00e9rdida futura de prestaciones, salarios y cotizaciones a la jubilaci\u00f3n, los servicios de asistencia sanitaria a domicilio, los da\u00f1os materiales, los gastos de guarder\u00eda, los gastos m\u00e9dicos futuros y los gastos m\u00e9dicos pasados y actuales.<\/p>\n<h3>Da\u00f1os no econ\u00f3micos<\/h3>\n<p>Son las p\u00e9rdidas o lesiones derivadas de un accidente de tr\u00e1fico que puede sufrir a nivel m\u00e1s personal. No es f\u00e1cil ponerles valor.<\/p>\n<p>Algunos de los da\u00f1os no econ\u00f3micos son dolor y sufrimiento, deterioro f\u00edsico, desfiguraci\u00f3n, p\u00e9rdida de consorcio y angustia mental.<\/p>\n<h3>Da\u00f1os punitivos<\/h3>\n<p>El sistema judicial utiliza los da\u00f1os punitivos para castigar a la parte culpable si considera que la causa del accidente fue una negligencia grave. El sistema judicial no suele conceder este tipo de indemnizaciones.<\/p>\n<h2>\u00bfC\u00f3mo se determina la culpa en Palm Bay, Florida?<\/h2>\n<p>Un abogado de accidentes automovil\u00edsticos debe demostrar los siguientes cuatro elementos legales de negligencia para probar que el otro conductor es responsable de las lesiones y da\u00f1os.<\/p>\n<ul>\n<li><strong>Deber de Cuidado<\/strong> &#8211; Los conductores tienen el deber de cuidar a las personas que utilizan la misma carretera con ellos.<\/li>\n<li><strong>Incumplimiento del deber<\/strong> &#8211; Los conductores incumplen su deber de diligencia si conducen de forma agresiva, env\u00edan mensajes de texto y conducen ebrios.<\/li>\n<li><strong>Causalidad<\/strong> &#8211; El conductor es legalmente responsable de tus da\u00f1os si su incumplimiento de su deber provoca un accidente que te ha causado lesiones.<\/li>\n<li><strong>Da\u00f1os reales<\/strong> &#8211; Un abogado debe presentar pruebas de los da\u00f1os reales una vez que se establece la negligencia del conductor culpable.<\/li>\n<\/ul>\n<h2>\u00bfCu\u00e1nto tiempo tengo para presentar una reclamaci\u00f3n en Palm Bay, Florida?<\/h2>\n<p>El estatuto de limitaciones para casos de accidentes automovil\u00edsticos en Palm Bay, Florida es de cuatro a\u00f1os. Por lo tanto, usted debe presentar una demanda contra el conductor culpable cuatro a\u00f1os a partir de la fecha en que ocurri\u00f3 el accidente de coche. Si se le pasa este plazo, es posible que nunca recupere la compensaci\u00f3n.<\/p>\n<p>P\u00f3ngase en contacto con un abogado de accidentes automovil\u00edsticos en Palm Bay para asegurarse de que presenta la demanda en el plazo requerido.<\/p>\n<p><a href=\"https:\/\/floridalawyers360.com\/wp-content\/uploads\/2024\/03\/palm-bay-car-acc4-copy.webp\"><img loading=\"lazy\" decoding=\"async\" class=\"alignnone size-full wp-image-4564\" src=\"https:\/\/floridalawyers360.com\/wp-content\/uploads\/2024\/03\/palm-bay-car-acc4-copy.webp\" alt=\"What if the other driver doesn't have insurance?\" width=\"500\" height=\"334\" srcset=\"https:\/\/floridalawyers360.com\/wp-content\/uploads\/2024\/03\/palm-bay-car-acc4-copy.webp 500w, https:\/\/floridalawyers360.com\/wp-content\/uploads\/2024\/03\/palm-bay-car-acc4-copy-300x200.webp 300w\" sizes=\"(max-width: 500px) 100vw, 500px\" \/><\/a><\/p>\n<h2>\u00bfC\u00f3mo puede ayudarme un abogado de accidentes de coche de Palm Bay a presentar mi reclamaci\u00f3n al seguro?<\/h2>\n<p>Su abogado de accidentes automovil\u00edsticos de Palm Bay firmar\u00e1 los documentos serios ya que la compa\u00f1\u00eda de seguros querr\u00e1 revisar sus registros m\u00e9dicos durante este proceso. Por lo tanto, su abogado hablar\u00e1 con el ajustador de reclamos para asegurarse de que usted obtenga el mejor acuerdo.<\/p>\n<p>Su abogado tambi\u00e9n le dir\u00e1 lo que debe evitar hacer durante este proceso. Por ejemplo, pueden decirle que evite publicar sobre el accidente en las redes sociales.<\/p>\n<p>Y su abogado de accidente de coche de Palm Bay investigar\u00e1 su accidente de coche antes de archivar su reclamo de seguro. Ellos hacen la investigaci\u00f3n para asegurarse de que usted tiene la oportunidad de ganar.<\/p>\n<h2>\u00bfQu\u00e9 pasa si el otro conductor no tiene seguro?<\/h2>\n<p>Si el otro conductor no tiene seguro, su aseguradora ser\u00e1 responsable de pagar su inicial de $ 10,000 en la cobertura PIP para su p\u00e9rdida de salarios, gastos m\u00e9dicos y otros beneficios bajo la cobertura PIP. Tambi\u00e9n puede obtener el pago si usted tiene cobertura de motorista sin seguro.<\/p>\n<p>Un abogado de accidente de coche Palm Bay puede ayudarle a navegar por estas situaciones legales.<\/p>\n<h2>Conclusi\u00f3n<\/h2>\n<p>Usted puede sufrir lesiones graves en un accidente de coche. Sin embargo, no es f\u00e1cil lidiar con estas lesiones porque puede perder su trabajo y pueden dejarlo f\u00edsicamente impedido, lo que dificulta la recuperaci\u00f3n de sus lesiones.<\/p>\n<p>En Palm Bay, Florida, usted puede recibir compensaci\u00f3n por sus lesiones y da\u00f1os.<\/p>\n<p>Es doloroso y costoso recuperarse de una lesi\u00f3n personal. Es por eso que le animamos a contratar a nuestros mejores abogados de accidentes automovil\u00edsticos en Palm Bay, Florida, para proteger sus derechos, comunicarse con la compa\u00f1\u00eda de seguros y luchar para ayudarle a obtener la compensaci\u00f3n que leg\u00edtimamente merece.<\/p>\n<p>Aqu\u00ed en Florida Lawyers 360, sabemos que es dif\u00edcil navegar el proceso por su cuenta. Deje que nuestros experimentados y cualificados abogados de accidentes de coche presenten su reclamaci\u00f3n y lleven su caso a juicio si es necesario.<\/p>\n<p>Lucharemos para conseguirle un acuerdo justo por sus lesiones y da\u00f1os. P\u00f3ngase en contacto con un abogado de accidentes de coche Palm Bay hoy para una revisi\u00f3n gratuita de su caso.<\/p>\n","protected":false},"excerpt":{"rendered":"<p>Una de las experiencias m\u00e1s traum\u00e1ticas es verse implicado en un accidente de coche. No s\u00f3lo lleva tiempo recuperarse de las lesiones sufridas en el accidente. Tambi\u00e9n es posible perder el trabajo y los ahorros. Por desgracia, muchas personas pierden la vida en accidentes de coche. Afortunadamente, usted todav\u00eda puede recuperar los da\u00f1os, incluso si [&hellip;]<\/p>\n","protected":false},"author":22,"featured_media":0,"parent":5998,"menu_order":0,"comment_status":"closed","ping_status":"closed","template":"","meta":{"_acf_changed":false,"anchor_text":"","footnotes":""},"categories":[],"tags":[],"class_list":["post-6000","page","type-page","status-publish","hentry"],"acf":[],"_links":{"self":[{"href":"https:\/\/floridalawyers360.com\/es\/wp-json\/wp\/v2\/pages\/6000","targetHints":{"allow":["GET"]}}],"collection":[{"href":"https:\/\/floridalawyers360.com\/es\/wp-json\/wp\/v2\/pages"}],"about":[{"href":"https:\/\/floridalawyers360.com\/es\/wp-json\/wp\/v2\/types\/page"}],"author":[{"embeddable":true,"href":"https:\/\/floridalawyers360.com\/es\/wp-json\/wp\/v2\/users\/22"}],"replies":[{"embeddable":true,"href":"https:\/\/floridalawyers360.com\/es\/wp-json\/wp\/v2\/comments?post=6000"}],"version-history":[{"count":2,"href":"https:\/\/floridalawyers360.com\/es\/wp-json\/wp\/v2\/pages\/6000\/revisions"}],"predecessor-version":[{"id":6002,"href":"https:\/\/floridalawyers360.com\/es\/wp-json\/wp\/v2\/pages\/6000\/revisions\/6002"}],"up":[{"embeddable":true,"href":"https:\/\/floridalawyers360.com\/es\/wp-json\/wp\/v2\/pages\/5998"}],"wp:attachment":[{"href":"https:\/\/floridalawyers360.com\/es\/wp-json\/wp\/v2\/media?parent=6000"}],"wp:term":[{"taxonomy":"category","embeddable":true,"href":"https:\/\/floridalawyers360.com\/es\/wp-json\/wp\/v2\/categories?post=6000"},{"taxonomy":"post_tag","embeddable":true,"href":"https:\/\/floridalawyers360.com\/es\/wp-json\/wp\/v2\/tags?post=6000"}],"curies":[{"name":"wp","href":"https:\/\/api.w.org\/{rel}","templated":true}]}}